{"id":139,"date":"2024-07-30T12:20:25","date_gmt":"2024-07-30T11:20:25","guid":{"rendered":"https:\/\/tay-sir.com\/?post_type=product&#038;p=139"},"modified":"2024-11-06T11:25:55","modified_gmt":"2024-11-06T10:25:55","slug":"beko-rdne480k20hs","status":"publish","type":"product","link":"https:\/\/tay-sir.com\/ar\/product\/beko-rdne480k20hs\/","title":{"rendered":"BEKO  RDNE480K20HS"},"content":{"rendered":"<p><strong>\u062b\u0644\u0627\u062c\u0629<\/strong>: RDNE480K20HS<br \/>\n<strong>Cat\u00e9gorie<\/strong>: 2 Portes<br \/>\n<strong>Capacit\u00e9 Totale<\/strong>: 420 Litres<br \/>\n<strong>Capacit\u00e9 R\u00e9frig\u00e9rateur<\/strong>: 274 Litres<br \/>\n<strong>Capacit\u00e9 Cong\u00e9lateur<\/strong>: 93 Litres<br \/>\n<strong>Capacit\u00e9 de cong\u00e9lation<\/strong>: 6<br \/>\n<strong>Autonomie du cong\u00e9lateur <\/strong>NC<\/p>\n<p><strong>Largeur<\/strong>: 70 Cm<br \/>\n<strong>Hauteur<\/strong>: 172 Cm<br \/>\n<strong>Profondeur<\/strong>: 65.0 cm Cm<br \/>\n<strong>Poids<\/strong>: 63.5 kg<\/p>\n<p><strong>Nombre de tiroirs R\u00e9frig\u00e9rateur <\/strong>NC<br \/>\n<strong>Nombre d&rsquo;\u00e9tag\u00e8res R\u00e9frig\u00e9rateur<\/strong>: 4<br \/>\n<strong>Nombre de tiroirs Cong\u00e9lateur<\/strong>: 1<br \/>\n<strong>Nombre d&rsquo;\u00e9tag\u00e8res Cong\u00e9lateur<\/strong>: 2<br \/>\n<strong>Accessoires inclus Un support \u00e0 Oeufs<\/strong><br \/>\n<strong>R\u00e9frig\u00e9rant <\/strong>NC<br \/>\n<strong>Caract\u00e9ristiques particuli\u00e8res Joint antibact\u00e9rien<\/strong><br \/>\n<strong>Nombre de portes<\/strong>: 2<br \/>\n<strong>Position du cong\u00e9lateur<\/strong>: Haut<br \/>\n<strong>Couleur<\/strong>: Blanc<br \/>\n<strong>D\u00e9givrage Automatique<\/strong>: 18<br \/>\n<strong>Cong\u00e9lation rapide<\/strong>: 18<\/p>\n<p><strong>Alimentation \u00e9lectrique<\/strong>: 240-220v\/50hz<br \/>\n<strong>Classe \u00e9nerg\u00e9tique<\/strong>: A +<br \/>\n<strong>Consommation d&rsquo;\u00e9nergie<\/strong>: 0.962 (kwh\/24 h)<br \/>\n<strong>Courant nominal NC<\/strong><br \/>\n<strong>Classe climatique NC<\/strong><br \/>\n<strong>Niveau de bruit maximum <\/strong>43<\/p>","protected":false},"excerpt":{"rendered":"<div class=\"D(f) Fld(c) Ai(c) Jc(fe) H(96px) Mih(97px) H(24.6vw)--xs Mih(25vw)--xs Mt(28px) Mt(7.5vw)--xs\"><strong><span class=\"MainSpecsItem__title\">Aliments frais<\/span><\/strong><\/div>\n<div><\/div>\n<div class=\"D(f) Fld(c) Ai(c) Jc(fe) H(96px) Mih(97px) H(24.6vw)--xs Mih(25vw)--xs Mt(28px) Mt(7.5vw)--xs\"><strong><span class=\"MainSpecsItem__subTitle\">Espace de stockage <\/span><\/strong><span class=\"MainSpecsItem__subTitle\">274 L<\/span><\/div>\n<div class=\"MainSpecs__mainSpecsItem MainSpecsItem__root\">\n<div class=\"Pos(r) D(f) Fld(c) Ai(c)\">\n<div><\/div>\n<div class=\"D(f) Fld(c) Ai(c) Jc(fe) H(96px) Mih(97px) H(24.6vw)--xs Mih(25vw)--xs Mt(28px) Mt(7.5vw)--xs\"><strong><span class=\"MainSpecsItem__title\">Aliments surgel\u00e9s<\/span><\/strong><\/div>\n<div><\/div>\n<div class=\"D(f) Fld(c) Ai(c) Jc(fe) H(96px) Mih(97px) H(24.6vw)--xs Mih(25vw)--xs Mt(28px) Mt(7.5vw)--xs\"><strong><span class=\"MainSpecsItem__subTitle\">Espace de stockage <\/span><\/strong><span class=\"MainSpecsItem__subTitle\">93<\/span>\u00a0L<\/div>\n<\/div>\n<\/div>","protected":false},"featured_media":141,"comment_status":"open","ping_status":"closed","template":"","meta":[],"product_brand":[],"product_cat":[17,26],"product_tag":[],"class_list":{"0":"post-139","1":"product","2":"type-product","3":"status-publish","4":"has-post-thumbnail","6":"product_cat-electro-menager","7":"product_cat-refrigerateur","9":"first","10":"instock","11":"shipping-taxable","12":"purchasable","13":"product-type-variable"},"yoast_head":"<!-- This site is optimized with the Yoast SEO plugin v24.9 - https:\/\/yoast.com\/wordpress\/plugins\/seo\/ -->\n<title>BEKO RDNE480K20HS - Maslak<\/title>\n<meta name=\"robots\" content=\"index, follow, max-snippet:-1, max-image-preview:large, max-video-preview:-1\" \/>\n<link rel=\"canonical\" href=\"https:\/\/tay-sir.com\/ar\/product\/beko-rdne480k20hs\/\" \/>\n<meta property=\"og:locale\" content=\"ar_AR\" \/>\n<meta property=\"og:type\" content=\"article\" \/>\n<meta property=\"og:title\" content=\"BEKO RDNE480K20HS - Maslak\" \/>\n<meta property=\"og:description\" content=\"Aliments frais  Espace de stockage 274 L    Aliments surgel\u00e9s  Espace de stockage 93\u00a0L\" \/>\n<meta property=\"og:url\" content=\"https:\/\/tay-sir.com\/ar\/product\/beko-rdne480k20hs\/\" \/>\n<meta property=\"og:site_name\" content=\"Maslak\" \/>\n<meta property=\"article:publisher\" content=\"https:\/\/www.facebook.com\/profile.php?id=61566201523117\" \/>\n<meta property=\"article:modified_time\" content=\"2024-11-06T10:25:55+00:00\" \/>\n<meta property=\"og:image\" content=\"https:\/\/tay-sir.com\/wp-content\/uploads\/2024\/07\/1-BEKO-RDNE480K20HS.png\" \/>\n\t<meta property=\"og:image:width\" content=\"500\" \/>\n\t<meta property=\"og:image:height\" content=\"500\" \/>\n\t<meta property=\"og:image:type\" content=\"image\/png\" \/>\n<meta name=\"twitter:card\" content=\"summary_large_image\" \/>\n<meta name=\"twitter:label1\" content=\"\u0648\u0642\u062a \u0627\u0644\u0642\u0631\u0627\u0621\u0629 \u0627\u0644\u0645\u064f\u0642\u062f\u0651\u0631\" \/>\n\t<meta name=\"twitter:data1\" content=\"\u062f\u0642\u064a\u0642\u0629 \u0648\u0627\u062d\u062f\u0629\" \/>\n<script type=\"application\/ld+json\" class=\"yoast-schema-graph\">{\"@context\":\"https:\/\/schema.org\",\"@graph\":[{\"@type\":\"WebPage\",\"@id\":\"https:\/\/tay-sir.com\/produit\/beko-rdne480k20hs\/\",\"url\":\"https:\/\/tay-sir.com\/produit\/beko-rdne480k20hs\/\",\"name\":\"BEKO RDNE480K20HS - Maslak\",\"isPartOf\":{\"@id\":\"https:\/\/tay-sir.com\/ar\/#website\"},\"primaryImageOfPage\":{\"@id\":\"https:\/\/tay-sir.com\/produit\/beko-rdne480k20hs\/#primaryimage\"},\"image\":{\"@id\":\"https:\/\/tay-sir.com\/produit\/beko-rdne480k20hs\/#primaryimage\"},\"thumbnailUrl\":\"https:\/\/tay-sir.com\/wp-content\/uploads\/2024\/07\/1-BEKO-RDNE480K20HS.png\",\"datePublished\":\"2024-07-30T11:20:25+00:00\",\"dateModified\":\"2024-11-06T10:25:55+00:00\",\"breadcrumb\":{\"@id\":\"https:\/\/tay-sir.com\/produit\/beko-rdne480k20hs\/#breadcrumb\"},\"inLanguage\":\"ar\",\"potentialAction\":[{\"@type\":\"ReadAction\",\"target\":[\"https:\/\/tay-sir.com\/produit\/beko-rdne480k20hs\/\"]}]},{\"@type\":\"ImageObject\",\"inLanguage\":\"ar\",\"@id\":\"https:\/\/tay-sir.com\/produit\/beko-rdne480k20hs\/#primaryimage\",\"url\":\"https:\/\/tay-sir.com\/wp-content\/uploads\/2024\/07\/1-BEKO-RDNE480K20HS.png\",\"contentUrl\":\"https:\/\/tay-sir.com\/wp-content\/uploads\/2024\/07\/1-BEKO-RDNE480K20HS.png\",\"width\":500,\"height\":500},{\"@type\":\"BreadcrumbList\",\"@id\":\"https:\/\/tay-sir.com\/produit\/beko-rdne480k20hs\/#breadcrumb\",\"itemListElement\":[{\"@type\":\"ListItem\",\"position\":1,\"name\":\"Home\",\"item\":\"https:\/\/tay-sir.com\/ar\/\"},{\"@type\":\"ListItem\",\"position\":2,\"name\":\"Boutique\",\"item\":\"https:\/\/tay-sir.com\/boutique\/\"},{\"@type\":\"ListItem\",\"position\":3,\"name\":\"BEKO RDNE480K20HS\"}]},{\"@type\":\"WebSite\",\"@id\":\"https:\/\/tay-sir.com\/ar\/#website\",\"url\":\"https:\/\/tay-sir.com\/ar\/\",\"name\":\"TAY-SIR.com\",\"description\":\"plateforme e-commerce avec financement islamique digital en ligne\",\"publisher\":{\"@id\":\"https:\/\/tay-sir.com\/ar\/#organization\"},\"potentialAction\":[{\"@type\":\"SearchAction\",\"target\":{\"@type\":\"EntryPoint\",\"urlTemplate\":\"https:\/\/tay-sir.com\/ar\/?s={search_term_string}\"},\"query-input\":{\"@type\":\"PropertyValueSpecification\",\"valueRequired\":true,\"valueName\":\"search_term_string\"}}],\"inLanguage\":\"ar\"},{\"@type\":\"Organization\",\"@id\":\"https:\/\/tay-sir.com\/ar\/#organization\",\"name\":\"Taysir\",\"url\":\"https:\/\/tay-sir.com\/ar\/\",\"logo\":{\"@type\":\"ImageObject\",\"inLanguage\":\"ar\",\"@id\":\"https:\/\/tay-sir.com\/ar\/#\/schema\/logo\/image\/\",\"url\":\"https:\/\/tay-sir.com\/wp-content\/uploads\/2024\/10\/profil.jpg\",\"contentUrl\":\"https:\/\/tay-sir.com\/wp-content\/uploads\/2024\/10\/profil.jpg\",\"width\":1024,\"height\":1024,\"caption\":\"Taysir\"},\"image\":{\"@id\":\"https:\/\/tay-sir.com\/ar\/#\/schema\/logo\/image\/\"},\"sameAs\":[\"https:\/\/www.facebook.com\/profile.php?id=61566201523117\",\"https:\/\/www.tiktok.com\/@taysir31000?fbclid=IwY2xjawFor1xleHRuA2FlbQIxMAABHQqa6Ko0Z_QFAZb-7Bltxo0G0y0YuIXxVxPenEAWDkGyOgZp7D3Bq1oJAA_aem_TiTB-X9kxzhzORQbwqQiYw\",\"https:\/\/www.instagram.com\/taysirfacilite\/\"]}]}<\/script>\n<!-- \/ Yoast SEO plugin. -->","yoast_head_json":{"title":"BEKO RDNE480K20HS - Maslak","robots":{"index":"index","follow":"follow","max-snippet":"max-snippet:-1","max-image-preview":"max-image-preview:large","max-video-preview":"max-video-preview:-1"},"canonical":"https:\/\/tay-sir.com\/ar\/product\/beko-rdne480k20hs\/","og_locale":"ar_AR","og_type":"article","og_title":"BEKO RDNE480K20HS - Maslak","og_description":"Aliments frais  Espace de stockage 274 L    Aliments surgel\u00e9s  Espace de stockage 93\u00a0L","og_url":"https:\/\/tay-sir.com\/ar\/product\/beko-rdne480k20hs\/","og_site_name":"Maslak","article_publisher":"https:\/\/www.facebook.com\/profile.php?id=61566201523117","article_modified_time":"2024-11-06T10:25:55+00:00","og_image":[{"width":500,"height":500,"url":"https:\/\/tay-sir.com\/wp-content\/uploads\/2024\/07\/1-BEKO-RDNE480K20HS.png","type":"image\/png"}],"twitter_card":"summary_large_image","twitter_misc":{"\u0648\u0642\u062a \u0627\u0644\u0642\u0631\u0627\u0621\u0629 \u0627\u0644\u0645\u064f\u0642\u062f\u0651\u0631":"\u062f\u0642\u064a\u0642\u0629 \u0648\u0627\u062d\u062f\u0629"},"schema":{"@context":"https:\/\/schema.org","@graph":[{"@type":"WebPage","@id":"https:\/\/tay-sir.com\/produit\/beko-rdne480k20hs\/","url":"https:\/\/tay-sir.com\/produit\/beko-rdne480k20hs\/","name":"BEKO RDNE480K20HS - Maslak","isPartOf":{"@id":"https:\/\/tay-sir.com\/ar\/#website"},"primaryImageOfPage":{"@id":"https:\/\/tay-sir.com\/produit\/beko-rdne480k20hs\/#primaryimage"},"image":{"@id":"https:\/\/tay-sir.com\/produit\/beko-rdne480k20hs\/#primaryimage"},"thumbnailUrl":"https:\/\/tay-sir.com\/wp-content\/uploads\/2024\/07\/1-BEKO-RDNE480K20HS.png","datePublished":"2024-07-30T11:20:25+00:00","dateModified":"2024-11-06T10:25:55+00:00","breadcrumb":{"@id":"https:\/\/tay-sir.com\/produit\/beko-rdne480k20hs\/#breadcrumb"},"inLanguage":"ar","potentialAction":[{"@type":"ReadAction","target":["https:\/\/tay-sir.com\/produit\/beko-rdne480k20hs\/"]}]},{"@type":"ImageObject","inLanguage":"ar","@id":"https:\/\/tay-sir.com\/produit\/beko-rdne480k20hs\/#primaryimage","url":"https:\/\/tay-sir.com\/wp-content\/uploads\/2024\/07\/1-BEKO-RDNE480K20HS.png","contentUrl":"https:\/\/tay-sir.com\/wp-content\/uploads\/2024\/07\/1-BEKO-RDNE480K20HS.png","width":500,"height":500},{"@type":"BreadcrumbList","@id":"https:\/\/tay-sir.com\/produit\/beko-rdne480k20hs\/#breadcrumb","itemListElement":[{"@type":"ListItem","position":1,"name":"Home","item":"https:\/\/tay-sir.com\/ar\/"},{"@type":"ListItem","position":2,"name":"Boutique","item":"https:\/\/tay-sir.com\/boutique\/"},{"@type":"ListItem","position":3,"name":"BEKO RDNE480K20HS"}]},{"@type":"WebSite","@id":"https:\/\/tay-sir.com\/ar\/#website","url":"https:\/\/tay-sir.com\/ar\/","name":"TAY-SIR.com","description":"plateforme e-commerce avec financement islamique digital en ligne","publisher":{"@id":"https:\/\/tay-sir.com\/ar\/#organization"},"potentialAction":[{"@type":"SearchAction","target":{"@type":"EntryPoint","urlTemplate":"https:\/\/tay-sir.com\/ar\/?s={search_term_string}"},"query-input":{"@type":"PropertyValueSpecification","valueRequired":true,"valueName":"search_term_string"}}],"inLanguage":"ar"},{"@type":"Organization","@id":"https:\/\/tay-sir.com\/ar\/#organization","name":"Taysir","url":"https:\/\/tay-sir.com\/ar\/","logo":{"@type":"ImageObject","inLanguage":"ar","@id":"https:\/\/tay-sir.com\/ar\/#\/schema\/logo\/image\/","url":"https:\/\/tay-sir.com\/wp-content\/uploads\/2024\/10\/profil.jpg","contentUrl":"https:\/\/tay-sir.com\/wp-content\/uploads\/2024\/10\/profil.jpg","width":1024,"height":1024,"caption":"Taysir"},"image":{"@id":"https:\/\/tay-sir.com\/ar\/#\/schema\/logo\/image\/"},"sameAs":["https:\/\/www.facebook.com\/profile.php?id=61566201523117","https:\/\/www.tiktok.com\/@taysir31000?fbclid=IwY2xjawFor1xleHRuA2FlbQIxMAABHQqa6Ko0Z_QFAZb-7Bltxo0G0y0YuIXxVxPenEAWDkGyOgZp7D3Bq1oJAA_aem_TiTB-X9kxzhzORQbwqQiYw","https:\/\/www.instagram.com\/taysirfacilite\/"]}]}},"_links":{"self":[{"href":"https:\/\/tay-sir.com\/ar\/wp-json\/wp\/v2\/product\/139","targetHints":{"allow":["GET"]}}],"collection":[{"href":"https:\/\/tay-sir.com\/ar\/wp-json\/wp\/v2\/product"}],"about":[{"href":"https:\/\/tay-sir.com\/ar\/wp-json\/wp\/v2\/types\/product"}],"replies":[{"embeddable":true,"href":"https:\/\/tay-sir.com\/ar\/wp-json\/wp\/v2\/comments?post=139"}],"version-history":[{"count":5,"href":"https:\/\/tay-sir.com\/ar\/wp-json\/wp\/v2\/product\/139\/revisions"}],"predecessor-version":[{"id":149,"href":"https:\/\/tay-sir.com\/ar\/wp-json\/wp\/v2\/product\/139\/revisions\/149"}],"wp:featuredmedia":[{"embeddable":true,"href":"https:\/\/tay-sir.com\/ar\/wp-json\/wp\/v2\/media\/141"}],"wp:attachment":[{"href":"https:\/\/tay-sir.com\/ar\/wp-json\/wp\/v2\/media?parent=139"}],"wp:term":[{"taxonomy":"product_brand","embeddable":true,"href":"https:\/\/tay-sir.com\/ar\/wp-json\/wp\/v2\/product_brand?post=139"},{"taxonomy":"product_cat","embeddable":true,"href":"https:\/\/tay-sir.com\/ar\/wp-json\/wp\/v2\/product_cat?post=139"},{"taxonomy":"product_tag","embeddable":true,"href":"https:\/\/tay-sir.com\/ar\/wp-json\/wp\/v2\/product_tag?post=139"}],"curies":[{"name":"wp","href":"https:\/\/api.w.org\/{rel}","templated":true}]}}