{"id":146,"date":"2024-07-30T14:08:35","date_gmt":"2024-07-30T13:08:35","guid":{"rendered":"https:\/\/tay-sir.com\/?post_type=product&#038;p=146"},"modified":"2024-10-26T15:49:11","modified_gmt":"2024-10-26T14:49:11","slug":"beko-rgne2635sx","status":"publish","type":"product","link":"https:\/\/tay-sir.com\/ar\/product\/beko-rgne2635sx\/","title":{"rendered":"BEKO  RGNE2635SX"},"content":{"rendered":"<p><strong>R\u00e9frig\u00e9rateur RGNE2635SX<\/strong><br \/>\n<strong>Cat\u00e9gorie<\/strong>: 2 Portes<br \/>\n<strong>Capacit\u00e9 Totale<\/strong>: 554 Litres<br \/>\n<strong>Capacit\u00e9 R\u00e9frig\u00e9rateur<\/strong> : 364 Litres<br \/>\n<strong>Capacit\u00e9 Cong\u00e9lateur<\/strong>: 190 Litres Largeur; 91 Cm<br \/>\n<strong>Hauteur<\/strong>: 179 Cm<br \/>\n<strong>Profondeur<\/strong> : 89.7 Cm<\/p>\n<p><strong>Nombre de tiroirs R\u00e9frig\u00e9rateur<\/strong>: 1<br \/>\n<strong>Nombre d&rsquo;\u00e9tag\u00e8res R\u00e9frig\u00e9rateur<\/strong>: 4<br \/>\n<strong>Nombre de tiroirs Cong\u00e9lateur<\/strong>: 4<br \/>\n<strong>Accessoires inclus NC<\/strong><br \/>\n<strong>R\u00e9frig\u00e9rant<\/strong>: R600a<br \/>\n<strong>Caract\u00e9ristiques particuli\u00e8res NoFrost<\/strong><br \/>\n<strong>Nombre de portes<\/strong>: 2<br \/>\n<strong>Position du cong\u00e9lateur<\/strong>: BAS<br \/>\n<strong>Couleur<\/strong>: silver<br \/>\n<strong>D\u00e9givrage Automatique<\/strong> :18<br \/>\n<strong>Cong\u00e9lation rapide<\/strong>: 18<br \/>\n<strong>Alimentation \u00e9lectrique<\/strong>: 220-240 V<br \/>\n<strong>Classe \u00e9nerg\u00e9tique<\/strong>: A++<br \/>\n<strong>Consommation d&rsquo;\u00e9nergie<\/strong>: 462 kWh<br \/>\n<strong>Courant nominal<\/strong>: NC<br \/>\n<strong>Classe climatique:<\/strong> SN-T<br \/>\n<strong>Niveau de bruit maximum<\/strong> :38 dB<\/p>","protected":false},"excerpt":{"rendered":"<p><strong><span class=\"MainSpecsItem__title\">Aliments frais<\/span><\/strong><\/p>\n<p><strong><span class=\"MainSpecsItem__subTitle\">Espace de stockage <\/span><\/strong><span class=\"MainSpecsItem__subTitle\">364 L<\/span><\/p>\n<div class=\"MainSpecs__mainSpecsItem MainSpecsItem__root\">\n<div class=\"Pos(r) D(f) Fld(c) Ai(c)\">\n<div class=\"D(f) Fld(c) Ai(c) Jc(fe) H(96px) Mih(97px) H(24.6vw)--xs Mih(25vw)--xs Mt(28px) Mt(7.5vw)--xs\"><strong><span class=\"MainSpecsItem__title\">Aliments surgel\u00e9s<\/span><\/strong><\/div>\n<div><\/div>\n<div class=\"D(f) Fld(c) Ai(c) Jc(fe) H(96px) Mih(97px) H(24.6vw)--xs Mih(25vw)--xs Mt(28px) Mt(7.5vw)--xs\"><strong><span class=\"MainSpecsItem__subTitle\">Espace de stockage\u00a0<\/span><\/strong><span class=\"MainSpecsItem__subTitle\">190<\/span>\u00a0L<\/div>\n<\/div>\n<\/div>","protected":false},"featured_media":151,"comment_status":"open","ping_status":"closed","template":"","meta":[],"product_brand":[],"product_cat":[17,26],"product_tag":[],"class_list":{"0":"post-146","1":"product","2":"type-product","3":"status-publish","4":"has-post-thumbnail","6":"product_cat-electro-menager","7":"product_cat-refrigerateur","9":"first","10":"instock","11":"shipping-taxable","12":"purchasable","13":"product-type-variable"},"yoast_head":"<!-- This site is optimized with the Yoast SEO plugin v24.9 - https:\/\/yoast.com\/wordpress\/plugins\/seo\/ -->\n<title>BEKO RGNE2635SX - Maslak<\/title>\n<meta name=\"robots\" content=\"index, follow, max-snippet:-1, max-image-preview:large, max-video-preview:-1\" \/>\n<link rel=\"canonical\" href=\"https:\/\/tay-sir.com\/ar\/product\/beko-rgne2635sx\/\" \/>\n<meta property=\"og:locale\" content=\"ar_AR\" \/>\n<meta property=\"og:type\" content=\"article\" \/>\n<meta property=\"og:title\" content=\"BEKO RGNE2635SX - Maslak\" \/>\n<meta property=\"og:description\" content=\"Aliments frais  Espace de stockage 364 L   Aliments surgel\u00e9s  Espace de stockage\u00a0190\u00a0L\" \/>\n<meta property=\"og:url\" content=\"https:\/\/tay-sir.com\/ar\/product\/beko-rgne2635sx\/\" \/>\n<meta property=\"og:site_name\" content=\"Maslak\" \/>\n<meta property=\"article:publisher\" content=\"https:\/\/www.facebook.com\/profile.php?id=61566201523117\" \/>\n<meta property=\"article:modified_time\" content=\"2024-10-26T14:49:11+00:00\" \/>\n<meta property=\"og:image\" content=\"https:\/\/tay-sir.com\/wp-content\/uploads\/2024\/07\/1-BEKO-RGNE2635SX.png\" \/>\n\t<meta property=\"og:image:width\" content=\"500\" \/>\n\t<meta property=\"og:image:height\" content=\"500\" \/>\n\t<meta property=\"og:image:type\" content=\"image\/png\" \/>\n<meta name=\"twitter:card\" content=\"summary_large_image\" \/>\n<script type=\"application\/ld+json\" class=\"yoast-schema-graph\">{\"@context\":\"https:\/\/schema.org\",\"@graph\":[{\"@type\":\"WebPage\",\"@id\":\"https:\/\/tay-sir.com\/produit\/beko-rgne2635sx\/\",\"url\":\"https:\/\/tay-sir.com\/produit\/beko-rgne2635sx\/\",\"name\":\"BEKO RGNE2635SX - Maslak\",\"isPartOf\":{\"@id\":\"https:\/\/tay-sir.com\/ar\/#website\"},\"primaryImageOfPage\":{\"@id\":\"https:\/\/tay-sir.com\/produit\/beko-rgne2635sx\/#primaryimage\"},\"image\":{\"@id\":\"https:\/\/tay-sir.com\/produit\/beko-rgne2635sx\/#primaryimage\"},\"thumbnailUrl\":\"https:\/\/tay-sir.com\/wp-content\/uploads\/2024\/07\/1-BEKO-RGNE2635SX.png\",\"datePublished\":\"2024-07-30T13:08:35+00:00\",\"dateModified\":\"2024-10-26T14:49:11+00:00\",\"breadcrumb\":{\"@id\":\"https:\/\/tay-sir.com\/produit\/beko-rgne2635sx\/#breadcrumb\"},\"inLanguage\":\"ar\",\"potentialAction\":[{\"@type\":\"ReadAction\",\"target\":[\"https:\/\/tay-sir.com\/produit\/beko-rgne2635sx\/\"]}]},{\"@type\":\"ImageObject\",\"inLanguage\":\"ar\",\"@id\":\"https:\/\/tay-sir.com\/produit\/beko-rgne2635sx\/#primaryimage\",\"url\":\"https:\/\/tay-sir.com\/wp-content\/uploads\/2024\/07\/1-BEKO-RGNE2635SX.png\",\"contentUrl\":\"https:\/\/tay-sir.com\/wp-content\/uploads\/2024\/07\/1-BEKO-RGNE2635SX.png\",\"width\":500,\"height\":500},{\"@type\":\"BreadcrumbList\",\"@id\":\"https:\/\/tay-sir.com\/produit\/beko-rgne2635sx\/#breadcrumb\",\"itemListElement\":[{\"@type\":\"ListItem\",\"position\":1,\"name\":\"Home\",\"item\":\"https:\/\/tay-sir.com\/ar\/\"},{\"@type\":\"ListItem\",\"position\":2,\"name\":\"Boutique\",\"item\":\"https:\/\/tay-sir.com\/boutique\/\"},{\"@type\":\"ListItem\",\"position\":3,\"name\":\"BEKO RGNE2635SX\"}]},{\"@type\":\"WebSite\",\"@id\":\"https:\/\/tay-sir.com\/ar\/#website\",\"url\":\"https:\/\/tay-sir.com\/ar\/\",\"name\":\"TAY-SIR.com\",\"description\":\"plateforme e-commerce avec financement islamique digital en ligne\",\"publisher\":{\"@id\":\"https:\/\/tay-sir.com\/ar\/#organization\"},\"potentialAction\":[{\"@type\":\"SearchAction\",\"target\":{\"@type\":\"EntryPoint\",\"urlTemplate\":\"https:\/\/tay-sir.com\/ar\/?s={search_term_string}\"},\"query-input\":{\"@type\":\"PropertyValueSpecification\",\"valueRequired\":true,\"valueName\":\"search_term_string\"}}],\"inLanguage\":\"ar\"},{\"@type\":\"Organization\",\"@id\":\"https:\/\/tay-sir.com\/ar\/#organization\",\"name\":\"Taysir\",\"url\":\"https:\/\/tay-sir.com\/ar\/\",\"logo\":{\"@type\":\"ImageObject\",\"inLanguage\":\"ar\",\"@id\":\"https:\/\/tay-sir.com\/ar\/#\/schema\/logo\/image\/\",\"url\":\"https:\/\/tay-sir.com\/wp-content\/uploads\/2024\/10\/profil.jpg\",\"contentUrl\":\"https:\/\/tay-sir.com\/wp-content\/uploads\/2024\/10\/profil.jpg\",\"width\":1024,\"height\":1024,\"caption\":\"Taysir\"},\"image\":{\"@id\":\"https:\/\/tay-sir.com\/ar\/#\/schema\/logo\/image\/\"},\"sameAs\":[\"https:\/\/www.facebook.com\/profile.php?id=61566201523117\",\"https:\/\/www.tiktok.com\/@taysir31000?fbclid=IwY2xjawFor1xleHRuA2FlbQIxMAABHQqa6Ko0Z_QFAZb-7Bltxo0G0y0YuIXxVxPenEAWDkGyOgZp7D3Bq1oJAA_aem_TiTB-X9kxzhzORQbwqQiYw\",\"https:\/\/www.instagram.com\/taysirfacilite\/\"]}]}<\/script>\n<!-- \/ Yoast SEO plugin. -->","yoast_head_json":{"title":"BEKO RGNE2635SX - Maslak","robots":{"index":"index","follow":"follow","max-snippet":"max-snippet:-1","max-image-preview":"max-image-preview:large","max-video-preview":"max-video-preview:-1"},"canonical":"https:\/\/tay-sir.com\/ar\/product\/beko-rgne2635sx\/","og_locale":"ar_AR","og_type":"article","og_title":"BEKO RGNE2635SX - Maslak","og_description":"Aliments frais  Espace de stockage 364 L   Aliments surgel\u00e9s  Espace de stockage\u00a0190\u00a0L","og_url":"https:\/\/tay-sir.com\/ar\/product\/beko-rgne2635sx\/","og_site_name":"Maslak","article_publisher":"https:\/\/www.facebook.com\/profile.php?id=61566201523117","article_modified_time":"2024-10-26T14:49:11+00:00","og_image":[{"width":500,"height":500,"url":"https:\/\/tay-sir.com\/wp-content\/uploads\/2024\/07\/1-BEKO-RGNE2635SX.png","type":"image\/png"}],"twitter_card":"summary_large_image","schema":{"@context":"https:\/\/schema.org","@graph":[{"@type":"WebPage","@id":"https:\/\/tay-sir.com\/produit\/beko-rgne2635sx\/","url":"https:\/\/tay-sir.com\/produit\/beko-rgne2635sx\/","name":"BEKO RGNE2635SX - Maslak","isPartOf":{"@id":"https:\/\/tay-sir.com\/ar\/#website"},"primaryImageOfPage":{"@id":"https:\/\/tay-sir.com\/produit\/beko-rgne2635sx\/#primaryimage"},"image":{"@id":"https:\/\/tay-sir.com\/produit\/beko-rgne2635sx\/#primaryimage"},"thumbnailUrl":"https:\/\/tay-sir.com\/wp-content\/uploads\/2024\/07\/1-BEKO-RGNE2635SX.png","datePublished":"2024-07-30T13:08:35+00:00","dateModified":"2024-10-26T14:49:11+00:00","breadcrumb":{"@id":"https:\/\/tay-sir.com\/produit\/beko-rgne2635sx\/#breadcrumb"},"inLanguage":"ar","potentialAction":[{"@type":"ReadAction","target":["https:\/\/tay-sir.com\/produit\/beko-rgne2635sx\/"]}]},{"@type":"ImageObject","inLanguage":"ar","@id":"https:\/\/tay-sir.com\/produit\/beko-rgne2635sx\/#primaryimage","url":"https:\/\/tay-sir.com\/wp-content\/uploads\/2024\/07\/1-BEKO-RGNE2635SX.png","contentUrl":"https:\/\/tay-sir.com\/wp-content\/uploads\/2024\/07\/1-BEKO-RGNE2635SX.png","width":500,"height":500},{"@type":"BreadcrumbList","@id":"https:\/\/tay-sir.com\/produit\/beko-rgne2635sx\/#breadcrumb","itemListElement":[{"@type":"ListItem","position":1,"name":"Home","item":"https:\/\/tay-sir.com\/ar\/"},{"@type":"ListItem","position":2,"name":"Boutique","item":"https:\/\/tay-sir.com\/boutique\/"},{"@type":"ListItem","position":3,"name":"BEKO RGNE2635SX"}]},{"@type":"WebSite","@id":"https:\/\/tay-sir.com\/ar\/#website","url":"https:\/\/tay-sir.com\/ar\/","name":"TAY-SIR.com","description":"plateforme e-commerce avec financement islamique digital en ligne","publisher":{"@id":"https:\/\/tay-sir.com\/ar\/#organization"},"potentialAction":[{"@type":"SearchAction","target":{"@type":"EntryPoint","urlTemplate":"https:\/\/tay-sir.com\/ar\/?s={search_term_string}"},"query-input":{"@type":"PropertyValueSpecification","valueRequired":true,"valueName":"search_term_string"}}],"inLanguage":"ar"},{"@type":"Organization","@id":"https:\/\/tay-sir.com\/ar\/#organization","name":"Taysir","url":"https:\/\/tay-sir.com\/ar\/","logo":{"@type":"ImageObject","inLanguage":"ar","@id":"https:\/\/tay-sir.com\/ar\/#\/schema\/logo\/image\/","url":"https:\/\/tay-sir.com\/wp-content\/uploads\/2024\/10\/profil.jpg","contentUrl":"https:\/\/tay-sir.com\/wp-content\/uploads\/2024\/10\/profil.jpg","width":1024,"height":1024,"caption":"Taysir"},"image":{"@id":"https:\/\/tay-sir.com\/ar\/#\/schema\/logo\/image\/"},"sameAs":["https:\/\/www.facebook.com\/profile.php?id=61566201523117","https:\/\/www.tiktok.com\/@taysir31000?fbclid=IwY2xjawFor1xleHRuA2FlbQIxMAABHQqa6Ko0Z_QFAZb-7Bltxo0G0y0YuIXxVxPenEAWDkGyOgZp7D3Bq1oJAA_aem_TiTB-X9kxzhzORQbwqQiYw","https:\/\/www.instagram.com\/taysirfacilite\/"]}]}},"_links":{"self":[{"href":"https:\/\/tay-sir.com\/ar\/wp-json\/wp\/v2\/product\/146","targetHints":{"allow":["GET"]}}],"collection":[{"href":"https:\/\/tay-sir.com\/ar\/wp-json\/wp\/v2\/product"}],"about":[{"href":"https:\/\/tay-sir.com\/ar\/wp-json\/wp\/v2\/types\/product"}],"replies":[{"embeddable":true,"href":"https:\/\/tay-sir.com\/ar\/wp-json\/wp\/v2\/comments?post=146"}],"version-history":[{"count":1,"href":"https:\/\/tay-sir.com\/ar\/wp-json\/wp\/v2\/product\/146\/revisions"}],"predecessor-version":[{"id":156,"href":"https:\/\/tay-sir.com\/ar\/wp-json\/wp\/v2\/product\/146\/revisions\/156"}],"wp:featuredmedia":[{"embeddable":true,"href":"https:\/\/tay-sir.com\/ar\/wp-json\/wp\/v2\/media\/151"}],"wp:attachment":[{"href":"https:\/\/tay-sir.com\/ar\/wp-json\/wp\/v2\/media?parent=146"}],"wp:term":[{"taxonomy":"product_brand","embeddable":true,"href":"https:\/\/tay-sir.com\/ar\/wp-json\/wp\/v2\/product_brand?post=146"},{"taxonomy":"product_cat","embeddable":true,"href":"https:\/\/tay-sir.com\/ar\/wp-json\/wp\/v2\/product_cat?post=146"},{"taxonomy":"product_tag","embeddable":true,"href":"https:\/\/tay-sir.com\/ar\/wp-json\/wp\/v2\/product_tag?post=146"}],"curies":[{"name":"wp","href":"https:\/\/api.w.org\/{rel}","templated":true}]}}