{"id":157,"date":"2024-07-30T16:42:35","date_gmt":"2024-07-30T15:42:35","guid":{"rendered":"https:\/\/tay-sir.com\/?post_type=product&#038;p=157"},"modified":"2024-10-28T11:42:57","modified_gmt":"2024-10-28T10:42:57","slug":"beko-rdnt-56-b","status":"publish","type":"product","link":"https:\/\/tay-sir.com\/ar\/product\/beko-rdnt-56-b\/","title":{"rendered":"BEKO  RDNT 56 B"},"content":{"rendered":"<p><strong>R\u00e9frig\u00e9rateur RDNT 56 B<\/strong><br \/>\n<strong>Cat\u00e9gorie<\/strong>: 2 Portes<br \/>\n<strong>Capacit\u00e9 Totale<\/strong> :422 Litres<br \/>\n<strong>Capacit\u00e9 R\u00e9frig\u00e9rateur<\/strong>: 316 Litres<br \/>\n<strong>Capacit\u00e9 Cong\u00e9lateur<\/strong> :106 Litres<br \/>\n<strong>Capacit\u00e9 de cong\u00e9lation<\/strong>: 5 kg<br \/>\n<strong>Autonomie du cong\u00e9lateur<\/strong> NC<br \/>\n<strong>Largeur<\/strong> :70 Cm<br \/>\n<strong>Hauteur<\/strong> :182 Cm<br \/>\n<strong>Profondeur<\/strong> :67 cm Cm<br \/>\n<strong>Poids<\/strong> :70 kg<br \/>\n<strong>Nombre de tiroirs<\/strong>: 2<br \/>\n<strong>Nombre d&rsquo;\u00e9tag\u00e8res<\/strong>: 4<br \/>\n<strong>Nombre de tiroirs Cong\u00e9lateur<\/strong>: 0<br \/>\n<strong>Nombre d&rsquo;\u00e9tag\u00e8res Cong\u00e9lateur<\/strong>: 2<br \/>\n<strong>Accessoires inclus Distributeur d&rsquo;eau<\/strong><br \/>\n<strong>R\u00e9frig\u00e9rant<\/strong> NC<br \/>\n<strong>Caract\u00e9ristiques particuli\u00e8res NC<\/strong><br \/>\n<strong>Nombre de portes<\/strong>: 2<br \/>\n<strong>Position du cong\u00e9lateur<\/strong>: Haut<br \/>\n<strong>Couleur<\/strong>: Noir<br \/>\n<strong>D\u00e9givrage Automatique<\/strong>: 18<br \/>\n<strong>Cong\u00e9lation rapide<\/strong>: 18<br \/>\nAlimentation \u00e9lectrique :220-240<br \/>\nClasse \u00e9nerg\u00e9tique :A +<br \/>\nConsommation d&rsquo;\u00e9nergie: 0.948 (kwh\/24 h)<br \/>\nCourant nominal NC<br \/>\nClasse climatique NC<br \/>\nNiveau de bruit maximum: 39<\/p>","protected":false},"excerpt":{"rendered":"<p>R\u00e9frig\u00e9rateur RDNT 56 B Cat\u00e9gorie: 2 Portes Capacit\u00e9 Totale :422 Litres Capacit\u00e9 R\u00e9frig\u00e9rateur: 316 Litres Capacit\u00e9 Cong\u00e9lateur :106 Litres Capacit\u00e9<\/p>","protected":false},"featured_media":159,"comment_status":"open","ping_status":"closed","template":"","meta":[],"product_brand":[],"product_cat":[17,26],"product_tag":[39,37],"class_list":{"0":"post-157","1":"product","2":"type-product","3":"status-publish","4":"has-post-thumbnail","6":"product_cat-electro-menager","7":"product_cat-refrigerateur","8":"product_tag-electro-menager","9":"product_tag-refrigerateur","11":"first","12":"instock","13":"featured","14":"shipping-taxable","15":"purchasable","16":"product-type-variable"},"yoast_head":"<!-- This site is optimized with the Yoast SEO plugin v24.9 - https:\/\/yoast.com\/wordpress\/plugins\/seo\/ -->\n<title>BEKO RDNT 56 B - Maslak<\/title>\n<meta name=\"robots\" content=\"index, follow, max-snippet:-1, max-image-preview:large, max-video-preview:-1\" \/>\n<link rel=\"canonical\" href=\"https:\/\/tay-sir.com\/ar\/product\/beko-rdnt-56-b\/\" \/>\n<meta property=\"og:locale\" content=\"ar_AR\" \/>\n<meta property=\"og:type\" content=\"article\" \/>\n<meta property=\"og:title\" content=\"BEKO RDNT 56 B - Maslak\" \/>\n<meta property=\"og:description\" content=\"R\u00e9frig\u00e9rateur RDNT 56 B Cat\u00e9gorie: 2 Portes Capacit\u00e9 Totale :422 Litres Capacit\u00e9 R\u00e9frig\u00e9rateur: 316 Litres Capacit\u00e9 Cong\u00e9lateur :106 Litres Capacit\u00e9\" \/>\n<meta property=\"og:url\" content=\"https:\/\/tay-sir.com\/ar\/product\/beko-rdnt-56-b\/\" \/>\n<meta property=\"og:site_name\" content=\"Maslak\" \/>\n<meta property=\"article:publisher\" content=\"https:\/\/www.facebook.com\/profile.php?id=61566201523117\" \/>\n<meta property=\"article:modified_time\" content=\"2024-10-28T10:42:57+00:00\" \/>\n<meta property=\"og:image\" content=\"https:\/\/tay-sir.com\/wp-content\/uploads\/2024\/07\/1-BEKO-RDNT-56-B.png\" \/>\n\t<meta property=\"og:image:width\" content=\"500\" \/>\n\t<meta property=\"og:image:height\" content=\"500\" \/>\n\t<meta property=\"og:image:type\" content=\"image\/png\" \/>\n<meta name=\"twitter:card\" content=\"summary_large_image\" \/>\n<meta name=\"twitter:label1\" content=\"\u0648\u0642\u062a \u0627\u0644\u0642\u0631\u0627\u0621\u0629 \u0627\u0644\u0645\u064f\u0642\u062f\u0651\u0631\" \/>\n\t<meta name=\"twitter:data1\" content=\"\u062f\u0642\u064a\u0642\u0629 \u0648\u0627\u062d\u062f\u0629\" \/>\n<script type=\"application\/ld+json\" class=\"yoast-schema-graph\">{\"@context\":\"https:\/\/schema.org\",\"@graph\":[{\"@type\":\"WebPage\",\"@id\":\"https:\/\/tay-sir.com\/produit\/beko-rdnt-56-b\/\",\"url\":\"https:\/\/tay-sir.com\/produit\/beko-rdnt-56-b\/\",\"name\":\"BEKO RDNT 56 B - Maslak\",\"isPartOf\":{\"@id\":\"https:\/\/tay-sir.com\/ar\/#website\"},\"primaryImageOfPage\":{\"@id\":\"https:\/\/tay-sir.com\/produit\/beko-rdnt-56-b\/#primaryimage\"},\"image\":{\"@id\":\"https:\/\/tay-sir.com\/produit\/beko-rdnt-56-b\/#primaryimage\"},\"thumbnailUrl\":\"https:\/\/tay-sir.com\/wp-content\/uploads\/2024\/07\/1-BEKO-RDNT-56-B.png\",\"datePublished\":\"2024-07-30T15:42:35+00:00\",\"dateModified\":\"2024-10-28T10:42:57+00:00\",\"breadcrumb\":{\"@id\":\"https:\/\/tay-sir.com\/produit\/beko-rdnt-56-b\/#breadcrumb\"},\"inLanguage\":\"ar\",\"potentialAction\":[{\"@type\":\"ReadAction\",\"target\":[\"https:\/\/tay-sir.com\/produit\/beko-rdnt-56-b\/\"]}]},{\"@type\":\"ImageObject\",\"inLanguage\":\"ar\",\"@id\":\"https:\/\/tay-sir.com\/produit\/beko-rdnt-56-b\/#primaryimage\",\"url\":\"https:\/\/tay-sir.com\/wp-content\/uploads\/2024\/07\/1-BEKO-RDNT-56-B.png\",\"contentUrl\":\"https:\/\/tay-sir.com\/wp-content\/uploads\/2024\/07\/1-BEKO-RDNT-56-B.png\",\"width\":500,\"height\":500},{\"@type\":\"BreadcrumbList\",\"@id\":\"https:\/\/tay-sir.com\/produit\/beko-rdnt-56-b\/#breadcrumb\",\"itemListElement\":[{\"@type\":\"ListItem\",\"position\":1,\"name\":\"Home\",\"item\":\"https:\/\/tay-sir.com\/ar\/\"},{\"@type\":\"ListItem\",\"position\":2,\"name\":\"Boutique\",\"item\":\"https:\/\/tay-sir.com\/boutique\/\"},{\"@type\":\"ListItem\",\"position\":3,\"name\":\"BEKO RDNT 56 B\"}]},{\"@type\":\"WebSite\",\"@id\":\"https:\/\/tay-sir.com\/ar\/#website\",\"url\":\"https:\/\/tay-sir.com\/ar\/\",\"name\":\"TAY-SIR.com\",\"description\":\"plateforme e-commerce avec financement islamique digital en ligne\",\"publisher\":{\"@id\":\"https:\/\/tay-sir.com\/ar\/#organization\"},\"potentialAction\":[{\"@type\":\"SearchAction\",\"target\":{\"@type\":\"EntryPoint\",\"urlTemplate\":\"https:\/\/tay-sir.com\/ar\/?s={search_term_string}\"},\"query-input\":{\"@type\":\"PropertyValueSpecification\",\"valueRequired\":true,\"valueName\":\"search_term_string\"}}],\"inLanguage\":\"ar\"},{\"@type\":\"Organization\",\"@id\":\"https:\/\/tay-sir.com\/ar\/#organization\",\"name\":\"Taysir\",\"url\":\"https:\/\/tay-sir.com\/ar\/\",\"logo\":{\"@type\":\"ImageObject\",\"inLanguage\":\"ar\",\"@id\":\"https:\/\/tay-sir.com\/ar\/#\/schema\/logo\/image\/\",\"url\":\"https:\/\/tay-sir.com\/wp-content\/uploads\/2024\/10\/profil.jpg\",\"contentUrl\":\"https:\/\/tay-sir.com\/wp-content\/uploads\/2024\/10\/profil.jpg\",\"width\":1024,\"height\":1024,\"caption\":\"Taysir\"},\"image\":{\"@id\":\"https:\/\/tay-sir.com\/ar\/#\/schema\/logo\/image\/\"},\"sameAs\":[\"https:\/\/www.facebook.com\/profile.php?id=61566201523117\",\"https:\/\/www.tiktok.com\/@taysir31000?fbclid=IwY2xjawFor1xleHRuA2FlbQIxMAABHQqa6Ko0Z_QFAZb-7Bltxo0G0y0YuIXxVxPenEAWDkGyOgZp7D3Bq1oJAA_aem_TiTB-X9kxzhzORQbwqQiYw\",\"https:\/\/www.instagram.com\/taysirfacilite\/\"]}]}<\/script>\n<!-- \/ Yoast SEO plugin. -->","yoast_head_json":{"title":"BEKO RDNT 56 B - Maslak","robots":{"index":"index","follow":"follow","max-snippet":"max-snippet:-1","max-image-preview":"max-image-preview:large","max-video-preview":"max-video-preview:-1"},"canonical":"https:\/\/tay-sir.com\/ar\/product\/beko-rdnt-56-b\/","og_locale":"ar_AR","og_type":"article","og_title":"BEKO RDNT 56 B - Maslak","og_description":"R\u00e9frig\u00e9rateur RDNT 56 B Cat\u00e9gorie: 2 Portes Capacit\u00e9 Totale :422 Litres Capacit\u00e9 R\u00e9frig\u00e9rateur: 316 Litres Capacit\u00e9 Cong\u00e9lateur :106 Litres Capacit\u00e9","og_url":"https:\/\/tay-sir.com\/ar\/product\/beko-rdnt-56-b\/","og_site_name":"Maslak","article_publisher":"https:\/\/www.facebook.com\/profile.php?id=61566201523117","article_modified_time":"2024-10-28T10:42:57+00:00","og_image":[{"width":500,"height":500,"url":"https:\/\/tay-sir.com\/wp-content\/uploads\/2024\/07\/1-BEKO-RDNT-56-B.png","type":"image\/png"}],"twitter_card":"summary_large_image","twitter_misc":{"\u0648\u0642\u062a \u0627\u0644\u0642\u0631\u0627\u0621\u0629 \u0627\u0644\u0645\u064f\u0642\u062f\u0651\u0631":"\u062f\u0642\u064a\u0642\u0629 \u0648\u0627\u062d\u062f\u0629"},"schema":{"@context":"https:\/\/schema.org","@graph":[{"@type":"WebPage","@id":"https:\/\/tay-sir.com\/produit\/beko-rdnt-56-b\/","url":"https:\/\/tay-sir.com\/produit\/beko-rdnt-56-b\/","name":"BEKO RDNT 56 B - Maslak","isPartOf":{"@id":"https:\/\/tay-sir.com\/ar\/#website"},"primaryImageOfPage":{"@id":"https:\/\/tay-sir.com\/produit\/beko-rdnt-56-b\/#primaryimage"},"image":{"@id":"https:\/\/tay-sir.com\/produit\/beko-rdnt-56-b\/#primaryimage"},"thumbnailUrl":"https:\/\/tay-sir.com\/wp-content\/uploads\/2024\/07\/1-BEKO-RDNT-56-B.png","datePublished":"2024-07-30T15:42:35+00:00","dateModified":"2024-10-28T10:42:57+00:00","breadcrumb":{"@id":"https:\/\/tay-sir.com\/produit\/beko-rdnt-56-b\/#breadcrumb"},"inLanguage":"ar","potentialAction":[{"@type":"ReadAction","target":["https:\/\/tay-sir.com\/produit\/beko-rdnt-56-b\/"]}]},{"@type":"ImageObject","inLanguage":"ar","@id":"https:\/\/tay-sir.com\/produit\/beko-rdnt-56-b\/#primaryimage","url":"https:\/\/tay-sir.com\/wp-content\/uploads\/2024\/07\/1-BEKO-RDNT-56-B.png","contentUrl":"https:\/\/tay-sir.com\/wp-content\/uploads\/2024\/07\/1-BEKO-RDNT-56-B.png","width":500,"height":500},{"@type":"BreadcrumbList","@id":"https:\/\/tay-sir.com\/produit\/beko-rdnt-56-b\/#breadcrumb","itemListElement":[{"@type":"ListItem","position":1,"name":"Home","item":"https:\/\/tay-sir.com\/ar\/"},{"@type":"ListItem","position":2,"name":"Boutique","item":"https:\/\/tay-sir.com\/boutique\/"},{"@type":"ListItem","position":3,"name":"BEKO RDNT 56 B"}]},{"@type":"WebSite","@id":"https:\/\/tay-sir.com\/ar\/#website","url":"https:\/\/tay-sir.com\/ar\/","name":"TAY-SIR.com","description":"plateforme e-commerce avec financement islamique digital en ligne","publisher":{"@id":"https:\/\/tay-sir.com\/ar\/#organization"},"potentialAction":[{"@type":"SearchAction","target":{"@type":"EntryPoint","urlTemplate":"https:\/\/tay-sir.com\/ar\/?s={search_term_string}"},"query-input":{"@type":"PropertyValueSpecification","valueRequired":true,"valueName":"search_term_string"}}],"inLanguage":"ar"},{"@type":"Organization","@id":"https:\/\/tay-sir.com\/ar\/#organization","name":"Taysir","url":"https:\/\/tay-sir.com\/ar\/","logo":{"@type":"ImageObject","inLanguage":"ar","@id":"https:\/\/tay-sir.com\/ar\/#\/schema\/logo\/image\/","url":"https:\/\/tay-sir.com\/wp-content\/uploads\/2024\/10\/profil.jpg","contentUrl":"https:\/\/tay-sir.com\/wp-content\/uploads\/2024\/10\/profil.jpg","width":1024,"height":1024,"caption":"Taysir"},"image":{"@id":"https:\/\/tay-sir.com\/ar\/#\/schema\/logo\/image\/"},"sameAs":["https:\/\/www.facebook.com\/profile.php?id=61566201523117","https:\/\/www.tiktok.com\/@taysir31000?fbclid=IwY2xjawFor1xleHRuA2FlbQIxMAABHQqa6Ko0Z_QFAZb-7Bltxo0G0y0YuIXxVxPenEAWDkGyOgZp7D3Bq1oJAA_aem_TiTB-X9kxzhzORQbwqQiYw","https:\/\/www.instagram.com\/taysirfacilite\/"]}]}},"_links":{"self":[{"href":"https:\/\/tay-sir.com\/ar\/wp-json\/wp\/v2\/product\/157","targetHints":{"allow":["GET"]}}],"collection":[{"href":"https:\/\/tay-sir.com\/ar\/wp-json\/wp\/v2\/product"}],"about":[{"href":"https:\/\/tay-sir.com\/ar\/wp-json\/wp\/v2\/types\/product"}],"replies":[{"embeddable":true,"href":"https:\/\/tay-sir.com\/ar\/wp-json\/wp\/v2\/comments?post=157"}],"version-history":[{"count":1,"href":"https:\/\/tay-sir.com\/ar\/wp-json\/wp\/v2\/product\/157\/revisions"}],"predecessor-version":[{"id":158,"href":"https:\/\/tay-sir.com\/ar\/wp-json\/wp\/v2\/product\/157\/revisions\/158"}],"wp:featuredmedia":[{"embeddable":true,"href":"https:\/\/tay-sir.com\/ar\/wp-json\/wp\/v2\/media\/159"}],"wp:attachment":[{"href":"https:\/\/tay-sir.com\/ar\/wp-json\/wp\/v2\/media?parent=157"}],"wp:term":[{"taxonomy":"product_brand","embeddable":true,"href":"https:\/\/tay-sir.com\/ar\/wp-json\/wp\/v2\/product_brand?post=157"},{"taxonomy":"product_cat","embeddable":true,"href":"https:\/\/tay-sir.com\/ar\/wp-json\/wp\/v2\/product_cat?post=157"},{"taxonomy":"product_tag","embeddable":true,"href":"https:\/\/tay-sir.com\/ar\/wp-json\/wp\/v2\/product_tag?post=157"}],"curies":[{"name":"wp","href":"https:\/\/api.w.org\/{rel}","templated":true}]}}