{"id":28243,"date":"2024-08-14T16:31:24","date_gmt":"2024-08-14T15:31:24","guid":{"rendered":"https:\/\/tay-sir.com\/produit\/beko-fsgt61121dxl\/"},"modified":"2024-10-23T16:44:55","modified_gmt":"2024-10-23T15:44:55","slug":"beko-fsgt61121dxl","status":"publish","type":"product","link":"https:\/\/tay-sir.com\/ar\/product\/beko-fsgt61121dxl\/","title":{"rendered":"BEKO FSGT61121DXL"},"content":{"rendered":"<p>Principales caract\u00e9ristiques<br \/>\nHauteur : 85 cm<br \/>\nLargeur : 60 cm<br \/>\nProfondeur : 60 cm<br \/>\nNombre de cavit\u00e9s : 1<br \/>\nType de four (cavit\u00e9 principale) : Gaz<br \/>\nType d&rsquo;affichage : Minuterie coupe circuit<br \/>\nVolume (cavit\u00e9 principale) : 64 L<br \/>\nClasse d&rsquo;efficacit\u00e9 \u00e9nerg\u00e9tique (cavit\u00e9 principale) : A<br \/>\nOuverture de porte : Porte abattante<br \/>\nCouleur : Inox<br \/>\nType de plaques : Gaz<br \/>\nProduct Series : b100<br \/>\nConfiguration des br\u00fbleurs : 3 br\u00fbleurs \u00e0 gaz et 1 br\u00fbleur pour wok<\/p>\n<p>Caract\u00e9ristiques de la table de cuisson<br \/>\nType de plaques : Gaz<br \/>\nConfiguration des br\u00fbleurs : 3 br\u00fbleurs \u00e0 gaz et 1 br\u00fbleur pour wok<br \/>\nFinition : M\u00e9tal<br \/>\nType d&rsquo;allumage : Allumage int\u00e9gr\u00e9<br \/>\nDispositif de s\u00e9curit\u00e9 de gaz *<br \/>\nZone avant gauche : 3,3 kW<br \/>\nZone arri\u00e8re gauche : 2 kW<br \/>\nZone avant droite : 1 kW<br \/>\nZone arri\u00e8re droite : 2 kW<br \/>\nSupport pour casseroles : Fonte<br \/>\nNombre de br\u00fbleurs : 4<\/p>\n<p>Accessoires standard<br \/>\nTournebroche \u2013 R\u00f4tissoire *<br \/>\nPlaques standard (l\u00e8chefrite) : 1<br \/>\nGrilles standard : 1<\/p>\n<p>Nettoyage<br \/>\nParois lat\u00e9rales catalytiques<\/p>\n<p>Technologies<br \/>\nType de gril : Gril \u00e0 gaz<\/p>\n<p>Conception<br \/>\nType d&rsquo;\u00e9clairage Int\u00e9rieur : \u00c9clairage halog\u00e8ne<br \/>\nType d&rsquo;affichage : Minuterie coupe circuit<br \/>\nVitre de porte : amovible<br \/>\nNombre de cavit\u00e9s : 1<br \/>\nNombre de niveaux (gradins) : 5 niveaux<br \/>\nCouleur de la cavit\u00e9 : Noir<br \/>\nOuverture de porte : Porte abattante<br \/>\nCouleur : Inox<br \/>\nCoffre de rangement : Abattants<br \/>\nMati\u00e8re du couvercle : Transparente<\/p>\n<p>Performances et consommation<br \/>\nVolume (cavit\u00e9 principale) : 64 L<br \/>\nClasse d&rsquo;efficacit\u00e9 \u00e9nerg\u00e9tique (cavit\u00e9 principale) : A<br \/>\nCavit\u00e9 principale : Gaz<br \/>\nType de gaz : GPL<br \/>\nPuissance totale de gaz : 10800 W<br \/>\nPuissance totale \u00e9l\u00e9ctrique : 20 W<br \/>\nTension : 220 &#8211; 240 V<br \/>\nFr\u00e9quence : 50 Hz<\/p>\n<p>Dimensions et poids<br \/>\nHauteur : 85 cm<br \/>\nLargeur : 60 cm<br \/>\nProfondeur : 60 cm<br \/>\nPoids : 40.1 kg<br \/>\nHauteur avec emballage : 97 cm<br \/>\nLargeur avec emballage : 66 cm<br \/>\nProfondeur avec emballage : 70 cm<br \/>\nPoids avec emballage : 45.8 kg<\/p>","protected":false},"excerpt":{"rendered":"<p>Principales caract\u00e9ristiques Hauteur : 85 cm Largeur : 60 cm Profondeur : 60 cm Nombre de cavit\u00e9s : 1 Type<\/p>","protected":false},"featured_media":28242,"comment_status":"open","ping_status":"closed","template":"","meta":[],"product_brand":[],"product_cat":[17,24],"product_tag":[],"class_list":{"0":"post-28243","1":"product","2":"type-product","3":"status-publish","4":"has-post-thumbnail","6":"product_cat-electro-menager","7":"product_cat-cuisiniere","9":"first","10":"instock","11":"shipping-taxable","12":"purchasable","13":"product-type-variable"},"yoast_head":"<!-- This site is optimized with the Yoast SEO plugin v24.9 - https:\/\/yoast.com\/wordpress\/plugins\/seo\/ -->\n<title>BEKO FSGT61121DXL - Maslak<\/title>\n<meta name=\"robots\" content=\"index, follow, max-snippet:-1, max-image-preview:large, max-video-preview:-1\" \/>\n<link rel=\"canonical\" href=\"https:\/\/tay-sir.com\/ar\/product\/beko-fsgt61121dxl\/\" \/>\n<meta property=\"og:locale\" content=\"ar_AR\" \/>\n<meta property=\"og:type\" content=\"article\" \/>\n<meta property=\"og:title\" content=\"BEKO FSGT61121DXL - Maslak\" \/>\n<meta property=\"og:description\" content=\"Principales caract\u00e9ristiques Hauteur : 85 cm Largeur : 60 cm Profondeur : 60 cm Nombre de cavit\u00e9s : 1 Type\" \/>\n<meta property=\"og:url\" content=\"https:\/\/tay-sir.com\/ar\/product\/beko-fsgt61121dxl\/\" \/>\n<meta property=\"og:site_name\" content=\"Maslak\" \/>\n<meta property=\"article:publisher\" content=\"https:\/\/www.facebook.com\/profile.php?id=61566201523117\" \/>\n<meta property=\"article:modified_time\" content=\"2024-10-23T15:44:55+00:00\" \/>\n<meta property=\"og:image\" content=\"https:\/\/tay-sir.com\/wp-content\/uploads\/2024\/08\/7738482810-LO1-20230203-112658.png\" \/>\n\t<meta property=\"og:image:width\" content=\"874\" \/>\n\t<meta property=\"og:image:height\" content=\"1482\" \/>\n\t<meta property=\"og:image:type\" content=\"image\/png\" \/>\n<meta name=\"twitter:card\" content=\"summary_large_image\" \/>\n<meta name=\"twitter:label1\" content=\"\u0648\u0642\u062a \u0627\u0644\u0642\u0631\u0627\u0621\u0629 \u0627\u0644\u0645\u064f\u0642\u062f\u0651\u0631\" \/>\n\t<meta name=\"twitter:data1\" content=\"\u062f\u0642\u064a\u0642\u0629 \u0648\u0627\u062d\u062f\u0629\" \/>\n<script type=\"application\/ld+json\" class=\"yoast-schema-graph\">{\"@context\":\"https:\/\/schema.org\",\"@graph\":[{\"@type\":\"WebPage\",\"@id\":\"https:\/\/tay-sir.com\/produit\/beko-fsgt61121dxl\/\",\"url\":\"https:\/\/tay-sir.com\/produit\/beko-fsgt61121dxl\/\",\"name\":\"BEKO FSGT61121DXL - Maslak\",\"isPartOf\":{\"@id\":\"https:\/\/tay-sir.com\/ar\/#website\"},\"primaryImageOfPage\":{\"@id\":\"https:\/\/tay-sir.com\/produit\/beko-fsgt61121dxl\/#primaryimage\"},\"image\":{\"@id\":\"https:\/\/tay-sir.com\/produit\/beko-fsgt61121dxl\/#primaryimage\"},\"thumbnailUrl\":\"https:\/\/tay-sir.com\/wp-content\/uploads\/2024\/08\/7738482810-LO1-20230203-112658.png\",\"datePublished\":\"2024-08-14T15:31:24+00:00\",\"dateModified\":\"2024-10-23T15:44:55+00:00\",\"breadcrumb\":{\"@id\":\"https:\/\/tay-sir.com\/produit\/beko-fsgt61121dxl\/#breadcrumb\"},\"inLanguage\":\"ar\",\"potentialAction\":[{\"@type\":\"ReadAction\",\"target\":[\"https:\/\/tay-sir.com\/produit\/beko-fsgt61121dxl\/\"]}]},{\"@type\":\"ImageObject\",\"inLanguage\":\"ar\",\"@id\":\"https:\/\/tay-sir.com\/produit\/beko-fsgt61121dxl\/#primaryimage\",\"url\":\"https:\/\/tay-sir.com\/wp-content\/uploads\/2024\/08\/7738482810-LO1-20230203-112658.png\",\"contentUrl\":\"https:\/\/tay-sir.com\/wp-content\/uploads\/2024\/08\/7738482810-LO1-20230203-112658.png\",\"width\":874,\"height\":1482},{\"@type\":\"BreadcrumbList\",\"@id\":\"https:\/\/tay-sir.com\/produit\/beko-fsgt61121dxl\/#breadcrumb\",\"itemListElement\":[{\"@type\":\"ListItem\",\"position\":1,\"name\":\"Home\",\"item\":\"https:\/\/tay-sir.com\/ar\/\"},{\"@type\":\"ListItem\",\"position\":2,\"name\":\"Boutique\",\"item\":\"https:\/\/tay-sir.com\/boutique\/\"},{\"@type\":\"ListItem\",\"position\":3,\"name\":\"BEKO FSGT61121DXL\"}]},{\"@type\":\"WebSite\",\"@id\":\"https:\/\/tay-sir.com\/ar\/#website\",\"url\":\"https:\/\/tay-sir.com\/ar\/\",\"name\":\"TAY-SIR.com\",\"description\":\"plateforme e-commerce avec financement islamique digital en ligne\",\"publisher\":{\"@id\":\"https:\/\/tay-sir.com\/ar\/#organization\"},\"potentialAction\":[{\"@type\":\"SearchAction\",\"target\":{\"@type\":\"EntryPoint\",\"urlTemplate\":\"https:\/\/tay-sir.com\/ar\/?s={search_term_string}\"},\"query-input\":{\"@type\":\"PropertyValueSpecification\",\"valueRequired\":true,\"valueName\":\"search_term_string\"}}],\"inLanguage\":\"ar\"},{\"@type\":\"Organization\",\"@id\":\"https:\/\/tay-sir.com\/ar\/#organization\",\"name\":\"Taysir\",\"url\":\"https:\/\/tay-sir.com\/ar\/\",\"logo\":{\"@type\":\"ImageObject\",\"inLanguage\":\"ar\",\"@id\":\"https:\/\/tay-sir.com\/ar\/#\/schema\/logo\/image\/\",\"url\":\"https:\/\/tay-sir.com\/wp-content\/uploads\/2024\/10\/profil.jpg\",\"contentUrl\":\"https:\/\/tay-sir.com\/wp-content\/uploads\/2024\/10\/profil.jpg\",\"width\":1024,\"height\":1024,\"caption\":\"Taysir\"},\"image\":{\"@id\":\"https:\/\/tay-sir.com\/ar\/#\/schema\/logo\/image\/\"},\"sameAs\":[\"https:\/\/www.facebook.com\/profile.php?id=61566201523117\",\"https:\/\/www.tiktok.com\/@taysir31000?fbclid=IwY2xjawFor1xleHRuA2FlbQIxMAABHQqa6Ko0Z_QFAZb-7Bltxo0G0y0YuIXxVxPenEAWDkGyOgZp7D3Bq1oJAA_aem_TiTB-X9kxzhzORQbwqQiYw\",\"https:\/\/www.instagram.com\/taysirfacilite\/\"]}]}<\/script>\n<!-- \/ Yoast SEO plugin. -->","yoast_head_json":{"title":"BEKO FSGT61121DXL - Maslak","robots":{"index":"index","follow":"follow","max-snippet":"max-snippet:-1","max-image-preview":"max-image-preview:large","max-video-preview":"max-video-preview:-1"},"canonical":"https:\/\/tay-sir.com\/ar\/product\/beko-fsgt61121dxl\/","og_locale":"ar_AR","og_type":"article","og_title":"BEKO FSGT61121DXL - Maslak","og_description":"Principales caract\u00e9ristiques Hauteur : 85 cm Largeur : 60 cm Profondeur : 60 cm Nombre de cavit\u00e9s : 1 Type","og_url":"https:\/\/tay-sir.com\/ar\/product\/beko-fsgt61121dxl\/","og_site_name":"Maslak","article_publisher":"https:\/\/www.facebook.com\/profile.php?id=61566201523117","article_modified_time":"2024-10-23T15:44:55+00:00","og_image":[{"width":874,"height":1482,"url":"https:\/\/tay-sir.com\/wp-content\/uploads\/2024\/08\/7738482810-LO1-20230203-112658.png","type":"image\/png"}],"twitter_card":"summary_large_image","twitter_misc":{"\u0648\u0642\u062a \u0627\u0644\u0642\u0631\u0627\u0621\u0629 \u0627\u0644\u0645\u064f\u0642\u062f\u0651\u0631":"\u062f\u0642\u064a\u0642\u0629 \u0648\u0627\u062d\u062f\u0629"},"schema":{"@context":"https:\/\/schema.org","@graph":[{"@type":"WebPage","@id":"https:\/\/tay-sir.com\/produit\/beko-fsgt61121dxl\/","url":"https:\/\/tay-sir.com\/produit\/beko-fsgt61121dxl\/","name":"BEKO FSGT61121DXL - Maslak","isPartOf":{"@id":"https:\/\/tay-sir.com\/ar\/#website"},"primaryImageOfPage":{"@id":"https:\/\/tay-sir.com\/produit\/beko-fsgt61121dxl\/#primaryimage"},"image":{"@id":"https:\/\/tay-sir.com\/produit\/beko-fsgt61121dxl\/#primaryimage"},"thumbnailUrl":"https:\/\/tay-sir.com\/wp-content\/uploads\/2024\/08\/7738482810-LO1-20230203-112658.png","datePublished":"2024-08-14T15:31:24+00:00","dateModified":"2024-10-23T15:44:55+00:00","breadcrumb":{"@id":"https:\/\/tay-sir.com\/produit\/beko-fsgt61121dxl\/#breadcrumb"},"inLanguage":"ar","potentialAction":[{"@type":"ReadAction","target":["https:\/\/tay-sir.com\/produit\/beko-fsgt61121dxl\/"]}]},{"@type":"ImageObject","inLanguage":"ar","@id":"https:\/\/tay-sir.com\/produit\/beko-fsgt61121dxl\/#primaryimage","url":"https:\/\/tay-sir.com\/wp-content\/uploads\/2024\/08\/7738482810-LO1-20230203-112658.png","contentUrl":"https:\/\/tay-sir.com\/wp-content\/uploads\/2024\/08\/7738482810-LO1-20230203-112658.png","width":874,"height":1482},{"@type":"BreadcrumbList","@id":"https:\/\/tay-sir.com\/produit\/beko-fsgt61121dxl\/#breadcrumb","itemListElement":[{"@type":"ListItem","position":1,"name":"Home","item":"https:\/\/tay-sir.com\/ar\/"},{"@type":"ListItem","position":2,"name":"Boutique","item":"https:\/\/tay-sir.com\/boutique\/"},{"@type":"ListItem","position":3,"name":"BEKO FSGT61121DXL"}]},{"@type":"WebSite","@id":"https:\/\/tay-sir.com\/ar\/#website","url":"https:\/\/tay-sir.com\/ar\/","name":"TAY-SIR.com","description":"plateforme e-commerce avec financement islamique digital en ligne","publisher":{"@id":"https:\/\/tay-sir.com\/ar\/#organization"},"potentialAction":[{"@type":"SearchAction","target":{"@type":"EntryPoint","urlTemplate":"https:\/\/tay-sir.com\/ar\/?s={search_term_string}"},"query-input":{"@type":"PropertyValueSpecification","valueRequired":true,"valueName":"search_term_string"}}],"inLanguage":"ar"},{"@type":"Organization","@id":"https:\/\/tay-sir.com\/ar\/#organization","name":"Taysir","url":"https:\/\/tay-sir.com\/ar\/","logo":{"@type":"ImageObject","inLanguage":"ar","@id":"https:\/\/tay-sir.com\/ar\/#\/schema\/logo\/image\/","url":"https:\/\/tay-sir.com\/wp-content\/uploads\/2024\/10\/profil.jpg","contentUrl":"https:\/\/tay-sir.com\/wp-content\/uploads\/2024\/10\/profil.jpg","width":1024,"height":1024,"caption":"Taysir"},"image":{"@id":"https:\/\/tay-sir.com\/ar\/#\/schema\/logo\/image\/"},"sameAs":["https:\/\/www.facebook.com\/profile.php?id=61566201523117","https:\/\/www.tiktok.com\/@taysir31000?fbclid=IwY2xjawFor1xleHRuA2FlbQIxMAABHQqa6Ko0Z_QFAZb-7Bltxo0G0y0YuIXxVxPenEAWDkGyOgZp7D3Bq1oJAA_aem_TiTB-X9kxzhzORQbwqQiYw","https:\/\/www.instagram.com\/taysirfacilite\/"]}]}},"_links":{"self":[{"href":"https:\/\/tay-sir.com\/ar\/wp-json\/wp\/v2\/product\/28243","targetHints":{"allow":["GET"]}}],"collection":[{"href":"https:\/\/tay-sir.com\/ar\/wp-json\/wp\/v2\/product"}],"about":[{"href":"https:\/\/tay-sir.com\/ar\/wp-json\/wp\/v2\/types\/product"}],"replies":[{"embeddable":true,"href":"https:\/\/tay-sir.com\/ar\/wp-json\/wp\/v2\/comments?post=28243"}],"version-history":[{"count":2,"href":"https:\/\/tay-sir.com\/ar\/wp-json\/wp\/v2\/product\/28243\/revisions"}],"predecessor-version":[{"id":30156,"href":"https:\/\/tay-sir.com\/ar\/wp-json\/wp\/v2\/product\/28243\/revisions\/30156"}],"wp:featuredmedia":[{"embeddable":true,"href":"https:\/\/tay-sir.com\/ar\/wp-json\/wp\/v2\/media\/28242"}],"wp:attachment":[{"href":"https:\/\/tay-sir.com\/ar\/wp-json\/wp\/v2\/media?parent=28243"}],"wp:term":[{"taxonomy":"product_brand","embeddable":true,"href":"https:\/\/tay-sir.com\/ar\/wp-json\/wp\/v2\/product_brand?post=28243"},{"taxonomy":"product_cat","embeddable":true,"href":"https:\/\/tay-sir.com\/ar\/wp-json\/wp\/v2\/product_cat?post=28243"},{"taxonomy":"product_tag","embeddable":true,"href":"https:\/\/tay-sir.com\/ar\/wp-json\/wp\/v2\/product_tag?post=28243"}],"curies":[{"name":"wp","href":"https:\/\/api.w.org\/{rel}","templated":true}]}}