{"id":28248,"date":"2024-08-14T16:31:51","date_gmt":"2024-08-14T15:31:51","guid":{"rendered":"https:\/\/tay-sir.com\/produit\/brandt-bge6140wa\/"},"modified":"2024-10-23T16:41:19","modified_gmt":"2024-10-23T15:41:19","slug":"brandt-bge6140wa","status":"publish","type":"product","link":"https:\/\/tay-sir.com\/ar\/product\/brandt-bge6140wa\/","title":{"rendered":"Brandt BGE6140WA"},"content":{"rendered":"<p>Caract\u00e9ristiques techniques principales<br \/>\nLargeur en cm: 60<br \/>\nType de table: Gaz<br \/>\nType d&rsquo;\u00e9nergie: Gaz<br \/>\nBandeau de commande<br \/>\nMat\u00e9riau du bandeau: T\u00f4le \u00e9maill\u00e9e<br \/>\nCouleur du bandeau: Blanche<br \/>\nLocalisation des commandes: Devant cuisini\u00e8re<br \/>\nType de commandes: Manettes<br \/>\nType d&rsquo;allumage: Int\u00e9gr\u00e9 aux manettes table + four<br \/>\nLes foyers<br \/>\nNombre de br\u00fbleurs gaz: 4<br \/>\nGrilles<br \/>\nType de grilles support: Multi-foyers<br \/>\nMateriaux Grilles: Email mat<br \/>\nNombre de grilles: 2<br \/>\nS\u00e9curit\u00e9<br \/>\nMinuterie: M\u00e9canique<br \/>\nPorte<br \/>\nNombre de vitres de la porte: 2<br \/>\nCavit\u00e9<br \/>\nVolume de la cavit\u00e9 en l: 63<br \/>\nEnergie du four: Gaz\/Gaz<br \/>\nMat\u00e9riau de la cavit\u00e9: Email Gris<br \/>\nType de gradins: Emboutis<br \/>\nEclairage<br \/>\nNombre de bulbs: 1<br \/>\nPuissance de la lampe (W): 25<br \/>\nPosition de la lampe: Haut et gauche<br \/>\nCasserolerie<br \/>\nNombre de grilles: 2<br \/>\nType de grilles: Grille plane<br \/>\nNombre de plaques et plats: 1<br \/>\nType de plaques et plats: Plateau l\u00e8che-frite<br \/>\nEl\u00e9ments chauffants<br \/>\nGrilloir gaz en W: 2 200<br \/>\nSole gaz en W: 2 800<br \/>\nBranchements<br \/>\nTension en V: 230<br \/>\nFr\u00e9quence en Hz: 50<br \/>\nType de prise: CE<br \/>\nR\u00e9glage gaz en sortie d&rsquo;usine: Naturel 20 mbar<br \/>\nAutres gaz possibles: Butane \/ Propane<br \/>\nInjecteurs fournis: Oui<br \/>\nPuissance maxi gaz en kW: 10,5<br \/>\nPuissance maxi \u00e9lectrique en kW: 0,026<br \/>\nDimensions<br \/>\nR\u00e9glage de niveau: 4 pieds r\u00e9glables<br \/>\nHauteur mini maxi en cm: 850 &#8211; 880<br \/>\nDimensions du produit nu H x L x P en mm: 600 X 600 X 850<br \/>\nDimensions du produit emball\u00e9 HxLxP en mm: 645 X 684 X 922<\/p>","protected":false},"excerpt":{"rendered":"<p>Caract\u00e9ristiques techniques principales Largeur en cm: 60 Type de table: Gaz Type d&rsquo;\u00e9nergie: Gaz Bandeau de commande Mat\u00e9riau du bandeau:<\/p>","protected":false},"featured_media":28247,"comment_status":"open","ping_status":"closed","template":"","meta":[],"product_brand":[],"product_cat":[17,24],"product_tag":[],"class_list":{"0":"post-28248","1":"product","2":"type-product","3":"status-publish","4":"has-post-thumbnail","6":"product_cat-electro-menager","7":"product_cat-cuisiniere","9":"first","10":"instock","11":"shipping-taxable","12":"purchasable","13":"product-type-variable"},"yoast_head":"<!-- This site is optimized with the Yoast SEO plugin v24.9 - https:\/\/yoast.com\/wordpress\/plugins\/seo\/ -->\n<title>Brandt BGE6140WA - Maslak<\/title>\n<meta name=\"robots\" content=\"index, follow, max-snippet:-1, max-image-preview:large, max-video-preview:-1\" \/>\n<link rel=\"canonical\" href=\"https:\/\/tay-sir.com\/ar\/product\/brandt-bge6140wa\/\" \/>\n<meta property=\"og:locale\" content=\"ar_AR\" \/>\n<meta property=\"og:type\" content=\"article\" \/>\n<meta property=\"og:title\" content=\"Brandt BGE6140WA - Maslak\" \/>\n<meta property=\"og:description\" content=\"Caract\u00e9ristiques techniques principales Largeur en cm: 60 Type de table: Gaz Type d&rsquo;\u00e9nergie: Gaz Bandeau de commande Mat\u00e9riau du bandeau:\" \/>\n<meta property=\"og:url\" content=\"https:\/\/tay-sir.com\/ar\/product\/brandt-bge6140wa\/\" \/>\n<meta property=\"og:site_name\" content=\"Maslak\" \/>\n<meta property=\"article:publisher\" content=\"https:\/\/www.facebook.com\/profile.php?id=61566201523117\" \/>\n<meta property=\"article:modified_time\" content=\"2024-10-23T15:41:19+00:00\" \/>\n<meta property=\"og:image\" content=\"https:\/\/tay-sir.com\/wp-content\/uploads\/2024\/08\/BGE6240WA2028129.png\" \/>\n\t<meta property=\"og:image:width\" content=\"360\" \/>\n\t<meta property=\"og:image:height\" content=\"360\" \/>\n\t<meta property=\"og:image:type\" content=\"image\/png\" \/>\n<meta name=\"twitter:card\" content=\"summary_large_image\" \/>\n<meta name=\"twitter:label1\" content=\"\u0648\u0642\u062a \u0627\u0644\u0642\u0631\u0627\u0621\u0629 \u0627\u0644\u0645\u064f\u0642\u062f\u0651\u0631\" \/>\n\t<meta name=\"twitter:data1\" content=\"\u062f\u0642\u064a\u0642\u0629 \u0648\u0627\u062d\u062f\u0629\" \/>\n<script type=\"application\/ld+json\" class=\"yoast-schema-graph\">{\"@context\":\"https:\/\/schema.org\",\"@graph\":[{\"@type\":\"WebPage\",\"@id\":\"https:\/\/tay-sir.com\/produit\/brandt-bge6140wa\/\",\"url\":\"https:\/\/tay-sir.com\/produit\/brandt-bge6140wa\/\",\"name\":\"Brandt BGE6140WA - Maslak\",\"isPartOf\":{\"@id\":\"https:\/\/tay-sir.com\/ar\/#website\"},\"primaryImageOfPage\":{\"@id\":\"https:\/\/tay-sir.com\/produit\/brandt-bge6140wa\/#primaryimage\"},\"image\":{\"@id\":\"https:\/\/tay-sir.com\/produit\/brandt-bge6140wa\/#primaryimage\"},\"thumbnailUrl\":\"https:\/\/tay-sir.com\/wp-content\/uploads\/2024\/08\/BGE6240WA2028129.png\",\"datePublished\":\"2024-08-14T15:31:51+00:00\",\"dateModified\":\"2024-10-23T15:41:19+00:00\",\"breadcrumb\":{\"@id\":\"https:\/\/tay-sir.com\/produit\/brandt-bge6140wa\/#breadcrumb\"},\"inLanguage\":\"ar\",\"potentialAction\":[{\"@type\":\"ReadAction\",\"target\":[\"https:\/\/tay-sir.com\/produit\/brandt-bge6140wa\/\"]}]},{\"@type\":\"ImageObject\",\"inLanguage\":\"ar\",\"@id\":\"https:\/\/tay-sir.com\/produit\/brandt-bge6140wa\/#primaryimage\",\"url\":\"https:\/\/tay-sir.com\/wp-content\/uploads\/2024\/08\/BGE6240WA2028129.png\",\"contentUrl\":\"https:\/\/tay-sir.com\/wp-content\/uploads\/2024\/08\/BGE6240WA2028129.png\",\"width\":360,\"height\":360},{\"@type\":\"BreadcrumbList\",\"@id\":\"https:\/\/tay-sir.com\/produit\/brandt-bge6140wa\/#breadcrumb\",\"itemListElement\":[{\"@type\":\"ListItem\",\"position\":1,\"name\":\"Home\",\"item\":\"https:\/\/tay-sir.com\/ar\/\"},{\"@type\":\"ListItem\",\"position\":2,\"name\":\"Boutique\",\"item\":\"https:\/\/tay-sir.com\/boutique\/\"},{\"@type\":\"ListItem\",\"position\":3,\"name\":\"Brandt BGE6140WA\"}]},{\"@type\":\"WebSite\",\"@id\":\"https:\/\/tay-sir.com\/ar\/#website\",\"url\":\"https:\/\/tay-sir.com\/ar\/\",\"name\":\"TAY-SIR.com\",\"description\":\"plateforme e-commerce avec financement islamique digital en ligne\",\"publisher\":{\"@id\":\"https:\/\/tay-sir.com\/ar\/#organization\"},\"potentialAction\":[{\"@type\":\"SearchAction\",\"target\":{\"@type\":\"EntryPoint\",\"urlTemplate\":\"https:\/\/tay-sir.com\/ar\/?s={search_term_string}\"},\"query-input\":{\"@type\":\"PropertyValueSpecification\",\"valueRequired\":true,\"valueName\":\"search_term_string\"}}],\"inLanguage\":\"ar\"},{\"@type\":\"Organization\",\"@id\":\"https:\/\/tay-sir.com\/ar\/#organization\",\"name\":\"Taysir\",\"url\":\"https:\/\/tay-sir.com\/ar\/\",\"logo\":{\"@type\":\"ImageObject\",\"inLanguage\":\"ar\",\"@id\":\"https:\/\/tay-sir.com\/ar\/#\/schema\/logo\/image\/\",\"url\":\"https:\/\/tay-sir.com\/wp-content\/uploads\/2024\/10\/profil.jpg\",\"contentUrl\":\"https:\/\/tay-sir.com\/wp-content\/uploads\/2024\/10\/profil.jpg\",\"width\":1024,\"height\":1024,\"caption\":\"Taysir\"},\"image\":{\"@id\":\"https:\/\/tay-sir.com\/ar\/#\/schema\/logo\/image\/\"},\"sameAs\":[\"https:\/\/www.facebook.com\/profile.php?id=61566201523117\",\"https:\/\/www.tiktok.com\/@taysir31000?fbclid=IwY2xjawFor1xleHRuA2FlbQIxMAABHQqa6Ko0Z_QFAZb-7Bltxo0G0y0YuIXxVxPenEAWDkGyOgZp7D3Bq1oJAA_aem_TiTB-X9kxzhzORQbwqQiYw\",\"https:\/\/www.instagram.com\/taysirfacilite\/\"]}]}<\/script>\n<!-- \/ Yoast SEO plugin. -->","yoast_head_json":{"title":"Brandt BGE6140WA - Maslak","robots":{"index":"index","follow":"follow","max-snippet":"max-snippet:-1","max-image-preview":"max-image-preview:large","max-video-preview":"max-video-preview:-1"},"canonical":"https:\/\/tay-sir.com\/ar\/product\/brandt-bge6140wa\/","og_locale":"ar_AR","og_type":"article","og_title":"Brandt BGE6140WA - Maslak","og_description":"Caract\u00e9ristiques techniques principales Largeur en cm: 60 Type de table: Gaz Type d&rsquo;\u00e9nergie: Gaz Bandeau de commande Mat\u00e9riau du bandeau:","og_url":"https:\/\/tay-sir.com\/ar\/product\/brandt-bge6140wa\/","og_site_name":"Maslak","article_publisher":"https:\/\/www.facebook.com\/profile.php?id=61566201523117","article_modified_time":"2024-10-23T15:41:19+00:00","og_image":[{"width":360,"height":360,"url":"https:\/\/tay-sir.com\/wp-content\/uploads\/2024\/08\/BGE6240WA2028129.png","type":"image\/png"}],"twitter_card":"summary_large_image","twitter_misc":{"\u0648\u0642\u062a \u0627\u0644\u0642\u0631\u0627\u0621\u0629 \u0627\u0644\u0645\u064f\u0642\u062f\u0651\u0631":"\u062f\u0642\u064a\u0642\u0629 \u0648\u0627\u062d\u062f\u0629"},"schema":{"@context":"https:\/\/schema.org","@graph":[{"@type":"WebPage","@id":"https:\/\/tay-sir.com\/produit\/brandt-bge6140wa\/","url":"https:\/\/tay-sir.com\/produit\/brandt-bge6140wa\/","name":"Brandt BGE6140WA - Maslak","isPartOf":{"@id":"https:\/\/tay-sir.com\/ar\/#website"},"primaryImageOfPage":{"@id":"https:\/\/tay-sir.com\/produit\/brandt-bge6140wa\/#primaryimage"},"image":{"@id":"https:\/\/tay-sir.com\/produit\/brandt-bge6140wa\/#primaryimage"},"thumbnailUrl":"https:\/\/tay-sir.com\/wp-content\/uploads\/2024\/08\/BGE6240WA2028129.png","datePublished":"2024-08-14T15:31:51+00:00","dateModified":"2024-10-23T15:41:19+00:00","breadcrumb":{"@id":"https:\/\/tay-sir.com\/produit\/brandt-bge6140wa\/#breadcrumb"},"inLanguage":"ar","potentialAction":[{"@type":"ReadAction","target":["https:\/\/tay-sir.com\/produit\/brandt-bge6140wa\/"]}]},{"@type":"ImageObject","inLanguage":"ar","@id":"https:\/\/tay-sir.com\/produit\/brandt-bge6140wa\/#primaryimage","url":"https:\/\/tay-sir.com\/wp-content\/uploads\/2024\/08\/BGE6240WA2028129.png","contentUrl":"https:\/\/tay-sir.com\/wp-content\/uploads\/2024\/08\/BGE6240WA2028129.png","width":360,"height":360},{"@type":"BreadcrumbList","@id":"https:\/\/tay-sir.com\/produit\/brandt-bge6140wa\/#breadcrumb","itemListElement":[{"@type":"ListItem","position":1,"name":"Home","item":"https:\/\/tay-sir.com\/ar\/"},{"@type":"ListItem","position":2,"name":"Boutique","item":"https:\/\/tay-sir.com\/boutique\/"},{"@type":"ListItem","position":3,"name":"Brandt BGE6140WA"}]},{"@type":"WebSite","@id":"https:\/\/tay-sir.com\/ar\/#website","url":"https:\/\/tay-sir.com\/ar\/","name":"TAY-SIR.com","description":"plateforme e-commerce avec financement islamique digital en ligne","publisher":{"@id":"https:\/\/tay-sir.com\/ar\/#organization"},"potentialAction":[{"@type":"SearchAction","target":{"@type":"EntryPoint","urlTemplate":"https:\/\/tay-sir.com\/ar\/?s={search_term_string}"},"query-input":{"@type":"PropertyValueSpecification","valueRequired":true,"valueName":"search_term_string"}}],"inLanguage":"ar"},{"@type":"Organization","@id":"https:\/\/tay-sir.com\/ar\/#organization","name":"Taysir","url":"https:\/\/tay-sir.com\/ar\/","logo":{"@type":"ImageObject","inLanguage":"ar","@id":"https:\/\/tay-sir.com\/ar\/#\/schema\/logo\/image\/","url":"https:\/\/tay-sir.com\/wp-content\/uploads\/2024\/10\/profil.jpg","contentUrl":"https:\/\/tay-sir.com\/wp-content\/uploads\/2024\/10\/profil.jpg","width":1024,"height":1024,"caption":"Taysir"},"image":{"@id":"https:\/\/tay-sir.com\/ar\/#\/schema\/logo\/image\/"},"sameAs":["https:\/\/www.facebook.com\/profile.php?id=61566201523117","https:\/\/www.tiktok.com\/@taysir31000?fbclid=IwY2xjawFor1xleHRuA2FlbQIxMAABHQqa6Ko0Z_QFAZb-7Bltxo0G0y0YuIXxVxPenEAWDkGyOgZp7D3Bq1oJAA_aem_TiTB-X9kxzhzORQbwqQiYw","https:\/\/www.instagram.com\/taysirfacilite\/"]}]}},"_links":{"self":[{"href":"https:\/\/tay-sir.com\/ar\/wp-json\/wp\/v2\/product\/28248","targetHints":{"allow":["GET"]}}],"collection":[{"href":"https:\/\/tay-sir.com\/ar\/wp-json\/wp\/v2\/product"}],"about":[{"href":"https:\/\/tay-sir.com\/ar\/wp-json\/wp\/v2\/types\/product"}],"replies":[{"embeddable":true,"href":"https:\/\/tay-sir.com\/ar\/wp-json\/wp\/v2\/comments?post=28248"}],"version-history":[{"count":3,"href":"https:\/\/tay-sir.com\/ar\/wp-json\/wp\/v2\/product\/28248\/revisions"}],"predecessor-version":[{"id":31571,"href":"https:\/\/tay-sir.com\/ar\/wp-json\/wp\/v2\/product\/28248\/revisions\/31571"}],"wp:featuredmedia":[{"embeddable":true,"href":"https:\/\/tay-sir.com\/ar\/wp-json\/wp\/v2\/media\/28247"}],"wp:attachment":[{"href":"https:\/\/tay-sir.com\/ar\/wp-json\/wp\/v2\/media?parent=28248"}],"wp:term":[{"taxonomy":"product_brand","embeddable":true,"href":"https:\/\/tay-sir.com\/ar\/wp-json\/wp\/v2\/product_brand?post=28248"},{"taxonomy":"product_cat","embeddable":true,"href":"https:\/\/tay-sir.com\/ar\/wp-json\/wp\/v2\/product_cat?post=28248"},{"taxonomy":"product_tag","embeddable":true,"href":"https:\/\/tay-sir.com\/ar\/wp-json\/wp\/v2\/product_tag?post=28248"}],"curies":[{"name":"wp","href":"https:\/\/api.w.org\/{rel}","templated":true}]}}