{"id":28258,"date":"2024-08-14T16:31:56","date_gmt":"2024-08-14T15:31:56","guid":{"rendered":"https:\/\/tay-sir.com\/produit\/thomson-thfs-i660infe\/"},"modified":"2024-10-23T16:32:36","modified_gmt":"2024-10-23T15:32:36","slug":"thomson-thfs-i660infe","status":"publish","type":"product","link":"https:\/\/tay-sir.com\/ar\/product\/thomson-thfs-i660infe\/","title":{"rendered":"Thomson THFS-I660INFE"},"content":{"rendered":"<p>4 Foyers \u00e0 gaz (1 rapide, 2 semi-rapide, 1 auxiliaire)<br \/>\n2 Grilles larges maill\u00e9es Noire Mat<br \/>\n4 Chapeaux \u00e9maill\u00e9s Noir Mat<br \/>\nCouvercle en verre LED<br \/>\nFour \u00e0 Gaz<br \/>\nS\u00e9curit\u00e9 Gaz par Thermocouple FFD<br \/>\nDeux boutons de commande avec allumage<br \/>\nIsolation \u00e0 haute densit\u00e9<br \/>\nModes de cuisson : Chaleur de sole, Gril au gaz, Tournebroche<br \/>\nNettoyage Catalyse<br \/>\nEclairage four<br \/>\nMinuterie m\u00e9canique.<br \/>\nPorte double verre facile \u00e0 nettoyer<br \/>\nTiroir de rangement coulissant<br \/>\n1 Plat l\u00e8chefrite<br \/>\n1 Plat P\u00e2tisserie<br \/>\n1 Grille<\/p>","protected":false},"excerpt":{"rendered":"<p>4 Foyers \u00e0 gaz (1 rapide, 2 semi-rapide, 1 auxiliaire) 2 Grilles larges maill\u00e9es Noire Mat 4 Chapeaux \u00e9maill\u00e9s Noir<\/p>","protected":false},"featured_media":30400,"comment_status":"open","ping_status":"closed","template":"","meta":[],"product_brand":[],"product_cat":[17,24],"product_tag":[],"class_list":{"0":"post-28258","1":"product","2":"type-product","3":"status-publish","4":"has-post-thumbnail","6":"product_cat-electro-menager","7":"product_cat-cuisiniere","9":"first","10":"instock","11":"shipping-taxable","12":"purchasable","13":"product-type-variable"},"yoast_head":"<!-- This site is optimized with the Yoast SEO plugin v24.9 - https:\/\/yoast.com\/wordpress\/plugins\/seo\/ -->\n<title>Thomson THFS-I660INFE - Maslak<\/title>\n<meta name=\"robots\" content=\"index, follow, max-snippet:-1, max-image-preview:large, max-video-preview:-1\" \/>\n<link rel=\"canonical\" href=\"https:\/\/tay-sir.com\/ar\/product\/thomson-thfs-i660infe\/\" \/>\n<meta property=\"og:locale\" content=\"ar_AR\" \/>\n<meta property=\"og:type\" content=\"article\" \/>\n<meta property=\"og:title\" content=\"Thomson THFS-I660INFE - Maslak\" \/>\n<meta property=\"og:description\" content=\"4 Foyers \u00e0 gaz (1 rapide, 2 semi-rapide, 1 auxiliaire) 2 Grilles larges maill\u00e9es Noire Mat 4 Chapeaux \u00e9maill\u00e9s Noir\" \/>\n<meta property=\"og:url\" content=\"https:\/\/tay-sir.com\/ar\/product\/thomson-thfs-i660infe\/\" \/>\n<meta property=\"og:site_name\" content=\"Maslak\" \/>\n<meta property=\"article:publisher\" content=\"https:\/\/www.facebook.com\/profile.php?id=61566201523117\" \/>\n<meta property=\"article:modified_time\" content=\"2024-10-23T15:32:36+00:00\" \/>\n<meta property=\"og:image\" content=\"https:\/\/tay-sir.com\/wp-content\/uploads\/2024\/08\/Thomson-THFS.jpg\" \/>\n\t<meta property=\"og:image:width\" content=\"400\" \/>\n\t<meta property=\"og:image:height\" content=\"400\" \/>\n\t<meta property=\"og:image:type\" content=\"image\/jpeg\" \/>\n<meta name=\"twitter:card\" content=\"summary_large_image\" \/>\n<script type=\"application\/ld+json\" class=\"yoast-schema-graph\">{\"@context\":\"https:\/\/schema.org\",\"@graph\":[{\"@type\":\"WebPage\",\"@id\":\"https:\/\/tay-sir.com\/produit\/thomson-thfs-i660infe\/\",\"url\":\"https:\/\/tay-sir.com\/produit\/thomson-thfs-i660infe\/\",\"name\":\"Thomson THFS-I660INFE - Maslak\",\"isPartOf\":{\"@id\":\"https:\/\/tay-sir.com\/ar\/#website\"},\"primaryImageOfPage\":{\"@id\":\"https:\/\/tay-sir.com\/produit\/thomson-thfs-i660infe\/#primaryimage\"},\"image\":{\"@id\":\"https:\/\/tay-sir.com\/produit\/thomson-thfs-i660infe\/#primaryimage\"},\"thumbnailUrl\":\"https:\/\/tay-sir.com\/wp-content\/uploads\/2024\/08\/Thomson-THFS.jpg\",\"datePublished\":\"2024-08-14T15:31:56+00:00\",\"dateModified\":\"2024-10-23T15:32:36+00:00\",\"breadcrumb\":{\"@id\":\"https:\/\/tay-sir.com\/produit\/thomson-thfs-i660infe\/#breadcrumb\"},\"inLanguage\":\"ar\",\"potentialAction\":[{\"@type\":\"ReadAction\",\"target\":[\"https:\/\/tay-sir.com\/produit\/thomson-thfs-i660infe\/\"]}]},{\"@type\":\"ImageObject\",\"inLanguage\":\"ar\",\"@id\":\"https:\/\/tay-sir.com\/produit\/thomson-thfs-i660infe\/#primaryimage\",\"url\":\"https:\/\/tay-sir.com\/wp-content\/uploads\/2024\/08\/Thomson-THFS.jpg\",\"contentUrl\":\"https:\/\/tay-sir.com\/wp-content\/uploads\/2024\/08\/Thomson-THFS.jpg\",\"width\":400,\"height\":400},{\"@type\":\"BreadcrumbList\",\"@id\":\"https:\/\/tay-sir.com\/produit\/thomson-thfs-i660infe\/#breadcrumb\",\"itemListElement\":[{\"@type\":\"ListItem\",\"position\":1,\"name\":\"Home\",\"item\":\"https:\/\/tay-sir.com\/ar\/\"},{\"@type\":\"ListItem\",\"position\":2,\"name\":\"Boutique\",\"item\":\"https:\/\/tay-sir.com\/boutique\/\"},{\"@type\":\"ListItem\",\"position\":3,\"name\":\"Thomson THFS-I660INFE\"}]},{\"@type\":\"WebSite\",\"@id\":\"https:\/\/tay-sir.com\/ar\/#website\",\"url\":\"https:\/\/tay-sir.com\/ar\/\",\"name\":\"TAY-SIR.com\",\"description\":\"plateforme e-commerce avec financement islamique digital en ligne\",\"publisher\":{\"@id\":\"https:\/\/tay-sir.com\/ar\/#organization\"},\"potentialAction\":[{\"@type\":\"SearchAction\",\"target\":{\"@type\":\"EntryPoint\",\"urlTemplate\":\"https:\/\/tay-sir.com\/ar\/?s={search_term_string}\"},\"query-input\":{\"@type\":\"PropertyValueSpecification\",\"valueRequired\":true,\"valueName\":\"search_term_string\"}}],\"inLanguage\":\"ar\"},{\"@type\":\"Organization\",\"@id\":\"https:\/\/tay-sir.com\/ar\/#organization\",\"name\":\"Taysir\",\"url\":\"https:\/\/tay-sir.com\/ar\/\",\"logo\":{\"@type\":\"ImageObject\",\"inLanguage\":\"ar\",\"@id\":\"https:\/\/tay-sir.com\/ar\/#\/schema\/logo\/image\/\",\"url\":\"https:\/\/tay-sir.com\/wp-content\/uploads\/2024\/10\/profil.jpg\",\"contentUrl\":\"https:\/\/tay-sir.com\/wp-content\/uploads\/2024\/10\/profil.jpg\",\"width\":1024,\"height\":1024,\"caption\":\"Taysir\"},\"image\":{\"@id\":\"https:\/\/tay-sir.com\/ar\/#\/schema\/logo\/image\/\"},\"sameAs\":[\"https:\/\/www.facebook.com\/profile.php?id=61566201523117\",\"https:\/\/www.tiktok.com\/@taysir31000?fbclid=IwY2xjawFor1xleHRuA2FlbQIxMAABHQqa6Ko0Z_QFAZb-7Bltxo0G0y0YuIXxVxPenEAWDkGyOgZp7D3Bq1oJAA_aem_TiTB-X9kxzhzORQbwqQiYw\",\"https:\/\/www.instagram.com\/taysirfacilite\/\"]}]}<\/script>\n<!-- \/ Yoast SEO plugin. -->","yoast_head_json":{"title":"Thomson THFS-I660INFE - Maslak","robots":{"index":"index","follow":"follow","max-snippet":"max-snippet:-1","max-image-preview":"max-image-preview:large","max-video-preview":"max-video-preview:-1"},"canonical":"https:\/\/tay-sir.com\/ar\/product\/thomson-thfs-i660infe\/","og_locale":"ar_AR","og_type":"article","og_title":"Thomson THFS-I660INFE - Maslak","og_description":"4 Foyers \u00e0 gaz (1 rapide, 2 semi-rapide, 1 auxiliaire) 2 Grilles larges maill\u00e9es Noire Mat 4 Chapeaux \u00e9maill\u00e9s Noir","og_url":"https:\/\/tay-sir.com\/ar\/product\/thomson-thfs-i660infe\/","og_site_name":"Maslak","article_publisher":"https:\/\/www.facebook.com\/profile.php?id=61566201523117","article_modified_time":"2024-10-23T15:32:36+00:00","og_image":[{"width":400,"height":400,"url":"https:\/\/tay-sir.com\/wp-content\/uploads\/2024\/08\/Thomson-THFS.jpg","type":"image\/jpeg"}],"twitter_card":"summary_large_image","schema":{"@context":"https:\/\/schema.org","@graph":[{"@type":"WebPage","@id":"https:\/\/tay-sir.com\/produit\/thomson-thfs-i660infe\/","url":"https:\/\/tay-sir.com\/produit\/thomson-thfs-i660infe\/","name":"Thomson THFS-I660INFE - Maslak","isPartOf":{"@id":"https:\/\/tay-sir.com\/ar\/#website"},"primaryImageOfPage":{"@id":"https:\/\/tay-sir.com\/produit\/thomson-thfs-i660infe\/#primaryimage"},"image":{"@id":"https:\/\/tay-sir.com\/produit\/thomson-thfs-i660infe\/#primaryimage"},"thumbnailUrl":"https:\/\/tay-sir.com\/wp-content\/uploads\/2024\/08\/Thomson-THFS.jpg","datePublished":"2024-08-14T15:31:56+00:00","dateModified":"2024-10-23T15:32:36+00:00","breadcrumb":{"@id":"https:\/\/tay-sir.com\/produit\/thomson-thfs-i660infe\/#breadcrumb"},"inLanguage":"ar","potentialAction":[{"@type":"ReadAction","target":["https:\/\/tay-sir.com\/produit\/thomson-thfs-i660infe\/"]}]},{"@type":"ImageObject","inLanguage":"ar","@id":"https:\/\/tay-sir.com\/produit\/thomson-thfs-i660infe\/#primaryimage","url":"https:\/\/tay-sir.com\/wp-content\/uploads\/2024\/08\/Thomson-THFS.jpg","contentUrl":"https:\/\/tay-sir.com\/wp-content\/uploads\/2024\/08\/Thomson-THFS.jpg","width":400,"height":400},{"@type":"BreadcrumbList","@id":"https:\/\/tay-sir.com\/produit\/thomson-thfs-i660infe\/#breadcrumb","itemListElement":[{"@type":"ListItem","position":1,"name":"Home","item":"https:\/\/tay-sir.com\/ar\/"},{"@type":"ListItem","position":2,"name":"Boutique","item":"https:\/\/tay-sir.com\/boutique\/"},{"@type":"ListItem","position":3,"name":"Thomson THFS-I660INFE"}]},{"@type":"WebSite","@id":"https:\/\/tay-sir.com\/ar\/#website","url":"https:\/\/tay-sir.com\/ar\/","name":"TAY-SIR.com","description":"plateforme e-commerce avec financement islamique digital en ligne","publisher":{"@id":"https:\/\/tay-sir.com\/ar\/#organization"},"potentialAction":[{"@type":"SearchAction","target":{"@type":"EntryPoint","urlTemplate":"https:\/\/tay-sir.com\/ar\/?s={search_term_string}"},"query-input":{"@type":"PropertyValueSpecification","valueRequired":true,"valueName":"search_term_string"}}],"inLanguage":"ar"},{"@type":"Organization","@id":"https:\/\/tay-sir.com\/ar\/#organization","name":"Taysir","url":"https:\/\/tay-sir.com\/ar\/","logo":{"@type":"ImageObject","inLanguage":"ar","@id":"https:\/\/tay-sir.com\/ar\/#\/schema\/logo\/image\/","url":"https:\/\/tay-sir.com\/wp-content\/uploads\/2024\/10\/profil.jpg","contentUrl":"https:\/\/tay-sir.com\/wp-content\/uploads\/2024\/10\/profil.jpg","width":1024,"height":1024,"caption":"Taysir"},"image":{"@id":"https:\/\/tay-sir.com\/ar\/#\/schema\/logo\/image\/"},"sameAs":["https:\/\/www.facebook.com\/profile.php?id=61566201523117","https:\/\/www.tiktok.com\/@taysir31000?fbclid=IwY2xjawFor1xleHRuA2FlbQIxMAABHQqa6Ko0Z_QFAZb-7Bltxo0G0y0YuIXxVxPenEAWDkGyOgZp7D3Bq1oJAA_aem_TiTB-X9kxzhzORQbwqQiYw","https:\/\/www.instagram.com\/taysirfacilite\/"]}]}},"_links":{"self":[{"href":"https:\/\/tay-sir.com\/ar\/wp-json\/wp\/v2\/product\/28258","targetHints":{"allow":["GET"]}}],"collection":[{"href":"https:\/\/tay-sir.com\/ar\/wp-json\/wp\/v2\/product"}],"about":[{"href":"https:\/\/tay-sir.com\/ar\/wp-json\/wp\/v2\/types\/product"}],"replies":[{"embeddable":true,"href":"https:\/\/tay-sir.com\/ar\/wp-json\/wp\/v2\/comments?post=28258"}],"version-history":[{"count":1,"href":"https:\/\/tay-sir.com\/ar\/wp-json\/wp\/v2\/product\/28258\/revisions"}],"predecessor-version":[{"id":28287,"href":"https:\/\/tay-sir.com\/ar\/wp-json\/wp\/v2\/product\/28258\/revisions\/28287"}],"wp:featuredmedia":[{"embeddable":true,"href":"https:\/\/tay-sir.com\/ar\/wp-json\/wp\/v2\/media\/30400"}],"wp:attachment":[{"href":"https:\/\/tay-sir.com\/ar\/wp-json\/wp\/v2\/media?parent=28258"}],"wp:term":[{"taxonomy":"product_brand","embeddable":true,"href":"https:\/\/tay-sir.com\/ar\/wp-json\/wp\/v2\/product_brand?post=28258"},{"taxonomy":"product_cat","embeddable":true,"href":"https:\/\/tay-sir.com\/ar\/wp-json\/wp\/v2\/product_cat?post=28258"},{"taxonomy":"product_tag","embeddable":true,"href":"https:\/\/tay-sir.com\/ar\/wp-json\/wp\/v2\/product_tag?post=28258"}],"curies":[{"name":"wp","href":"https:\/\/api.w.org\/{rel}","templated":true}]}}