{"id":28302,"date":"2024-08-17T10:31:22","date_gmt":"2024-08-17T09:31:22","guid":{"rendered":"https:\/\/tay-sir.com\/produit\/samsung-wa90t5260by\/"},"modified":"2024-10-27T16:04:16","modified_gmt":"2024-10-27T15:04:16","slug":"samsung-wa90t5260by","status":"publish","type":"product","link":"https:\/\/tay-sir.com\/ar\/product\/samsung-wa90t5260by\/","title":{"rendered":"Samsung WA90T5260BY"},"content":{"rendered":"<p>WA90T5260BY Chargement par le haut avec moteur inverseur 9,0 kg<\/p>\n<p>&#8211; Machine \u00e0 laver enti\u00e8rement automatique \u00e0 chargement par le haut ; Capacit\u00e9 de 9 kg<br \/>\n&#8211; Classe \u00e9nerg\u00e9tique : 5 \u00e9toiles<br \/>\n&#8211; 9 programmes de lavage<br \/>\n&#8211; moteur \u00e0 inverseur num\u00e9rique sera r\u00e9vis\u00e9e de 10 ans \u00e0 20 ans et La garantie compl\u00e8te du produit sera r\u00e9vis\u00e9e de 3 ans \u00e0 2 ans.<br \/>\n&#8211; Machine \u00e0 laver enti\u00e8rement automatique \u00e0 chargement par le haut ; 9kg<\/p>\n<p>Dimension (LxHxP &#8211; Cm) : 61 x 105 x 67.5<br \/>\nSyst\u00e8me De S\u00e9chage Turbo Air<br \/>\nNettoyage Du Tambour \u00c9co<br \/>\nMoteur Inverter Num\u00e9rique<br \/>\nAir Turbo 700 RPM<br \/>\nTambour Diamant<br \/>\nWobble Technology<br \/>\nDeep Softener Dimension (LxHxP &#8211; Cm) : 61 x 105 x 67.5<br \/>\nSyst\u00e8me De S\u00e9chage Turbo Air<br \/>\nNettoyage Du Tambour \u00c9co<br \/>\nMoteur Inverter Num\u00e9rique<br \/>\nAir Turbo 700 RPM<\/p>","protected":false},"excerpt":{"rendered":"<p>WA90T5260BY Chargement par le haut avec moteur inverseur 9,0 kg &#8211; Machine \u00e0 laver enti\u00e8rement automatique \u00e0 chargement par le<\/p>","protected":false},"featured_media":30386,"comment_status":"open","ping_status":"closed","template":"","meta":[],"product_brand":[],"product_cat":[17,25],"product_tag":[],"class_list":{"0":"post-28302","1":"product","2":"type-product","3":"status-publish","4":"has-post-thumbnail","6":"product_cat-electro-menager","7":"product_cat-lave-linge","9":"first","10":"instock","11":"shipping-taxable","12":"purchasable","13":"product-type-variable"},"yoast_head":"<!-- This site is optimized with the Yoast SEO plugin v24.9 - https:\/\/yoast.com\/wordpress\/plugins\/seo\/ -->\n<title>Samsung WA90T5260BY - Maslak<\/title>\n<meta name=\"robots\" content=\"index, follow, max-snippet:-1, max-image-preview:large, max-video-preview:-1\" \/>\n<link rel=\"canonical\" href=\"https:\/\/tay-sir.com\/ar\/product\/samsung-wa90t5260by\/\" \/>\n<meta property=\"og:locale\" content=\"ar_AR\" \/>\n<meta property=\"og:type\" content=\"article\" \/>\n<meta property=\"og:title\" content=\"Samsung WA90T5260BY - Maslak\" \/>\n<meta property=\"og:description\" content=\"WA90T5260BY Chargement par le haut avec moteur inverseur 9,0 kg &#8211; Machine \u00e0 laver enti\u00e8rement automatique \u00e0 chargement par le\" \/>\n<meta property=\"og:url\" content=\"https:\/\/tay-sir.com\/ar\/product\/samsung-wa90t5260by\/\" \/>\n<meta property=\"og:site_name\" content=\"Maslak\" \/>\n<meta property=\"article:publisher\" content=\"https:\/\/www.facebook.com\/profile.php?id=61566201523117\" \/>\n<meta property=\"article:modified_time\" content=\"2024-10-27T15:04:16+00:00\" \/>\n<meta property=\"og:image\" content=\"https:\/\/tay-sir.com\/wp-content\/uploads\/2024\/08\/Samsung-WA90T5260BY.jpg\" \/>\n\t<meta property=\"og:image:width\" content=\"400\" \/>\n\t<meta property=\"og:image:height\" content=\"400\" \/>\n\t<meta property=\"og:image:type\" content=\"image\/jpeg\" \/>\n<meta name=\"twitter:card\" content=\"summary_large_image\" \/>\n<meta name=\"twitter:label1\" content=\"\u0648\u0642\u062a \u0627\u0644\u0642\u0631\u0627\u0621\u0629 \u0627\u0644\u0645\u064f\u0642\u062f\u0651\u0631\" \/>\n\t<meta name=\"twitter:data1\" content=\"\u062f\u0642\u064a\u0642\u0629 \u0648\u0627\u062d\u062f\u0629\" \/>\n<script type=\"application\/ld+json\" class=\"yoast-schema-graph\">{\"@context\":\"https:\/\/schema.org\",\"@graph\":[{\"@type\":\"WebPage\",\"@id\":\"https:\/\/tay-sir.com\/produit\/samsung-wa90t5260by\/\",\"url\":\"https:\/\/tay-sir.com\/produit\/samsung-wa90t5260by\/\",\"name\":\"Samsung WA90T5260BY - Maslak\",\"isPartOf\":{\"@id\":\"https:\/\/tay-sir.com\/ar\/#website\"},\"primaryImageOfPage\":{\"@id\":\"https:\/\/tay-sir.com\/produit\/samsung-wa90t5260by\/#primaryimage\"},\"image\":{\"@id\":\"https:\/\/tay-sir.com\/produit\/samsung-wa90t5260by\/#primaryimage\"},\"thumbnailUrl\":\"https:\/\/tay-sir.com\/wp-content\/uploads\/2024\/08\/Samsung-WA90T5260BY.jpg\",\"datePublished\":\"2024-08-17T09:31:22+00:00\",\"dateModified\":\"2024-10-27T15:04:16+00:00\",\"breadcrumb\":{\"@id\":\"https:\/\/tay-sir.com\/produit\/samsung-wa90t5260by\/#breadcrumb\"},\"inLanguage\":\"ar\",\"potentialAction\":[{\"@type\":\"ReadAction\",\"target\":[\"https:\/\/tay-sir.com\/produit\/samsung-wa90t5260by\/\"]}]},{\"@type\":\"ImageObject\",\"inLanguage\":\"ar\",\"@id\":\"https:\/\/tay-sir.com\/produit\/samsung-wa90t5260by\/#primaryimage\",\"url\":\"https:\/\/tay-sir.com\/wp-content\/uploads\/2024\/08\/Samsung-WA90T5260BY.jpg\",\"contentUrl\":\"https:\/\/tay-sir.com\/wp-content\/uploads\/2024\/08\/Samsung-WA90T5260BY.jpg\",\"width\":400,\"height\":400},{\"@type\":\"BreadcrumbList\",\"@id\":\"https:\/\/tay-sir.com\/produit\/samsung-wa90t5260by\/#breadcrumb\",\"itemListElement\":[{\"@type\":\"ListItem\",\"position\":1,\"name\":\"Home\",\"item\":\"https:\/\/tay-sir.com\/ar\/\"},{\"@type\":\"ListItem\",\"position\":2,\"name\":\"Boutique\",\"item\":\"https:\/\/tay-sir.com\/boutique\/\"},{\"@type\":\"ListItem\",\"position\":3,\"name\":\"Samsung WA90T5260BY\"}]},{\"@type\":\"WebSite\",\"@id\":\"https:\/\/tay-sir.com\/ar\/#website\",\"url\":\"https:\/\/tay-sir.com\/ar\/\",\"name\":\"TAY-SIR.com\",\"description\":\"plateforme e-commerce avec financement islamique digital en ligne\",\"publisher\":{\"@id\":\"https:\/\/tay-sir.com\/ar\/#organization\"},\"potentialAction\":[{\"@type\":\"SearchAction\",\"target\":{\"@type\":\"EntryPoint\",\"urlTemplate\":\"https:\/\/tay-sir.com\/ar\/?s={search_term_string}\"},\"query-input\":{\"@type\":\"PropertyValueSpecification\",\"valueRequired\":true,\"valueName\":\"search_term_string\"}}],\"inLanguage\":\"ar\"},{\"@type\":\"Organization\",\"@id\":\"https:\/\/tay-sir.com\/ar\/#organization\",\"name\":\"Taysir\",\"url\":\"https:\/\/tay-sir.com\/ar\/\",\"logo\":{\"@type\":\"ImageObject\",\"inLanguage\":\"ar\",\"@id\":\"https:\/\/tay-sir.com\/ar\/#\/schema\/logo\/image\/\",\"url\":\"https:\/\/tay-sir.com\/wp-content\/uploads\/2024\/10\/profil.jpg\",\"contentUrl\":\"https:\/\/tay-sir.com\/wp-content\/uploads\/2024\/10\/profil.jpg\",\"width\":1024,\"height\":1024,\"caption\":\"Taysir\"},\"image\":{\"@id\":\"https:\/\/tay-sir.com\/ar\/#\/schema\/logo\/image\/\"},\"sameAs\":[\"https:\/\/www.facebook.com\/profile.php?id=61566201523117\",\"https:\/\/www.tiktok.com\/@taysir31000?fbclid=IwY2xjawFor1xleHRuA2FlbQIxMAABHQqa6Ko0Z_QFAZb-7Bltxo0G0y0YuIXxVxPenEAWDkGyOgZp7D3Bq1oJAA_aem_TiTB-X9kxzhzORQbwqQiYw\",\"https:\/\/www.instagram.com\/taysirfacilite\/\"]}]}<\/script>\n<!-- \/ Yoast SEO plugin. -->","yoast_head_json":{"title":"Samsung WA90T5260BY - Maslak","robots":{"index":"index","follow":"follow","max-snippet":"max-snippet:-1","max-image-preview":"max-image-preview:large","max-video-preview":"max-video-preview:-1"},"canonical":"https:\/\/tay-sir.com\/ar\/product\/samsung-wa90t5260by\/","og_locale":"ar_AR","og_type":"article","og_title":"Samsung WA90T5260BY - Maslak","og_description":"WA90T5260BY Chargement par le haut avec moteur inverseur 9,0 kg &#8211; Machine \u00e0 laver enti\u00e8rement automatique \u00e0 chargement par le","og_url":"https:\/\/tay-sir.com\/ar\/product\/samsung-wa90t5260by\/","og_site_name":"Maslak","article_publisher":"https:\/\/www.facebook.com\/profile.php?id=61566201523117","article_modified_time":"2024-10-27T15:04:16+00:00","og_image":[{"width":400,"height":400,"url":"https:\/\/tay-sir.com\/wp-content\/uploads\/2024\/08\/Samsung-WA90T5260BY.jpg","type":"image\/jpeg"}],"twitter_card":"summary_large_image","twitter_misc":{"\u0648\u0642\u062a \u0627\u0644\u0642\u0631\u0627\u0621\u0629 \u0627\u0644\u0645\u064f\u0642\u062f\u0651\u0631":"\u062f\u0642\u064a\u0642\u0629 \u0648\u0627\u062d\u062f\u0629"},"schema":{"@context":"https:\/\/schema.org","@graph":[{"@type":"WebPage","@id":"https:\/\/tay-sir.com\/produit\/samsung-wa90t5260by\/","url":"https:\/\/tay-sir.com\/produit\/samsung-wa90t5260by\/","name":"Samsung WA90T5260BY - Maslak","isPartOf":{"@id":"https:\/\/tay-sir.com\/ar\/#website"},"primaryImageOfPage":{"@id":"https:\/\/tay-sir.com\/produit\/samsung-wa90t5260by\/#primaryimage"},"image":{"@id":"https:\/\/tay-sir.com\/produit\/samsung-wa90t5260by\/#primaryimage"},"thumbnailUrl":"https:\/\/tay-sir.com\/wp-content\/uploads\/2024\/08\/Samsung-WA90T5260BY.jpg","datePublished":"2024-08-17T09:31:22+00:00","dateModified":"2024-10-27T15:04:16+00:00","breadcrumb":{"@id":"https:\/\/tay-sir.com\/produit\/samsung-wa90t5260by\/#breadcrumb"},"inLanguage":"ar","potentialAction":[{"@type":"ReadAction","target":["https:\/\/tay-sir.com\/produit\/samsung-wa90t5260by\/"]}]},{"@type":"ImageObject","inLanguage":"ar","@id":"https:\/\/tay-sir.com\/produit\/samsung-wa90t5260by\/#primaryimage","url":"https:\/\/tay-sir.com\/wp-content\/uploads\/2024\/08\/Samsung-WA90T5260BY.jpg","contentUrl":"https:\/\/tay-sir.com\/wp-content\/uploads\/2024\/08\/Samsung-WA90T5260BY.jpg","width":400,"height":400},{"@type":"BreadcrumbList","@id":"https:\/\/tay-sir.com\/produit\/samsung-wa90t5260by\/#breadcrumb","itemListElement":[{"@type":"ListItem","position":1,"name":"Home","item":"https:\/\/tay-sir.com\/ar\/"},{"@type":"ListItem","position":2,"name":"Boutique","item":"https:\/\/tay-sir.com\/boutique\/"},{"@type":"ListItem","position":3,"name":"Samsung WA90T5260BY"}]},{"@type":"WebSite","@id":"https:\/\/tay-sir.com\/ar\/#website","url":"https:\/\/tay-sir.com\/ar\/","name":"TAY-SIR.com","description":"plateforme e-commerce avec financement islamique digital en ligne","publisher":{"@id":"https:\/\/tay-sir.com\/ar\/#organization"},"potentialAction":[{"@type":"SearchAction","target":{"@type":"EntryPoint","urlTemplate":"https:\/\/tay-sir.com\/ar\/?s={search_term_string}"},"query-input":{"@type":"PropertyValueSpecification","valueRequired":true,"valueName":"search_term_string"}}],"inLanguage":"ar"},{"@type":"Organization","@id":"https:\/\/tay-sir.com\/ar\/#organization","name":"Taysir","url":"https:\/\/tay-sir.com\/ar\/","logo":{"@type":"ImageObject","inLanguage":"ar","@id":"https:\/\/tay-sir.com\/ar\/#\/schema\/logo\/image\/","url":"https:\/\/tay-sir.com\/wp-content\/uploads\/2024\/10\/profil.jpg","contentUrl":"https:\/\/tay-sir.com\/wp-content\/uploads\/2024\/10\/profil.jpg","width":1024,"height":1024,"caption":"Taysir"},"image":{"@id":"https:\/\/tay-sir.com\/ar\/#\/schema\/logo\/image\/"},"sameAs":["https:\/\/www.facebook.com\/profile.php?id=61566201523117","https:\/\/www.tiktok.com\/@taysir31000?fbclid=IwY2xjawFor1xleHRuA2FlbQIxMAABHQqa6Ko0Z_QFAZb-7Bltxo0G0y0YuIXxVxPenEAWDkGyOgZp7D3Bq1oJAA_aem_TiTB-X9kxzhzORQbwqQiYw","https:\/\/www.instagram.com\/taysirfacilite\/"]}]}},"_links":{"self":[{"href":"https:\/\/tay-sir.com\/ar\/wp-json\/wp\/v2\/product\/28302","targetHints":{"allow":["GET"]}}],"collection":[{"href":"https:\/\/tay-sir.com\/ar\/wp-json\/wp\/v2\/product"}],"about":[{"href":"https:\/\/tay-sir.com\/ar\/wp-json\/wp\/v2\/types\/product"}],"replies":[{"embeddable":true,"href":"https:\/\/tay-sir.com\/ar\/wp-json\/wp\/v2\/comments?post=28302"}],"version-history":[{"count":1,"href":"https:\/\/tay-sir.com\/ar\/wp-json\/wp\/v2\/product\/28302\/revisions"}],"predecessor-version":[{"id":28336,"href":"https:\/\/tay-sir.com\/ar\/wp-json\/wp\/v2\/product\/28302\/revisions\/28336"}],"wp:featuredmedia":[{"embeddable":true,"href":"https:\/\/tay-sir.com\/ar\/wp-json\/wp\/v2\/media\/30386"}],"wp:attachment":[{"href":"https:\/\/tay-sir.com\/ar\/wp-json\/wp\/v2\/media?parent=28302"}],"wp:term":[{"taxonomy":"product_brand","embeddable":true,"href":"https:\/\/tay-sir.com\/ar\/wp-json\/wp\/v2\/product_brand?post=28302"},{"taxonomy":"product_cat","embeddable":true,"href":"https:\/\/tay-sir.com\/ar\/wp-json\/wp\/v2\/product_cat?post=28302"},{"taxonomy":"product_tag","embeddable":true,"href":"https:\/\/tay-sir.com\/ar\/wp-json\/wp\/v2\/product_tag?post=28302"}],"curies":[{"name":"wp","href":"https:\/\/api.w.org\/{rel}","templated":true}]}}