{"id":28389,"date":"2024-08-17T11:18:58","date_gmt":"2024-08-17T10:18:58","guid":{"rendered":"https:\/\/tay-sir.com\/produit\/iris-58e40\/"},"modified":"2024-10-27T16:44:59","modified_gmt":"2024-10-27T15:44:59","slug":"iris-58e40","status":"publish","type":"product","link":"https:\/\/tay-sir.com\/ar\/product\/iris-58e40\/","title":{"rendered":"IRIS 58E40"},"content":{"rendered":"<p>Marque IRIS<br \/>\nT\u00e9l\u00e9viseur TV IRIS 58E40<br \/>\n\u062d\u062c\u0645 \u0627\u0644\u0634\u0627\u0634\u0629 32 \u0628\u0648\u0635\u0629<br \/>\nTaille Ecran 58 Pouces<br \/>\nD\u00e9finition UHD 4K<br \/>\nR\u00e9solution Ecran 1920\u00d71080px<br \/>\nSyst\u00e8me Sans OS<br \/>\nTaux de contraste 5000:1<br \/>\nLuminosit\u00e9 220cd\/m\u00b2<br \/>\n\u0632\u0627\u0648\u064a\u0629 \u0639\u0631\u0636 178 \u062f\u0631\u062c\u0629\/178 \u062f\u0631\u062c\u0629<br \/>\n\u0627\u0644\u0648\u0636\u0639 \u062b\u0644\u0627\u062b\u064a \u0627\u0644\u0623\u0628\u0639\u0627\u062f 19<br \/>\n\u062a\u0644\u0641\u0632\u064a\u0648\u0646 \u0645\u0646\u062d\u0646\u064a 19 \u0628\u0648\u0635\u0629<br \/>\n\u0645\u0643\u0628\u0631 \u0635\u0648\u062a \u0628\u0645\u0642\u0627\u0633 19 \u0628\u0648\u0635\u0629<br \/>\nD\u00e9codeur Satellite 19<br \/>\nTuner Satellite 19<br \/>\n\u0645\u0648\u0627\u0644\u0641 \u0627\u0644\u0642\u0646\u0648\u0627\u062a \u0627\u0644\u0623\u0631\u0636\u064a\u0629 \u0627\u0644\u0631\u0642\u0645\u064a\u0629 18 \u0645\u0648\u0627\u0644\u0641 \u0627\u0644\u0642\u0646\u0648\u0627\u062a \u0627\u0644\u0623\u0631\u0636\u064a\u0629 \u0627\u0644\u0631\u0642\u0645\u064a\u0629<br \/>\nUSB 2<br \/>\nHDMI 3<br \/>\n\u0645\u0631\u0643\u0628 1<br \/>\n\u0644\u0645\u0643\u0648\u0646 1<\/p>","protected":false},"excerpt":{"rendered":"<p>Marque IRIS T\u00e9l\u00e9viseur TV IRIS 58E40 Cat\u00e9gorie LED Taille Ecran 58 Pouces D\u00e9finition UHD 4K R\u00e9solution Ecran 1920\u00d71080px Syst\u00e8me Sans<\/p>","protected":false},"featured_media":30317,"comment_status":"open","ping_status":"closed","template":"","meta":[],"product_brand":[],"product_cat":[28],"product_tag":[],"class_list":{"0":"post-28389","1":"product","2":"type-product","3":"status-publish","4":"has-post-thumbnail","6":"product_cat-television","8":"first","9":"instock","10":"shipping-taxable","11":"purchasable","12":"product-type-variable"},"yoast_head":"<!-- This site is optimized with the Yoast SEO plugin v24.9 - https:\/\/yoast.com\/wordpress\/plugins\/seo\/ -->\n<title>IRIS 58E40 - Maslak<\/title>\n<meta name=\"robots\" content=\"index, follow, max-snippet:-1, max-image-preview:large, max-video-preview:-1\" \/>\n<link rel=\"canonical\" href=\"https:\/\/tay-sir.com\/ar\/product\/iris-58e40\/\" \/>\n<meta property=\"og:locale\" content=\"ar_AR\" \/>\n<meta property=\"og:type\" content=\"article\" \/>\n<meta property=\"og:title\" content=\"IRIS 58E40 - Maslak\" \/>\n<meta property=\"og:description\" content=\"Marque IRIS T\u00e9l\u00e9viseur TV IRIS 58E40 Cat\u00e9gorie LED Taille Ecran 58 Pouces D\u00e9finition UHD 4K R\u00e9solution Ecran 1920\u00d71080px Syst\u00e8me Sans\" \/>\n<meta property=\"og:url\" content=\"https:\/\/tay-sir.com\/ar\/product\/iris-58e40\/\" \/>\n<meta property=\"og:site_name\" content=\"Maslak\" \/>\n<meta property=\"article:publisher\" content=\"https:\/\/www.facebook.com\/profile.php?id=61566201523117\" \/>\n<meta property=\"article:modified_time\" content=\"2024-10-27T15:44:59+00:00\" \/>\n<meta property=\"og:image\" content=\"https:\/\/tay-sir.com\/wp-content\/uploads\/2024\/08\/IRIS-58E40.jpg\" \/>\n\t<meta property=\"og:image:width\" content=\"400\" \/>\n\t<meta property=\"og:image:height\" content=\"400\" \/>\n\t<meta property=\"og:image:type\" content=\"image\/jpeg\" \/>\n<meta name=\"twitter:card\" content=\"summary_large_image\" \/>\n<script type=\"application\/ld+json\" class=\"yoast-schema-graph\">{\"@context\":\"https:\/\/schema.org\",\"@graph\":[{\"@type\":\"WebPage\",\"@id\":\"https:\/\/tay-sir.com\/produit\/iris-58e40\/\",\"url\":\"https:\/\/tay-sir.com\/produit\/iris-58e40\/\",\"name\":\"IRIS 58E40 - Maslak\",\"isPartOf\":{\"@id\":\"https:\/\/tay-sir.com\/ar\/#website\"},\"primaryImageOfPage\":{\"@id\":\"https:\/\/tay-sir.com\/produit\/iris-58e40\/#primaryimage\"},\"image\":{\"@id\":\"https:\/\/tay-sir.com\/produit\/iris-58e40\/#primaryimage\"},\"thumbnailUrl\":\"https:\/\/tay-sir.com\/wp-content\/uploads\/2024\/08\/IRIS-58E40.jpg\",\"datePublished\":\"2024-08-17T10:18:58+00:00\",\"dateModified\":\"2024-10-27T15:44:59+00:00\",\"breadcrumb\":{\"@id\":\"https:\/\/tay-sir.com\/produit\/iris-58e40\/#breadcrumb\"},\"inLanguage\":\"ar\",\"potentialAction\":[{\"@type\":\"ReadAction\",\"target\":[\"https:\/\/tay-sir.com\/produit\/iris-58e40\/\"]}]},{\"@type\":\"ImageObject\",\"inLanguage\":\"ar\",\"@id\":\"https:\/\/tay-sir.com\/produit\/iris-58e40\/#primaryimage\",\"url\":\"https:\/\/tay-sir.com\/wp-content\/uploads\/2024\/08\/IRIS-58E40.jpg\",\"contentUrl\":\"https:\/\/tay-sir.com\/wp-content\/uploads\/2024\/08\/IRIS-58E40.jpg\",\"width\":400,\"height\":400},{\"@type\":\"BreadcrumbList\",\"@id\":\"https:\/\/tay-sir.com\/produit\/iris-58e40\/#breadcrumb\",\"itemListElement\":[{\"@type\":\"ListItem\",\"position\":1,\"name\":\"Home\",\"item\":\"https:\/\/tay-sir.com\/ar\/\"},{\"@type\":\"ListItem\",\"position\":2,\"name\":\"Boutique\",\"item\":\"https:\/\/tay-sir.com\/boutique\/\"},{\"@type\":\"ListItem\",\"position\":3,\"name\":\"IRIS 58E40\"}]},{\"@type\":\"WebSite\",\"@id\":\"https:\/\/tay-sir.com\/ar\/#website\",\"url\":\"https:\/\/tay-sir.com\/ar\/\",\"name\":\"TAY-SIR.com\",\"description\":\"plateforme e-commerce avec financement islamique digital en ligne\",\"publisher\":{\"@id\":\"https:\/\/tay-sir.com\/ar\/#organization\"},\"potentialAction\":[{\"@type\":\"SearchAction\",\"target\":{\"@type\":\"EntryPoint\",\"urlTemplate\":\"https:\/\/tay-sir.com\/ar\/?s={search_term_string}\"},\"query-input\":{\"@type\":\"PropertyValueSpecification\",\"valueRequired\":true,\"valueName\":\"search_term_string\"}}],\"inLanguage\":\"ar\"},{\"@type\":\"Organization\",\"@id\":\"https:\/\/tay-sir.com\/ar\/#organization\",\"name\":\"Taysir\",\"url\":\"https:\/\/tay-sir.com\/ar\/\",\"logo\":{\"@type\":\"ImageObject\",\"inLanguage\":\"ar\",\"@id\":\"https:\/\/tay-sir.com\/ar\/#\/schema\/logo\/image\/\",\"url\":\"https:\/\/tay-sir.com\/wp-content\/uploads\/2024\/10\/profil.jpg\",\"contentUrl\":\"https:\/\/tay-sir.com\/wp-content\/uploads\/2024\/10\/profil.jpg\",\"width\":1024,\"height\":1024,\"caption\":\"Taysir\"},\"image\":{\"@id\":\"https:\/\/tay-sir.com\/ar\/#\/schema\/logo\/image\/\"},\"sameAs\":[\"https:\/\/www.facebook.com\/profile.php?id=61566201523117\",\"https:\/\/www.tiktok.com\/@taysir31000?fbclid=IwY2xjawFor1xleHRuA2FlbQIxMAABHQqa6Ko0Z_QFAZb-7Bltxo0G0y0YuIXxVxPenEAWDkGyOgZp7D3Bq1oJAA_aem_TiTB-X9kxzhzORQbwqQiYw\",\"https:\/\/www.instagram.com\/taysirfacilite\/\"]}]}<\/script>\n<!-- \/ Yoast SEO plugin. -->","yoast_head_json":{"title":"IRIS 58E40 - Maslak","robots":{"index":"index","follow":"follow","max-snippet":"max-snippet:-1","max-image-preview":"max-image-preview:large","max-video-preview":"max-video-preview:-1"},"canonical":"https:\/\/tay-sir.com\/ar\/product\/iris-58e40\/","og_locale":"ar_AR","og_type":"article","og_title":"IRIS 58E40 - Maslak","og_description":"Marque IRIS T\u00e9l\u00e9viseur TV IRIS 58E40 Cat\u00e9gorie LED Taille Ecran 58 Pouces D\u00e9finition UHD 4K R\u00e9solution Ecran 1920\u00d71080px Syst\u00e8me Sans","og_url":"https:\/\/tay-sir.com\/ar\/product\/iris-58e40\/","og_site_name":"Maslak","article_publisher":"https:\/\/www.facebook.com\/profile.php?id=61566201523117","article_modified_time":"2024-10-27T15:44:59+00:00","og_image":[{"width":400,"height":400,"url":"https:\/\/tay-sir.com\/wp-content\/uploads\/2024\/08\/IRIS-58E40.jpg","type":"image\/jpeg"}],"twitter_card":"summary_large_image","schema":{"@context":"https:\/\/schema.org","@graph":[{"@type":"WebPage","@id":"https:\/\/tay-sir.com\/produit\/iris-58e40\/","url":"https:\/\/tay-sir.com\/produit\/iris-58e40\/","name":"IRIS 58E40 - Maslak","isPartOf":{"@id":"https:\/\/tay-sir.com\/ar\/#website"},"primaryImageOfPage":{"@id":"https:\/\/tay-sir.com\/produit\/iris-58e40\/#primaryimage"},"image":{"@id":"https:\/\/tay-sir.com\/produit\/iris-58e40\/#primaryimage"},"thumbnailUrl":"https:\/\/tay-sir.com\/wp-content\/uploads\/2024\/08\/IRIS-58E40.jpg","datePublished":"2024-08-17T10:18:58+00:00","dateModified":"2024-10-27T15:44:59+00:00","breadcrumb":{"@id":"https:\/\/tay-sir.com\/produit\/iris-58e40\/#breadcrumb"},"inLanguage":"ar","potentialAction":[{"@type":"ReadAction","target":["https:\/\/tay-sir.com\/produit\/iris-58e40\/"]}]},{"@type":"ImageObject","inLanguage":"ar","@id":"https:\/\/tay-sir.com\/produit\/iris-58e40\/#primaryimage","url":"https:\/\/tay-sir.com\/wp-content\/uploads\/2024\/08\/IRIS-58E40.jpg","contentUrl":"https:\/\/tay-sir.com\/wp-content\/uploads\/2024\/08\/IRIS-58E40.jpg","width":400,"height":400},{"@type":"BreadcrumbList","@id":"https:\/\/tay-sir.com\/produit\/iris-58e40\/#breadcrumb","itemListElement":[{"@type":"ListItem","position":1,"name":"Home","item":"https:\/\/tay-sir.com\/ar\/"},{"@type":"ListItem","position":2,"name":"Boutique","item":"https:\/\/tay-sir.com\/boutique\/"},{"@type":"ListItem","position":3,"name":"IRIS 58E40"}]},{"@type":"WebSite","@id":"https:\/\/tay-sir.com\/ar\/#website","url":"https:\/\/tay-sir.com\/ar\/","name":"TAY-SIR.com","description":"plateforme e-commerce avec financement islamique digital en ligne","publisher":{"@id":"https:\/\/tay-sir.com\/ar\/#organization"},"potentialAction":[{"@type":"SearchAction","target":{"@type":"EntryPoint","urlTemplate":"https:\/\/tay-sir.com\/ar\/?s={search_term_string}"},"query-input":{"@type":"PropertyValueSpecification","valueRequired":true,"valueName":"search_term_string"}}],"inLanguage":"ar"},{"@type":"Organization","@id":"https:\/\/tay-sir.com\/ar\/#organization","name":"Taysir","url":"https:\/\/tay-sir.com\/ar\/","logo":{"@type":"ImageObject","inLanguage":"ar","@id":"https:\/\/tay-sir.com\/ar\/#\/schema\/logo\/image\/","url":"https:\/\/tay-sir.com\/wp-content\/uploads\/2024\/10\/profil.jpg","contentUrl":"https:\/\/tay-sir.com\/wp-content\/uploads\/2024\/10\/profil.jpg","width":1024,"height":1024,"caption":"Taysir"},"image":{"@id":"https:\/\/tay-sir.com\/ar\/#\/schema\/logo\/image\/"},"sameAs":["https:\/\/www.facebook.com\/profile.php?id=61566201523117","https:\/\/www.tiktok.com\/@taysir31000?fbclid=IwY2xjawFor1xleHRuA2FlbQIxMAABHQqa6Ko0Z_QFAZb-7Bltxo0G0y0YuIXxVxPenEAWDkGyOgZp7D3Bq1oJAA_aem_TiTB-X9kxzhzORQbwqQiYw","https:\/\/www.instagram.com\/taysirfacilite\/"]}]}},"_links":{"self":[{"href":"https:\/\/tay-sir.com\/ar\/wp-json\/wp\/v2\/product\/28389","targetHints":{"allow":["GET"]}}],"collection":[{"href":"https:\/\/tay-sir.com\/ar\/wp-json\/wp\/v2\/product"}],"about":[{"href":"https:\/\/tay-sir.com\/ar\/wp-json\/wp\/v2\/types\/product"}],"replies":[{"embeddable":true,"href":"https:\/\/tay-sir.com\/ar\/wp-json\/wp\/v2\/comments?post=28389"}],"version-history":[{"count":1,"href":"https:\/\/tay-sir.com\/ar\/wp-json\/wp\/v2\/product\/28389\/revisions"}],"predecessor-version":[{"id":28405,"href":"https:\/\/tay-sir.com\/ar\/wp-json\/wp\/v2\/product\/28389\/revisions\/28405"}],"wp:featuredmedia":[{"embeddable":true,"href":"https:\/\/tay-sir.com\/ar\/wp-json\/wp\/v2\/media\/30317"}],"wp:attachment":[{"href":"https:\/\/tay-sir.com\/ar\/wp-json\/wp\/v2\/media?parent=28389"}],"wp:term":[{"taxonomy":"product_brand","embeddable":true,"href":"https:\/\/tay-sir.com\/ar\/wp-json\/wp\/v2\/product_brand?post=28389"},{"taxonomy":"product_cat","embeddable":true,"href":"https:\/\/tay-sir.com\/ar\/wp-json\/wp\/v2\/product_cat?post=28389"},{"taxonomy":"product_tag","embeddable":true,"href":"https:\/\/tay-sir.com\/ar\/wp-json\/wp\/v2\/product_tag?post=28389"}],"curies":[{"name":"wp","href":"https:\/\/api.w.org\/{rel}","templated":true}]}}