{"id":28391,"date":"2024-08-17T11:19:03","date_gmt":"2024-08-17T10:19:03","guid":{"rendered":"https:\/\/tay-sir.com\/produit\/brandt-ba32h400g\/"},"modified":"2024-10-27T16:38:13","modified_gmt":"2024-10-27T15:38:13","slug":"brandt-ba32h400g","status":"publish","type":"product","link":"https:\/\/tay-sir.com\/ar\/product\/brandt-ba32h400g\/","title":{"rendered":"Brandt BA32H400G"},"content":{"rendered":"<p>\u062a\u0644\u0641\u0632\u064a\u0648\u0646 \u0628\u0631\u0627\u0646\u062f\u062a BA32H400G<br \/>\n\u0627\u0644\u0641\u0626\u0629 LED<br \/>\n\u062d\u062c\u0645 \u0627\u0644\u0634\u0627\u0634\u0629 32 \u0628\u0648\u0635\u0629<br \/>\n\u062a\u0644\u0641\u0632\u064a\u0648\u0646 \u0639\u0627\u0644\u064a \u0627\u0644\u0648\u0636\u0648\u062d<br \/>\n\u062f\u0642\u0629 \u0627\u0644\u0634\u0627\u0634\u0629 1366 \u00d7 768 \u0628\u0643\u0633\u0644<br \/>\nR\u00e9solution Ecran 1366x768px<br \/>\n\u0627\u0644\u0646\u0638\u0627\u0645 \u062a\u0644\u0641\u0632\u064a\u0648\u0646 \u0623\u0646\u062f\u0631\u0648\u064a\u062f GOOGLE TV<br \/>\n\u0646\u0633\u0628\u0629 \u0627\u0644\u062a\u0628\u0627\u064a\u0646 3000:1<br \/>\n\u0633\u0637\u0648\u0639 200 \u0634\u0645\u0639\u0629 \u0641\u064a \u0627\u0644\u0645\u062a\u0631 \u0627\u0644\u0645\u0631\u0628\u0639<br \/>\n\u0632\u0627\u0648\u064a\u0629 \u0639\u0631\u0636 178 \u062f\u0631\u062c\u0629\/178 \u062f\u0631\u062c\u0629<br \/>\n\u062a\u0646\u0633\u064a\u0642 \u0627\u0644\u0634\u0627\u0634\u0629<br \/>\n\u062a\u0631\u062f\u062f \u0627\u0644\u0645\u0633\u062d 60 \u0647\u0631\u062a\u0632<br \/>\n\u0632\u0645\u0646 \u0627\u0644\u0627\u0633\u062a\u062c\u0627\u0628\u0629 3000:1<br \/>\n\u0627\u0644\u0648\u0636\u0639 \u062b\u0644\u0627\u062b\u064a \u0627\u0644\u0623\u0628\u0639\u0627\u062f 19<br \/>\n\u062a\u0644\u0641\u0632\u064a\u0648\u0646 \u0645\u0646\u062d\u0646\u064a 19 \u0628\u0648\u0635\u0629<br \/>\n\u0645\u0643\u0628\u0631 \u0635\u0648\u062a \u0628\u0645\u0642\u0627\u0633 19 \u0628\u0648\u0635\u0629<br \/>\n\u0637\u0627\u0642\u0629 \u0627\u0644\u0625\u062e\u0631\u0627\u062c 2 \u00d7 5 \u0648\u0627\u0637<br \/>\n\u0646\u0638\u0627\u0645 \u0645\u0643\u0628\u0631 \u0627\u0644\u0635\u0648\u062a Dolby Plus<br \/>\n\u062c\u0647\u0627\u0632 \u0641\u0643 \u062a\u0631\u0645\u064a\u0632 \u0627\u0644\u0642\u0645\u0631 \u0627\u0644\u0635\u0646\u0627\u0639\u064a 12504<br \/>\n\u0645\u0648\u0627\u0644\u0641 \u0627\u0644\u0642\u0646\u0648\u0627\u062a \u0627\u0644\u0641\u0636\u0627\u0626\u064a\u0629 18 \u0645\u0648\u0627\u0644\u0641 \u0627\u0644\u0642\u0646\u0648\u0627\u062a \u0627\u0644\u0641\u0636\u0627\u0626\u064a\u0629<br \/>\n\u0645\u0648\u0627\u0644\u0641 \u0627\u0644\u0642\u0646\u0648\u0627\u062a \u0627\u0644\u0623\u0631\u0636\u064a\u0629 \u0627\u0644\u0631\u0642\u0645\u064a\u0629 18 \u0645\u0648\u0627\u0644\u0641 \u0627\u0644\u0642\u0646\u0648\u0627\u062a \u0627\u0644\u0623\u0631\u0636\u064a\u0629 \u0627\u0644\u0631\u0642\u0645\u064a\u0629<br \/>\n\u064a\u0648 \u0625\u0633 \u0628\u064a 1<br \/>\nHDMI 3<br \/>\n\u0645\u0631\u0643\u0628 1<br \/>\n\u0644\u0645\u0643\u0648\u0646 1<br \/>\nWIFI 19<br \/>\n\u0625\u064a\u062b\u0631\u0646\u062a 19<br \/>\n\u0627\u0644\u0639\u0631\u0636 72.3<br \/>\n\u0644\u0627\u0631\u062a\u0641\u0627\u0639 47.5<\/p>","protected":false},"excerpt":{"rendered":"<p>Marque Brandt T\u00e9l\u00e9viseur TV Brandt BA32H400G Cat\u00e9gorie LED Taille Ecran 32 Pouces D\u00e9finition HD TV R\u00e9solution Ecran 1366x768px Syst\u00e8me Android<\/p>","protected":false},"featured_media":30418,"comment_status":"open","ping_status":"closed","template":"","meta":[],"product_brand":[],"product_cat":[28],"product_tag":[],"class_list":{"0":"post-28391","1":"product","2":"type-product","3":"status-publish","4":"has-post-thumbnail","6":"product_cat-television","8":"first","9":"instock","10":"shipping-taxable","11":"purchasable","12":"product-type-variable"},"yoast_head":"<!-- This site is optimized with the Yoast SEO plugin v24.9 - https:\/\/yoast.com\/wordpress\/plugins\/seo\/ -->\n<title>Brandt BA32H400G - Maslak<\/title>\n<meta name=\"robots\" content=\"index, follow, max-snippet:-1, max-image-preview:large, max-video-preview:-1\" \/>\n<link rel=\"canonical\" href=\"https:\/\/tay-sir.com\/ar\/product\/brandt-ba32h400g\/\" \/>\n<meta property=\"og:locale\" content=\"ar_AR\" \/>\n<meta property=\"og:type\" content=\"article\" \/>\n<meta property=\"og:title\" content=\"Brandt BA32H400G - Maslak\" \/>\n<meta property=\"og:description\" content=\"Marque Brandt T\u00e9l\u00e9viseur TV Brandt BA32H400G Cat\u00e9gorie LED Taille Ecran 32 Pouces D\u00e9finition HD TV R\u00e9solution Ecran 1366x768px Syst\u00e8me Android\" \/>\n<meta property=\"og:url\" content=\"https:\/\/tay-sir.com\/ar\/product\/brandt-ba32h400g\/\" \/>\n<meta property=\"og:site_name\" content=\"Maslak\" \/>\n<meta property=\"article:publisher\" content=\"https:\/\/www.facebook.com\/profile.php?id=61566201523117\" \/>\n<meta property=\"article:modified_time\" content=\"2024-10-27T15:38:13+00:00\" \/>\n<meta property=\"og:image\" content=\"https:\/\/tay-sir.com\/wp-content\/uploads\/2024\/08\/Brandt-BA32H400G.jpg\" \/>\n\t<meta property=\"og:image:width\" content=\"400\" \/>\n\t<meta property=\"og:image:height\" content=\"400\" \/>\n\t<meta property=\"og:image:type\" content=\"image\/jpeg\" \/>\n<meta name=\"twitter:card\" content=\"summary_large_image\" \/>\n<script type=\"application\/ld+json\" class=\"yoast-schema-graph\">{\"@context\":\"https:\/\/schema.org\",\"@graph\":[{\"@type\":\"WebPage\",\"@id\":\"https:\/\/tay-sir.com\/produit\/brandt-ba32h400g\/\",\"url\":\"https:\/\/tay-sir.com\/produit\/brandt-ba32h400g\/\",\"name\":\"Brandt BA32H400G - Maslak\",\"isPartOf\":{\"@id\":\"https:\/\/tay-sir.com\/ar\/#website\"},\"primaryImageOfPage\":{\"@id\":\"https:\/\/tay-sir.com\/produit\/brandt-ba32h400g\/#primaryimage\"},\"image\":{\"@id\":\"https:\/\/tay-sir.com\/produit\/brandt-ba32h400g\/#primaryimage\"},\"thumbnailUrl\":\"https:\/\/tay-sir.com\/wp-content\/uploads\/2024\/08\/Brandt-BA32H400G.jpg\",\"datePublished\":\"2024-08-17T10:19:03+00:00\",\"dateModified\":\"2024-10-27T15:38:13+00:00\",\"breadcrumb\":{\"@id\":\"https:\/\/tay-sir.com\/produit\/brandt-ba32h400g\/#breadcrumb\"},\"inLanguage\":\"ar\",\"potentialAction\":[{\"@type\":\"ReadAction\",\"target\":[\"https:\/\/tay-sir.com\/produit\/brandt-ba32h400g\/\"]}]},{\"@type\":\"ImageObject\",\"inLanguage\":\"ar\",\"@id\":\"https:\/\/tay-sir.com\/produit\/brandt-ba32h400g\/#primaryimage\",\"url\":\"https:\/\/tay-sir.com\/wp-content\/uploads\/2024\/08\/Brandt-BA32H400G.jpg\",\"contentUrl\":\"https:\/\/tay-sir.com\/wp-content\/uploads\/2024\/08\/Brandt-BA32H400G.jpg\",\"width\":400,\"height\":400},{\"@type\":\"BreadcrumbList\",\"@id\":\"https:\/\/tay-sir.com\/produit\/brandt-ba32h400g\/#breadcrumb\",\"itemListElement\":[{\"@type\":\"ListItem\",\"position\":1,\"name\":\"Home\",\"item\":\"https:\/\/tay-sir.com\/ar\/\"},{\"@type\":\"ListItem\",\"position\":2,\"name\":\"Boutique\",\"item\":\"https:\/\/tay-sir.com\/boutique\/\"},{\"@type\":\"ListItem\",\"position\":3,\"name\":\"Brandt BA32H400G\"}]},{\"@type\":\"WebSite\",\"@id\":\"https:\/\/tay-sir.com\/ar\/#website\",\"url\":\"https:\/\/tay-sir.com\/ar\/\",\"name\":\"TAY-SIR.com\",\"description\":\"plateforme e-commerce avec financement islamique digital en ligne\",\"publisher\":{\"@id\":\"https:\/\/tay-sir.com\/ar\/#organization\"},\"potentialAction\":[{\"@type\":\"SearchAction\",\"target\":{\"@type\":\"EntryPoint\",\"urlTemplate\":\"https:\/\/tay-sir.com\/ar\/?s={search_term_string}\"},\"query-input\":{\"@type\":\"PropertyValueSpecification\",\"valueRequired\":true,\"valueName\":\"search_term_string\"}}],\"inLanguage\":\"ar\"},{\"@type\":\"Organization\",\"@id\":\"https:\/\/tay-sir.com\/ar\/#organization\",\"name\":\"Taysir\",\"url\":\"https:\/\/tay-sir.com\/ar\/\",\"logo\":{\"@type\":\"ImageObject\",\"inLanguage\":\"ar\",\"@id\":\"https:\/\/tay-sir.com\/ar\/#\/schema\/logo\/image\/\",\"url\":\"https:\/\/tay-sir.com\/wp-content\/uploads\/2024\/10\/profil.jpg\",\"contentUrl\":\"https:\/\/tay-sir.com\/wp-content\/uploads\/2024\/10\/profil.jpg\",\"width\":1024,\"height\":1024,\"caption\":\"Taysir\"},\"image\":{\"@id\":\"https:\/\/tay-sir.com\/ar\/#\/schema\/logo\/image\/\"},\"sameAs\":[\"https:\/\/www.facebook.com\/profile.php?id=61566201523117\",\"https:\/\/www.tiktok.com\/@taysir31000?fbclid=IwY2xjawFor1xleHRuA2FlbQIxMAABHQqa6Ko0Z_QFAZb-7Bltxo0G0y0YuIXxVxPenEAWDkGyOgZp7D3Bq1oJAA_aem_TiTB-X9kxzhzORQbwqQiYw\",\"https:\/\/www.instagram.com\/taysirfacilite\/\"]}]}<\/script>\n<!-- \/ Yoast SEO plugin. -->","yoast_head_json":{"title":"Brandt BA32H400G - Maslak","robots":{"index":"index","follow":"follow","max-snippet":"max-snippet:-1","max-image-preview":"max-image-preview:large","max-video-preview":"max-video-preview:-1"},"canonical":"https:\/\/tay-sir.com\/ar\/product\/brandt-ba32h400g\/","og_locale":"ar_AR","og_type":"article","og_title":"Brandt BA32H400G - Maslak","og_description":"Marque Brandt T\u00e9l\u00e9viseur TV Brandt BA32H400G Cat\u00e9gorie LED Taille Ecran 32 Pouces D\u00e9finition HD TV R\u00e9solution Ecran 1366x768px Syst\u00e8me Android","og_url":"https:\/\/tay-sir.com\/ar\/product\/brandt-ba32h400g\/","og_site_name":"Maslak","article_publisher":"https:\/\/www.facebook.com\/profile.php?id=61566201523117","article_modified_time":"2024-10-27T15:38:13+00:00","og_image":[{"width":400,"height":400,"url":"https:\/\/tay-sir.com\/wp-content\/uploads\/2024\/08\/Brandt-BA32H400G.jpg","type":"image\/jpeg"}],"twitter_card":"summary_large_image","schema":{"@context":"https:\/\/schema.org","@graph":[{"@type":"WebPage","@id":"https:\/\/tay-sir.com\/produit\/brandt-ba32h400g\/","url":"https:\/\/tay-sir.com\/produit\/brandt-ba32h400g\/","name":"Brandt BA32H400G - Maslak","isPartOf":{"@id":"https:\/\/tay-sir.com\/ar\/#website"},"primaryImageOfPage":{"@id":"https:\/\/tay-sir.com\/produit\/brandt-ba32h400g\/#primaryimage"},"image":{"@id":"https:\/\/tay-sir.com\/produit\/brandt-ba32h400g\/#primaryimage"},"thumbnailUrl":"https:\/\/tay-sir.com\/wp-content\/uploads\/2024\/08\/Brandt-BA32H400G.jpg","datePublished":"2024-08-17T10:19:03+00:00","dateModified":"2024-10-27T15:38:13+00:00","breadcrumb":{"@id":"https:\/\/tay-sir.com\/produit\/brandt-ba32h400g\/#breadcrumb"},"inLanguage":"ar","potentialAction":[{"@type":"ReadAction","target":["https:\/\/tay-sir.com\/produit\/brandt-ba32h400g\/"]}]},{"@type":"ImageObject","inLanguage":"ar","@id":"https:\/\/tay-sir.com\/produit\/brandt-ba32h400g\/#primaryimage","url":"https:\/\/tay-sir.com\/wp-content\/uploads\/2024\/08\/Brandt-BA32H400G.jpg","contentUrl":"https:\/\/tay-sir.com\/wp-content\/uploads\/2024\/08\/Brandt-BA32H400G.jpg","width":400,"height":400},{"@type":"BreadcrumbList","@id":"https:\/\/tay-sir.com\/produit\/brandt-ba32h400g\/#breadcrumb","itemListElement":[{"@type":"ListItem","position":1,"name":"Home","item":"https:\/\/tay-sir.com\/ar\/"},{"@type":"ListItem","position":2,"name":"Boutique","item":"https:\/\/tay-sir.com\/boutique\/"},{"@type":"ListItem","position":3,"name":"Brandt BA32H400G"}]},{"@type":"WebSite","@id":"https:\/\/tay-sir.com\/ar\/#website","url":"https:\/\/tay-sir.com\/ar\/","name":"TAY-SIR.com","description":"plateforme e-commerce avec financement islamique digital en ligne","publisher":{"@id":"https:\/\/tay-sir.com\/ar\/#organization"},"potentialAction":[{"@type":"SearchAction","target":{"@type":"EntryPoint","urlTemplate":"https:\/\/tay-sir.com\/ar\/?s={search_term_string}"},"query-input":{"@type":"PropertyValueSpecification","valueRequired":true,"valueName":"search_term_string"}}],"inLanguage":"ar"},{"@type":"Organization","@id":"https:\/\/tay-sir.com\/ar\/#organization","name":"Taysir","url":"https:\/\/tay-sir.com\/ar\/","logo":{"@type":"ImageObject","inLanguage":"ar","@id":"https:\/\/tay-sir.com\/ar\/#\/schema\/logo\/image\/","url":"https:\/\/tay-sir.com\/wp-content\/uploads\/2024\/10\/profil.jpg","contentUrl":"https:\/\/tay-sir.com\/wp-content\/uploads\/2024\/10\/profil.jpg","width":1024,"height":1024,"caption":"Taysir"},"image":{"@id":"https:\/\/tay-sir.com\/ar\/#\/schema\/logo\/image\/"},"sameAs":["https:\/\/www.facebook.com\/profile.php?id=61566201523117","https:\/\/www.tiktok.com\/@taysir31000?fbclid=IwY2xjawFor1xleHRuA2FlbQIxMAABHQqa6Ko0Z_QFAZb-7Bltxo0G0y0YuIXxVxPenEAWDkGyOgZp7D3Bq1oJAA_aem_TiTB-X9kxzhzORQbwqQiYw","https:\/\/www.instagram.com\/taysirfacilite\/"]}]}},"_links":{"self":[{"href":"https:\/\/tay-sir.com\/ar\/wp-json\/wp\/v2\/product\/28391","targetHints":{"allow":["GET"]}}],"collection":[{"href":"https:\/\/tay-sir.com\/ar\/wp-json\/wp\/v2\/product"}],"about":[{"href":"https:\/\/tay-sir.com\/ar\/wp-json\/wp\/v2\/types\/product"}],"replies":[{"embeddable":true,"href":"https:\/\/tay-sir.com\/ar\/wp-json\/wp\/v2\/comments?post=28391"}],"version-history":[{"count":1,"href":"https:\/\/tay-sir.com\/ar\/wp-json\/wp\/v2\/product\/28391\/revisions"}],"predecessor-version":[{"id":28400,"href":"https:\/\/tay-sir.com\/ar\/wp-json\/wp\/v2\/product\/28391\/revisions\/28400"}],"wp:featuredmedia":[{"embeddable":true,"href":"https:\/\/tay-sir.com\/ar\/wp-json\/wp\/v2\/media\/30418"}],"wp:attachment":[{"href":"https:\/\/tay-sir.com\/ar\/wp-json\/wp\/v2\/media?parent=28391"}],"wp:term":[{"taxonomy":"product_brand","embeddable":true,"href":"https:\/\/tay-sir.com\/ar\/wp-json\/wp\/v2\/product_brand?post=28391"},{"taxonomy":"product_cat","embeddable":true,"href":"https:\/\/tay-sir.com\/ar\/wp-json\/wp\/v2\/product_cat?post=28391"},{"taxonomy":"product_tag","embeddable":true,"href":"https:\/\/tay-sir.com\/ar\/wp-json\/wp\/v2\/product_tag?post=28391"}],"curies":[{"name":"wp","href":"https:\/\/api.w.org\/{rel}","templated":true}]}}