{"id":28417,"date":"2024-08-17T11:45:54","date_gmt":"2024-08-17T10:45:54","guid":{"rendered":"https:\/\/tay-sir.com\/?post_type=product&#038;p=28417"},"modified":"2024-10-27T16:33:28","modified_gmt":"2024-10-27T15:33:28","slug":"lg-55ur80006lj","status":"publish","type":"product","link":"https:\/\/tay-sir.com\/ar\/product\/lg-55ur80006lj\/","title":{"rendered":"LG 55UR80006LJ"},"content":{"rendered":"<p><span data-sheets-root=\"1\">Marque LG<br \/>\nT\u00e9l\u00e9viseur TV LG 55UR80006LJ<br \/>\n\u062d\u062c\u0645 \u0627\u0644\u0634\u0627\u0634\u0629 32 \u0628\u0648\u0635\u0629<br \/>\nTaille Ecran 55 Pouces<br \/>\nD\u00e9finition UHD 4K<br \/>\nR\u00e9solution Ecran 3840 x 2160px<br \/>\nSyst\u00e8me Smart TV WebOS 23<br \/>\nTaux de contraste NC<br \/>\nLuminosit\u00e9 NC<br \/>\n\u0632\u0627\u0648\u064a\u0629 \u0639\u0631\u0636 178 \u062f\u0631\u062c\u0629\/178 \u062f\u0631\u062c\u0629<br \/>\nFormat d&rsquo;\u00e9cran 16:9<br \/>\nFr\u00e9quence de balayage 50Hz<br \/>\nTemps de r\u00e9ponse NC<br \/>\n\u0627\u0644\u0648\u0636\u0639 \u062b\u0644\u0627\u062b\u064a \u0627\u0644\u0623\u0628\u0639\u0627\u062f 19<br \/>\n\u062a\u0644\u0641\u0632\u064a\u0648\u0646 \u0645\u0646\u062d\u0646\u064a 19 \u0628\u0648\u0635\u0629<\/span><\/p>\n<p>\u0645\u0643\u0628\u0631 \u0635\u0648\u062a \u0628\u0645\u0642\u0627\u0633 19 \u0628\u0648\u0635\u0629<br \/>\nSon Mono NC<br \/>\nSon St\u00e9r\u00e9o NC<br \/>\nPuissance de sortie 20W<br \/>\nSyst\u00e8me d&rsquo;enceintes<\/p>\n<p>D\u00e9codeur Satellite 19<br \/>\n\u0645\u0648\u0627\u0644\u0641 \u0627\u0644\u0642\u0646\u0648\u0627\u062a \u0627\u0644\u0641\u0636\u0627\u0626\u064a\u0629 18 \u0645\u0648\u0627\u0644\u0641 \u0627\u0644\u0642\u0646\u0648\u0627\u062a \u0627\u0644\u0641\u0636\u0627\u0626\u064a\u0629<br \/>\n\u0645\u0648\u0627\u0644\u0641 \u0627\u0644\u0642\u0646\u0648\u0627\u062a \u0627\u0644\u0623\u0631\u0636\u064a\u0629 \u0627\u0644\u0631\u0642\u0645\u064a\u0629 18 \u0645\u0648\u0627\u0644\u0641 \u0627\u0644\u0642\u0646\u0648\u0627\u062a \u0627\u0644\u0623\u0631\u0636\u064a\u0629 \u0627\u0644\u0631\u0642\u0645\u064a\u0629<\/p>\n<p>USB 2<br \/>\nHDMI 3<br \/>\nS-Video NC<br \/>\n\u0645\u0631\u0643\u0628 1<br \/>\n\u0644\u0645\u0643\u0648\u0646 1<br \/>\nP\u00e9ritel NC<br \/>\nDVI NC<br \/>\nWIFI 18 WIFI<br \/>\nEthernet 18 Ethernet<\/p>\n<p>Largeur 123.5<br \/>\nHauteur 77.6<br \/>\nProfondeur 2.31<br \/>\nPoids 14.2<\/p>","protected":false},"excerpt":{"rendered":"<p>Marque LG T\u00e9l\u00e9viseur TV LG 55UR80006LJ Cat\u00e9gorie LED Taille Ecran 55 Pouces D\u00e9finition UHD 4K R\u00e9solution Ecran 3840 x 2160px<\/p>","protected":false},"featured_media":28418,"comment_status":"open","ping_status":"closed","template":"","meta":[],"product_brand":[],"product_cat":[28],"product_tag":[],"class_list":{"0":"post-28417","1":"product","2":"type-product","3":"status-publish","4":"has-post-thumbnail","6":"product_cat-television","8":"first","9":"instock","10":"shipping-taxable","11":"purchasable","12":"product-type-variable"},"yoast_head":"<!-- This site is optimized with the Yoast SEO plugin v24.9 - https:\/\/yoast.com\/wordpress\/plugins\/seo\/ -->\n<title>LG 55UR80006LJ - Maslak<\/title>\n<meta name=\"robots\" content=\"index, follow, max-snippet:-1, max-image-preview:large, max-video-preview:-1\" \/>\n<link rel=\"canonical\" href=\"https:\/\/tay-sir.com\/ar\/product\/lg-55ur80006lj\/\" \/>\n<meta property=\"og:locale\" content=\"ar_AR\" \/>\n<meta property=\"og:type\" content=\"article\" \/>\n<meta property=\"og:title\" content=\"LG 55UR80006LJ - Maslak\" \/>\n<meta property=\"og:description\" content=\"Marque LG T\u00e9l\u00e9viseur TV LG 55UR80006LJ Cat\u00e9gorie LED Taille Ecran 55 Pouces D\u00e9finition UHD 4K R\u00e9solution Ecran 3840 x 2160px\" \/>\n<meta property=\"og:url\" content=\"https:\/\/tay-sir.com\/ar\/product\/lg-55ur80006lj\/\" \/>\n<meta property=\"og:site_name\" content=\"Maslak\" \/>\n<meta property=\"article:publisher\" content=\"https:\/\/www.facebook.com\/profile.php?id=61566201523117\" \/>\n<meta property=\"article:modified_time\" content=\"2024-10-27T15:33:28+00:00\" \/>\n<meta property=\"og:image\" content=\"https:\/\/tay-sir.com\/wp-content\/uploads\/2024\/10\/site-image.jpg\" \/>\n\t<meta property=\"og:image:width\" content=\"1200\" \/>\n\t<meta property=\"og:image:height\" content=\"675\" \/>\n\t<meta property=\"og:image:type\" content=\"image\/jpeg\" \/>\n<meta name=\"twitter:card\" content=\"summary_large_image\" \/>\n<meta name=\"twitter:label1\" content=\"\u0648\u0642\u062a \u0627\u0644\u0642\u0631\u0627\u0621\u0629 \u0627\u0644\u0645\u064f\u0642\u062f\u0651\u0631\" \/>\n\t<meta name=\"twitter:data1\" content=\"\u062f\u0642\u064a\u0642\u0629 \u0648\u0627\u062d\u062f\u0629\" \/>\n<script type=\"application\/ld+json\" class=\"yoast-schema-graph\">{\"@context\":\"https:\/\/schema.org\",\"@graph\":[{\"@type\":\"WebPage\",\"@id\":\"https:\/\/tay-sir.com\/produit\/lg-55ur80006lj\/\",\"url\":\"https:\/\/tay-sir.com\/produit\/lg-55ur80006lj\/\",\"name\":\"LG 55UR80006LJ - Maslak\",\"isPartOf\":{\"@id\":\"https:\/\/tay-sir.com\/ar\/#website\"},\"primaryImageOfPage\":{\"@id\":\"https:\/\/tay-sir.com\/produit\/lg-55ur80006lj\/#primaryimage\"},\"image\":{\"@id\":\"https:\/\/tay-sir.com\/produit\/lg-55ur80006lj\/#primaryimage\"},\"thumbnailUrl\":\"https:\/\/tay-sir.com\/wp-content\/uploads\/2024\/08\/450x450_50UR80_01.avif\",\"datePublished\":\"2024-08-17T10:45:54+00:00\",\"dateModified\":\"2024-10-27T15:33:28+00:00\",\"breadcrumb\":{\"@id\":\"https:\/\/tay-sir.com\/produit\/lg-55ur80006lj\/#breadcrumb\"},\"inLanguage\":\"ar\",\"potentialAction\":[{\"@type\":\"ReadAction\",\"target\":[\"https:\/\/tay-sir.com\/produit\/lg-55ur80006lj\/\"]}]},{\"@type\":\"ImageObject\",\"inLanguage\":\"ar\",\"@id\":\"https:\/\/tay-sir.com\/produit\/lg-55ur80006lj\/#primaryimage\",\"url\":\"https:\/\/tay-sir.com\/wp-content\/uploads\/2024\/08\/450x450_50UR80_01.avif\",\"contentUrl\":\"https:\/\/tay-sir.com\/wp-content\/uploads\/2024\/08\/450x450_50UR80_01.avif\",\"width\":450,\"height\":450},{\"@type\":\"BreadcrumbList\",\"@id\":\"https:\/\/tay-sir.com\/produit\/lg-55ur80006lj\/#breadcrumb\",\"itemListElement\":[{\"@type\":\"ListItem\",\"position\":1,\"name\":\"Home\",\"item\":\"https:\/\/tay-sir.com\/ar\/\"},{\"@type\":\"ListItem\",\"position\":2,\"name\":\"Boutique\",\"item\":\"https:\/\/tay-sir.com\/boutique\/\"},{\"@type\":\"ListItem\",\"position\":3,\"name\":\"LG 55UR80006LJ\"}]},{\"@type\":\"WebSite\",\"@id\":\"https:\/\/tay-sir.com\/ar\/#website\",\"url\":\"https:\/\/tay-sir.com\/ar\/\",\"name\":\"TAY-SIR.com\",\"description\":\"plateforme e-commerce avec financement islamique digital en ligne\",\"publisher\":{\"@id\":\"https:\/\/tay-sir.com\/ar\/#organization\"},\"potentialAction\":[{\"@type\":\"SearchAction\",\"target\":{\"@type\":\"EntryPoint\",\"urlTemplate\":\"https:\/\/tay-sir.com\/ar\/?s={search_term_string}\"},\"query-input\":{\"@type\":\"PropertyValueSpecification\",\"valueRequired\":true,\"valueName\":\"search_term_string\"}}],\"inLanguage\":\"ar\"},{\"@type\":\"Organization\",\"@id\":\"https:\/\/tay-sir.com\/ar\/#organization\",\"name\":\"Taysir\",\"url\":\"https:\/\/tay-sir.com\/ar\/\",\"logo\":{\"@type\":\"ImageObject\",\"inLanguage\":\"ar\",\"@id\":\"https:\/\/tay-sir.com\/ar\/#\/schema\/logo\/image\/\",\"url\":\"https:\/\/tay-sir.com\/wp-content\/uploads\/2024\/10\/profil.jpg\",\"contentUrl\":\"https:\/\/tay-sir.com\/wp-content\/uploads\/2024\/10\/profil.jpg\",\"width\":1024,\"height\":1024,\"caption\":\"Taysir\"},\"image\":{\"@id\":\"https:\/\/tay-sir.com\/ar\/#\/schema\/logo\/image\/\"},\"sameAs\":[\"https:\/\/www.facebook.com\/profile.php?id=61566201523117\",\"https:\/\/www.tiktok.com\/@taysir31000?fbclid=IwY2xjawFor1xleHRuA2FlbQIxMAABHQqa6Ko0Z_QFAZb-7Bltxo0G0y0YuIXxVxPenEAWDkGyOgZp7D3Bq1oJAA_aem_TiTB-X9kxzhzORQbwqQiYw\",\"https:\/\/www.instagram.com\/taysirfacilite\/\"]}]}<\/script>\n<!-- \/ Yoast SEO plugin. -->","yoast_head_json":{"title":"LG 55UR80006LJ - Maslak","robots":{"index":"index","follow":"follow","max-snippet":"max-snippet:-1","max-image-preview":"max-image-preview:large","max-video-preview":"max-video-preview:-1"},"canonical":"https:\/\/tay-sir.com\/ar\/product\/lg-55ur80006lj\/","og_locale":"ar_AR","og_type":"article","og_title":"LG 55UR80006LJ - Maslak","og_description":"Marque LG T\u00e9l\u00e9viseur TV LG 55UR80006LJ Cat\u00e9gorie LED Taille Ecran 55 Pouces D\u00e9finition UHD 4K R\u00e9solution Ecran 3840 x 2160px","og_url":"https:\/\/tay-sir.com\/ar\/product\/lg-55ur80006lj\/","og_site_name":"Maslak","article_publisher":"https:\/\/www.facebook.com\/profile.php?id=61566201523117","article_modified_time":"2024-10-27T15:33:28+00:00","og_image":[{"width":1200,"height":675,"url":"https:\/\/tay-sir.com\/wp-content\/uploads\/2024\/10\/site-image.jpg","type":"image\/jpeg"}],"twitter_card":"summary_large_image","twitter_misc":{"\u0648\u0642\u062a \u0627\u0644\u0642\u0631\u0627\u0621\u0629 \u0627\u0644\u0645\u064f\u0642\u062f\u0651\u0631":"\u062f\u0642\u064a\u0642\u0629 \u0648\u0627\u062d\u062f\u0629"},"schema":{"@context":"https:\/\/schema.org","@graph":[{"@type":"WebPage","@id":"https:\/\/tay-sir.com\/produit\/lg-55ur80006lj\/","url":"https:\/\/tay-sir.com\/produit\/lg-55ur80006lj\/","name":"LG 55UR80006LJ - Maslak","isPartOf":{"@id":"https:\/\/tay-sir.com\/ar\/#website"},"primaryImageOfPage":{"@id":"https:\/\/tay-sir.com\/produit\/lg-55ur80006lj\/#primaryimage"},"image":{"@id":"https:\/\/tay-sir.com\/produit\/lg-55ur80006lj\/#primaryimage"},"thumbnailUrl":"https:\/\/tay-sir.com\/wp-content\/uploads\/2024\/08\/450x450_50UR80_01.avif","datePublished":"2024-08-17T10:45:54+00:00","dateModified":"2024-10-27T15:33:28+00:00","breadcrumb":{"@id":"https:\/\/tay-sir.com\/produit\/lg-55ur80006lj\/#breadcrumb"},"inLanguage":"ar","potentialAction":[{"@type":"ReadAction","target":["https:\/\/tay-sir.com\/produit\/lg-55ur80006lj\/"]}]},{"@type":"ImageObject","inLanguage":"ar","@id":"https:\/\/tay-sir.com\/produit\/lg-55ur80006lj\/#primaryimage","url":"https:\/\/tay-sir.com\/wp-content\/uploads\/2024\/08\/450x450_50UR80_01.avif","contentUrl":"https:\/\/tay-sir.com\/wp-content\/uploads\/2024\/08\/450x450_50UR80_01.avif","width":450,"height":450},{"@type":"BreadcrumbList","@id":"https:\/\/tay-sir.com\/produit\/lg-55ur80006lj\/#breadcrumb","itemListElement":[{"@type":"ListItem","position":1,"name":"Home","item":"https:\/\/tay-sir.com\/ar\/"},{"@type":"ListItem","position":2,"name":"Boutique","item":"https:\/\/tay-sir.com\/boutique\/"},{"@type":"ListItem","position":3,"name":"LG 55UR80006LJ"}]},{"@type":"WebSite","@id":"https:\/\/tay-sir.com\/ar\/#website","url":"https:\/\/tay-sir.com\/ar\/","name":"TAY-SIR.com","description":"plateforme e-commerce avec financement islamique digital en ligne","publisher":{"@id":"https:\/\/tay-sir.com\/ar\/#organization"},"potentialAction":[{"@type":"SearchAction","target":{"@type":"EntryPoint","urlTemplate":"https:\/\/tay-sir.com\/ar\/?s={search_term_string}"},"query-input":{"@type":"PropertyValueSpecification","valueRequired":true,"valueName":"search_term_string"}}],"inLanguage":"ar"},{"@type":"Organization","@id":"https:\/\/tay-sir.com\/ar\/#organization","name":"Taysir","url":"https:\/\/tay-sir.com\/ar\/","logo":{"@type":"ImageObject","inLanguage":"ar","@id":"https:\/\/tay-sir.com\/ar\/#\/schema\/logo\/image\/","url":"https:\/\/tay-sir.com\/wp-content\/uploads\/2024\/10\/profil.jpg","contentUrl":"https:\/\/tay-sir.com\/wp-content\/uploads\/2024\/10\/profil.jpg","width":1024,"height":1024,"caption":"Taysir"},"image":{"@id":"https:\/\/tay-sir.com\/ar\/#\/schema\/logo\/image\/"},"sameAs":["https:\/\/www.facebook.com\/profile.php?id=61566201523117","https:\/\/www.tiktok.com\/@taysir31000?fbclid=IwY2xjawFor1xleHRuA2FlbQIxMAABHQqa6Ko0Z_QFAZb-7Bltxo0G0y0YuIXxVxPenEAWDkGyOgZp7D3Bq1oJAA_aem_TiTB-X9kxzhzORQbwqQiYw","https:\/\/www.instagram.com\/taysirfacilite\/"]}]}},"_links":{"self":[{"href":"https:\/\/tay-sir.com\/ar\/wp-json\/wp\/v2\/product\/28417","targetHints":{"allow":["GET"]}}],"collection":[{"href":"https:\/\/tay-sir.com\/ar\/wp-json\/wp\/v2\/product"}],"about":[{"href":"https:\/\/tay-sir.com\/ar\/wp-json\/wp\/v2\/types\/product"}],"replies":[{"embeddable":true,"href":"https:\/\/tay-sir.com\/ar\/wp-json\/wp\/v2\/comments?post=28417"}],"version-history":[{"count":2,"href":"https:\/\/tay-sir.com\/ar\/wp-json\/wp\/v2\/product\/28417\/revisions"}],"predecessor-version":[{"id":30166,"href":"https:\/\/tay-sir.com\/ar\/wp-json\/wp\/v2\/product\/28417\/revisions\/30166"}],"wp:featuredmedia":[{"embeddable":true,"href":"https:\/\/tay-sir.com\/ar\/wp-json\/wp\/v2\/media\/28418"}],"wp:attachment":[{"href":"https:\/\/tay-sir.com\/ar\/wp-json\/wp\/v2\/media?parent=28417"}],"wp:term":[{"taxonomy":"product_brand","embeddable":true,"href":"https:\/\/tay-sir.com\/ar\/wp-json\/wp\/v2\/product_brand?post=28417"},{"taxonomy":"product_cat","embeddable":true,"href":"https:\/\/tay-sir.com\/ar\/wp-json\/wp\/v2\/product_cat?post=28417"},{"taxonomy":"product_tag","embeddable":true,"href":"https:\/\/tay-sir.com\/ar\/wp-json\/wp\/v2\/product_tag?post=28417"}],"curies":[{"name":"wp","href":"https:\/\/api.w.org\/{rel}","templated":true}]}}