{"id":28493,"date":"2024-08-17T14:59:23","date_gmt":"2024-08-17T13:59:23","guid":{"rendered":"https:\/\/tay-sir.com\/produit\/samsung-galaxy-note-20\/"},"modified":"2024-10-17T12:45:14","modified_gmt":"2024-10-17T11:45:14","slug":"samsung-galaxy-note-20","status":"publish","type":"product","link":"https:\/\/tay-sir.com\/ar\/product\/samsung-galaxy-note-20\/","title":{"rendered":"Samsung Galaxy Note 20"},"content":{"rendered":"<p>Marque Samsung<br \/>\nT\u00e9l\u00e9phone Portable Samsung Galaxy Note 20<br \/>\nR\u00e9f\u00e9rence SM-N980F<br \/>\nDimension (L x H x P) 7.5 x 16.1 x 0.8 mm<br \/>\nPoids 192 g<br \/>\nType carte SIM Nano Sim<br \/>\nDouble Puce (SIM) Double Puce<br \/>\nEtanche 12504<\/p>\n<p>Type Ecran Super AMOLED + HDR10 +<br \/>\nTaille Ecran 6.7 pouces<br \/>\nR\u00e9solution Ecran 2400 x 1080 px Densit\u00e9 393 ppi<br \/>\nProtection Ecran Corning Gorilla Glass 5<\/p>\n<p>Syst\u00e9me Android 10, une interface utilisateur 2.5<br \/>\nChipset Exynos 990 (7 nm+)<br \/>\nProcesseur (CPU) Octa-core (2&#215;2.73 GHz Mongoose M5 &amp; 2&#215;2.50 GHz Cortex-A76 &amp; 4&#215;2.0 GHz Cortex-A55)<br \/>\nPuce Graphique (GPU) Mali-G77 MP11<br \/>\nCapteurs Lecteur d&#8217;empreinte sous \u00e9cran, ultrasons<br \/>\nAcc\u00e9l\u00e9rom\u00e9tre<br \/>\nGyroscope<br \/>\nProximit\u00e9<br \/>\nBoussole<br \/>\nBarom\u00e9tre<\/p>\n<p>M\u00e9moire Vive (RAM) 8 Go<br \/>\nSupport cartes m\u00e9moire 19<br \/>\nM\u00e9moire stockage (Disque) 256 Go<\/p>\n<p>Appareil Photo Arri\u00e8re: 64 m\u00e9gapixels<br \/>\n3 Capteurs<br \/>\n12 MP, f\/1.8, 26mm (wide), 1\/1.76<br \/>\n64 MP, f\/2.0, 27mm (telephoto), 1\/1.72<br \/>\n12 MP, f\/2.2, 120\u02da, 13mm (ultrawide), 1\/2.55<br \/>\nLED flash, auto-HDR, panorama<br \/>\n8K@24fps, 4K@30\/60fps, 1080p@30\/60\/240fps, 720p@960fps, HDR10+, stereo sound rec., gyro-EIS &amp; OIS<br \/>\nAppareil Photo Selfie :10 m\u00e9gapixels<br \/>\n10 MP, f\/2.2, 26mm (wide), 1\/3.2 m\u00e9gapixels<br \/>\nDual video call, Auto-HDR<br \/>\n4K@30\/60fps, 1080p@30fps<\/p>\n<p>Type r\u00e9seau :4G LTE<br \/>\nWiFi : Wi-Fi 802.11 a\/b\/g\/n\/ac\/6, dual-band, Wi-Fi Direct, hotspot<br \/>\nUSB: USB Type-C 3.2, USB On-The-Go<br \/>\nBluetooth : Bluetooth Bluetooth 5.0, A2DP, LE, aptX<br \/>\nGPS :GPS A-GPS, GLONASS, BDS, GALILEO<br \/>\nNFC NFC<br \/>\nRadio FM Radio FM<\/p>\n<p>Batterie 4300 mAh non amovible<br \/>\nFast charging 25W USB Power Delivery 3.0 Fast Qi\/PMA wireless charging 15W Reverse wireless charging 4.5W<br \/>\nBatterie Chargement sans fil Chargement sans fil<\/p>","protected":false},"excerpt":{"rendered":"<p>Marque Samsung T\u00e9l\u00e9phone Portable Samsung Galaxy Note 20 R\u00e9f\u00e9rence SM-N980F Dimension (L x H x P) 7.5 x 16.1 x<\/p>","protected":false},"featured_media":30359,"comment_status":"open","ping_status":"closed","template":"","meta":[],"product_brand":[],"product_cat":[29],"product_tag":[],"class_list":{"0":"post-28493","1":"product","2":"type-product","3":"status-publish","4":"has-post-thumbnail","6":"product_cat-telephone","8":"first","9":"instock","10":"shipping-taxable","11":"purchasable","12":"product-type-variable"},"yoast_head":"<!-- This site is optimized with the Yoast SEO plugin v24.9 - https:\/\/yoast.com\/wordpress\/plugins\/seo\/ -->\n<title>Samsung Galaxy Note 20 - Maslak<\/title>\n<meta name=\"robots\" content=\"index, follow, max-snippet:-1, max-image-preview:large, max-video-preview:-1\" \/>\n<link rel=\"canonical\" href=\"https:\/\/tay-sir.com\/ar\/product\/samsung-galaxy-note-20\/\" \/>\n<meta property=\"og:locale\" content=\"ar_AR\" \/>\n<meta property=\"og:type\" content=\"article\" \/>\n<meta property=\"og:title\" content=\"Samsung Galaxy Note 20 - Maslak\" \/>\n<meta property=\"og:description\" content=\"Marque Samsung T\u00e9l\u00e9phone Portable Samsung Galaxy Note 20 R\u00e9f\u00e9rence SM-N980F Dimension (L x H x P) 7.5 x 16.1 x\" \/>\n<meta property=\"og:url\" content=\"https:\/\/tay-sir.com\/ar\/product\/samsung-galaxy-note-20\/\" \/>\n<meta property=\"og:site_name\" content=\"Maslak\" \/>\n<meta property=\"article:publisher\" content=\"https:\/\/www.facebook.com\/profile.php?id=61566201523117\" \/>\n<meta property=\"article:modified_time\" content=\"2024-10-17T11:45:14+00:00\" \/>\n<meta property=\"og:image\" content=\"https:\/\/tay-sir.com\/wp-content\/uploads\/2024\/08\/Samsung-Galaxy-Note-20.jpg\" \/>\n\t<meta property=\"og:image:width\" content=\"400\" \/>\n\t<meta property=\"og:image:height\" content=\"400\" \/>\n\t<meta property=\"og:image:type\" content=\"image\/jpeg\" \/>\n<meta name=\"twitter:card\" content=\"summary_large_image\" \/>\n<meta name=\"twitter:label1\" content=\"\u0648\u0642\u062a \u0627\u0644\u0642\u0631\u0627\u0621\u0629 \u0627\u0644\u0645\u064f\u0642\u062f\u0651\u0631\" \/>\n\t<meta name=\"twitter:data1\" content=\"\u062f\u0642\u064a\u0642\u0629 \u0648\u0627\u062d\u062f\u0629\" \/>\n<script type=\"application\/ld+json\" class=\"yoast-schema-graph\">{\"@context\":\"https:\/\/schema.org\",\"@graph\":[{\"@type\":\"WebPage\",\"@id\":\"https:\/\/tay-sir.com\/produit\/samsung-galaxy-note-20\/\",\"url\":\"https:\/\/tay-sir.com\/produit\/samsung-galaxy-note-20\/\",\"name\":\"Samsung Galaxy Note 20 - Maslak\",\"isPartOf\":{\"@id\":\"https:\/\/tay-sir.com\/ar\/#website\"},\"primaryImageOfPage\":{\"@id\":\"https:\/\/tay-sir.com\/produit\/samsung-galaxy-note-20\/#primaryimage\"},\"image\":{\"@id\":\"https:\/\/tay-sir.com\/produit\/samsung-galaxy-note-20\/#primaryimage\"},\"thumbnailUrl\":\"https:\/\/tay-sir.com\/wp-content\/uploads\/2024\/08\/Samsung-Galaxy-Note-20.jpg\",\"datePublished\":\"2024-08-17T13:59:23+00:00\",\"dateModified\":\"2024-10-17T11:45:14+00:00\",\"breadcrumb\":{\"@id\":\"https:\/\/tay-sir.com\/produit\/samsung-galaxy-note-20\/#breadcrumb\"},\"inLanguage\":\"ar\",\"potentialAction\":[{\"@type\":\"ReadAction\",\"target\":[\"https:\/\/tay-sir.com\/produit\/samsung-galaxy-note-20\/\"]}]},{\"@type\":\"ImageObject\",\"inLanguage\":\"ar\",\"@id\":\"https:\/\/tay-sir.com\/produit\/samsung-galaxy-note-20\/#primaryimage\",\"url\":\"https:\/\/tay-sir.com\/wp-content\/uploads\/2024\/08\/Samsung-Galaxy-Note-20.jpg\",\"contentUrl\":\"https:\/\/tay-sir.com\/wp-content\/uploads\/2024\/08\/Samsung-Galaxy-Note-20.jpg\",\"width\":400,\"height\":400},{\"@type\":\"BreadcrumbList\",\"@id\":\"https:\/\/tay-sir.com\/produit\/samsung-galaxy-note-20\/#breadcrumb\",\"itemListElement\":[{\"@type\":\"ListItem\",\"position\":1,\"name\":\"Home\",\"item\":\"https:\/\/tay-sir.com\/ar\/\"},{\"@type\":\"ListItem\",\"position\":2,\"name\":\"Boutique\",\"item\":\"https:\/\/tay-sir.com\/boutique\/\"},{\"@type\":\"ListItem\",\"position\":3,\"name\":\"Samsung Galaxy Note 20\"}]},{\"@type\":\"WebSite\",\"@id\":\"https:\/\/tay-sir.com\/ar\/#website\",\"url\":\"https:\/\/tay-sir.com\/ar\/\",\"name\":\"TAY-SIR.com\",\"description\":\"plateforme e-commerce avec financement islamique digital en ligne\",\"publisher\":{\"@id\":\"https:\/\/tay-sir.com\/ar\/#organization\"},\"potentialAction\":[{\"@type\":\"SearchAction\",\"target\":{\"@type\":\"EntryPoint\",\"urlTemplate\":\"https:\/\/tay-sir.com\/ar\/?s={search_term_string}\"},\"query-input\":{\"@type\":\"PropertyValueSpecification\",\"valueRequired\":true,\"valueName\":\"search_term_string\"}}],\"inLanguage\":\"ar\"},{\"@type\":\"Organization\",\"@id\":\"https:\/\/tay-sir.com\/ar\/#organization\",\"name\":\"Taysir\",\"url\":\"https:\/\/tay-sir.com\/ar\/\",\"logo\":{\"@type\":\"ImageObject\",\"inLanguage\":\"ar\",\"@id\":\"https:\/\/tay-sir.com\/ar\/#\/schema\/logo\/image\/\",\"url\":\"https:\/\/tay-sir.com\/wp-content\/uploads\/2024\/10\/profil.jpg\",\"contentUrl\":\"https:\/\/tay-sir.com\/wp-content\/uploads\/2024\/10\/profil.jpg\",\"width\":1024,\"height\":1024,\"caption\":\"Taysir\"},\"image\":{\"@id\":\"https:\/\/tay-sir.com\/ar\/#\/schema\/logo\/image\/\"},\"sameAs\":[\"https:\/\/www.facebook.com\/profile.php?id=61566201523117\",\"https:\/\/www.tiktok.com\/@taysir31000?fbclid=IwY2xjawFor1xleHRuA2FlbQIxMAABHQqa6Ko0Z_QFAZb-7Bltxo0G0y0YuIXxVxPenEAWDkGyOgZp7D3Bq1oJAA_aem_TiTB-X9kxzhzORQbwqQiYw\",\"https:\/\/www.instagram.com\/taysirfacilite\/\"]}]}<\/script>\n<!-- \/ Yoast SEO plugin. -->","yoast_head_json":{"title":"Samsung Galaxy Note 20 - Maslak","robots":{"index":"index","follow":"follow","max-snippet":"max-snippet:-1","max-image-preview":"max-image-preview:large","max-video-preview":"max-video-preview:-1"},"canonical":"https:\/\/tay-sir.com\/ar\/product\/samsung-galaxy-note-20\/","og_locale":"ar_AR","og_type":"article","og_title":"Samsung Galaxy Note 20 - Maslak","og_description":"Marque Samsung T\u00e9l\u00e9phone Portable Samsung Galaxy Note 20 R\u00e9f\u00e9rence SM-N980F Dimension (L x H x P) 7.5 x 16.1 x","og_url":"https:\/\/tay-sir.com\/ar\/product\/samsung-galaxy-note-20\/","og_site_name":"Maslak","article_publisher":"https:\/\/www.facebook.com\/profile.php?id=61566201523117","article_modified_time":"2024-10-17T11:45:14+00:00","og_image":[{"width":400,"height":400,"url":"https:\/\/tay-sir.com\/wp-content\/uploads\/2024\/08\/Samsung-Galaxy-Note-20.jpg","type":"image\/jpeg"}],"twitter_card":"summary_large_image","twitter_misc":{"\u0648\u0642\u062a \u0627\u0644\u0642\u0631\u0627\u0621\u0629 \u0627\u0644\u0645\u064f\u0642\u062f\u0651\u0631":"\u062f\u0642\u064a\u0642\u0629 \u0648\u0627\u062d\u062f\u0629"},"schema":{"@context":"https:\/\/schema.org","@graph":[{"@type":"WebPage","@id":"https:\/\/tay-sir.com\/produit\/samsung-galaxy-note-20\/","url":"https:\/\/tay-sir.com\/produit\/samsung-galaxy-note-20\/","name":"Samsung Galaxy Note 20 - Maslak","isPartOf":{"@id":"https:\/\/tay-sir.com\/ar\/#website"},"primaryImageOfPage":{"@id":"https:\/\/tay-sir.com\/produit\/samsung-galaxy-note-20\/#primaryimage"},"image":{"@id":"https:\/\/tay-sir.com\/produit\/samsung-galaxy-note-20\/#primaryimage"},"thumbnailUrl":"https:\/\/tay-sir.com\/wp-content\/uploads\/2024\/08\/Samsung-Galaxy-Note-20.jpg","datePublished":"2024-08-17T13:59:23+00:00","dateModified":"2024-10-17T11:45:14+00:00","breadcrumb":{"@id":"https:\/\/tay-sir.com\/produit\/samsung-galaxy-note-20\/#breadcrumb"},"inLanguage":"ar","potentialAction":[{"@type":"ReadAction","target":["https:\/\/tay-sir.com\/produit\/samsung-galaxy-note-20\/"]}]},{"@type":"ImageObject","inLanguage":"ar","@id":"https:\/\/tay-sir.com\/produit\/samsung-galaxy-note-20\/#primaryimage","url":"https:\/\/tay-sir.com\/wp-content\/uploads\/2024\/08\/Samsung-Galaxy-Note-20.jpg","contentUrl":"https:\/\/tay-sir.com\/wp-content\/uploads\/2024\/08\/Samsung-Galaxy-Note-20.jpg","width":400,"height":400},{"@type":"BreadcrumbList","@id":"https:\/\/tay-sir.com\/produit\/samsung-galaxy-note-20\/#breadcrumb","itemListElement":[{"@type":"ListItem","position":1,"name":"Home","item":"https:\/\/tay-sir.com\/ar\/"},{"@type":"ListItem","position":2,"name":"Boutique","item":"https:\/\/tay-sir.com\/boutique\/"},{"@type":"ListItem","position":3,"name":"Samsung Galaxy Note 20"}]},{"@type":"WebSite","@id":"https:\/\/tay-sir.com\/ar\/#website","url":"https:\/\/tay-sir.com\/ar\/","name":"TAY-SIR.com","description":"plateforme e-commerce avec financement islamique digital en ligne","publisher":{"@id":"https:\/\/tay-sir.com\/ar\/#organization"},"potentialAction":[{"@type":"SearchAction","target":{"@type":"EntryPoint","urlTemplate":"https:\/\/tay-sir.com\/ar\/?s={search_term_string}"},"query-input":{"@type":"PropertyValueSpecification","valueRequired":true,"valueName":"search_term_string"}}],"inLanguage":"ar"},{"@type":"Organization","@id":"https:\/\/tay-sir.com\/ar\/#organization","name":"Taysir","url":"https:\/\/tay-sir.com\/ar\/","logo":{"@type":"ImageObject","inLanguage":"ar","@id":"https:\/\/tay-sir.com\/ar\/#\/schema\/logo\/image\/","url":"https:\/\/tay-sir.com\/wp-content\/uploads\/2024\/10\/profil.jpg","contentUrl":"https:\/\/tay-sir.com\/wp-content\/uploads\/2024\/10\/profil.jpg","width":1024,"height":1024,"caption":"Taysir"},"image":{"@id":"https:\/\/tay-sir.com\/ar\/#\/schema\/logo\/image\/"},"sameAs":["https:\/\/www.facebook.com\/profile.php?id=61566201523117","https:\/\/www.tiktok.com\/@taysir31000?fbclid=IwY2xjawFor1xleHRuA2FlbQIxMAABHQqa6Ko0Z_QFAZb-7Bltxo0G0y0YuIXxVxPenEAWDkGyOgZp7D3Bq1oJAA_aem_TiTB-X9kxzhzORQbwqQiYw","https:\/\/www.instagram.com\/taysirfacilite\/"]}]}},"_links":{"self":[{"href":"https:\/\/tay-sir.com\/ar\/wp-json\/wp\/v2\/product\/28493","targetHints":{"allow":["GET"]}}],"collection":[{"href":"https:\/\/tay-sir.com\/ar\/wp-json\/wp\/v2\/product"}],"about":[{"href":"https:\/\/tay-sir.com\/ar\/wp-json\/wp\/v2\/types\/product"}],"replies":[{"embeddable":true,"href":"https:\/\/tay-sir.com\/ar\/wp-json\/wp\/v2\/comments?post=28493"}],"version-history":[{"count":1,"href":"https:\/\/tay-sir.com\/ar\/wp-json\/wp\/v2\/product\/28493\/revisions"}],"predecessor-version":[{"id":30219,"href":"https:\/\/tay-sir.com\/ar\/wp-json\/wp\/v2\/product\/28493\/revisions\/30219"}],"wp:featuredmedia":[{"embeddable":true,"href":"https:\/\/tay-sir.com\/ar\/wp-json\/wp\/v2\/media\/30359"}],"wp:attachment":[{"href":"https:\/\/tay-sir.com\/ar\/wp-json\/wp\/v2\/media?parent=28493"}],"wp:term":[{"taxonomy":"product_brand","embeddable":true,"href":"https:\/\/tay-sir.com\/ar\/wp-json\/wp\/v2\/product_brand?post=28493"},{"taxonomy":"product_cat","embeddable":true,"href":"https:\/\/tay-sir.com\/ar\/wp-json\/wp\/v2\/product_cat?post=28493"},{"taxonomy":"product_tag","embeddable":true,"href":"https:\/\/tay-sir.com\/ar\/wp-json\/wp\/v2\/product_tag?post=28493"}],"curies":[{"name":"wp","href":"https:\/\/api.w.org\/{rel}","templated":true}]}}