{"id":28499,"date":"2024-08-17T14:59:26","date_gmt":"2024-08-17T13:59:26","guid":{"rendered":"https:\/\/tay-sir.com\/produit\/samsung-s21-ultra-5g\/"},"modified":"2024-10-17T12:39:22","modified_gmt":"2024-10-17T11:39:22","slug":"samsung-s21-ultra-5g","status":"publish","type":"product","link":"https:\/\/tay-sir.com\/ar\/product\/samsung-s21-ultra-5g\/","title":{"rendered":"Samsung S21 Ultra 5G"},"content":{"rendered":"<p>Marque Samsung<br \/>\nT\u00e9l\u00e9phone Portable Samsung S21 Ultra 5G<br \/>\nR\u00e9f\u00e9rence<br \/>\nDimension (L x H x P) 7.5 x 16.5 x 0.8 mm<br \/>\nPoids 227 g<br \/>\nType carte SIM Nano Sim<br \/>\nDouble Puce (SIM) Double Puce<br \/>\nEtanche 12504<\/p>\n<p>Type Ecran Dynamic AMOLED 120Hz, HDR10+, 1500 nits (peak)<br \/>\nTaille Ecran 6.8 pouces<br \/>\nR\u00e9solution Ecran 3200 x 1400 px Densit\u00e9 515 ppp<br \/>\nProtection Ecran Verre Corning Gorilla Victus<\/p>\n<p>Syst\u00e9me Android 11, une interface utilisateur 3.1<br \/>\nChipset Exynos 2100 (5 nm)<br \/>\nProcesseur (CPU) Octa-core (1&#215;2.9 GHz Cortex-X1 &amp; 3&#215;2.80 GHz Cortex-A78 &amp; 4&#215;2.2 GHz Cortex-A55)<br \/>\nPuce Graphique (GPU) Mali-G78 MP14<br \/>\nCapteurs Lecteur d&#8217;empreinte sous \u00e9cran, ultrasons<br \/>\nAcc\u00e9l\u00e9rom\u00e9tre<br \/>\nGyroscope<br \/>\nProximit\u00e9<br \/>\nBoussole<br \/>\nBarom\u00e9tre<br \/>\nP\u00e9dom\u00e9tre<\/p>\n<p>M\u00e9moire Vive (RAM) 12 Go<br \/>\nSupport cartes m\u00e9moire 19<br \/>\nM\u00e9moire stockage (Disque) 256 Go<\/p>\n<p>Appareil Photo Arri\u00e8re 108 m\u00e9gapixels<br \/>\n4 Capteurs<br \/>\n108 MP, f\/1.8, 24mm (wide), 1\/1.33<br \/>\n10 MP, f\/4.9, 240mm (periscope telephoto), 1\/3.24<br \/>\n10 MP, f\/2.4, 70mm (telephoto), 1\/3.24<br \/>\n12 MP, f\/2.2, 13mm (ultrawide), 1\/2.55<br \/>\nLED flash, auto-HDR, panorama<br \/>\n8K@24fps, 4K@30\/60fps, 1080p@30\/60\/240fps, 720p@960fps, HDR10+, stereo sound rec., gyro-EIS<br \/>\nAppareil Photo Selfie 40 m\u00e9gapixels<br \/>\n40 MP, f\/2.2, 26mm (wide), 1\/2.8 m\u00e9gapixels<br \/>\nDual video call, Auto-HDR<br \/>\n4K@30\/60fps, 1080p@30fps<\/p>\n<p>Type r\u00e9seau 5G LTE<br \/>\nWiFi Wi-Fi 802.11 a\/b\/g\/n\/ac\/6e, dual-band, Wi-Fi Direct, hotspot<br \/>\nUSB USB Type-C 3.2<br \/>\nBluetooth Bluetooth bluetooth 5.1, A2DP, LE<br \/>\nInfrarouge<br \/>\nGPS GPS A-GPS, GLONASS, BDS, GALILEO<br \/>\nNFC NFC<br \/>\nPrise Jack<br \/>\nRadio FM<\/p>\n<p>Batterie 5000 mAh non amovible<br \/>\nFast charging 25W USB Power Delivery 3.0 Fast Qi\/PMA wireless charging 15W Reverse wireless charging 4.5W<br \/>\nBatterie Chargement sans fil Chargement sans fil<\/p>","protected":false},"excerpt":{"rendered":"<p>Marque Samsung T\u00e9l\u00e9phone Portable Samsung S21 Ultra 5G R\u00e9f\u00e9rence Dimension (L x H x P) 7.5 x 16.5 x 0.8<\/p>","protected":false},"featured_media":28498,"comment_status":"open","ping_status":"closed","template":"","meta":[],"product_brand":[],"product_cat":[29],"product_tag":[],"class_list":{"0":"post-28499","1":"product","2":"type-product","3":"status-publish","4":"has-post-thumbnail","6":"product_cat-telephone","8":"first","9":"instock","10":"shipping-taxable","11":"purchasable","12":"product-type-variable"},"yoast_head":"<!-- This site is optimized with the Yoast SEO plugin v24.9 - https:\/\/yoast.com\/wordpress\/plugins\/seo\/ -->\n<title>Samsung S21 Ultra 5G - Maslak<\/title>\n<meta name=\"robots\" content=\"index, follow, max-snippet:-1, max-image-preview:large, max-video-preview:-1\" \/>\n<link rel=\"canonical\" href=\"https:\/\/tay-sir.com\/ar\/product\/samsung-s21-ultra-5g\/\" \/>\n<meta property=\"og:locale\" content=\"ar_AR\" \/>\n<meta property=\"og:type\" content=\"article\" \/>\n<meta property=\"og:title\" content=\"Samsung S21 Ultra 5G - Maslak\" \/>\n<meta property=\"og:description\" content=\"Marque Samsung T\u00e9l\u00e9phone Portable Samsung S21 Ultra 5G R\u00e9f\u00e9rence Dimension (L x H x P) 7.5 x 16.5 x 0.8\" \/>\n<meta property=\"og:url\" content=\"https:\/\/tay-sir.com\/ar\/product\/samsung-s21-ultra-5g\/\" \/>\n<meta property=\"og:site_name\" content=\"Maslak\" \/>\n<meta property=\"article:publisher\" content=\"https:\/\/www.facebook.com\/profile.php?id=61566201523117\" \/>\n<meta property=\"article:modified_time\" content=\"2024-10-17T11:39:22+00:00\" \/>\n<meta property=\"og:image\" content=\"https:\/\/tay-sir.com\/wp-content\/uploads\/2024\/08\/document_service_1696725_632_5_1719110321.jpg\" \/>\n\t<meta property=\"og:image:width\" content=\"500\" \/>\n\t<meta property=\"og:image:height\" content=\"500\" \/>\n\t<meta property=\"og:image:type\" content=\"image\/jpeg\" \/>\n<meta name=\"twitter:card\" content=\"summary_large_image\" \/>\n<meta name=\"twitter:label1\" content=\"\u0648\u0642\u062a \u0627\u0644\u0642\u0631\u0627\u0621\u0629 \u0627\u0644\u0645\u064f\u0642\u062f\u0651\u0631\" \/>\n\t<meta name=\"twitter:data1\" content=\"\u062f\u0642\u064a\u0642\u0629 \u0648\u0627\u062d\u062f\u0629\" \/>\n<script type=\"application\/ld+json\" class=\"yoast-schema-graph\">{\"@context\":\"https:\/\/schema.org\",\"@graph\":[{\"@type\":\"WebPage\",\"@id\":\"https:\/\/tay-sir.com\/produit\/samsung-s21-ultra-5g\/\",\"url\":\"https:\/\/tay-sir.com\/produit\/samsung-s21-ultra-5g\/\",\"name\":\"Samsung S21 Ultra 5G - Maslak\",\"isPartOf\":{\"@id\":\"https:\/\/tay-sir.com\/ar\/#website\"},\"primaryImageOfPage\":{\"@id\":\"https:\/\/tay-sir.com\/produit\/samsung-s21-ultra-5g\/#primaryimage\"},\"image\":{\"@id\":\"https:\/\/tay-sir.com\/produit\/samsung-s21-ultra-5g\/#primaryimage\"},\"thumbnailUrl\":\"https:\/\/tay-sir.com\/wp-content\/uploads\/2024\/08\/document_service_1696725_632_5_1719110321.jpg\",\"datePublished\":\"2024-08-17T13:59:26+00:00\",\"dateModified\":\"2024-10-17T11:39:22+00:00\",\"breadcrumb\":{\"@id\":\"https:\/\/tay-sir.com\/produit\/samsung-s21-ultra-5g\/#breadcrumb\"},\"inLanguage\":\"ar\",\"potentialAction\":[{\"@type\":\"ReadAction\",\"target\":[\"https:\/\/tay-sir.com\/produit\/samsung-s21-ultra-5g\/\"]}]},{\"@type\":\"ImageObject\",\"inLanguage\":\"ar\",\"@id\":\"https:\/\/tay-sir.com\/produit\/samsung-s21-ultra-5g\/#primaryimage\",\"url\":\"https:\/\/tay-sir.com\/wp-content\/uploads\/2024\/08\/document_service_1696725_632_5_1719110321.jpg\",\"contentUrl\":\"https:\/\/tay-sir.com\/wp-content\/uploads\/2024\/08\/document_service_1696725_632_5_1719110321.jpg\",\"width\":500,\"height\":500},{\"@type\":\"BreadcrumbList\",\"@id\":\"https:\/\/tay-sir.com\/produit\/samsung-s21-ultra-5g\/#breadcrumb\",\"itemListElement\":[{\"@type\":\"ListItem\",\"position\":1,\"name\":\"Home\",\"item\":\"https:\/\/tay-sir.com\/ar\/\"},{\"@type\":\"ListItem\",\"position\":2,\"name\":\"Boutique\",\"item\":\"https:\/\/tay-sir.com\/boutique\/\"},{\"@type\":\"ListItem\",\"position\":3,\"name\":\"Samsung S21 Ultra 5G\"}]},{\"@type\":\"WebSite\",\"@id\":\"https:\/\/tay-sir.com\/ar\/#website\",\"url\":\"https:\/\/tay-sir.com\/ar\/\",\"name\":\"TAY-SIR.com\",\"description\":\"plateforme e-commerce avec financement islamique digital en ligne\",\"publisher\":{\"@id\":\"https:\/\/tay-sir.com\/ar\/#organization\"},\"potentialAction\":[{\"@type\":\"SearchAction\",\"target\":{\"@type\":\"EntryPoint\",\"urlTemplate\":\"https:\/\/tay-sir.com\/ar\/?s={search_term_string}\"},\"query-input\":{\"@type\":\"PropertyValueSpecification\",\"valueRequired\":true,\"valueName\":\"search_term_string\"}}],\"inLanguage\":\"ar\"},{\"@type\":\"Organization\",\"@id\":\"https:\/\/tay-sir.com\/ar\/#organization\",\"name\":\"Taysir\",\"url\":\"https:\/\/tay-sir.com\/ar\/\",\"logo\":{\"@type\":\"ImageObject\",\"inLanguage\":\"ar\",\"@id\":\"https:\/\/tay-sir.com\/ar\/#\/schema\/logo\/image\/\",\"url\":\"https:\/\/tay-sir.com\/wp-content\/uploads\/2024\/10\/profil.jpg\",\"contentUrl\":\"https:\/\/tay-sir.com\/wp-content\/uploads\/2024\/10\/profil.jpg\",\"width\":1024,\"height\":1024,\"caption\":\"Taysir\"},\"image\":{\"@id\":\"https:\/\/tay-sir.com\/ar\/#\/schema\/logo\/image\/\"},\"sameAs\":[\"https:\/\/www.facebook.com\/profile.php?id=61566201523117\",\"https:\/\/www.tiktok.com\/@taysir31000?fbclid=IwY2xjawFor1xleHRuA2FlbQIxMAABHQqa6Ko0Z_QFAZb-7Bltxo0G0y0YuIXxVxPenEAWDkGyOgZp7D3Bq1oJAA_aem_TiTB-X9kxzhzORQbwqQiYw\",\"https:\/\/www.instagram.com\/taysirfacilite\/\"]}]}<\/script>\n<!-- \/ Yoast SEO plugin. -->","yoast_head_json":{"title":"Samsung S21 Ultra 5G - Maslak","robots":{"index":"index","follow":"follow","max-snippet":"max-snippet:-1","max-image-preview":"max-image-preview:large","max-video-preview":"max-video-preview:-1"},"canonical":"https:\/\/tay-sir.com\/ar\/product\/samsung-s21-ultra-5g\/","og_locale":"ar_AR","og_type":"article","og_title":"Samsung S21 Ultra 5G - Maslak","og_description":"Marque Samsung T\u00e9l\u00e9phone Portable Samsung S21 Ultra 5G R\u00e9f\u00e9rence Dimension (L x H x P) 7.5 x 16.5 x 0.8","og_url":"https:\/\/tay-sir.com\/ar\/product\/samsung-s21-ultra-5g\/","og_site_name":"Maslak","article_publisher":"https:\/\/www.facebook.com\/profile.php?id=61566201523117","article_modified_time":"2024-10-17T11:39:22+00:00","og_image":[{"width":500,"height":500,"url":"https:\/\/tay-sir.com\/wp-content\/uploads\/2024\/08\/document_service_1696725_632_5_1719110321.jpg","type":"image\/jpeg"}],"twitter_card":"summary_large_image","twitter_misc":{"\u0648\u0642\u062a \u0627\u0644\u0642\u0631\u0627\u0621\u0629 \u0627\u0644\u0645\u064f\u0642\u062f\u0651\u0631":"\u062f\u0642\u064a\u0642\u0629 \u0648\u0627\u062d\u062f\u0629"},"schema":{"@context":"https:\/\/schema.org","@graph":[{"@type":"WebPage","@id":"https:\/\/tay-sir.com\/produit\/samsung-s21-ultra-5g\/","url":"https:\/\/tay-sir.com\/produit\/samsung-s21-ultra-5g\/","name":"Samsung S21 Ultra 5G - Maslak","isPartOf":{"@id":"https:\/\/tay-sir.com\/ar\/#website"},"primaryImageOfPage":{"@id":"https:\/\/tay-sir.com\/produit\/samsung-s21-ultra-5g\/#primaryimage"},"image":{"@id":"https:\/\/tay-sir.com\/produit\/samsung-s21-ultra-5g\/#primaryimage"},"thumbnailUrl":"https:\/\/tay-sir.com\/wp-content\/uploads\/2024\/08\/document_service_1696725_632_5_1719110321.jpg","datePublished":"2024-08-17T13:59:26+00:00","dateModified":"2024-10-17T11:39:22+00:00","breadcrumb":{"@id":"https:\/\/tay-sir.com\/produit\/samsung-s21-ultra-5g\/#breadcrumb"},"inLanguage":"ar","potentialAction":[{"@type":"ReadAction","target":["https:\/\/tay-sir.com\/produit\/samsung-s21-ultra-5g\/"]}]},{"@type":"ImageObject","inLanguage":"ar","@id":"https:\/\/tay-sir.com\/produit\/samsung-s21-ultra-5g\/#primaryimage","url":"https:\/\/tay-sir.com\/wp-content\/uploads\/2024\/08\/document_service_1696725_632_5_1719110321.jpg","contentUrl":"https:\/\/tay-sir.com\/wp-content\/uploads\/2024\/08\/document_service_1696725_632_5_1719110321.jpg","width":500,"height":500},{"@type":"BreadcrumbList","@id":"https:\/\/tay-sir.com\/produit\/samsung-s21-ultra-5g\/#breadcrumb","itemListElement":[{"@type":"ListItem","position":1,"name":"Home","item":"https:\/\/tay-sir.com\/ar\/"},{"@type":"ListItem","position":2,"name":"Boutique","item":"https:\/\/tay-sir.com\/boutique\/"},{"@type":"ListItem","position":3,"name":"Samsung S21 Ultra 5G"}]},{"@type":"WebSite","@id":"https:\/\/tay-sir.com\/ar\/#website","url":"https:\/\/tay-sir.com\/ar\/","name":"TAY-SIR.com","description":"plateforme e-commerce avec financement islamique digital en ligne","publisher":{"@id":"https:\/\/tay-sir.com\/ar\/#organization"},"potentialAction":[{"@type":"SearchAction","target":{"@type":"EntryPoint","urlTemplate":"https:\/\/tay-sir.com\/ar\/?s={search_term_string}"},"query-input":{"@type":"PropertyValueSpecification","valueRequired":true,"valueName":"search_term_string"}}],"inLanguage":"ar"},{"@type":"Organization","@id":"https:\/\/tay-sir.com\/ar\/#organization","name":"Taysir","url":"https:\/\/tay-sir.com\/ar\/","logo":{"@type":"ImageObject","inLanguage":"ar","@id":"https:\/\/tay-sir.com\/ar\/#\/schema\/logo\/image\/","url":"https:\/\/tay-sir.com\/wp-content\/uploads\/2024\/10\/profil.jpg","contentUrl":"https:\/\/tay-sir.com\/wp-content\/uploads\/2024\/10\/profil.jpg","width":1024,"height":1024,"caption":"Taysir"},"image":{"@id":"https:\/\/tay-sir.com\/ar\/#\/schema\/logo\/image\/"},"sameAs":["https:\/\/www.facebook.com\/profile.php?id=61566201523117","https:\/\/www.tiktok.com\/@taysir31000?fbclid=IwY2xjawFor1xleHRuA2FlbQIxMAABHQqa6Ko0Z_QFAZb-7Bltxo0G0y0YuIXxVxPenEAWDkGyOgZp7D3Bq1oJAA_aem_TiTB-X9kxzhzORQbwqQiYw","https:\/\/www.instagram.com\/taysirfacilite\/"]}]}},"_links":{"self":[{"href":"https:\/\/tay-sir.com\/ar\/wp-json\/wp\/v2\/product\/28499","targetHints":{"allow":["GET"]}}],"collection":[{"href":"https:\/\/tay-sir.com\/ar\/wp-json\/wp\/v2\/product"}],"about":[{"href":"https:\/\/tay-sir.com\/ar\/wp-json\/wp\/v2\/types\/product"}],"replies":[{"embeddable":true,"href":"https:\/\/tay-sir.com\/ar\/wp-json\/wp\/v2\/comments?post=28499"}],"version-history":[{"count":1,"href":"https:\/\/tay-sir.com\/ar\/wp-json\/wp\/v2\/product\/28499\/revisions"}],"predecessor-version":[{"id":30215,"href":"https:\/\/tay-sir.com\/ar\/wp-json\/wp\/v2\/product\/28499\/revisions\/30215"}],"wp:featuredmedia":[{"embeddable":true,"href":"https:\/\/tay-sir.com\/ar\/wp-json\/wp\/v2\/media\/28498"}],"wp:attachment":[{"href":"https:\/\/tay-sir.com\/ar\/wp-json\/wp\/v2\/media?parent=28499"}],"wp:term":[{"taxonomy":"product_brand","embeddable":true,"href":"https:\/\/tay-sir.com\/ar\/wp-json\/wp\/v2\/product_brand?post=28499"},{"taxonomy":"product_cat","embeddable":true,"href":"https:\/\/tay-sir.com\/ar\/wp-json\/wp\/v2\/product_cat?post=28499"},{"taxonomy":"product_tag","embeddable":true,"href":"https:\/\/tay-sir.com\/ar\/wp-json\/wp\/v2\/product_tag?post=28499"}],"curies":[{"name":"wp","href":"https:\/\/api.w.org\/{rel}","templated":true}]}}