{"id":28533,"date":"2024-08-17T15:18:11","date_gmt":"2024-08-17T14:18:11","guid":{"rendered":"https:\/\/tay-sir.com\/produit\/condor-cfh-mt26\/"},"modified":"2024-10-23T16:19:31","modified_gmt":"2024-10-23T15:19:31","slug":"condor-cfh-mt26","status":"publish","type":"product","link":"https:\/\/tay-sir.com\/ar\/product\/condor-cfh-mt26\/","title":{"rendered":"Condor CFH-MT26"},"content":{"rendered":"<p>Marque Condor<br \/>\nCong\u00e9lateur CFH-MT26<br \/>\nCat\u00e9gorie Coffre<br \/>\nCapacit\u00e9 Totale 200 Litres<br \/>\nCapacit\u00e9 R\u00e9frig\u00e9rateur Litres<br \/>\nCapacit\u00e9 Cong\u00e9lateur 200 L Litres<br \/>\nCapacit\u00e9 de cong\u00e9lation 9<br \/>\nAutonomie du cong\u00e9lateur NC<\/p>\n<p>Largeur 98.5 Cm<br \/>\nHauteur 85 Cm<br \/>\nProfondeur 52.3 Cm<br \/>\nPoids 36<br \/>\nlimentation \u00e9lectrique 220 &#8211; 240V<br \/>\nClasse \u00e9nerg\u00e9tique A+<br \/>\nConsommation d&rsquo;\u00e9nergie NC<br \/>\nCourant nominal NC<br \/>\nClasse climatique T<br \/>\nNiveau de bruit maximum 40 dB<\/p>","protected":false},"excerpt":{"rendered":"<p>Marque Condor Cong\u00e9lateur CFH-MT26 Cat\u00e9gorie Coffre Capacit\u00e9 Totale 200 Litres Capacit\u00e9 R\u00e9frig\u00e9rateur Litres Capacit\u00e9 Cong\u00e9lateur 200 L Litres Capacit\u00e9 de<\/p>","protected":false},"featured_media":28532,"comment_status":"open","ping_status":"closed","template":"","meta":[],"product_brand":[],"product_cat":[17,36],"product_tag":[],"class_list":{"0":"post-28533","1":"product","2":"type-product","3":"status-publish","4":"has-post-thumbnail","6":"product_cat-electro-menager","7":"product_cat-congelateurs","9":"first","10":"instock","11":"shipping-taxable","12":"purchasable","13":"product-type-variable"},"yoast_head":"<!-- This site is optimized with the Yoast SEO plugin v24.9 - https:\/\/yoast.com\/wordpress\/plugins\/seo\/ -->\n<title>Condor CFH-MT26 - Maslak<\/title>\n<meta name=\"robots\" content=\"index, follow, max-snippet:-1, max-image-preview:large, max-video-preview:-1\" \/>\n<link rel=\"canonical\" href=\"https:\/\/tay-sir.com\/ar\/product\/condor-cfh-mt26\/\" \/>\n<meta property=\"og:locale\" content=\"ar_AR\" \/>\n<meta property=\"og:type\" content=\"article\" \/>\n<meta property=\"og:title\" content=\"Condor CFH-MT26 - Maslak\" \/>\n<meta property=\"og:description\" content=\"Marque Condor Cong\u00e9lateur CFH-MT26 Cat\u00e9gorie Coffre Capacit\u00e9 Totale 200 Litres Capacit\u00e9 R\u00e9frig\u00e9rateur Litres Capacit\u00e9 Cong\u00e9lateur 200 L Litres Capacit\u00e9 de\" \/>\n<meta property=\"og:url\" content=\"https:\/\/tay-sir.com\/ar\/product\/condor-cfh-mt26\/\" \/>\n<meta property=\"og:site_name\" content=\"Maslak\" \/>\n<meta property=\"article:publisher\" content=\"https:\/\/www.facebook.com\/profile.php?id=61566201523117\" \/>\n<meta property=\"article:modified_time\" content=\"2024-10-23T15:19:31+00:00\" \/>\n<meta property=\"og:image\" content=\"https:\/\/tay-sir.com\/wp-content\/uploads\/2024\/08\/document_service_16868593_269_5_950172621.jpg\" \/>\n\t<meta property=\"og:image:width\" content=\"500\" \/>\n\t<meta property=\"og:image:height\" content=\"500\" \/>\n\t<meta property=\"og:image:type\" content=\"image\/jpeg\" \/>\n<meta name=\"twitter:card\" content=\"summary_large_image\" \/>\n<script type=\"application\/ld+json\" class=\"yoast-schema-graph\">{\"@context\":\"https:\/\/schema.org\",\"@graph\":[{\"@type\":\"WebPage\",\"@id\":\"https:\/\/tay-sir.com\/produit\/condor-cfh-mt26\/\",\"url\":\"https:\/\/tay-sir.com\/produit\/condor-cfh-mt26\/\",\"name\":\"Condor CFH-MT26 - Maslak\",\"isPartOf\":{\"@id\":\"https:\/\/tay-sir.com\/ar\/#website\"},\"primaryImageOfPage\":{\"@id\":\"https:\/\/tay-sir.com\/produit\/condor-cfh-mt26\/#primaryimage\"},\"image\":{\"@id\":\"https:\/\/tay-sir.com\/produit\/condor-cfh-mt26\/#primaryimage\"},\"thumbnailUrl\":\"https:\/\/tay-sir.com\/wp-content\/uploads\/2024\/08\/document_service_16868593_269_5_950172621.jpg\",\"datePublished\":\"2024-08-17T14:18:11+00:00\",\"dateModified\":\"2024-10-23T15:19:31+00:00\",\"breadcrumb\":{\"@id\":\"https:\/\/tay-sir.com\/produit\/condor-cfh-mt26\/#breadcrumb\"},\"inLanguage\":\"ar\",\"potentialAction\":[{\"@type\":\"ReadAction\",\"target\":[\"https:\/\/tay-sir.com\/produit\/condor-cfh-mt26\/\"]}]},{\"@type\":\"ImageObject\",\"inLanguage\":\"ar\",\"@id\":\"https:\/\/tay-sir.com\/produit\/condor-cfh-mt26\/#primaryimage\",\"url\":\"https:\/\/tay-sir.com\/wp-content\/uploads\/2024\/08\/document_service_16868593_269_5_950172621.jpg\",\"contentUrl\":\"https:\/\/tay-sir.com\/wp-content\/uploads\/2024\/08\/document_service_16868593_269_5_950172621.jpg\",\"width\":500,\"height\":500},{\"@type\":\"BreadcrumbList\",\"@id\":\"https:\/\/tay-sir.com\/produit\/condor-cfh-mt26\/#breadcrumb\",\"itemListElement\":[{\"@type\":\"ListItem\",\"position\":1,\"name\":\"Home\",\"item\":\"https:\/\/tay-sir.com\/ar\/\"},{\"@type\":\"ListItem\",\"position\":2,\"name\":\"Boutique\",\"item\":\"https:\/\/tay-sir.com\/boutique\/\"},{\"@type\":\"ListItem\",\"position\":3,\"name\":\"Condor CFH-MT26\"}]},{\"@type\":\"WebSite\",\"@id\":\"https:\/\/tay-sir.com\/ar\/#website\",\"url\":\"https:\/\/tay-sir.com\/ar\/\",\"name\":\"TAY-SIR.com\",\"description\":\"plateforme e-commerce avec financement islamique digital en ligne\",\"publisher\":{\"@id\":\"https:\/\/tay-sir.com\/ar\/#organization\"},\"potentialAction\":[{\"@type\":\"SearchAction\",\"target\":{\"@type\":\"EntryPoint\",\"urlTemplate\":\"https:\/\/tay-sir.com\/ar\/?s={search_term_string}\"},\"query-input\":{\"@type\":\"PropertyValueSpecification\",\"valueRequired\":true,\"valueName\":\"search_term_string\"}}],\"inLanguage\":\"ar\"},{\"@type\":\"Organization\",\"@id\":\"https:\/\/tay-sir.com\/ar\/#organization\",\"name\":\"Taysir\",\"url\":\"https:\/\/tay-sir.com\/ar\/\",\"logo\":{\"@type\":\"ImageObject\",\"inLanguage\":\"ar\",\"@id\":\"https:\/\/tay-sir.com\/ar\/#\/schema\/logo\/image\/\",\"url\":\"https:\/\/tay-sir.com\/wp-content\/uploads\/2024\/10\/profil.jpg\",\"contentUrl\":\"https:\/\/tay-sir.com\/wp-content\/uploads\/2024\/10\/profil.jpg\",\"width\":1024,\"height\":1024,\"caption\":\"Taysir\"},\"image\":{\"@id\":\"https:\/\/tay-sir.com\/ar\/#\/schema\/logo\/image\/\"},\"sameAs\":[\"https:\/\/www.facebook.com\/profile.php?id=61566201523117\",\"https:\/\/www.tiktok.com\/@taysir31000?fbclid=IwY2xjawFor1xleHRuA2FlbQIxMAABHQqa6Ko0Z_QFAZb-7Bltxo0G0y0YuIXxVxPenEAWDkGyOgZp7D3Bq1oJAA_aem_TiTB-X9kxzhzORQbwqQiYw\",\"https:\/\/www.instagram.com\/taysirfacilite\/\"]}]}<\/script>\n<!-- \/ Yoast SEO plugin. -->","yoast_head_json":{"title":"Condor CFH-MT26 - Maslak","robots":{"index":"index","follow":"follow","max-snippet":"max-snippet:-1","max-image-preview":"max-image-preview:large","max-video-preview":"max-video-preview:-1"},"canonical":"https:\/\/tay-sir.com\/ar\/product\/condor-cfh-mt26\/","og_locale":"ar_AR","og_type":"article","og_title":"Condor CFH-MT26 - Maslak","og_description":"Marque Condor Cong\u00e9lateur CFH-MT26 Cat\u00e9gorie Coffre Capacit\u00e9 Totale 200 Litres Capacit\u00e9 R\u00e9frig\u00e9rateur Litres Capacit\u00e9 Cong\u00e9lateur 200 L Litres Capacit\u00e9 de","og_url":"https:\/\/tay-sir.com\/ar\/product\/condor-cfh-mt26\/","og_site_name":"Maslak","article_publisher":"https:\/\/www.facebook.com\/profile.php?id=61566201523117","article_modified_time":"2024-10-23T15:19:31+00:00","og_image":[{"width":500,"height":500,"url":"https:\/\/tay-sir.com\/wp-content\/uploads\/2024\/08\/document_service_16868593_269_5_950172621.jpg","type":"image\/jpeg"}],"twitter_card":"summary_large_image","schema":{"@context":"https:\/\/schema.org","@graph":[{"@type":"WebPage","@id":"https:\/\/tay-sir.com\/produit\/condor-cfh-mt26\/","url":"https:\/\/tay-sir.com\/produit\/condor-cfh-mt26\/","name":"Condor CFH-MT26 - Maslak","isPartOf":{"@id":"https:\/\/tay-sir.com\/ar\/#website"},"primaryImageOfPage":{"@id":"https:\/\/tay-sir.com\/produit\/condor-cfh-mt26\/#primaryimage"},"image":{"@id":"https:\/\/tay-sir.com\/produit\/condor-cfh-mt26\/#primaryimage"},"thumbnailUrl":"https:\/\/tay-sir.com\/wp-content\/uploads\/2024\/08\/document_service_16868593_269_5_950172621.jpg","datePublished":"2024-08-17T14:18:11+00:00","dateModified":"2024-10-23T15:19:31+00:00","breadcrumb":{"@id":"https:\/\/tay-sir.com\/produit\/condor-cfh-mt26\/#breadcrumb"},"inLanguage":"ar","potentialAction":[{"@type":"ReadAction","target":["https:\/\/tay-sir.com\/produit\/condor-cfh-mt26\/"]}]},{"@type":"ImageObject","inLanguage":"ar","@id":"https:\/\/tay-sir.com\/produit\/condor-cfh-mt26\/#primaryimage","url":"https:\/\/tay-sir.com\/wp-content\/uploads\/2024\/08\/document_service_16868593_269_5_950172621.jpg","contentUrl":"https:\/\/tay-sir.com\/wp-content\/uploads\/2024\/08\/document_service_16868593_269_5_950172621.jpg","width":500,"height":500},{"@type":"BreadcrumbList","@id":"https:\/\/tay-sir.com\/produit\/condor-cfh-mt26\/#breadcrumb","itemListElement":[{"@type":"ListItem","position":1,"name":"Home","item":"https:\/\/tay-sir.com\/ar\/"},{"@type":"ListItem","position":2,"name":"Boutique","item":"https:\/\/tay-sir.com\/boutique\/"},{"@type":"ListItem","position":3,"name":"Condor CFH-MT26"}]},{"@type":"WebSite","@id":"https:\/\/tay-sir.com\/ar\/#website","url":"https:\/\/tay-sir.com\/ar\/","name":"TAY-SIR.com","description":"plateforme e-commerce avec financement islamique digital en ligne","publisher":{"@id":"https:\/\/tay-sir.com\/ar\/#organization"},"potentialAction":[{"@type":"SearchAction","target":{"@type":"EntryPoint","urlTemplate":"https:\/\/tay-sir.com\/ar\/?s={search_term_string}"},"query-input":{"@type":"PropertyValueSpecification","valueRequired":true,"valueName":"search_term_string"}}],"inLanguage":"ar"},{"@type":"Organization","@id":"https:\/\/tay-sir.com\/ar\/#organization","name":"Taysir","url":"https:\/\/tay-sir.com\/ar\/","logo":{"@type":"ImageObject","inLanguage":"ar","@id":"https:\/\/tay-sir.com\/ar\/#\/schema\/logo\/image\/","url":"https:\/\/tay-sir.com\/wp-content\/uploads\/2024\/10\/profil.jpg","contentUrl":"https:\/\/tay-sir.com\/wp-content\/uploads\/2024\/10\/profil.jpg","width":1024,"height":1024,"caption":"Taysir"},"image":{"@id":"https:\/\/tay-sir.com\/ar\/#\/schema\/logo\/image\/"},"sameAs":["https:\/\/www.facebook.com\/profile.php?id=61566201523117","https:\/\/www.tiktok.com\/@taysir31000?fbclid=IwY2xjawFor1xleHRuA2FlbQIxMAABHQqa6Ko0Z_QFAZb-7Bltxo0G0y0YuIXxVxPenEAWDkGyOgZp7D3Bq1oJAA_aem_TiTB-X9kxzhzORQbwqQiYw","https:\/\/www.instagram.com\/taysirfacilite\/"]}]}},"_links":{"self":[{"href":"https:\/\/tay-sir.com\/ar\/wp-json\/wp\/v2\/product\/28533","targetHints":{"allow":["GET"]}}],"collection":[{"href":"https:\/\/tay-sir.com\/ar\/wp-json\/wp\/v2\/product"}],"about":[{"href":"https:\/\/tay-sir.com\/ar\/wp-json\/wp\/v2\/types\/product"}],"replies":[{"embeddable":true,"href":"https:\/\/tay-sir.com\/ar\/wp-json\/wp\/v2\/comments?post=28533"}],"version-history":[{"count":3,"href":"https:\/\/tay-sir.com\/ar\/wp-json\/wp\/v2\/product\/28533\/revisions"}],"predecessor-version":[{"id":31492,"href":"https:\/\/tay-sir.com\/ar\/wp-json\/wp\/v2\/product\/28533\/revisions\/31492"}],"wp:featuredmedia":[{"embeddable":true,"href":"https:\/\/tay-sir.com\/ar\/wp-json\/wp\/v2\/media\/28532"}],"wp:attachment":[{"href":"https:\/\/tay-sir.com\/ar\/wp-json\/wp\/v2\/media?parent=28533"}],"wp:term":[{"taxonomy":"product_brand","embeddable":true,"href":"https:\/\/tay-sir.com\/ar\/wp-json\/wp\/v2\/product_brand?post=28533"},{"taxonomy":"product_cat","embeddable":true,"href":"https:\/\/tay-sir.com\/ar\/wp-json\/wp\/v2\/product_cat?post=28533"},{"taxonomy":"product_tag","embeddable":true,"href":"https:\/\/tay-sir.com\/ar\/wp-json\/wp\/v2\/product_tag?post=28533"}],"curies":[{"name":"wp","href":"https:\/\/api.w.org\/{rel}","templated":true}]}}