{"id":28537,"date":"2024-08-17T15:18:13","date_gmt":"2024-08-17T14:18:13","guid":{"rendered":"https:\/\/tay-sir.com\/produit\/geant-gn-cfh-260b\/"},"modified":"2024-10-23T16:18:12","modified_gmt":"2024-10-23T15:18:12","slug":"geant-gn-cfh-260b","status":"publish","type":"product","link":"https:\/\/tay-sir.com\/ar\/product\/geant-gn-cfh-260b\/","title":{"rendered":"G\u00e9ant GN-CFH-260B"},"content":{"rendered":"<p>Marque G\u00e9ant<br \/>\nCong\u00e9lateur GN-CFH-260B<br \/>\nCat\u00e9gorie Coffre<br \/>\nCapacit\u00e9 Totale 260 Litres<br \/>\nCapacit\u00e9 R\u00e9frig\u00e9rateur NC Litres<br \/>\nCapacit\u00e9 Cong\u00e9lateur Litres<br \/>\nAutonomie du cong\u00e9lateur 36 Heurs<br \/>\nLargeur 56.5 Cm<br \/>\nHauteur 85 Cm<br \/>\nR\u00e9frig\u00e9rant R600a<br \/>\nCaract\u00e9ristiques particuli\u00e8res \u00e9clairage &#8211; Verrouillage cl\u00e9<br \/>\nNombre de portes 1<br \/>\nCouleur Blanc<br \/>\nD\u00e9givrage Automatique 19<br \/>\nCong\u00e9lation rapide 18<br \/>\nAlimentation \u00e9lectrique 220-240\/50<br \/>\nClasse \u00e9nerg\u00e9tique B<br \/>\nNiveau de bruit maximum 42<\/p>","protected":false},"excerpt":{"rendered":"<p>Marque G\u00e9ant Cong\u00e9lateur GN-CFH-260B Cat\u00e9gorie Coffre Capacit\u00e9 Totale 260 Litres Capacit\u00e9 R\u00e9frig\u00e9rateur NC Litres Capacit\u00e9 Cong\u00e9lateur Litres Autonomie du cong\u00e9lateur<\/p>","protected":false},"featured_media":28536,"comment_status":"open","ping_status":"closed","template":"","meta":[],"product_brand":[],"product_cat":[17,36],"product_tag":[],"class_list":{"0":"post-28537","1":"product","2":"type-product","3":"status-publish","4":"has-post-thumbnail","6":"product_cat-electro-menager","7":"product_cat-congelateurs","9":"first","10":"instock","11":"shipping-taxable","12":"purchasable","13":"product-type-variable"},"yoast_head":"<!-- This site is optimized with the Yoast SEO plugin v24.9 - https:\/\/yoast.com\/wordpress\/plugins\/seo\/ -->\n<title>G\u00e9ant GN-CFH-260B - Maslak<\/title>\n<meta name=\"robots\" content=\"index, follow, max-snippet:-1, max-image-preview:large, max-video-preview:-1\" \/>\n<link rel=\"canonical\" href=\"https:\/\/tay-sir.com\/ar\/product\/geant-gn-cfh-260b\/\" \/>\n<meta property=\"og:locale\" content=\"ar_AR\" \/>\n<meta property=\"og:type\" content=\"article\" \/>\n<meta property=\"og:title\" content=\"G\u00e9ant GN-CFH-260B - Maslak\" \/>\n<meta property=\"og:description\" content=\"Marque G\u00e9ant Cong\u00e9lateur GN-CFH-260B Cat\u00e9gorie Coffre Capacit\u00e9 Totale 260 Litres Capacit\u00e9 R\u00e9frig\u00e9rateur NC Litres Capacit\u00e9 Cong\u00e9lateur Litres Autonomie du cong\u00e9lateur\" \/>\n<meta property=\"og:url\" content=\"https:\/\/tay-sir.com\/ar\/product\/geant-gn-cfh-260b\/\" \/>\n<meta property=\"og:site_name\" content=\"Maslak\" \/>\n<meta property=\"article:publisher\" content=\"https:\/\/www.facebook.com\/profile.php?id=61566201523117\" \/>\n<meta property=\"article:modified_time\" content=\"2024-10-23T15:18:12+00:00\" \/>\n<meta property=\"og:image\" content=\"https:\/\/tay-sir.com\/wp-content\/uploads\/2024\/08\/document_service_14085564_269_5_40902919.jpg\" \/>\n\t<meta property=\"og:image:width\" content=\"500\" \/>\n\t<meta property=\"og:image:height\" content=\"500\" \/>\n\t<meta property=\"og:image:type\" content=\"image\/jpeg\" \/>\n<meta name=\"twitter:card\" content=\"summary_large_image\" \/>\n<script type=\"application\/ld+json\" class=\"yoast-schema-graph\">{\"@context\":\"https:\/\/schema.org\",\"@graph\":[{\"@type\":\"WebPage\",\"@id\":\"https:\/\/tay-sir.com\/produit\/geant-gn-cfh-260b\/\",\"url\":\"https:\/\/tay-sir.com\/produit\/geant-gn-cfh-260b\/\",\"name\":\"G\u00e9ant GN-CFH-260B - Maslak\",\"isPartOf\":{\"@id\":\"https:\/\/tay-sir.com\/ar\/#website\"},\"primaryImageOfPage\":{\"@id\":\"https:\/\/tay-sir.com\/produit\/geant-gn-cfh-260b\/#primaryimage\"},\"image\":{\"@id\":\"https:\/\/tay-sir.com\/produit\/geant-gn-cfh-260b\/#primaryimage\"},\"thumbnailUrl\":\"https:\/\/tay-sir.com\/wp-content\/uploads\/2024\/08\/document_service_14085564_269_5_40902919.jpg\",\"datePublished\":\"2024-08-17T14:18:13+00:00\",\"dateModified\":\"2024-10-23T15:18:12+00:00\",\"breadcrumb\":{\"@id\":\"https:\/\/tay-sir.com\/produit\/geant-gn-cfh-260b\/#breadcrumb\"},\"inLanguage\":\"ar\",\"potentialAction\":[{\"@type\":\"ReadAction\",\"target\":[\"https:\/\/tay-sir.com\/produit\/geant-gn-cfh-260b\/\"]}]},{\"@type\":\"ImageObject\",\"inLanguage\":\"ar\",\"@id\":\"https:\/\/tay-sir.com\/produit\/geant-gn-cfh-260b\/#primaryimage\",\"url\":\"https:\/\/tay-sir.com\/wp-content\/uploads\/2024\/08\/document_service_14085564_269_5_40902919.jpg\",\"contentUrl\":\"https:\/\/tay-sir.com\/wp-content\/uploads\/2024\/08\/document_service_14085564_269_5_40902919.jpg\",\"width\":500,\"height\":500},{\"@type\":\"BreadcrumbList\",\"@id\":\"https:\/\/tay-sir.com\/produit\/geant-gn-cfh-260b\/#breadcrumb\",\"itemListElement\":[{\"@type\":\"ListItem\",\"position\":1,\"name\":\"Home\",\"item\":\"https:\/\/tay-sir.com\/ar\/\"},{\"@type\":\"ListItem\",\"position\":2,\"name\":\"Boutique\",\"item\":\"https:\/\/tay-sir.com\/boutique\/\"},{\"@type\":\"ListItem\",\"position\":3,\"name\":\"G\u00e9ant GN-CFH-260B\"}]},{\"@type\":\"WebSite\",\"@id\":\"https:\/\/tay-sir.com\/ar\/#website\",\"url\":\"https:\/\/tay-sir.com\/ar\/\",\"name\":\"TAY-SIR.com\",\"description\":\"plateforme e-commerce avec financement islamique digital en ligne\",\"publisher\":{\"@id\":\"https:\/\/tay-sir.com\/ar\/#organization\"},\"potentialAction\":[{\"@type\":\"SearchAction\",\"target\":{\"@type\":\"EntryPoint\",\"urlTemplate\":\"https:\/\/tay-sir.com\/ar\/?s={search_term_string}\"},\"query-input\":{\"@type\":\"PropertyValueSpecification\",\"valueRequired\":true,\"valueName\":\"search_term_string\"}}],\"inLanguage\":\"ar\"},{\"@type\":\"Organization\",\"@id\":\"https:\/\/tay-sir.com\/ar\/#organization\",\"name\":\"Taysir\",\"url\":\"https:\/\/tay-sir.com\/ar\/\",\"logo\":{\"@type\":\"ImageObject\",\"inLanguage\":\"ar\",\"@id\":\"https:\/\/tay-sir.com\/ar\/#\/schema\/logo\/image\/\",\"url\":\"https:\/\/tay-sir.com\/wp-content\/uploads\/2024\/10\/profil.jpg\",\"contentUrl\":\"https:\/\/tay-sir.com\/wp-content\/uploads\/2024\/10\/profil.jpg\",\"width\":1024,\"height\":1024,\"caption\":\"Taysir\"},\"image\":{\"@id\":\"https:\/\/tay-sir.com\/ar\/#\/schema\/logo\/image\/\"},\"sameAs\":[\"https:\/\/www.facebook.com\/profile.php?id=61566201523117\",\"https:\/\/www.tiktok.com\/@taysir31000?fbclid=IwY2xjawFor1xleHRuA2FlbQIxMAABHQqa6Ko0Z_QFAZb-7Bltxo0G0y0YuIXxVxPenEAWDkGyOgZp7D3Bq1oJAA_aem_TiTB-X9kxzhzORQbwqQiYw\",\"https:\/\/www.instagram.com\/taysirfacilite\/\"]}]}<\/script>\n<!-- \/ Yoast SEO plugin. -->","yoast_head_json":{"title":"G\u00e9ant GN-CFH-260B - Maslak","robots":{"index":"index","follow":"follow","max-snippet":"max-snippet:-1","max-image-preview":"max-image-preview:large","max-video-preview":"max-video-preview:-1"},"canonical":"https:\/\/tay-sir.com\/ar\/product\/geant-gn-cfh-260b\/","og_locale":"ar_AR","og_type":"article","og_title":"G\u00e9ant GN-CFH-260B - Maslak","og_description":"Marque G\u00e9ant Cong\u00e9lateur GN-CFH-260B Cat\u00e9gorie Coffre Capacit\u00e9 Totale 260 Litres Capacit\u00e9 R\u00e9frig\u00e9rateur NC Litres Capacit\u00e9 Cong\u00e9lateur Litres Autonomie du cong\u00e9lateur","og_url":"https:\/\/tay-sir.com\/ar\/product\/geant-gn-cfh-260b\/","og_site_name":"Maslak","article_publisher":"https:\/\/www.facebook.com\/profile.php?id=61566201523117","article_modified_time":"2024-10-23T15:18:12+00:00","og_image":[{"width":500,"height":500,"url":"https:\/\/tay-sir.com\/wp-content\/uploads\/2024\/08\/document_service_14085564_269_5_40902919.jpg","type":"image\/jpeg"}],"twitter_card":"summary_large_image","schema":{"@context":"https:\/\/schema.org","@graph":[{"@type":"WebPage","@id":"https:\/\/tay-sir.com\/produit\/geant-gn-cfh-260b\/","url":"https:\/\/tay-sir.com\/produit\/geant-gn-cfh-260b\/","name":"G\u00e9ant GN-CFH-260B - Maslak","isPartOf":{"@id":"https:\/\/tay-sir.com\/ar\/#website"},"primaryImageOfPage":{"@id":"https:\/\/tay-sir.com\/produit\/geant-gn-cfh-260b\/#primaryimage"},"image":{"@id":"https:\/\/tay-sir.com\/produit\/geant-gn-cfh-260b\/#primaryimage"},"thumbnailUrl":"https:\/\/tay-sir.com\/wp-content\/uploads\/2024\/08\/document_service_14085564_269_5_40902919.jpg","datePublished":"2024-08-17T14:18:13+00:00","dateModified":"2024-10-23T15:18:12+00:00","breadcrumb":{"@id":"https:\/\/tay-sir.com\/produit\/geant-gn-cfh-260b\/#breadcrumb"},"inLanguage":"ar","potentialAction":[{"@type":"ReadAction","target":["https:\/\/tay-sir.com\/produit\/geant-gn-cfh-260b\/"]}]},{"@type":"ImageObject","inLanguage":"ar","@id":"https:\/\/tay-sir.com\/produit\/geant-gn-cfh-260b\/#primaryimage","url":"https:\/\/tay-sir.com\/wp-content\/uploads\/2024\/08\/document_service_14085564_269_5_40902919.jpg","contentUrl":"https:\/\/tay-sir.com\/wp-content\/uploads\/2024\/08\/document_service_14085564_269_5_40902919.jpg","width":500,"height":500},{"@type":"BreadcrumbList","@id":"https:\/\/tay-sir.com\/produit\/geant-gn-cfh-260b\/#breadcrumb","itemListElement":[{"@type":"ListItem","position":1,"name":"Home","item":"https:\/\/tay-sir.com\/ar\/"},{"@type":"ListItem","position":2,"name":"Boutique","item":"https:\/\/tay-sir.com\/boutique\/"},{"@type":"ListItem","position":3,"name":"G\u00e9ant GN-CFH-260B"}]},{"@type":"WebSite","@id":"https:\/\/tay-sir.com\/ar\/#website","url":"https:\/\/tay-sir.com\/ar\/","name":"TAY-SIR.com","description":"plateforme e-commerce avec financement islamique digital en ligne","publisher":{"@id":"https:\/\/tay-sir.com\/ar\/#organization"},"potentialAction":[{"@type":"SearchAction","target":{"@type":"EntryPoint","urlTemplate":"https:\/\/tay-sir.com\/ar\/?s={search_term_string}"},"query-input":{"@type":"PropertyValueSpecification","valueRequired":true,"valueName":"search_term_string"}}],"inLanguage":"ar"},{"@type":"Organization","@id":"https:\/\/tay-sir.com\/ar\/#organization","name":"Taysir","url":"https:\/\/tay-sir.com\/ar\/","logo":{"@type":"ImageObject","inLanguage":"ar","@id":"https:\/\/tay-sir.com\/ar\/#\/schema\/logo\/image\/","url":"https:\/\/tay-sir.com\/wp-content\/uploads\/2024\/10\/profil.jpg","contentUrl":"https:\/\/tay-sir.com\/wp-content\/uploads\/2024\/10\/profil.jpg","width":1024,"height":1024,"caption":"Taysir"},"image":{"@id":"https:\/\/tay-sir.com\/ar\/#\/schema\/logo\/image\/"},"sameAs":["https:\/\/www.facebook.com\/profile.php?id=61566201523117","https:\/\/www.tiktok.com\/@taysir31000?fbclid=IwY2xjawFor1xleHRuA2FlbQIxMAABHQqa6Ko0Z_QFAZb-7Bltxo0G0y0YuIXxVxPenEAWDkGyOgZp7D3Bq1oJAA_aem_TiTB-X9kxzhzORQbwqQiYw","https:\/\/www.instagram.com\/taysirfacilite\/"]}]}},"_links":{"self":[{"href":"https:\/\/tay-sir.com\/ar\/wp-json\/wp\/v2\/product\/28537","targetHints":{"allow":["GET"]}}],"collection":[{"href":"https:\/\/tay-sir.com\/ar\/wp-json\/wp\/v2\/product"}],"about":[{"href":"https:\/\/tay-sir.com\/ar\/wp-json\/wp\/v2\/types\/product"}],"replies":[{"embeddable":true,"href":"https:\/\/tay-sir.com\/ar\/wp-json\/wp\/v2\/comments?post=28537"}],"version-history":[{"count":2,"href":"https:\/\/tay-sir.com\/ar\/wp-json\/wp\/v2\/product\/28537\/revisions"}],"predecessor-version":[{"id":30138,"href":"https:\/\/tay-sir.com\/ar\/wp-json\/wp\/v2\/product\/28537\/revisions\/30138"}],"wp:featuredmedia":[{"embeddable":true,"href":"https:\/\/tay-sir.com\/ar\/wp-json\/wp\/v2\/media\/28536"}],"wp:attachment":[{"href":"https:\/\/tay-sir.com\/ar\/wp-json\/wp\/v2\/media?parent=28537"}],"wp:term":[{"taxonomy":"product_brand","embeddable":true,"href":"https:\/\/tay-sir.com\/ar\/wp-json\/wp\/v2\/product_brand?post=28537"},{"taxonomy":"product_cat","embeddable":true,"href":"https:\/\/tay-sir.com\/ar\/wp-json\/wp\/v2\/product_cat?post=28537"},{"taxonomy":"product_tag","embeddable":true,"href":"https:\/\/tay-sir.com\/ar\/wp-json\/wp\/v2\/product_tag?post=28537"}],"curies":[{"name":"wp","href":"https:\/\/api.w.org\/{rel}","templated":true}]}}