{"id":28541,"date":"2024-08-17T15:18:15","date_gmt":"2024-08-17T14:18:15","guid":{"rendered":"https:\/\/tay-sir.com\/produit\/iris-ic-tn338\/"},"modified":"2024-10-23T16:14:36","modified_gmt":"2024-10-23T15:14:36","slug":"iris-ic-tn338","status":"publish","type":"product","link":"https:\/\/tay-sir.com\/ar\/product\/iris-ic-tn338\/","title":{"rendered":"IRIS IC-TN338"},"content":{"rendered":"<p>Marque IRIS<br \/>\nCong\u00e9lateur IC-TN338<br \/>\nCapacit\u00e9 Totale 255 Litres<br \/>\nCapacit\u00e9 R\u00e9frig\u00e9rateur Litres<br \/>\nCapacit\u00e9 Cong\u00e9lateur 255 Litres<br \/>\nLargeur 112 Cm<br \/>\nHauteur 85 Cm<br \/>\nProfondeur 56 Cm<br \/>\nR\u00e9frig\u00e9rant R600a<br \/>\nD\u00e9givrage Automatique 12504<br \/>\nCong\u00e9lation rapide 18<br \/>\nAlimentation \u00e9lectrique 220-240 V<br \/>\nClasse climatique SN-T<\/p>","protected":false},"excerpt":{"rendered":"<p>Marque IRIS Cong\u00e9lateur IC-TN338 Capacit\u00e9 Totale 255 Litres Capacit\u00e9 R\u00e9frig\u00e9rateur Litres Capacit\u00e9 Cong\u00e9lateur 255 Litres Largeur 112 Cm Hauteur 85<\/p>","protected":false},"featured_media":28540,"comment_status":"open","ping_status":"closed","template":"","meta":[],"product_brand":[],"product_cat":[17,36],"product_tag":[],"class_list":{"0":"post-28541","1":"product","2":"type-product","3":"status-publish","4":"has-post-thumbnail","6":"product_cat-electro-menager","7":"product_cat-congelateurs","9":"first","10":"instock","11":"shipping-taxable","12":"purchasable","13":"product-type-variable"},"yoast_head":"<!-- This site is optimized with the Yoast SEO plugin v24.9 - https:\/\/yoast.com\/wordpress\/plugins\/seo\/ -->\n<title>IRIS IC-TN338 - Maslak<\/title>\n<meta name=\"robots\" content=\"index, follow, max-snippet:-1, max-image-preview:large, max-video-preview:-1\" \/>\n<link rel=\"canonical\" href=\"https:\/\/tay-sir.com\/ar\/product\/iris-ic-tn338\/\" \/>\n<meta property=\"og:locale\" content=\"ar_AR\" \/>\n<meta property=\"og:type\" content=\"article\" \/>\n<meta property=\"og:title\" content=\"IRIS IC-TN338 - Maslak\" \/>\n<meta property=\"og:description\" content=\"Marque IRIS Cong\u00e9lateur IC-TN338 Capacit\u00e9 Totale 255 Litres Capacit\u00e9 R\u00e9frig\u00e9rateur Litres Capacit\u00e9 Cong\u00e9lateur 255 Litres Largeur 112 Cm Hauteur 85\" \/>\n<meta property=\"og:url\" content=\"https:\/\/tay-sir.com\/ar\/product\/iris-ic-tn338\/\" \/>\n<meta property=\"og:site_name\" content=\"Maslak\" \/>\n<meta property=\"article:publisher\" content=\"https:\/\/www.facebook.com\/profile.php?id=61566201523117\" \/>\n<meta property=\"article:modified_time\" content=\"2024-10-23T15:14:36+00:00\" \/>\n<meta property=\"og:image\" content=\"https:\/\/tay-sir.com\/wp-content\/uploads\/2024\/08\/document_service_15178226_269_5_710589921.jpg\" \/>\n\t<meta property=\"og:image:width\" content=\"500\" \/>\n\t<meta property=\"og:image:height\" content=\"500\" \/>\n\t<meta property=\"og:image:type\" content=\"image\/jpeg\" \/>\n<meta name=\"twitter:card\" content=\"summary_large_image\" \/>\n<script type=\"application\/ld+json\" class=\"yoast-schema-graph\">{\"@context\":\"https:\/\/schema.org\",\"@graph\":[{\"@type\":\"WebPage\",\"@id\":\"https:\/\/tay-sir.com\/produit\/iris-ic-tn338\/\",\"url\":\"https:\/\/tay-sir.com\/produit\/iris-ic-tn338\/\",\"name\":\"IRIS IC-TN338 - Maslak\",\"isPartOf\":{\"@id\":\"https:\/\/tay-sir.com\/ar\/#website\"},\"primaryImageOfPage\":{\"@id\":\"https:\/\/tay-sir.com\/produit\/iris-ic-tn338\/#primaryimage\"},\"image\":{\"@id\":\"https:\/\/tay-sir.com\/produit\/iris-ic-tn338\/#primaryimage\"},\"thumbnailUrl\":\"https:\/\/tay-sir.com\/wp-content\/uploads\/2024\/08\/document_service_15178226_269_5_710589921.jpg\",\"datePublished\":\"2024-08-17T14:18:15+00:00\",\"dateModified\":\"2024-10-23T15:14:36+00:00\",\"breadcrumb\":{\"@id\":\"https:\/\/tay-sir.com\/produit\/iris-ic-tn338\/#breadcrumb\"},\"inLanguage\":\"ar\",\"potentialAction\":[{\"@type\":\"ReadAction\",\"target\":[\"https:\/\/tay-sir.com\/produit\/iris-ic-tn338\/\"]}]},{\"@type\":\"ImageObject\",\"inLanguage\":\"ar\",\"@id\":\"https:\/\/tay-sir.com\/produit\/iris-ic-tn338\/#primaryimage\",\"url\":\"https:\/\/tay-sir.com\/wp-content\/uploads\/2024\/08\/document_service_15178226_269_5_710589921.jpg\",\"contentUrl\":\"https:\/\/tay-sir.com\/wp-content\/uploads\/2024\/08\/document_service_15178226_269_5_710589921.jpg\",\"width\":500,\"height\":500},{\"@type\":\"BreadcrumbList\",\"@id\":\"https:\/\/tay-sir.com\/produit\/iris-ic-tn338\/#breadcrumb\",\"itemListElement\":[{\"@type\":\"ListItem\",\"position\":1,\"name\":\"Home\",\"item\":\"https:\/\/tay-sir.com\/ar\/\"},{\"@type\":\"ListItem\",\"position\":2,\"name\":\"Boutique\",\"item\":\"https:\/\/tay-sir.com\/boutique\/\"},{\"@type\":\"ListItem\",\"position\":3,\"name\":\"IRIS IC-TN338\"}]},{\"@type\":\"WebSite\",\"@id\":\"https:\/\/tay-sir.com\/ar\/#website\",\"url\":\"https:\/\/tay-sir.com\/ar\/\",\"name\":\"TAY-SIR.com\",\"description\":\"plateforme e-commerce avec financement islamique digital en ligne\",\"publisher\":{\"@id\":\"https:\/\/tay-sir.com\/ar\/#organization\"},\"potentialAction\":[{\"@type\":\"SearchAction\",\"target\":{\"@type\":\"EntryPoint\",\"urlTemplate\":\"https:\/\/tay-sir.com\/ar\/?s={search_term_string}\"},\"query-input\":{\"@type\":\"PropertyValueSpecification\",\"valueRequired\":true,\"valueName\":\"search_term_string\"}}],\"inLanguage\":\"ar\"},{\"@type\":\"Organization\",\"@id\":\"https:\/\/tay-sir.com\/ar\/#organization\",\"name\":\"Taysir\",\"url\":\"https:\/\/tay-sir.com\/ar\/\",\"logo\":{\"@type\":\"ImageObject\",\"inLanguage\":\"ar\",\"@id\":\"https:\/\/tay-sir.com\/ar\/#\/schema\/logo\/image\/\",\"url\":\"https:\/\/tay-sir.com\/wp-content\/uploads\/2024\/10\/profil.jpg\",\"contentUrl\":\"https:\/\/tay-sir.com\/wp-content\/uploads\/2024\/10\/profil.jpg\",\"width\":1024,\"height\":1024,\"caption\":\"Taysir\"},\"image\":{\"@id\":\"https:\/\/tay-sir.com\/ar\/#\/schema\/logo\/image\/\"},\"sameAs\":[\"https:\/\/www.facebook.com\/profile.php?id=61566201523117\",\"https:\/\/www.tiktok.com\/@taysir31000?fbclid=IwY2xjawFor1xleHRuA2FlbQIxMAABHQqa6Ko0Z_QFAZb-7Bltxo0G0y0YuIXxVxPenEAWDkGyOgZp7D3Bq1oJAA_aem_TiTB-X9kxzhzORQbwqQiYw\",\"https:\/\/www.instagram.com\/taysirfacilite\/\"]}]}<\/script>\n<!-- \/ Yoast SEO plugin. -->","yoast_head_json":{"title":"IRIS IC-TN338 - Maslak","robots":{"index":"index","follow":"follow","max-snippet":"max-snippet:-1","max-image-preview":"max-image-preview:large","max-video-preview":"max-video-preview:-1"},"canonical":"https:\/\/tay-sir.com\/ar\/product\/iris-ic-tn338\/","og_locale":"ar_AR","og_type":"article","og_title":"IRIS IC-TN338 - Maslak","og_description":"Marque IRIS Cong\u00e9lateur IC-TN338 Capacit\u00e9 Totale 255 Litres Capacit\u00e9 R\u00e9frig\u00e9rateur Litres Capacit\u00e9 Cong\u00e9lateur 255 Litres Largeur 112 Cm Hauteur 85","og_url":"https:\/\/tay-sir.com\/ar\/product\/iris-ic-tn338\/","og_site_name":"Maslak","article_publisher":"https:\/\/www.facebook.com\/profile.php?id=61566201523117","article_modified_time":"2024-10-23T15:14:36+00:00","og_image":[{"width":500,"height":500,"url":"https:\/\/tay-sir.com\/wp-content\/uploads\/2024\/08\/document_service_15178226_269_5_710589921.jpg","type":"image\/jpeg"}],"twitter_card":"summary_large_image","schema":{"@context":"https:\/\/schema.org","@graph":[{"@type":"WebPage","@id":"https:\/\/tay-sir.com\/produit\/iris-ic-tn338\/","url":"https:\/\/tay-sir.com\/produit\/iris-ic-tn338\/","name":"IRIS IC-TN338 - Maslak","isPartOf":{"@id":"https:\/\/tay-sir.com\/ar\/#website"},"primaryImageOfPage":{"@id":"https:\/\/tay-sir.com\/produit\/iris-ic-tn338\/#primaryimage"},"image":{"@id":"https:\/\/tay-sir.com\/produit\/iris-ic-tn338\/#primaryimage"},"thumbnailUrl":"https:\/\/tay-sir.com\/wp-content\/uploads\/2024\/08\/document_service_15178226_269_5_710589921.jpg","datePublished":"2024-08-17T14:18:15+00:00","dateModified":"2024-10-23T15:14:36+00:00","breadcrumb":{"@id":"https:\/\/tay-sir.com\/produit\/iris-ic-tn338\/#breadcrumb"},"inLanguage":"ar","potentialAction":[{"@type":"ReadAction","target":["https:\/\/tay-sir.com\/produit\/iris-ic-tn338\/"]}]},{"@type":"ImageObject","inLanguage":"ar","@id":"https:\/\/tay-sir.com\/produit\/iris-ic-tn338\/#primaryimage","url":"https:\/\/tay-sir.com\/wp-content\/uploads\/2024\/08\/document_service_15178226_269_5_710589921.jpg","contentUrl":"https:\/\/tay-sir.com\/wp-content\/uploads\/2024\/08\/document_service_15178226_269_5_710589921.jpg","width":500,"height":500},{"@type":"BreadcrumbList","@id":"https:\/\/tay-sir.com\/produit\/iris-ic-tn338\/#breadcrumb","itemListElement":[{"@type":"ListItem","position":1,"name":"Home","item":"https:\/\/tay-sir.com\/ar\/"},{"@type":"ListItem","position":2,"name":"Boutique","item":"https:\/\/tay-sir.com\/boutique\/"},{"@type":"ListItem","position":3,"name":"IRIS IC-TN338"}]},{"@type":"WebSite","@id":"https:\/\/tay-sir.com\/ar\/#website","url":"https:\/\/tay-sir.com\/ar\/","name":"TAY-SIR.com","description":"plateforme e-commerce avec financement islamique digital en ligne","publisher":{"@id":"https:\/\/tay-sir.com\/ar\/#organization"},"potentialAction":[{"@type":"SearchAction","target":{"@type":"EntryPoint","urlTemplate":"https:\/\/tay-sir.com\/ar\/?s={search_term_string}"},"query-input":{"@type":"PropertyValueSpecification","valueRequired":true,"valueName":"search_term_string"}}],"inLanguage":"ar"},{"@type":"Organization","@id":"https:\/\/tay-sir.com\/ar\/#organization","name":"Taysir","url":"https:\/\/tay-sir.com\/ar\/","logo":{"@type":"ImageObject","inLanguage":"ar","@id":"https:\/\/tay-sir.com\/ar\/#\/schema\/logo\/image\/","url":"https:\/\/tay-sir.com\/wp-content\/uploads\/2024\/10\/profil.jpg","contentUrl":"https:\/\/tay-sir.com\/wp-content\/uploads\/2024\/10\/profil.jpg","width":1024,"height":1024,"caption":"Taysir"},"image":{"@id":"https:\/\/tay-sir.com\/ar\/#\/schema\/logo\/image\/"},"sameAs":["https:\/\/www.facebook.com\/profile.php?id=61566201523117","https:\/\/www.tiktok.com\/@taysir31000?fbclid=IwY2xjawFor1xleHRuA2FlbQIxMAABHQqa6Ko0Z_QFAZb-7Bltxo0G0y0YuIXxVxPenEAWDkGyOgZp7D3Bq1oJAA_aem_TiTB-X9kxzhzORQbwqQiYw","https:\/\/www.instagram.com\/taysirfacilite\/"]}]}},"_links":{"self":[{"href":"https:\/\/tay-sir.com\/ar\/wp-json\/wp\/v2\/product\/28541","targetHints":{"allow":["GET"]}}],"collection":[{"href":"https:\/\/tay-sir.com\/ar\/wp-json\/wp\/v2\/product"}],"about":[{"href":"https:\/\/tay-sir.com\/ar\/wp-json\/wp\/v2\/types\/product"}],"replies":[{"embeddable":true,"href":"https:\/\/tay-sir.com\/ar\/wp-json\/wp\/v2\/comments?post=28541"}],"version-history":[{"count":2,"href":"https:\/\/tay-sir.com\/ar\/wp-json\/wp\/v2\/product\/28541\/revisions"}],"predecessor-version":[{"id":30136,"href":"https:\/\/tay-sir.com\/ar\/wp-json\/wp\/v2\/product\/28541\/revisions\/30136"}],"wp:featuredmedia":[{"embeddable":true,"href":"https:\/\/tay-sir.com\/ar\/wp-json\/wp\/v2\/media\/28540"}],"wp:attachment":[{"href":"https:\/\/tay-sir.com\/ar\/wp-json\/wp\/v2\/media?parent=28541"}],"wp:term":[{"taxonomy":"product_brand","embeddable":true,"href":"https:\/\/tay-sir.com\/ar\/wp-json\/wp\/v2\/product_brand?post=28541"},{"taxonomy":"product_cat","embeddable":true,"href":"https:\/\/tay-sir.com\/ar\/wp-json\/wp\/v2\/product_cat?post=28541"},{"taxonomy":"product_tag","embeddable":true,"href":"https:\/\/tay-sir.com\/ar\/wp-json\/wp\/v2\/product_tag?post=28541"}],"curies":[{"name":"wp","href":"https:\/\/api.w.org\/{rel}","templated":true}]}}