{"id":28795,"date":"2024-08-19T13:17:16","date_gmt":"2024-08-19T12:17:16","guid":{"rendered":"https:\/\/tay-sir.com\/produit\/bosch-mfq3010\/"},"modified":"2024-10-23T15:29:20","modified_gmt":"2024-10-23T14:29:20","slug":"bosch-mfq3010","status":"publish","type":"product","link":"https:\/\/tay-sir.com\/ar\/product\/bosch-mfq3010\/","title":{"rendered":"Bosch MFQ3010"},"content":{"rendered":"<p>Marque Bosch Electrom\u00e9nager<br \/>\nCouleur Blanc<br \/>\nMat\u00e9riau de la lame Accessoires En Acier Inoxydable<br \/>\nCaract\u00e9ristique sp\u00e9ciale L\u00e9ger<br \/>\nCapacit\u00e9 949 Grammes<br \/>\nNom de mod\u00e8le mfq3010<br \/>\nPeut passer au lave-vaisselle Oui<br \/>\nGr\u00e2ce au puissant et silencieux moteur de 300 W, vous obtiendrez de bons r\u00e9sultats de m\u00e9lange et de p\u00e9trissage<br \/>\nD&rsquo;un lent m\u00e9lange \u00e0 un fouettage rapide en un clin d&rsquo;oeil; Deux vitesses et une fonction turbo assurent un m\u00e9lange et un p\u00e9trissage faciles jusqu&rsquo;\u00e0 la consistance souhait\u00e9e<br \/>\nLes accessoires en acier inoxydable s&rsquo;installent rapidement et sont efficaces, qu&rsquo;il s&rsquo;agisse de fouetter de la cr\u00e8me, de battre des blancs d&rsquo;\u0153ufs<br \/>\nProfitez d&rsquo;un m\u00e9lange facile, m\u00eame lorsque vous p\u00e9trissez des p\u00e2tes lourdes; Le batteur est l\u00e9ger et confortable \u00e0 tenir, ce qui rend le travail plus facile et moins fatigant<br \/>\nLivraison : 1x MFQ3010 Batteur CleverMixx Blanc, fouets, crochets<\/p>","protected":false},"excerpt":{"rendered":"<p>Marque Bosch Electrom\u00e9nager Couleur Blanc Mat\u00e9riau de la lame Accessoires En Acier Inoxydable Caract\u00e9ristique sp\u00e9ciale L\u00e9ger Capacit\u00e9 949 Grammes Nom<\/p>","protected":false},"featured_media":30406,"comment_status":"open","ping_status":"closed","template":"","meta":[],"product_brand":[],"product_cat":[17,215],"product_tag":[],"class_list":{"0":"post-28795","1":"product","2":"type-product","3":"status-publish","4":"has-post-thumbnail","6":"product_cat-electro-menager","7":"product_cat-batteur","9":"first","10":"instock","11":"shipping-taxable","12":"purchasable","13":"product-type-variable"},"yoast_head":"<!-- This site is optimized with the Yoast SEO plugin v24.9 - https:\/\/yoast.com\/wordpress\/plugins\/seo\/ -->\n<title>Bosch MFQ3010 - Maslak<\/title>\n<meta name=\"robots\" content=\"index, follow, max-snippet:-1, max-image-preview:large, max-video-preview:-1\" \/>\n<link rel=\"canonical\" href=\"https:\/\/tay-sir.com\/ar\/product\/bosch-mfq3010\/\" \/>\n<meta property=\"og:locale\" content=\"ar_AR\" \/>\n<meta property=\"og:type\" content=\"article\" \/>\n<meta property=\"og:title\" content=\"Bosch MFQ3010 - Maslak\" \/>\n<meta property=\"og:description\" content=\"Marque Bosch Electrom\u00e9nager Couleur Blanc Mat\u00e9riau de la lame Accessoires En Acier Inoxydable Caract\u00e9ristique sp\u00e9ciale L\u00e9ger Capacit\u00e9 949 Grammes Nom\" \/>\n<meta property=\"og:url\" content=\"https:\/\/tay-sir.com\/ar\/product\/bosch-mfq3010\/\" \/>\n<meta property=\"og:site_name\" content=\"Maslak\" \/>\n<meta property=\"article:publisher\" content=\"https:\/\/www.facebook.com\/profile.php?id=61566201523117\" \/>\n<meta property=\"article:modified_time\" content=\"2024-10-23T14:29:20+00:00\" \/>\n<meta property=\"og:image\" content=\"https:\/\/tay-sir.com\/wp-content\/uploads\/2024\/08\/Bosch-MFQ3010.jpg\" \/>\n\t<meta property=\"og:image:width\" content=\"400\" \/>\n\t<meta property=\"og:image:height\" content=\"400\" \/>\n\t<meta property=\"og:image:type\" content=\"image\/jpeg\" \/>\n<meta name=\"twitter:card\" content=\"summary_large_image\" \/>\n<meta name=\"twitter:label1\" content=\"\u0648\u0642\u062a \u0627\u0644\u0642\u0631\u0627\u0621\u0629 \u0627\u0644\u0645\u064f\u0642\u062f\u0651\u0631\" \/>\n\t<meta name=\"twitter:data1\" content=\"\u062f\u0642\u064a\u0642\u0629 \u0648\u0627\u062d\u062f\u0629\" \/>\n<script type=\"application\/ld+json\" class=\"yoast-schema-graph\">{\"@context\":\"https:\/\/schema.org\",\"@graph\":[{\"@type\":\"WebPage\",\"@id\":\"https:\/\/tay-sir.com\/produit\/bosch-mfq3010\/\",\"url\":\"https:\/\/tay-sir.com\/produit\/bosch-mfq3010\/\",\"name\":\"Bosch MFQ3010 - Maslak\",\"isPartOf\":{\"@id\":\"https:\/\/tay-sir.com\/ar\/#website\"},\"primaryImageOfPage\":{\"@id\":\"https:\/\/tay-sir.com\/produit\/bosch-mfq3010\/#primaryimage\"},\"image\":{\"@id\":\"https:\/\/tay-sir.com\/produit\/bosch-mfq3010\/#primaryimage\"},\"thumbnailUrl\":\"https:\/\/tay-sir.com\/wp-content\/uploads\/2024\/08\/Bosch-MFQ3010.jpg\",\"datePublished\":\"2024-08-19T12:17:16+00:00\",\"dateModified\":\"2024-10-23T14:29:20+00:00\",\"breadcrumb\":{\"@id\":\"https:\/\/tay-sir.com\/produit\/bosch-mfq3010\/#breadcrumb\"},\"inLanguage\":\"ar\",\"potentialAction\":[{\"@type\":\"ReadAction\",\"target\":[\"https:\/\/tay-sir.com\/produit\/bosch-mfq3010\/\"]}]},{\"@type\":\"ImageObject\",\"inLanguage\":\"ar\",\"@id\":\"https:\/\/tay-sir.com\/produit\/bosch-mfq3010\/#primaryimage\",\"url\":\"https:\/\/tay-sir.com\/wp-content\/uploads\/2024\/08\/Bosch-MFQ3010.jpg\",\"contentUrl\":\"https:\/\/tay-sir.com\/wp-content\/uploads\/2024\/08\/Bosch-MFQ3010.jpg\",\"width\":400,\"height\":400},{\"@type\":\"BreadcrumbList\",\"@id\":\"https:\/\/tay-sir.com\/produit\/bosch-mfq3010\/#breadcrumb\",\"itemListElement\":[{\"@type\":\"ListItem\",\"position\":1,\"name\":\"Home\",\"item\":\"https:\/\/tay-sir.com\/ar\/\"},{\"@type\":\"ListItem\",\"position\":2,\"name\":\"Boutique\",\"item\":\"https:\/\/tay-sir.com\/boutique\/\"},{\"@type\":\"ListItem\",\"position\":3,\"name\":\"Bosch MFQ3010\"}]},{\"@type\":\"WebSite\",\"@id\":\"https:\/\/tay-sir.com\/ar\/#website\",\"url\":\"https:\/\/tay-sir.com\/ar\/\",\"name\":\"TAY-SIR.com\",\"description\":\"plateforme e-commerce avec financement islamique digital en ligne\",\"publisher\":{\"@id\":\"https:\/\/tay-sir.com\/ar\/#organization\"},\"potentialAction\":[{\"@type\":\"SearchAction\",\"target\":{\"@type\":\"EntryPoint\",\"urlTemplate\":\"https:\/\/tay-sir.com\/ar\/?s={search_term_string}\"},\"query-input\":{\"@type\":\"PropertyValueSpecification\",\"valueRequired\":true,\"valueName\":\"search_term_string\"}}],\"inLanguage\":\"ar\"},{\"@type\":\"Organization\",\"@id\":\"https:\/\/tay-sir.com\/ar\/#organization\",\"name\":\"Taysir\",\"url\":\"https:\/\/tay-sir.com\/ar\/\",\"logo\":{\"@type\":\"ImageObject\",\"inLanguage\":\"ar\",\"@id\":\"https:\/\/tay-sir.com\/ar\/#\/schema\/logo\/image\/\",\"url\":\"https:\/\/tay-sir.com\/wp-content\/uploads\/2024\/10\/profil.jpg\",\"contentUrl\":\"https:\/\/tay-sir.com\/wp-content\/uploads\/2024\/10\/profil.jpg\",\"width\":1024,\"height\":1024,\"caption\":\"Taysir\"},\"image\":{\"@id\":\"https:\/\/tay-sir.com\/ar\/#\/schema\/logo\/image\/\"},\"sameAs\":[\"https:\/\/www.facebook.com\/profile.php?id=61566201523117\",\"https:\/\/www.tiktok.com\/@taysir31000?fbclid=IwY2xjawFor1xleHRuA2FlbQIxMAABHQqa6Ko0Z_QFAZb-7Bltxo0G0y0YuIXxVxPenEAWDkGyOgZp7D3Bq1oJAA_aem_TiTB-X9kxzhzORQbwqQiYw\",\"https:\/\/www.instagram.com\/taysirfacilite\/\"]}]}<\/script>\n<!-- \/ Yoast SEO plugin. -->","yoast_head_json":{"title":"Bosch MFQ3010 - Maslak","robots":{"index":"index","follow":"follow","max-snippet":"max-snippet:-1","max-image-preview":"max-image-preview:large","max-video-preview":"max-video-preview:-1"},"canonical":"https:\/\/tay-sir.com\/ar\/product\/bosch-mfq3010\/","og_locale":"ar_AR","og_type":"article","og_title":"Bosch MFQ3010 - Maslak","og_description":"Marque Bosch Electrom\u00e9nager Couleur Blanc Mat\u00e9riau de la lame Accessoires En Acier Inoxydable Caract\u00e9ristique sp\u00e9ciale L\u00e9ger Capacit\u00e9 949 Grammes Nom","og_url":"https:\/\/tay-sir.com\/ar\/product\/bosch-mfq3010\/","og_site_name":"Maslak","article_publisher":"https:\/\/www.facebook.com\/profile.php?id=61566201523117","article_modified_time":"2024-10-23T14:29:20+00:00","og_image":[{"width":400,"height":400,"url":"https:\/\/tay-sir.com\/wp-content\/uploads\/2024\/08\/Bosch-MFQ3010.jpg","type":"image\/jpeg"}],"twitter_card":"summary_large_image","twitter_misc":{"\u0648\u0642\u062a \u0627\u0644\u0642\u0631\u0627\u0621\u0629 \u0627\u0644\u0645\u064f\u0642\u062f\u0651\u0631":"\u062f\u0642\u064a\u0642\u0629 \u0648\u0627\u062d\u062f\u0629"},"schema":{"@context":"https:\/\/schema.org","@graph":[{"@type":"WebPage","@id":"https:\/\/tay-sir.com\/produit\/bosch-mfq3010\/","url":"https:\/\/tay-sir.com\/produit\/bosch-mfq3010\/","name":"Bosch MFQ3010 - Maslak","isPartOf":{"@id":"https:\/\/tay-sir.com\/ar\/#website"},"primaryImageOfPage":{"@id":"https:\/\/tay-sir.com\/produit\/bosch-mfq3010\/#primaryimage"},"image":{"@id":"https:\/\/tay-sir.com\/produit\/bosch-mfq3010\/#primaryimage"},"thumbnailUrl":"https:\/\/tay-sir.com\/wp-content\/uploads\/2024\/08\/Bosch-MFQ3010.jpg","datePublished":"2024-08-19T12:17:16+00:00","dateModified":"2024-10-23T14:29:20+00:00","breadcrumb":{"@id":"https:\/\/tay-sir.com\/produit\/bosch-mfq3010\/#breadcrumb"},"inLanguage":"ar","potentialAction":[{"@type":"ReadAction","target":["https:\/\/tay-sir.com\/produit\/bosch-mfq3010\/"]}]},{"@type":"ImageObject","inLanguage":"ar","@id":"https:\/\/tay-sir.com\/produit\/bosch-mfq3010\/#primaryimage","url":"https:\/\/tay-sir.com\/wp-content\/uploads\/2024\/08\/Bosch-MFQ3010.jpg","contentUrl":"https:\/\/tay-sir.com\/wp-content\/uploads\/2024\/08\/Bosch-MFQ3010.jpg","width":400,"height":400},{"@type":"BreadcrumbList","@id":"https:\/\/tay-sir.com\/produit\/bosch-mfq3010\/#breadcrumb","itemListElement":[{"@type":"ListItem","position":1,"name":"Home","item":"https:\/\/tay-sir.com\/ar\/"},{"@type":"ListItem","position":2,"name":"Boutique","item":"https:\/\/tay-sir.com\/boutique\/"},{"@type":"ListItem","position":3,"name":"Bosch MFQ3010"}]},{"@type":"WebSite","@id":"https:\/\/tay-sir.com\/ar\/#website","url":"https:\/\/tay-sir.com\/ar\/","name":"TAY-SIR.com","description":"plateforme e-commerce avec financement islamique digital en ligne","publisher":{"@id":"https:\/\/tay-sir.com\/ar\/#organization"},"potentialAction":[{"@type":"SearchAction","target":{"@type":"EntryPoint","urlTemplate":"https:\/\/tay-sir.com\/ar\/?s={search_term_string}"},"query-input":{"@type":"PropertyValueSpecification","valueRequired":true,"valueName":"search_term_string"}}],"inLanguage":"ar"},{"@type":"Organization","@id":"https:\/\/tay-sir.com\/ar\/#organization","name":"Taysir","url":"https:\/\/tay-sir.com\/ar\/","logo":{"@type":"ImageObject","inLanguage":"ar","@id":"https:\/\/tay-sir.com\/ar\/#\/schema\/logo\/image\/","url":"https:\/\/tay-sir.com\/wp-content\/uploads\/2024\/10\/profil.jpg","contentUrl":"https:\/\/tay-sir.com\/wp-content\/uploads\/2024\/10\/profil.jpg","width":1024,"height":1024,"caption":"Taysir"},"image":{"@id":"https:\/\/tay-sir.com\/ar\/#\/schema\/logo\/image\/"},"sameAs":["https:\/\/www.facebook.com\/profile.php?id=61566201523117","https:\/\/www.tiktok.com\/@taysir31000?fbclid=IwY2xjawFor1xleHRuA2FlbQIxMAABHQqa6Ko0Z_QFAZb-7Bltxo0G0y0YuIXxVxPenEAWDkGyOgZp7D3Bq1oJAA_aem_TiTB-X9kxzhzORQbwqQiYw","https:\/\/www.instagram.com\/taysirfacilite\/"]}]}},"_links":{"self":[{"href":"https:\/\/tay-sir.com\/ar\/wp-json\/wp\/v2\/product\/28795","targetHints":{"allow":["GET"]}}],"collection":[{"href":"https:\/\/tay-sir.com\/ar\/wp-json\/wp\/v2\/product"}],"about":[{"href":"https:\/\/tay-sir.com\/ar\/wp-json\/wp\/v2\/types\/product"}],"replies":[{"embeddable":true,"href":"https:\/\/tay-sir.com\/ar\/wp-json\/wp\/v2\/comments?post=28795"}],"version-history":[{"count":1,"href":"https:\/\/tay-sir.com\/ar\/wp-json\/wp\/v2\/product\/28795\/revisions"}],"predecessor-version":[{"id":28820,"href":"https:\/\/tay-sir.com\/ar\/wp-json\/wp\/v2\/product\/28795\/revisions\/28820"}],"wp:featuredmedia":[{"embeddable":true,"href":"https:\/\/tay-sir.com\/ar\/wp-json\/wp\/v2\/media\/30406"}],"wp:attachment":[{"href":"https:\/\/tay-sir.com\/ar\/wp-json\/wp\/v2\/media?parent=28795"}],"wp:term":[{"taxonomy":"product_brand","embeddable":true,"href":"https:\/\/tay-sir.com\/ar\/wp-json\/wp\/v2\/product_brand?post=28795"},{"taxonomy":"product_cat","embeddable":true,"href":"https:\/\/tay-sir.com\/ar\/wp-json\/wp\/v2\/product_cat?post=28795"},{"taxonomy":"product_tag","embeddable":true,"href":"https:\/\/tay-sir.com\/ar\/wp-json\/wp\/v2\/product_tag?post=28795"}],"curies":[{"name":"wp","href":"https:\/\/api.w.org\/{rel}","templated":true}]}}