{"id":28803,"date":"2024-08-19T13:17:20","date_gmt":"2024-08-19T12:17:20","guid":{"rendered":"https:\/\/tay-sir.com\/produit\/moulinex-hm461110\/"},"modified":"2024-10-23T14:53:22","modified_gmt":"2024-10-23T13:53:22","slug":"moulinex-hm461110","status":"publish","type":"product","link":"https:\/\/tay-sir.com\/ar\/product\/moulinex-hm461110\/","title":{"rendered":"Moulinex HM461110"},"content":{"rendered":"<p>Con\u00e7u pour r\u00e9pondre \u00e0 tous vos besoins en cuisine, le batteur Prep&rsquo;Mix de Moulinex met des performances robustes et polyvalentes dans la paume de votre main. Son moteur tr\u00e8s performant de 500 W assure de bons r\u00e9sultats tant pour les pr\u00e9parations l\u00e9g\u00e8res que pour les pr\u00e9parations consistantes. Avec des fouets et des p\u00e9trins en acier inoxydable de haute qualit\u00e9 pour un excellent battage, de la cr\u00e8me fouett\u00e9e parfaite \u00e0 la p\u00e2te \u00e0 pizzas exceptionnelle et tout ce qui se trouve entre les deux, d\u00e9couvrez un batteur qui met des possibilit\u00e9s infinies \u00e0 votre port\u00e9e.<br \/>\nPr\u00e9parations consistantes et l\u00e9g\u00e8res<br \/>\nVotre nouvel alli\u00e9 en cuisine, offrant des performances robustes pour tous vos besoins en cuisine et convenant aux pr\u00e9parations consistantes et l\u00e9g\u00e8res en toute simplicit\u00e9.<br \/>\nMoteur puissant de 500 W<br \/>\nPerformances exceptionnelles au bout des doigts, avec un moteur tr\u00e8s performant de 500 W assurant d&rsquo;excellents r\u00e9sultats, m\u00eame sur des m\u00e9langes de p\u00e2te plus consistante.<br \/>\n5 vitesses et r\u00e9glage Turbo<br \/>\nCon\u00e7u pour r\u00e9pondre \u00e0 tous vos besoins en cuisine, avec 5 vitesses plus un r\u00e9glage Turbo pour convenir \u00e0 une grande vari\u00e9t\u00e9 de recettes.<br \/>\nConfortable et facile \u00e0 utiliser<br \/>\nMixeur manuel confortable, id\u00e9al pour cuisiner en toute simplicit\u00e9 au quotidien, avec une position de repos stable assurant une p\u00e2tisserie facile et un plan de travail propre.<br \/>\nCommodit\u00e9 au quotidien<br \/>\nAccessoires compatibles lave-vaisselle pour faciliter la cuisine jour apr\u00e8s jour.<\/p>\n<p>Fiche technique<br \/>\nPRINCIPALES CARACT\u00c9RISTIQUES<br \/>\nType: Batteur \u00e0 main<br \/>\n2 fouets et 2 crochets en inox.<br \/>\n5 vitesses .<br \/>\nTouche Turbo.<br \/>\nPuissance 500 Watts.<br \/>\n5 vitesses et fonction Turbo<br \/>\nFouets et crochets p\u00e9trisseurs en inox<br \/>\nAccessoires : mixeur plongeant et doseur<br \/>\nPoids : 1,48 kg<br \/>\nBouton d&rsquo;\u00e9jection<br \/>\nVENDU AVEC LE PRODUIT<br \/>\n2 fouets inox et 2 crochets p\u00e9trisseurs inox pour des pr\u00e9parations r\u00e9ussies et pied mixeur<br \/>\nDESCRIPTIF TECHNIQUE<br \/>\nSKU: MO534HA0GUG6CNAFAMZ<br \/>\nMod\u00e8le: Hm461110<br \/>\nPoids (kg): 0.8<br \/>\nCouleur: Blanc\/ Noir<\/p>","protected":false},"excerpt":{"rendered":"<p>Con\u00e7u pour r\u00e9pondre \u00e0 tous vos besoins en cuisine, le batteur Prep&rsquo;Mix de Moulinex met des performances robustes et polyvalentes<\/p>","protected":false},"featured_media":28802,"comment_status":"open","ping_status":"closed","template":"","meta":[],"product_brand":[],"product_cat":[17,215],"product_tag":[],"class_list":{"0":"post-28803","1":"product","2":"type-product","3":"status-publish","4":"has-post-thumbnail","6":"product_cat-electro-menager","7":"product_cat-batteur","9":"first","10":"instock","11":"shipping-taxable","12":"purchasable","13":"product-type-variable"},"yoast_head":"<!-- This site is optimized with the Yoast SEO plugin v24.9 - https:\/\/yoast.com\/wordpress\/plugins\/seo\/ -->\n<title>Moulinex HM461110 - Maslak<\/title>\n<meta name=\"robots\" content=\"index, follow, max-snippet:-1, max-image-preview:large, max-video-preview:-1\" \/>\n<link rel=\"canonical\" href=\"https:\/\/tay-sir.com\/ar\/product\/moulinex-hm461110\/\" \/>\n<meta property=\"og:locale\" content=\"ar_AR\" \/>\n<meta property=\"og:type\" content=\"article\" \/>\n<meta property=\"og:title\" content=\"Moulinex HM461110 - Maslak\" \/>\n<meta property=\"og:description\" content=\"Con\u00e7u pour r\u00e9pondre \u00e0 tous vos besoins en cuisine, le batteur Prep&rsquo;Mix de Moulinex met des performances robustes et polyvalentes\" \/>\n<meta property=\"og:url\" content=\"https:\/\/tay-sir.com\/ar\/product\/moulinex-hm461110\/\" \/>\n<meta property=\"og:site_name\" content=\"Maslak\" \/>\n<meta property=\"article:publisher\" content=\"https:\/\/www.facebook.com\/profile.php?id=61566201523117\" \/>\n<meta property=\"article:modified_time\" content=\"2024-10-23T13:53:22+00:00\" \/>\n<meta property=\"og:image\" content=\"https:\/\/tay-sir.com\/wp-content\/uploads\/2024\/08\/document_service_4953362_1395_5_1508867782.jpg\" \/>\n\t<meta property=\"og:image:width\" content=\"500\" \/>\n\t<meta property=\"og:image:height\" content=\"500\" \/>\n\t<meta property=\"og:image:type\" content=\"image\/jpeg\" \/>\n<meta name=\"twitter:card\" content=\"summary_large_image\" \/>\n<meta name=\"twitter:label1\" content=\"\u0648\u0642\u062a \u0627\u0644\u0642\u0631\u0627\u0621\u0629 \u0627\u0644\u0645\u064f\u0642\u062f\u0651\u0631\" \/>\n\t<meta name=\"twitter:data1\" content=\"\u062f\u0642\u064a\u0642\u062a\u0627\u0646\" \/>\n<script type=\"application\/ld+json\" class=\"yoast-schema-graph\">{\"@context\":\"https:\/\/schema.org\",\"@graph\":[{\"@type\":\"WebPage\",\"@id\":\"https:\/\/tay-sir.com\/produit\/moulinex-hm461110\/\",\"url\":\"https:\/\/tay-sir.com\/produit\/moulinex-hm461110\/\",\"name\":\"Moulinex HM461110 - Maslak\",\"isPartOf\":{\"@id\":\"https:\/\/tay-sir.com\/ar\/#website\"},\"primaryImageOfPage\":{\"@id\":\"https:\/\/tay-sir.com\/produit\/moulinex-hm461110\/#primaryimage\"},\"image\":{\"@id\":\"https:\/\/tay-sir.com\/produit\/moulinex-hm461110\/#primaryimage\"},\"thumbnailUrl\":\"https:\/\/tay-sir.com\/wp-content\/uploads\/2024\/08\/document_service_4953362_1395_5_1508867782.jpg\",\"datePublished\":\"2024-08-19T12:17:20+00:00\",\"dateModified\":\"2024-10-23T13:53:22+00:00\",\"breadcrumb\":{\"@id\":\"https:\/\/tay-sir.com\/produit\/moulinex-hm461110\/#breadcrumb\"},\"inLanguage\":\"ar\",\"potentialAction\":[{\"@type\":\"ReadAction\",\"target\":[\"https:\/\/tay-sir.com\/produit\/moulinex-hm461110\/\"]}]},{\"@type\":\"ImageObject\",\"inLanguage\":\"ar\",\"@id\":\"https:\/\/tay-sir.com\/produit\/moulinex-hm461110\/#primaryimage\",\"url\":\"https:\/\/tay-sir.com\/wp-content\/uploads\/2024\/08\/document_service_4953362_1395_5_1508867782.jpg\",\"contentUrl\":\"https:\/\/tay-sir.com\/wp-content\/uploads\/2024\/08\/document_service_4953362_1395_5_1508867782.jpg\",\"width\":500,\"height\":500},{\"@type\":\"BreadcrumbList\",\"@id\":\"https:\/\/tay-sir.com\/produit\/moulinex-hm461110\/#breadcrumb\",\"itemListElement\":[{\"@type\":\"ListItem\",\"position\":1,\"name\":\"Home\",\"item\":\"https:\/\/tay-sir.com\/ar\/\"},{\"@type\":\"ListItem\",\"position\":2,\"name\":\"Boutique\",\"item\":\"https:\/\/tay-sir.com\/boutique\/\"},{\"@type\":\"ListItem\",\"position\":3,\"name\":\"Moulinex HM461110\"}]},{\"@type\":\"WebSite\",\"@id\":\"https:\/\/tay-sir.com\/ar\/#website\",\"url\":\"https:\/\/tay-sir.com\/ar\/\",\"name\":\"TAY-SIR.com\",\"description\":\"plateforme e-commerce avec financement islamique digital en ligne\",\"publisher\":{\"@id\":\"https:\/\/tay-sir.com\/ar\/#organization\"},\"potentialAction\":[{\"@type\":\"SearchAction\",\"target\":{\"@type\":\"EntryPoint\",\"urlTemplate\":\"https:\/\/tay-sir.com\/ar\/?s={search_term_string}\"},\"query-input\":{\"@type\":\"PropertyValueSpecification\",\"valueRequired\":true,\"valueName\":\"search_term_string\"}}],\"inLanguage\":\"ar\"},{\"@type\":\"Organization\",\"@id\":\"https:\/\/tay-sir.com\/ar\/#organization\",\"name\":\"Taysir\",\"url\":\"https:\/\/tay-sir.com\/ar\/\",\"logo\":{\"@type\":\"ImageObject\",\"inLanguage\":\"ar\",\"@id\":\"https:\/\/tay-sir.com\/ar\/#\/schema\/logo\/image\/\",\"url\":\"https:\/\/tay-sir.com\/wp-content\/uploads\/2024\/10\/profil.jpg\",\"contentUrl\":\"https:\/\/tay-sir.com\/wp-content\/uploads\/2024\/10\/profil.jpg\",\"width\":1024,\"height\":1024,\"caption\":\"Taysir\"},\"image\":{\"@id\":\"https:\/\/tay-sir.com\/ar\/#\/schema\/logo\/image\/\"},\"sameAs\":[\"https:\/\/www.facebook.com\/profile.php?id=61566201523117\",\"https:\/\/www.tiktok.com\/@taysir31000?fbclid=IwY2xjawFor1xleHRuA2FlbQIxMAABHQqa6Ko0Z_QFAZb-7Bltxo0G0y0YuIXxVxPenEAWDkGyOgZp7D3Bq1oJAA_aem_TiTB-X9kxzhzORQbwqQiYw\",\"https:\/\/www.instagram.com\/taysirfacilite\/\"]}]}<\/script>\n<!-- \/ Yoast SEO plugin. -->","yoast_head_json":{"title":"Moulinex HM461110 - Maslak","robots":{"index":"index","follow":"follow","max-snippet":"max-snippet:-1","max-image-preview":"max-image-preview:large","max-video-preview":"max-video-preview:-1"},"canonical":"https:\/\/tay-sir.com\/ar\/product\/moulinex-hm461110\/","og_locale":"ar_AR","og_type":"article","og_title":"Moulinex HM461110 - Maslak","og_description":"Con\u00e7u pour r\u00e9pondre \u00e0 tous vos besoins en cuisine, le batteur Prep&rsquo;Mix de Moulinex met des performances robustes et polyvalentes","og_url":"https:\/\/tay-sir.com\/ar\/product\/moulinex-hm461110\/","og_site_name":"Maslak","article_publisher":"https:\/\/www.facebook.com\/profile.php?id=61566201523117","article_modified_time":"2024-10-23T13:53:22+00:00","og_image":[{"width":500,"height":500,"url":"https:\/\/tay-sir.com\/wp-content\/uploads\/2024\/08\/document_service_4953362_1395_5_1508867782.jpg","type":"image\/jpeg"}],"twitter_card":"summary_large_image","twitter_misc":{"\u0648\u0642\u062a \u0627\u0644\u0642\u0631\u0627\u0621\u0629 \u0627\u0644\u0645\u064f\u0642\u062f\u0651\u0631":"\u062f\u0642\u064a\u0642\u062a\u0627\u0646"},"schema":{"@context":"https:\/\/schema.org","@graph":[{"@type":"WebPage","@id":"https:\/\/tay-sir.com\/produit\/moulinex-hm461110\/","url":"https:\/\/tay-sir.com\/produit\/moulinex-hm461110\/","name":"Moulinex HM461110 - Maslak","isPartOf":{"@id":"https:\/\/tay-sir.com\/ar\/#website"},"primaryImageOfPage":{"@id":"https:\/\/tay-sir.com\/produit\/moulinex-hm461110\/#primaryimage"},"image":{"@id":"https:\/\/tay-sir.com\/produit\/moulinex-hm461110\/#primaryimage"},"thumbnailUrl":"https:\/\/tay-sir.com\/wp-content\/uploads\/2024\/08\/document_service_4953362_1395_5_1508867782.jpg","datePublished":"2024-08-19T12:17:20+00:00","dateModified":"2024-10-23T13:53:22+00:00","breadcrumb":{"@id":"https:\/\/tay-sir.com\/produit\/moulinex-hm461110\/#breadcrumb"},"inLanguage":"ar","potentialAction":[{"@type":"ReadAction","target":["https:\/\/tay-sir.com\/produit\/moulinex-hm461110\/"]}]},{"@type":"ImageObject","inLanguage":"ar","@id":"https:\/\/tay-sir.com\/produit\/moulinex-hm461110\/#primaryimage","url":"https:\/\/tay-sir.com\/wp-content\/uploads\/2024\/08\/document_service_4953362_1395_5_1508867782.jpg","contentUrl":"https:\/\/tay-sir.com\/wp-content\/uploads\/2024\/08\/document_service_4953362_1395_5_1508867782.jpg","width":500,"height":500},{"@type":"BreadcrumbList","@id":"https:\/\/tay-sir.com\/produit\/moulinex-hm461110\/#breadcrumb","itemListElement":[{"@type":"ListItem","position":1,"name":"Home","item":"https:\/\/tay-sir.com\/ar\/"},{"@type":"ListItem","position":2,"name":"Boutique","item":"https:\/\/tay-sir.com\/boutique\/"},{"@type":"ListItem","position":3,"name":"Moulinex HM461110"}]},{"@type":"WebSite","@id":"https:\/\/tay-sir.com\/ar\/#website","url":"https:\/\/tay-sir.com\/ar\/","name":"TAY-SIR.com","description":"plateforme e-commerce avec financement islamique digital en ligne","publisher":{"@id":"https:\/\/tay-sir.com\/ar\/#organization"},"potentialAction":[{"@type":"SearchAction","target":{"@type":"EntryPoint","urlTemplate":"https:\/\/tay-sir.com\/ar\/?s={search_term_string}"},"query-input":{"@type":"PropertyValueSpecification","valueRequired":true,"valueName":"search_term_string"}}],"inLanguage":"ar"},{"@type":"Organization","@id":"https:\/\/tay-sir.com\/ar\/#organization","name":"Taysir","url":"https:\/\/tay-sir.com\/ar\/","logo":{"@type":"ImageObject","inLanguage":"ar","@id":"https:\/\/tay-sir.com\/ar\/#\/schema\/logo\/image\/","url":"https:\/\/tay-sir.com\/wp-content\/uploads\/2024\/10\/profil.jpg","contentUrl":"https:\/\/tay-sir.com\/wp-content\/uploads\/2024\/10\/profil.jpg","width":1024,"height":1024,"caption":"Taysir"},"image":{"@id":"https:\/\/tay-sir.com\/ar\/#\/schema\/logo\/image\/"},"sameAs":["https:\/\/www.facebook.com\/profile.php?id=61566201523117","https:\/\/www.tiktok.com\/@taysir31000?fbclid=IwY2xjawFor1xleHRuA2FlbQIxMAABHQqa6Ko0Z_QFAZb-7Bltxo0G0y0YuIXxVxPenEAWDkGyOgZp7D3Bq1oJAA_aem_TiTB-X9kxzhzORQbwqQiYw","https:\/\/www.instagram.com\/taysirfacilite\/"]}]}},"_links":{"self":[{"href":"https:\/\/tay-sir.com\/ar\/wp-json\/wp\/v2\/product\/28803","targetHints":{"allow":["GET"]}}],"collection":[{"href":"https:\/\/tay-sir.com\/ar\/wp-json\/wp\/v2\/product"}],"about":[{"href":"https:\/\/tay-sir.com\/ar\/wp-json\/wp\/v2\/types\/product"}],"replies":[{"embeddable":true,"href":"https:\/\/tay-sir.com\/ar\/wp-json\/wp\/v2\/comments?post=28803"}],"version-history":[{"count":2,"href":"https:\/\/tay-sir.com\/ar\/wp-json\/wp\/v2\/product\/28803\/revisions"}],"predecessor-version":[{"id":30105,"href":"https:\/\/tay-sir.com\/ar\/wp-json\/wp\/v2\/product\/28803\/revisions\/30105"}],"wp:featuredmedia":[{"embeddable":true,"href":"https:\/\/tay-sir.com\/ar\/wp-json\/wp\/v2\/media\/28802"}],"wp:attachment":[{"href":"https:\/\/tay-sir.com\/ar\/wp-json\/wp\/v2\/media?parent=28803"}],"wp:term":[{"taxonomy":"product_brand","embeddable":true,"href":"https:\/\/tay-sir.com\/ar\/wp-json\/wp\/v2\/product_brand?post=28803"},{"taxonomy":"product_cat","embeddable":true,"href":"https:\/\/tay-sir.com\/ar\/wp-json\/wp\/v2\/product_cat?post=28803"},{"taxonomy":"product_tag","embeddable":true,"href":"https:\/\/tay-sir.com\/ar\/wp-json\/wp\/v2\/product_tag?post=28803"}],"curies":[{"name":"wp","href":"https:\/\/api.w.org\/{rel}","templated":true}]}}