{"id":28805,"date":"2024-08-19T13:17:21","date_gmt":"2024-08-19T12:17:21","guid":{"rendered":"https:\/\/tay-sir.com\/produit\/multismart-ms-hm1091\/"},"modified":"2024-10-23T14:50:45","modified_gmt":"2024-10-23T13:50:45","slug":"multismart-ms-hm1091","status":"publish","type":"product","link":"https:\/\/tay-sir.com\/ar\/product\/multismart-ms-hm1091\/","title":{"rendered":"MultiSmart MS-HM1091"},"content":{"rendered":"<p>Puissance effective : 300W.<br \/>\n05 vitesses.<br \/>\nune paire de fouets en inox.<br \/>\nune paire crochets en inox.<br \/>\nMat\u00e9riel: Inox.<br \/>\nGr\u00e2ce \u00e0 la vitesse variable, vous pouvez choisir vous-m\u00eame la vitesse ou pr\u00e9parer une d\u00e9licieuse cr\u00e8me. Lib\u00e9rez votre cr\u00e9ativit\u00e9 dans la cuisine et cr\u00e9ez de d\u00e9licieux plats pour votre famille.<\/p>\n<p>avec un ensemble de crochets et un bras m\u00e9langeur, vous offrant plus de flexibilit\u00e9 dans la pr\u00e9paration de vos recettes pr\u00e9f\u00e9r\u00e9es. Que vous souhaitiez r\u00e9aliser un g\u00e2teau croustillant, du pain sucr\u00e9 ou de d\u00e9licieuses sauces, cet appareil sera votre partenaire indispensable en cuisine.<br \/>\nNe perdez pas votre temps et vos efforts \u00e0 m\u00e9langer les ingr\u00e9dients \u00e0 la main. Obtenez des r\u00e9sultats parfaits et homog\u00e8nes en peu de temps avec le fouet et le mixeur p\u00e9rin\u00e9al. Ajoutez une touche d&rsquo;\u00e9l\u00e9gance \u00e0 vos cr\u00e9ations culinaires et d\u00e9gustez de d\u00e9licieuses pr\u00e9parations.<\/p>\n<p>Ne manquez pas l&rsquo;occasion de d\u00e9velopper vos comp\u00e9tences culinaires! Procurez-vous d\u00e8s maintenant le batteur sur socle et le batteur sur socle Multismart et d\u00e9couvrez un nouveau monde de plaisir et de cr\u00e9ativit\u00e9 dans la cuisine. Pr\u00e9parez des recettes d\u00e9licieuses et vari\u00e9es en un rien de temps et laissez libre cours \u00e0 votre cr\u00e9ativit\u00e9 culinaire<\/p>","protected":false},"excerpt":{"rendered":"<p>Puissance effective : 300W. 05 vitesses. une paire de fouets en inox. une paire crochets en inox. Mat\u00e9riel: Inox. Gr\u00e2ce<\/p>","protected":false},"featured_media":28804,"comment_status":"open","ping_status":"closed","template":"","meta":[],"product_brand":[],"product_cat":[17,215],"product_tag":[],"class_list":{"0":"post-28805","1":"product","2":"type-product","3":"status-publish","4":"has-post-thumbnail","6":"product_cat-electro-menager","7":"product_cat-batteur","9":"first","10":"instock","11":"shipping-taxable","12":"purchasable","13":"product-type-variable"},"yoast_head":"<!-- This site is optimized with the Yoast SEO plugin v24.9 - https:\/\/yoast.com\/wordpress\/plugins\/seo\/ -->\n<title>MultiSmart MS-HM1091 - Maslak<\/title>\n<meta name=\"robots\" content=\"index, follow, max-snippet:-1, max-image-preview:large, max-video-preview:-1\" \/>\n<link rel=\"canonical\" href=\"https:\/\/tay-sir.com\/ar\/product\/multismart-ms-hm1091\/\" \/>\n<meta property=\"og:locale\" content=\"ar_AR\" \/>\n<meta property=\"og:type\" content=\"article\" \/>\n<meta property=\"og:title\" content=\"MultiSmart MS-HM1091 - Maslak\" \/>\n<meta property=\"og:description\" content=\"Puissance effective : 300W. 05 vitesses. une paire de fouets en inox. une paire crochets en inox. Mat\u00e9riel: Inox. Gr\u00e2ce\" \/>\n<meta property=\"og:url\" content=\"https:\/\/tay-sir.com\/ar\/product\/multismart-ms-hm1091\/\" \/>\n<meta property=\"og:site_name\" content=\"Maslak\" \/>\n<meta property=\"article:publisher\" content=\"https:\/\/www.facebook.com\/profile.php?id=61566201523117\" \/>\n<meta property=\"article:modified_time\" content=\"2024-10-23T13:50:45+00:00\" \/>\n<meta property=\"og:image\" content=\"https:\/\/tay-sir.com\/wp-content\/uploads\/2024\/08\/document_service_17938908_1395_5_1104020078.jpg\" \/>\n\t<meta property=\"og:image:width\" content=\"500\" \/>\n\t<meta property=\"og:image:height\" content=\"500\" \/>\n\t<meta property=\"og:image:type\" content=\"image\/jpeg\" \/>\n<meta name=\"twitter:card\" content=\"summary_large_image\" \/>\n<meta name=\"twitter:label1\" content=\"\u0648\u0642\u062a \u0627\u0644\u0642\u0631\u0627\u0621\u0629 \u0627\u0644\u0645\u064f\u0642\u062f\u0651\u0631\" \/>\n\t<meta name=\"twitter:data1\" content=\"\u062f\u0642\u064a\u0642\u0629 \u0648\u0627\u062d\u062f\u0629\" \/>\n<script type=\"application\/ld+json\" class=\"yoast-schema-graph\">{\"@context\":\"https:\/\/schema.org\",\"@graph\":[{\"@type\":\"WebPage\",\"@id\":\"https:\/\/tay-sir.com\/produit\/multismart-ms-hm1091\/\",\"url\":\"https:\/\/tay-sir.com\/produit\/multismart-ms-hm1091\/\",\"name\":\"MultiSmart MS-HM1091 - Maslak\",\"isPartOf\":{\"@id\":\"https:\/\/tay-sir.com\/ar\/#website\"},\"primaryImageOfPage\":{\"@id\":\"https:\/\/tay-sir.com\/produit\/multismart-ms-hm1091\/#primaryimage\"},\"image\":{\"@id\":\"https:\/\/tay-sir.com\/produit\/multismart-ms-hm1091\/#primaryimage\"},\"thumbnailUrl\":\"https:\/\/tay-sir.com\/wp-content\/uploads\/2024\/08\/document_service_17938908_1395_5_1104020078.jpg\",\"datePublished\":\"2024-08-19T12:17:21+00:00\",\"dateModified\":\"2024-10-23T13:50:45+00:00\",\"breadcrumb\":{\"@id\":\"https:\/\/tay-sir.com\/produit\/multismart-ms-hm1091\/#breadcrumb\"},\"inLanguage\":\"ar\",\"potentialAction\":[{\"@type\":\"ReadAction\",\"target\":[\"https:\/\/tay-sir.com\/produit\/multismart-ms-hm1091\/\"]}]},{\"@type\":\"ImageObject\",\"inLanguage\":\"ar\",\"@id\":\"https:\/\/tay-sir.com\/produit\/multismart-ms-hm1091\/#primaryimage\",\"url\":\"https:\/\/tay-sir.com\/wp-content\/uploads\/2024\/08\/document_service_17938908_1395_5_1104020078.jpg\",\"contentUrl\":\"https:\/\/tay-sir.com\/wp-content\/uploads\/2024\/08\/document_service_17938908_1395_5_1104020078.jpg\",\"width\":500,\"height\":500},{\"@type\":\"BreadcrumbList\",\"@id\":\"https:\/\/tay-sir.com\/produit\/multismart-ms-hm1091\/#breadcrumb\",\"itemListElement\":[{\"@type\":\"ListItem\",\"position\":1,\"name\":\"Home\",\"item\":\"https:\/\/tay-sir.com\/ar\/\"},{\"@type\":\"ListItem\",\"position\":2,\"name\":\"Boutique\",\"item\":\"https:\/\/tay-sir.com\/boutique\/\"},{\"@type\":\"ListItem\",\"position\":3,\"name\":\"MultiSmart MS-HM1091\"}]},{\"@type\":\"WebSite\",\"@id\":\"https:\/\/tay-sir.com\/ar\/#website\",\"url\":\"https:\/\/tay-sir.com\/ar\/\",\"name\":\"TAY-SIR.com\",\"description\":\"plateforme e-commerce avec financement islamique digital en ligne\",\"publisher\":{\"@id\":\"https:\/\/tay-sir.com\/ar\/#organization\"},\"potentialAction\":[{\"@type\":\"SearchAction\",\"target\":{\"@type\":\"EntryPoint\",\"urlTemplate\":\"https:\/\/tay-sir.com\/ar\/?s={search_term_string}\"},\"query-input\":{\"@type\":\"PropertyValueSpecification\",\"valueRequired\":true,\"valueName\":\"search_term_string\"}}],\"inLanguage\":\"ar\"},{\"@type\":\"Organization\",\"@id\":\"https:\/\/tay-sir.com\/ar\/#organization\",\"name\":\"Taysir\",\"url\":\"https:\/\/tay-sir.com\/ar\/\",\"logo\":{\"@type\":\"ImageObject\",\"inLanguage\":\"ar\",\"@id\":\"https:\/\/tay-sir.com\/ar\/#\/schema\/logo\/image\/\",\"url\":\"https:\/\/tay-sir.com\/wp-content\/uploads\/2024\/10\/profil.jpg\",\"contentUrl\":\"https:\/\/tay-sir.com\/wp-content\/uploads\/2024\/10\/profil.jpg\",\"width\":1024,\"height\":1024,\"caption\":\"Taysir\"},\"image\":{\"@id\":\"https:\/\/tay-sir.com\/ar\/#\/schema\/logo\/image\/\"},\"sameAs\":[\"https:\/\/www.facebook.com\/profile.php?id=61566201523117\",\"https:\/\/www.tiktok.com\/@taysir31000?fbclid=IwY2xjawFor1xleHRuA2FlbQIxMAABHQqa6Ko0Z_QFAZb-7Bltxo0G0y0YuIXxVxPenEAWDkGyOgZp7D3Bq1oJAA_aem_TiTB-X9kxzhzORQbwqQiYw\",\"https:\/\/www.instagram.com\/taysirfacilite\/\"]}]}<\/script>\n<!-- \/ Yoast SEO plugin. -->","yoast_head_json":{"title":"MultiSmart MS-HM1091 - Maslak","robots":{"index":"index","follow":"follow","max-snippet":"max-snippet:-1","max-image-preview":"max-image-preview:large","max-video-preview":"max-video-preview:-1"},"canonical":"https:\/\/tay-sir.com\/ar\/product\/multismart-ms-hm1091\/","og_locale":"ar_AR","og_type":"article","og_title":"MultiSmart MS-HM1091 - Maslak","og_description":"Puissance effective : 300W. 05 vitesses. une paire de fouets en inox. une paire crochets en inox. Mat\u00e9riel: Inox. Gr\u00e2ce","og_url":"https:\/\/tay-sir.com\/ar\/product\/multismart-ms-hm1091\/","og_site_name":"Maslak","article_publisher":"https:\/\/www.facebook.com\/profile.php?id=61566201523117","article_modified_time":"2024-10-23T13:50:45+00:00","og_image":[{"width":500,"height":500,"url":"https:\/\/tay-sir.com\/wp-content\/uploads\/2024\/08\/document_service_17938908_1395_5_1104020078.jpg","type":"image\/jpeg"}],"twitter_card":"summary_large_image","twitter_misc":{"\u0648\u0642\u062a \u0627\u0644\u0642\u0631\u0627\u0621\u0629 \u0627\u0644\u0645\u064f\u0642\u062f\u0651\u0631":"\u062f\u0642\u064a\u0642\u0629 \u0648\u0627\u062d\u062f\u0629"},"schema":{"@context":"https:\/\/schema.org","@graph":[{"@type":"WebPage","@id":"https:\/\/tay-sir.com\/produit\/multismart-ms-hm1091\/","url":"https:\/\/tay-sir.com\/produit\/multismart-ms-hm1091\/","name":"MultiSmart MS-HM1091 - Maslak","isPartOf":{"@id":"https:\/\/tay-sir.com\/ar\/#website"},"primaryImageOfPage":{"@id":"https:\/\/tay-sir.com\/produit\/multismart-ms-hm1091\/#primaryimage"},"image":{"@id":"https:\/\/tay-sir.com\/produit\/multismart-ms-hm1091\/#primaryimage"},"thumbnailUrl":"https:\/\/tay-sir.com\/wp-content\/uploads\/2024\/08\/document_service_17938908_1395_5_1104020078.jpg","datePublished":"2024-08-19T12:17:21+00:00","dateModified":"2024-10-23T13:50:45+00:00","breadcrumb":{"@id":"https:\/\/tay-sir.com\/produit\/multismart-ms-hm1091\/#breadcrumb"},"inLanguage":"ar","potentialAction":[{"@type":"ReadAction","target":["https:\/\/tay-sir.com\/produit\/multismart-ms-hm1091\/"]}]},{"@type":"ImageObject","inLanguage":"ar","@id":"https:\/\/tay-sir.com\/produit\/multismart-ms-hm1091\/#primaryimage","url":"https:\/\/tay-sir.com\/wp-content\/uploads\/2024\/08\/document_service_17938908_1395_5_1104020078.jpg","contentUrl":"https:\/\/tay-sir.com\/wp-content\/uploads\/2024\/08\/document_service_17938908_1395_5_1104020078.jpg","width":500,"height":500},{"@type":"BreadcrumbList","@id":"https:\/\/tay-sir.com\/produit\/multismart-ms-hm1091\/#breadcrumb","itemListElement":[{"@type":"ListItem","position":1,"name":"Home","item":"https:\/\/tay-sir.com\/ar\/"},{"@type":"ListItem","position":2,"name":"Boutique","item":"https:\/\/tay-sir.com\/boutique\/"},{"@type":"ListItem","position":3,"name":"MultiSmart MS-HM1091"}]},{"@type":"WebSite","@id":"https:\/\/tay-sir.com\/ar\/#website","url":"https:\/\/tay-sir.com\/ar\/","name":"TAY-SIR.com","description":"plateforme e-commerce avec financement islamique digital en ligne","publisher":{"@id":"https:\/\/tay-sir.com\/ar\/#organization"},"potentialAction":[{"@type":"SearchAction","target":{"@type":"EntryPoint","urlTemplate":"https:\/\/tay-sir.com\/ar\/?s={search_term_string}"},"query-input":{"@type":"PropertyValueSpecification","valueRequired":true,"valueName":"search_term_string"}}],"inLanguage":"ar"},{"@type":"Organization","@id":"https:\/\/tay-sir.com\/ar\/#organization","name":"Taysir","url":"https:\/\/tay-sir.com\/ar\/","logo":{"@type":"ImageObject","inLanguage":"ar","@id":"https:\/\/tay-sir.com\/ar\/#\/schema\/logo\/image\/","url":"https:\/\/tay-sir.com\/wp-content\/uploads\/2024\/10\/profil.jpg","contentUrl":"https:\/\/tay-sir.com\/wp-content\/uploads\/2024\/10\/profil.jpg","width":1024,"height":1024,"caption":"Taysir"},"image":{"@id":"https:\/\/tay-sir.com\/ar\/#\/schema\/logo\/image\/"},"sameAs":["https:\/\/www.facebook.com\/profile.php?id=61566201523117","https:\/\/www.tiktok.com\/@taysir31000?fbclid=IwY2xjawFor1xleHRuA2FlbQIxMAABHQqa6Ko0Z_QFAZb-7Bltxo0G0y0YuIXxVxPenEAWDkGyOgZp7D3Bq1oJAA_aem_TiTB-X9kxzhzORQbwqQiYw","https:\/\/www.instagram.com\/taysirfacilite\/"]}]}},"_links":{"self":[{"href":"https:\/\/tay-sir.com\/ar\/wp-json\/wp\/v2\/product\/28805","targetHints":{"allow":["GET"]}}],"collection":[{"href":"https:\/\/tay-sir.com\/ar\/wp-json\/wp\/v2\/product"}],"about":[{"href":"https:\/\/tay-sir.com\/ar\/wp-json\/wp\/v2\/types\/product"}],"replies":[{"embeddable":true,"href":"https:\/\/tay-sir.com\/ar\/wp-json\/wp\/v2\/comments?post=28805"}],"version-history":[{"count":2,"href":"https:\/\/tay-sir.com\/ar\/wp-json\/wp\/v2\/product\/28805\/revisions"}],"predecessor-version":[{"id":30104,"href":"https:\/\/tay-sir.com\/ar\/wp-json\/wp\/v2\/product\/28805\/revisions\/30104"}],"wp:featuredmedia":[{"embeddable":true,"href":"https:\/\/tay-sir.com\/ar\/wp-json\/wp\/v2\/media\/28804"}],"wp:attachment":[{"href":"https:\/\/tay-sir.com\/ar\/wp-json\/wp\/v2\/media?parent=28805"}],"wp:term":[{"taxonomy":"product_brand","embeddable":true,"href":"https:\/\/tay-sir.com\/ar\/wp-json\/wp\/v2\/product_brand?post=28805"},{"taxonomy":"product_cat","embeddable":true,"href":"https:\/\/tay-sir.com\/ar\/wp-json\/wp\/v2\/product_cat?post=28805"},{"taxonomy":"product_tag","embeddable":true,"href":"https:\/\/tay-sir.com\/ar\/wp-json\/wp\/v2\/product_tag?post=28805"}],"curies":[{"name":"wp","href":"https:\/\/api.w.org\/{rel}","templated":true}]}}