{"id":28807,"date":"2024-08-19T13:17:21","date_gmt":"2024-08-19T12:17:21","guid":{"rendered":"https:\/\/tay-sir.com\/produit\/moulinex-hm450b10\/"},"modified":"2024-10-23T14:51:56","modified_gmt":"2024-10-23T13:51:56","slug":"moulinex-hm450b10","status":"publish","type":"product","link":"https:\/\/tay-sir.com\/ar\/product\/moulinex-hm450b10\/","title":{"rendered":"Moulinex HM450B10"},"content":{"rendered":"<p>Moulinex Prep&rsquo;Mix Batteur Electrique 450 W HM450B10<\/p>\n<p>Moulinex Prep&rsquo;Mix Batteur Electrique 5 Vitesses 2 Fouets 2 Crochets P\u00e9trisseurs Inox Batteur Polyvalent et Ergonomique Accessoires Compatibles Lave-Vaisselle 450 W HM450B10<\/p>\n<p>POLYVALENT : le batteur Prep&rsquo;Mix de Moulinex vous permet de cuisiner facilement des pr\u00e9parations l\u00e9g\u00e8res ou \u00e9paisses<\/p>\n<p>PUISSANT : le batteur \u00e9lectrique haute performance d&rsquo;une puissance de 450 W vous permet de cuisiner sans effort, y compris des pr\u00e9parations denses et \u00e9paisses comme des p\u00e2tes \u00e0 pain ou \u00e0 pizza<\/p>\n<p>5 VITESSES : mixeur manuel avec 5 vitesses r\u00e9glables et une fonction Turbo pour toutes vos envies de p\u00e2tisserie<\/p>\n<p>2 FOUETS : parfaits pour les petites pr\u00e9parations, ils sont fabriqu\u00e9s en inox de haute qualit\u00e9<\/p>\n<p>2 CROCHETS P\u00c9TRISSEURS : parfaits pour les pr\u00e9parations denses et \u00e9paisses, ils sont fabriqu\u00e9s en inox de haute qualit\u00e9<\/p>\n<p>Faites du batteur Prep&rsquo;Mix de Moulinex le partenaire incontournable de vos p\u00e2tisseries ! Compact mais puissant, ce batteur \u00e9lectrique dispose d&rsquo;un moteur de 450 W, 5 vitesses r\u00e9glables et une fonction turbo vous permettant de cuisiner facilement une grande vari\u00e9t\u00e9 de recettes, qu&rsquo;elles soient l\u00e9g\u00e8res et a\u00e9riennes ou denses et \u00e9paisses. Le batteur inclut deux fouets et deux crochets p\u00e9trisseurs en inox de haute qualit\u00e9, compatibles au lave-vaisselle.<\/p>\n<p>Fiche technique<br \/>\nPRINCIPALES CARACT\u00c9RISTIQUES<br \/>\nNum\u00e9ro de mod\u00e8le \u200eHM450B10<br \/>\nFonction arr\u00eat automatique \u200eNon<br \/>\nCaract\u00e9ristiques \u200e5 VITESSES, PUISSANT, POLYVALENT<br \/>\nPoids de l&rsquo;article \u200e1 kg<br \/>\nPeut passer au lave-vaisselle \u200eOui<br \/>\nDimensions du produit (L x l x h) \u200e38.8 x 20.8 x 20.5 cm; 1 kilogrammes<\/p>","protected":false},"excerpt":{"rendered":"<p>Moulinex Prep&rsquo;Mix Batteur Electrique 450 W HM450B10 Moulinex Prep&rsquo;Mix Batteur Electrique 5 Vitesses 2 Fouets 2 Crochets P\u00e9trisseurs Inox Batteur<\/p>","protected":false},"featured_media":28806,"comment_status":"open","ping_status":"closed","template":"","meta":[],"product_brand":[],"product_cat":[17,215],"product_tag":[],"class_list":{"0":"post-28807","1":"product","2":"type-product","3":"status-publish","4":"has-post-thumbnail","6":"product_cat-electro-menager","7":"product_cat-batteur","9":"first","10":"instock","11":"shipping-taxable","12":"purchasable","13":"product-type-variable"},"yoast_head":"<!-- This site is optimized with the Yoast SEO plugin v24.9 - https:\/\/yoast.com\/wordpress\/plugins\/seo\/ -->\n<title>Moulinex HM450B10 - Maslak<\/title>\n<meta name=\"robots\" content=\"index, follow, max-snippet:-1, max-image-preview:large, max-video-preview:-1\" \/>\n<link rel=\"canonical\" href=\"https:\/\/tay-sir.com\/ar\/product\/moulinex-hm450b10\/\" \/>\n<meta property=\"og:locale\" content=\"ar_AR\" \/>\n<meta property=\"og:type\" content=\"article\" \/>\n<meta property=\"og:title\" content=\"Moulinex HM450B10 - Maslak\" \/>\n<meta property=\"og:description\" content=\"Moulinex Prep&rsquo;Mix Batteur Electrique 450 W HM450B10 Moulinex Prep&rsquo;Mix Batteur Electrique 5 Vitesses 2 Fouets 2 Crochets P\u00e9trisseurs Inox Batteur\" \/>\n<meta property=\"og:url\" content=\"https:\/\/tay-sir.com\/ar\/product\/moulinex-hm450b10\/\" \/>\n<meta property=\"og:site_name\" content=\"Maslak\" \/>\n<meta property=\"article:publisher\" content=\"https:\/\/www.facebook.com\/profile.php?id=61566201523117\" \/>\n<meta property=\"article:modified_time\" content=\"2024-10-23T13:51:56+00:00\" \/>\n<meta property=\"og:image\" content=\"https:\/\/tay-sir.com\/wp-content\/uploads\/2024\/08\/document_service_4234956_1395_5_922845481.jpg\" \/>\n\t<meta property=\"og:image:width\" content=\"500\" \/>\n\t<meta property=\"og:image:height\" content=\"500\" \/>\n\t<meta property=\"og:image:type\" content=\"image\/jpeg\" \/>\n<meta name=\"twitter:card\" content=\"summary_large_image\" \/>\n<meta name=\"twitter:label1\" content=\"\u0648\u0642\u062a \u0627\u0644\u0642\u0631\u0627\u0621\u0629 \u0627\u0644\u0645\u064f\u0642\u062f\u0651\u0631\" \/>\n\t<meta name=\"twitter:data1\" content=\"\u062f\u0642\u064a\u0642\u0629 \u0648\u0627\u062d\u062f\u0629\" \/>\n<script type=\"application\/ld+json\" class=\"yoast-schema-graph\">{\"@context\":\"https:\/\/schema.org\",\"@graph\":[{\"@type\":\"WebPage\",\"@id\":\"https:\/\/tay-sir.com\/produit\/moulinex-hm450b10\/\",\"url\":\"https:\/\/tay-sir.com\/produit\/moulinex-hm450b10\/\",\"name\":\"Moulinex HM450B10 - Maslak\",\"isPartOf\":{\"@id\":\"https:\/\/tay-sir.com\/ar\/#website\"},\"primaryImageOfPage\":{\"@id\":\"https:\/\/tay-sir.com\/produit\/moulinex-hm450b10\/#primaryimage\"},\"image\":{\"@id\":\"https:\/\/tay-sir.com\/produit\/moulinex-hm450b10\/#primaryimage\"},\"thumbnailUrl\":\"https:\/\/tay-sir.com\/wp-content\/uploads\/2024\/08\/document_service_4234956_1395_5_922845481.jpg\",\"datePublished\":\"2024-08-19T12:17:21+00:00\",\"dateModified\":\"2024-10-23T13:51:56+00:00\",\"breadcrumb\":{\"@id\":\"https:\/\/tay-sir.com\/produit\/moulinex-hm450b10\/#breadcrumb\"},\"inLanguage\":\"ar\",\"potentialAction\":[{\"@type\":\"ReadAction\",\"target\":[\"https:\/\/tay-sir.com\/produit\/moulinex-hm450b10\/\"]}]},{\"@type\":\"ImageObject\",\"inLanguage\":\"ar\",\"@id\":\"https:\/\/tay-sir.com\/produit\/moulinex-hm450b10\/#primaryimage\",\"url\":\"https:\/\/tay-sir.com\/wp-content\/uploads\/2024\/08\/document_service_4234956_1395_5_922845481.jpg\",\"contentUrl\":\"https:\/\/tay-sir.com\/wp-content\/uploads\/2024\/08\/document_service_4234956_1395_5_922845481.jpg\",\"width\":500,\"height\":500},{\"@type\":\"BreadcrumbList\",\"@id\":\"https:\/\/tay-sir.com\/produit\/moulinex-hm450b10\/#breadcrumb\",\"itemListElement\":[{\"@type\":\"ListItem\",\"position\":1,\"name\":\"Home\",\"item\":\"https:\/\/tay-sir.com\/ar\/\"},{\"@type\":\"ListItem\",\"position\":2,\"name\":\"Boutique\",\"item\":\"https:\/\/tay-sir.com\/boutique\/\"},{\"@type\":\"ListItem\",\"position\":3,\"name\":\"Moulinex HM450B10\"}]},{\"@type\":\"WebSite\",\"@id\":\"https:\/\/tay-sir.com\/ar\/#website\",\"url\":\"https:\/\/tay-sir.com\/ar\/\",\"name\":\"TAY-SIR.com\",\"description\":\"plateforme e-commerce avec financement islamique digital en ligne\",\"publisher\":{\"@id\":\"https:\/\/tay-sir.com\/ar\/#organization\"},\"potentialAction\":[{\"@type\":\"SearchAction\",\"target\":{\"@type\":\"EntryPoint\",\"urlTemplate\":\"https:\/\/tay-sir.com\/ar\/?s={search_term_string}\"},\"query-input\":{\"@type\":\"PropertyValueSpecification\",\"valueRequired\":true,\"valueName\":\"search_term_string\"}}],\"inLanguage\":\"ar\"},{\"@type\":\"Organization\",\"@id\":\"https:\/\/tay-sir.com\/ar\/#organization\",\"name\":\"Taysir\",\"url\":\"https:\/\/tay-sir.com\/ar\/\",\"logo\":{\"@type\":\"ImageObject\",\"inLanguage\":\"ar\",\"@id\":\"https:\/\/tay-sir.com\/ar\/#\/schema\/logo\/image\/\",\"url\":\"https:\/\/tay-sir.com\/wp-content\/uploads\/2024\/10\/profil.jpg\",\"contentUrl\":\"https:\/\/tay-sir.com\/wp-content\/uploads\/2024\/10\/profil.jpg\",\"width\":1024,\"height\":1024,\"caption\":\"Taysir\"},\"image\":{\"@id\":\"https:\/\/tay-sir.com\/ar\/#\/schema\/logo\/image\/\"},\"sameAs\":[\"https:\/\/www.facebook.com\/profile.php?id=61566201523117\",\"https:\/\/www.tiktok.com\/@taysir31000?fbclid=IwY2xjawFor1xleHRuA2FlbQIxMAABHQqa6Ko0Z_QFAZb-7Bltxo0G0y0YuIXxVxPenEAWDkGyOgZp7D3Bq1oJAA_aem_TiTB-X9kxzhzORQbwqQiYw\",\"https:\/\/www.instagram.com\/taysirfacilite\/\"]}]}<\/script>\n<!-- \/ Yoast SEO plugin. -->","yoast_head_json":{"title":"Moulinex HM450B10 - Maslak","robots":{"index":"index","follow":"follow","max-snippet":"max-snippet:-1","max-image-preview":"max-image-preview:large","max-video-preview":"max-video-preview:-1"},"canonical":"https:\/\/tay-sir.com\/ar\/product\/moulinex-hm450b10\/","og_locale":"ar_AR","og_type":"article","og_title":"Moulinex HM450B10 - Maslak","og_description":"Moulinex Prep&rsquo;Mix Batteur Electrique 450 W HM450B10 Moulinex Prep&rsquo;Mix Batteur Electrique 5 Vitesses 2 Fouets 2 Crochets P\u00e9trisseurs Inox Batteur","og_url":"https:\/\/tay-sir.com\/ar\/product\/moulinex-hm450b10\/","og_site_name":"Maslak","article_publisher":"https:\/\/www.facebook.com\/profile.php?id=61566201523117","article_modified_time":"2024-10-23T13:51:56+00:00","og_image":[{"width":500,"height":500,"url":"https:\/\/tay-sir.com\/wp-content\/uploads\/2024\/08\/document_service_4234956_1395_5_922845481.jpg","type":"image\/jpeg"}],"twitter_card":"summary_large_image","twitter_misc":{"\u0648\u0642\u062a \u0627\u0644\u0642\u0631\u0627\u0621\u0629 \u0627\u0644\u0645\u064f\u0642\u062f\u0651\u0631":"\u062f\u0642\u064a\u0642\u0629 \u0648\u0627\u062d\u062f\u0629"},"schema":{"@context":"https:\/\/schema.org","@graph":[{"@type":"WebPage","@id":"https:\/\/tay-sir.com\/produit\/moulinex-hm450b10\/","url":"https:\/\/tay-sir.com\/produit\/moulinex-hm450b10\/","name":"Moulinex HM450B10 - Maslak","isPartOf":{"@id":"https:\/\/tay-sir.com\/ar\/#website"},"primaryImageOfPage":{"@id":"https:\/\/tay-sir.com\/produit\/moulinex-hm450b10\/#primaryimage"},"image":{"@id":"https:\/\/tay-sir.com\/produit\/moulinex-hm450b10\/#primaryimage"},"thumbnailUrl":"https:\/\/tay-sir.com\/wp-content\/uploads\/2024\/08\/document_service_4234956_1395_5_922845481.jpg","datePublished":"2024-08-19T12:17:21+00:00","dateModified":"2024-10-23T13:51:56+00:00","breadcrumb":{"@id":"https:\/\/tay-sir.com\/produit\/moulinex-hm450b10\/#breadcrumb"},"inLanguage":"ar","potentialAction":[{"@type":"ReadAction","target":["https:\/\/tay-sir.com\/produit\/moulinex-hm450b10\/"]}]},{"@type":"ImageObject","inLanguage":"ar","@id":"https:\/\/tay-sir.com\/produit\/moulinex-hm450b10\/#primaryimage","url":"https:\/\/tay-sir.com\/wp-content\/uploads\/2024\/08\/document_service_4234956_1395_5_922845481.jpg","contentUrl":"https:\/\/tay-sir.com\/wp-content\/uploads\/2024\/08\/document_service_4234956_1395_5_922845481.jpg","width":500,"height":500},{"@type":"BreadcrumbList","@id":"https:\/\/tay-sir.com\/produit\/moulinex-hm450b10\/#breadcrumb","itemListElement":[{"@type":"ListItem","position":1,"name":"Home","item":"https:\/\/tay-sir.com\/ar\/"},{"@type":"ListItem","position":2,"name":"Boutique","item":"https:\/\/tay-sir.com\/boutique\/"},{"@type":"ListItem","position":3,"name":"Moulinex HM450B10"}]},{"@type":"WebSite","@id":"https:\/\/tay-sir.com\/ar\/#website","url":"https:\/\/tay-sir.com\/ar\/","name":"TAY-SIR.com","description":"plateforme e-commerce avec financement islamique digital en ligne","publisher":{"@id":"https:\/\/tay-sir.com\/ar\/#organization"},"potentialAction":[{"@type":"SearchAction","target":{"@type":"EntryPoint","urlTemplate":"https:\/\/tay-sir.com\/ar\/?s={search_term_string}"},"query-input":{"@type":"PropertyValueSpecification","valueRequired":true,"valueName":"search_term_string"}}],"inLanguage":"ar"},{"@type":"Organization","@id":"https:\/\/tay-sir.com\/ar\/#organization","name":"Taysir","url":"https:\/\/tay-sir.com\/ar\/","logo":{"@type":"ImageObject","inLanguage":"ar","@id":"https:\/\/tay-sir.com\/ar\/#\/schema\/logo\/image\/","url":"https:\/\/tay-sir.com\/wp-content\/uploads\/2024\/10\/profil.jpg","contentUrl":"https:\/\/tay-sir.com\/wp-content\/uploads\/2024\/10\/profil.jpg","width":1024,"height":1024,"caption":"Taysir"},"image":{"@id":"https:\/\/tay-sir.com\/ar\/#\/schema\/logo\/image\/"},"sameAs":["https:\/\/www.facebook.com\/profile.php?id=61566201523117","https:\/\/www.tiktok.com\/@taysir31000?fbclid=IwY2xjawFor1xleHRuA2FlbQIxMAABHQqa6Ko0Z_QFAZb-7Bltxo0G0y0YuIXxVxPenEAWDkGyOgZp7D3Bq1oJAA_aem_TiTB-X9kxzhzORQbwqQiYw","https:\/\/www.instagram.com\/taysirfacilite\/"]}]}},"_links":{"self":[{"href":"https:\/\/tay-sir.com\/ar\/wp-json\/wp\/v2\/product\/28807","targetHints":{"allow":["GET"]}}],"collection":[{"href":"https:\/\/tay-sir.com\/ar\/wp-json\/wp\/v2\/product"}],"about":[{"href":"https:\/\/tay-sir.com\/ar\/wp-json\/wp\/v2\/types\/product"}],"replies":[{"embeddable":true,"href":"https:\/\/tay-sir.com\/ar\/wp-json\/wp\/v2\/comments?post=28807"}],"version-history":[{"count":1,"href":"https:\/\/tay-sir.com\/ar\/wp-json\/wp\/v2\/product\/28807\/revisions"}],"predecessor-version":[{"id":28815,"href":"https:\/\/tay-sir.com\/ar\/wp-json\/wp\/v2\/product\/28807\/revisions\/28815"}],"wp:featuredmedia":[{"embeddable":true,"href":"https:\/\/tay-sir.com\/ar\/wp-json\/wp\/v2\/media\/28806"}],"wp:attachment":[{"href":"https:\/\/tay-sir.com\/ar\/wp-json\/wp\/v2\/media?parent=28807"}],"wp:term":[{"taxonomy":"product_brand","embeddable":true,"href":"https:\/\/tay-sir.com\/ar\/wp-json\/wp\/v2\/product_brand?post=28807"},{"taxonomy":"product_cat","embeddable":true,"href":"https:\/\/tay-sir.com\/ar\/wp-json\/wp\/v2\/product_cat?post=28807"},{"taxonomy":"product_tag","embeddable":true,"href":"https:\/\/tay-sir.com\/ar\/wp-json\/wp\/v2\/product_tag?post=28807"}],"curies":[{"name":"wp","href":"https:\/\/api.w.org\/{rel}","templated":true}]}}