{"id":28824,"date":"2024-08-19T13:27:12","date_gmt":"2024-08-19T12:27:12","guid":{"rendered":"https:\/\/tay-sir.com\/produit\/moulinex-dd553110\/"},"modified":"2024-10-26T12:15:07","modified_gmt":"2024-10-26T11:15:07","slug":"moulinex-dd553110","status":"publish","type":"product","link":"https:\/\/tay-sir.com\/ar\/product\/moulinex-dd553110\/","title":{"rendered":"Moulinex DD553110"},"content":{"rendered":"<p>Le mixeur manuel de Moulinex garantit des r\u00e9sultats parfaits pour une grande vari\u00e9t\u00e9 de recettes d\u00e9licieuses, avec des caract\u00e9ristiques pratiques con\u00e7ues pour faciliter la cuisine au quotidien.<br \/>\nLa puissance de 600W assure une performance rapide et efficace, avec des lames de haute qualit\u00e9 pour des r\u00e9sultats lisses et homog\u00e8nes et deux r\u00e9glages de vitesse pour couvrir tous vos besoins culinaires. Donnez un coup de pouce \u00e0 votre cuisine en pr\u00e9parant des cr\u00e8mes, des sauces, des desserts et bien plus encore. Dot\u00e9 d&rsquo;une puissance de 600W pour des performances efficaces, il est \u00e9quip\u00e9 de lames Powelix ultra-r\u00e9sistantes pour des r\u00e9sultats parfaitement lisses.<br \/>\nL&rsquo;utilisation de votre mixeur plongeant ne pourrait pas \u00eatre plus facile, avec un seul bouton pour deux contr\u00f4les de vitesse simples, y compris le r\u00e9glage TURBO pour une puissance maximale pour mixer m\u00eame les ingr\u00e9dients les plus difficiles. Les pi\u00e8ces amovibles lavables au lave-vaisselle facilitent le nettoyage, un pied anti\u00e9claboussures prot\u00e8ge contre les d\u00e9g\u00e2ts et les \u00e9claboussures, et la poign\u00e9e ergonomique textur\u00e9e ajoute confort et facilit\u00e9. Tout cela, avec deux accessoires pour une polyvalence maximale et une conception robuste et durable pour un mixage parfait construit pour durer.<br \/>\nMixeur plongeant facile \u00e0 utiliser, con\u00e7u pour une utilisation quotidienne sans effort et des r\u00e9sultats parfaits<br \/>\n600W de puissance pour un mixage rapide et efficace, id\u00e9al pour une grande vari\u00e9t\u00e9 de recettes<br \/>\nDeux r\u00e9glages de vitesse (dont le r\u00e9glage TURBO) pour couvrir n&rsquo;importe quel ingr\u00e9dient, Deux r\u00e9glages de vitesse (dont le r\u00e9glage TURBO) pour mixer tous les ingr\u00e9dients, avec une commande \u00e0 bouton unique facile \u00e0 utiliser<br \/>\nPoign\u00e9e ergonomique avec prise textur\u00e9e pour une utilisation confortable et un mixage facile<br \/>\nMixeur plongeant facile \u00e0 nettoyer avec des pi\u00e8ces amovibles compatibles avec le lave-vaisselle<br \/>\nConception robuste et durable avec 4 lames Powelix pour des r\u00e9sultats exceptionnels<br \/>\nPoign\u00e9e ergonomique avec prise textur\u00e9e pour une utilisation confortable et un mixage facile<br \/>\nPied anti\u00e9claboussures pour prot\u00e9ger des d\u00e9g\u00e2ts et des \u00e9claboussures<br \/>\nDeux accessoires inclus pour une polyvalence maximale : un gobelet et un hachoir un fouet<br \/>\nFiche technique<br \/>\nPRINCIPALES CARACT\u00c9RISTIQUES<br \/>\nPuissance: 600W<br \/>\nTechnologie de la lame: Powelix<br \/>\nNombre de lames: 4<br \/>\nNombre de vitesses: 2<br \/>\nPied d\u00e9montable Coupe gradu\u00e9e<br \/>\nCapacit\u00e9 de la tasse : 800 ml<br \/>\nCapacit\u00e9 du hachoir : 500 ml<\/p>","protected":false},"excerpt":{"rendered":"<p>Le mixeur manuel de Moulinex garantit des r\u00e9sultats parfaits pour une grande vari\u00e9t\u00e9 de recettes d\u00e9licieuses, avec des caract\u00e9ristiques pratiques<\/p>","protected":false},"featured_media":28823,"comment_status":"open","ping_status":"closed","template":"","meta":[],"product_brand":[],"product_cat":[17,218],"product_tag":[],"class_list":{"0":"post-28824","1":"product","2":"type-product","3":"status-publish","4":"has-post-thumbnail","6":"product_cat-electro-menager","7":"product_cat-mixeur","9":"first","10":"instock","11":"shipping-taxable","12":"purchasable","13":"product-type-variable"},"yoast_head":"<!-- This site is optimized with the Yoast SEO plugin v24.9 - https:\/\/yoast.com\/wordpress\/plugins\/seo\/ -->\n<title>Moulinex DD553110 - Maslak<\/title>\n<meta name=\"robots\" content=\"index, follow, max-snippet:-1, max-image-preview:large, max-video-preview:-1\" \/>\n<link rel=\"canonical\" href=\"https:\/\/tay-sir.com\/ar\/product\/moulinex-dd553110\/\" \/>\n<meta property=\"og:locale\" content=\"ar_AR\" \/>\n<meta property=\"og:type\" content=\"article\" \/>\n<meta property=\"og:title\" content=\"Moulinex DD553110 - Maslak\" \/>\n<meta property=\"og:description\" content=\"Le mixeur manuel de Moulinex garantit des r\u00e9sultats parfaits pour une grande vari\u00e9t\u00e9 de recettes d\u00e9licieuses, avec des caract\u00e9ristiques pratiques\" \/>\n<meta property=\"og:url\" content=\"https:\/\/tay-sir.com\/ar\/product\/moulinex-dd553110\/\" \/>\n<meta property=\"og:site_name\" content=\"Maslak\" \/>\n<meta property=\"article:publisher\" content=\"https:\/\/www.facebook.com\/profile.php?id=61566201523117\" \/>\n<meta property=\"article:modified_time\" content=\"2024-10-26T11:15:07+00:00\" \/>\n<meta property=\"og:image\" content=\"https:\/\/tay-sir.com\/wp-content\/uploads\/2024\/08\/document_service_15944768_1395_5_809987203.jpg\" \/>\n\t<meta property=\"og:image:width\" content=\"500\" \/>\n\t<meta property=\"og:image:height\" content=\"500\" \/>\n\t<meta property=\"og:image:type\" content=\"image\/jpeg\" \/>\n<meta name=\"twitter:card\" content=\"summary_large_image\" \/>\n<meta name=\"twitter:label1\" content=\"\u0648\u0642\u062a \u0627\u0644\u0642\u0631\u0627\u0621\u0629 \u0627\u0644\u0645\u064f\u0642\u062f\u0651\u0631\" \/>\n\t<meta name=\"twitter:data1\" content=\"\u062f\u0642\u064a\u0642\u062a\u0627\u0646\" \/>\n<script type=\"application\/ld+json\" class=\"yoast-schema-graph\">{\"@context\":\"https:\/\/schema.org\",\"@graph\":[{\"@type\":\"WebPage\",\"@id\":\"https:\/\/tay-sir.com\/produit\/moulinex-dd553110\/\",\"url\":\"https:\/\/tay-sir.com\/produit\/moulinex-dd553110\/\",\"name\":\"Moulinex DD553110 - Maslak\",\"isPartOf\":{\"@id\":\"https:\/\/tay-sir.com\/ar\/#website\"},\"primaryImageOfPage\":{\"@id\":\"https:\/\/tay-sir.com\/produit\/moulinex-dd553110\/#primaryimage\"},\"image\":{\"@id\":\"https:\/\/tay-sir.com\/produit\/moulinex-dd553110\/#primaryimage\"},\"thumbnailUrl\":\"https:\/\/tay-sir.com\/wp-content\/uploads\/2024\/08\/document_service_15944768_1395_5_809987203.jpg\",\"datePublished\":\"2024-08-19T12:27:12+00:00\",\"dateModified\":\"2024-10-26T11:15:07+00:00\",\"breadcrumb\":{\"@id\":\"https:\/\/tay-sir.com\/produit\/moulinex-dd553110\/#breadcrumb\"},\"inLanguage\":\"ar\",\"potentialAction\":[{\"@type\":\"ReadAction\",\"target\":[\"https:\/\/tay-sir.com\/produit\/moulinex-dd553110\/\"]}]},{\"@type\":\"ImageObject\",\"inLanguage\":\"ar\",\"@id\":\"https:\/\/tay-sir.com\/produit\/moulinex-dd553110\/#primaryimage\",\"url\":\"https:\/\/tay-sir.com\/wp-content\/uploads\/2024\/08\/document_service_15944768_1395_5_809987203.jpg\",\"contentUrl\":\"https:\/\/tay-sir.com\/wp-content\/uploads\/2024\/08\/document_service_15944768_1395_5_809987203.jpg\",\"width\":500,\"height\":500},{\"@type\":\"BreadcrumbList\",\"@id\":\"https:\/\/tay-sir.com\/produit\/moulinex-dd553110\/#breadcrumb\",\"itemListElement\":[{\"@type\":\"ListItem\",\"position\":1,\"name\":\"Home\",\"item\":\"https:\/\/tay-sir.com\/ar\/\"},{\"@type\":\"ListItem\",\"position\":2,\"name\":\"Boutique\",\"item\":\"https:\/\/tay-sir.com\/boutique\/\"},{\"@type\":\"ListItem\",\"position\":3,\"name\":\"Moulinex DD553110\"}]},{\"@type\":\"WebSite\",\"@id\":\"https:\/\/tay-sir.com\/ar\/#website\",\"url\":\"https:\/\/tay-sir.com\/ar\/\",\"name\":\"TAY-SIR.com\",\"description\":\"plateforme e-commerce avec financement islamique digital en ligne\",\"publisher\":{\"@id\":\"https:\/\/tay-sir.com\/ar\/#organization\"},\"potentialAction\":[{\"@type\":\"SearchAction\",\"target\":{\"@type\":\"EntryPoint\",\"urlTemplate\":\"https:\/\/tay-sir.com\/ar\/?s={search_term_string}\"},\"query-input\":{\"@type\":\"PropertyValueSpecification\",\"valueRequired\":true,\"valueName\":\"search_term_string\"}}],\"inLanguage\":\"ar\"},{\"@type\":\"Organization\",\"@id\":\"https:\/\/tay-sir.com\/ar\/#organization\",\"name\":\"Taysir\",\"url\":\"https:\/\/tay-sir.com\/ar\/\",\"logo\":{\"@type\":\"ImageObject\",\"inLanguage\":\"ar\",\"@id\":\"https:\/\/tay-sir.com\/ar\/#\/schema\/logo\/image\/\",\"url\":\"https:\/\/tay-sir.com\/wp-content\/uploads\/2024\/10\/profil.jpg\",\"contentUrl\":\"https:\/\/tay-sir.com\/wp-content\/uploads\/2024\/10\/profil.jpg\",\"width\":1024,\"height\":1024,\"caption\":\"Taysir\"},\"image\":{\"@id\":\"https:\/\/tay-sir.com\/ar\/#\/schema\/logo\/image\/\"},\"sameAs\":[\"https:\/\/www.facebook.com\/profile.php?id=61566201523117\",\"https:\/\/www.tiktok.com\/@taysir31000?fbclid=IwY2xjawFor1xleHRuA2FlbQIxMAABHQqa6Ko0Z_QFAZb-7Bltxo0G0y0YuIXxVxPenEAWDkGyOgZp7D3Bq1oJAA_aem_TiTB-X9kxzhzORQbwqQiYw\",\"https:\/\/www.instagram.com\/taysirfacilite\/\"]}]}<\/script>\n<!-- \/ Yoast SEO plugin. -->","yoast_head_json":{"title":"Moulinex DD553110 - Maslak","robots":{"index":"index","follow":"follow","max-snippet":"max-snippet:-1","max-image-preview":"max-image-preview:large","max-video-preview":"max-video-preview:-1"},"canonical":"https:\/\/tay-sir.com\/ar\/product\/moulinex-dd553110\/","og_locale":"ar_AR","og_type":"article","og_title":"Moulinex DD553110 - Maslak","og_description":"Le mixeur manuel de Moulinex garantit des r\u00e9sultats parfaits pour une grande vari\u00e9t\u00e9 de recettes d\u00e9licieuses, avec des caract\u00e9ristiques pratiques","og_url":"https:\/\/tay-sir.com\/ar\/product\/moulinex-dd553110\/","og_site_name":"Maslak","article_publisher":"https:\/\/www.facebook.com\/profile.php?id=61566201523117","article_modified_time":"2024-10-26T11:15:07+00:00","og_image":[{"width":500,"height":500,"url":"https:\/\/tay-sir.com\/wp-content\/uploads\/2024\/08\/document_service_15944768_1395_5_809987203.jpg","type":"image\/jpeg"}],"twitter_card":"summary_large_image","twitter_misc":{"\u0648\u0642\u062a \u0627\u0644\u0642\u0631\u0627\u0621\u0629 \u0627\u0644\u0645\u064f\u0642\u062f\u0651\u0631":"\u062f\u0642\u064a\u0642\u062a\u0627\u0646"},"schema":{"@context":"https:\/\/schema.org","@graph":[{"@type":"WebPage","@id":"https:\/\/tay-sir.com\/produit\/moulinex-dd553110\/","url":"https:\/\/tay-sir.com\/produit\/moulinex-dd553110\/","name":"Moulinex DD553110 - Maslak","isPartOf":{"@id":"https:\/\/tay-sir.com\/ar\/#website"},"primaryImageOfPage":{"@id":"https:\/\/tay-sir.com\/produit\/moulinex-dd553110\/#primaryimage"},"image":{"@id":"https:\/\/tay-sir.com\/produit\/moulinex-dd553110\/#primaryimage"},"thumbnailUrl":"https:\/\/tay-sir.com\/wp-content\/uploads\/2024\/08\/document_service_15944768_1395_5_809987203.jpg","datePublished":"2024-08-19T12:27:12+00:00","dateModified":"2024-10-26T11:15:07+00:00","breadcrumb":{"@id":"https:\/\/tay-sir.com\/produit\/moulinex-dd553110\/#breadcrumb"},"inLanguage":"ar","potentialAction":[{"@type":"ReadAction","target":["https:\/\/tay-sir.com\/produit\/moulinex-dd553110\/"]}]},{"@type":"ImageObject","inLanguage":"ar","@id":"https:\/\/tay-sir.com\/produit\/moulinex-dd553110\/#primaryimage","url":"https:\/\/tay-sir.com\/wp-content\/uploads\/2024\/08\/document_service_15944768_1395_5_809987203.jpg","contentUrl":"https:\/\/tay-sir.com\/wp-content\/uploads\/2024\/08\/document_service_15944768_1395_5_809987203.jpg","width":500,"height":500},{"@type":"BreadcrumbList","@id":"https:\/\/tay-sir.com\/produit\/moulinex-dd553110\/#breadcrumb","itemListElement":[{"@type":"ListItem","position":1,"name":"Home","item":"https:\/\/tay-sir.com\/ar\/"},{"@type":"ListItem","position":2,"name":"Boutique","item":"https:\/\/tay-sir.com\/boutique\/"},{"@type":"ListItem","position":3,"name":"Moulinex DD553110"}]},{"@type":"WebSite","@id":"https:\/\/tay-sir.com\/ar\/#website","url":"https:\/\/tay-sir.com\/ar\/","name":"TAY-SIR.com","description":"plateforme e-commerce avec financement islamique digital en ligne","publisher":{"@id":"https:\/\/tay-sir.com\/ar\/#organization"},"potentialAction":[{"@type":"SearchAction","target":{"@type":"EntryPoint","urlTemplate":"https:\/\/tay-sir.com\/ar\/?s={search_term_string}"},"query-input":{"@type":"PropertyValueSpecification","valueRequired":true,"valueName":"search_term_string"}}],"inLanguage":"ar"},{"@type":"Organization","@id":"https:\/\/tay-sir.com\/ar\/#organization","name":"Taysir","url":"https:\/\/tay-sir.com\/ar\/","logo":{"@type":"ImageObject","inLanguage":"ar","@id":"https:\/\/tay-sir.com\/ar\/#\/schema\/logo\/image\/","url":"https:\/\/tay-sir.com\/wp-content\/uploads\/2024\/10\/profil.jpg","contentUrl":"https:\/\/tay-sir.com\/wp-content\/uploads\/2024\/10\/profil.jpg","width":1024,"height":1024,"caption":"Taysir"},"image":{"@id":"https:\/\/tay-sir.com\/ar\/#\/schema\/logo\/image\/"},"sameAs":["https:\/\/www.facebook.com\/profile.php?id=61566201523117","https:\/\/www.tiktok.com\/@taysir31000?fbclid=IwY2xjawFor1xleHRuA2FlbQIxMAABHQqa6Ko0Z_QFAZb-7Bltxo0G0y0YuIXxVxPenEAWDkGyOgZp7D3Bq1oJAA_aem_TiTB-X9kxzhzORQbwqQiYw","https:\/\/www.instagram.com\/taysirfacilite\/"]}]}},"_links":{"self":[{"href":"https:\/\/tay-sir.com\/ar\/wp-json\/wp\/v2\/product\/28824","targetHints":{"allow":["GET"]}}],"collection":[{"href":"https:\/\/tay-sir.com\/ar\/wp-json\/wp\/v2\/product"}],"about":[{"href":"https:\/\/tay-sir.com\/ar\/wp-json\/wp\/v2\/types\/product"}],"replies":[{"embeddable":true,"href":"https:\/\/tay-sir.com\/ar\/wp-json\/wp\/v2\/comments?post=28824"}],"version-history":[{"count":2,"href":"https:\/\/tay-sir.com\/ar\/wp-json\/wp\/v2\/product\/28824\/revisions"}],"predecessor-version":[{"id":30102,"href":"https:\/\/tay-sir.com\/ar\/wp-json\/wp\/v2\/product\/28824\/revisions\/30102"}],"wp:featuredmedia":[{"embeddable":true,"href":"https:\/\/tay-sir.com\/ar\/wp-json\/wp\/v2\/media\/28823"}],"wp:attachment":[{"href":"https:\/\/tay-sir.com\/ar\/wp-json\/wp\/v2\/media?parent=28824"}],"wp:term":[{"taxonomy":"product_brand","embeddable":true,"href":"https:\/\/tay-sir.com\/ar\/wp-json\/wp\/v2\/product_brand?post=28824"},{"taxonomy":"product_cat","embeddable":true,"href":"https:\/\/tay-sir.com\/ar\/wp-json\/wp\/v2\/product_cat?post=28824"},{"taxonomy":"product_tag","embeddable":true,"href":"https:\/\/tay-sir.com\/ar\/wp-json\/wp\/v2\/product_tag?post=28824"}],"curies":[{"name":"wp","href":"https:\/\/api.w.org\/{rel}","templated":true}]}}