{"id":28826,"date":"2024-08-19T13:27:13","date_gmt":"2024-08-19T12:27:13","guid":{"rendered":"https:\/\/tay-sir.com\/produit\/moulinex-dd944810\/"},"modified":"2024-10-26T12:13:53","modified_gmt":"2024-10-26T11:13:53","slug":"moulinex-dd944810","status":"publish","type":"product","link":"https:\/\/tay-sir.com\/ar\/product\/moulinex-dd944810\/","title":{"rendered":"Moulinex DD944810"},"content":{"rendered":"<p>Mixeur Plongeant InfinyForce Powelix Life 1000 Watts DD944810 Noir\/Argent<br \/>\nLe mixeur plongeur Moulinex InfiniyForce combine des performances exceptionnelles avec une pr\u00e9cision ultime. La technologie Powelix Life offre des lames hautes performances avec un rev\u00eatement en titane pour des r\u00e9sultats parfaits et une durabilit\u00e9 extr\u00eame. Le bouton haute pr\u00e9cision \u00e0 plusieurs vitesses vous assure un contr\u00f4le total pour ma\u00eetriser sans effort n&rsquo;importe quelle texture ou r\u00e9sultat. Sa puissance de 1000 W des r\u00e9sultats rapides, m\u00eame avec les ingr\u00e9dients les plus durs, notre couvrir tous vos besoins de mixage \u00e0 l&rsquo;aide d&rsquo;un seul appareil polyvalent.<br \/>\nPied mixeur : pour r\u00e9aliser tous vos potages, velout\u00e9s, soupes, sauces maison en un tour de main. La lame en acier inoxydable est ultra r\u00e9sistante pour des r\u00e9sultats de mixage toujours parfaits. Il est possible de faire de la glace pil\u00e9e.1 fouet : pour monter les blancs en neige, fouetter les cr\u00e8mes, r\u00e9aliser des mayonnaises, m\u00e9langer vos pr\u00e9parations..1 mini hachoir d&rsquo;une capacit\u00e9 de 0,5 litre : pour mixer, hacher la viande, les l\u00e9gumes, les fines herbes, les sauces, le guacamole, les pestos&#8230;1 verre doseur 800 ml est fourni. Vous pouvez \u00e9galement y m\u00e9langer vos pr\u00e9parations<br \/>\nPuissance :Avec ses 1000 watts, dot\u00e9 d&rsquo;un pied m\u00e9tal inox c&rsquo;est le mixeur plongeant le plus puissant qui vous aidera \u00e0 r\u00e9aliser rapidement et efficacement soupes, compotes, smoothies, pur\u00e9es m\u00eame \u00e0 partir d&rsquo;aliments durs et riches en fibres.<br \/>\nVitesses :Il est \u00e9quip\u00e9 d&rsquo;un variateur de vitesse pour adapter la puissance selon le type de pr\u00e9paration \u00e0 r\u00e9aliser.<br \/>\nLames :Le mixeur plongeant dispose de la Technologie exclusive \u00ab\u00a0Powelix Life\u00a0\u00bb: quatres lames avec rev\u00eatement en Titanium qui durent jusqu&rsquo;\u00e0 2 fois plus longtemps. Elles sont parfaites pour mixer tous types d&rsquo;ingr\u00e9dients, y compris les plus durs et permettent des r\u00e9sultats 30% plus rapides.<br \/>\nFiche technique<br \/>\nPRINCIPALES CARACT\u00c9RISTIQUES<br \/>\nPied mixeur \/ Hachoir \/ fouet<br \/>\npuissance 1000 Watts<br \/>\nverre doseur 800 ml<br \/>\ndes lames ultrar\u00e9sistantesLames.<br \/>\ntechnologie exclusive Powelix Life<br \/>\nVariateur de vitesses<br \/>\nCapacit\u00e9 du hachoir 500 ml<br \/>\nAccessoire Ice Crush fourni<br \/>\nUn pied anti-\u00e9claboussure permet de garder votre plan de travail cuisine propre.<\/p>","protected":false},"excerpt":{"rendered":"<p>Mixeur Plongeant InfinyForce Powelix Life 1000 Watts DD944810 Noir\/Argent Le mixeur plongeur Moulinex InfiniyForce combine des performances exceptionnelles avec une<\/p>","protected":false},"featured_media":28825,"comment_status":"open","ping_status":"closed","template":"","meta":[],"product_brand":[],"product_cat":[17,218],"product_tag":[],"class_list":{"0":"post-28826","1":"product","2":"type-product","3":"status-publish","4":"has-post-thumbnail","6":"product_cat-electro-menager","7":"product_cat-mixeur","9":"first","10":"instock","11":"shipping-taxable","12":"purchasable","13":"product-type-variable"},"yoast_head":"<!-- This site is optimized with the Yoast SEO plugin v24.9 - https:\/\/yoast.com\/wordpress\/plugins\/seo\/ -->\n<title>Moulinex DD944810 - Maslak<\/title>\n<meta name=\"robots\" content=\"index, follow, max-snippet:-1, max-image-preview:large, max-video-preview:-1\" \/>\n<link rel=\"canonical\" href=\"https:\/\/tay-sir.com\/ar\/product\/moulinex-dd944810\/\" \/>\n<meta property=\"og:locale\" content=\"ar_AR\" \/>\n<meta property=\"og:type\" content=\"article\" \/>\n<meta property=\"og:title\" content=\"Moulinex DD944810 - Maslak\" \/>\n<meta property=\"og:description\" content=\"Mixeur Plongeant InfinyForce Powelix Life 1000 Watts DD944810 Noir\/Argent Le mixeur plongeur Moulinex InfiniyForce combine des performances exceptionnelles avec une\" \/>\n<meta property=\"og:url\" content=\"https:\/\/tay-sir.com\/ar\/product\/moulinex-dd944810\/\" \/>\n<meta property=\"og:site_name\" content=\"Maslak\" \/>\n<meta property=\"article:publisher\" content=\"https:\/\/www.facebook.com\/profile.php?id=61566201523117\" \/>\n<meta property=\"article:modified_time\" content=\"2024-10-26T11:13:53+00:00\" \/>\n<meta property=\"og:image\" content=\"https:\/\/tay-sir.com\/wp-content\/uploads\/2024\/08\/document_service_15944882_1395_5_407369376.jpg\" \/>\n\t<meta property=\"og:image:width\" content=\"500\" \/>\n\t<meta property=\"og:image:height\" content=\"500\" \/>\n\t<meta property=\"og:image:type\" content=\"image\/jpeg\" \/>\n<meta name=\"twitter:card\" content=\"summary_large_image\" \/>\n<meta name=\"twitter:label1\" content=\"\u0648\u0642\u062a \u0627\u0644\u0642\u0631\u0627\u0621\u0629 \u0627\u0644\u0645\u064f\u0642\u062f\u0651\u0631\" \/>\n\t<meta name=\"twitter:data1\" content=\"\u062f\u0642\u064a\u0642\u062a\u0627\u0646\" \/>\n<script type=\"application\/ld+json\" class=\"yoast-schema-graph\">{\"@context\":\"https:\/\/schema.org\",\"@graph\":[{\"@type\":\"WebPage\",\"@id\":\"https:\/\/tay-sir.com\/produit\/moulinex-dd944810\/\",\"url\":\"https:\/\/tay-sir.com\/produit\/moulinex-dd944810\/\",\"name\":\"Moulinex DD944810 - Maslak\",\"isPartOf\":{\"@id\":\"https:\/\/tay-sir.com\/ar\/#website\"},\"primaryImageOfPage\":{\"@id\":\"https:\/\/tay-sir.com\/produit\/moulinex-dd944810\/#primaryimage\"},\"image\":{\"@id\":\"https:\/\/tay-sir.com\/produit\/moulinex-dd944810\/#primaryimage\"},\"thumbnailUrl\":\"https:\/\/tay-sir.com\/wp-content\/uploads\/2024\/08\/document_service_15944882_1395_5_407369376.jpg\",\"datePublished\":\"2024-08-19T12:27:13+00:00\",\"dateModified\":\"2024-10-26T11:13:53+00:00\",\"breadcrumb\":{\"@id\":\"https:\/\/tay-sir.com\/produit\/moulinex-dd944810\/#breadcrumb\"},\"inLanguage\":\"ar\",\"potentialAction\":[{\"@type\":\"ReadAction\",\"target\":[\"https:\/\/tay-sir.com\/produit\/moulinex-dd944810\/\"]}]},{\"@type\":\"ImageObject\",\"inLanguage\":\"ar\",\"@id\":\"https:\/\/tay-sir.com\/produit\/moulinex-dd944810\/#primaryimage\",\"url\":\"https:\/\/tay-sir.com\/wp-content\/uploads\/2024\/08\/document_service_15944882_1395_5_407369376.jpg\",\"contentUrl\":\"https:\/\/tay-sir.com\/wp-content\/uploads\/2024\/08\/document_service_15944882_1395_5_407369376.jpg\",\"width\":500,\"height\":500},{\"@type\":\"BreadcrumbList\",\"@id\":\"https:\/\/tay-sir.com\/produit\/moulinex-dd944810\/#breadcrumb\",\"itemListElement\":[{\"@type\":\"ListItem\",\"position\":1,\"name\":\"Home\",\"item\":\"https:\/\/tay-sir.com\/ar\/\"},{\"@type\":\"ListItem\",\"position\":2,\"name\":\"Boutique\",\"item\":\"https:\/\/tay-sir.com\/boutique\/\"},{\"@type\":\"ListItem\",\"position\":3,\"name\":\"Moulinex DD944810\"}]},{\"@type\":\"WebSite\",\"@id\":\"https:\/\/tay-sir.com\/ar\/#website\",\"url\":\"https:\/\/tay-sir.com\/ar\/\",\"name\":\"TAY-SIR.com\",\"description\":\"plateforme e-commerce avec financement islamique digital en ligne\",\"publisher\":{\"@id\":\"https:\/\/tay-sir.com\/ar\/#organization\"},\"potentialAction\":[{\"@type\":\"SearchAction\",\"target\":{\"@type\":\"EntryPoint\",\"urlTemplate\":\"https:\/\/tay-sir.com\/ar\/?s={search_term_string}\"},\"query-input\":{\"@type\":\"PropertyValueSpecification\",\"valueRequired\":true,\"valueName\":\"search_term_string\"}}],\"inLanguage\":\"ar\"},{\"@type\":\"Organization\",\"@id\":\"https:\/\/tay-sir.com\/ar\/#organization\",\"name\":\"Taysir\",\"url\":\"https:\/\/tay-sir.com\/ar\/\",\"logo\":{\"@type\":\"ImageObject\",\"inLanguage\":\"ar\",\"@id\":\"https:\/\/tay-sir.com\/ar\/#\/schema\/logo\/image\/\",\"url\":\"https:\/\/tay-sir.com\/wp-content\/uploads\/2024\/10\/profil.jpg\",\"contentUrl\":\"https:\/\/tay-sir.com\/wp-content\/uploads\/2024\/10\/profil.jpg\",\"width\":1024,\"height\":1024,\"caption\":\"Taysir\"},\"image\":{\"@id\":\"https:\/\/tay-sir.com\/ar\/#\/schema\/logo\/image\/\"},\"sameAs\":[\"https:\/\/www.facebook.com\/profile.php?id=61566201523117\",\"https:\/\/www.tiktok.com\/@taysir31000?fbclid=IwY2xjawFor1xleHRuA2FlbQIxMAABHQqa6Ko0Z_QFAZb-7Bltxo0G0y0YuIXxVxPenEAWDkGyOgZp7D3Bq1oJAA_aem_TiTB-X9kxzhzORQbwqQiYw\",\"https:\/\/www.instagram.com\/taysirfacilite\/\"]}]}<\/script>\n<!-- \/ Yoast SEO plugin. -->","yoast_head_json":{"title":"Moulinex DD944810 - Maslak","robots":{"index":"index","follow":"follow","max-snippet":"max-snippet:-1","max-image-preview":"max-image-preview:large","max-video-preview":"max-video-preview:-1"},"canonical":"https:\/\/tay-sir.com\/ar\/product\/moulinex-dd944810\/","og_locale":"ar_AR","og_type":"article","og_title":"Moulinex DD944810 - Maslak","og_description":"Mixeur Plongeant InfinyForce Powelix Life 1000 Watts DD944810 Noir\/Argent Le mixeur plongeur Moulinex InfiniyForce combine des performances exceptionnelles avec une","og_url":"https:\/\/tay-sir.com\/ar\/product\/moulinex-dd944810\/","og_site_name":"Maslak","article_publisher":"https:\/\/www.facebook.com\/profile.php?id=61566201523117","article_modified_time":"2024-10-26T11:13:53+00:00","og_image":[{"width":500,"height":500,"url":"https:\/\/tay-sir.com\/wp-content\/uploads\/2024\/08\/document_service_15944882_1395_5_407369376.jpg","type":"image\/jpeg"}],"twitter_card":"summary_large_image","twitter_misc":{"\u0648\u0642\u062a \u0627\u0644\u0642\u0631\u0627\u0621\u0629 \u0627\u0644\u0645\u064f\u0642\u062f\u0651\u0631":"\u062f\u0642\u064a\u0642\u062a\u0627\u0646"},"schema":{"@context":"https:\/\/schema.org","@graph":[{"@type":"WebPage","@id":"https:\/\/tay-sir.com\/produit\/moulinex-dd944810\/","url":"https:\/\/tay-sir.com\/produit\/moulinex-dd944810\/","name":"Moulinex DD944810 - Maslak","isPartOf":{"@id":"https:\/\/tay-sir.com\/ar\/#website"},"primaryImageOfPage":{"@id":"https:\/\/tay-sir.com\/produit\/moulinex-dd944810\/#primaryimage"},"image":{"@id":"https:\/\/tay-sir.com\/produit\/moulinex-dd944810\/#primaryimage"},"thumbnailUrl":"https:\/\/tay-sir.com\/wp-content\/uploads\/2024\/08\/document_service_15944882_1395_5_407369376.jpg","datePublished":"2024-08-19T12:27:13+00:00","dateModified":"2024-10-26T11:13:53+00:00","breadcrumb":{"@id":"https:\/\/tay-sir.com\/produit\/moulinex-dd944810\/#breadcrumb"},"inLanguage":"ar","potentialAction":[{"@type":"ReadAction","target":["https:\/\/tay-sir.com\/produit\/moulinex-dd944810\/"]}]},{"@type":"ImageObject","inLanguage":"ar","@id":"https:\/\/tay-sir.com\/produit\/moulinex-dd944810\/#primaryimage","url":"https:\/\/tay-sir.com\/wp-content\/uploads\/2024\/08\/document_service_15944882_1395_5_407369376.jpg","contentUrl":"https:\/\/tay-sir.com\/wp-content\/uploads\/2024\/08\/document_service_15944882_1395_5_407369376.jpg","width":500,"height":500},{"@type":"BreadcrumbList","@id":"https:\/\/tay-sir.com\/produit\/moulinex-dd944810\/#breadcrumb","itemListElement":[{"@type":"ListItem","position":1,"name":"Home","item":"https:\/\/tay-sir.com\/ar\/"},{"@type":"ListItem","position":2,"name":"Boutique","item":"https:\/\/tay-sir.com\/boutique\/"},{"@type":"ListItem","position":3,"name":"Moulinex DD944810"}]},{"@type":"WebSite","@id":"https:\/\/tay-sir.com\/ar\/#website","url":"https:\/\/tay-sir.com\/ar\/","name":"TAY-SIR.com","description":"plateforme e-commerce avec financement islamique digital en ligne","publisher":{"@id":"https:\/\/tay-sir.com\/ar\/#organization"},"potentialAction":[{"@type":"SearchAction","target":{"@type":"EntryPoint","urlTemplate":"https:\/\/tay-sir.com\/ar\/?s={search_term_string}"},"query-input":{"@type":"PropertyValueSpecification","valueRequired":true,"valueName":"search_term_string"}}],"inLanguage":"ar"},{"@type":"Organization","@id":"https:\/\/tay-sir.com\/ar\/#organization","name":"Taysir","url":"https:\/\/tay-sir.com\/ar\/","logo":{"@type":"ImageObject","inLanguage":"ar","@id":"https:\/\/tay-sir.com\/ar\/#\/schema\/logo\/image\/","url":"https:\/\/tay-sir.com\/wp-content\/uploads\/2024\/10\/profil.jpg","contentUrl":"https:\/\/tay-sir.com\/wp-content\/uploads\/2024\/10\/profil.jpg","width":1024,"height":1024,"caption":"Taysir"},"image":{"@id":"https:\/\/tay-sir.com\/ar\/#\/schema\/logo\/image\/"},"sameAs":["https:\/\/www.facebook.com\/profile.php?id=61566201523117","https:\/\/www.tiktok.com\/@taysir31000?fbclid=IwY2xjawFor1xleHRuA2FlbQIxMAABHQqa6Ko0Z_QFAZb-7Bltxo0G0y0YuIXxVxPenEAWDkGyOgZp7D3Bq1oJAA_aem_TiTB-X9kxzhzORQbwqQiYw","https:\/\/www.instagram.com\/taysirfacilite\/"]}]}},"_links":{"self":[{"href":"https:\/\/tay-sir.com\/ar\/wp-json\/wp\/v2\/product\/28826","targetHints":{"allow":["GET"]}}],"collection":[{"href":"https:\/\/tay-sir.com\/ar\/wp-json\/wp\/v2\/product"}],"about":[{"href":"https:\/\/tay-sir.com\/ar\/wp-json\/wp\/v2\/types\/product"}],"replies":[{"embeddable":true,"href":"https:\/\/tay-sir.com\/ar\/wp-json\/wp\/v2\/comments?post=28826"}],"version-history":[{"count":2,"href":"https:\/\/tay-sir.com\/ar\/wp-json\/wp\/v2\/product\/28826\/revisions"}],"predecessor-version":[{"id":30101,"href":"https:\/\/tay-sir.com\/ar\/wp-json\/wp\/v2\/product\/28826\/revisions\/30101"}],"wp:featuredmedia":[{"embeddable":true,"href":"https:\/\/tay-sir.com\/ar\/wp-json\/wp\/v2\/media\/28825"}],"wp:attachment":[{"href":"https:\/\/tay-sir.com\/ar\/wp-json\/wp\/v2\/media?parent=28826"}],"wp:term":[{"taxonomy":"product_brand","embeddable":true,"href":"https:\/\/tay-sir.com\/ar\/wp-json\/wp\/v2\/product_brand?post=28826"},{"taxonomy":"product_cat","embeddable":true,"href":"https:\/\/tay-sir.com\/ar\/wp-json\/wp\/v2\/product_cat?post=28826"},{"taxonomy":"product_tag","embeddable":true,"href":"https:\/\/tay-sir.com\/ar\/wp-json\/wp\/v2\/product_tag?post=28826"}],"curies":[{"name":"wp","href":"https:\/\/api.w.org\/{rel}","templated":true}]}}