{"id":28828,"date":"2024-08-19T13:27:14","date_gmt":"2024-08-19T12:27:14","guid":{"rendered":"https:\/\/tay-sir.com\/produit\/bosch-msm64110\/"},"modified":"2024-10-26T12:12:41","modified_gmt":"2024-10-26T11:12:41","slug":"bosch-msm64110","status":"publish","type":"product","link":"https:\/\/tay-sir.com\/ar\/product\/bosch-msm64110\/","title":{"rendered":"Bosch MSM64110"},"content":{"rendered":"<p>Bras Mixeur MSM64110 ErgoMixx Mixeur plongeant, 450 W, Rouge, Blanc<br \/>\n\u00ab\u00a0Bosch MSM64110 Mixeur Plongeant &#8211; Mixeur \u00e0 main puissant 450 W &#8211; Pied m\u00e9langeur amovible en m\u00e9tal &#8211; Syst\u00e8me anti-\u00e9claboussures &#8211; Avec Accessoires &#8211; Rouge\/Blanc<\/p>\n<p>Ce Mixeur plongeant Bosch facile et confortable d&rsquo;utilisation permet de r\u00e9aliser toutes vos pr\u00e9parations onctueuses et homog\u00e8nes en un clin d\u2019\u0153il.<br \/>\nSa puissance de 450 Watt ainsi que ses divers accessoires rendent cet appareil adaptable \u00e0 chacune de vos recettes.<\/p>\n<p>Puissance : 450 W<br \/>\nDimensions du produit (L x l x h) 39,3 x 5,5 x 6,2 cm<br \/>\nVoltage : 240 Volts<br \/>\nMat\u00e9riau : Plastique, M\u00e9tal<br \/>\nPoids net : 1,009 kg<br \/>\nCouleur : Rouge, Blanc<\/p>\n<p>Bosch &#8211; Des technologies pour la vie<br \/>\nBosch a pour mission de rendre la vie plus facile en proposant des \u00e9quipements fiables, efficaces, et agr\u00e9ables \u00e0 utiliser, pour vous assurer plus de tranquillit\u00e9 d&rsquo;esprit dans votre vie quotidienne. Bosch fut fond\u00e9 en 1886 lorsque Robert Bosch ouvrit son premier atelier d&rsquo;ing\u00e9nierie \u00e0 Stuttgart, en Allemagne. Des d\u00e9cennies plus tard, la marque s&rsquo;est impos\u00e9e comme une r\u00e9f\u00e9rence de l&rsquo;\u00e9lectrom\u00e9nager gr\u00e2ce \u00e0 ses appareils \u00e0 la pointe de la technologie et \u00e0 la qualit\u00e9 toujours plus reconnue.<br \/>\n\u00a0\u00bb<br \/>\nFiche technique<br \/>\nPRINCIPALES CARACT\u00c9RISTIQUES<br \/>\nBras Mixeur MSM64110 ErgoMixx Mixeur plongeant, 450 W, Rouge, Blanc<br \/>\nCouleur Rouge, Blanc<br \/>\nMarque Bosch Electrom\u00e9nager<br \/>\nDimensions de l&rsquo;article L x L x H 39.3 x 5.5 x 6.2 centim\u00e8tres<br \/>\nPuissance 450 Watts<br \/>\nPoids de l&rsquo;article 1 Grammes<\/p>\n<p>Puissance : 450 WTouche turbo4 lames inox aiguis\u00e9es pour des pr\u00e9parations onctueuses et homog\u00e8nes Poids net de l&rsquo;appareil : 1,0 kgDimensions (H x L x P) : 39,3 cm x 5,5 cm x 6,2 cmColisage : 6<\/p>","protected":false},"excerpt":{"rendered":"<p>Bras Mixeur MSM64110 ErgoMixx Mixeur plongeant, 450 W, Rouge, Blanc \u00ab\u00a0Bosch MSM64110 Mixeur Plongeant &#8211; Mixeur \u00e0 main puissant 450<\/p>","protected":false},"featured_media":28827,"comment_status":"open","ping_status":"closed","template":"","meta":[],"product_brand":[],"product_cat":[17,218],"product_tag":[],"class_list":{"0":"post-28828","1":"product","2":"type-product","3":"status-publish","4":"has-post-thumbnail","6":"product_cat-electro-menager","7":"product_cat-mixeur","9":"first","10":"instock","11":"shipping-taxable","12":"purchasable","13":"product-type-variable"},"yoast_head":"<!-- This site is optimized with the Yoast SEO plugin v24.9 - https:\/\/yoast.com\/wordpress\/plugins\/seo\/ -->\n<title>Bosch MSM64110 - Maslak<\/title>\n<meta name=\"robots\" content=\"index, follow, max-snippet:-1, max-image-preview:large, max-video-preview:-1\" \/>\n<link rel=\"canonical\" href=\"https:\/\/tay-sir.com\/ar\/product\/bosch-msm64110\/\" \/>\n<meta property=\"og:locale\" content=\"ar_AR\" \/>\n<meta property=\"og:type\" content=\"article\" \/>\n<meta property=\"og:title\" content=\"Bosch MSM64110 - Maslak\" \/>\n<meta property=\"og:description\" content=\"Bras Mixeur MSM64110 ErgoMixx Mixeur plongeant, 450 W, Rouge, Blanc \u00ab\u00a0Bosch MSM64110 Mixeur Plongeant &#8211; Mixeur \u00e0 main puissant 450\" \/>\n<meta property=\"og:url\" content=\"https:\/\/tay-sir.com\/ar\/product\/bosch-msm64110\/\" \/>\n<meta property=\"og:site_name\" content=\"Maslak\" \/>\n<meta property=\"article:publisher\" content=\"https:\/\/www.facebook.com\/profile.php?id=61566201523117\" \/>\n<meta property=\"article:modified_time\" content=\"2024-10-26T11:12:41+00:00\" \/>\n<meta property=\"og:image\" content=\"https:\/\/tay-sir.com\/wp-content\/uploads\/2024\/08\/document_service_148997_1395_5_97979682.jpg\" \/>\n\t<meta property=\"og:image:width\" content=\"500\" \/>\n\t<meta property=\"og:image:height\" content=\"500\" \/>\n\t<meta property=\"og:image:type\" content=\"image\/jpeg\" \/>\n<meta name=\"twitter:card\" content=\"summary_large_image\" \/>\n<meta name=\"twitter:label1\" content=\"\u0648\u0642\u062a \u0627\u0644\u0642\u0631\u0627\u0621\u0629 \u0627\u0644\u0645\u064f\u0642\u062f\u0651\u0631\" \/>\n\t<meta name=\"twitter:data1\" content=\"\u062f\u0642\u064a\u0642\u0629 \u0648\u0627\u062d\u062f\u0629\" \/>\n<script type=\"application\/ld+json\" class=\"yoast-schema-graph\">{\"@context\":\"https:\/\/schema.org\",\"@graph\":[{\"@type\":\"WebPage\",\"@id\":\"https:\/\/tay-sir.com\/produit\/bosch-msm64110\/\",\"url\":\"https:\/\/tay-sir.com\/produit\/bosch-msm64110\/\",\"name\":\"Bosch MSM64110 - Maslak\",\"isPartOf\":{\"@id\":\"https:\/\/tay-sir.com\/ar\/#website\"},\"primaryImageOfPage\":{\"@id\":\"https:\/\/tay-sir.com\/produit\/bosch-msm64110\/#primaryimage\"},\"image\":{\"@id\":\"https:\/\/tay-sir.com\/produit\/bosch-msm64110\/#primaryimage\"},\"thumbnailUrl\":\"https:\/\/tay-sir.com\/wp-content\/uploads\/2024\/08\/document_service_148997_1395_5_97979682.jpg\",\"datePublished\":\"2024-08-19T12:27:14+00:00\",\"dateModified\":\"2024-10-26T11:12:41+00:00\",\"breadcrumb\":{\"@id\":\"https:\/\/tay-sir.com\/produit\/bosch-msm64110\/#breadcrumb\"},\"inLanguage\":\"ar\",\"potentialAction\":[{\"@type\":\"ReadAction\",\"target\":[\"https:\/\/tay-sir.com\/produit\/bosch-msm64110\/\"]}]},{\"@type\":\"ImageObject\",\"inLanguage\":\"ar\",\"@id\":\"https:\/\/tay-sir.com\/produit\/bosch-msm64110\/#primaryimage\",\"url\":\"https:\/\/tay-sir.com\/wp-content\/uploads\/2024\/08\/document_service_148997_1395_5_97979682.jpg\",\"contentUrl\":\"https:\/\/tay-sir.com\/wp-content\/uploads\/2024\/08\/document_service_148997_1395_5_97979682.jpg\",\"width\":500,\"height\":500},{\"@type\":\"BreadcrumbList\",\"@id\":\"https:\/\/tay-sir.com\/produit\/bosch-msm64110\/#breadcrumb\",\"itemListElement\":[{\"@type\":\"ListItem\",\"position\":1,\"name\":\"Home\",\"item\":\"https:\/\/tay-sir.com\/ar\/\"},{\"@type\":\"ListItem\",\"position\":2,\"name\":\"Boutique\",\"item\":\"https:\/\/tay-sir.com\/boutique\/\"},{\"@type\":\"ListItem\",\"position\":3,\"name\":\"Bosch MSM64110\"}]},{\"@type\":\"WebSite\",\"@id\":\"https:\/\/tay-sir.com\/ar\/#website\",\"url\":\"https:\/\/tay-sir.com\/ar\/\",\"name\":\"TAY-SIR.com\",\"description\":\"plateforme e-commerce avec financement islamique digital en ligne\",\"publisher\":{\"@id\":\"https:\/\/tay-sir.com\/ar\/#organization\"},\"potentialAction\":[{\"@type\":\"SearchAction\",\"target\":{\"@type\":\"EntryPoint\",\"urlTemplate\":\"https:\/\/tay-sir.com\/ar\/?s={search_term_string}\"},\"query-input\":{\"@type\":\"PropertyValueSpecification\",\"valueRequired\":true,\"valueName\":\"search_term_string\"}}],\"inLanguage\":\"ar\"},{\"@type\":\"Organization\",\"@id\":\"https:\/\/tay-sir.com\/ar\/#organization\",\"name\":\"Taysir\",\"url\":\"https:\/\/tay-sir.com\/ar\/\",\"logo\":{\"@type\":\"ImageObject\",\"inLanguage\":\"ar\",\"@id\":\"https:\/\/tay-sir.com\/ar\/#\/schema\/logo\/image\/\",\"url\":\"https:\/\/tay-sir.com\/wp-content\/uploads\/2024\/10\/profil.jpg\",\"contentUrl\":\"https:\/\/tay-sir.com\/wp-content\/uploads\/2024\/10\/profil.jpg\",\"width\":1024,\"height\":1024,\"caption\":\"Taysir\"},\"image\":{\"@id\":\"https:\/\/tay-sir.com\/ar\/#\/schema\/logo\/image\/\"},\"sameAs\":[\"https:\/\/www.facebook.com\/profile.php?id=61566201523117\",\"https:\/\/www.tiktok.com\/@taysir31000?fbclid=IwY2xjawFor1xleHRuA2FlbQIxMAABHQqa6Ko0Z_QFAZb-7Bltxo0G0y0YuIXxVxPenEAWDkGyOgZp7D3Bq1oJAA_aem_TiTB-X9kxzhzORQbwqQiYw\",\"https:\/\/www.instagram.com\/taysirfacilite\/\"]}]}<\/script>\n<!-- \/ Yoast SEO plugin. -->","yoast_head_json":{"title":"Bosch MSM64110 - Maslak","robots":{"index":"index","follow":"follow","max-snippet":"max-snippet:-1","max-image-preview":"max-image-preview:large","max-video-preview":"max-video-preview:-1"},"canonical":"https:\/\/tay-sir.com\/ar\/product\/bosch-msm64110\/","og_locale":"ar_AR","og_type":"article","og_title":"Bosch MSM64110 - Maslak","og_description":"Bras Mixeur MSM64110 ErgoMixx Mixeur plongeant, 450 W, Rouge, Blanc \u00ab\u00a0Bosch MSM64110 Mixeur Plongeant &#8211; Mixeur \u00e0 main puissant 450","og_url":"https:\/\/tay-sir.com\/ar\/product\/bosch-msm64110\/","og_site_name":"Maslak","article_publisher":"https:\/\/www.facebook.com\/profile.php?id=61566201523117","article_modified_time":"2024-10-26T11:12:41+00:00","og_image":[{"width":500,"height":500,"url":"https:\/\/tay-sir.com\/wp-content\/uploads\/2024\/08\/document_service_148997_1395_5_97979682.jpg","type":"image\/jpeg"}],"twitter_card":"summary_large_image","twitter_misc":{"\u0648\u0642\u062a \u0627\u0644\u0642\u0631\u0627\u0621\u0629 \u0627\u0644\u0645\u064f\u0642\u062f\u0651\u0631":"\u062f\u0642\u064a\u0642\u0629 \u0648\u0627\u062d\u062f\u0629"},"schema":{"@context":"https:\/\/schema.org","@graph":[{"@type":"WebPage","@id":"https:\/\/tay-sir.com\/produit\/bosch-msm64110\/","url":"https:\/\/tay-sir.com\/produit\/bosch-msm64110\/","name":"Bosch MSM64110 - Maslak","isPartOf":{"@id":"https:\/\/tay-sir.com\/ar\/#website"},"primaryImageOfPage":{"@id":"https:\/\/tay-sir.com\/produit\/bosch-msm64110\/#primaryimage"},"image":{"@id":"https:\/\/tay-sir.com\/produit\/bosch-msm64110\/#primaryimage"},"thumbnailUrl":"https:\/\/tay-sir.com\/wp-content\/uploads\/2024\/08\/document_service_148997_1395_5_97979682.jpg","datePublished":"2024-08-19T12:27:14+00:00","dateModified":"2024-10-26T11:12:41+00:00","breadcrumb":{"@id":"https:\/\/tay-sir.com\/produit\/bosch-msm64110\/#breadcrumb"},"inLanguage":"ar","potentialAction":[{"@type":"ReadAction","target":["https:\/\/tay-sir.com\/produit\/bosch-msm64110\/"]}]},{"@type":"ImageObject","inLanguage":"ar","@id":"https:\/\/tay-sir.com\/produit\/bosch-msm64110\/#primaryimage","url":"https:\/\/tay-sir.com\/wp-content\/uploads\/2024\/08\/document_service_148997_1395_5_97979682.jpg","contentUrl":"https:\/\/tay-sir.com\/wp-content\/uploads\/2024\/08\/document_service_148997_1395_5_97979682.jpg","width":500,"height":500},{"@type":"BreadcrumbList","@id":"https:\/\/tay-sir.com\/produit\/bosch-msm64110\/#breadcrumb","itemListElement":[{"@type":"ListItem","position":1,"name":"Home","item":"https:\/\/tay-sir.com\/ar\/"},{"@type":"ListItem","position":2,"name":"Boutique","item":"https:\/\/tay-sir.com\/boutique\/"},{"@type":"ListItem","position":3,"name":"Bosch MSM64110"}]},{"@type":"WebSite","@id":"https:\/\/tay-sir.com\/ar\/#website","url":"https:\/\/tay-sir.com\/ar\/","name":"TAY-SIR.com","description":"plateforme e-commerce avec financement islamique digital en ligne","publisher":{"@id":"https:\/\/tay-sir.com\/ar\/#organization"},"potentialAction":[{"@type":"SearchAction","target":{"@type":"EntryPoint","urlTemplate":"https:\/\/tay-sir.com\/ar\/?s={search_term_string}"},"query-input":{"@type":"PropertyValueSpecification","valueRequired":true,"valueName":"search_term_string"}}],"inLanguage":"ar"},{"@type":"Organization","@id":"https:\/\/tay-sir.com\/ar\/#organization","name":"Taysir","url":"https:\/\/tay-sir.com\/ar\/","logo":{"@type":"ImageObject","inLanguage":"ar","@id":"https:\/\/tay-sir.com\/ar\/#\/schema\/logo\/image\/","url":"https:\/\/tay-sir.com\/wp-content\/uploads\/2024\/10\/profil.jpg","contentUrl":"https:\/\/tay-sir.com\/wp-content\/uploads\/2024\/10\/profil.jpg","width":1024,"height":1024,"caption":"Taysir"},"image":{"@id":"https:\/\/tay-sir.com\/ar\/#\/schema\/logo\/image\/"},"sameAs":["https:\/\/www.facebook.com\/profile.php?id=61566201523117","https:\/\/www.tiktok.com\/@taysir31000?fbclid=IwY2xjawFor1xleHRuA2FlbQIxMAABHQqa6Ko0Z_QFAZb-7Bltxo0G0y0YuIXxVxPenEAWDkGyOgZp7D3Bq1oJAA_aem_TiTB-X9kxzhzORQbwqQiYw","https:\/\/www.instagram.com\/taysirfacilite\/"]}]}},"_links":{"self":[{"href":"https:\/\/tay-sir.com\/ar\/wp-json\/wp\/v2\/product\/28828","targetHints":{"allow":["GET"]}}],"collection":[{"href":"https:\/\/tay-sir.com\/ar\/wp-json\/wp\/v2\/product"}],"about":[{"href":"https:\/\/tay-sir.com\/ar\/wp-json\/wp\/v2\/types\/product"}],"replies":[{"embeddable":true,"href":"https:\/\/tay-sir.com\/ar\/wp-json\/wp\/v2\/comments?post=28828"}],"version-history":[{"count":2,"href":"https:\/\/tay-sir.com\/ar\/wp-json\/wp\/v2\/product\/28828\/revisions"}],"predecessor-version":[{"id":31974,"href":"https:\/\/tay-sir.com\/ar\/wp-json\/wp\/v2\/product\/28828\/revisions\/31974"}],"wp:featuredmedia":[{"embeddable":true,"href":"https:\/\/tay-sir.com\/ar\/wp-json\/wp\/v2\/media\/28827"}],"wp:attachment":[{"href":"https:\/\/tay-sir.com\/ar\/wp-json\/wp\/v2\/media?parent=28828"}],"wp:term":[{"taxonomy":"product_brand","embeddable":true,"href":"https:\/\/tay-sir.com\/ar\/wp-json\/wp\/v2\/product_brand?post=28828"},{"taxonomy":"product_cat","embeddable":true,"href":"https:\/\/tay-sir.com\/ar\/wp-json\/wp\/v2\/product_cat?post=28828"},{"taxonomy":"product_tag","embeddable":true,"href":"https:\/\/tay-sir.com\/ar\/wp-json\/wp\/v2\/product_tag?post=28828"}],"curies":[{"name":"wp","href":"https:\/\/api.w.org\/{rel}","templated":true}]}}