{"id":28830,"date":"2024-08-19T13:27:15","date_gmt":"2024-08-19T12:27:15","guid":{"rendered":"https:\/\/tay-sir.com\/produit\/bosch-msm14100\/"},"modified":"2024-10-26T12:11:12","modified_gmt":"2024-10-26T11:11:12","slug":"bosch-msm14100","status":"publish","type":"product","link":"https:\/\/tay-sir.com\/ar\/product\/bosch-msm14100\/","title":{"rendered":"Bosch MSM14100"},"content":{"rendered":"<p>Marque Bosch Electrom\u00e9nager<br \/>\nCouleur Blanc<br \/>\nCaract\u00e9ristique sp\u00e9ciale Pied amovible, 4 lames inox aiguis\u00e9es pour des pr\u00e9parations onctueuses et homog\u00e8nes, Puissance : 400 WPied amovible, 4 lames inox aiguis\u00e9es pour des pr\u00e9parations onctueuses et homog\u00e8nes, Puissance : 400 W<br \/>\nCapacit\u00e9 600 Millilitres<br \/>\nComposants inclus Lame p\u00e9trisseuse<br \/>\nStyle MSM14100<br \/>\nUsages recommand\u00e9s pour le produit M\u00e9lange<br \/>\nSource d&rsquo;alimentation C\u00e2ble \u00e9lectrique<br \/>\nNombre de vitesses 1<br \/>\nTension 240 Volts<br \/>\nVoir moins<br \/>\nMat\u00e9riau<br \/>\nPlastique<br \/>\nPuissance<br \/>\n400 Watts<br \/>\nPoids de l&rsquo;article<br \/>\n800 Grammes<br \/>\nPeut passer au lave-vaisselle<br \/>\nOui<br \/>\n\u00c0 propos de cet article<br \/>\nMoteur de 400 watts pour un mixage rapide et ses accessoires multifonctionnels.Obtenez rapidement des r\u00e9sultats parfaits avec votre mixeur plongeant, m\u00eame lorsque vous hachez du fromage ou des herbes.<br \/>\nGr\u00e2ce \u00e0 la poign\u00e9e ergonomique, l&rsquo;appareil s&rsquo;adapte confortablement \u00e0 votre main que vous soyez gaucher ou droitier. De plus, son faible poids facilite son utilisation.<br \/>\nUne fois que vous avez termin\u00e9, d\u00e9tachez le pied d&rsquo;un simple tour et nettoyez-le facilement \u00e0 la main ou au lave-vaisselle.<br \/>\nAvec le bol mixeur, vous pouvez mesurer les ingr\u00e9dients et m\u00e9langer de petites quantit\u00e9s directement dans le bol. Pratique, il vous fait gagner du temps !<br \/>\nLivraison : 1x Mixeur plongeant MSM14100, CleverMixx 400 W<\/p>","protected":false},"excerpt":{"rendered":"<p>Marque Bosch Electrom\u00e9nager Couleur Blanc Caract\u00e9ristique sp\u00e9ciale Pied amovible, 4 lames inox aiguis\u00e9es pour des pr\u00e9parations onctueuses et homog\u00e8nes, Puissance<\/p>","protected":false},"featured_media":28829,"comment_status":"open","ping_status":"closed","template":"","meta":[],"product_brand":[],"product_cat":[17,218],"product_tag":[],"class_list":{"0":"post-28830","1":"product","2":"type-product","3":"status-publish","4":"has-post-thumbnail","6":"product_cat-electro-menager","7":"product_cat-mixeur","9":"first","10":"instock","11":"shipping-taxable","12":"purchasable","13":"product-type-variable"},"yoast_head":"<!-- This site is optimized with the Yoast SEO plugin v24.9 - https:\/\/yoast.com\/wordpress\/plugins\/seo\/ -->\n<title>Bosch MSM14100 - Maslak<\/title>\n<meta name=\"robots\" content=\"index, follow, max-snippet:-1, max-image-preview:large, max-video-preview:-1\" \/>\n<link rel=\"canonical\" href=\"https:\/\/tay-sir.com\/ar\/product\/bosch-msm14100\/\" \/>\n<meta property=\"og:locale\" content=\"ar_AR\" \/>\n<meta property=\"og:type\" content=\"article\" \/>\n<meta property=\"og:title\" content=\"Bosch MSM14100 - Maslak\" \/>\n<meta property=\"og:description\" content=\"Marque Bosch Electrom\u00e9nager Couleur Blanc Caract\u00e9ristique sp\u00e9ciale Pied amovible, 4 lames inox aiguis\u00e9es pour des pr\u00e9parations onctueuses et homog\u00e8nes, Puissance\" \/>\n<meta property=\"og:url\" content=\"https:\/\/tay-sir.com\/ar\/product\/bosch-msm14100\/\" \/>\n<meta property=\"og:site_name\" content=\"Maslak\" \/>\n<meta property=\"article:publisher\" content=\"https:\/\/www.facebook.com\/profile.php?id=61566201523117\" \/>\n<meta property=\"article:modified_time\" content=\"2024-10-26T11:11:12+00:00\" \/>\n<meta property=\"og:image\" content=\"https:\/\/tay-sir.com\/wp-content\/uploads\/2024\/08\/document_service_53298_1395_5_1597067172.jpg\" \/>\n\t<meta property=\"og:image:width\" content=\"500\" \/>\n\t<meta property=\"og:image:height\" content=\"500\" \/>\n\t<meta property=\"og:image:type\" content=\"image\/jpeg\" \/>\n<meta name=\"twitter:card\" content=\"summary_large_image\" \/>\n<meta name=\"twitter:label1\" content=\"\u0648\u0642\u062a \u0627\u0644\u0642\u0631\u0627\u0621\u0629 \u0627\u0644\u0645\u064f\u0642\u062f\u0651\u0631\" \/>\n\t<meta name=\"twitter:data1\" content=\"\u062f\u0642\u064a\u0642\u0629 \u0648\u0627\u062d\u062f\u0629\" \/>\n<script type=\"application\/ld+json\" class=\"yoast-schema-graph\">{\"@context\":\"https:\/\/schema.org\",\"@graph\":[{\"@type\":\"WebPage\",\"@id\":\"https:\/\/tay-sir.com\/produit\/bosch-msm14100\/\",\"url\":\"https:\/\/tay-sir.com\/produit\/bosch-msm14100\/\",\"name\":\"Bosch MSM14100 - Maslak\",\"isPartOf\":{\"@id\":\"https:\/\/tay-sir.com\/ar\/#website\"},\"primaryImageOfPage\":{\"@id\":\"https:\/\/tay-sir.com\/produit\/bosch-msm14100\/#primaryimage\"},\"image\":{\"@id\":\"https:\/\/tay-sir.com\/produit\/bosch-msm14100\/#primaryimage\"},\"thumbnailUrl\":\"https:\/\/tay-sir.com\/wp-content\/uploads\/2024\/08\/document_service_53298_1395_5_1597067172.jpg\",\"datePublished\":\"2024-08-19T12:27:15+00:00\",\"dateModified\":\"2024-10-26T11:11:12+00:00\",\"breadcrumb\":{\"@id\":\"https:\/\/tay-sir.com\/produit\/bosch-msm14100\/#breadcrumb\"},\"inLanguage\":\"ar\",\"potentialAction\":[{\"@type\":\"ReadAction\",\"target\":[\"https:\/\/tay-sir.com\/produit\/bosch-msm14100\/\"]}]},{\"@type\":\"ImageObject\",\"inLanguage\":\"ar\",\"@id\":\"https:\/\/tay-sir.com\/produit\/bosch-msm14100\/#primaryimage\",\"url\":\"https:\/\/tay-sir.com\/wp-content\/uploads\/2024\/08\/document_service_53298_1395_5_1597067172.jpg\",\"contentUrl\":\"https:\/\/tay-sir.com\/wp-content\/uploads\/2024\/08\/document_service_53298_1395_5_1597067172.jpg\",\"width\":500,\"height\":500},{\"@type\":\"BreadcrumbList\",\"@id\":\"https:\/\/tay-sir.com\/produit\/bosch-msm14100\/#breadcrumb\",\"itemListElement\":[{\"@type\":\"ListItem\",\"position\":1,\"name\":\"Home\",\"item\":\"https:\/\/tay-sir.com\/ar\/\"},{\"@type\":\"ListItem\",\"position\":2,\"name\":\"Boutique\",\"item\":\"https:\/\/tay-sir.com\/boutique\/\"},{\"@type\":\"ListItem\",\"position\":3,\"name\":\"Bosch MSM14100\"}]},{\"@type\":\"WebSite\",\"@id\":\"https:\/\/tay-sir.com\/ar\/#website\",\"url\":\"https:\/\/tay-sir.com\/ar\/\",\"name\":\"TAY-SIR.com\",\"description\":\"plateforme e-commerce avec financement islamique digital en ligne\",\"publisher\":{\"@id\":\"https:\/\/tay-sir.com\/ar\/#organization\"},\"potentialAction\":[{\"@type\":\"SearchAction\",\"target\":{\"@type\":\"EntryPoint\",\"urlTemplate\":\"https:\/\/tay-sir.com\/ar\/?s={search_term_string}\"},\"query-input\":{\"@type\":\"PropertyValueSpecification\",\"valueRequired\":true,\"valueName\":\"search_term_string\"}}],\"inLanguage\":\"ar\"},{\"@type\":\"Organization\",\"@id\":\"https:\/\/tay-sir.com\/ar\/#organization\",\"name\":\"Taysir\",\"url\":\"https:\/\/tay-sir.com\/ar\/\",\"logo\":{\"@type\":\"ImageObject\",\"inLanguage\":\"ar\",\"@id\":\"https:\/\/tay-sir.com\/ar\/#\/schema\/logo\/image\/\",\"url\":\"https:\/\/tay-sir.com\/wp-content\/uploads\/2024\/10\/profil.jpg\",\"contentUrl\":\"https:\/\/tay-sir.com\/wp-content\/uploads\/2024\/10\/profil.jpg\",\"width\":1024,\"height\":1024,\"caption\":\"Taysir\"},\"image\":{\"@id\":\"https:\/\/tay-sir.com\/ar\/#\/schema\/logo\/image\/\"},\"sameAs\":[\"https:\/\/www.facebook.com\/profile.php?id=61566201523117\",\"https:\/\/www.tiktok.com\/@taysir31000?fbclid=IwY2xjawFor1xleHRuA2FlbQIxMAABHQqa6Ko0Z_QFAZb-7Bltxo0G0y0YuIXxVxPenEAWDkGyOgZp7D3Bq1oJAA_aem_TiTB-X9kxzhzORQbwqQiYw\",\"https:\/\/www.instagram.com\/taysirfacilite\/\"]}]}<\/script>\n<!-- \/ Yoast SEO plugin. -->","yoast_head_json":{"title":"Bosch MSM14100 - Maslak","robots":{"index":"index","follow":"follow","max-snippet":"max-snippet:-1","max-image-preview":"max-image-preview:large","max-video-preview":"max-video-preview:-1"},"canonical":"https:\/\/tay-sir.com\/ar\/product\/bosch-msm14100\/","og_locale":"ar_AR","og_type":"article","og_title":"Bosch MSM14100 - Maslak","og_description":"Marque Bosch Electrom\u00e9nager Couleur Blanc Caract\u00e9ristique sp\u00e9ciale Pied amovible, 4 lames inox aiguis\u00e9es pour des pr\u00e9parations onctueuses et homog\u00e8nes, Puissance","og_url":"https:\/\/tay-sir.com\/ar\/product\/bosch-msm14100\/","og_site_name":"Maslak","article_publisher":"https:\/\/www.facebook.com\/profile.php?id=61566201523117","article_modified_time":"2024-10-26T11:11:12+00:00","og_image":[{"width":500,"height":500,"url":"https:\/\/tay-sir.com\/wp-content\/uploads\/2024\/08\/document_service_53298_1395_5_1597067172.jpg","type":"image\/jpeg"}],"twitter_card":"summary_large_image","twitter_misc":{"\u0648\u0642\u062a \u0627\u0644\u0642\u0631\u0627\u0621\u0629 \u0627\u0644\u0645\u064f\u0642\u062f\u0651\u0631":"\u062f\u0642\u064a\u0642\u0629 \u0648\u0627\u062d\u062f\u0629"},"schema":{"@context":"https:\/\/schema.org","@graph":[{"@type":"WebPage","@id":"https:\/\/tay-sir.com\/produit\/bosch-msm14100\/","url":"https:\/\/tay-sir.com\/produit\/bosch-msm14100\/","name":"Bosch MSM14100 - Maslak","isPartOf":{"@id":"https:\/\/tay-sir.com\/ar\/#website"},"primaryImageOfPage":{"@id":"https:\/\/tay-sir.com\/produit\/bosch-msm14100\/#primaryimage"},"image":{"@id":"https:\/\/tay-sir.com\/produit\/bosch-msm14100\/#primaryimage"},"thumbnailUrl":"https:\/\/tay-sir.com\/wp-content\/uploads\/2024\/08\/document_service_53298_1395_5_1597067172.jpg","datePublished":"2024-08-19T12:27:15+00:00","dateModified":"2024-10-26T11:11:12+00:00","breadcrumb":{"@id":"https:\/\/tay-sir.com\/produit\/bosch-msm14100\/#breadcrumb"},"inLanguage":"ar","potentialAction":[{"@type":"ReadAction","target":["https:\/\/tay-sir.com\/produit\/bosch-msm14100\/"]}]},{"@type":"ImageObject","inLanguage":"ar","@id":"https:\/\/tay-sir.com\/produit\/bosch-msm14100\/#primaryimage","url":"https:\/\/tay-sir.com\/wp-content\/uploads\/2024\/08\/document_service_53298_1395_5_1597067172.jpg","contentUrl":"https:\/\/tay-sir.com\/wp-content\/uploads\/2024\/08\/document_service_53298_1395_5_1597067172.jpg","width":500,"height":500},{"@type":"BreadcrumbList","@id":"https:\/\/tay-sir.com\/produit\/bosch-msm14100\/#breadcrumb","itemListElement":[{"@type":"ListItem","position":1,"name":"Home","item":"https:\/\/tay-sir.com\/ar\/"},{"@type":"ListItem","position":2,"name":"Boutique","item":"https:\/\/tay-sir.com\/boutique\/"},{"@type":"ListItem","position":3,"name":"Bosch MSM14100"}]},{"@type":"WebSite","@id":"https:\/\/tay-sir.com\/ar\/#website","url":"https:\/\/tay-sir.com\/ar\/","name":"TAY-SIR.com","description":"plateforme e-commerce avec financement islamique digital en ligne","publisher":{"@id":"https:\/\/tay-sir.com\/ar\/#organization"},"potentialAction":[{"@type":"SearchAction","target":{"@type":"EntryPoint","urlTemplate":"https:\/\/tay-sir.com\/ar\/?s={search_term_string}"},"query-input":{"@type":"PropertyValueSpecification","valueRequired":true,"valueName":"search_term_string"}}],"inLanguage":"ar"},{"@type":"Organization","@id":"https:\/\/tay-sir.com\/ar\/#organization","name":"Taysir","url":"https:\/\/tay-sir.com\/ar\/","logo":{"@type":"ImageObject","inLanguage":"ar","@id":"https:\/\/tay-sir.com\/ar\/#\/schema\/logo\/image\/","url":"https:\/\/tay-sir.com\/wp-content\/uploads\/2024\/10\/profil.jpg","contentUrl":"https:\/\/tay-sir.com\/wp-content\/uploads\/2024\/10\/profil.jpg","width":1024,"height":1024,"caption":"Taysir"},"image":{"@id":"https:\/\/tay-sir.com\/ar\/#\/schema\/logo\/image\/"},"sameAs":["https:\/\/www.facebook.com\/profile.php?id=61566201523117","https:\/\/www.tiktok.com\/@taysir31000?fbclid=IwY2xjawFor1xleHRuA2FlbQIxMAABHQqa6Ko0Z_QFAZb-7Bltxo0G0y0YuIXxVxPenEAWDkGyOgZp7D3Bq1oJAA_aem_TiTB-X9kxzhzORQbwqQiYw","https:\/\/www.instagram.com\/taysirfacilite\/"]}]}},"_links":{"self":[{"href":"https:\/\/tay-sir.com\/ar\/wp-json\/wp\/v2\/product\/28830","targetHints":{"allow":["GET"]}}],"collection":[{"href":"https:\/\/tay-sir.com\/ar\/wp-json\/wp\/v2\/product"}],"about":[{"href":"https:\/\/tay-sir.com\/ar\/wp-json\/wp\/v2\/types\/product"}],"replies":[{"embeddable":true,"href":"https:\/\/tay-sir.com\/ar\/wp-json\/wp\/v2\/comments?post=28830"}],"version-history":[{"count":3,"href":"https:\/\/tay-sir.com\/ar\/wp-json\/wp\/v2\/product\/28830\/revisions"}],"predecessor-version":[{"id":31967,"href":"https:\/\/tay-sir.com\/ar\/wp-json\/wp\/v2\/product\/28830\/revisions\/31967"}],"wp:featuredmedia":[{"embeddable":true,"href":"https:\/\/tay-sir.com\/ar\/wp-json\/wp\/v2\/media\/28829"}],"wp:attachment":[{"href":"https:\/\/tay-sir.com\/ar\/wp-json\/wp\/v2\/media?parent=28830"}],"wp:term":[{"taxonomy":"product_brand","embeddable":true,"href":"https:\/\/tay-sir.com\/ar\/wp-json\/wp\/v2\/product_brand?post=28830"},{"taxonomy":"product_cat","embeddable":true,"href":"https:\/\/tay-sir.com\/ar\/wp-json\/wp\/v2\/product_cat?post=28830"},{"taxonomy":"product_tag","embeddable":true,"href":"https:\/\/tay-sir.com\/ar\/wp-json\/wp\/v2\/product_tag?post=28830"}],"curies":[{"name":"wp","href":"https:\/\/api.w.org\/{rel}","templated":true}]}}