{"id":28834,"date":"2024-08-19T13:27:17","date_gmt":"2024-08-19T12:27:17","guid":{"rendered":"https:\/\/tay-sir.com\/produit\/taurus-bapi-1200-inox\/"},"modified":"2024-10-26T12:07:55","modified_gmt":"2024-10-26T11:07:55","slug":"taurus-bapi-1200-inox","status":"publish","type":"product","link":"https:\/\/tay-sir.com\/ar\/product\/taurus-bapi-1200-inox\/","title":{"rendered":"Taurus BAPI 1200 INOX"},"content":{"rendered":"<p>Marque TAURUS<br \/>\nCouleur Multicolore<br \/>\nCaract\u00e9ristique sp\u00e9ciale Comprend un ensemble complet d&rsquo;accessoires, D\u00e9montable, Pied d\u00e9montable et accessoires lavables au lave-vaisselle, 20 vitessesComprend un ensemble complet d&rsquo;accessoires, D\u00e9montable, Pied d\u00e9montable et accessoires lavables au lave-vaisselle, 20 vitesses<br \/>\nCapacit\u00e9 350 Millilitres<br \/>\nComposants inclus R\u00e9cipient \u00e0 jus, Lame p\u00e9trisseuse, Fixation du fouet<br \/>\nStyle 3 accessoires<br \/>\nUsages recommand\u00e9s pour le produit \u00c9mulsifiant<br \/>\nSource d&rsquo;alimentation \u00c9lectrique<br \/>\nTension 240<br \/>\nMat\u00e9riau non utilis\u00e9 Sans BPA<br \/>\nVoir moins<br \/>\nMat\u00e9riau<br \/>\nAcier inoxydable<br \/>\nPuissance<br \/>\n1200 Watts<br \/>\nPoids de l&rsquo;article<br \/>\n1,8 Kilogrammes<br \/>\nPeut passer au lave-vaisselle<br \/>\nOui<br \/>\n\u00c0 propos de cet article<br \/>\nBattements et d\u00e9mangeaisons. m\u00e9langeur manuel \u00e0 fouetter et hacher avec des lames en acier inoxydable \u00e0 double effet \u00e0 haute performance, tandis que les lames lat\u00e9rales battent, les lames verticales d\u00e9mangent, remplissant les deux fonctions en m\u00eame temps ; des r\u00e9sultats rapides et instantan\u00e9s<br \/>\nVitesses et turbo. 20 vitesses r\u00e9glables pour r\u00e9aliser toutes sortes de recettes ; fonction turbo pour une puissance maximale \u00e0 tout moment et en appuyant simplement sur un bouton, quelle que soit la vitesse s\u00e9lectionn\u00e9e<br \/>\nSyst\u00e8me de rotation turbo. gr\u00e2ce au syst\u00e8me de rotation turbo, les lames soul\u00e8vent les aliments, les hachent et les expulsent par les ouvertures du protecteur, pour qu&rsquo;ils retombent au fond du r\u00e9cipient et soient \u00e0 nouveau aspir\u00e9s et \u00e9cras\u00e9s<\/p>","protected":false},"excerpt":{"rendered":"<p>Marque TAURUS Couleur Multicolore Caract\u00e9ristique sp\u00e9ciale Comprend un ensemble complet d&rsquo;accessoires, D\u00e9montable, Pied d\u00e9montable et accessoires lavables au lave-vaisselle, 20<\/p>","protected":false},"featured_media":28833,"comment_status":"open","ping_status":"closed","template":"","meta":[],"product_brand":[],"product_cat":[17,218],"product_tag":[],"class_list":{"0":"post-28834","1":"product","2":"type-product","3":"status-publish","4":"has-post-thumbnail","6":"product_cat-electro-menager","7":"product_cat-mixeur","9":"first","10":"instock","11":"shipping-taxable","12":"purchasable","13":"product-type-variable"},"yoast_head":"<!-- This site is optimized with the Yoast SEO plugin v24.9 - https:\/\/yoast.com\/wordpress\/plugins\/seo\/ -->\n<title>Taurus BAPI 1200 INOX - Maslak<\/title>\n<meta name=\"robots\" content=\"index, follow, max-snippet:-1, max-image-preview:large, max-video-preview:-1\" \/>\n<link rel=\"canonical\" href=\"https:\/\/tay-sir.com\/ar\/product\/taurus-bapi-1200-inox\/\" \/>\n<meta property=\"og:locale\" content=\"ar_AR\" \/>\n<meta property=\"og:type\" content=\"article\" \/>\n<meta property=\"og:title\" content=\"Taurus BAPI 1200 INOX - Maslak\" \/>\n<meta property=\"og:description\" content=\"Marque TAURUS Couleur Multicolore Caract\u00e9ristique sp\u00e9ciale Comprend un ensemble complet d&rsquo;accessoires, D\u00e9montable, Pied d\u00e9montable et accessoires lavables au lave-vaisselle, 20\" \/>\n<meta property=\"og:url\" content=\"https:\/\/tay-sir.com\/ar\/product\/taurus-bapi-1200-inox\/\" \/>\n<meta property=\"og:site_name\" content=\"Maslak\" \/>\n<meta property=\"article:publisher\" content=\"https:\/\/www.facebook.com\/profile.php?id=61566201523117\" \/>\n<meta property=\"article:modified_time\" content=\"2024-10-26T11:07:55+00:00\" \/>\n<meta property=\"og:image\" content=\"https:\/\/tay-sir.com\/wp-content\/uploads\/2024\/08\/document_service_17143232_1395_5_1859749941.jpg\" \/>\n\t<meta property=\"og:image:width\" content=\"500\" \/>\n\t<meta property=\"og:image:height\" content=\"500\" \/>\n\t<meta property=\"og:image:type\" content=\"image\/jpeg\" \/>\n<meta name=\"twitter:card\" content=\"summary_large_image\" \/>\n<meta name=\"twitter:label1\" content=\"\u0648\u0642\u062a \u0627\u0644\u0642\u0631\u0627\u0621\u0629 \u0627\u0644\u0645\u064f\u0642\u062f\u0651\u0631\" \/>\n\t<meta name=\"twitter:data1\" content=\"\u062f\u0642\u064a\u0642\u0629 \u0648\u0627\u062d\u062f\u0629\" \/>\n<script type=\"application\/ld+json\" class=\"yoast-schema-graph\">{\"@context\":\"https:\/\/schema.org\",\"@graph\":[{\"@type\":\"WebPage\",\"@id\":\"https:\/\/tay-sir.com\/produit\/taurus-bapi-1200-inox\/\",\"url\":\"https:\/\/tay-sir.com\/produit\/taurus-bapi-1200-inox\/\",\"name\":\"Taurus BAPI 1200 INOX - Maslak\",\"isPartOf\":{\"@id\":\"https:\/\/tay-sir.com\/ar\/#website\"},\"primaryImageOfPage\":{\"@id\":\"https:\/\/tay-sir.com\/produit\/taurus-bapi-1200-inox\/#primaryimage\"},\"image\":{\"@id\":\"https:\/\/tay-sir.com\/produit\/taurus-bapi-1200-inox\/#primaryimage\"},\"thumbnailUrl\":\"https:\/\/tay-sir.com\/wp-content\/uploads\/2024\/08\/document_service_17143232_1395_5_1859749941.jpg\",\"datePublished\":\"2024-08-19T12:27:17+00:00\",\"dateModified\":\"2024-10-26T11:07:55+00:00\",\"breadcrumb\":{\"@id\":\"https:\/\/tay-sir.com\/produit\/taurus-bapi-1200-inox\/#breadcrumb\"},\"inLanguage\":\"ar\",\"potentialAction\":[{\"@type\":\"ReadAction\",\"target\":[\"https:\/\/tay-sir.com\/produit\/taurus-bapi-1200-inox\/\"]}]},{\"@type\":\"ImageObject\",\"inLanguage\":\"ar\",\"@id\":\"https:\/\/tay-sir.com\/produit\/taurus-bapi-1200-inox\/#primaryimage\",\"url\":\"https:\/\/tay-sir.com\/wp-content\/uploads\/2024\/08\/document_service_17143232_1395_5_1859749941.jpg\",\"contentUrl\":\"https:\/\/tay-sir.com\/wp-content\/uploads\/2024\/08\/document_service_17143232_1395_5_1859749941.jpg\",\"width\":500,\"height\":500},{\"@type\":\"BreadcrumbList\",\"@id\":\"https:\/\/tay-sir.com\/produit\/taurus-bapi-1200-inox\/#breadcrumb\",\"itemListElement\":[{\"@type\":\"ListItem\",\"position\":1,\"name\":\"Home\",\"item\":\"https:\/\/tay-sir.com\/ar\/\"},{\"@type\":\"ListItem\",\"position\":2,\"name\":\"Boutique\",\"item\":\"https:\/\/tay-sir.com\/boutique\/\"},{\"@type\":\"ListItem\",\"position\":3,\"name\":\"Taurus BAPI 1200 INOX\"}]},{\"@type\":\"WebSite\",\"@id\":\"https:\/\/tay-sir.com\/ar\/#website\",\"url\":\"https:\/\/tay-sir.com\/ar\/\",\"name\":\"TAY-SIR.com\",\"description\":\"plateforme e-commerce avec financement islamique digital en ligne\",\"publisher\":{\"@id\":\"https:\/\/tay-sir.com\/ar\/#organization\"},\"potentialAction\":[{\"@type\":\"SearchAction\",\"target\":{\"@type\":\"EntryPoint\",\"urlTemplate\":\"https:\/\/tay-sir.com\/ar\/?s={search_term_string}\"},\"query-input\":{\"@type\":\"PropertyValueSpecification\",\"valueRequired\":true,\"valueName\":\"search_term_string\"}}],\"inLanguage\":\"ar\"},{\"@type\":\"Organization\",\"@id\":\"https:\/\/tay-sir.com\/ar\/#organization\",\"name\":\"Taysir\",\"url\":\"https:\/\/tay-sir.com\/ar\/\",\"logo\":{\"@type\":\"ImageObject\",\"inLanguage\":\"ar\",\"@id\":\"https:\/\/tay-sir.com\/ar\/#\/schema\/logo\/image\/\",\"url\":\"https:\/\/tay-sir.com\/wp-content\/uploads\/2024\/10\/profil.jpg\",\"contentUrl\":\"https:\/\/tay-sir.com\/wp-content\/uploads\/2024\/10\/profil.jpg\",\"width\":1024,\"height\":1024,\"caption\":\"Taysir\"},\"image\":{\"@id\":\"https:\/\/tay-sir.com\/ar\/#\/schema\/logo\/image\/\"},\"sameAs\":[\"https:\/\/www.facebook.com\/profile.php?id=61566201523117\",\"https:\/\/www.tiktok.com\/@taysir31000?fbclid=IwY2xjawFor1xleHRuA2FlbQIxMAABHQqa6Ko0Z_QFAZb-7Bltxo0G0y0YuIXxVxPenEAWDkGyOgZp7D3Bq1oJAA_aem_TiTB-X9kxzhzORQbwqQiYw\",\"https:\/\/www.instagram.com\/taysirfacilite\/\"]}]}<\/script>\n<!-- \/ Yoast SEO plugin. -->","yoast_head_json":{"title":"Taurus BAPI 1200 INOX - Maslak","robots":{"index":"index","follow":"follow","max-snippet":"max-snippet:-1","max-image-preview":"max-image-preview:large","max-video-preview":"max-video-preview:-1"},"canonical":"https:\/\/tay-sir.com\/ar\/product\/taurus-bapi-1200-inox\/","og_locale":"ar_AR","og_type":"article","og_title":"Taurus BAPI 1200 INOX - Maslak","og_description":"Marque TAURUS Couleur Multicolore Caract\u00e9ristique sp\u00e9ciale Comprend un ensemble complet d&rsquo;accessoires, D\u00e9montable, Pied d\u00e9montable et accessoires lavables au lave-vaisselle, 20","og_url":"https:\/\/tay-sir.com\/ar\/product\/taurus-bapi-1200-inox\/","og_site_name":"Maslak","article_publisher":"https:\/\/www.facebook.com\/profile.php?id=61566201523117","article_modified_time":"2024-10-26T11:07:55+00:00","og_image":[{"width":500,"height":500,"url":"https:\/\/tay-sir.com\/wp-content\/uploads\/2024\/08\/document_service_17143232_1395_5_1859749941.jpg","type":"image\/jpeg"}],"twitter_card":"summary_large_image","twitter_misc":{"\u0648\u0642\u062a \u0627\u0644\u0642\u0631\u0627\u0621\u0629 \u0627\u0644\u0645\u064f\u0642\u062f\u0651\u0631":"\u062f\u0642\u064a\u0642\u0629 \u0648\u0627\u062d\u062f\u0629"},"schema":{"@context":"https:\/\/schema.org","@graph":[{"@type":"WebPage","@id":"https:\/\/tay-sir.com\/produit\/taurus-bapi-1200-inox\/","url":"https:\/\/tay-sir.com\/produit\/taurus-bapi-1200-inox\/","name":"Taurus BAPI 1200 INOX - Maslak","isPartOf":{"@id":"https:\/\/tay-sir.com\/ar\/#website"},"primaryImageOfPage":{"@id":"https:\/\/tay-sir.com\/produit\/taurus-bapi-1200-inox\/#primaryimage"},"image":{"@id":"https:\/\/tay-sir.com\/produit\/taurus-bapi-1200-inox\/#primaryimage"},"thumbnailUrl":"https:\/\/tay-sir.com\/wp-content\/uploads\/2024\/08\/document_service_17143232_1395_5_1859749941.jpg","datePublished":"2024-08-19T12:27:17+00:00","dateModified":"2024-10-26T11:07:55+00:00","breadcrumb":{"@id":"https:\/\/tay-sir.com\/produit\/taurus-bapi-1200-inox\/#breadcrumb"},"inLanguage":"ar","potentialAction":[{"@type":"ReadAction","target":["https:\/\/tay-sir.com\/produit\/taurus-bapi-1200-inox\/"]}]},{"@type":"ImageObject","inLanguage":"ar","@id":"https:\/\/tay-sir.com\/produit\/taurus-bapi-1200-inox\/#primaryimage","url":"https:\/\/tay-sir.com\/wp-content\/uploads\/2024\/08\/document_service_17143232_1395_5_1859749941.jpg","contentUrl":"https:\/\/tay-sir.com\/wp-content\/uploads\/2024\/08\/document_service_17143232_1395_5_1859749941.jpg","width":500,"height":500},{"@type":"BreadcrumbList","@id":"https:\/\/tay-sir.com\/produit\/taurus-bapi-1200-inox\/#breadcrumb","itemListElement":[{"@type":"ListItem","position":1,"name":"Home","item":"https:\/\/tay-sir.com\/ar\/"},{"@type":"ListItem","position":2,"name":"Boutique","item":"https:\/\/tay-sir.com\/boutique\/"},{"@type":"ListItem","position":3,"name":"Taurus BAPI 1200 INOX"}]},{"@type":"WebSite","@id":"https:\/\/tay-sir.com\/ar\/#website","url":"https:\/\/tay-sir.com\/ar\/","name":"TAY-SIR.com","description":"plateforme e-commerce avec financement islamique digital en ligne","publisher":{"@id":"https:\/\/tay-sir.com\/ar\/#organization"},"potentialAction":[{"@type":"SearchAction","target":{"@type":"EntryPoint","urlTemplate":"https:\/\/tay-sir.com\/ar\/?s={search_term_string}"},"query-input":{"@type":"PropertyValueSpecification","valueRequired":true,"valueName":"search_term_string"}}],"inLanguage":"ar"},{"@type":"Organization","@id":"https:\/\/tay-sir.com\/ar\/#organization","name":"Taysir","url":"https:\/\/tay-sir.com\/ar\/","logo":{"@type":"ImageObject","inLanguage":"ar","@id":"https:\/\/tay-sir.com\/ar\/#\/schema\/logo\/image\/","url":"https:\/\/tay-sir.com\/wp-content\/uploads\/2024\/10\/profil.jpg","contentUrl":"https:\/\/tay-sir.com\/wp-content\/uploads\/2024\/10\/profil.jpg","width":1024,"height":1024,"caption":"Taysir"},"image":{"@id":"https:\/\/tay-sir.com\/ar\/#\/schema\/logo\/image\/"},"sameAs":["https:\/\/www.facebook.com\/profile.php?id=61566201523117","https:\/\/www.tiktok.com\/@taysir31000?fbclid=IwY2xjawFor1xleHRuA2FlbQIxMAABHQqa6Ko0Z_QFAZb-7Bltxo0G0y0YuIXxVxPenEAWDkGyOgZp7D3Bq1oJAA_aem_TiTB-X9kxzhzORQbwqQiYw","https:\/\/www.instagram.com\/taysirfacilite\/"]}]}},"_links":{"self":[{"href":"https:\/\/tay-sir.com\/ar\/wp-json\/wp\/v2\/product\/28834","targetHints":{"allow":["GET"]}}],"collection":[{"href":"https:\/\/tay-sir.com\/ar\/wp-json\/wp\/v2\/product"}],"about":[{"href":"https:\/\/tay-sir.com\/ar\/wp-json\/wp\/v2\/types\/product"}],"replies":[{"embeddable":true,"href":"https:\/\/tay-sir.com\/ar\/wp-json\/wp\/v2\/comments?post=28834"}],"version-history":[{"count":2,"href":"https:\/\/tay-sir.com\/ar\/wp-json\/wp\/v2\/product\/28834\/revisions"}],"predecessor-version":[{"id":30097,"href":"https:\/\/tay-sir.com\/ar\/wp-json\/wp\/v2\/product\/28834\/revisions\/30097"}],"wp:featuredmedia":[{"embeddable":true,"href":"https:\/\/tay-sir.com\/ar\/wp-json\/wp\/v2\/media\/28833"}],"wp:attachment":[{"href":"https:\/\/tay-sir.com\/ar\/wp-json\/wp\/v2\/media?parent=28834"}],"wp:term":[{"taxonomy":"product_brand","embeddable":true,"href":"https:\/\/tay-sir.com\/ar\/wp-json\/wp\/v2\/product_brand?post=28834"},{"taxonomy":"product_cat","embeddable":true,"href":"https:\/\/tay-sir.com\/ar\/wp-json\/wp\/v2\/product_cat?post=28834"},{"taxonomy":"product_tag","embeddable":true,"href":"https:\/\/tay-sir.com\/ar\/wp-json\/wp\/v2\/product_tag?post=28834"}],"curies":[{"name":"wp","href":"https:\/\/api.w.org\/{rel}","templated":true}]}}