{"id":28929,"date":"2024-08-19T16:02:19","date_gmt":"2024-08-19T15:02:19","guid":{"rendered":"https:\/\/tay-sir.com\/produit\/kitchenaid-5ksb1350eer\/"},"modified":"2024-10-23T15:38:20","modified_gmt":"2024-10-23T14:38:20","slug":"kitchenaid-5ksb1350eer","status":"publish","type":"product","link":"https:\/\/tay-sir.com\/ar\/product\/kitchenaid-5ksb1350eer\/","title":{"rendered":"kitchenaid 5KSB1350EER"},"content":{"rendered":"<p>Blender avec presse-agrumes 5KSB1350EER de KitchenAid dot\u00e9 d&rsquo;une molette \u00e0 3 vitesses variables, comprenant un programme de recette pr\u00e9d\u00e9fini pour piler de la glace et une fonction Impulsion. Pour piler de la glace en moins de 10 secondes. Pour un mixage parfait, quels que soient les ingr\u00e9dients. Syst\u00e8me de m\u00e9lange en 3 parties con\u00e7u par des experts de la marque KitchenAid : moteur d&rsquo;une puissance de cr\u00eate de 0,9 ch (avec IntelliSpeed), lame asym\u00e9trique unique et bol stri\u00e9. Ces 3 parties fonctionnent en harmonie pour piler facilement la glace gr\u00e2ce \u00e0 un puissant tourbillon. Moteur adaptatif et commande moteur IntelliSpeed D\u00e9tecte le contenu et maintient une vitesse optimale, quels que soient les ingr\u00e9dients. Lame asym\u00e9trique unique en acier inoxydable, aiguis\u00e9e et con\u00e7ue avec des angles pr\u00e9cis M\u00e9lange sous 4 angles distincts pour entra\u00eener les ingr\u00e9dients vers le centre afin de mixer m\u00eame les plus r\u00e9sistants d&rsquo;entre eux. Bol gradu\u00e9 stri\u00e9 en plastique sans BPA de 1,4 L. Rabat le contenu sur les lames pour cr\u00e9er un puissant tourbillon afin de s&rsquo;attaquer facilement aux ingr\u00e9dients les plus r\u00e9sistants. Nouveau design de blender de 1,4 L disponible dans des coloris tendance. Pour s&rsquo;accorder \u00e0 la personnalit\u00e9 et \u00e0 la cuisine de chacun. Presse-agrumes avec r\u00e9cipient de 1 L. Pour pr\u00e9parer des jus d&rsquo;agrumes frais en quelques secondes : Parfait pour les sauces et bien plus encore. Facile \u00e0 utiliser. D\u00e9couvrez encore plus de possibilit\u00e9s avec les accessoires en option du blender : gourde nomade de 500 mL, bol petites quantit\u00e9s de 200 mL et presse-agrumes de 1 L Pour encore plus de saveurs. &#8211; Type de produit : Blender + presse-agrumes.<\/p>\n<p>Caract\u00e9ristiques :<br \/>\nPuissance : 650 W.<br \/>\nPuissance nominale Moteur d&rsquo;une puissance de cr\u00eate de : 0,9 ch.<br \/>\nTension : 220 &#8211; 240 V.<br \/>\nFr\u00e9quence : 50\/60 Hz.<br \/>\nVitesses : 3 vitesses variables, programme de recette pr\u00e9d\u00e9fini \u00ab Glace pil\u00e9e \u00bb \/ fonction Impulsion.<br \/>\nVitesse faible : 4000.<br \/>\nVitesse moyenne : 7800.<br \/>\nVitesse \u00e9lev\u00e9e : 11500.<br \/>\nImpulsion : 6000.<br \/>\nCapacit\u00e9 du r\u00e9cipient capacit\u00e9 de fonctionnement : 1,4 L.<br \/>\nDesign du bol : Bol carr\u00e9 monobloc.<br \/>\nMat\u00e9riau du corps de l&rsquo;appareil : Plastique.<br \/>\nMat\u00e9riau du coupleur : M\u00e9tal.<br \/>\nLongueur du cordon : 91 cm.<br \/>\nSyst\u00e8me d&rsquo;enroulement du cordon sous la base.<br \/>\nColoris : Rouge empire.<br \/>\nDimensions du produit H \u00d7 L \u00d7 P : 37,6 \u00d7 18,03 \u00d7 21,59 cm.<br \/>\nPoids net : 3,17 kg.<\/p>","protected":false},"excerpt":{"rendered":"<p>Blender avec presse-agrumes 5KSB1350EER de KitchenAid dot\u00e9 d&rsquo;une molette \u00e0 3 vitesses variables, comprenant un programme de recette pr\u00e9d\u00e9fini pour<\/p>","protected":false},"featured_media":28928,"comment_status":"open","ping_status":"closed","template":"","meta":[],"product_brand":[],"product_cat":[17,220],"product_tag":[],"class_list":{"0":"post-28929","1":"product","2":"type-product","3":"status-publish","4":"has-post-thumbnail","6":"product_cat-electro-menager","7":"product_cat-blender","9":"first","10":"instock","11":"shipping-taxable","12":"purchasable","13":"product-type-variable"},"yoast_head":"<!-- This site is optimized with the Yoast SEO plugin v24.9 - https:\/\/yoast.com\/wordpress\/plugins\/seo\/ -->\n<title>kitchenaid 5KSB1350EER - Maslak<\/title>\n<meta name=\"robots\" content=\"index, follow, max-snippet:-1, max-image-preview:large, max-video-preview:-1\" \/>\n<link rel=\"canonical\" href=\"https:\/\/tay-sir.com\/ar\/product\/kitchenaid-5ksb1350eer\/\" \/>\n<meta property=\"og:locale\" content=\"ar_AR\" \/>\n<meta property=\"og:type\" content=\"article\" \/>\n<meta property=\"og:title\" content=\"kitchenaid 5KSB1350EER - Maslak\" \/>\n<meta property=\"og:description\" content=\"Blender avec presse-agrumes 5KSB1350EER de KitchenAid dot\u00e9 d&rsquo;une molette \u00e0 3 vitesses variables, comprenant un programme de recette pr\u00e9d\u00e9fini pour\" \/>\n<meta property=\"og:url\" content=\"https:\/\/tay-sir.com\/ar\/product\/kitchenaid-5ksb1350eer\/\" \/>\n<meta property=\"og:site_name\" content=\"Maslak\" \/>\n<meta property=\"article:publisher\" content=\"https:\/\/www.facebook.com\/profile.php?id=61566201523117\" \/>\n<meta property=\"article:modified_time\" content=\"2024-10-23T14:38:20+00:00\" \/>\n<meta property=\"og:image\" content=\"https:\/\/tay-sir.com\/wp-content\/uploads\/2024\/08\/document_service_18022850_1395_5_1307648761.jpg\" \/>\n\t<meta property=\"og:image:width\" content=\"500\" \/>\n\t<meta property=\"og:image:height\" content=\"500\" \/>\n\t<meta property=\"og:image:type\" content=\"image\/jpeg\" \/>\n<meta name=\"twitter:card\" content=\"summary_large_image\" \/>\n<meta name=\"twitter:label1\" content=\"\u0648\u0642\u062a \u0627\u0644\u0642\u0631\u0627\u0621\u0629 \u0627\u0644\u0645\u064f\u0642\u062f\u0651\u0631\" \/>\n\t<meta name=\"twitter:data1\" content=\"\u062f\u0642\u064a\u0642\u062a\u0627\u0646\" \/>\n<script type=\"application\/ld+json\" class=\"yoast-schema-graph\">{\"@context\":\"https:\/\/schema.org\",\"@graph\":[{\"@type\":\"WebPage\",\"@id\":\"https:\/\/tay-sir.com\/produit\/kitchenaid-5ksb1350eer\/\",\"url\":\"https:\/\/tay-sir.com\/produit\/kitchenaid-5ksb1350eer\/\",\"name\":\"kitchenaid 5KSB1350EER - Maslak\",\"isPartOf\":{\"@id\":\"https:\/\/tay-sir.com\/ar\/#website\"},\"primaryImageOfPage\":{\"@id\":\"https:\/\/tay-sir.com\/produit\/kitchenaid-5ksb1350eer\/#primaryimage\"},\"image\":{\"@id\":\"https:\/\/tay-sir.com\/produit\/kitchenaid-5ksb1350eer\/#primaryimage\"},\"thumbnailUrl\":\"https:\/\/tay-sir.com\/wp-content\/uploads\/2024\/08\/document_service_18022850_1395_5_1307648761.jpg\",\"datePublished\":\"2024-08-19T15:02:19+00:00\",\"dateModified\":\"2024-10-23T14:38:20+00:00\",\"breadcrumb\":{\"@id\":\"https:\/\/tay-sir.com\/produit\/kitchenaid-5ksb1350eer\/#breadcrumb\"},\"inLanguage\":\"ar\",\"potentialAction\":[{\"@type\":\"ReadAction\",\"target\":[\"https:\/\/tay-sir.com\/produit\/kitchenaid-5ksb1350eer\/\"]}]},{\"@type\":\"ImageObject\",\"inLanguage\":\"ar\",\"@id\":\"https:\/\/tay-sir.com\/produit\/kitchenaid-5ksb1350eer\/#primaryimage\",\"url\":\"https:\/\/tay-sir.com\/wp-content\/uploads\/2024\/08\/document_service_18022850_1395_5_1307648761.jpg\",\"contentUrl\":\"https:\/\/tay-sir.com\/wp-content\/uploads\/2024\/08\/document_service_18022850_1395_5_1307648761.jpg\",\"width\":500,\"height\":500},{\"@type\":\"BreadcrumbList\",\"@id\":\"https:\/\/tay-sir.com\/produit\/kitchenaid-5ksb1350eer\/#breadcrumb\",\"itemListElement\":[{\"@type\":\"ListItem\",\"position\":1,\"name\":\"Home\",\"item\":\"https:\/\/tay-sir.com\/ar\/\"},{\"@type\":\"ListItem\",\"position\":2,\"name\":\"Boutique\",\"item\":\"https:\/\/tay-sir.com\/boutique\/\"},{\"@type\":\"ListItem\",\"position\":3,\"name\":\"kitchenaid 5KSB1350EER\"}]},{\"@type\":\"WebSite\",\"@id\":\"https:\/\/tay-sir.com\/ar\/#website\",\"url\":\"https:\/\/tay-sir.com\/ar\/\",\"name\":\"TAY-SIR.com\",\"description\":\"plateforme e-commerce avec financement islamique digital en ligne\",\"publisher\":{\"@id\":\"https:\/\/tay-sir.com\/ar\/#organization\"},\"potentialAction\":[{\"@type\":\"SearchAction\",\"target\":{\"@type\":\"EntryPoint\",\"urlTemplate\":\"https:\/\/tay-sir.com\/ar\/?s={search_term_string}\"},\"query-input\":{\"@type\":\"PropertyValueSpecification\",\"valueRequired\":true,\"valueName\":\"search_term_string\"}}],\"inLanguage\":\"ar\"},{\"@type\":\"Organization\",\"@id\":\"https:\/\/tay-sir.com\/ar\/#organization\",\"name\":\"Taysir\",\"url\":\"https:\/\/tay-sir.com\/ar\/\",\"logo\":{\"@type\":\"ImageObject\",\"inLanguage\":\"ar\",\"@id\":\"https:\/\/tay-sir.com\/ar\/#\/schema\/logo\/image\/\",\"url\":\"https:\/\/tay-sir.com\/wp-content\/uploads\/2024\/10\/profil.jpg\",\"contentUrl\":\"https:\/\/tay-sir.com\/wp-content\/uploads\/2024\/10\/profil.jpg\",\"width\":1024,\"height\":1024,\"caption\":\"Taysir\"},\"image\":{\"@id\":\"https:\/\/tay-sir.com\/ar\/#\/schema\/logo\/image\/\"},\"sameAs\":[\"https:\/\/www.facebook.com\/profile.php?id=61566201523117\",\"https:\/\/www.tiktok.com\/@taysir31000?fbclid=IwY2xjawFor1xleHRuA2FlbQIxMAABHQqa6Ko0Z_QFAZb-7Bltxo0G0y0YuIXxVxPenEAWDkGyOgZp7D3Bq1oJAA_aem_TiTB-X9kxzhzORQbwqQiYw\",\"https:\/\/www.instagram.com\/taysirfacilite\/\"]}]}<\/script>\n<!-- \/ Yoast SEO plugin. -->","yoast_head_json":{"title":"kitchenaid 5KSB1350EER - Maslak","robots":{"index":"index","follow":"follow","max-snippet":"max-snippet:-1","max-image-preview":"max-image-preview:large","max-video-preview":"max-video-preview:-1"},"canonical":"https:\/\/tay-sir.com\/ar\/product\/kitchenaid-5ksb1350eer\/","og_locale":"ar_AR","og_type":"article","og_title":"kitchenaid 5KSB1350EER - Maslak","og_description":"Blender avec presse-agrumes 5KSB1350EER de KitchenAid dot\u00e9 d&rsquo;une molette \u00e0 3 vitesses variables, comprenant un programme de recette pr\u00e9d\u00e9fini pour","og_url":"https:\/\/tay-sir.com\/ar\/product\/kitchenaid-5ksb1350eer\/","og_site_name":"Maslak","article_publisher":"https:\/\/www.facebook.com\/profile.php?id=61566201523117","article_modified_time":"2024-10-23T14:38:20+00:00","og_image":[{"width":500,"height":500,"url":"https:\/\/tay-sir.com\/wp-content\/uploads\/2024\/08\/document_service_18022850_1395_5_1307648761.jpg","type":"image\/jpeg"}],"twitter_card":"summary_large_image","twitter_misc":{"\u0648\u0642\u062a \u0627\u0644\u0642\u0631\u0627\u0621\u0629 \u0627\u0644\u0645\u064f\u0642\u062f\u0651\u0631":"\u062f\u0642\u064a\u0642\u062a\u0627\u0646"},"schema":{"@context":"https:\/\/schema.org","@graph":[{"@type":"WebPage","@id":"https:\/\/tay-sir.com\/produit\/kitchenaid-5ksb1350eer\/","url":"https:\/\/tay-sir.com\/produit\/kitchenaid-5ksb1350eer\/","name":"kitchenaid 5KSB1350EER - Maslak","isPartOf":{"@id":"https:\/\/tay-sir.com\/ar\/#website"},"primaryImageOfPage":{"@id":"https:\/\/tay-sir.com\/produit\/kitchenaid-5ksb1350eer\/#primaryimage"},"image":{"@id":"https:\/\/tay-sir.com\/produit\/kitchenaid-5ksb1350eer\/#primaryimage"},"thumbnailUrl":"https:\/\/tay-sir.com\/wp-content\/uploads\/2024\/08\/document_service_18022850_1395_5_1307648761.jpg","datePublished":"2024-08-19T15:02:19+00:00","dateModified":"2024-10-23T14:38:20+00:00","breadcrumb":{"@id":"https:\/\/tay-sir.com\/produit\/kitchenaid-5ksb1350eer\/#breadcrumb"},"inLanguage":"ar","potentialAction":[{"@type":"ReadAction","target":["https:\/\/tay-sir.com\/produit\/kitchenaid-5ksb1350eer\/"]}]},{"@type":"ImageObject","inLanguage":"ar","@id":"https:\/\/tay-sir.com\/produit\/kitchenaid-5ksb1350eer\/#primaryimage","url":"https:\/\/tay-sir.com\/wp-content\/uploads\/2024\/08\/document_service_18022850_1395_5_1307648761.jpg","contentUrl":"https:\/\/tay-sir.com\/wp-content\/uploads\/2024\/08\/document_service_18022850_1395_5_1307648761.jpg","width":500,"height":500},{"@type":"BreadcrumbList","@id":"https:\/\/tay-sir.com\/produit\/kitchenaid-5ksb1350eer\/#breadcrumb","itemListElement":[{"@type":"ListItem","position":1,"name":"Home","item":"https:\/\/tay-sir.com\/ar\/"},{"@type":"ListItem","position":2,"name":"Boutique","item":"https:\/\/tay-sir.com\/boutique\/"},{"@type":"ListItem","position":3,"name":"kitchenaid 5KSB1350EER"}]},{"@type":"WebSite","@id":"https:\/\/tay-sir.com\/ar\/#website","url":"https:\/\/tay-sir.com\/ar\/","name":"TAY-SIR.com","description":"plateforme e-commerce avec financement islamique digital en ligne","publisher":{"@id":"https:\/\/tay-sir.com\/ar\/#organization"},"potentialAction":[{"@type":"SearchAction","target":{"@type":"EntryPoint","urlTemplate":"https:\/\/tay-sir.com\/ar\/?s={search_term_string}"},"query-input":{"@type":"PropertyValueSpecification","valueRequired":true,"valueName":"search_term_string"}}],"inLanguage":"ar"},{"@type":"Organization","@id":"https:\/\/tay-sir.com\/ar\/#organization","name":"Taysir","url":"https:\/\/tay-sir.com\/ar\/","logo":{"@type":"ImageObject","inLanguage":"ar","@id":"https:\/\/tay-sir.com\/ar\/#\/schema\/logo\/image\/","url":"https:\/\/tay-sir.com\/wp-content\/uploads\/2024\/10\/profil.jpg","contentUrl":"https:\/\/tay-sir.com\/wp-content\/uploads\/2024\/10\/profil.jpg","width":1024,"height":1024,"caption":"Taysir"},"image":{"@id":"https:\/\/tay-sir.com\/ar\/#\/schema\/logo\/image\/"},"sameAs":["https:\/\/www.facebook.com\/profile.php?id=61566201523117","https:\/\/www.tiktok.com\/@taysir31000?fbclid=IwY2xjawFor1xleHRuA2FlbQIxMAABHQqa6Ko0Z_QFAZb-7Bltxo0G0y0YuIXxVxPenEAWDkGyOgZp7D3Bq1oJAA_aem_TiTB-X9kxzhzORQbwqQiYw","https:\/\/www.instagram.com\/taysirfacilite\/"]}]}},"_links":{"self":[{"href":"https:\/\/tay-sir.com\/ar\/wp-json\/wp\/v2\/product\/28929","targetHints":{"allow":["GET"]}}],"collection":[{"href":"https:\/\/tay-sir.com\/ar\/wp-json\/wp\/v2\/product"}],"about":[{"href":"https:\/\/tay-sir.com\/ar\/wp-json\/wp\/v2\/types\/product"}],"replies":[{"embeddable":true,"href":"https:\/\/tay-sir.com\/ar\/wp-json\/wp\/v2\/comments?post=28929"}],"version-history":[{"count":2,"href":"https:\/\/tay-sir.com\/ar\/wp-json\/wp\/v2\/product\/28929\/revisions"}],"predecessor-version":[{"id":30091,"href":"https:\/\/tay-sir.com\/ar\/wp-json\/wp\/v2\/product\/28929\/revisions\/30091"}],"wp:featuredmedia":[{"embeddable":true,"href":"https:\/\/tay-sir.com\/ar\/wp-json\/wp\/v2\/media\/28928"}],"wp:attachment":[{"href":"https:\/\/tay-sir.com\/ar\/wp-json\/wp\/v2\/media?parent=28929"}],"wp:term":[{"taxonomy":"product_brand","embeddable":true,"href":"https:\/\/tay-sir.com\/ar\/wp-json\/wp\/v2\/product_brand?post=28929"},{"taxonomy":"product_cat","embeddable":true,"href":"https:\/\/tay-sir.com\/ar\/wp-json\/wp\/v2\/product_cat?post=28929"},{"taxonomy":"product_tag","embeddable":true,"href":"https:\/\/tay-sir.com\/ar\/wp-json\/wp\/v2\/product_tag?post=28929"}],"curies":[{"name":"wp","href":"https:\/\/api.w.org\/{rel}","templated":true}]}}