{"id":28931,"date":"2024-08-19T16:02:20","date_gmt":"2024-08-19T15:02:20","guid":{"rendered":"https:\/\/tay-sir.com\/produit\/kitchenaid-5ksb1325eob\/"},"modified":"2024-10-23T15:35:54","modified_gmt":"2024-10-23T14:35:54","slug":"kitchenaid-5ksb1325eob","status":"publish","type":"product","link":"https:\/\/tay-sir.com\/ar\/product\/kitchenaid-5ksb1325eob\/","title":{"rendered":"kitchenaid 5KSB1325EOB"},"content":{"rendered":"<p>Performances du blender<br \/>\nBlender professionnel : Non<br \/>\nPuissance moteur (en watt) : 650 W<br \/>\nNombre de tours minutes maxi : 11.500 tr\/mn<br \/>\nNombre de vitesse : 3<br \/>\nVitesse automatique : Non<br \/>\nD\u00e9marrage lent : Oui<br \/>\nFonction Pulse : Oui<br \/>\nMati\u00e8re du corps : Plastique<br \/>\nCouleur : Noir Brillant<br \/>\nVariateur de vitesses : Oui<br \/>\nBol et lames<br \/>\nCapacit\u00e9 totale : 1,40 L<br \/>\nCapacit\u00e9 de pr\u00e9paration : 1,40 L<br \/>\nA ne pas confondre : la capacit\u00e9 totale correspond au volume total du r\u00e9cipient, tandis que la capacit\u00e9 utile correspond \u00e0 la quantit\u00e9 maximale d&rsquo;aliments pouvant \u00eatre mis dans l&rsquo;appareil<br \/>\nMati\u00e8re du bol : Tritan\u00ae<br \/>\nBol avec poign\u00e9e : Oui<br \/>\nBec verseur : Oui<br \/>\nRobinet verseur : Non<br \/>\nBol gradu\u00e9 : Oui<br \/>\nPoids du bol : 1,00 Kg<br \/>\nNombre de lames : 2<br \/>\nMati\u00e8re des lames : Acier inoxydable<br \/>\nPr\u00e9parations froides<br \/>\nPr\u00e9paration v\u00e9g\u00e9tale : Oui<br \/>\nConfort d&rsquo;utilisation<br \/>\nMinuterie : Non<br \/>\nMaintien au chaud : Non<br \/>\nFonction pause : Non<br \/>\nSans fil : Non<br \/>\nLongueur du cordon (en m\u00e8tres) : 0.91<br \/>\nNettoyage et s\u00e9curit\u00e9<br \/>\nFonction nettoyage : Non<br \/>\nEl\u00e9ments compatibles lave-vaisselle : Bol et lames<br \/>\nLames amovibles : Non<br \/>\nSyst\u00e8me de verrouillage : Le blender d\u00e9marre uniquement quand le bol est verrouill\u00e9<br \/>\nSans Bisph\u00e9nol A : Oui<br \/>\nDimensions<br \/>\nDimensions l x h x p : 18.03 x 37.6 x 21.59 cm<br \/>\nPoids Net : 3,17 Kg<br \/>\nInformations compl\u00e9mentaires<br \/>\nFabriqu\u00e9 en : Etats-Unis<br \/>\nGarantie : 2 ans<br \/>\nDisponibilit\u00e9 des pi\u00e8ces d\u00e9tach\u00e9es (donn\u00e9es fournisseur) : Pendant 10 ans, \u00e0 compter de la date d&rsquo;achat<br \/>\nR\u00e9f\u00e9rence constructeur : K150 Noir Onyx 5KSB1325EOB<br \/>\nMarque : KITCHENAID<\/p>","protected":false},"excerpt":{"rendered":"<p>Performances du blender Blender professionnel : Non Puissance moteur (en watt) : 650 W Nombre de tours minutes maxi :<\/p>","protected":false},"featured_media":28930,"comment_status":"open","ping_status":"closed","template":"","meta":[],"product_brand":[],"product_cat":[17,220],"product_tag":[],"class_list":{"0":"post-28931","1":"product","2":"type-product","3":"status-publish","4":"has-post-thumbnail","6":"product_cat-electro-menager","7":"product_cat-blender","9":"first","10":"instock","11":"shipping-taxable","12":"purchasable","13":"product-type-variable"},"yoast_head":"<!-- This site is optimized with the Yoast SEO plugin v24.9 - https:\/\/yoast.com\/wordpress\/plugins\/seo\/ -->\n<title>kitchenaid 5KSB1325EOB - Maslak<\/title>\n<meta name=\"robots\" content=\"index, follow, max-snippet:-1, max-image-preview:large, max-video-preview:-1\" \/>\n<link rel=\"canonical\" href=\"https:\/\/tay-sir.com\/ar\/product\/kitchenaid-5ksb1325eob\/\" \/>\n<meta property=\"og:locale\" content=\"ar_AR\" \/>\n<meta property=\"og:type\" content=\"article\" \/>\n<meta property=\"og:title\" content=\"kitchenaid 5KSB1325EOB - Maslak\" \/>\n<meta property=\"og:description\" content=\"Performances du blender Blender professionnel : Non Puissance moteur (en watt) : 650 W Nombre de tours minutes maxi :\" \/>\n<meta property=\"og:url\" content=\"https:\/\/tay-sir.com\/ar\/product\/kitchenaid-5ksb1325eob\/\" \/>\n<meta property=\"og:site_name\" content=\"Maslak\" \/>\n<meta property=\"article:publisher\" content=\"https:\/\/www.facebook.com\/profile.php?id=61566201523117\" \/>\n<meta property=\"article:modified_time\" content=\"2024-10-23T14:35:54+00:00\" \/>\n<meta property=\"og:image\" content=\"https:\/\/tay-sir.com\/wp-content\/uploads\/2024\/08\/document_service_18022803_1395_5_968386577.jpg\" \/>\n\t<meta property=\"og:image:width\" content=\"500\" \/>\n\t<meta property=\"og:image:height\" content=\"500\" \/>\n\t<meta property=\"og:image:type\" content=\"image\/jpeg\" \/>\n<meta name=\"twitter:card\" content=\"summary_large_image\" \/>\n<meta name=\"twitter:label1\" content=\"\u0648\u0642\u062a \u0627\u0644\u0642\u0631\u0627\u0621\u0629 \u0627\u0644\u0645\u064f\u0642\u062f\u0651\u0631\" \/>\n\t<meta name=\"twitter:data1\" content=\"\u062f\u0642\u064a\u0642\u0629 \u0648\u0627\u062d\u062f\u0629\" \/>\n<script type=\"application\/ld+json\" class=\"yoast-schema-graph\">{\"@context\":\"https:\/\/schema.org\",\"@graph\":[{\"@type\":\"WebPage\",\"@id\":\"https:\/\/tay-sir.com\/produit\/kitchenaid-5ksb1325eob\/\",\"url\":\"https:\/\/tay-sir.com\/produit\/kitchenaid-5ksb1325eob\/\",\"name\":\"kitchenaid 5KSB1325EOB - Maslak\",\"isPartOf\":{\"@id\":\"https:\/\/tay-sir.com\/ar\/#website\"},\"primaryImageOfPage\":{\"@id\":\"https:\/\/tay-sir.com\/produit\/kitchenaid-5ksb1325eob\/#primaryimage\"},\"image\":{\"@id\":\"https:\/\/tay-sir.com\/produit\/kitchenaid-5ksb1325eob\/#primaryimage\"},\"thumbnailUrl\":\"https:\/\/tay-sir.com\/wp-content\/uploads\/2024\/08\/document_service_18022803_1395_5_968386577.jpg\",\"datePublished\":\"2024-08-19T15:02:20+00:00\",\"dateModified\":\"2024-10-23T14:35:54+00:00\",\"breadcrumb\":{\"@id\":\"https:\/\/tay-sir.com\/produit\/kitchenaid-5ksb1325eob\/#breadcrumb\"},\"inLanguage\":\"ar\",\"potentialAction\":[{\"@type\":\"ReadAction\",\"target\":[\"https:\/\/tay-sir.com\/produit\/kitchenaid-5ksb1325eob\/\"]}]},{\"@type\":\"ImageObject\",\"inLanguage\":\"ar\",\"@id\":\"https:\/\/tay-sir.com\/produit\/kitchenaid-5ksb1325eob\/#primaryimage\",\"url\":\"https:\/\/tay-sir.com\/wp-content\/uploads\/2024\/08\/document_service_18022803_1395_5_968386577.jpg\",\"contentUrl\":\"https:\/\/tay-sir.com\/wp-content\/uploads\/2024\/08\/document_service_18022803_1395_5_968386577.jpg\",\"width\":500,\"height\":500},{\"@type\":\"BreadcrumbList\",\"@id\":\"https:\/\/tay-sir.com\/produit\/kitchenaid-5ksb1325eob\/#breadcrumb\",\"itemListElement\":[{\"@type\":\"ListItem\",\"position\":1,\"name\":\"Home\",\"item\":\"https:\/\/tay-sir.com\/ar\/\"},{\"@type\":\"ListItem\",\"position\":2,\"name\":\"Boutique\",\"item\":\"https:\/\/tay-sir.com\/boutique\/\"},{\"@type\":\"ListItem\",\"position\":3,\"name\":\"kitchenaid 5KSB1325EOB\"}]},{\"@type\":\"WebSite\",\"@id\":\"https:\/\/tay-sir.com\/ar\/#website\",\"url\":\"https:\/\/tay-sir.com\/ar\/\",\"name\":\"TAY-SIR.com\",\"description\":\"plateforme e-commerce avec financement islamique digital en ligne\",\"publisher\":{\"@id\":\"https:\/\/tay-sir.com\/ar\/#organization\"},\"potentialAction\":[{\"@type\":\"SearchAction\",\"target\":{\"@type\":\"EntryPoint\",\"urlTemplate\":\"https:\/\/tay-sir.com\/ar\/?s={search_term_string}\"},\"query-input\":{\"@type\":\"PropertyValueSpecification\",\"valueRequired\":true,\"valueName\":\"search_term_string\"}}],\"inLanguage\":\"ar\"},{\"@type\":\"Organization\",\"@id\":\"https:\/\/tay-sir.com\/ar\/#organization\",\"name\":\"Taysir\",\"url\":\"https:\/\/tay-sir.com\/ar\/\",\"logo\":{\"@type\":\"ImageObject\",\"inLanguage\":\"ar\",\"@id\":\"https:\/\/tay-sir.com\/ar\/#\/schema\/logo\/image\/\",\"url\":\"https:\/\/tay-sir.com\/wp-content\/uploads\/2024\/10\/profil.jpg\",\"contentUrl\":\"https:\/\/tay-sir.com\/wp-content\/uploads\/2024\/10\/profil.jpg\",\"width\":1024,\"height\":1024,\"caption\":\"Taysir\"},\"image\":{\"@id\":\"https:\/\/tay-sir.com\/ar\/#\/schema\/logo\/image\/\"},\"sameAs\":[\"https:\/\/www.facebook.com\/profile.php?id=61566201523117\",\"https:\/\/www.tiktok.com\/@taysir31000?fbclid=IwY2xjawFor1xleHRuA2FlbQIxMAABHQqa6Ko0Z_QFAZb-7Bltxo0G0y0YuIXxVxPenEAWDkGyOgZp7D3Bq1oJAA_aem_TiTB-X9kxzhzORQbwqQiYw\",\"https:\/\/www.instagram.com\/taysirfacilite\/\"]}]}<\/script>\n<!-- \/ Yoast SEO plugin. -->","yoast_head_json":{"title":"kitchenaid 5KSB1325EOB - Maslak","robots":{"index":"index","follow":"follow","max-snippet":"max-snippet:-1","max-image-preview":"max-image-preview:large","max-video-preview":"max-video-preview:-1"},"canonical":"https:\/\/tay-sir.com\/ar\/product\/kitchenaid-5ksb1325eob\/","og_locale":"ar_AR","og_type":"article","og_title":"kitchenaid 5KSB1325EOB - Maslak","og_description":"Performances du blender Blender professionnel : Non Puissance moteur (en watt) : 650 W Nombre de tours minutes maxi :","og_url":"https:\/\/tay-sir.com\/ar\/product\/kitchenaid-5ksb1325eob\/","og_site_name":"Maslak","article_publisher":"https:\/\/www.facebook.com\/profile.php?id=61566201523117","article_modified_time":"2024-10-23T14:35:54+00:00","og_image":[{"width":500,"height":500,"url":"https:\/\/tay-sir.com\/wp-content\/uploads\/2024\/08\/document_service_18022803_1395_5_968386577.jpg","type":"image\/jpeg"}],"twitter_card":"summary_large_image","twitter_misc":{"\u0648\u0642\u062a \u0627\u0644\u0642\u0631\u0627\u0621\u0629 \u0627\u0644\u0645\u064f\u0642\u062f\u0651\u0631":"\u062f\u0642\u064a\u0642\u0629 \u0648\u0627\u062d\u062f\u0629"},"schema":{"@context":"https:\/\/schema.org","@graph":[{"@type":"WebPage","@id":"https:\/\/tay-sir.com\/produit\/kitchenaid-5ksb1325eob\/","url":"https:\/\/tay-sir.com\/produit\/kitchenaid-5ksb1325eob\/","name":"kitchenaid 5KSB1325EOB - Maslak","isPartOf":{"@id":"https:\/\/tay-sir.com\/ar\/#website"},"primaryImageOfPage":{"@id":"https:\/\/tay-sir.com\/produit\/kitchenaid-5ksb1325eob\/#primaryimage"},"image":{"@id":"https:\/\/tay-sir.com\/produit\/kitchenaid-5ksb1325eob\/#primaryimage"},"thumbnailUrl":"https:\/\/tay-sir.com\/wp-content\/uploads\/2024\/08\/document_service_18022803_1395_5_968386577.jpg","datePublished":"2024-08-19T15:02:20+00:00","dateModified":"2024-10-23T14:35:54+00:00","breadcrumb":{"@id":"https:\/\/tay-sir.com\/produit\/kitchenaid-5ksb1325eob\/#breadcrumb"},"inLanguage":"ar","potentialAction":[{"@type":"ReadAction","target":["https:\/\/tay-sir.com\/produit\/kitchenaid-5ksb1325eob\/"]}]},{"@type":"ImageObject","inLanguage":"ar","@id":"https:\/\/tay-sir.com\/produit\/kitchenaid-5ksb1325eob\/#primaryimage","url":"https:\/\/tay-sir.com\/wp-content\/uploads\/2024\/08\/document_service_18022803_1395_5_968386577.jpg","contentUrl":"https:\/\/tay-sir.com\/wp-content\/uploads\/2024\/08\/document_service_18022803_1395_5_968386577.jpg","width":500,"height":500},{"@type":"BreadcrumbList","@id":"https:\/\/tay-sir.com\/produit\/kitchenaid-5ksb1325eob\/#breadcrumb","itemListElement":[{"@type":"ListItem","position":1,"name":"Home","item":"https:\/\/tay-sir.com\/ar\/"},{"@type":"ListItem","position":2,"name":"Boutique","item":"https:\/\/tay-sir.com\/boutique\/"},{"@type":"ListItem","position":3,"name":"kitchenaid 5KSB1325EOB"}]},{"@type":"WebSite","@id":"https:\/\/tay-sir.com\/ar\/#website","url":"https:\/\/tay-sir.com\/ar\/","name":"TAY-SIR.com","description":"plateforme e-commerce avec financement islamique digital en ligne","publisher":{"@id":"https:\/\/tay-sir.com\/ar\/#organization"},"potentialAction":[{"@type":"SearchAction","target":{"@type":"EntryPoint","urlTemplate":"https:\/\/tay-sir.com\/ar\/?s={search_term_string}"},"query-input":{"@type":"PropertyValueSpecification","valueRequired":true,"valueName":"search_term_string"}}],"inLanguage":"ar"},{"@type":"Organization","@id":"https:\/\/tay-sir.com\/ar\/#organization","name":"Taysir","url":"https:\/\/tay-sir.com\/ar\/","logo":{"@type":"ImageObject","inLanguage":"ar","@id":"https:\/\/tay-sir.com\/ar\/#\/schema\/logo\/image\/","url":"https:\/\/tay-sir.com\/wp-content\/uploads\/2024\/10\/profil.jpg","contentUrl":"https:\/\/tay-sir.com\/wp-content\/uploads\/2024\/10\/profil.jpg","width":1024,"height":1024,"caption":"Taysir"},"image":{"@id":"https:\/\/tay-sir.com\/ar\/#\/schema\/logo\/image\/"},"sameAs":["https:\/\/www.facebook.com\/profile.php?id=61566201523117","https:\/\/www.tiktok.com\/@taysir31000?fbclid=IwY2xjawFor1xleHRuA2FlbQIxMAABHQqa6Ko0Z_QFAZb-7Bltxo0G0y0YuIXxVxPenEAWDkGyOgZp7D3Bq1oJAA_aem_TiTB-X9kxzhzORQbwqQiYw","https:\/\/www.instagram.com\/taysirfacilite\/"]}]}},"_links":{"self":[{"href":"https:\/\/tay-sir.com\/ar\/wp-json\/wp\/v2\/product\/28931","targetHints":{"allow":["GET"]}}],"collection":[{"href":"https:\/\/tay-sir.com\/ar\/wp-json\/wp\/v2\/product"}],"about":[{"href":"https:\/\/tay-sir.com\/ar\/wp-json\/wp\/v2\/types\/product"}],"replies":[{"embeddable":true,"href":"https:\/\/tay-sir.com\/ar\/wp-json\/wp\/v2\/comments?post=28931"}],"version-history":[{"count":1,"href":"https:\/\/tay-sir.com\/ar\/wp-json\/wp\/v2\/product\/28931\/revisions"}],"predecessor-version":[{"id":28934,"href":"https:\/\/tay-sir.com\/ar\/wp-json\/wp\/v2\/product\/28931\/revisions\/28934"}],"wp:featuredmedia":[{"embeddable":true,"href":"https:\/\/tay-sir.com\/ar\/wp-json\/wp\/v2\/media\/28930"}],"wp:attachment":[{"href":"https:\/\/tay-sir.com\/ar\/wp-json\/wp\/v2\/media?parent=28931"}],"wp:term":[{"taxonomy":"product_brand","embeddable":true,"href":"https:\/\/tay-sir.com\/ar\/wp-json\/wp\/v2\/product_brand?post=28931"},{"taxonomy":"product_cat","embeddable":true,"href":"https:\/\/tay-sir.com\/ar\/wp-json\/wp\/v2\/product_cat?post=28931"},{"taxonomy":"product_tag","embeddable":true,"href":"https:\/\/tay-sir.com\/ar\/wp-json\/wp\/v2\/product_tag?post=28931"}],"curies":[{"name":"wp","href":"https:\/\/api.w.org\/{rel}","templated":true}]}}