{"id":28951,"date":"2024-08-19T16:22:45","date_gmt":"2024-08-19T15:22:45","guid":{"rendered":"https:\/\/tay-sir.com\/produit\/moulinex-dpa110\/"},"modified":"2025-01-29T14:59:33","modified_gmt":"2025-01-29T13:59:33","slug":"moulinex-dpa110","status":"publish","type":"product","link":"https:\/\/tay-sir.com\/ar\/product\/moulinex-dpa110\/","title":{"rendered":"Moulinex DPA110"},"content":{"rendered":"<p>Hachez tous types d&rsquo;aliments avec La Moulinette !<br \/>\nUltra puissante, La Moulinette 1000 W est associ\u00e9e \u00e0 la technologie exclusive des lames Powelix pour hacher efficacement et en quelques secondes les ingr\u00e9dients les plus difficiles (oignons, ail, fines herbes, viande, noix, etc.). Gardez un contr\u00f4le total gr\u00e2ce au syst\u00e8me pratique de pression simple 1-2-3 et au grand bol transparent de 500 ml offrant une vue directe sur votre pr\u00e9paration. Facile comme 1-2-3 ! Avec La Moulinette 1000 W, il est facile de hacher efficacement.<br \/>\nGr\u00e2ce \u00e0 la technologie exclusive des lames Powelix, ses deux lames ultra tranchantes s&rsquo;attaquent \u00e0 tout, de la viande crue aux herbes aromatiques, en quelques secondes. Son puissant moteur de 1000W permet d&rsquo;obtenir des r\u00e9sultats efficaces et rapides. Il est dot\u00e9 d&rsquo;un syst\u00e8me de protection du moteur int\u00e9gr\u00e9 pour \u00e9viter toute surchauffe, offrant ainsi une s\u00e9curit\u00e9 accrue et une dur\u00e9e de vie prolong\u00e9e du moteur. Ses fonctions 4 en 1 en font l&rsquo;auxiliaire id\u00e9al de votre cuisine quotidienne !<br \/>\nHachez, \u00e9mincez, m\u00e9langez et broyez dans un grand bol de 500 ml offrant une grande capacit\u00e9. De nombreuses caract\u00e9ristiques pratiques compl\u00e8tent l&rsquo;appareil : syst\u00e8me pratique de pression simple 1-2-3 pour des r\u00e9sultats rapides, carafe transparente pour une visualisation directe de votre pr\u00e9paration, montage facile et pi\u00e8ces amovibles compatibles avec le lave-vaisselle pour un nettoyage facile. Technologie exclusive des lames Powelix : deux lames ultra tranchantes pour des r\u00e9sultats rapides et parfaits.D\u00e9marrage facile 1-2-3 pour une coupe parfaite en quelques secondes !Moteur ultra puissant de 1000 W pour des performances optimales<br \/>\nSyst\u00e8me de protection du moteur : protection automatique pour une s\u00e9curit\u00e9 accrue et une plus longue dur\u00e9e de vie du moteur. Produit polyvalent 4 en 1 : \u00e9mincer, hacher, broyer et m\u00e9langer.<br \/>\nGrande capacit\u00e9 : bol de 500 ml, parfait pour les grandes quantit\u00e9s de pr\u00e9parationContr\u00f4le total : carafe transparente pour une vision directe Assemblage facile et pi\u00e8ces amovibles compatibles avec le lave-vaisselle pour un nettoyage facile Longueur du cordon r\u00e9glable<br \/>\nFiche technique<br \/>\nPrincipales caract\u00e9ristiques<br \/>\nHachoir &#8211; La Moulinette<br \/>\nDPA110<br \/>\nPuissance : 1000 W<br \/>\nParam\u00e8tres de vitesse: Syst\u00e8me 1-2-3<br \/>\nNombre de lames: 1.<br \/>\nType de lames : Acier inoxydable.<br \/>\nCapacit\u00e9 de la cuvette : 0,5 L<br \/>\nMat\u00e9riel de bol : Plastique<br \/>\nDimensions produit : 170 x 170 x 237 (mm)<br \/>\nPoids : 2,42 (kg)<\/p>","protected":false},"excerpt":{"rendered":"<p>Hachez tous types d&rsquo;aliments avec La Moulinette ! Ultra puissante, La Moulinette 1000 W est associ\u00e9e \u00e0 la technologie exclusive<\/p>","protected":false},"featured_media":28950,"comment_status":"open","ping_status":"closed","template":"","meta":[],"product_brand":[],"product_cat":[17],"product_tag":[],"class_list":{"0":"post-28951","1":"product","2":"type-product","3":"status-publish","4":"has-post-thumbnail","6":"product_cat-electro-menager","8":"first","9":"instock","10":"shipping-taxable","11":"purchasable","12":"product-type-variable"},"yoast_head":"<!-- This site is optimized with the Yoast SEO plugin v24.9 - https:\/\/yoast.com\/wordpress\/plugins\/seo\/ -->\n<title>Moulinex DPA110 - Maslak<\/title>\n<meta name=\"robots\" content=\"index, follow, max-snippet:-1, max-image-preview:large, max-video-preview:-1\" \/>\n<link rel=\"canonical\" href=\"https:\/\/tay-sir.com\/ar\/product\/moulinex-dpa110\/\" \/>\n<meta property=\"og:locale\" content=\"ar_AR\" \/>\n<meta property=\"og:type\" content=\"article\" \/>\n<meta property=\"og:title\" content=\"Moulinex DPA110 - Maslak\" \/>\n<meta property=\"og:description\" content=\"Hachez tous types d&rsquo;aliments avec La Moulinette ! Ultra puissante, La Moulinette 1000 W est associ\u00e9e \u00e0 la technologie exclusive\" \/>\n<meta property=\"og:url\" content=\"https:\/\/tay-sir.com\/ar\/product\/moulinex-dpa110\/\" \/>\n<meta property=\"og:site_name\" content=\"Maslak\" \/>\n<meta property=\"article:publisher\" content=\"https:\/\/www.facebook.com\/profile.php?id=61566201523117\" \/>\n<meta property=\"article:modified_time\" content=\"2025-01-29T13:59:33+00:00\" \/>\n<meta property=\"og:image\" content=\"https:\/\/tay-sir.com\/wp-content\/uploads\/2024\/08\/document_service_120457_1395_5_169908639.jpg\" \/>\n\t<meta property=\"og:image:width\" content=\"500\" \/>\n\t<meta property=\"og:image:height\" content=\"500\" \/>\n\t<meta property=\"og:image:type\" content=\"image\/jpeg\" \/>\n<meta name=\"twitter:card\" content=\"summary_large_image\" \/>\n<meta name=\"twitter:label1\" content=\"\u0648\u0642\u062a \u0627\u0644\u0642\u0631\u0627\u0621\u0629 \u0627\u0644\u0645\u064f\u0642\u062f\u0651\u0631\" \/>\n\t<meta name=\"twitter:data1\" content=\"3 \u062f\u0642\u0627\u0626\u0642\" \/>\n<script type=\"application\/ld+json\" class=\"yoast-schema-graph\">{\"@context\":\"https:\/\/schema.org\",\"@graph\":[{\"@type\":\"WebPage\",\"@id\":\"https:\/\/tay-sir.com\/produit\/moulinex-dpa110\/\",\"url\":\"https:\/\/tay-sir.com\/produit\/moulinex-dpa110\/\",\"name\":\"Moulinex DPA110 - Maslak\",\"isPartOf\":{\"@id\":\"https:\/\/tay-sir.com\/ar\/#website\"},\"primaryImageOfPage\":{\"@id\":\"https:\/\/tay-sir.com\/produit\/moulinex-dpa110\/#primaryimage\"},\"image\":{\"@id\":\"https:\/\/tay-sir.com\/produit\/moulinex-dpa110\/#primaryimage\"},\"thumbnailUrl\":\"https:\/\/tay-sir.com\/wp-content\/uploads\/2024\/08\/document_service_120457_1395_5_169908639.jpg\",\"datePublished\":\"2024-08-19T15:22:45+00:00\",\"dateModified\":\"2025-01-29T13:59:33+00:00\",\"breadcrumb\":{\"@id\":\"https:\/\/tay-sir.com\/produit\/moulinex-dpa110\/#breadcrumb\"},\"inLanguage\":\"ar\",\"potentialAction\":[{\"@type\":\"ReadAction\",\"target\":[\"https:\/\/tay-sir.com\/produit\/moulinex-dpa110\/\"]}]},{\"@type\":\"ImageObject\",\"inLanguage\":\"ar\",\"@id\":\"https:\/\/tay-sir.com\/produit\/moulinex-dpa110\/#primaryimage\",\"url\":\"https:\/\/tay-sir.com\/wp-content\/uploads\/2024\/08\/document_service_120457_1395_5_169908639.jpg\",\"contentUrl\":\"https:\/\/tay-sir.com\/wp-content\/uploads\/2024\/08\/document_service_120457_1395_5_169908639.jpg\",\"width\":500,\"height\":500},{\"@type\":\"BreadcrumbList\",\"@id\":\"https:\/\/tay-sir.com\/produit\/moulinex-dpa110\/#breadcrumb\",\"itemListElement\":[{\"@type\":\"ListItem\",\"position\":1,\"name\":\"Home\",\"item\":\"https:\/\/tay-sir.com\/ar\/\"},{\"@type\":\"ListItem\",\"position\":2,\"name\":\"Boutique\",\"item\":\"https:\/\/tay-sir.com\/boutique\/\"},{\"@type\":\"ListItem\",\"position\":3,\"name\":\"Moulinex DPA110\"}]},{\"@type\":\"WebSite\",\"@id\":\"https:\/\/tay-sir.com\/ar\/#website\",\"url\":\"https:\/\/tay-sir.com\/ar\/\",\"name\":\"TAY-SIR.com\",\"description\":\"plateforme e-commerce avec financement islamique digital en ligne\",\"publisher\":{\"@id\":\"https:\/\/tay-sir.com\/ar\/#organization\"},\"potentialAction\":[{\"@type\":\"SearchAction\",\"target\":{\"@type\":\"EntryPoint\",\"urlTemplate\":\"https:\/\/tay-sir.com\/ar\/?s={search_term_string}\"},\"query-input\":{\"@type\":\"PropertyValueSpecification\",\"valueRequired\":true,\"valueName\":\"search_term_string\"}}],\"inLanguage\":\"ar\"},{\"@type\":\"Organization\",\"@id\":\"https:\/\/tay-sir.com\/ar\/#organization\",\"name\":\"Taysir\",\"url\":\"https:\/\/tay-sir.com\/ar\/\",\"logo\":{\"@type\":\"ImageObject\",\"inLanguage\":\"ar\",\"@id\":\"https:\/\/tay-sir.com\/ar\/#\/schema\/logo\/image\/\",\"url\":\"https:\/\/tay-sir.com\/wp-content\/uploads\/2024\/10\/profil.jpg\",\"contentUrl\":\"https:\/\/tay-sir.com\/wp-content\/uploads\/2024\/10\/profil.jpg\",\"width\":1024,\"height\":1024,\"caption\":\"Taysir\"},\"image\":{\"@id\":\"https:\/\/tay-sir.com\/ar\/#\/schema\/logo\/image\/\"},\"sameAs\":[\"https:\/\/www.facebook.com\/profile.php?id=61566201523117\",\"https:\/\/www.tiktok.com\/@taysir31000?fbclid=IwY2xjawFor1xleHRuA2FlbQIxMAABHQqa6Ko0Z_QFAZb-7Bltxo0G0y0YuIXxVxPenEAWDkGyOgZp7D3Bq1oJAA_aem_TiTB-X9kxzhzORQbwqQiYw\",\"https:\/\/www.instagram.com\/taysirfacilite\/\"]}]}<\/script>\n<!-- \/ Yoast SEO plugin. -->","yoast_head_json":{"title":"Moulinex DPA110 - Maslak","robots":{"index":"index","follow":"follow","max-snippet":"max-snippet:-1","max-image-preview":"max-image-preview:large","max-video-preview":"max-video-preview:-1"},"canonical":"https:\/\/tay-sir.com\/ar\/product\/moulinex-dpa110\/","og_locale":"ar_AR","og_type":"article","og_title":"Moulinex DPA110 - Maslak","og_description":"Hachez tous types d&rsquo;aliments avec La Moulinette ! Ultra puissante, La Moulinette 1000 W est associ\u00e9e \u00e0 la technologie exclusive","og_url":"https:\/\/tay-sir.com\/ar\/product\/moulinex-dpa110\/","og_site_name":"Maslak","article_publisher":"https:\/\/www.facebook.com\/profile.php?id=61566201523117","article_modified_time":"2025-01-29T13:59:33+00:00","og_image":[{"width":500,"height":500,"url":"https:\/\/tay-sir.com\/wp-content\/uploads\/2024\/08\/document_service_120457_1395_5_169908639.jpg","type":"image\/jpeg"}],"twitter_card":"summary_large_image","twitter_misc":{"\u0648\u0642\u062a \u0627\u0644\u0642\u0631\u0627\u0621\u0629 \u0627\u0644\u0645\u064f\u0642\u062f\u0651\u0631":"3 \u062f\u0642\u0627\u0626\u0642"},"schema":{"@context":"https:\/\/schema.org","@graph":[{"@type":"WebPage","@id":"https:\/\/tay-sir.com\/produit\/moulinex-dpa110\/","url":"https:\/\/tay-sir.com\/produit\/moulinex-dpa110\/","name":"Moulinex DPA110 - Maslak","isPartOf":{"@id":"https:\/\/tay-sir.com\/ar\/#website"},"primaryImageOfPage":{"@id":"https:\/\/tay-sir.com\/produit\/moulinex-dpa110\/#primaryimage"},"image":{"@id":"https:\/\/tay-sir.com\/produit\/moulinex-dpa110\/#primaryimage"},"thumbnailUrl":"https:\/\/tay-sir.com\/wp-content\/uploads\/2024\/08\/document_service_120457_1395_5_169908639.jpg","datePublished":"2024-08-19T15:22:45+00:00","dateModified":"2025-01-29T13:59:33+00:00","breadcrumb":{"@id":"https:\/\/tay-sir.com\/produit\/moulinex-dpa110\/#breadcrumb"},"inLanguage":"ar","potentialAction":[{"@type":"ReadAction","target":["https:\/\/tay-sir.com\/produit\/moulinex-dpa110\/"]}]},{"@type":"ImageObject","inLanguage":"ar","@id":"https:\/\/tay-sir.com\/produit\/moulinex-dpa110\/#primaryimage","url":"https:\/\/tay-sir.com\/wp-content\/uploads\/2024\/08\/document_service_120457_1395_5_169908639.jpg","contentUrl":"https:\/\/tay-sir.com\/wp-content\/uploads\/2024\/08\/document_service_120457_1395_5_169908639.jpg","width":500,"height":500},{"@type":"BreadcrumbList","@id":"https:\/\/tay-sir.com\/produit\/moulinex-dpa110\/#breadcrumb","itemListElement":[{"@type":"ListItem","position":1,"name":"Home","item":"https:\/\/tay-sir.com\/ar\/"},{"@type":"ListItem","position":2,"name":"Boutique","item":"https:\/\/tay-sir.com\/boutique\/"},{"@type":"ListItem","position":3,"name":"Moulinex DPA110"}]},{"@type":"WebSite","@id":"https:\/\/tay-sir.com\/ar\/#website","url":"https:\/\/tay-sir.com\/ar\/","name":"TAY-SIR.com","description":"plateforme e-commerce avec financement islamique digital en ligne","publisher":{"@id":"https:\/\/tay-sir.com\/ar\/#organization"},"potentialAction":[{"@type":"SearchAction","target":{"@type":"EntryPoint","urlTemplate":"https:\/\/tay-sir.com\/ar\/?s={search_term_string}"},"query-input":{"@type":"PropertyValueSpecification","valueRequired":true,"valueName":"search_term_string"}}],"inLanguage":"ar"},{"@type":"Organization","@id":"https:\/\/tay-sir.com\/ar\/#organization","name":"Taysir","url":"https:\/\/tay-sir.com\/ar\/","logo":{"@type":"ImageObject","inLanguage":"ar","@id":"https:\/\/tay-sir.com\/ar\/#\/schema\/logo\/image\/","url":"https:\/\/tay-sir.com\/wp-content\/uploads\/2024\/10\/profil.jpg","contentUrl":"https:\/\/tay-sir.com\/wp-content\/uploads\/2024\/10\/profil.jpg","width":1024,"height":1024,"caption":"Taysir"},"image":{"@id":"https:\/\/tay-sir.com\/ar\/#\/schema\/logo\/image\/"},"sameAs":["https:\/\/www.facebook.com\/profile.php?id=61566201523117","https:\/\/www.tiktok.com\/@taysir31000?fbclid=IwY2xjawFor1xleHRuA2FlbQIxMAABHQqa6Ko0Z_QFAZb-7Bltxo0G0y0YuIXxVxPenEAWDkGyOgZp7D3Bq1oJAA_aem_TiTB-X9kxzhzORQbwqQiYw","https:\/\/www.instagram.com\/taysirfacilite\/"]}]}},"_links":{"self":[{"href":"https:\/\/tay-sir.com\/ar\/wp-json\/wp\/v2\/product\/28951","targetHints":{"allow":["GET"]}}],"collection":[{"href":"https:\/\/tay-sir.com\/ar\/wp-json\/wp\/v2\/product"}],"about":[{"href":"https:\/\/tay-sir.com\/ar\/wp-json\/wp\/v2\/types\/product"}],"replies":[{"embeddable":true,"href":"https:\/\/tay-sir.com\/ar\/wp-json\/wp\/v2\/comments?post=28951"}],"version-history":[{"count":1,"href":"https:\/\/tay-sir.com\/ar\/wp-json\/wp\/v2\/product\/28951\/revisions"}],"predecessor-version":[{"id":30088,"href":"https:\/\/tay-sir.com\/ar\/wp-json\/wp\/v2\/product\/28951\/revisions\/30088"}],"wp:featuredmedia":[{"embeddable":true,"href":"https:\/\/tay-sir.com\/ar\/wp-json\/wp\/v2\/media\/28950"}],"wp:attachment":[{"href":"https:\/\/tay-sir.com\/ar\/wp-json\/wp\/v2\/media?parent=28951"}],"wp:term":[{"taxonomy":"product_brand","embeddable":true,"href":"https:\/\/tay-sir.com\/ar\/wp-json\/wp\/v2\/product_brand?post=28951"},{"taxonomy":"product_cat","embeddable":true,"href":"https:\/\/tay-sir.com\/ar\/wp-json\/wp\/v2\/product_cat?post=28951"},{"taxonomy":"product_tag","embeddable":true,"href":"https:\/\/tay-sir.com\/ar\/wp-json\/wp\/v2\/product_tag?post=28951"}],"curies":[{"name":"wp","href":"https:\/\/api.w.org\/{rel}","templated":true}]}}