{"id":28953,"date":"2024-08-19T16:22:46","date_gmt":"2024-08-19T15:22:46","guid":{"rendered":"https:\/\/tay-sir.com\/produit\/moulinex-dp810810\/"},"modified":"2024-10-24T12:30:40","modified_gmt":"2024-10-24T11:30:40","slug":"moulinex-dp810810","status":"publish","type":"product","link":"https:\/\/tay-sir.com\/ar\/product\/moulinex-dp810810\/","title":{"rendered":"Moulinex DP810810"},"content":{"rendered":"<p>Fonctions ultra-polyvalent 5 en 1 : Il hache et \u00e9mince : vous pouvez hacher des herbes, de la viande ou du poisson, pr\u00e9parer les repas de b\u00e9b\u00e9, \u00e9mincez des carottes, des poireaux, des oignons, des \u00e9chalotes&#8230;Il r\u00e9duit en pur\u00e9e, m\u00e9lange et broie vos pr\u00e9parations, y compris les semi-liquides. Il est donc id\u00e9al pour tous types d&rsquo;ingr\u00e9dients, depuis les gros morceaux de viande jusqu&rsquo;aux \u00e9pices.<br \/>\nPerformances :Le mini hachoir poss\u00e8de un puissant moteur de 1000 W pour des r\u00e9sultats efficaces et ultra-rapides. Equip\u00e9 d&rsquo;un syst\u00e8me de protection int\u00e9gr\u00e9, il vous permet de hacher en toute facilit\u00e9 tous types d&rsquo;ingr\u00e9dients, y compris les plus durs. La Moulinette Ultimate de Moulinex est dot\u00e9e d&rsquo;une capacit\u00e9 de 350 g \/ 550 ml.<br \/>\nTechnologie de lames exclusive \u200bPowelix Life :Il dispose de la technologie exclusive Powelix Life : deux lames avec rev\u00eatement en titanium qui garantissent efficacit\u00e9 et long\u00e9vit\u00e9. Elles sont parfaites pour hacher tous types d&rsquo;ingr\u00e9dients, y compris les plus durs.<br \/>\nCouvercle additionnel :B\u00e9n\u00e9ficiez d&rsquo;un couvercle suppl\u00e9mentaire \u00e9tanche pour la pr\u00e9paration d&rsquo;ingr\u00e9dients ou de liquides sans d\u00e9bordement.<br \/>\nS\u00e9curit\u00e9s : L&rsquo;appareil est \u00e9quip\u00e9 d&rsquo;une double s\u00e9curit\u00e9 : si la cuve et le couvercle sont mal positionn\u00e9s ou ferm\u00e9s, il ne fonctionne pas. Aucun risque de surchauffe gr\u00e2ce \u00e0 la protection automatique du moteur contre la surchauffe. Entretien :Pour un nettoyage facile les pi\u00e8ces sont amovibles et compatibles au lave-vaisselle.<br \/>\nFiche technique<br \/>\nPrincipales caract\u00e9ristiques<br \/>\nHachoir 5 en 1 : hache, \u00e9mince, m\u00e9lange, broie et r\u00e9duit en pur\u00e9e<br \/>\nPuissance 1000 Watts<br \/>\nCapacit\u00e9 : 350 g \/ 550 ml<br \/>\nTechnologie Powelix Life : lames rev\u00eatement en titanium<br \/>\nSyst\u00e8me de verrouillage &#8211; Protection surchauffe<br \/>\nCouvercle herm\u00e9tique<\/p>","protected":false},"excerpt":{"rendered":"<p>Fonctions ultra-polyvalent 5 en 1 : Il hache et \u00e9mince : vous pouvez hacher des herbes, de la viande ou<\/p>","protected":false},"featured_media":28952,"comment_status":"open","ping_status":"closed","template":"","meta":[],"product_brand":[],"product_cat":[17,222],"product_tag":[],"class_list":{"0":"post-28953","1":"product","2":"type-product","3":"status-publish","4":"has-post-thumbnail","6":"product_cat-electro-menager","7":"product_cat-hachoir","9":"first","10":"instock","11":"shipping-taxable","12":"purchasable","13":"product-type-variable"},"yoast_head":"<!-- This site is optimized with the Yoast SEO plugin v24.9 - https:\/\/yoast.com\/wordpress\/plugins\/seo\/ -->\n<title>Moulinex DP810810 - Maslak<\/title>\n<meta name=\"robots\" content=\"index, follow, max-snippet:-1, max-image-preview:large, max-video-preview:-1\" \/>\n<link rel=\"canonical\" href=\"https:\/\/tay-sir.com\/ar\/product\/moulinex-dp810810\/\" \/>\n<meta property=\"og:locale\" content=\"ar_AR\" \/>\n<meta property=\"og:type\" content=\"article\" \/>\n<meta property=\"og:title\" content=\"Moulinex DP810810 - Maslak\" \/>\n<meta property=\"og:description\" content=\"Fonctions ultra-polyvalent 5 en 1 : Il hache et \u00e9mince : vous pouvez hacher des herbes, de la viande ou\" \/>\n<meta property=\"og:url\" content=\"https:\/\/tay-sir.com\/ar\/product\/moulinex-dp810810\/\" \/>\n<meta property=\"og:site_name\" content=\"Maslak\" \/>\n<meta property=\"article:publisher\" content=\"https:\/\/www.facebook.com\/profile.php?id=61566201523117\" \/>\n<meta property=\"article:modified_time\" content=\"2024-10-24T11:30:40+00:00\" \/>\n<meta property=\"og:image\" content=\"https:\/\/tay-sir.com\/wp-content\/uploads\/2024\/08\/document_service_3844991_1395_5_1768905768.jpg\" \/>\n\t<meta property=\"og:image:width\" content=\"500\" \/>\n\t<meta property=\"og:image:height\" content=\"500\" \/>\n\t<meta property=\"og:image:type\" content=\"image\/jpeg\" \/>\n<meta name=\"twitter:card\" content=\"summary_large_image\" \/>\n<meta name=\"twitter:label1\" content=\"\u0648\u0642\u062a \u0627\u0644\u0642\u0631\u0627\u0621\u0629 \u0627\u0644\u0645\u064f\u0642\u062f\u0651\u0631\" \/>\n\t<meta name=\"twitter:data1\" content=\"\u062f\u0642\u064a\u0642\u0629 \u0648\u0627\u062d\u062f\u0629\" \/>\n<script type=\"application\/ld+json\" class=\"yoast-schema-graph\">{\"@context\":\"https:\/\/schema.org\",\"@graph\":[{\"@type\":\"WebPage\",\"@id\":\"https:\/\/tay-sir.com\/produit\/moulinex-dp810810\/\",\"url\":\"https:\/\/tay-sir.com\/produit\/moulinex-dp810810\/\",\"name\":\"Moulinex DP810810 - Maslak\",\"isPartOf\":{\"@id\":\"https:\/\/tay-sir.com\/ar\/#website\"},\"primaryImageOfPage\":{\"@id\":\"https:\/\/tay-sir.com\/produit\/moulinex-dp810810\/#primaryimage\"},\"image\":{\"@id\":\"https:\/\/tay-sir.com\/produit\/moulinex-dp810810\/#primaryimage\"},\"thumbnailUrl\":\"https:\/\/tay-sir.com\/wp-content\/uploads\/2024\/08\/document_service_3844991_1395_5_1768905768.jpg\",\"datePublished\":\"2024-08-19T15:22:46+00:00\",\"dateModified\":\"2024-10-24T11:30:40+00:00\",\"breadcrumb\":{\"@id\":\"https:\/\/tay-sir.com\/produit\/moulinex-dp810810\/#breadcrumb\"},\"inLanguage\":\"ar\",\"potentialAction\":[{\"@type\":\"ReadAction\",\"target\":[\"https:\/\/tay-sir.com\/produit\/moulinex-dp810810\/\"]}]},{\"@type\":\"ImageObject\",\"inLanguage\":\"ar\",\"@id\":\"https:\/\/tay-sir.com\/produit\/moulinex-dp810810\/#primaryimage\",\"url\":\"https:\/\/tay-sir.com\/wp-content\/uploads\/2024\/08\/document_service_3844991_1395_5_1768905768.jpg\",\"contentUrl\":\"https:\/\/tay-sir.com\/wp-content\/uploads\/2024\/08\/document_service_3844991_1395_5_1768905768.jpg\",\"width\":500,\"height\":500},{\"@type\":\"BreadcrumbList\",\"@id\":\"https:\/\/tay-sir.com\/produit\/moulinex-dp810810\/#breadcrumb\",\"itemListElement\":[{\"@type\":\"ListItem\",\"position\":1,\"name\":\"Home\",\"item\":\"https:\/\/tay-sir.com\/ar\/\"},{\"@type\":\"ListItem\",\"position\":2,\"name\":\"Boutique\",\"item\":\"https:\/\/tay-sir.com\/boutique\/\"},{\"@type\":\"ListItem\",\"position\":3,\"name\":\"Moulinex DP810810\"}]},{\"@type\":\"WebSite\",\"@id\":\"https:\/\/tay-sir.com\/ar\/#website\",\"url\":\"https:\/\/tay-sir.com\/ar\/\",\"name\":\"TAY-SIR.com\",\"description\":\"plateforme e-commerce avec financement islamique digital en ligne\",\"publisher\":{\"@id\":\"https:\/\/tay-sir.com\/ar\/#organization\"},\"potentialAction\":[{\"@type\":\"SearchAction\",\"target\":{\"@type\":\"EntryPoint\",\"urlTemplate\":\"https:\/\/tay-sir.com\/ar\/?s={search_term_string}\"},\"query-input\":{\"@type\":\"PropertyValueSpecification\",\"valueRequired\":true,\"valueName\":\"search_term_string\"}}],\"inLanguage\":\"ar\"},{\"@type\":\"Organization\",\"@id\":\"https:\/\/tay-sir.com\/ar\/#organization\",\"name\":\"Taysir\",\"url\":\"https:\/\/tay-sir.com\/ar\/\",\"logo\":{\"@type\":\"ImageObject\",\"inLanguage\":\"ar\",\"@id\":\"https:\/\/tay-sir.com\/ar\/#\/schema\/logo\/image\/\",\"url\":\"https:\/\/tay-sir.com\/wp-content\/uploads\/2024\/10\/profil.jpg\",\"contentUrl\":\"https:\/\/tay-sir.com\/wp-content\/uploads\/2024\/10\/profil.jpg\",\"width\":1024,\"height\":1024,\"caption\":\"Taysir\"},\"image\":{\"@id\":\"https:\/\/tay-sir.com\/ar\/#\/schema\/logo\/image\/\"},\"sameAs\":[\"https:\/\/www.facebook.com\/profile.php?id=61566201523117\",\"https:\/\/www.tiktok.com\/@taysir31000?fbclid=IwY2xjawFor1xleHRuA2FlbQIxMAABHQqa6Ko0Z_QFAZb-7Bltxo0G0y0YuIXxVxPenEAWDkGyOgZp7D3Bq1oJAA_aem_TiTB-X9kxzhzORQbwqQiYw\",\"https:\/\/www.instagram.com\/taysirfacilite\/\"]}]}<\/script>\n<!-- \/ Yoast SEO plugin. -->","yoast_head_json":{"title":"Moulinex DP810810 - Maslak","robots":{"index":"index","follow":"follow","max-snippet":"max-snippet:-1","max-image-preview":"max-image-preview:large","max-video-preview":"max-video-preview:-1"},"canonical":"https:\/\/tay-sir.com\/ar\/product\/moulinex-dp810810\/","og_locale":"ar_AR","og_type":"article","og_title":"Moulinex DP810810 - Maslak","og_description":"Fonctions ultra-polyvalent 5 en 1 : Il hache et \u00e9mince : vous pouvez hacher des herbes, de la viande ou","og_url":"https:\/\/tay-sir.com\/ar\/product\/moulinex-dp810810\/","og_site_name":"Maslak","article_publisher":"https:\/\/www.facebook.com\/profile.php?id=61566201523117","article_modified_time":"2024-10-24T11:30:40+00:00","og_image":[{"width":500,"height":500,"url":"https:\/\/tay-sir.com\/wp-content\/uploads\/2024\/08\/document_service_3844991_1395_5_1768905768.jpg","type":"image\/jpeg"}],"twitter_card":"summary_large_image","twitter_misc":{"\u0648\u0642\u062a \u0627\u0644\u0642\u0631\u0627\u0621\u0629 \u0627\u0644\u0645\u064f\u0642\u062f\u0651\u0631":"\u062f\u0642\u064a\u0642\u0629 \u0648\u0627\u062d\u062f\u0629"},"schema":{"@context":"https:\/\/schema.org","@graph":[{"@type":"WebPage","@id":"https:\/\/tay-sir.com\/produit\/moulinex-dp810810\/","url":"https:\/\/tay-sir.com\/produit\/moulinex-dp810810\/","name":"Moulinex DP810810 - Maslak","isPartOf":{"@id":"https:\/\/tay-sir.com\/ar\/#website"},"primaryImageOfPage":{"@id":"https:\/\/tay-sir.com\/produit\/moulinex-dp810810\/#primaryimage"},"image":{"@id":"https:\/\/tay-sir.com\/produit\/moulinex-dp810810\/#primaryimage"},"thumbnailUrl":"https:\/\/tay-sir.com\/wp-content\/uploads\/2024\/08\/document_service_3844991_1395_5_1768905768.jpg","datePublished":"2024-08-19T15:22:46+00:00","dateModified":"2024-10-24T11:30:40+00:00","breadcrumb":{"@id":"https:\/\/tay-sir.com\/produit\/moulinex-dp810810\/#breadcrumb"},"inLanguage":"ar","potentialAction":[{"@type":"ReadAction","target":["https:\/\/tay-sir.com\/produit\/moulinex-dp810810\/"]}]},{"@type":"ImageObject","inLanguage":"ar","@id":"https:\/\/tay-sir.com\/produit\/moulinex-dp810810\/#primaryimage","url":"https:\/\/tay-sir.com\/wp-content\/uploads\/2024\/08\/document_service_3844991_1395_5_1768905768.jpg","contentUrl":"https:\/\/tay-sir.com\/wp-content\/uploads\/2024\/08\/document_service_3844991_1395_5_1768905768.jpg","width":500,"height":500},{"@type":"BreadcrumbList","@id":"https:\/\/tay-sir.com\/produit\/moulinex-dp810810\/#breadcrumb","itemListElement":[{"@type":"ListItem","position":1,"name":"Home","item":"https:\/\/tay-sir.com\/ar\/"},{"@type":"ListItem","position":2,"name":"Boutique","item":"https:\/\/tay-sir.com\/boutique\/"},{"@type":"ListItem","position":3,"name":"Moulinex DP810810"}]},{"@type":"WebSite","@id":"https:\/\/tay-sir.com\/ar\/#website","url":"https:\/\/tay-sir.com\/ar\/","name":"TAY-SIR.com","description":"plateforme e-commerce avec financement islamique digital en ligne","publisher":{"@id":"https:\/\/tay-sir.com\/ar\/#organization"},"potentialAction":[{"@type":"SearchAction","target":{"@type":"EntryPoint","urlTemplate":"https:\/\/tay-sir.com\/ar\/?s={search_term_string}"},"query-input":{"@type":"PropertyValueSpecification","valueRequired":true,"valueName":"search_term_string"}}],"inLanguage":"ar"},{"@type":"Organization","@id":"https:\/\/tay-sir.com\/ar\/#organization","name":"Taysir","url":"https:\/\/tay-sir.com\/ar\/","logo":{"@type":"ImageObject","inLanguage":"ar","@id":"https:\/\/tay-sir.com\/ar\/#\/schema\/logo\/image\/","url":"https:\/\/tay-sir.com\/wp-content\/uploads\/2024\/10\/profil.jpg","contentUrl":"https:\/\/tay-sir.com\/wp-content\/uploads\/2024\/10\/profil.jpg","width":1024,"height":1024,"caption":"Taysir"},"image":{"@id":"https:\/\/tay-sir.com\/ar\/#\/schema\/logo\/image\/"},"sameAs":["https:\/\/www.facebook.com\/profile.php?id=61566201523117","https:\/\/www.tiktok.com\/@taysir31000?fbclid=IwY2xjawFor1xleHRuA2FlbQIxMAABHQqa6Ko0Z_QFAZb-7Bltxo0G0y0YuIXxVxPenEAWDkGyOgZp7D3Bq1oJAA_aem_TiTB-X9kxzhzORQbwqQiYw","https:\/\/www.instagram.com\/taysirfacilite\/"]}]}},"_links":{"self":[{"href":"https:\/\/tay-sir.com\/ar\/wp-json\/wp\/v2\/product\/28953","targetHints":{"allow":["GET"]}}],"collection":[{"href":"https:\/\/tay-sir.com\/ar\/wp-json\/wp\/v2\/product"}],"about":[{"href":"https:\/\/tay-sir.com\/ar\/wp-json\/wp\/v2\/types\/product"}],"replies":[{"embeddable":true,"href":"https:\/\/tay-sir.com\/ar\/wp-json\/wp\/v2\/comments?post=28953"}],"version-history":[{"count":3,"href":"https:\/\/tay-sir.com\/ar\/wp-json\/wp\/v2\/product\/28953\/revisions"}],"predecessor-version":[{"id":31689,"href":"https:\/\/tay-sir.com\/ar\/wp-json\/wp\/v2\/product\/28953\/revisions\/31689"}],"wp:featuredmedia":[{"embeddable":true,"href":"https:\/\/tay-sir.com\/ar\/wp-json\/wp\/v2\/media\/28952"}],"wp:attachment":[{"href":"https:\/\/tay-sir.com\/ar\/wp-json\/wp\/v2\/media?parent=28953"}],"wp:term":[{"taxonomy":"product_brand","embeddable":true,"href":"https:\/\/tay-sir.com\/ar\/wp-json\/wp\/v2\/product_brand?post=28953"},{"taxonomy":"product_cat","embeddable":true,"href":"https:\/\/tay-sir.com\/ar\/wp-json\/wp\/v2\/product_cat?post=28953"},{"taxonomy":"product_tag","embeddable":true,"href":"https:\/\/tay-sir.com\/ar\/wp-json\/wp\/v2\/product_tag?post=28953"}],"curies":[{"name":"wp","href":"https:\/\/api.w.org\/{rel}","templated":true}]}}