{"id":28980,"date":"2024-08-20T10:22:28","date_gmt":"2024-08-20T09:22:28","guid":{"rendered":"https:\/\/tay-sir.com\/produit\/moulinex-ce859800\/"},"modified":"2024-10-23T14:28:18","modified_gmt":"2024-10-23T13:28:18","slug":"moulinex-ce859800","status":"publish","type":"product","link":"https:\/\/tay-sir.com\/ar\/product\/moulinex-ce859800\/","title":{"rendered":"Moulinex CE859800"},"content":{"rendered":"<p>Gamme produit de cuisson :Cookeo<br \/>\nFonctionnalit\u00e9s appareils de cuisson :Arr\u00eat automatique<br \/>\nMinuterie :D\u00e9part diff\u00e9r\u00e9<br \/>\nFonctions appareil de cuisson : Cuiseur vapeur, Multicuiseur intelligent, M\u00e9langer, Cuire, Connect\u00e9 :Oui<br \/>\nCapacit\u00e9 utile : 6 l<br \/>\nMati\u00e8re principale : Acier inoxydable<br \/>\nPuissance : 1600 W<br \/>\nCapacit\u00e9 du r\u00e9servoir : 6 l<br \/>\nNombre de programmes : 6<br \/>\nMode de cuisson : Maintien au chaud, Cuisson douce, Cuisson sous pression, Dorer, R\u00e9chauffer<\/p>\n<p>Energie utilis\u00e9e :Electrique<br \/>\nNombre de modes de cuisson :6<br \/>\nProgrammes :6<br \/>\nAccessoires fournis: Balance de cuisine connect\u00e9e et moule de cuisson inclus<br \/>\nRev\u00eatement int\u00e9rieur ; CERAMIQUE<br \/>\nCaract\u00e9ristiques compl\u00e9mentaires :<br \/>\nCAPACITE 6L : pour pr\u00e9parer des plats jusqu&rsquo;\u00e0 6 personnes APPLICATION \u00ab MON COOKEO \u00bb : actualisez votre multicuiseur avec de nouvelles recettes, suivez l\u2019\u00e9volution de la cuisson sur votre smartphone ou tablette. VARIETE DES RECETTES : D\u00e9j\u00e0 plus de 2500 recettes dans l&rsquo;application ! cr\u00e9ez et publiez \u00e0 votre tour vos propres recettes.<br \/>\nFinition : Acier<br \/>\nPays de fabrication : Chine<br \/>\nOrigine de fabrication : Fabriqu\u00e9 hors Europe<br \/>\nLe plus du produit<br \/>\nCookeo+ Connect poss\u00e8de 200 recettes pr\u00e9programm\u00e9es, une balance connect\u00e9e \u00e0 l&rsquo;application ainsi qu&rsquo;un moule de cuisson. Gr\u00e2ce \u00e0 sa connexion Bluetooth, votre multicuiseur se synchronise avec l\u2019application et acc\u00e8de \u00e0 l\u2019univers de recettes Cookeo : des centaines de recettes \u00e9labor\u00e9es par nos chefs. Gr\u00e2ce \u00e0 son interface num\u00e9rique intuitive et son application, Cookeo vous aide \u00e0 pr\u00e9parer rapidement toutes vos recettes pr\u00e9f\u00e9r\u00e9es. Un accompagnement pas \u00e0 pas avec plus de 2 000 photos qui illustrent des centaines de recettes. Vous pouvez \u00e9galement suivre et ajuster la cuisson \u00e0 distance sur votre tablette ou smartphone.<br \/>\nDisponibilit\u00e9 des pi\u00e8ces d\u00e9tach\u00e9es :15 ans<br \/>\nCode :4810953<\/p>","protected":false},"excerpt":{"rendered":"<p>Gamme produit de cuisson :Cookeo Fonctionnalit\u00e9s appareils de cuisson :Arr\u00eat automatique Minuterie :D\u00e9part diff\u00e9r\u00e9 Fonctions appareil de cuisson : Cuiseur<\/p>","protected":false},"featured_media":28979,"comment_status":"open","ping_status":"closed","template":"","meta":[],"product_brand":[],"product_cat":[17,223],"product_tag":[],"class_list":{"0":"post-28980","1":"product","2":"type-product","3":"status-publish","4":"has-post-thumbnail","6":"product_cat-electro-menager","7":"product_cat-auto-cuiseur","9":"first","10":"instock","11":"featured","12":"shipping-taxable","13":"purchasable","14":"product-type-variable"},"yoast_head":"<!-- This site is optimized with the Yoast SEO plugin v24.9 - https:\/\/yoast.com\/wordpress\/plugins\/seo\/ -->\n<title>Moulinex CE859800 - Maslak<\/title>\n<meta name=\"robots\" content=\"index, follow, max-snippet:-1, max-image-preview:large, max-video-preview:-1\" \/>\n<link rel=\"canonical\" href=\"https:\/\/tay-sir.com\/ar\/product\/moulinex-ce859800\/\" \/>\n<meta property=\"og:locale\" content=\"ar_AR\" \/>\n<meta property=\"og:type\" content=\"article\" \/>\n<meta property=\"og:title\" content=\"Moulinex CE859800 - Maslak\" \/>\n<meta property=\"og:description\" content=\"Gamme produit de cuisson :Cookeo Fonctionnalit\u00e9s appareils de cuisson :Arr\u00eat automatique Minuterie :D\u00e9part diff\u00e9r\u00e9 Fonctions appareil de cuisson : Cuiseur\" \/>\n<meta property=\"og:url\" content=\"https:\/\/tay-sir.com\/ar\/product\/moulinex-ce859800\/\" \/>\n<meta property=\"og:site_name\" content=\"Maslak\" \/>\n<meta property=\"article:publisher\" content=\"https:\/\/www.facebook.com\/profile.php?id=61566201523117\" \/>\n<meta property=\"article:modified_time\" content=\"2024-10-23T13:28:18+00:00\" \/>\n<meta property=\"og:image\" content=\"https:\/\/tay-sir.com\/wp-content\/uploads\/2024\/08\/Digital-MLX_CE859800_7211004235_H2.jpg\" \/>\n\t<meta property=\"og:image:width\" content=\"647\" \/>\n\t<meta property=\"og:image:height\" content=\"647\" \/>\n\t<meta property=\"og:image:type\" content=\"image\/jpeg\" \/>\n<meta name=\"twitter:card\" content=\"summary_large_image\" \/>\n<meta name=\"twitter:label1\" content=\"\u0648\u0642\u062a \u0627\u0644\u0642\u0631\u0627\u0621\u0629 \u0627\u0644\u0645\u064f\u0642\u062f\u0651\u0631\" \/>\n\t<meta name=\"twitter:data1\" content=\"\u062f\u0642\u064a\u0642\u0629 \u0648\u0627\u062d\u062f\u0629\" \/>\n<script type=\"application\/ld+json\" class=\"yoast-schema-graph\">{\"@context\":\"https:\/\/schema.org\",\"@graph\":[{\"@type\":\"WebPage\",\"@id\":\"https:\/\/tay-sir.com\/produit\/moulinex-ce859800\/\",\"url\":\"https:\/\/tay-sir.com\/produit\/moulinex-ce859800\/\",\"name\":\"Moulinex CE859800 - Maslak\",\"isPartOf\":{\"@id\":\"https:\/\/tay-sir.com\/ar\/#website\"},\"primaryImageOfPage\":{\"@id\":\"https:\/\/tay-sir.com\/produit\/moulinex-ce859800\/#primaryimage\"},\"image\":{\"@id\":\"https:\/\/tay-sir.com\/produit\/moulinex-ce859800\/#primaryimage\"},\"thumbnailUrl\":\"https:\/\/tay-sir.com\/wp-content\/uploads\/2024\/08\/Digital-MLX_CE859800_7211004235_H2.jpg\",\"datePublished\":\"2024-08-20T09:22:28+00:00\",\"dateModified\":\"2024-10-23T13:28:18+00:00\",\"breadcrumb\":{\"@id\":\"https:\/\/tay-sir.com\/produit\/moulinex-ce859800\/#breadcrumb\"},\"inLanguage\":\"ar\",\"potentialAction\":[{\"@type\":\"ReadAction\",\"target\":[\"https:\/\/tay-sir.com\/produit\/moulinex-ce859800\/\"]}]},{\"@type\":\"ImageObject\",\"inLanguage\":\"ar\",\"@id\":\"https:\/\/tay-sir.com\/produit\/moulinex-ce859800\/#primaryimage\",\"url\":\"https:\/\/tay-sir.com\/wp-content\/uploads\/2024\/08\/Digital-MLX_CE859800_7211004235_H2.jpg\",\"contentUrl\":\"https:\/\/tay-sir.com\/wp-content\/uploads\/2024\/08\/Digital-MLX_CE859800_7211004235_H2.jpg\",\"width\":647,\"height\":647},{\"@type\":\"BreadcrumbList\",\"@id\":\"https:\/\/tay-sir.com\/produit\/moulinex-ce859800\/#breadcrumb\",\"itemListElement\":[{\"@type\":\"ListItem\",\"position\":1,\"name\":\"Home\",\"item\":\"https:\/\/tay-sir.com\/ar\/\"},{\"@type\":\"ListItem\",\"position\":2,\"name\":\"Boutique\",\"item\":\"https:\/\/tay-sir.com\/boutique\/\"},{\"@type\":\"ListItem\",\"position\":3,\"name\":\"Moulinex CE859800\"}]},{\"@type\":\"WebSite\",\"@id\":\"https:\/\/tay-sir.com\/ar\/#website\",\"url\":\"https:\/\/tay-sir.com\/ar\/\",\"name\":\"TAY-SIR.com\",\"description\":\"plateforme e-commerce avec financement islamique digital en ligne\",\"publisher\":{\"@id\":\"https:\/\/tay-sir.com\/ar\/#organization\"},\"potentialAction\":[{\"@type\":\"SearchAction\",\"target\":{\"@type\":\"EntryPoint\",\"urlTemplate\":\"https:\/\/tay-sir.com\/ar\/?s={search_term_string}\"},\"query-input\":{\"@type\":\"PropertyValueSpecification\",\"valueRequired\":true,\"valueName\":\"search_term_string\"}}],\"inLanguage\":\"ar\"},{\"@type\":\"Organization\",\"@id\":\"https:\/\/tay-sir.com\/ar\/#organization\",\"name\":\"Taysir\",\"url\":\"https:\/\/tay-sir.com\/ar\/\",\"logo\":{\"@type\":\"ImageObject\",\"inLanguage\":\"ar\",\"@id\":\"https:\/\/tay-sir.com\/ar\/#\/schema\/logo\/image\/\",\"url\":\"https:\/\/tay-sir.com\/wp-content\/uploads\/2024\/10\/profil.jpg\",\"contentUrl\":\"https:\/\/tay-sir.com\/wp-content\/uploads\/2024\/10\/profil.jpg\",\"width\":1024,\"height\":1024,\"caption\":\"Taysir\"},\"image\":{\"@id\":\"https:\/\/tay-sir.com\/ar\/#\/schema\/logo\/image\/\"},\"sameAs\":[\"https:\/\/www.facebook.com\/profile.php?id=61566201523117\",\"https:\/\/www.tiktok.com\/@taysir31000?fbclid=IwY2xjawFor1xleHRuA2FlbQIxMAABHQqa6Ko0Z_QFAZb-7Bltxo0G0y0YuIXxVxPenEAWDkGyOgZp7D3Bq1oJAA_aem_TiTB-X9kxzhzORQbwqQiYw\",\"https:\/\/www.instagram.com\/taysirfacilite\/\"]}]}<\/script>\n<!-- \/ Yoast SEO plugin. -->","yoast_head_json":{"title":"Moulinex CE859800 - Maslak","robots":{"index":"index","follow":"follow","max-snippet":"max-snippet:-1","max-image-preview":"max-image-preview:large","max-video-preview":"max-video-preview:-1"},"canonical":"https:\/\/tay-sir.com\/ar\/product\/moulinex-ce859800\/","og_locale":"ar_AR","og_type":"article","og_title":"Moulinex CE859800 - Maslak","og_description":"Gamme produit de cuisson :Cookeo Fonctionnalit\u00e9s appareils de cuisson :Arr\u00eat automatique Minuterie :D\u00e9part diff\u00e9r\u00e9 Fonctions appareil de cuisson : Cuiseur","og_url":"https:\/\/tay-sir.com\/ar\/product\/moulinex-ce859800\/","og_site_name":"Maslak","article_publisher":"https:\/\/www.facebook.com\/profile.php?id=61566201523117","article_modified_time":"2024-10-23T13:28:18+00:00","og_image":[{"width":647,"height":647,"url":"https:\/\/tay-sir.com\/wp-content\/uploads\/2024\/08\/Digital-MLX_CE859800_7211004235_H2.jpg","type":"image\/jpeg"}],"twitter_card":"summary_large_image","twitter_misc":{"\u0648\u0642\u062a \u0627\u0644\u0642\u0631\u0627\u0621\u0629 \u0627\u0644\u0645\u064f\u0642\u062f\u0651\u0631":"\u062f\u0642\u064a\u0642\u0629 \u0648\u0627\u062d\u062f\u0629"},"schema":{"@context":"https:\/\/schema.org","@graph":[{"@type":"WebPage","@id":"https:\/\/tay-sir.com\/produit\/moulinex-ce859800\/","url":"https:\/\/tay-sir.com\/produit\/moulinex-ce859800\/","name":"Moulinex CE859800 - Maslak","isPartOf":{"@id":"https:\/\/tay-sir.com\/ar\/#website"},"primaryImageOfPage":{"@id":"https:\/\/tay-sir.com\/produit\/moulinex-ce859800\/#primaryimage"},"image":{"@id":"https:\/\/tay-sir.com\/produit\/moulinex-ce859800\/#primaryimage"},"thumbnailUrl":"https:\/\/tay-sir.com\/wp-content\/uploads\/2024\/08\/Digital-MLX_CE859800_7211004235_H2.jpg","datePublished":"2024-08-20T09:22:28+00:00","dateModified":"2024-10-23T13:28:18+00:00","breadcrumb":{"@id":"https:\/\/tay-sir.com\/produit\/moulinex-ce859800\/#breadcrumb"},"inLanguage":"ar","potentialAction":[{"@type":"ReadAction","target":["https:\/\/tay-sir.com\/produit\/moulinex-ce859800\/"]}]},{"@type":"ImageObject","inLanguage":"ar","@id":"https:\/\/tay-sir.com\/produit\/moulinex-ce859800\/#primaryimage","url":"https:\/\/tay-sir.com\/wp-content\/uploads\/2024\/08\/Digital-MLX_CE859800_7211004235_H2.jpg","contentUrl":"https:\/\/tay-sir.com\/wp-content\/uploads\/2024\/08\/Digital-MLX_CE859800_7211004235_H2.jpg","width":647,"height":647},{"@type":"BreadcrumbList","@id":"https:\/\/tay-sir.com\/produit\/moulinex-ce859800\/#breadcrumb","itemListElement":[{"@type":"ListItem","position":1,"name":"Home","item":"https:\/\/tay-sir.com\/ar\/"},{"@type":"ListItem","position":2,"name":"Boutique","item":"https:\/\/tay-sir.com\/boutique\/"},{"@type":"ListItem","position":3,"name":"Moulinex CE859800"}]},{"@type":"WebSite","@id":"https:\/\/tay-sir.com\/ar\/#website","url":"https:\/\/tay-sir.com\/ar\/","name":"TAY-SIR.com","description":"plateforme e-commerce avec financement islamique digital en ligne","publisher":{"@id":"https:\/\/tay-sir.com\/ar\/#organization"},"potentialAction":[{"@type":"SearchAction","target":{"@type":"EntryPoint","urlTemplate":"https:\/\/tay-sir.com\/ar\/?s={search_term_string}"},"query-input":{"@type":"PropertyValueSpecification","valueRequired":true,"valueName":"search_term_string"}}],"inLanguage":"ar"},{"@type":"Organization","@id":"https:\/\/tay-sir.com\/ar\/#organization","name":"Taysir","url":"https:\/\/tay-sir.com\/ar\/","logo":{"@type":"ImageObject","inLanguage":"ar","@id":"https:\/\/tay-sir.com\/ar\/#\/schema\/logo\/image\/","url":"https:\/\/tay-sir.com\/wp-content\/uploads\/2024\/10\/profil.jpg","contentUrl":"https:\/\/tay-sir.com\/wp-content\/uploads\/2024\/10\/profil.jpg","width":1024,"height":1024,"caption":"Taysir"},"image":{"@id":"https:\/\/tay-sir.com\/ar\/#\/schema\/logo\/image\/"},"sameAs":["https:\/\/www.facebook.com\/profile.php?id=61566201523117","https:\/\/www.tiktok.com\/@taysir31000?fbclid=IwY2xjawFor1xleHRuA2FlbQIxMAABHQqa6Ko0Z_QFAZb-7Bltxo0G0y0YuIXxVxPenEAWDkGyOgZp7D3Bq1oJAA_aem_TiTB-X9kxzhzORQbwqQiYw","https:\/\/www.instagram.com\/taysirfacilite\/"]}]}},"_links":{"self":[{"href":"https:\/\/tay-sir.com\/ar\/wp-json\/wp\/v2\/product\/28980","targetHints":{"allow":["GET"]}}],"collection":[{"href":"https:\/\/tay-sir.com\/ar\/wp-json\/wp\/v2\/product"}],"about":[{"href":"https:\/\/tay-sir.com\/ar\/wp-json\/wp\/v2\/types\/product"}],"replies":[{"embeddable":true,"href":"https:\/\/tay-sir.com\/ar\/wp-json\/wp\/v2\/comments?post=28980"}],"version-history":[{"count":2,"href":"https:\/\/tay-sir.com\/ar\/wp-json\/wp\/v2\/product\/28980\/revisions"}],"predecessor-version":[{"id":30081,"href":"https:\/\/tay-sir.com\/ar\/wp-json\/wp\/v2\/product\/28980\/revisions\/30081"}],"wp:featuredmedia":[{"embeddable":true,"href":"https:\/\/tay-sir.com\/ar\/wp-json\/wp\/v2\/media\/28979"}],"wp:attachment":[{"href":"https:\/\/tay-sir.com\/ar\/wp-json\/wp\/v2\/media?parent=28980"}],"wp:term":[{"taxonomy":"product_brand","embeddable":true,"href":"https:\/\/tay-sir.com\/ar\/wp-json\/wp\/v2\/product_brand?post=28980"},{"taxonomy":"product_cat","embeddable":true,"href":"https:\/\/tay-sir.com\/ar\/wp-json\/wp\/v2\/product_cat?post=28980"},{"taxonomy":"product_tag","embeddable":true,"href":"https:\/\/tay-sir.com\/ar\/wp-json\/wp\/v2\/product_tag?post=28980"}],"curies":[{"name":"wp","href":"https:\/\/api.w.org\/{rel}","templated":true}]}}