{"id":28985,"date":"2024-08-20T10:25:26","date_gmt":"2024-08-20T09:25:26","guid":{"rendered":"https:\/\/tay-sir.com\/?post_type=product&#038;p=28985"},"modified":"2024-10-23T11:29:30","modified_gmt":"2024-10-23T10:29:30","slug":"seb-p4221417-07","status":"publish","type":"product","link":"https:\/\/tay-sir.com\/ar\/product\/seb-p4221417-07\/","title":{"rendered":"Seb P4221417\/07"},"content":{"rendered":"<p><span data-sheets-root=\"1\">Marque SEB<br \/>\nCapacit\u00e9 8 Litres<br \/>\nMat\u00e9riau Acier inoxydable<br \/>\nCouleur Noire<br \/>\nType de finition M\u00e9tallique<br \/>\nCaract\u00e9ristique sp\u00e9ciale Induction, Autocuiseur<br \/>\nPuissance 1000 Watts<br \/>\nPoids de l&rsquo;article 4,94 Kilogrammes<br \/>\nType de contr\u00f4leur Contr\u00f4le manuel<br \/>\nMode de fonctionnement Automatique<br \/>\nVoir moins<br \/>\n\u00c0 propos de cet article<br \/>\nCUISSON SOUS PRESSION : autocuiseur 6L (pour 4\/6 personnes) en acier inoxydable<br \/>\nPRESERVE : la texture et le go\u00fbt des aliments<br \/>\n4 PROGRAMMES DE CUISSON EXCLUSIFS : l\u00e9gumes, c\u00e9r\u00e9ales\/l\u00e9gumineuses, viande et poisson ; mode final cuisson douce<br \/>\nMINUTEUR INTEGRE : d\u00e9marre automatiquement d\u00e8s la temp\u00e9rature id\u00e9ale atteinte<br \/>\nINCLUS : livret de 40 recettes, panier vapeur en acier inoxydable ; application mobile gratuite de 300 recettes \u00ab\u00a0Smart&amp;Tasty\u00a0\u00bb<br \/>\nGARANTIE : 10 ans pour la cuve inox ; PIECES DE RECHANGE : disponibles pendant au moins 10 ans apr\u00e8s l&rsquo;achat<br \/>\nFACILE A OUVRIR : s&rsquo;ouvre d&rsquo;une seule main<br \/>\nFABRIQUE EN France<br \/>\nSECURITE : Cocotte-minute test\u00e9e pour 30 ans de s\u00e9curit\u00e9<br \/>\nACCESSOIRES COMPATIBLES : panier vapeur SS-981199, joint X1010003, minuteur X1060001<\/span><\/p>","protected":false},"excerpt":{"rendered":"<p>Marque SEB Capacit\u00e9 8 Litres Mat\u00e9riau Acier inoxydable Couleur Noire Type de finition M\u00e9tallique Caract\u00e9ristique sp\u00e9ciale Induction, Autocuiseur Puissance 1000<\/p>","protected":false},"featured_media":30412,"comment_status":"open","ping_status":"closed","template":"","meta":[],"product_brand":[],"product_cat":[17,223],"product_tag":[],"class_list":{"0":"post-28985","1":"product","2":"type-product","3":"status-publish","4":"has-post-thumbnail","6":"product_cat-electro-menager","7":"product_cat-auto-cuiseur","9":"first","10":"instock","11":"shipping-taxable","12":"purchasable","13":"product-type-variable"},"yoast_head":"<!-- This site is optimized with the Yoast SEO plugin v24.9 - https:\/\/yoast.com\/wordpress\/plugins\/seo\/ -->\n<title>Seb P4221417\/07 - Maslak<\/title>\n<meta name=\"robots\" content=\"index, follow, max-snippet:-1, max-image-preview:large, max-video-preview:-1\" \/>\n<link rel=\"canonical\" href=\"https:\/\/tay-sir.com\/ar\/product\/seb-p4221417-07\/\" \/>\n<meta property=\"og:locale\" content=\"ar_AR\" \/>\n<meta property=\"og:type\" content=\"article\" \/>\n<meta property=\"og:title\" content=\"Seb P4221417\/07 - Maslak\" \/>\n<meta property=\"og:description\" content=\"Marque SEB Capacit\u00e9 8 Litres Mat\u00e9riau Acier inoxydable Couleur Noire Type de finition M\u00e9tallique Caract\u00e9ristique sp\u00e9ciale Induction, Autocuiseur Puissance 1000\" \/>\n<meta property=\"og:url\" content=\"https:\/\/tay-sir.com\/ar\/product\/seb-p4221417-07\/\" \/>\n<meta property=\"og:site_name\" content=\"Maslak\" \/>\n<meta property=\"article:publisher\" content=\"https:\/\/www.facebook.com\/profile.php?id=61566201523117\" \/>\n<meta property=\"article:modified_time\" content=\"2024-10-23T10:29:30+00:00\" \/>\n<meta property=\"og:image\" content=\"https:\/\/tay-sir.com\/wp-content\/uploads\/2024\/08\/Seb-P42.jpg\" \/>\n\t<meta property=\"og:image:width\" content=\"400\" \/>\n\t<meta property=\"og:image:height\" content=\"400\" \/>\n\t<meta property=\"og:image:type\" content=\"image\/jpeg\" \/>\n<meta name=\"twitter:card\" content=\"summary_large_image\" \/>\n<meta name=\"twitter:label1\" content=\"\u0648\u0642\u062a \u0627\u0644\u0642\u0631\u0627\u0621\u0629 \u0627\u0644\u0645\u064f\u0642\u062f\u0651\u0631\" \/>\n\t<meta name=\"twitter:data1\" content=\"\u062f\u0642\u064a\u0642\u0629 \u0648\u0627\u062d\u062f\u0629\" \/>\n<script type=\"application\/ld+json\" class=\"yoast-schema-graph\">{\"@context\":\"https:\/\/schema.org\",\"@graph\":[{\"@type\":\"WebPage\",\"@id\":\"https:\/\/tay-sir.com\/produit\/seb-p4221417-07\/\",\"url\":\"https:\/\/tay-sir.com\/produit\/seb-p4221417-07\/\",\"name\":\"Seb P4221417\/07 - Maslak\",\"isPartOf\":{\"@id\":\"https:\/\/tay-sir.com\/ar\/#website\"},\"primaryImageOfPage\":{\"@id\":\"https:\/\/tay-sir.com\/produit\/seb-p4221417-07\/#primaryimage\"},\"image\":{\"@id\":\"https:\/\/tay-sir.com\/produit\/seb-p4221417-07\/#primaryimage\"},\"thumbnailUrl\":\"https:\/\/tay-sir.com\/wp-content\/uploads\/2024\/08\/Seb-P42.jpg\",\"datePublished\":\"2024-08-20T09:25:26+00:00\",\"dateModified\":\"2024-10-23T10:29:30+00:00\",\"breadcrumb\":{\"@id\":\"https:\/\/tay-sir.com\/produit\/seb-p4221417-07\/#breadcrumb\"},\"inLanguage\":\"ar\",\"potentialAction\":[{\"@type\":\"ReadAction\",\"target\":[\"https:\/\/tay-sir.com\/produit\/seb-p4221417-07\/\"]}]},{\"@type\":\"ImageObject\",\"inLanguage\":\"ar\",\"@id\":\"https:\/\/tay-sir.com\/produit\/seb-p4221417-07\/#primaryimage\",\"url\":\"https:\/\/tay-sir.com\/wp-content\/uploads\/2024\/08\/Seb-P42.jpg\",\"contentUrl\":\"https:\/\/tay-sir.com\/wp-content\/uploads\/2024\/08\/Seb-P42.jpg\",\"width\":400,\"height\":400},{\"@type\":\"BreadcrumbList\",\"@id\":\"https:\/\/tay-sir.com\/produit\/seb-p4221417-07\/#breadcrumb\",\"itemListElement\":[{\"@type\":\"ListItem\",\"position\":1,\"name\":\"Home\",\"item\":\"https:\/\/tay-sir.com\/ar\/\"},{\"@type\":\"ListItem\",\"position\":2,\"name\":\"Boutique\",\"item\":\"https:\/\/tay-sir.com\/boutique\/\"},{\"@type\":\"ListItem\",\"position\":3,\"name\":\"Seb P4221417\/07\"}]},{\"@type\":\"WebSite\",\"@id\":\"https:\/\/tay-sir.com\/ar\/#website\",\"url\":\"https:\/\/tay-sir.com\/ar\/\",\"name\":\"TAY-SIR.com\",\"description\":\"plateforme e-commerce avec financement islamique digital en ligne\",\"publisher\":{\"@id\":\"https:\/\/tay-sir.com\/ar\/#organization\"},\"potentialAction\":[{\"@type\":\"SearchAction\",\"target\":{\"@type\":\"EntryPoint\",\"urlTemplate\":\"https:\/\/tay-sir.com\/ar\/?s={search_term_string}\"},\"query-input\":{\"@type\":\"PropertyValueSpecification\",\"valueRequired\":true,\"valueName\":\"search_term_string\"}}],\"inLanguage\":\"ar\"},{\"@type\":\"Organization\",\"@id\":\"https:\/\/tay-sir.com\/ar\/#organization\",\"name\":\"Taysir\",\"url\":\"https:\/\/tay-sir.com\/ar\/\",\"logo\":{\"@type\":\"ImageObject\",\"inLanguage\":\"ar\",\"@id\":\"https:\/\/tay-sir.com\/ar\/#\/schema\/logo\/image\/\",\"url\":\"https:\/\/tay-sir.com\/wp-content\/uploads\/2024\/10\/profil.jpg\",\"contentUrl\":\"https:\/\/tay-sir.com\/wp-content\/uploads\/2024\/10\/profil.jpg\",\"width\":1024,\"height\":1024,\"caption\":\"Taysir\"},\"image\":{\"@id\":\"https:\/\/tay-sir.com\/ar\/#\/schema\/logo\/image\/\"},\"sameAs\":[\"https:\/\/www.facebook.com\/profile.php?id=61566201523117\",\"https:\/\/www.tiktok.com\/@taysir31000?fbclid=IwY2xjawFor1xleHRuA2FlbQIxMAABHQqa6Ko0Z_QFAZb-7Bltxo0G0y0YuIXxVxPenEAWDkGyOgZp7D3Bq1oJAA_aem_TiTB-X9kxzhzORQbwqQiYw\",\"https:\/\/www.instagram.com\/taysirfacilite\/\"]}]}<\/script>\n<!-- \/ Yoast SEO plugin. -->","yoast_head_json":{"title":"Seb P4221417\/07 - Maslak","robots":{"index":"index","follow":"follow","max-snippet":"max-snippet:-1","max-image-preview":"max-image-preview:large","max-video-preview":"max-video-preview:-1"},"canonical":"https:\/\/tay-sir.com\/ar\/product\/seb-p4221417-07\/","og_locale":"ar_AR","og_type":"article","og_title":"Seb P4221417\/07 - Maslak","og_description":"Marque SEB Capacit\u00e9 8 Litres Mat\u00e9riau Acier inoxydable Couleur Noire Type de finition M\u00e9tallique Caract\u00e9ristique sp\u00e9ciale Induction, Autocuiseur Puissance 1000","og_url":"https:\/\/tay-sir.com\/ar\/product\/seb-p4221417-07\/","og_site_name":"Maslak","article_publisher":"https:\/\/www.facebook.com\/profile.php?id=61566201523117","article_modified_time":"2024-10-23T10:29:30+00:00","og_image":[{"width":400,"height":400,"url":"https:\/\/tay-sir.com\/wp-content\/uploads\/2024\/08\/Seb-P42.jpg","type":"image\/jpeg"}],"twitter_card":"summary_large_image","twitter_misc":{"\u0648\u0642\u062a \u0627\u0644\u0642\u0631\u0627\u0621\u0629 \u0627\u0644\u0645\u064f\u0642\u062f\u0651\u0631":"\u062f\u0642\u064a\u0642\u0629 \u0648\u0627\u062d\u062f\u0629"},"schema":{"@context":"https:\/\/schema.org","@graph":[{"@type":"WebPage","@id":"https:\/\/tay-sir.com\/produit\/seb-p4221417-07\/","url":"https:\/\/tay-sir.com\/produit\/seb-p4221417-07\/","name":"Seb P4221417\/07 - Maslak","isPartOf":{"@id":"https:\/\/tay-sir.com\/ar\/#website"},"primaryImageOfPage":{"@id":"https:\/\/tay-sir.com\/produit\/seb-p4221417-07\/#primaryimage"},"image":{"@id":"https:\/\/tay-sir.com\/produit\/seb-p4221417-07\/#primaryimage"},"thumbnailUrl":"https:\/\/tay-sir.com\/wp-content\/uploads\/2024\/08\/Seb-P42.jpg","datePublished":"2024-08-20T09:25:26+00:00","dateModified":"2024-10-23T10:29:30+00:00","breadcrumb":{"@id":"https:\/\/tay-sir.com\/produit\/seb-p4221417-07\/#breadcrumb"},"inLanguage":"ar","potentialAction":[{"@type":"ReadAction","target":["https:\/\/tay-sir.com\/produit\/seb-p4221417-07\/"]}]},{"@type":"ImageObject","inLanguage":"ar","@id":"https:\/\/tay-sir.com\/produit\/seb-p4221417-07\/#primaryimage","url":"https:\/\/tay-sir.com\/wp-content\/uploads\/2024\/08\/Seb-P42.jpg","contentUrl":"https:\/\/tay-sir.com\/wp-content\/uploads\/2024\/08\/Seb-P42.jpg","width":400,"height":400},{"@type":"BreadcrumbList","@id":"https:\/\/tay-sir.com\/produit\/seb-p4221417-07\/#breadcrumb","itemListElement":[{"@type":"ListItem","position":1,"name":"Home","item":"https:\/\/tay-sir.com\/ar\/"},{"@type":"ListItem","position":2,"name":"Boutique","item":"https:\/\/tay-sir.com\/boutique\/"},{"@type":"ListItem","position":3,"name":"Seb P4221417\/07"}]},{"@type":"WebSite","@id":"https:\/\/tay-sir.com\/ar\/#website","url":"https:\/\/tay-sir.com\/ar\/","name":"TAY-SIR.com","description":"plateforme e-commerce avec financement islamique digital en ligne","publisher":{"@id":"https:\/\/tay-sir.com\/ar\/#organization"},"potentialAction":[{"@type":"SearchAction","target":{"@type":"EntryPoint","urlTemplate":"https:\/\/tay-sir.com\/ar\/?s={search_term_string}"},"query-input":{"@type":"PropertyValueSpecification","valueRequired":true,"valueName":"search_term_string"}}],"inLanguage":"ar"},{"@type":"Organization","@id":"https:\/\/tay-sir.com\/ar\/#organization","name":"Taysir","url":"https:\/\/tay-sir.com\/ar\/","logo":{"@type":"ImageObject","inLanguage":"ar","@id":"https:\/\/tay-sir.com\/ar\/#\/schema\/logo\/image\/","url":"https:\/\/tay-sir.com\/wp-content\/uploads\/2024\/10\/profil.jpg","contentUrl":"https:\/\/tay-sir.com\/wp-content\/uploads\/2024\/10\/profil.jpg","width":1024,"height":1024,"caption":"Taysir"},"image":{"@id":"https:\/\/tay-sir.com\/ar\/#\/schema\/logo\/image\/"},"sameAs":["https:\/\/www.facebook.com\/profile.php?id=61566201523117","https:\/\/www.tiktok.com\/@taysir31000?fbclid=IwY2xjawFor1xleHRuA2FlbQIxMAABHQqa6Ko0Z_QFAZb-7Bltxo0G0y0YuIXxVxPenEAWDkGyOgZp7D3Bq1oJAA_aem_TiTB-X9kxzhzORQbwqQiYw","https:\/\/www.instagram.com\/taysirfacilite\/"]}]}},"_links":{"self":[{"href":"https:\/\/tay-sir.com\/ar\/wp-json\/wp\/v2\/product\/28985","targetHints":{"allow":["GET"]}}],"collection":[{"href":"https:\/\/tay-sir.com\/ar\/wp-json\/wp\/v2\/product"}],"about":[{"href":"https:\/\/tay-sir.com\/ar\/wp-json\/wp\/v2\/types\/product"}],"replies":[{"embeddable":true,"href":"https:\/\/tay-sir.com\/ar\/wp-json\/wp\/v2\/comments?post=28985"}],"version-history":[{"count":1,"href":"https:\/\/tay-sir.com\/ar\/wp-json\/wp\/v2\/product\/28985\/revisions"}],"predecessor-version":[{"id":28987,"href":"https:\/\/tay-sir.com\/ar\/wp-json\/wp\/v2\/product\/28985\/revisions\/28987"}],"wp:featuredmedia":[{"embeddable":true,"href":"https:\/\/tay-sir.com\/ar\/wp-json\/wp\/v2\/media\/30412"}],"wp:attachment":[{"href":"https:\/\/tay-sir.com\/ar\/wp-json\/wp\/v2\/media?parent=28985"}],"wp:term":[{"taxonomy":"product_brand","embeddable":true,"href":"https:\/\/tay-sir.com\/ar\/wp-json\/wp\/v2\/product_brand?post=28985"},{"taxonomy":"product_cat","embeddable":true,"href":"https:\/\/tay-sir.com\/ar\/wp-json\/wp\/v2\/product_cat?post=28985"},{"taxonomy":"product_tag","embeddable":true,"href":"https:\/\/tay-sir.com\/ar\/wp-json\/wp\/v2\/product_tag?post=28985"}],"curies":[{"name":"wp","href":"https:\/\/api.w.org\/{rel}","templated":true}]}}