{"id":28988,"date":"2024-08-20T10:26:30","date_gmt":"2024-08-20T09:26:30","guid":{"rendered":"https:\/\/tay-sir.com\/?post_type=product&#038;p=28988"},"modified":"2024-10-23T11:27:58","modified_gmt":"2024-10-23T10:27:58","slug":"seb-p4624825","status":"publish","type":"product","link":"https:\/\/tay-sir.com\/ar\/product\/seb-p4624825\/","title":{"rendered":"Seb P4624825"},"content":{"rendered":"<p><span data-sheets-root=\"1\">Type d&rsquo;accessoire de cuisson: Cocotte faitout marmite<br \/>\nConnect\u00e9: Oui Application gratuite Smart&amp;Tasty<br \/>\nCapacit\u00e9; 7,5 litres<br \/>\nContenance, 7,5 litres<br \/>\nMati\u00e8re principale: Acier inoxydable<br \/>\nColoris: gris<br \/>\nRev\u00eatement ext\u00e9rieur: Acier inoxydable poli effet miroir<br \/>\nRev\u00eatement int\u00e9rieur: Acier inoxydable effet brosse<br \/>\nCaract\u00e9ristiques compl\u00e9mentaires<br \/>\nPour 6 \u00e0 8 Personnes ; Valveprogressive pour contr\u00f4ler la vitesse de lib\u00e9ration de la vapeur, limitantl&rsquo;\u00e9mulsion et assurant une cuisson en toute s\u00e9curit\u00e9 ; Gr\u00e2ce \u00e0 soning\u00e9nieux syst\u00e8me de s\u00e9curit\u00e9 en 5 points, votre cocotte minute vous garantitune s\u00e9curit\u00e9 totale jour apr\u00e8s jour, pour une totale tranquillit\u00e9 d&rsquo;esprit ;Syst\u00e8me d&rsquo;ouverture\/de fermeture Syst\u00e8me Arch<\/span><\/p>\n<p>Couleur; Argent et Noir<br \/>\nCompatibilit\u00e9s: Compatible tous feux dont induction<br \/>\nLavable en lave vaisselle: oui<br \/>\nLongueur du produit: 27,8 cm<br \/>\nLargeur du produit: 39,5 cm<br \/>\nHauteur du produit: 22 cm<br \/>\nPoids du produit: 3100 g<br \/>\nPoids: 3.1 kg<br \/>\nDimensions: 39,5 x 27,8 x 22 cm<br \/>\nDisponibilit\u00e9 des pi\u00e8ces d\u00e9tach\u00e9es: 15 ANS<br \/>\nOrigine de fabrication: Fabriqu\u00e9 en France<br \/>\nSKU: 9187828<\/p>\n<p>EAN<br \/>\n3045380018228<\/p>","protected":false},"excerpt":{"rendered":"<p>Type d&rsquo;accessoire de cuisson: Cocotte faitout marmite Connect\u00e9: Oui Application gratuite Smart&amp;Tasty Capacit\u00e9; 7,5 litres Contenance, 7,5 litres Mati\u00e8re principale:<\/p>","protected":false},"featured_media":28989,"comment_status":"open","ping_status":"closed","template":"","meta":[],"product_brand":[],"product_cat":[17,223],"product_tag":[],"class_list":{"0":"post-28988","1":"product","2":"type-product","3":"status-publish","4":"has-post-thumbnail","6":"product_cat-electro-menager","7":"product_cat-auto-cuiseur","9":"first","10":"instock","11":"shipping-taxable","12":"purchasable","13":"product-type-variable"},"yoast_head":"<!-- This site is optimized with the Yoast SEO plugin v24.9 - https:\/\/yoast.com\/wordpress\/plugins\/seo\/ -->\n<title>Seb P4624825 - Maslak<\/title>\n<meta name=\"robots\" content=\"index, follow, max-snippet:-1, max-image-preview:large, max-video-preview:-1\" \/>\n<link rel=\"canonical\" href=\"https:\/\/tay-sir.com\/ar\/product\/seb-p4624825\/\" \/>\n<meta property=\"og:locale\" content=\"ar_AR\" \/>\n<meta property=\"og:type\" content=\"article\" \/>\n<meta property=\"og:title\" content=\"Seb P4624825 - Maslak\" \/>\n<meta property=\"og:description\" content=\"Type d&rsquo;accessoire de cuisson: Cocotte faitout marmite Connect\u00e9: Oui Application gratuite Smart&amp;Tasty Capacit\u00e9; 7,5 litres Contenance, 7,5 litres Mati\u00e8re principale:\" \/>\n<meta property=\"og:url\" content=\"https:\/\/tay-sir.com\/ar\/product\/seb-p4624825\/\" \/>\n<meta property=\"og:site_name\" content=\"Maslak\" \/>\n<meta property=\"article:publisher\" content=\"https:\/\/www.facebook.com\/profile.php?id=61566201523117\" \/>\n<meta property=\"article:modified_time\" content=\"2024-10-23T10:27:58+00:00\" \/>\n<meta property=\"og:image\" content=\"https:\/\/tay-sir.com\/wp-content\/uploads\/2024\/08\/download-1.jpg\" \/>\n\t<meta property=\"og:image:width\" content=\"345\" \/>\n\t<meta property=\"og:image:height\" content=\"345\" \/>\n\t<meta property=\"og:image:type\" content=\"image\/jpeg\" \/>\n<meta name=\"twitter:card\" content=\"summary_large_image\" \/>\n<meta name=\"twitter:label1\" content=\"\u0648\u0642\u062a \u0627\u0644\u0642\u0631\u0627\u0621\u0629 \u0627\u0644\u0645\u064f\u0642\u062f\u0651\u0631\" \/>\n\t<meta name=\"twitter:data1\" content=\"\u062f\u0642\u064a\u0642\u0629 \u0648\u0627\u062d\u062f\u0629\" \/>\n<script type=\"application\/ld+json\" class=\"yoast-schema-graph\">{\"@context\":\"https:\/\/schema.org\",\"@graph\":[{\"@type\":\"WebPage\",\"@id\":\"https:\/\/tay-sir.com\/produit\/seb-p4624825\/\",\"url\":\"https:\/\/tay-sir.com\/produit\/seb-p4624825\/\",\"name\":\"Seb P4624825 - Maslak\",\"isPartOf\":{\"@id\":\"https:\/\/tay-sir.com\/ar\/#website\"},\"primaryImageOfPage\":{\"@id\":\"https:\/\/tay-sir.com\/produit\/seb-p4624825\/#primaryimage\"},\"image\":{\"@id\":\"https:\/\/tay-sir.com\/produit\/seb-p4624825\/#primaryimage\"},\"thumbnailUrl\":\"https:\/\/tay-sir.com\/wp-content\/uploads\/2024\/08\/download-1.jpg\",\"datePublished\":\"2024-08-20T09:26:30+00:00\",\"dateModified\":\"2024-10-23T10:27:58+00:00\",\"breadcrumb\":{\"@id\":\"https:\/\/tay-sir.com\/produit\/seb-p4624825\/#breadcrumb\"},\"inLanguage\":\"ar\",\"potentialAction\":[{\"@type\":\"ReadAction\",\"target\":[\"https:\/\/tay-sir.com\/produit\/seb-p4624825\/\"]}]},{\"@type\":\"ImageObject\",\"inLanguage\":\"ar\",\"@id\":\"https:\/\/tay-sir.com\/produit\/seb-p4624825\/#primaryimage\",\"url\":\"https:\/\/tay-sir.com\/wp-content\/uploads\/2024\/08\/download-1.jpg\",\"contentUrl\":\"https:\/\/tay-sir.com\/wp-content\/uploads\/2024\/08\/download-1.jpg\",\"width\":345,\"height\":345},{\"@type\":\"BreadcrumbList\",\"@id\":\"https:\/\/tay-sir.com\/produit\/seb-p4624825\/#breadcrumb\",\"itemListElement\":[{\"@type\":\"ListItem\",\"position\":1,\"name\":\"Home\",\"item\":\"https:\/\/tay-sir.com\/ar\/\"},{\"@type\":\"ListItem\",\"position\":2,\"name\":\"Boutique\",\"item\":\"https:\/\/tay-sir.com\/boutique\/\"},{\"@type\":\"ListItem\",\"position\":3,\"name\":\"Seb P4624825\"}]},{\"@type\":\"WebSite\",\"@id\":\"https:\/\/tay-sir.com\/ar\/#website\",\"url\":\"https:\/\/tay-sir.com\/ar\/\",\"name\":\"TAY-SIR.com\",\"description\":\"plateforme e-commerce avec financement islamique digital en ligne\",\"publisher\":{\"@id\":\"https:\/\/tay-sir.com\/ar\/#organization\"},\"potentialAction\":[{\"@type\":\"SearchAction\",\"target\":{\"@type\":\"EntryPoint\",\"urlTemplate\":\"https:\/\/tay-sir.com\/ar\/?s={search_term_string}\"},\"query-input\":{\"@type\":\"PropertyValueSpecification\",\"valueRequired\":true,\"valueName\":\"search_term_string\"}}],\"inLanguage\":\"ar\"},{\"@type\":\"Organization\",\"@id\":\"https:\/\/tay-sir.com\/ar\/#organization\",\"name\":\"Taysir\",\"url\":\"https:\/\/tay-sir.com\/ar\/\",\"logo\":{\"@type\":\"ImageObject\",\"inLanguage\":\"ar\",\"@id\":\"https:\/\/tay-sir.com\/ar\/#\/schema\/logo\/image\/\",\"url\":\"https:\/\/tay-sir.com\/wp-content\/uploads\/2024\/10\/profil.jpg\",\"contentUrl\":\"https:\/\/tay-sir.com\/wp-content\/uploads\/2024\/10\/profil.jpg\",\"width\":1024,\"height\":1024,\"caption\":\"Taysir\"},\"image\":{\"@id\":\"https:\/\/tay-sir.com\/ar\/#\/schema\/logo\/image\/\"},\"sameAs\":[\"https:\/\/www.facebook.com\/profile.php?id=61566201523117\",\"https:\/\/www.tiktok.com\/@taysir31000?fbclid=IwY2xjawFor1xleHRuA2FlbQIxMAABHQqa6Ko0Z_QFAZb-7Bltxo0G0y0YuIXxVxPenEAWDkGyOgZp7D3Bq1oJAA_aem_TiTB-X9kxzhzORQbwqQiYw\",\"https:\/\/www.instagram.com\/taysirfacilite\/\"]}]}<\/script>\n<!-- \/ Yoast SEO plugin. -->","yoast_head_json":{"title":"Seb P4624825 - Maslak","robots":{"index":"index","follow":"follow","max-snippet":"max-snippet:-1","max-image-preview":"max-image-preview:large","max-video-preview":"max-video-preview:-1"},"canonical":"https:\/\/tay-sir.com\/ar\/product\/seb-p4624825\/","og_locale":"ar_AR","og_type":"article","og_title":"Seb P4624825 - Maslak","og_description":"Type d&rsquo;accessoire de cuisson: Cocotte faitout marmite Connect\u00e9: Oui Application gratuite Smart&amp;Tasty Capacit\u00e9; 7,5 litres Contenance, 7,5 litres Mati\u00e8re principale:","og_url":"https:\/\/tay-sir.com\/ar\/product\/seb-p4624825\/","og_site_name":"Maslak","article_publisher":"https:\/\/www.facebook.com\/profile.php?id=61566201523117","article_modified_time":"2024-10-23T10:27:58+00:00","og_image":[{"width":345,"height":345,"url":"https:\/\/tay-sir.com\/wp-content\/uploads\/2024\/08\/download-1.jpg","type":"image\/jpeg"}],"twitter_card":"summary_large_image","twitter_misc":{"\u0648\u0642\u062a \u0627\u0644\u0642\u0631\u0627\u0621\u0629 \u0627\u0644\u0645\u064f\u0642\u062f\u0651\u0631":"\u062f\u0642\u064a\u0642\u0629 \u0648\u0627\u062d\u062f\u0629"},"schema":{"@context":"https:\/\/schema.org","@graph":[{"@type":"WebPage","@id":"https:\/\/tay-sir.com\/produit\/seb-p4624825\/","url":"https:\/\/tay-sir.com\/produit\/seb-p4624825\/","name":"Seb P4624825 - Maslak","isPartOf":{"@id":"https:\/\/tay-sir.com\/ar\/#website"},"primaryImageOfPage":{"@id":"https:\/\/tay-sir.com\/produit\/seb-p4624825\/#primaryimage"},"image":{"@id":"https:\/\/tay-sir.com\/produit\/seb-p4624825\/#primaryimage"},"thumbnailUrl":"https:\/\/tay-sir.com\/wp-content\/uploads\/2024\/08\/download-1.jpg","datePublished":"2024-08-20T09:26:30+00:00","dateModified":"2024-10-23T10:27:58+00:00","breadcrumb":{"@id":"https:\/\/tay-sir.com\/produit\/seb-p4624825\/#breadcrumb"},"inLanguage":"ar","potentialAction":[{"@type":"ReadAction","target":["https:\/\/tay-sir.com\/produit\/seb-p4624825\/"]}]},{"@type":"ImageObject","inLanguage":"ar","@id":"https:\/\/tay-sir.com\/produit\/seb-p4624825\/#primaryimage","url":"https:\/\/tay-sir.com\/wp-content\/uploads\/2024\/08\/download-1.jpg","contentUrl":"https:\/\/tay-sir.com\/wp-content\/uploads\/2024\/08\/download-1.jpg","width":345,"height":345},{"@type":"BreadcrumbList","@id":"https:\/\/tay-sir.com\/produit\/seb-p4624825\/#breadcrumb","itemListElement":[{"@type":"ListItem","position":1,"name":"Home","item":"https:\/\/tay-sir.com\/ar\/"},{"@type":"ListItem","position":2,"name":"Boutique","item":"https:\/\/tay-sir.com\/boutique\/"},{"@type":"ListItem","position":3,"name":"Seb P4624825"}]},{"@type":"WebSite","@id":"https:\/\/tay-sir.com\/ar\/#website","url":"https:\/\/tay-sir.com\/ar\/","name":"TAY-SIR.com","description":"plateforme e-commerce avec financement islamique digital en ligne","publisher":{"@id":"https:\/\/tay-sir.com\/ar\/#organization"},"potentialAction":[{"@type":"SearchAction","target":{"@type":"EntryPoint","urlTemplate":"https:\/\/tay-sir.com\/ar\/?s={search_term_string}"},"query-input":{"@type":"PropertyValueSpecification","valueRequired":true,"valueName":"search_term_string"}}],"inLanguage":"ar"},{"@type":"Organization","@id":"https:\/\/tay-sir.com\/ar\/#organization","name":"Taysir","url":"https:\/\/tay-sir.com\/ar\/","logo":{"@type":"ImageObject","inLanguage":"ar","@id":"https:\/\/tay-sir.com\/ar\/#\/schema\/logo\/image\/","url":"https:\/\/tay-sir.com\/wp-content\/uploads\/2024\/10\/profil.jpg","contentUrl":"https:\/\/tay-sir.com\/wp-content\/uploads\/2024\/10\/profil.jpg","width":1024,"height":1024,"caption":"Taysir"},"image":{"@id":"https:\/\/tay-sir.com\/ar\/#\/schema\/logo\/image\/"},"sameAs":["https:\/\/www.facebook.com\/profile.php?id=61566201523117","https:\/\/www.tiktok.com\/@taysir31000?fbclid=IwY2xjawFor1xleHRuA2FlbQIxMAABHQqa6Ko0Z_QFAZb-7Bltxo0G0y0YuIXxVxPenEAWDkGyOgZp7D3Bq1oJAA_aem_TiTB-X9kxzhzORQbwqQiYw","https:\/\/www.instagram.com\/taysirfacilite\/"]}]}},"_links":{"self":[{"href":"https:\/\/tay-sir.com\/ar\/wp-json\/wp\/v2\/product\/28988","targetHints":{"allow":["GET"]}}],"collection":[{"href":"https:\/\/tay-sir.com\/ar\/wp-json\/wp\/v2\/product"}],"about":[{"href":"https:\/\/tay-sir.com\/ar\/wp-json\/wp\/v2\/types\/product"}],"replies":[{"embeddable":true,"href":"https:\/\/tay-sir.com\/ar\/wp-json\/wp\/v2\/comments?post=28988"}],"version-history":[{"count":2,"href":"https:\/\/tay-sir.com\/ar\/wp-json\/wp\/v2\/product\/28988\/revisions"}],"predecessor-version":[{"id":30080,"href":"https:\/\/tay-sir.com\/ar\/wp-json\/wp\/v2\/product\/28988\/revisions\/30080"}],"wp:featuredmedia":[{"embeddable":true,"href":"https:\/\/tay-sir.com\/ar\/wp-json\/wp\/v2\/media\/28989"}],"wp:attachment":[{"href":"https:\/\/tay-sir.com\/ar\/wp-json\/wp\/v2\/media?parent=28988"}],"wp:term":[{"taxonomy":"product_brand","embeddable":true,"href":"https:\/\/tay-sir.com\/ar\/wp-json\/wp\/v2\/product_brand?post=28988"},{"taxonomy":"product_cat","embeddable":true,"href":"https:\/\/tay-sir.com\/ar\/wp-json\/wp\/v2\/product_cat?post=28988"},{"taxonomy":"product_tag","embeddable":true,"href":"https:\/\/tay-sir.com\/ar\/wp-json\/wp\/v2\/product_tag?post=28988"}],"curies":[{"name":"wp","href":"https:\/\/api.w.org\/{rel}","templated":true}]}}