{"id":29003,"date":"2024-08-20T10:39:34","date_gmt":"2024-08-20T09:39:34","guid":{"rendered":"https:\/\/tay-sir.com\/produit\/calor-dt8230c0\/"},"modified":"2024-10-27T15:50:17","modified_gmt":"2024-10-27T14:50:17","slug":"calor-dt8230c0","status":"publish","type":"product","link":"https:\/\/tay-sir.com\/ar\/product\/calor-dt8230c0\/","title":{"rendered":"Calor DT8230C0"},"content":{"rendered":"<p>Marque Calor<br \/>\nCouleur Brumeux<br \/>\nPoids de l&rsquo;article 1,4 Kilogrammes<br \/>\nStyle 1 accessoire<br \/>\nPuissance 2000 Watts<br \/>\nTension 200 Volts<br \/>\nCapacit\u00e9 200 Millilitres<br \/>\nFabricant Groupe SEB<br \/>\nVoir moins<br \/>\n\u00c0 propos de cet article<br \/>\nVAPEUR PUISSANTE : D\u00e9froisseur \u00e0 main tr\u00e8s efficace pour d\u00e9froisser, d\u00e9poussi\u00e9rer et assainir, qui r\u00e9pond \u00e0 tous vos besoins<br \/>\n\u00c9LIMINE LA POUSSI\u00c8RE ET LA SALET\u00c9 : La brosse en microfibre \u00e9limine les cheveux, la poussi\u00e8re et les peluches de tous les types de v\u00eatements et de textiles, tout en les assainissant gr\u00e2ce \u00e0 trois microfibres int\u00e9gr\u00e9es<br \/>\nTOUJOURS PR\u00caT : Profitez de r\u00e9sultats ultra-rapides gr\u00e2ce \u00e0 un temps de chauffe d&rsquo;\u00e0 peine 25 secondes<br \/>\nVAPEUR ASSAINISSANTE : Une puissance vapeur qui rafra\u00eechit et assainit sans d\u00e9tergents ni produits chimiques, tuant jusqu&rsquo;\u00e0 99,99 % des bact\u00e9ries, des virus et des germes (Tests externes effectu\u00e9s dans des laboratoires ind\u00e9pendants, en appliquant l&rsquo;appareil sur un tissu en coton et en vaporisant lentement d&rsquo;avant en arri\u00e8re 3 fois)<br \/>\nR\u00c9PARABILIT\u00c9 15 ANS AU JUSTE PRIX : engagement de r\u00e9parabilit\u00e9 15 ans au juste prix gr\u00e2ce \u00e0 notre r\u00e9seau de 6200 r\u00e9parateurs dans le monde, pour contribuer \u00e0 la protection de l\u2019environnement et \u00e0 la r\u00e9duction des d\u00e9chets<br \/>\nPORTABILIT\u00c9 IMM\u00c9DIATE : Les v\u00eatements sont agr\u00e9ablement secs et pr\u00eats \u00e0 \u00eatre port\u00e9s imm\u00e9diatement apr\u00e8s le d\u00e9froissage gr\u00e2ce \u00e0 la nouvelle technologie de semelle chauffante qui r\u00e9duit la condensation<br \/>\nS\u00dbR POUR TOUS LES TEXTILES : La technologie Smart Temp s&rsquo;adapte \u00e0 tous les v\u00eatements et linge de maison, repassables ou non, m\u00eame les plus d\u00e9licats, sans risque de brillance ou de br\u00fblure<br \/>\nFACILE \u00c0 UTILISER : R\u00e9servoir d&rsquo;eau amovible de 190 ml, long cordon d&rsquo;alimentation, base autonome, deux r\u00e9glages de vapeur faciles \u00e0 utiliser et syst\u00e8me d&rsquo;arr\u00eat automatique pour une s\u00e9r\u00e9nit\u00e9 totale<br \/>\n\u00c9valuations clients par caract\u00e9ristique<\/p>","protected":false},"excerpt":{"rendered":"<p>Marque Calor Couleur Brumeux Poids de l&rsquo;article 1,4 Kilogrammes Style 1 accessoire Puissance 2000 Watts Tension 200 Volts Capacit\u00e9 200<\/p>","protected":false},"featured_media":29002,"comment_status":"open","ping_status":"closed","template":"","meta":[],"product_brand":[],"product_cat":[17,227],"product_tag":[],"class_list":{"0":"post-29003","1":"product","2":"type-product","3":"status-publish","4":"has-post-thumbnail","6":"product_cat-electro-menager","7":"product_cat-fer-a-repassrer-defroisseurs","9":"first","10":"instock","11":"shipping-taxable","12":"purchasable","13":"product-type-variable"},"yoast_head":"<!-- This site is optimized with the Yoast SEO plugin v24.9 - https:\/\/yoast.com\/wordpress\/plugins\/seo\/ -->\n<title>Calor DT8230C0 - Maslak<\/title>\n<meta name=\"robots\" content=\"index, follow, max-snippet:-1, max-image-preview:large, max-video-preview:-1\" \/>\n<link rel=\"canonical\" href=\"https:\/\/tay-sir.com\/ar\/product\/calor-dt8230c0\/\" \/>\n<meta property=\"og:locale\" content=\"ar_AR\" \/>\n<meta property=\"og:type\" content=\"article\" \/>\n<meta property=\"og:title\" content=\"Calor DT8230C0 - Maslak\" \/>\n<meta property=\"og:description\" content=\"Marque Calor Couleur Brumeux Poids de l&rsquo;article 1,4 Kilogrammes Style 1 accessoire Puissance 2000 Watts Tension 200 Volts Capacit\u00e9 200\" \/>\n<meta property=\"og:url\" content=\"https:\/\/tay-sir.com\/ar\/product\/calor-dt8230c0\/\" \/>\n<meta property=\"og:site_name\" content=\"Maslak\" \/>\n<meta property=\"article:publisher\" content=\"https:\/\/www.facebook.com\/profile.php?id=61566201523117\" \/>\n<meta property=\"article:modified_time\" content=\"2024-10-27T14:50:17+00:00\" \/>\n<meta property=\"og:image\" content=\"https:\/\/tay-sir.com\/wp-content\/uploads\/2024\/08\/document_service_15883448_1512_5_1466756034.jpg\" \/>\n\t<meta property=\"og:image:width\" content=\"500\" \/>\n\t<meta property=\"og:image:height\" content=\"500\" \/>\n\t<meta property=\"og:image:type\" content=\"image\/jpeg\" \/>\n<meta name=\"twitter:card\" content=\"summary_large_image\" \/>\n<meta name=\"twitter:label1\" content=\"\u0648\u0642\u062a \u0627\u0644\u0642\u0631\u0627\u0621\u0629 \u0627\u0644\u0645\u064f\u0642\u062f\u0651\u0631\" \/>\n\t<meta name=\"twitter:data1\" content=\"\u062f\u0642\u064a\u0642\u062a\u0627\u0646\" \/>\n<script type=\"application\/ld+json\" class=\"yoast-schema-graph\">{\"@context\":\"https:\/\/schema.org\",\"@graph\":[{\"@type\":\"WebPage\",\"@id\":\"https:\/\/tay-sir.com\/produit\/calor-dt8230c0\/\",\"url\":\"https:\/\/tay-sir.com\/produit\/calor-dt8230c0\/\",\"name\":\"Calor DT8230C0 - Maslak\",\"isPartOf\":{\"@id\":\"https:\/\/tay-sir.com\/ar\/#website\"},\"primaryImageOfPage\":{\"@id\":\"https:\/\/tay-sir.com\/produit\/calor-dt8230c0\/#primaryimage\"},\"image\":{\"@id\":\"https:\/\/tay-sir.com\/produit\/calor-dt8230c0\/#primaryimage\"},\"thumbnailUrl\":\"https:\/\/tay-sir.com\/wp-content\/uploads\/2024\/08\/document_service_15883448_1512_5_1466756034.jpg\",\"datePublished\":\"2024-08-20T09:39:34+00:00\",\"dateModified\":\"2024-10-27T14:50:17+00:00\",\"breadcrumb\":{\"@id\":\"https:\/\/tay-sir.com\/produit\/calor-dt8230c0\/#breadcrumb\"},\"inLanguage\":\"ar\",\"potentialAction\":[{\"@type\":\"ReadAction\",\"target\":[\"https:\/\/tay-sir.com\/produit\/calor-dt8230c0\/\"]}]},{\"@type\":\"ImageObject\",\"inLanguage\":\"ar\",\"@id\":\"https:\/\/tay-sir.com\/produit\/calor-dt8230c0\/#primaryimage\",\"url\":\"https:\/\/tay-sir.com\/wp-content\/uploads\/2024\/08\/document_service_15883448_1512_5_1466756034.jpg\",\"contentUrl\":\"https:\/\/tay-sir.com\/wp-content\/uploads\/2024\/08\/document_service_15883448_1512_5_1466756034.jpg\",\"width\":500,\"height\":500},{\"@type\":\"BreadcrumbList\",\"@id\":\"https:\/\/tay-sir.com\/produit\/calor-dt8230c0\/#breadcrumb\",\"itemListElement\":[{\"@type\":\"ListItem\",\"position\":1,\"name\":\"Home\",\"item\":\"https:\/\/tay-sir.com\/ar\/\"},{\"@type\":\"ListItem\",\"position\":2,\"name\":\"Boutique\",\"item\":\"https:\/\/tay-sir.com\/boutique\/\"},{\"@type\":\"ListItem\",\"position\":3,\"name\":\"Calor DT8230C0\"}]},{\"@type\":\"WebSite\",\"@id\":\"https:\/\/tay-sir.com\/ar\/#website\",\"url\":\"https:\/\/tay-sir.com\/ar\/\",\"name\":\"TAY-SIR.com\",\"description\":\"plateforme e-commerce avec financement islamique digital en ligne\",\"publisher\":{\"@id\":\"https:\/\/tay-sir.com\/ar\/#organization\"},\"potentialAction\":[{\"@type\":\"SearchAction\",\"target\":{\"@type\":\"EntryPoint\",\"urlTemplate\":\"https:\/\/tay-sir.com\/ar\/?s={search_term_string}\"},\"query-input\":{\"@type\":\"PropertyValueSpecification\",\"valueRequired\":true,\"valueName\":\"search_term_string\"}}],\"inLanguage\":\"ar\"},{\"@type\":\"Organization\",\"@id\":\"https:\/\/tay-sir.com\/ar\/#organization\",\"name\":\"Taysir\",\"url\":\"https:\/\/tay-sir.com\/ar\/\",\"logo\":{\"@type\":\"ImageObject\",\"inLanguage\":\"ar\",\"@id\":\"https:\/\/tay-sir.com\/ar\/#\/schema\/logo\/image\/\",\"url\":\"https:\/\/tay-sir.com\/wp-content\/uploads\/2024\/10\/profil.jpg\",\"contentUrl\":\"https:\/\/tay-sir.com\/wp-content\/uploads\/2024\/10\/profil.jpg\",\"width\":1024,\"height\":1024,\"caption\":\"Taysir\"},\"image\":{\"@id\":\"https:\/\/tay-sir.com\/ar\/#\/schema\/logo\/image\/\"},\"sameAs\":[\"https:\/\/www.facebook.com\/profile.php?id=61566201523117\",\"https:\/\/www.tiktok.com\/@taysir31000?fbclid=IwY2xjawFor1xleHRuA2FlbQIxMAABHQqa6Ko0Z_QFAZb-7Bltxo0G0y0YuIXxVxPenEAWDkGyOgZp7D3Bq1oJAA_aem_TiTB-X9kxzhzORQbwqQiYw\",\"https:\/\/www.instagram.com\/taysirfacilite\/\"]}]}<\/script>\n<!-- \/ Yoast SEO plugin. -->","yoast_head_json":{"title":"Calor DT8230C0 - Maslak","robots":{"index":"index","follow":"follow","max-snippet":"max-snippet:-1","max-image-preview":"max-image-preview:large","max-video-preview":"max-video-preview:-1"},"canonical":"https:\/\/tay-sir.com\/ar\/product\/calor-dt8230c0\/","og_locale":"ar_AR","og_type":"article","og_title":"Calor DT8230C0 - Maslak","og_description":"Marque Calor Couleur Brumeux Poids de l&rsquo;article 1,4 Kilogrammes Style 1 accessoire Puissance 2000 Watts Tension 200 Volts Capacit\u00e9 200","og_url":"https:\/\/tay-sir.com\/ar\/product\/calor-dt8230c0\/","og_site_name":"Maslak","article_publisher":"https:\/\/www.facebook.com\/profile.php?id=61566201523117","article_modified_time":"2024-10-27T14:50:17+00:00","og_image":[{"width":500,"height":500,"url":"https:\/\/tay-sir.com\/wp-content\/uploads\/2024\/08\/document_service_15883448_1512_5_1466756034.jpg","type":"image\/jpeg"}],"twitter_card":"summary_large_image","twitter_misc":{"\u0648\u0642\u062a \u0627\u0644\u0642\u0631\u0627\u0621\u0629 \u0627\u0644\u0645\u064f\u0642\u062f\u0651\u0631":"\u062f\u0642\u064a\u0642\u062a\u0627\u0646"},"schema":{"@context":"https:\/\/schema.org","@graph":[{"@type":"WebPage","@id":"https:\/\/tay-sir.com\/produit\/calor-dt8230c0\/","url":"https:\/\/tay-sir.com\/produit\/calor-dt8230c0\/","name":"Calor DT8230C0 - Maslak","isPartOf":{"@id":"https:\/\/tay-sir.com\/ar\/#website"},"primaryImageOfPage":{"@id":"https:\/\/tay-sir.com\/produit\/calor-dt8230c0\/#primaryimage"},"image":{"@id":"https:\/\/tay-sir.com\/produit\/calor-dt8230c0\/#primaryimage"},"thumbnailUrl":"https:\/\/tay-sir.com\/wp-content\/uploads\/2024\/08\/document_service_15883448_1512_5_1466756034.jpg","datePublished":"2024-08-20T09:39:34+00:00","dateModified":"2024-10-27T14:50:17+00:00","breadcrumb":{"@id":"https:\/\/tay-sir.com\/produit\/calor-dt8230c0\/#breadcrumb"},"inLanguage":"ar","potentialAction":[{"@type":"ReadAction","target":["https:\/\/tay-sir.com\/produit\/calor-dt8230c0\/"]}]},{"@type":"ImageObject","inLanguage":"ar","@id":"https:\/\/tay-sir.com\/produit\/calor-dt8230c0\/#primaryimage","url":"https:\/\/tay-sir.com\/wp-content\/uploads\/2024\/08\/document_service_15883448_1512_5_1466756034.jpg","contentUrl":"https:\/\/tay-sir.com\/wp-content\/uploads\/2024\/08\/document_service_15883448_1512_5_1466756034.jpg","width":500,"height":500},{"@type":"BreadcrumbList","@id":"https:\/\/tay-sir.com\/produit\/calor-dt8230c0\/#breadcrumb","itemListElement":[{"@type":"ListItem","position":1,"name":"Home","item":"https:\/\/tay-sir.com\/ar\/"},{"@type":"ListItem","position":2,"name":"Boutique","item":"https:\/\/tay-sir.com\/boutique\/"},{"@type":"ListItem","position":3,"name":"Calor DT8230C0"}]},{"@type":"WebSite","@id":"https:\/\/tay-sir.com\/ar\/#website","url":"https:\/\/tay-sir.com\/ar\/","name":"TAY-SIR.com","description":"plateforme e-commerce avec financement islamique digital en ligne","publisher":{"@id":"https:\/\/tay-sir.com\/ar\/#organization"},"potentialAction":[{"@type":"SearchAction","target":{"@type":"EntryPoint","urlTemplate":"https:\/\/tay-sir.com\/ar\/?s={search_term_string}"},"query-input":{"@type":"PropertyValueSpecification","valueRequired":true,"valueName":"search_term_string"}}],"inLanguage":"ar"},{"@type":"Organization","@id":"https:\/\/tay-sir.com\/ar\/#organization","name":"Taysir","url":"https:\/\/tay-sir.com\/ar\/","logo":{"@type":"ImageObject","inLanguage":"ar","@id":"https:\/\/tay-sir.com\/ar\/#\/schema\/logo\/image\/","url":"https:\/\/tay-sir.com\/wp-content\/uploads\/2024\/10\/profil.jpg","contentUrl":"https:\/\/tay-sir.com\/wp-content\/uploads\/2024\/10\/profil.jpg","width":1024,"height":1024,"caption":"Taysir"},"image":{"@id":"https:\/\/tay-sir.com\/ar\/#\/schema\/logo\/image\/"},"sameAs":["https:\/\/www.facebook.com\/profile.php?id=61566201523117","https:\/\/www.tiktok.com\/@taysir31000?fbclid=IwY2xjawFor1xleHRuA2FlbQIxMAABHQqa6Ko0Z_QFAZb-7Bltxo0G0y0YuIXxVxPenEAWDkGyOgZp7D3Bq1oJAA_aem_TiTB-X9kxzhzORQbwqQiYw","https:\/\/www.instagram.com\/taysirfacilite\/"]}]}},"_links":{"self":[{"href":"https:\/\/tay-sir.com\/ar\/wp-json\/wp\/v2\/product\/29003","targetHints":{"allow":["GET"]}}],"collection":[{"href":"https:\/\/tay-sir.com\/ar\/wp-json\/wp\/v2\/product"}],"about":[{"href":"https:\/\/tay-sir.com\/ar\/wp-json\/wp\/v2\/types\/product"}],"replies":[{"embeddable":true,"href":"https:\/\/tay-sir.com\/ar\/wp-json\/wp\/v2\/comments?post=29003"}],"version-history":[{"count":1,"href":"https:\/\/tay-sir.com\/ar\/wp-json\/wp\/v2\/product\/29003\/revisions"}],"predecessor-version":[{"id":29028,"href":"https:\/\/tay-sir.com\/ar\/wp-json\/wp\/v2\/product\/29003\/revisions\/29028"}],"wp:featuredmedia":[{"embeddable":true,"href":"https:\/\/tay-sir.com\/ar\/wp-json\/wp\/v2\/media\/29002"}],"wp:attachment":[{"href":"https:\/\/tay-sir.com\/ar\/wp-json\/wp\/v2\/media?parent=29003"}],"wp:term":[{"taxonomy":"product_brand","embeddable":true,"href":"https:\/\/tay-sir.com\/ar\/wp-json\/wp\/v2\/product_brand?post=29003"},{"taxonomy":"product_cat","embeddable":true,"href":"https:\/\/tay-sir.com\/ar\/wp-json\/wp\/v2\/product_cat?post=29003"},{"taxonomy":"product_tag","embeddable":true,"href":"https:\/\/tay-sir.com\/ar\/wp-json\/wp\/v2\/product_tag?post=29003"}],"curies":[{"name":"wp","href":"https:\/\/api.w.org\/{rel}","templated":true}]}}