{"id":29013,"date":"2024-08-20T10:39:38","date_gmt":"2024-08-20T09:39:38","guid":{"rendered":"https:\/\/tay-sir.com\/produit\/rowenta-dr3053d1\/"},"modified":"2024-10-27T15:44:29","modified_gmt":"2024-10-27T14:44:29","slug":"rowenta-dr3053d1","status":"publish","type":"product","link":"https:\/\/tay-sir.com\/ar\/product\/rowenta-dr3053d1\/","title":{"rendered":"ROWENTA DR3053D1"},"content":{"rendered":"<p>DESIGN ULTRA-COMPACT : D\u00e9froisseur portable avec une t\u00eate pliable exclusive combin\u00e9e avec un design ultra-compact id\u00e9al pour les voyages, 2 fois plus petit que les mod\u00e8les pr\u00e9c\u00e9dents, pour un d\u00e9froisseur portable offrant un rangement sans effort et une commodit\u00e9 optimale.<br \/>\nTEMPS DE CHAUFFE SUPER RAPIDE : Temps de chauffe rapide d&rsquo;\u00e0 peine 15 secondes, pour un d\u00e9froisseur portable pr\u00eat juste quand vous en avez besoin avec un d\u00e9bit de vapeur continu sur demande.<br \/>\nDESIGN L\u00c9GER : Le d\u00e9froissage est plus facile que jamais gr\u00e2ce \u00e0 son design ultra-l\u00e9ger, id\u00e9al \u00e0 la fois pour les voyages et pour un usage au quotidien.<br \/>\nPERFORMANCES ROBUSTES : Puissance de 1300 W assurant des performances id\u00e9ales pour un usage au quotidien.<br \/>\nEXCELLENTS R\u00c9SULTATS : D\u00e9bit de vapeur continu allant jusqu&rsquo;\u00e0 19 g\/minute pour des r\u00e9sultats de d\u00e9froissage de v\u00eatements sur lesquels vous pouvez compter jour apr\u00e8s jour.<br \/>\nPLUS BESOIN DE PLANCHE \u00c0 REPASSER : Gagnez du temps et de l&rsquo;\u00e9nergie sans devoir sortir votre planche \u00e0 repasser, vous permettant ainsi de lib\u00e9rer de l&rsquo;espace dans votre maison.<br \/>\nS\u00dbR POUR TOUS VOS V\u00caTEMENTS : Convient \u00e0 tous les types de v\u00eatements.<br \/>\nEFFET ASSAINISSANT : La vapeur puissante tue les bact\u00e9ries, les mites, \u00e9limine les odeurs, le pollen et les allerg\u00e8nes pour des v\u00eatements frais et une hygi\u00e8ne parfaite.<br \/>\nPOUR UN USAGE QUOTIDIEN OU EN VOYAGE : R\u00e9servoir d&rsquo;eau de 120 ml id\u00e9al pour les voyages et les retouches de derni\u00e8re minute.<br \/>\nPOLYVALENT : Convient pour une utilisation sur tous les types de tissus.<\/p>","protected":false},"excerpt":{"rendered":"<p>DESIGN ULTRA-COMPACT : D\u00e9froisseur portable avec une t\u00eate pliable exclusive combin\u00e9e avec un design ultra-compact id\u00e9al pour les voyages, 2<\/p>","protected":false},"featured_media":29012,"comment_status":"open","ping_status":"closed","template":"","meta":[],"product_brand":[],"product_cat":[17,227],"product_tag":[],"class_list":{"0":"post-29013","1":"product","2":"type-product","3":"status-publish","4":"has-post-thumbnail","6":"product_cat-electro-menager","7":"product_cat-fer-a-repassrer-defroisseurs","9":"first","10":"instock","11":"shipping-taxable","12":"purchasable","13":"product-type-variable"},"yoast_head":"<!-- This site is optimized with the Yoast SEO plugin v24.9 - https:\/\/yoast.com\/wordpress\/plugins\/seo\/ -->\n<title>ROWENTA DR3053D1 - Maslak<\/title>\n<meta name=\"robots\" content=\"index, follow, max-snippet:-1, max-image-preview:large, max-video-preview:-1\" \/>\n<link rel=\"canonical\" href=\"https:\/\/tay-sir.com\/ar\/product\/rowenta-dr3053d1\/\" \/>\n<meta property=\"og:locale\" content=\"ar_AR\" \/>\n<meta property=\"og:type\" content=\"article\" \/>\n<meta property=\"og:title\" content=\"ROWENTA DR3053D1 - Maslak\" \/>\n<meta property=\"og:description\" content=\"DESIGN ULTRA-COMPACT : D\u00e9froisseur portable avec une t\u00eate pliable exclusive combin\u00e9e avec un design ultra-compact id\u00e9al pour les voyages, 2\" \/>\n<meta property=\"og:url\" content=\"https:\/\/tay-sir.com\/ar\/product\/rowenta-dr3053d1\/\" \/>\n<meta property=\"og:site_name\" content=\"Maslak\" \/>\n<meta property=\"article:publisher\" content=\"https:\/\/www.facebook.com\/profile.php?id=61566201523117\" \/>\n<meta property=\"article:modified_time\" content=\"2024-10-27T14:44:29+00:00\" \/>\n<meta property=\"og:image\" content=\"https:\/\/tay-sir.com\/wp-content\/uploads\/2024\/08\/document_service_15951056_1512_5_2027257415.jpg\" \/>\n\t<meta property=\"og:image:width\" content=\"500\" \/>\n\t<meta property=\"og:image:height\" content=\"500\" \/>\n\t<meta property=\"og:image:type\" content=\"image\/jpeg\" \/>\n<meta name=\"twitter:card\" content=\"summary_large_image\" \/>\n<meta name=\"twitter:label1\" content=\"\u0648\u0642\u062a \u0627\u0644\u0642\u0631\u0627\u0621\u0629 \u0627\u0644\u0645\u064f\u0642\u062f\u0651\u0631\" \/>\n\t<meta name=\"twitter:data1\" content=\"\u062f\u0642\u064a\u0642\u0629 \u0648\u0627\u062d\u062f\u0629\" \/>\n<script type=\"application\/ld+json\" class=\"yoast-schema-graph\">{\"@context\":\"https:\/\/schema.org\",\"@graph\":[{\"@type\":\"WebPage\",\"@id\":\"https:\/\/tay-sir.com\/produit\/rowenta-dr3053d1\/\",\"url\":\"https:\/\/tay-sir.com\/produit\/rowenta-dr3053d1\/\",\"name\":\"ROWENTA DR3053D1 - Maslak\",\"isPartOf\":{\"@id\":\"https:\/\/tay-sir.com\/ar\/#website\"},\"primaryImageOfPage\":{\"@id\":\"https:\/\/tay-sir.com\/produit\/rowenta-dr3053d1\/#primaryimage\"},\"image\":{\"@id\":\"https:\/\/tay-sir.com\/produit\/rowenta-dr3053d1\/#primaryimage\"},\"thumbnailUrl\":\"https:\/\/tay-sir.com\/wp-content\/uploads\/2024\/08\/document_service_15951056_1512_5_2027257415.jpg\",\"datePublished\":\"2024-08-20T09:39:38+00:00\",\"dateModified\":\"2024-10-27T14:44:29+00:00\",\"breadcrumb\":{\"@id\":\"https:\/\/tay-sir.com\/produit\/rowenta-dr3053d1\/#breadcrumb\"},\"inLanguage\":\"ar\",\"potentialAction\":[{\"@type\":\"ReadAction\",\"target\":[\"https:\/\/tay-sir.com\/produit\/rowenta-dr3053d1\/\"]}]},{\"@type\":\"ImageObject\",\"inLanguage\":\"ar\",\"@id\":\"https:\/\/tay-sir.com\/produit\/rowenta-dr3053d1\/#primaryimage\",\"url\":\"https:\/\/tay-sir.com\/wp-content\/uploads\/2024\/08\/document_service_15951056_1512_5_2027257415.jpg\",\"contentUrl\":\"https:\/\/tay-sir.com\/wp-content\/uploads\/2024\/08\/document_service_15951056_1512_5_2027257415.jpg\",\"width\":500,\"height\":500},{\"@type\":\"BreadcrumbList\",\"@id\":\"https:\/\/tay-sir.com\/produit\/rowenta-dr3053d1\/#breadcrumb\",\"itemListElement\":[{\"@type\":\"ListItem\",\"position\":1,\"name\":\"Home\",\"item\":\"https:\/\/tay-sir.com\/ar\/\"},{\"@type\":\"ListItem\",\"position\":2,\"name\":\"Boutique\",\"item\":\"https:\/\/tay-sir.com\/boutique\/\"},{\"@type\":\"ListItem\",\"position\":3,\"name\":\"ROWENTA DR3053D1\"}]},{\"@type\":\"WebSite\",\"@id\":\"https:\/\/tay-sir.com\/ar\/#website\",\"url\":\"https:\/\/tay-sir.com\/ar\/\",\"name\":\"TAY-SIR.com\",\"description\":\"plateforme e-commerce avec financement islamique digital en ligne\",\"publisher\":{\"@id\":\"https:\/\/tay-sir.com\/ar\/#organization\"},\"potentialAction\":[{\"@type\":\"SearchAction\",\"target\":{\"@type\":\"EntryPoint\",\"urlTemplate\":\"https:\/\/tay-sir.com\/ar\/?s={search_term_string}\"},\"query-input\":{\"@type\":\"PropertyValueSpecification\",\"valueRequired\":true,\"valueName\":\"search_term_string\"}}],\"inLanguage\":\"ar\"},{\"@type\":\"Organization\",\"@id\":\"https:\/\/tay-sir.com\/ar\/#organization\",\"name\":\"Taysir\",\"url\":\"https:\/\/tay-sir.com\/ar\/\",\"logo\":{\"@type\":\"ImageObject\",\"inLanguage\":\"ar\",\"@id\":\"https:\/\/tay-sir.com\/ar\/#\/schema\/logo\/image\/\",\"url\":\"https:\/\/tay-sir.com\/wp-content\/uploads\/2024\/10\/profil.jpg\",\"contentUrl\":\"https:\/\/tay-sir.com\/wp-content\/uploads\/2024\/10\/profil.jpg\",\"width\":1024,\"height\":1024,\"caption\":\"Taysir\"},\"image\":{\"@id\":\"https:\/\/tay-sir.com\/ar\/#\/schema\/logo\/image\/\"},\"sameAs\":[\"https:\/\/www.facebook.com\/profile.php?id=61566201523117\",\"https:\/\/www.tiktok.com\/@taysir31000?fbclid=IwY2xjawFor1xleHRuA2FlbQIxMAABHQqa6Ko0Z_QFAZb-7Bltxo0G0y0YuIXxVxPenEAWDkGyOgZp7D3Bq1oJAA_aem_TiTB-X9kxzhzORQbwqQiYw\",\"https:\/\/www.instagram.com\/taysirfacilite\/\"]}]}<\/script>\n<!-- \/ Yoast SEO plugin. -->","yoast_head_json":{"title":"ROWENTA DR3053D1 - Maslak","robots":{"index":"index","follow":"follow","max-snippet":"max-snippet:-1","max-image-preview":"max-image-preview:large","max-video-preview":"max-video-preview:-1"},"canonical":"https:\/\/tay-sir.com\/ar\/product\/rowenta-dr3053d1\/","og_locale":"ar_AR","og_type":"article","og_title":"ROWENTA DR3053D1 - Maslak","og_description":"DESIGN ULTRA-COMPACT : D\u00e9froisseur portable avec une t\u00eate pliable exclusive combin\u00e9e avec un design ultra-compact id\u00e9al pour les voyages, 2","og_url":"https:\/\/tay-sir.com\/ar\/product\/rowenta-dr3053d1\/","og_site_name":"Maslak","article_publisher":"https:\/\/www.facebook.com\/profile.php?id=61566201523117","article_modified_time":"2024-10-27T14:44:29+00:00","og_image":[{"width":500,"height":500,"url":"https:\/\/tay-sir.com\/wp-content\/uploads\/2024\/08\/document_service_15951056_1512_5_2027257415.jpg","type":"image\/jpeg"}],"twitter_card":"summary_large_image","twitter_misc":{"\u0648\u0642\u062a \u0627\u0644\u0642\u0631\u0627\u0621\u0629 \u0627\u0644\u0645\u064f\u0642\u062f\u0651\u0631":"\u062f\u0642\u064a\u0642\u0629 \u0648\u0627\u062d\u062f\u0629"},"schema":{"@context":"https:\/\/schema.org","@graph":[{"@type":"WebPage","@id":"https:\/\/tay-sir.com\/produit\/rowenta-dr3053d1\/","url":"https:\/\/tay-sir.com\/produit\/rowenta-dr3053d1\/","name":"ROWENTA DR3053D1 - Maslak","isPartOf":{"@id":"https:\/\/tay-sir.com\/ar\/#website"},"primaryImageOfPage":{"@id":"https:\/\/tay-sir.com\/produit\/rowenta-dr3053d1\/#primaryimage"},"image":{"@id":"https:\/\/tay-sir.com\/produit\/rowenta-dr3053d1\/#primaryimage"},"thumbnailUrl":"https:\/\/tay-sir.com\/wp-content\/uploads\/2024\/08\/document_service_15951056_1512_5_2027257415.jpg","datePublished":"2024-08-20T09:39:38+00:00","dateModified":"2024-10-27T14:44:29+00:00","breadcrumb":{"@id":"https:\/\/tay-sir.com\/produit\/rowenta-dr3053d1\/#breadcrumb"},"inLanguage":"ar","potentialAction":[{"@type":"ReadAction","target":["https:\/\/tay-sir.com\/produit\/rowenta-dr3053d1\/"]}]},{"@type":"ImageObject","inLanguage":"ar","@id":"https:\/\/tay-sir.com\/produit\/rowenta-dr3053d1\/#primaryimage","url":"https:\/\/tay-sir.com\/wp-content\/uploads\/2024\/08\/document_service_15951056_1512_5_2027257415.jpg","contentUrl":"https:\/\/tay-sir.com\/wp-content\/uploads\/2024\/08\/document_service_15951056_1512_5_2027257415.jpg","width":500,"height":500},{"@type":"BreadcrumbList","@id":"https:\/\/tay-sir.com\/produit\/rowenta-dr3053d1\/#breadcrumb","itemListElement":[{"@type":"ListItem","position":1,"name":"Home","item":"https:\/\/tay-sir.com\/ar\/"},{"@type":"ListItem","position":2,"name":"Boutique","item":"https:\/\/tay-sir.com\/boutique\/"},{"@type":"ListItem","position":3,"name":"ROWENTA DR3053D1"}]},{"@type":"WebSite","@id":"https:\/\/tay-sir.com\/ar\/#website","url":"https:\/\/tay-sir.com\/ar\/","name":"TAY-SIR.com","description":"plateforme e-commerce avec financement islamique digital en ligne","publisher":{"@id":"https:\/\/tay-sir.com\/ar\/#organization"},"potentialAction":[{"@type":"SearchAction","target":{"@type":"EntryPoint","urlTemplate":"https:\/\/tay-sir.com\/ar\/?s={search_term_string}"},"query-input":{"@type":"PropertyValueSpecification","valueRequired":true,"valueName":"search_term_string"}}],"inLanguage":"ar"},{"@type":"Organization","@id":"https:\/\/tay-sir.com\/ar\/#organization","name":"Taysir","url":"https:\/\/tay-sir.com\/ar\/","logo":{"@type":"ImageObject","inLanguage":"ar","@id":"https:\/\/tay-sir.com\/ar\/#\/schema\/logo\/image\/","url":"https:\/\/tay-sir.com\/wp-content\/uploads\/2024\/10\/profil.jpg","contentUrl":"https:\/\/tay-sir.com\/wp-content\/uploads\/2024\/10\/profil.jpg","width":1024,"height":1024,"caption":"Taysir"},"image":{"@id":"https:\/\/tay-sir.com\/ar\/#\/schema\/logo\/image\/"},"sameAs":["https:\/\/www.facebook.com\/profile.php?id=61566201523117","https:\/\/www.tiktok.com\/@taysir31000?fbclid=IwY2xjawFor1xleHRuA2FlbQIxMAABHQqa6Ko0Z_QFAZb-7Bltxo0G0y0YuIXxVxPenEAWDkGyOgZp7D3Bq1oJAA_aem_TiTB-X9kxzhzORQbwqQiYw","https:\/\/www.instagram.com\/taysirfacilite\/"]}]}},"_links":{"self":[{"href":"https:\/\/tay-sir.com\/ar\/wp-json\/wp\/v2\/product\/29013","targetHints":{"allow":["GET"]}}],"collection":[{"href":"https:\/\/tay-sir.com\/ar\/wp-json\/wp\/v2\/product"}],"about":[{"href":"https:\/\/tay-sir.com\/ar\/wp-json\/wp\/v2\/types\/product"}],"replies":[{"embeddable":true,"href":"https:\/\/tay-sir.com\/ar\/wp-json\/wp\/v2\/comments?post=29013"}],"version-history":[{"count":1,"href":"https:\/\/tay-sir.com\/ar\/wp-json\/wp\/v2\/product\/29013\/revisions"}],"predecessor-version":[{"id":29023,"href":"https:\/\/tay-sir.com\/ar\/wp-json\/wp\/v2\/product\/29013\/revisions\/29023"}],"wp:featuredmedia":[{"embeddable":true,"href":"https:\/\/tay-sir.com\/ar\/wp-json\/wp\/v2\/media\/29012"}],"wp:attachment":[{"href":"https:\/\/tay-sir.com\/ar\/wp-json\/wp\/v2\/media?parent=29013"}],"wp:term":[{"taxonomy":"product_brand","embeddable":true,"href":"https:\/\/tay-sir.com\/ar\/wp-json\/wp\/v2\/product_brand?post=29013"},{"taxonomy":"product_cat","embeddable":true,"href":"https:\/\/tay-sir.com\/ar\/wp-json\/wp\/v2\/product_cat?post=29013"},{"taxonomy":"product_tag","embeddable":true,"href":"https:\/\/tay-sir.com\/ar\/wp-json\/wp\/v2\/product_tag?post=29013"}],"curies":[{"name":"wp","href":"https:\/\/api.w.org\/{rel}","templated":true}]}}