{"id":29040,"date":"2024-08-20T11:00:39","date_gmt":"2024-08-20T10:00:39","guid":{"rendered":"https:\/\/tay-sir.com\/produit\/moulinex-by540d10\/"},"modified":"2024-10-23T16:06:41","modified_gmt":"2024-10-23T15:06:41","slug":"moulinex-by540d10","status":"publish","type":"product","link":"https:\/\/tay-sir.com\/ar\/product\/moulinex-by540d10\/","title":{"rendered":"Moulinex BY540D10"},"content":{"rendered":"<p>Marque Moulinex<br \/>\nCouleur Inox<br \/>\nCaract\u00e9ristique sp\u00e9ciale Une bouilloire sans fil de grande capacit\u00e9 (1,7L), aux finitions m\u00e9tal, facile \u00e0 utiliser<br \/>\nInformations sur l&#8217;emballage Bouilloire<br \/>\nType de finition Peinte<br \/>\nDimensions du produit 24,6L x 24,6l x 22,8H centim\u00e8tres<br \/>\nLongueur du c\u00e2ble 75 Centim\u00e8tres<br \/>\nNom de mod\u00e8le BY540D10<br \/>\nPoids de l&rsquo;article 1,12 Kilogrammes<br \/>\nFabricant Moulinex<br \/>\nCapacit\u00e9: 1,7 Modificateur inconnu<br \/>\nMat\u00e9riau: Acier inoxydable<br \/>\nTension: 230 Volts<br \/>\nPuissance: 2000 Watts<br \/>\n\u00c0 propos de cet article<br \/>\nBouilloire Subito : votre meilleure alli\u00e9e pour le petit-d\u00e9jeuner ou le brunch<br \/>\nPuissance de 2400W pour pr\u00e9parer vos boissons chaudes en un temps record<br \/>\nGrande capacit\u00e9 d\u20191,7 litres pour pr\u00e9parer une grande quantit\u00e9 d&rsquo;eau chaude en une seule tourn\u00e9e<br \/>\nPratique : bouilloire sans fil avec une base rotative \u00e0 360\u00b0C<br \/>\nMeilleure r\u00e9sistance au tartre gr\u00e2ce \u00e0 sa r\u00e9sistance cach\u00e9e et son filtre antitartre amovible<br \/>\nArr\u00eat automatique apr\u00e8s \u00e9bullition<br \/>\nGarantie : 2 ans<\/p>","protected":false},"excerpt":{"rendered":"<p>Marque Moulinex Couleur Inox Caract\u00e9ristique sp\u00e9ciale Une bouilloire sans fil de grande capacit\u00e9 (1,7L), aux finitions m\u00e9tal, facile \u00e0 utiliser<\/p>","protected":false},"featured_media":29039,"comment_status":"open","ping_status":"closed","template":"","meta":[],"product_brand":[],"product_cat":[17,231],"product_tag":[],"class_list":{"0":"post-29040","1":"product","2":"type-product","3":"status-publish","4":"has-post-thumbnail","6":"product_cat-electro-menager","7":"product_cat-bouloir","9":"first","10":"instock","11":"shipping-taxable","12":"purchasable","13":"product-type-variable"},"yoast_head":"<!-- This site is optimized with the Yoast SEO plugin v24.9 - https:\/\/yoast.com\/wordpress\/plugins\/seo\/ -->\n<title>Moulinex BY540D10 - Maslak<\/title>\n<meta name=\"robots\" content=\"index, follow, max-snippet:-1, max-image-preview:large, max-video-preview:-1\" \/>\n<link rel=\"canonical\" href=\"https:\/\/tay-sir.com\/ar\/product\/moulinex-by540d10\/\" \/>\n<meta property=\"og:locale\" content=\"ar_AR\" \/>\n<meta property=\"og:type\" content=\"article\" \/>\n<meta property=\"og:title\" content=\"Moulinex BY540D10 - Maslak\" \/>\n<meta property=\"og:description\" content=\"Marque Moulinex Couleur Inox Caract\u00e9ristique sp\u00e9ciale Une bouilloire sans fil de grande capacit\u00e9 (1,7L), aux finitions m\u00e9tal, facile \u00e0 utiliser\" \/>\n<meta property=\"og:url\" content=\"https:\/\/tay-sir.com\/ar\/product\/moulinex-by540d10\/\" \/>\n<meta property=\"og:site_name\" content=\"Maslak\" \/>\n<meta property=\"article:publisher\" content=\"https:\/\/www.facebook.com\/profile.php?id=61566201523117\" \/>\n<meta property=\"article:modified_time\" content=\"2024-10-23T15:06:41+00:00\" \/>\n<meta property=\"og:image\" content=\"https:\/\/tay-sir.com\/wp-content\/uploads\/2024\/08\/document_service_15672468_1426_5_285762417.jpg\" \/>\n\t<meta property=\"og:image:width\" content=\"500\" \/>\n\t<meta property=\"og:image:height\" content=\"500\" \/>\n\t<meta property=\"og:image:type\" content=\"image\/jpeg\" \/>\n<meta name=\"twitter:card\" content=\"summary_large_image\" \/>\n<meta name=\"twitter:label1\" content=\"\u0648\u0642\u062a \u0627\u0644\u0642\u0631\u0627\u0621\u0629 \u0627\u0644\u0645\u064f\u0642\u062f\u0651\u0631\" \/>\n\t<meta name=\"twitter:data1\" content=\"\u062f\u0642\u064a\u0642\u0629 \u0648\u0627\u062d\u062f\u0629\" \/>\n<script type=\"application\/ld+json\" class=\"yoast-schema-graph\">{\"@context\":\"https:\/\/schema.org\",\"@graph\":[{\"@type\":\"WebPage\",\"@id\":\"https:\/\/tay-sir.com\/produit\/moulinex-by540d10\/\",\"url\":\"https:\/\/tay-sir.com\/produit\/moulinex-by540d10\/\",\"name\":\"Moulinex BY540D10 - Maslak\",\"isPartOf\":{\"@id\":\"https:\/\/tay-sir.com\/ar\/#website\"},\"primaryImageOfPage\":{\"@id\":\"https:\/\/tay-sir.com\/produit\/moulinex-by540d10\/#primaryimage\"},\"image\":{\"@id\":\"https:\/\/tay-sir.com\/produit\/moulinex-by540d10\/#primaryimage\"},\"thumbnailUrl\":\"https:\/\/tay-sir.com\/wp-content\/uploads\/2024\/08\/document_service_15672468_1426_5_285762417.jpg\",\"datePublished\":\"2024-08-20T10:00:39+00:00\",\"dateModified\":\"2024-10-23T15:06:41+00:00\",\"breadcrumb\":{\"@id\":\"https:\/\/tay-sir.com\/produit\/moulinex-by540d10\/#breadcrumb\"},\"inLanguage\":\"ar\",\"potentialAction\":[{\"@type\":\"ReadAction\",\"target\":[\"https:\/\/tay-sir.com\/produit\/moulinex-by540d10\/\"]}]},{\"@type\":\"ImageObject\",\"inLanguage\":\"ar\",\"@id\":\"https:\/\/tay-sir.com\/produit\/moulinex-by540d10\/#primaryimage\",\"url\":\"https:\/\/tay-sir.com\/wp-content\/uploads\/2024\/08\/document_service_15672468_1426_5_285762417.jpg\",\"contentUrl\":\"https:\/\/tay-sir.com\/wp-content\/uploads\/2024\/08\/document_service_15672468_1426_5_285762417.jpg\",\"width\":500,\"height\":500},{\"@type\":\"BreadcrumbList\",\"@id\":\"https:\/\/tay-sir.com\/produit\/moulinex-by540d10\/#breadcrumb\",\"itemListElement\":[{\"@type\":\"ListItem\",\"position\":1,\"name\":\"Home\",\"item\":\"https:\/\/tay-sir.com\/ar\/\"},{\"@type\":\"ListItem\",\"position\":2,\"name\":\"Boutique\",\"item\":\"https:\/\/tay-sir.com\/boutique\/\"},{\"@type\":\"ListItem\",\"position\":3,\"name\":\"Moulinex BY540D10\"}]},{\"@type\":\"WebSite\",\"@id\":\"https:\/\/tay-sir.com\/ar\/#website\",\"url\":\"https:\/\/tay-sir.com\/ar\/\",\"name\":\"TAY-SIR.com\",\"description\":\"plateforme e-commerce avec financement islamique digital en ligne\",\"publisher\":{\"@id\":\"https:\/\/tay-sir.com\/ar\/#organization\"},\"potentialAction\":[{\"@type\":\"SearchAction\",\"target\":{\"@type\":\"EntryPoint\",\"urlTemplate\":\"https:\/\/tay-sir.com\/ar\/?s={search_term_string}\"},\"query-input\":{\"@type\":\"PropertyValueSpecification\",\"valueRequired\":true,\"valueName\":\"search_term_string\"}}],\"inLanguage\":\"ar\"},{\"@type\":\"Organization\",\"@id\":\"https:\/\/tay-sir.com\/ar\/#organization\",\"name\":\"Taysir\",\"url\":\"https:\/\/tay-sir.com\/ar\/\",\"logo\":{\"@type\":\"ImageObject\",\"inLanguage\":\"ar\",\"@id\":\"https:\/\/tay-sir.com\/ar\/#\/schema\/logo\/image\/\",\"url\":\"https:\/\/tay-sir.com\/wp-content\/uploads\/2024\/10\/profil.jpg\",\"contentUrl\":\"https:\/\/tay-sir.com\/wp-content\/uploads\/2024\/10\/profil.jpg\",\"width\":1024,\"height\":1024,\"caption\":\"Taysir\"},\"image\":{\"@id\":\"https:\/\/tay-sir.com\/ar\/#\/schema\/logo\/image\/\"},\"sameAs\":[\"https:\/\/www.facebook.com\/profile.php?id=61566201523117\",\"https:\/\/www.tiktok.com\/@taysir31000?fbclid=IwY2xjawFor1xleHRuA2FlbQIxMAABHQqa6Ko0Z_QFAZb-7Bltxo0G0y0YuIXxVxPenEAWDkGyOgZp7D3Bq1oJAA_aem_TiTB-X9kxzhzORQbwqQiYw\",\"https:\/\/www.instagram.com\/taysirfacilite\/\"]}]}<\/script>\n<!-- \/ Yoast SEO plugin. -->","yoast_head_json":{"title":"Moulinex BY540D10 - Maslak","robots":{"index":"index","follow":"follow","max-snippet":"max-snippet:-1","max-image-preview":"max-image-preview:large","max-video-preview":"max-video-preview:-1"},"canonical":"https:\/\/tay-sir.com\/ar\/product\/moulinex-by540d10\/","og_locale":"ar_AR","og_type":"article","og_title":"Moulinex BY540D10 - Maslak","og_description":"Marque Moulinex Couleur Inox Caract\u00e9ristique sp\u00e9ciale Une bouilloire sans fil de grande capacit\u00e9 (1,7L), aux finitions m\u00e9tal, facile \u00e0 utiliser","og_url":"https:\/\/tay-sir.com\/ar\/product\/moulinex-by540d10\/","og_site_name":"Maslak","article_publisher":"https:\/\/www.facebook.com\/profile.php?id=61566201523117","article_modified_time":"2024-10-23T15:06:41+00:00","og_image":[{"width":500,"height":500,"url":"https:\/\/tay-sir.com\/wp-content\/uploads\/2024\/08\/document_service_15672468_1426_5_285762417.jpg","type":"image\/jpeg"}],"twitter_card":"summary_large_image","twitter_misc":{"\u0648\u0642\u062a \u0627\u0644\u0642\u0631\u0627\u0621\u0629 \u0627\u0644\u0645\u064f\u0642\u062f\u0651\u0631":"\u062f\u0642\u064a\u0642\u0629 \u0648\u0627\u062d\u062f\u0629"},"schema":{"@context":"https:\/\/schema.org","@graph":[{"@type":"WebPage","@id":"https:\/\/tay-sir.com\/produit\/moulinex-by540d10\/","url":"https:\/\/tay-sir.com\/produit\/moulinex-by540d10\/","name":"Moulinex BY540D10 - Maslak","isPartOf":{"@id":"https:\/\/tay-sir.com\/ar\/#website"},"primaryImageOfPage":{"@id":"https:\/\/tay-sir.com\/produit\/moulinex-by540d10\/#primaryimage"},"image":{"@id":"https:\/\/tay-sir.com\/produit\/moulinex-by540d10\/#primaryimage"},"thumbnailUrl":"https:\/\/tay-sir.com\/wp-content\/uploads\/2024\/08\/document_service_15672468_1426_5_285762417.jpg","datePublished":"2024-08-20T10:00:39+00:00","dateModified":"2024-10-23T15:06:41+00:00","breadcrumb":{"@id":"https:\/\/tay-sir.com\/produit\/moulinex-by540d10\/#breadcrumb"},"inLanguage":"ar","potentialAction":[{"@type":"ReadAction","target":["https:\/\/tay-sir.com\/produit\/moulinex-by540d10\/"]}]},{"@type":"ImageObject","inLanguage":"ar","@id":"https:\/\/tay-sir.com\/produit\/moulinex-by540d10\/#primaryimage","url":"https:\/\/tay-sir.com\/wp-content\/uploads\/2024\/08\/document_service_15672468_1426_5_285762417.jpg","contentUrl":"https:\/\/tay-sir.com\/wp-content\/uploads\/2024\/08\/document_service_15672468_1426_5_285762417.jpg","width":500,"height":500},{"@type":"BreadcrumbList","@id":"https:\/\/tay-sir.com\/produit\/moulinex-by540d10\/#breadcrumb","itemListElement":[{"@type":"ListItem","position":1,"name":"Home","item":"https:\/\/tay-sir.com\/ar\/"},{"@type":"ListItem","position":2,"name":"Boutique","item":"https:\/\/tay-sir.com\/boutique\/"},{"@type":"ListItem","position":3,"name":"Moulinex BY540D10"}]},{"@type":"WebSite","@id":"https:\/\/tay-sir.com\/ar\/#website","url":"https:\/\/tay-sir.com\/ar\/","name":"TAY-SIR.com","description":"plateforme e-commerce avec financement islamique digital en ligne","publisher":{"@id":"https:\/\/tay-sir.com\/ar\/#organization"},"potentialAction":[{"@type":"SearchAction","target":{"@type":"EntryPoint","urlTemplate":"https:\/\/tay-sir.com\/ar\/?s={search_term_string}"},"query-input":{"@type":"PropertyValueSpecification","valueRequired":true,"valueName":"search_term_string"}}],"inLanguage":"ar"},{"@type":"Organization","@id":"https:\/\/tay-sir.com\/ar\/#organization","name":"Taysir","url":"https:\/\/tay-sir.com\/ar\/","logo":{"@type":"ImageObject","inLanguage":"ar","@id":"https:\/\/tay-sir.com\/ar\/#\/schema\/logo\/image\/","url":"https:\/\/tay-sir.com\/wp-content\/uploads\/2024\/10\/profil.jpg","contentUrl":"https:\/\/tay-sir.com\/wp-content\/uploads\/2024\/10\/profil.jpg","width":1024,"height":1024,"caption":"Taysir"},"image":{"@id":"https:\/\/tay-sir.com\/ar\/#\/schema\/logo\/image\/"},"sameAs":["https:\/\/www.facebook.com\/profile.php?id=61566201523117","https:\/\/www.tiktok.com\/@taysir31000?fbclid=IwY2xjawFor1xleHRuA2FlbQIxMAABHQqa6Ko0Z_QFAZb-7Bltxo0G0y0YuIXxVxPenEAWDkGyOgZp7D3Bq1oJAA_aem_TiTB-X9kxzhzORQbwqQiYw","https:\/\/www.instagram.com\/taysirfacilite\/"]}]}},"_links":{"self":[{"href":"https:\/\/tay-sir.com\/ar\/wp-json\/wp\/v2\/product\/29040","targetHints":{"allow":["GET"]}}],"collection":[{"href":"https:\/\/tay-sir.com\/ar\/wp-json\/wp\/v2\/product"}],"about":[{"href":"https:\/\/tay-sir.com\/ar\/wp-json\/wp\/v2\/types\/product"}],"replies":[{"embeddable":true,"href":"https:\/\/tay-sir.com\/ar\/wp-json\/wp\/v2\/comments?post=29040"}],"version-history":[{"count":2,"href":"https:\/\/tay-sir.com\/ar\/wp-json\/wp\/v2\/product\/29040\/revisions"}],"predecessor-version":[{"id":30076,"href":"https:\/\/tay-sir.com\/ar\/wp-json\/wp\/v2\/product\/29040\/revisions\/30076"}],"wp:featuredmedia":[{"embeddable":true,"href":"https:\/\/tay-sir.com\/ar\/wp-json\/wp\/v2\/media\/29039"}],"wp:attachment":[{"href":"https:\/\/tay-sir.com\/ar\/wp-json\/wp\/v2\/media?parent=29040"}],"wp:term":[{"taxonomy":"product_brand","embeddable":true,"href":"https:\/\/tay-sir.com\/ar\/wp-json\/wp\/v2\/product_brand?post=29040"},{"taxonomy":"product_cat","embeddable":true,"href":"https:\/\/tay-sir.com\/ar\/wp-json\/wp\/v2\/product_cat?post=29040"},{"taxonomy":"product_tag","embeddable":true,"href":"https:\/\/tay-sir.com\/ar\/wp-json\/wp\/v2\/product_tag?post=29040"}],"curies":[{"name":"wp","href":"https:\/\/api.w.org\/{rel}","templated":true}]}}