{"id":29074,"date":"2024-08-20T11:15:42","date_gmt":"2024-08-20T10:15:42","guid":{"rendered":"https:\/\/tay-sir.com\/produit\/multismart-ms-gl4011\/"},"modified":"2024-10-26T12:45:30","modified_gmt":"2024-10-26T11:45:30","slug":"multismart-ms-gl4011","status":"publish","type":"product","link":"https:\/\/tay-sir.com\/ar\/product\/multismart-ms-gl4011\/","title":{"rendered":"MultiSmart MS-GL4011"},"content":{"rendered":"<p>Rev\u00eatement antiadh\u00e9sif pour un nettoyage facile<br \/>\nThermostat contr\u00f4l\u00e9<br \/>\nProtection contre la surchauffe<br \/>\nIndicateurs pilotes sous tension\/pr\u00eats \u00e0 cuisiner<br \/>\nBouton de contr\u00f4le de temp\u00e9rature r\u00e9glable<br \/>\nPlaque de gril amovible<br \/>\n105 et 180 degr\u00e9s ouverts.<br \/>\nBac de stockage d\u2019 huile<br \/>\nPoign\u00e9e tactile cool<br \/>\nPieds antid\u00e9rapants<br \/>\nCouvercle en verre<br \/>\nLe c\u00e2ble visible est de 0.8m avec fiche VDE<br \/>\nTaille de la plaque : 296\u00d7218 mm<br \/>\nAlimentation: 220-240V~, 50-60Hz, 1800-2000w<\/p>","protected":false},"excerpt":{"rendered":"<p>Rev\u00eatement antiadh\u00e9sif pour un nettoyage facile Thermostat contr\u00f4l\u00e9 Protection contre la surchauffe Indicateurs pilotes sous tension\/pr\u00eats \u00e0 cuisiner Bouton de<\/p>","protected":false},"featured_media":29073,"comment_status":"open","ping_status":"closed","template":"","meta":[],"product_brand":[],"product_cat":[17,234],"product_tag":[],"class_list":{"0":"post-29074","1":"product","2":"type-product","3":"status-publish","4":"has-post-thumbnail","6":"product_cat-electro-menager","7":"product_cat-panineuse","9":"first","10":"instock","11":"shipping-taxable","12":"purchasable","13":"product-type-variable"},"yoast_head":"<!-- This site is optimized with the Yoast SEO plugin v24.9 - https:\/\/yoast.com\/wordpress\/plugins\/seo\/ -->\n<title>MultiSmart MS-GL4011 - Maslak<\/title>\n<meta name=\"robots\" content=\"index, follow, max-snippet:-1, max-image-preview:large, max-video-preview:-1\" \/>\n<link rel=\"canonical\" href=\"https:\/\/tay-sir.com\/ar\/product\/multismart-ms-gl4011\/\" \/>\n<meta property=\"og:locale\" content=\"ar_AR\" \/>\n<meta property=\"og:type\" content=\"article\" \/>\n<meta property=\"og:title\" content=\"MultiSmart MS-GL4011 - Maslak\" \/>\n<meta property=\"og:description\" content=\"Rev\u00eatement antiadh\u00e9sif pour un nettoyage facile Thermostat contr\u00f4l\u00e9 Protection contre la surchauffe Indicateurs pilotes sous tension\/pr\u00eats \u00e0 cuisiner Bouton de\" \/>\n<meta property=\"og:url\" content=\"https:\/\/tay-sir.com\/ar\/product\/multismart-ms-gl4011\/\" \/>\n<meta property=\"og:site_name\" content=\"Maslak\" \/>\n<meta property=\"article:publisher\" content=\"https:\/\/www.facebook.com\/profile.php?id=61566201523117\" \/>\n<meta property=\"article:modified_time\" content=\"2024-10-26T11:45:30+00:00\" \/>\n<meta property=\"og:image\" content=\"https:\/\/tay-sir.com\/wp-content\/uploads\/2024\/08\/document_service_16072514_1456_5_2029150143.jpg\" \/>\n\t<meta property=\"og:image:width\" content=\"500\" \/>\n\t<meta property=\"og:image:height\" content=\"500\" \/>\n\t<meta property=\"og:image:type\" content=\"image\/jpeg\" \/>\n<meta name=\"twitter:card\" content=\"summary_large_image\" \/>\n<script type=\"application\/ld+json\" class=\"yoast-schema-graph\">{\"@context\":\"https:\/\/schema.org\",\"@graph\":[{\"@type\":\"WebPage\",\"@id\":\"https:\/\/tay-sir.com\/produit\/multismart-ms-gl4011\/\",\"url\":\"https:\/\/tay-sir.com\/produit\/multismart-ms-gl4011\/\",\"name\":\"MultiSmart MS-GL4011 - Maslak\",\"isPartOf\":{\"@id\":\"https:\/\/tay-sir.com\/ar\/#website\"},\"primaryImageOfPage\":{\"@id\":\"https:\/\/tay-sir.com\/produit\/multismart-ms-gl4011\/#primaryimage\"},\"image\":{\"@id\":\"https:\/\/tay-sir.com\/produit\/multismart-ms-gl4011\/#primaryimage\"},\"thumbnailUrl\":\"https:\/\/tay-sir.com\/wp-content\/uploads\/2024\/08\/document_service_16072514_1456_5_2029150143.jpg\",\"datePublished\":\"2024-08-20T10:15:42+00:00\",\"dateModified\":\"2024-10-26T11:45:30+00:00\",\"breadcrumb\":{\"@id\":\"https:\/\/tay-sir.com\/produit\/multismart-ms-gl4011\/#breadcrumb\"},\"inLanguage\":\"ar\",\"potentialAction\":[{\"@type\":\"ReadAction\",\"target\":[\"https:\/\/tay-sir.com\/produit\/multismart-ms-gl4011\/\"]}]},{\"@type\":\"ImageObject\",\"inLanguage\":\"ar\",\"@id\":\"https:\/\/tay-sir.com\/produit\/multismart-ms-gl4011\/#primaryimage\",\"url\":\"https:\/\/tay-sir.com\/wp-content\/uploads\/2024\/08\/document_service_16072514_1456_5_2029150143.jpg\",\"contentUrl\":\"https:\/\/tay-sir.com\/wp-content\/uploads\/2024\/08\/document_service_16072514_1456_5_2029150143.jpg\",\"width\":500,\"height\":500},{\"@type\":\"BreadcrumbList\",\"@id\":\"https:\/\/tay-sir.com\/produit\/multismart-ms-gl4011\/#breadcrumb\",\"itemListElement\":[{\"@type\":\"ListItem\",\"position\":1,\"name\":\"Home\",\"item\":\"https:\/\/tay-sir.com\/ar\/\"},{\"@type\":\"ListItem\",\"position\":2,\"name\":\"Boutique\",\"item\":\"https:\/\/tay-sir.com\/boutique\/\"},{\"@type\":\"ListItem\",\"position\":3,\"name\":\"MultiSmart MS-GL4011\"}]},{\"@type\":\"WebSite\",\"@id\":\"https:\/\/tay-sir.com\/ar\/#website\",\"url\":\"https:\/\/tay-sir.com\/ar\/\",\"name\":\"TAY-SIR.com\",\"description\":\"plateforme e-commerce avec financement islamique digital en ligne\",\"publisher\":{\"@id\":\"https:\/\/tay-sir.com\/ar\/#organization\"},\"potentialAction\":[{\"@type\":\"SearchAction\",\"target\":{\"@type\":\"EntryPoint\",\"urlTemplate\":\"https:\/\/tay-sir.com\/ar\/?s={search_term_string}\"},\"query-input\":{\"@type\":\"PropertyValueSpecification\",\"valueRequired\":true,\"valueName\":\"search_term_string\"}}],\"inLanguage\":\"ar\"},{\"@type\":\"Organization\",\"@id\":\"https:\/\/tay-sir.com\/ar\/#organization\",\"name\":\"Taysir\",\"url\":\"https:\/\/tay-sir.com\/ar\/\",\"logo\":{\"@type\":\"ImageObject\",\"inLanguage\":\"ar\",\"@id\":\"https:\/\/tay-sir.com\/ar\/#\/schema\/logo\/image\/\",\"url\":\"https:\/\/tay-sir.com\/wp-content\/uploads\/2024\/10\/profil.jpg\",\"contentUrl\":\"https:\/\/tay-sir.com\/wp-content\/uploads\/2024\/10\/profil.jpg\",\"width\":1024,\"height\":1024,\"caption\":\"Taysir\"},\"image\":{\"@id\":\"https:\/\/tay-sir.com\/ar\/#\/schema\/logo\/image\/\"},\"sameAs\":[\"https:\/\/www.facebook.com\/profile.php?id=61566201523117\",\"https:\/\/www.tiktok.com\/@taysir31000?fbclid=IwY2xjawFor1xleHRuA2FlbQIxMAABHQqa6Ko0Z_QFAZb-7Bltxo0G0y0YuIXxVxPenEAWDkGyOgZp7D3Bq1oJAA_aem_TiTB-X9kxzhzORQbwqQiYw\",\"https:\/\/www.instagram.com\/taysirfacilite\/\"]}]}<\/script>\n<!-- \/ Yoast SEO plugin. -->","yoast_head_json":{"title":"MultiSmart MS-GL4011 - Maslak","robots":{"index":"index","follow":"follow","max-snippet":"max-snippet:-1","max-image-preview":"max-image-preview:large","max-video-preview":"max-video-preview:-1"},"canonical":"https:\/\/tay-sir.com\/ar\/product\/multismart-ms-gl4011\/","og_locale":"ar_AR","og_type":"article","og_title":"MultiSmart MS-GL4011 - Maslak","og_description":"Rev\u00eatement antiadh\u00e9sif pour un nettoyage facile Thermostat contr\u00f4l\u00e9 Protection contre la surchauffe Indicateurs pilotes sous tension\/pr\u00eats \u00e0 cuisiner Bouton de","og_url":"https:\/\/tay-sir.com\/ar\/product\/multismart-ms-gl4011\/","og_site_name":"Maslak","article_publisher":"https:\/\/www.facebook.com\/profile.php?id=61566201523117","article_modified_time":"2024-10-26T11:45:30+00:00","og_image":[{"width":500,"height":500,"url":"https:\/\/tay-sir.com\/wp-content\/uploads\/2024\/08\/document_service_16072514_1456_5_2029150143.jpg","type":"image\/jpeg"}],"twitter_card":"summary_large_image","schema":{"@context":"https:\/\/schema.org","@graph":[{"@type":"WebPage","@id":"https:\/\/tay-sir.com\/produit\/multismart-ms-gl4011\/","url":"https:\/\/tay-sir.com\/produit\/multismart-ms-gl4011\/","name":"MultiSmart MS-GL4011 - Maslak","isPartOf":{"@id":"https:\/\/tay-sir.com\/ar\/#website"},"primaryImageOfPage":{"@id":"https:\/\/tay-sir.com\/produit\/multismart-ms-gl4011\/#primaryimage"},"image":{"@id":"https:\/\/tay-sir.com\/produit\/multismart-ms-gl4011\/#primaryimage"},"thumbnailUrl":"https:\/\/tay-sir.com\/wp-content\/uploads\/2024\/08\/document_service_16072514_1456_5_2029150143.jpg","datePublished":"2024-08-20T10:15:42+00:00","dateModified":"2024-10-26T11:45:30+00:00","breadcrumb":{"@id":"https:\/\/tay-sir.com\/produit\/multismart-ms-gl4011\/#breadcrumb"},"inLanguage":"ar","potentialAction":[{"@type":"ReadAction","target":["https:\/\/tay-sir.com\/produit\/multismart-ms-gl4011\/"]}]},{"@type":"ImageObject","inLanguage":"ar","@id":"https:\/\/tay-sir.com\/produit\/multismart-ms-gl4011\/#primaryimage","url":"https:\/\/tay-sir.com\/wp-content\/uploads\/2024\/08\/document_service_16072514_1456_5_2029150143.jpg","contentUrl":"https:\/\/tay-sir.com\/wp-content\/uploads\/2024\/08\/document_service_16072514_1456_5_2029150143.jpg","width":500,"height":500},{"@type":"BreadcrumbList","@id":"https:\/\/tay-sir.com\/produit\/multismart-ms-gl4011\/#breadcrumb","itemListElement":[{"@type":"ListItem","position":1,"name":"Home","item":"https:\/\/tay-sir.com\/ar\/"},{"@type":"ListItem","position":2,"name":"Boutique","item":"https:\/\/tay-sir.com\/boutique\/"},{"@type":"ListItem","position":3,"name":"MultiSmart MS-GL4011"}]},{"@type":"WebSite","@id":"https:\/\/tay-sir.com\/ar\/#website","url":"https:\/\/tay-sir.com\/ar\/","name":"TAY-SIR.com","description":"plateforme e-commerce avec financement islamique digital en ligne","publisher":{"@id":"https:\/\/tay-sir.com\/ar\/#organization"},"potentialAction":[{"@type":"SearchAction","target":{"@type":"EntryPoint","urlTemplate":"https:\/\/tay-sir.com\/ar\/?s={search_term_string}"},"query-input":{"@type":"PropertyValueSpecification","valueRequired":true,"valueName":"search_term_string"}}],"inLanguage":"ar"},{"@type":"Organization","@id":"https:\/\/tay-sir.com\/ar\/#organization","name":"Taysir","url":"https:\/\/tay-sir.com\/ar\/","logo":{"@type":"ImageObject","inLanguage":"ar","@id":"https:\/\/tay-sir.com\/ar\/#\/schema\/logo\/image\/","url":"https:\/\/tay-sir.com\/wp-content\/uploads\/2024\/10\/profil.jpg","contentUrl":"https:\/\/tay-sir.com\/wp-content\/uploads\/2024\/10\/profil.jpg","width":1024,"height":1024,"caption":"Taysir"},"image":{"@id":"https:\/\/tay-sir.com\/ar\/#\/schema\/logo\/image\/"},"sameAs":["https:\/\/www.facebook.com\/profile.php?id=61566201523117","https:\/\/www.tiktok.com\/@taysir31000?fbclid=IwY2xjawFor1xleHRuA2FlbQIxMAABHQqa6Ko0Z_QFAZb-7Bltxo0G0y0YuIXxVxPenEAWDkGyOgZp7D3Bq1oJAA_aem_TiTB-X9kxzhzORQbwqQiYw","https:\/\/www.instagram.com\/taysirfacilite\/"]}]}},"_links":{"self":[{"href":"https:\/\/tay-sir.com\/ar\/wp-json\/wp\/v2\/product\/29074","targetHints":{"allow":["GET"]}}],"collection":[{"href":"https:\/\/tay-sir.com\/ar\/wp-json\/wp\/v2\/product"}],"about":[{"href":"https:\/\/tay-sir.com\/ar\/wp-json\/wp\/v2\/types\/product"}],"replies":[{"embeddable":true,"href":"https:\/\/tay-sir.com\/ar\/wp-json\/wp\/v2\/comments?post=29074"}],"version-history":[{"count":3,"href":"https:\/\/tay-sir.com\/ar\/wp-json\/wp\/v2\/product\/29074\/revisions"}],"predecessor-version":[{"id":32036,"href":"https:\/\/tay-sir.com\/ar\/wp-json\/wp\/v2\/product\/29074\/revisions\/32036"}],"wp:featuredmedia":[{"embeddable":true,"href":"https:\/\/tay-sir.com\/ar\/wp-json\/wp\/v2\/media\/29073"}],"wp:attachment":[{"href":"https:\/\/tay-sir.com\/ar\/wp-json\/wp\/v2\/media?parent=29074"}],"wp:term":[{"taxonomy":"product_brand","embeddable":true,"href":"https:\/\/tay-sir.com\/ar\/wp-json\/wp\/v2\/product_brand?post=29074"},{"taxonomy":"product_cat","embeddable":true,"href":"https:\/\/tay-sir.com\/ar\/wp-json\/wp\/v2\/product_cat?post=29074"},{"taxonomy":"product_tag","embeddable":true,"href":"https:\/\/tay-sir.com\/ar\/wp-json\/wp\/v2\/product_tag?post=29074"}],"curies":[{"name":"wp","href":"https:\/\/api.w.org\/{rel}","templated":true}]}}