{"id":29106,"date":"2024-08-20T15:52:53","date_gmt":"2024-08-20T14:52:53","guid":{"rendered":"https:\/\/tay-sir.com\/produit\/moulinex-fp246110\/"},"modified":"2024-10-27T14:43:03","modified_gmt":"2024-10-27T13:43:03","slug":"moulinex-fp246110","status":"publish","type":"product","link":"https:\/\/tay-sir.com\/ar\/product\/moulinex-fp246110\/","title":{"rendered":"Moulinex FP246110"},"content":{"rendered":"<p>Marque Moulinex<br \/>\nCaract\u00e9ristique sp\u00e9ciale L\u00e9ger<br \/>\nDimensions du produit 23P x 26l x 41H centim\u00e8tres<br \/>\nCouleur Blanc<br \/>\nCapacit\u00e9 du bol 1,4 Litres<br \/>\nUsages recommand\u00e9s pour le produit Tranchage, M\u00e9lange, Hachage, R\u00e2page<br \/>\nNombre de vitesses 2<br \/>\nInstructions d&rsquo;entretien nc<br \/>\nComposants inclus Robot de cuisine 3 x r\u00e2pes mixeur disque \u00e9mulsifiant hachoir<br \/>\nNom de mod\u00e8le Moulinex Easy Force Robot multifonctions<\/p>\n<p>Puissance: 700 Watts<br \/>\nMat\u00e9riau: Plastique<br \/>\nPoids de l&rsquo;article: 3,3 Kilogrammes<br \/>\nPeut passer au lave-vaisselle: Oui<br \/>\n\u00c0 propos de cet article<br \/>\nRAPIDE ET PRECIS : puissance de 700 W avec 2 vitesses et 1 fonction pulse<br \/>\nPOLYVALENCE TOUT EN UN : 6 accessoires indispensables pour 25 fonctions diff\u00e9rentes, notamment \u00e9mincer, d\u00e9couper, r\u00e2per, p\u00e9trir, hacher, m\u00e9langer et \u00e9mulsifier<br \/>\nACCESSOIRE BLENDER : d\u00e9couvrez un robot multifonction qui r\u00e9pond \u00e0 tous vos besoins en cuisine, avec un blender de 1,8 L inclus pour r\u00e9aliser des smoothies parfaits, et bien plus<br \/>\nFACILE D&rsquo;UTILISATION : les r\u00e9glages de vitesse sont indiqu\u00e9s sur chaque accessoire de votre premier robot multifonctions pour une facilit\u00e9 d&rsquo;utilisation absolue<br \/>\nR\u00c9PARABILIT\u00c9 15 ANS AU JUSTE PRIX : engagement de r\u00e9parabilit\u00e9 15 ans au juste prix gr\u00e2ce \u00e0 notre r\u00e9seau de 6200 r\u00e9parateurs dans le monde, pour contribuer \u00e0 la protection de l\u2019environnement et \u00e0 la r\u00e9duction des d\u00e9chets<br \/>\nRANGEMENT FACILE : un design intelligent qui vous permet de ranger tous les accessoires (sauf le blender) dans le bol<br \/>\nNETTOYAGE FACILE : tous les accessoires sont compatibles lave-vaisselle pour une praticit\u00e9 optimale<br \/>\nACCESSOIRES PERFORMANTS : ma\u00eetrisez toutes les fonctionnalit\u00e9s en toute simplicit\u00e9 pour \u00e9mincer, d\u00e9couper, hacher, p\u00e9trir et \u00e9mulsifier \u00e0 la perfection<\/p>","protected":false},"excerpt":{"rendered":"<p>Marque Moulinex Caract\u00e9ristique sp\u00e9ciale L\u00e9ger Dimensions du produit 23P x 26l x 41H centim\u00e8tres Couleur Blanc Capacit\u00e9 du bol 1,4<\/p>","protected":false},"featured_media":29105,"comment_status":"open","ping_status":"closed","template":"","meta":[],"product_brand":[],"product_cat":[17,235],"product_tag":[],"class_list":{"0":"post-29106","1":"product","2":"type-product","3":"status-publish","4":"has-post-thumbnail","6":"product_cat-electro-menager","7":"product_cat-robot-multifonction","9":"first","10":"instock","11":"shipping-taxable","12":"purchasable","13":"product-type-variable"},"yoast_head":"<!-- This site is optimized with the Yoast SEO plugin v24.9 - https:\/\/yoast.com\/wordpress\/plugins\/seo\/ -->\n<title>Moulinex FP246110 - Maslak<\/title>\n<meta name=\"robots\" content=\"index, follow, max-snippet:-1, max-image-preview:large, max-video-preview:-1\" \/>\n<link rel=\"canonical\" href=\"https:\/\/tay-sir.com\/ar\/product\/moulinex-fp246110\/\" \/>\n<meta property=\"og:locale\" content=\"ar_AR\" \/>\n<meta property=\"og:type\" content=\"article\" \/>\n<meta property=\"og:title\" content=\"Moulinex FP246110 - Maslak\" \/>\n<meta property=\"og:description\" content=\"Marque Moulinex Caract\u00e9ristique sp\u00e9ciale L\u00e9ger Dimensions du produit 23P x 26l x 41H centim\u00e8tres Couleur Blanc Capacit\u00e9 du bol 1,4\" \/>\n<meta property=\"og:url\" content=\"https:\/\/tay-sir.com\/ar\/product\/moulinex-fp246110\/\" \/>\n<meta property=\"og:site_name\" content=\"Maslak\" \/>\n<meta property=\"article:publisher\" content=\"https:\/\/www.facebook.com\/profile.php?id=61566201523117\" \/>\n<meta property=\"article:modified_time\" content=\"2024-10-27T13:43:03+00:00\" \/>\n<meta property=\"og:image\" content=\"https:\/\/tay-sir.com\/wp-content\/uploads\/2024\/08\/Digital-easyforce-chopper-robot.jpg\" \/>\n\t<meta property=\"og:image:width\" content=\"1600\" \/>\n\t<meta property=\"og:image:height\" content=\"914\" \/>\n\t<meta property=\"og:image:type\" content=\"image\/jpeg\" \/>\n<meta name=\"twitter:card\" content=\"summary_large_image\" \/>\n<meta name=\"twitter:label1\" content=\"\u0648\u0642\u062a \u0627\u0644\u0642\u0631\u0627\u0621\u0629 \u0627\u0644\u0645\u064f\u0642\u062f\u0651\u0631\" \/>\n\t<meta name=\"twitter:data1\" content=\"\u062f\u0642\u064a\u0642\u0629 \u0648\u0627\u062d\u062f\u0629\" \/>\n<script type=\"application\/ld+json\" class=\"yoast-schema-graph\">{\"@context\":\"https:\/\/schema.org\",\"@graph\":[{\"@type\":\"WebPage\",\"@id\":\"https:\/\/tay-sir.com\/produit\/moulinex-fp246110\/\",\"url\":\"https:\/\/tay-sir.com\/produit\/moulinex-fp246110\/\",\"name\":\"Moulinex FP246110 - Maslak\",\"isPartOf\":{\"@id\":\"https:\/\/tay-sir.com\/ar\/#website\"},\"primaryImageOfPage\":{\"@id\":\"https:\/\/tay-sir.com\/produit\/moulinex-fp246110\/#primaryimage\"},\"image\":{\"@id\":\"https:\/\/tay-sir.com\/produit\/moulinex-fp246110\/#primaryimage\"},\"thumbnailUrl\":\"https:\/\/tay-sir.com\/wp-content\/uploads\/2024\/08\/Digital-easyforce-chopper-robot.jpg\",\"datePublished\":\"2024-08-20T14:52:53+00:00\",\"dateModified\":\"2024-10-27T13:43:03+00:00\",\"breadcrumb\":{\"@id\":\"https:\/\/tay-sir.com\/produit\/moulinex-fp246110\/#breadcrumb\"},\"inLanguage\":\"ar\",\"potentialAction\":[{\"@type\":\"ReadAction\",\"target\":[\"https:\/\/tay-sir.com\/produit\/moulinex-fp246110\/\"]}]},{\"@type\":\"ImageObject\",\"inLanguage\":\"ar\",\"@id\":\"https:\/\/tay-sir.com\/produit\/moulinex-fp246110\/#primaryimage\",\"url\":\"https:\/\/tay-sir.com\/wp-content\/uploads\/2024\/08\/Digital-easyforce-chopper-robot.jpg\",\"contentUrl\":\"https:\/\/tay-sir.com\/wp-content\/uploads\/2024\/08\/Digital-easyforce-chopper-robot.jpg\",\"width\":1600,\"height\":914},{\"@type\":\"BreadcrumbList\",\"@id\":\"https:\/\/tay-sir.com\/produit\/moulinex-fp246110\/#breadcrumb\",\"itemListElement\":[{\"@type\":\"ListItem\",\"position\":1,\"name\":\"Home\",\"item\":\"https:\/\/tay-sir.com\/ar\/\"},{\"@type\":\"ListItem\",\"position\":2,\"name\":\"Boutique\",\"item\":\"https:\/\/tay-sir.com\/boutique\/\"},{\"@type\":\"ListItem\",\"position\":3,\"name\":\"Moulinex FP246110\"}]},{\"@type\":\"WebSite\",\"@id\":\"https:\/\/tay-sir.com\/ar\/#website\",\"url\":\"https:\/\/tay-sir.com\/ar\/\",\"name\":\"TAY-SIR.com\",\"description\":\"plateforme e-commerce avec financement islamique digital en ligne\",\"publisher\":{\"@id\":\"https:\/\/tay-sir.com\/ar\/#organization\"},\"potentialAction\":[{\"@type\":\"SearchAction\",\"target\":{\"@type\":\"EntryPoint\",\"urlTemplate\":\"https:\/\/tay-sir.com\/ar\/?s={search_term_string}\"},\"query-input\":{\"@type\":\"PropertyValueSpecification\",\"valueRequired\":true,\"valueName\":\"search_term_string\"}}],\"inLanguage\":\"ar\"},{\"@type\":\"Organization\",\"@id\":\"https:\/\/tay-sir.com\/ar\/#organization\",\"name\":\"Taysir\",\"url\":\"https:\/\/tay-sir.com\/ar\/\",\"logo\":{\"@type\":\"ImageObject\",\"inLanguage\":\"ar\",\"@id\":\"https:\/\/tay-sir.com\/ar\/#\/schema\/logo\/image\/\",\"url\":\"https:\/\/tay-sir.com\/wp-content\/uploads\/2024\/10\/profil.jpg\",\"contentUrl\":\"https:\/\/tay-sir.com\/wp-content\/uploads\/2024\/10\/profil.jpg\",\"width\":1024,\"height\":1024,\"caption\":\"Taysir\"},\"image\":{\"@id\":\"https:\/\/tay-sir.com\/ar\/#\/schema\/logo\/image\/\"},\"sameAs\":[\"https:\/\/www.facebook.com\/profile.php?id=61566201523117\",\"https:\/\/www.tiktok.com\/@taysir31000?fbclid=IwY2xjawFor1xleHRuA2FlbQIxMAABHQqa6Ko0Z_QFAZb-7Bltxo0G0y0YuIXxVxPenEAWDkGyOgZp7D3Bq1oJAA_aem_TiTB-X9kxzhzORQbwqQiYw\",\"https:\/\/www.instagram.com\/taysirfacilite\/\"]}]}<\/script>\n<!-- \/ Yoast SEO plugin. -->","yoast_head_json":{"title":"Moulinex FP246110 - Maslak","robots":{"index":"index","follow":"follow","max-snippet":"max-snippet:-1","max-image-preview":"max-image-preview:large","max-video-preview":"max-video-preview:-1"},"canonical":"https:\/\/tay-sir.com\/ar\/product\/moulinex-fp246110\/","og_locale":"ar_AR","og_type":"article","og_title":"Moulinex FP246110 - Maslak","og_description":"Marque Moulinex Caract\u00e9ristique sp\u00e9ciale L\u00e9ger Dimensions du produit 23P x 26l x 41H centim\u00e8tres Couleur Blanc Capacit\u00e9 du bol 1,4","og_url":"https:\/\/tay-sir.com\/ar\/product\/moulinex-fp246110\/","og_site_name":"Maslak","article_publisher":"https:\/\/www.facebook.com\/profile.php?id=61566201523117","article_modified_time":"2024-10-27T13:43:03+00:00","og_image":[{"width":1600,"height":914,"url":"https:\/\/tay-sir.com\/wp-content\/uploads\/2024\/08\/Digital-easyforce-chopper-robot.jpg","type":"image\/jpeg"}],"twitter_card":"summary_large_image","twitter_misc":{"\u0648\u0642\u062a \u0627\u0644\u0642\u0631\u0627\u0621\u0629 \u0627\u0644\u0645\u064f\u0642\u062f\u0651\u0631":"\u062f\u0642\u064a\u0642\u0629 \u0648\u0627\u062d\u062f\u0629"},"schema":{"@context":"https:\/\/schema.org","@graph":[{"@type":"WebPage","@id":"https:\/\/tay-sir.com\/produit\/moulinex-fp246110\/","url":"https:\/\/tay-sir.com\/produit\/moulinex-fp246110\/","name":"Moulinex FP246110 - Maslak","isPartOf":{"@id":"https:\/\/tay-sir.com\/ar\/#website"},"primaryImageOfPage":{"@id":"https:\/\/tay-sir.com\/produit\/moulinex-fp246110\/#primaryimage"},"image":{"@id":"https:\/\/tay-sir.com\/produit\/moulinex-fp246110\/#primaryimage"},"thumbnailUrl":"https:\/\/tay-sir.com\/wp-content\/uploads\/2024\/08\/Digital-easyforce-chopper-robot.jpg","datePublished":"2024-08-20T14:52:53+00:00","dateModified":"2024-10-27T13:43:03+00:00","breadcrumb":{"@id":"https:\/\/tay-sir.com\/produit\/moulinex-fp246110\/#breadcrumb"},"inLanguage":"ar","potentialAction":[{"@type":"ReadAction","target":["https:\/\/tay-sir.com\/produit\/moulinex-fp246110\/"]}]},{"@type":"ImageObject","inLanguage":"ar","@id":"https:\/\/tay-sir.com\/produit\/moulinex-fp246110\/#primaryimage","url":"https:\/\/tay-sir.com\/wp-content\/uploads\/2024\/08\/Digital-easyforce-chopper-robot.jpg","contentUrl":"https:\/\/tay-sir.com\/wp-content\/uploads\/2024\/08\/Digital-easyforce-chopper-robot.jpg","width":1600,"height":914},{"@type":"BreadcrumbList","@id":"https:\/\/tay-sir.com\/produit\/moulinex-fp246110\/#breadcrumb","itemListElement":[{"@type":"ListItem","position":1,"name":"Home","item":"https:\/\/tay-sir.com\/ar\/"},{"@type":"ListItem","position":2,"name":"Boutique","item":"https:\/\/tay-sir.com\/boutique\/"},{"@type":"ListItem","position":3,"name":"Moulinex FP246110"}]},{"@type":"WebSite","@id":"https:\/\/tay-sir.com\/ar\/#website","url":"https:\/\/tay-sir.com\/ar\/","name":"TAY-SIR.com","description":"plateforme e-commerce avec financement islamique digital en ligne","publisher":{"@id":"https:\/\/tay-sir.com\/ar\/#organization"},"potentialAction":[{"@type":"SearchAction","target":{"@type":"EntryPoint","urlTemplate":"https:\/\/tay-sir.com\/ar\/?s={search_term_string}"},"query-input":{"@type":"PropertyValueSpecification","valueRequired":true,"valueName":"search_term_string"}}],"inLanguage":"ar"},{"@type":"Organization","@id":"https:\/\/tay-sir.com\/ar\/#organization","name":"Taysir","url":"https:\/\/tay-sir.com\/ar\/","logo":{"@type":"ImageObject","inLanguage":"ar","@id":"https:\/\/tay-sir.com\/ar\/#\/schema\/logo\/image\/","url":"https:\/\/tay-sir.com\/wp-content\/uploads\/2024\/10\/profil.jpg","contentUrl":"https:\/\/tay-sir.com\/wp-content\/uploads\/2024\/10\/profil.jpg","width":1024,"height":1024,"caption":"Taysir"},"image":{"@id":"https:\/\/tay-sir.com\/ar\/#\/schema\/logo\/image\/"},"sameAs":["https:\/\/www.facebook.com\/profile.php?id=61566201523117","https:\/\/www.tiktok.com\/@taysir31000?fbclid=IwY2xjawFor1xleHRuA2FlbQIxMAABHQqa6Ko0Z_QFAZb-7Bltxo0G0y0YuIXxVxPenEAWDkGyOgZp7D3Bq1oJAA_aem_TiTB-X9kxzhzORQbwqQiYw","https:\/\/www.instagram.com\/taysirfacilite\/"]}]}},"_links":{"self":[{"href":"https:\/\/tay-sir.com\/ar\/wp-json\/wp\/v2\/product\/29106","targetHints":{"allow":["GET"]}}],"collection":[{"href":"https:\/\/tay-sir.com\/ar\/wp-json\/wp\/v2\/product"}],"about":[{"href":"https:\/\/tay-sir.com\/ar\/wp-json\/wp\/v2\/types\/product"}],"replies":[{"embeddable":true,"href":"https:\/\/tay-sir.com\/ar\/wp-json\/wp\/v2\/comments?post=29106"}],"version-history":[{"count":2,"href":"https:\/\/tay-sir.com\/ar\/wp-json\/wp\/v2\/product\/29106\/revisions"}],"predecessor-version":[{"id":30158,"href":"https:\/\/tay-sir.com\/ar\/wp-json\/wp\/v2\/product\/29106\/revisions\/30158"}],"wp:featuredmedia":[{"embeddable":true,"href":"https:\/\/tay-sir.com\/ar\/wp-json\/wp\/v2\/media\/29105"}],"wp:attachment":[{"href":"https:\/\/tay-sir.com\/ar\/wp-json\/wp\/v2\/media?parent=29106"}],"wp:term":[{"taxonomy":"product_brand","embeddable":true,"href":"https:\/\/tay-sir.com\/ar\/wp-json\/wp\/v2\/product_brand?post=29106"},{"taxonomy":"product_cat","embeddable":true,"href":"https:\/\/tay-sir.com\/ar\/wp-json\/wp\/v2\/product_cat?post=29106"},{"taxonomy":"product_tag","embeddable":true,"href":"https:\/\/tay-sir.com\/ar\/wp-json\/wp\/v2\/product_tag?post=29106"}],"curies":[{"name":"wp","href":"https:\/\/api.w.org\/{rel}","templated":true}]}}