{"id":29112,"date":"2024-08-20T15:53:17","date_gmt":"2024-08-20T14:53:17","guid":{"rendered":"https:\/\/tay-sir.com\/produit\/bosch-mum58020\/"},"modified":"2024-10-27T14:38:51","modified_gmt":"2024-10-27T13:38:51","slug":"bosch-mum58020","status":"publish","type":"product","link":"https:\/\/tay-sir.com\/ar\/product\/bosch-mum58020\/","title":{"rendered":"Bosch MUM58020"},"content":{"rendered":"<p>Marque Bosch<br \/>\nCouleur Argent (Menthe Turquoise \/ Argent)<br \/>\nMat\u00e9riau de la lame Acier inoxydable<br \/>\nCaract\u00e9ristique sp\u00e9ciale Pi\u00e8ces lavables au lave-vaisselle, bol m\u00e9langeur en acier inoxydable<br \/>\nCapacit\u00e9 3,9 Litres<br \/>\nPoids de l&rsquo;article 6,3 Kilogrammes<br \/>\nNom de mod\u00e8le MUM58020<br \/>\nPeut passer au lave-vaisselle Oui<br \/>\nCode article international 04242002904023<br \/>\nFabricant Bosch<\/p>\n<p>Mat\u00e9riau: Acier inoxydable<br \/>\nNombre de vitesses: 7<br \/>\nTension: 240 Volts<br \/>\nPuissance: 1000 Watts<br \/>\n\u00c0 propos de cet article<br \/>\nLa forte Robot de cuisine pour cuisine et p\u00e2tisserie. Traitement particuli\u00e8rement facile \u00e9galement de grandes quantit\u00e9s de jusqu&rsquo;\u00e0 1 kg de farine + autres ingr\u00e9dients gr\u00e2ce \u00e0 son moteur de 1000 watts.<br \/>\nP\u00e2tes sont avec le grand bol en acier inoxydable (3,9L Volume) avec int\u00e9rieur sp\u00e9cial et \u00e0 la forme gr\u00e2ce \u00e0 3D b\u00e2che militaire Mixing optimal m\u00e9lange \u2013 pour jusqu&rsquo;\u00e0 2,7 kg de p\u00e2te m\u00e9langeur\/1,9 kg de p\u00e2te levure.<br \/>\nSolution de rangement simple et rapide de la p\u00e2tisserie lit dans le bol gr\u00e2ce \u00e0 la pratique poche pour accessoires<br \/>\nConfort d&rsquo;utilisation avec Easy Arm Lift et remplissage facile du bol : gr\u00e2ce \u00e0 la position automatique M\u00e9langeur outils.<br \/>\nUtilisation polyvalente avec set p\u00e2tisserie de qualit\u00e9 sup\u00e9rieure (, fouet pour battre, crochet p\u00e9trisseur), r\u00e2peur\/\u00e9minceur : 1 disque r\u00e9versible pour r\u00e2per avec 3 pour \u00e9mincer fin ou \u00e9pais et 1 disque pour r\u00e2per\/concasser<br \/>\nContenu de la livraison : bol plastique, r\u00e2pe disque \u00e0 r\u00e2per r\u00e9versible demi-douce, m\u00e9langeur de percussion balai service nde disque, couvercle, r\u00e2peur\/\u00e9minceur : 1 disque r\u00e9versible pour r\u00e2per, bol en acier inoxydable, crochets de p\u00e9trissage en m\u00e9tal, poche pour accessoires gris fonc\u00e9, livre de recettes DVD<\/p>","protected":false},"excerpt":{"rendered":"<p>Marque Bosch Couleur Argent (Menthe Turquoise \/ Argent) Mat\u00e9riau de la lame Acier inoxydable Caract\u00e9ristique sp\u00e9ciale Pi\u00e8ces lavables au lave-vaisselle,<\/p>","protected":false},"featured_media":30409,"comment_status":"open","ping_status":"closed","template":"","meta":[],"product_brand":[],"product_cat":[17,235],"product_tag":[],"class_list":{"0":"post-29112","1":"product","2":"type-product","3":"status-publish","4":"has-post-thumbnail","6":"product_cat-electro-menager","7":"product_cat-robot-multifonction","9":"first","10":"instock","11":"shipping-taxable","12":"purchasable","13":"product-type-variable"},"yoast_head":"<!-- This site is optimized with the Yoast SEO plugin v24.9 - https:\/\/yoast.com\/wordpress\/plugins\/seo\/ -->\n<title>Bosch MUM58020 - Maslak<\/title>\n<meta name=\"robots\" content=\"index, follow, max-snippet:-1, max-image-preview:large, max-video-preview:-1\" \/>\n<link rel=\"canonical\" href=\"https:\/\/tay-sir.com\/ar\/product\/bosch-mum58020\/\" \/>\n<meta property=\"og:locale\" content=\"ar_AR\" \/>\n<meta property=\"og:type\" content=\"article\" \/>\n<meta property=\"og:title\" content=\"Bosch MUM58020 - Maslak\" \/>\n<meta property=\"og:description\" content=\"Marque Bosch Couleur Argent (Menthe Turquoise \/ Argent) Mat\u00e9riau de la lame Acier inoxydable Caract\u00e9ristique sp\u00e9ciale Pi\u00e8ces lavables au lave-vaisselle,\" \/>\n<meta property=\"og:url\" content=\"https:\/\/tay-sir.com\/ar\/product\/bosch-mum58020\/\" \/>\n<meta property=\"og:site_name\" content=\"Maslak\" \/>\n<meta property=\"article:publisher\" content=\"https:\/\/www.facebook.com\/profile.php?id=61566201523117\" \/>\n<meta property=\"article:modified_time\" content=\"2024-10-27T13:38:51+00:00\" \/>\n<meta property=\"og:image\" content=\"https:\/\/tay-sir.com\/wp-content\/uploads\/2024\/08\/Bosch-MUM58e020.jpg\" \/>\n\t<meta property=\"og:image:width\" content=\"400\" \/>\n\t<meta property=\"og:image:height\" content=\"400\" \/>\n\t<meta property=\"og:image:type\" content=\"image\/jpeg\" \/>\n<meta name=\"twitter:card\" content=\"summary_large_image\" \/>\n<meta name=\"twitter:label1\" content=\"\u0648\u0642\u062a \u0627\u0644\u0642\u0631\u0627\u0621\u0629 \u0627\u0644\u0645\u064f\u0642\u062f\u0651\u0631\" \/>\n\t<meta name=\"twitter:data1\" content=\"\u062f\u0642\u064a\u0642\u0629 \u0648\u0627\u062d\u062f\u0629\" \/>\n<script type=\"application\/ld+json\" class=\"yoast-schema-graph\">{\"@context\":\"https:\/\/schema.org\",\"@graph\":[{\"@type\":\"WebPage\",\"@id\":\"https:\/\/tay-sir.com\/produit\/bosch-mum58020\/\",\"url\":\"https:\/\/tay-sir.com\/produit\/bosch-mum58020\/\",\"name\":\"Bosch MUM58020 - Maslak\",\"isPartOf\":{\"@id\":\"https:\/\/tay-sir.com\/ar\/#website\"},\"primaryImageOfPage\":{\"@id\":\"https:\/\/tay-sir.com\/produit\/bosch-mum58020\/#primaryimage\"},\"image\":{\"@id\":\"https:\/\/tay-sir.com\/produit\/bosch-mum58020\/#primaryimage\"},\"thumbnailUrl\":\"https:\/\/tay-sir.com\/wp-content\/uploads\/2024\/08\/Bosch-MUM58e020.jpg\",\"datePublished\":\"2024-08-20T14:53:17+00:00\",\"dateModified\":\"2024-10-27T13:38:51+00:00\",\"breadcrumb\":{\"@id\":\"https:\/\/tay-sir.com\/produit\/bosch-mum58020\/#breadcrumb\"},\"inLanguage\":\"ar\",\"potentialAction\":[{\"@type\":\"ReadAction\",\"target\":[\"https:\/\/tay-sir.com\/produit\/bosch-mum58020\/\"]}]},{\"@type\":\"ImageObject\",\"inLanguage\":\"ar\",\"@id\":\"https:\/\/tay-sir.com\/produit\/bosch-mum58020\/#primaryimage\",\"url\":\"https:\/\/tay-sir.com\/wp-content\/uploads\/2024\/08\/Bosch-MUM58e020.jpg\",\"contentUrl\":\"https:\/\/tay-sir.com\/wp-content\/uploads\/2024\/08\/Bosch-MUM58e020.jpg\",\"width\":400,\"height\":400},{\"@type\":\"BreadcrumbList\",\"@id\":\"https:\/\/tay-sir.com\/produit\/bosch-mum58020\/#breadcrumb\",\"itemListElement\":[{\"@type\":\"ListItem\",\"position\":1,\"name\":\"Home\",\"item\":\"https:\/\/tay-sir.com\/ar\/\"},{\"@type\":\"ListItem\",\"position\":2,\"name\":\"Boutique\",\"item\":\"https:\/\/tay-sir.com\/boutique\/\"},{\"@type\":\"ListItem\",\"position\":3,\"name\":\"Bosch MUM58020\"}]},{\"@type\":\"WebSite\",\"@id\":\"https:\/\/tay-sir.com\/ar\/#website\",\"url\":\"https:\/\/tay-sir.com\/ar\/\",\"name\":\"TAY-SIR.com\",\"description\":\"plateforme e-commerce avec financement islamique digital en ligne\",\"publisher\":{\"@id\":\"https:\/\/tay-sir.com\/ar\/#organization\"},\"potentialAction\":[{\"@type\":\"SearchAction\",\"target\":{\"@type\":\"EntryPoint\",\"urlTemplate\":\"https:\/\/tay-sir.com\/ar\/?s={search_term_string}\"},\"query-input\":{\"@type\":\"PropertyValueSpecification\",\"valueRequired\":true,\"valueName\":\"search_term_string\"}}],\"inLanguage\":\"ar\"},{\"@type\":\"Organization\",\"@id\":\"https:\/\/tay-sir.com\/ar\/#organization\",\"name\":\"Taysir\",\"url\":\"https:\/\/tay-sir.com\/ar\/\",\"logo\":{\"@type\":\"ImageObject\",\"inLanguage\":\"ar\",\"@id\":\"https:\/\/tay-sir.com\/ar\/#\/schema\/logo\/image\/\",\"url\":\"https:\/\/tay-sir.com\/wp-content\/uploads\/2024\/10\/profil.jpg\",\"contentUrl\":\"https:\/\/tay-sir.com\/wp-content\/uploads\/2024\/10\/profil.jpg\",\"width\":1024,\"height\":1024,\"caption\":\"Taysir\"},\"image\":{\"@id\":\"https:\/\/tay-sir.com\/ar\/#\/schema\/logo\/image\/\"},\"sameAs\":[\"https:\/\/www.facebook.com\/profile.php?id=61566201523117\",\"https:\/\/www.tiktok.com\/@taysir31000?fbclid=IwY2xjawFor1xleHRuA2FlbQIxMAABHQqa6Ko0Z_QFAZb-7Bltxo0G0y0YuIXxVxPenEAWDkGyOgZp7D3Bq1oJAA_aem_TiTB-X9kxzhzORQbwqQiYw\",\"https:\/\/www.instagram.com\/taysirfacilite\/\"]}]}<\/script>\n<!-- \/ Yoast SEO plugin. -->","yoast_head_json":{"title":"Bosch MUM58020 - Maslak","robots":{"index":"index","follow":"follow","max-snippet":"max-snippet:-1","max-image-preview":"max-image-preview:large","max-video-preview":"max-video-preview:-1"},"canonical":"https:\/\/tay-sir.com\/ar\/product\/bosch-mum58020\/","og_locale":"ar_AR","og_type":"article","og_title":"Bosch MUM58020 - Maslak","og_description":"Marque Bosch Couleur Argent (Menthe Turquoise \/ Argent) Mat\u00e9riau de la lame Acier inoxydable Caract\u00e9ristique sp\u00e9ciale Pi\u00e8ces lavables au lave-vaisselle,","og_url":"https:\/\/tay-sir.com\/ar\/product\/bosch-mum58020\/","og_site_name":"Maslak","article_publisher":"https:\/\/www.facebook.com\/profile.php?id=61566201523117","article_modified_time":"2024-10-27T13:38:51+00:00","og_image":[{"width":400,"height":400,"url":"https:\/\/tay-sir.com\/wp-content\/uploads\/2024\/08\/Bosch-MUM58e020.jpg","type":"image\/jpeg"}],"twitter_card":"summary_large_image","twitter_misc":{"\u0648\u0642\u062a \u0627\u0644\u0642\u0631\u0627\u0621\u0629 \u0627\u0644\u0645\u064f\u0642\u062f\u0651\u0631":"\u062f\u0642\u064a\u0642\u0629 \u0648\u0627\u062d\u062f\u0629"},"schema":{"@context":"https:\/\/schema.org","@graph":[{"@type":"WebPage","@id":"https:\/\/tay-sir.com\/produit\/bosch-mum58020\/","url":"https:\/\/tay-sir.com\/produit\/bosch-mum58020\/","name":"Bosch MUM58020 - Maslak","isPartOf":{"@id":"https:\/\/tay-sir.com\/ar\/#website"},"primaryImageOfPage":{"@id":"https:\/\/tay-sir.com\/produit\/bosch-mum58020\/#primaryimage"},"image":{"@id":"https:\/\/tay-sir.com\/produit\/bosch-mum58020\/#primaryimage"},"thumbnailUrl":"https:\/\/tay-sir.com\/wp-content\/uploads\/2024\/08\/Bosch-MUM58e020.jpg","datePublished":"2024-08-20T14:53:17+00:00","dateModified":"2024-10-27T13:38:51+00:00","breadcrumb":{"@id":"https:\/\/tay-sir.com\/produit\/bosch-mum58020\/#breadcrumb"},"inLanguage":"ar","potentialAction":[{"@type":"ReadAction","target":["https:\/\/tay-sir.com\/produit\/bosch-mum58020\/"]}]},{"@type":"ImageObject","inLanguage":"ar","@id":"https:\/\/tay-sir.com\/produit\/bosch-mum58020\/#primaryimage","url":"https:\/\/tay-sir.com\/wp-content\/uploads\/2024\/08\/Bosch-MUM58e020.jpg","contentUrl":"https:\/\/tay-sir.com\/wp-content\/uploads\/2024\/08\/Bosch-MUM58e020.jpg","width":400,"height":400},{"@type":"BreadcrumbList","@id":"https:\/\/tay-sir.com\/produit\/bosch-mum58020\/#breadcrumb","itemListElement":[{"@type":"ListItem","position":1,"name":"Home","item":"https:\/\/tay-sir.com\/ar\/"},{"@type":"ListItem","position":2,"name":"Boutique","item":"https:\/\/tay-sir.com\/boutique\/"},{"@type":"ListItem","position":3,"name":"Bosch MUM58020"}]},{"@type":"WebSite","@id":"https:\/\/tay-sir.com\/ar\/#website","url":"https:\/\/tay-sir.com\/ar\/","name":"TAY-SIR.com","description":"plateforme e-commerce avec financement islamique digital en ligne","publisher":{"@id":"https:\/\/tay-sir.com\/ar\/#organization"},"potentialAction":[{"@type":"SearchAction","target":{"@type":"EntryPoint","urlTemplate":"https:\/\/tay-sir.com\/ar\/?s={search_term_string}"},"query-input":{"@type":"PropertyValueSpecification","valueRequired":true,"valueName":"search_term_string"}}],"inLanguage":"ar"},{"@type":"Organization","@id":"https:\/\/tay-sir.com\/ar\/#organization","name":"Taysir","url":"https:\/\/tay-sir.com\/ar\/","logo":{"@type":"ImageObject","inLanguage":"ar","@id":"https:\/\/tay-sir.com\/ar\/#\/schema\/logo\/image\/","url":"https:\/\/tay-sir.com\/wp-content\/uploads\/2024\/10\/profil.jpg","contentUrl":"https:\/\/tay-sir.com\/wp-content\/uploads\/2024\/10\/profil.jpg","width":1024,"height":1024,"caption":"Taysir"},"image":{"@id":"https:\/\/tay-sir.com\/ar\/#\/schema\/logo\/image\/"},"sameAs":["https:\/\/www.facebook.com\/profile.php?id=61566201523117","https:\/\/www.tiktok.com\/@taysir31000?fbclid=IwY2xjawFor1xleHRuA2FlbQIxMAABHQqa6Ko0Z_QFAZb-7Bltxo0G0y0YuIXxVxPenEAWDkGyOgZp7D3Bq1oJAA_aem_TiTB-X9kxzhzORQbwqQiYw","https:\/\/www.instagram.com\/taysirfacilite\/"]}]}},"_links":{"self":[{"href":"https:\/\/tay-sir.com\/ar\/wp-json\/wp\/v2\/product\/29112","targetHints":{"allow":["GET"]}}],"collection":[{"href":"https:\/\/tay-sir.com\/ar\/wp-json\/wp\/v2\/product"}],"about":[{"href":"https:\/\/tay-sir.com\/ar\/wp-json\/wp\/v2\/types\/product"}],"replies":[{"embeddable":true,"href":"https:\/\/tay-sir.com\/ar\/wp-json\/wp\/v2\/comments?post=29112"}],"version-history":[{"count":2,"href":"https:\/\/tay-sir.com\/ar\/wp-json\/wp\/v2\/product\/29112\/revisions"}],"predecessor-version":[{"id":29561,"href":"https:\/\/tay-sir.com\/ar\/wp-json\/wp\/v2\/product\/29112\/revisions\/29561"}],"wp:featuredmedia":[{"embeddable":true,"href":"https:\/\/tay-sir.com\/ar\/wp-json\/wp\/v2\/media\/30409"}],"wp:attachment":[{"href":"https:\/\/tay-sir.com\/ar\/wp-json\/wp\/v2\/media?parent=29112"}],"wp:term":[{"taxonomy":"product_brand","embeddable":true,"href":"https:\/\/tay-sir.com\/ar\/wp-json\/wp\/v2\/product_brand?post=29112"},{"taxonomy":"product_cat","embeddable":true,"href":"https:\/\/tay-sir.com\/ar\/wp-json\/wp\/v2\/product_cat?post=29112"},{"taxonomy":"product_tag","embeddable":true,"href":"https:\/\/tay-sir.com\/ar\/wp-json\/wp\/v2\/product_tag?post=29112"}],"curies":[{"name":"wp","href":"https:\/\/api.w.org\/{rel}","templated":true}]}}