{"id":29120,"date":"2024-08-20T15:53:49","date_gmt":"2024-08-20T14:53:49","guid":{"rendered":"https:\/\/tay-sir.com\/produit\/moulinex-fp827e10\/"},"modified":"2024-10-27T11:18:19","modified_gmt":"2024-10-27T10:18:19","slug":"moulinex-fp827e10","status":"publish","type":"product","link":"https:\/\/tay-sir.com\/ar\/product\/moulinex-fp827e10\/","title":{"rendered":"Moulinex FP827E10"},"content":{"rendered":"<p>Marque Moulinex<br \/>\nCaract\u00e9ristique sp\u00e9ciale Durable.<br \/>\nDimensions du produit 28P x 23l x 40H centim\u00e8tres<br \/>\nCouleur Silver<br \/>\nCapacit\u00e9 du bol 3 Litres<br \/>\nUsages recommand\u00e9s pour le produit M\u00e9lange<br \/>\nNombre de vitesses 6<br \/>\nInstructions d&rsquo;entretien Se r\u00e9f\u00e9rer au mode d&#8217;emploi du produit<br \/>\nComposants inclus Lame de hachage<br \/>\nNom de mod\u00e8le Moulinex Robot cuisine multifonctions, Blender smoothies et shakes<\/p>\n<p>Puissance: 1000 Watts<br \/>\nMat\u00e9riau: Se r\u00e9f\u00e9rer \u00e0 la fiche de construction du produit<br \/>\nPoids de l&rsquo;article: 6,53 Kilogrammes<br \/>\nTension: 220 Volts<br \/>\n\u00c0 propos de cet article<br \/>\nDOUBLE ACTION : un robot multifonction et blender qui offre le duo parfait en cuisine, avec deux sorties moteur diff\u00e9rentes pour un mixage et une pr\u00e9paration haute vitesse dans un seul et m\u00eame appareil<br \/>\nCONTR\u00d4LE PARFAIT : 6 options de vitesse (2 vitesses + fonction Pulse pour chaque sortie moteur) avec une interface r\u00e9tro\u00e9clair\u00e9e moderne et intuitive et 3 boutons de vitesse manuels<br \/>\nS\u00c9CURIT\u00c9 RENFORC\u00c9E : syst\u00e8me de s\u00e9curit\u00e9 EasyLock unique qui verrouille le couvercle pour une utilisation en toute s\u00e9r\u00e9nit\u00e9<br \/>\nLAMES HAUTE PERFORMANCE : technologie Powelix Life exclusive avec des lames dot\u00e9es d&rsquo;un rev\u00eatement en titane pour des r\u00e9sultats parfaits et des performances durables<br \/>\nREPARABILITE 15 ANS AU JUSTE PRIX : engagement de r\u00e9parabilit\u00e9 15 ans au juste prix gr\u00e2ce \u00e0 notre r\u00e9seau de 6200 r\u00e9parateurs dans le monde, pour contribuer \u00e0 la protection de l\u2019environnement et \u00e0 la r\u00e9duction des d\u00e9chets<br \/>\nLE MEILLEUR DES DEUX MONDES : deux sorties moteur diff\u00e9rentes pour des r\u00e9sultats exceptionnels, avec des r\u00e9glages qui privil\u00e9gient la vitesse ou la puissance selon vos besoins<br \/>\nACCESSOIRES POLYVALENTS : 10 accessoires d\u00e9di\u00e9s et efficaces, dont un hachoir, une spatule, un batteur, 2 disques r\u00e9versibles, un p\u00e9trin, un blender, un presse-agrumes, un fouet et un bol hachoir<\/p>","protected":false},"excerpt":{"rendered":"<p>Marque Moulinex Caract\u00e9ristique sp\u00e9ciale Durable. Dimensions du produit 28P x 23l x 40H centim\u00e8tres Couleur Silver Capacit\u00e9 du bol 3<\/p>","protected":false},"featured_media":29119,"comment_status":"open","ping_status":"closed","template":"","meta":[],"product_brand":[],"product_cat":[17,235],"product_tag":[],"class_list":{"0":"post-29120","1":"product","2":"type-product","3":"status-publish","4":"has-post-thumbnail","6":"product_cat-electro-menager","7":"product_cat-robot-multifonction","9":"first","10":"instock","11":"shipping-taxable","12":"purchasable","13":"product-type-variable"},"yoast_head":"<!-- This site is optimized with the Yoast SEO plugin v24.9 - https:\/\/yoast.com\/wordpress\/plugins\/seo\/ -->\n<title>Moulinex FP827E10 - Maslak<\/title>\n<meta name=\"robots\" content=\"index, follow, max-snippet:-1, max-image-preview:large, max-video-preview:-1\" \/>\n<link rel=\"canonical\" href=\"https:\/\/tay-sir.com\/ar\/product\/moulinex-fp827e10\/\" \/>\n<meta property=\"og:locale\" content=\"ar_AR\" \/>\n<meta property=\"og:type\" content=\"article\" \/>\n<meta property=\"og:title\" content=\"Moulinex FP827E10 - Maslak\" \/>\n<meta property=\"og:description\" content=\"Marque Moulinex Caract\u00e9ristique sp\u00e9ciale Durable. Dimensions du produit 28P x 23l x 40H centim\u00e8tres Couleur Silver Capacit\u00e9 du bol 3\" \/>\n<meta property=\"og:url\" content=\"https:\/\/tay-sir.com\/ar\/product\/moulinex-fp827e10\/\" \/>\n<meta property=\"og:site_name\" content=\"Maslak\" \/>\n<meta property=\"article:publisher\" content=\"https:\/\/www.facebook.com\/profile.php?id=61566201523117\" \/>\n<meta property=\"article:modified_time\" content=\"2024-10-27T10:18:19+00:00\" \/>\n<meta property=\"og:image\" content=\"https:\/\/tay-sir.com\/wp-content\/uploads\/2024\/08\/Digital-MLX_FP827E_7211004057_H1.jpg\" \/>\n\t<meta property=\"og:image:width\" content=\"1600\" \/>\n\t<meta property=\"og:image:height\" content=\"1600\" \/>\n\t<meta property=\"og:image:type\" content=\"image\/jpeg\" \/>\n<meta name=\"twitter:card\" content=\"summary_large_image\" \/>\n<meta name=\"twitter:label1\" content=\"\u0648\u0642\u062a \u0627\u0644\u0642\u0631\u0627\u0621\u0629 \u0627\u0644\u0645\u064f\u0642\u062f\u0651\u0631\" \/>\n\t<meta name=\"twitter:data1\" content=\"\u062f\u0642\u064a\u0642\u0629 \u0648\u0627\u062d\u062f\u0629\" \/>\n<script type=\"application\/ld+json\" class=\"yoast-schema-graph\">{\"@context\":\"https:\/\/schema.org\",\"@graph\":[{\"@type\":\"WebPage\",\"@id\":\"https:\/\/tay-sir.com\/produit\/moulinex-fp827e10\/\",\"url\":\"https:\/\/tay-sir.com\/produit\/moulinex-fp827e10\/\",\"name\":\"Moulinex FP827E10 - Maslak\",\"isPartOf\":{\"@id\":\"https:\/\/tay-sir.com\/ar\/#website\"},\"primaryImageOfPage\":{\"@id\":\"https:\/\/tay-sir.com\/produit\/moulinex-fp827e10\/#primaryimage\"},\"image\":{\"@id\":\"https:\/\/tay-sir.com\/produit\/moulinex-fp827e10\/#primaryimage\"},\"thumbnailUrl\":\"https:\/\/tay-sir.com\/wp-content\/uploads\/2024\/08\/Digital-MLX_FP827E_7211004057_H1.jpg\",\"datePublished\":\"2024-08-20T14:53:49+00:00\",\"dateModified\":\"2024-10-27T10:18:19+00:00\",\"breadcrumb\":{\"@id\":\"https:\/\/tay-sir.com\/produit\/moulinex-fp827e10\/#breadcrumb\"},\"inLanguage\":\"ar\",\"potentialAction\":[{\"@type\":\"ReadAction\",\"target\":[\"https:\/\/tay-sir.com\/produit\/moulinex-fp827e10\/\"]}]},{\"@type\":\"ImageObject\",\"inLanguage\":\"ar\",\"@id\":\"https:\/\/tay-sir.com\/produit\/moulinex-fp827e10\/#primaryimage\",\"url\":\"https:\/\/tay-sir.com\/wp-content\/uploads\/2024\/08\/Digital-MLX_FP827E_7211004057_H1.jpg\",\"contentUrl\":\"https:\/\/tay-sir.com\/wp-content\/uploads\/2024\/08\/Digital-MLX_FP827E_7211004057_H1.jpg\",\"width\":1600,\"height\":1600},{\"@type\":\"BreadcrumbList\",\"@id\":\"https:\/\/tay-sir.com\/produit\/moulinex-fp827e10\/#breadcrumb\",\"itemListElement\":[{\"@type\":\"ListItem\",\"position\":1,\"name\":\"Home\",\"item\":\"https:\/\/tay-sir.com\/ar\/\"},{\"@type\":\"ListItem\",\"position\":2,\"name\":\"Boutique\",\"item\":\"https:\/\/tay-sir.com\/boutique\/\"},{\"@type\":\"ListItem\",\"position\":3,\"name\":\"Moulinex FP827E10\"}]},{\"@type\":\"WebSite\",\"@id\":\"https:\/\/tay-sir.com\/ar\/#website\",\"url\":\"https:\/\/tay-sir.com\/ar\/\",\"name\":\"TAY-SIR.com\",\"description\":\"plateforme e-commerce avec financement islamique digital en ligne\",\"publisher\":{\"@id\":\"https:\/\/tay-sir.com\/ar\/#organization\"},\"potentialAction\":[{\"@type\":\"SearchAction\",\"target\":{\"@type\":\"EntryPoint\",\"urlTemplate\":\"https:\/\/tay-sir.com\/ar\/?s={search_term_string}\"},\"query-input\":{\"@type\":\"PropertyValueSpecification\",\"valueRequired\":true,\"valueName\":\"search_term_string\"}}],\"inLanguage\":\"ar\"},{\"@type\":\"Organization\",\"@id\":\"https:\/\/tay-sir.com\/ar\/#organization\",\"name\":\"Taysir\",\"url\":\"https:\/\/tay-sir.com\/ar\/\",\"logo\":{\"@type\":\"ImageObject\",\"inLanguage\":\"ar\",\"@id\":\"https:\/\/tay-sir.com\/ar\/#\/schema\/logo\/image\/\",\"url\":\"https:\/\/tay-sir.com\/wp-content\/uploads\/2024\/10\/profil.jpg\",\"contentUrl\":\"https:\/\/tay-sir.com\/wp-content\/uploads\/2024\/10\/profil.jpg\",\"width\":1024,\"height\":1024,\"caption\":\"Taysir\"},\"image\":{\"@id\":\"https:\/\/tay-sir.com\/ar\/#\/schema\/logo\/image\/\"},\"sameAs\":[\"https:\/\/www.facebook.com\/profile.php?id=61566201523117\",\"https:\/\/www.tiktok.com\/@taysir31000?fbclid=IwY2xjawFor1xleHRuA2FlbQIxMAABHQqa6Ko0Z_QFAZb-7Bltxo0G0y0YuIXxVxPenEAWDkGyOgZp7D3Bq1oJAA_aem_TiTB-X9kxzhzORQbwqQiYw\",\"https:\/\/www.instagram.com\/taysirfacilite\/\"]}]}<\/script>\n<!-- \/ Yoast SEO plugin. -->","yoast_head_json":{"title":"Moulinex FP827E10 - Maslak","robots":{"index":"index","follow":"follow","max-snippet":"max-snippet:-1","max-image-preview":"max-image-preview:large","max-video-preview":"max-video-preview:-1"},"canonical":"https:\/\/tay-sir.com\/ar\/product\/moulinex-fp827e10\/","og_locale":"ar_AR","og_type":"article","og_title":"Moulinex FP827E10 - Maslak","og_description":"Marque Moulinex Caract\u00e9ristique sp\u00e9ciale Durable. Dimensions du produit 28P x 23l x 40H centim\u00e8tres Couleur Silver Capacit\u00e9 du bol 3","og_url":"https:\/\/tay-sir.com\/ar\/product\/moulinex-fp827e10\/","og_site_name":"Maslak","article_publisher":"https:\/\/www.facebook.com\/profile.php?id=61566201523117","article_modified_time":"2024-10-27T10:18:19+00:00","og_image":[{"width":1600,"height":1600,"url":"https:\/\/tay-sir.com\/wp-content\/uploads\/2024\/08\/Digital-MLX_FP827E_7211004057_H1.jpg","type":"image\/jpeg"}],"twitter_card":"summary_large_image","twitter_misc":{"\u0648\u0642\u062a \u0627\u0644\u0642\u0631\u0627\u0621\u0629 \u0627\u0644\u0645\u064f\u0642\u062f\u0651\u0631":"\u062f\u0642\u064a\u0642\u0629 \u0648\u0627\u062d\u062f\u0629"},"schema":{"@context":"https:\/\/schema.org","@graph":[{"@type":"WebPage","@id":"https:\/\/tay-sir.com\/produit\/moulinex-fp827e10\/","url":"https:\/\/tay-sir.com\/produit\/moulinex-fp827e10\/","name":"Moulinex FP827E10 - Maslak","isPartOf":{"@id":"https:\/\/tay-sir.com\/ar\/#website"},"primaryImageOfPage":{"@id":"https:\/\/tay-sir.com\/produit\/moulinex-fp827e10\/#primaryimage"},"image":{"@id":"https:\/\/tay-sir.com\/produit\/moulinex-fp827e10\/#primaryimage"},"thumbnailUrl":"https:\/\/tay-sir.com\/wp-content\/uploads\/2024\/08\/Digital-MLX_FP827E_7211004057_H1.jpg","datePublished":"2024-08-20T14:53:49+00:00","dateModified":"2024-10-27T10:18:19+00:00","breadcrumb":{"@id":"https:\/\/tay-sir.com\/produit\/moulinex-fp827e10\/#breadcrumb"},"inLanguage":"ar","potentialAction":[{"@type":"ReadAction","target":["https:\/\/tay-sir.com\/produit\/moulinex-fp827e10\/"]}]},{"@type":"ImageObject","inLanguage":"ar","@id":"https:\/\/tay-sir.com\/produit\/moulinex-fp827e10\/#primaryimage","url":"https:\/\/tay-sir.com\/wp-content\/uploads\/2024\/08\/Digital-MLX_FP827E_7211004057_H1.jpg","contentUrl":"https:\/\/tay-sir.com\/wp-content\/uploads\/2024\/08\/Digital-MLX_FP827E_7211004057_H1.jpg","width":1600,"height":1600},{"@type":"BreadcrumbList","@id":"https:\/\/tay-sir.com\/produit\/moulinex-fp827e10\/#breadcrumb","itemListElement":[{"@type":"ListItem","position":1,"name":"Home","item":"https:\/\/tay-sir.com\/ar\/"},{"@type":"ListItem","position":2,"name":"Boutique","item":"https:\/\/tay-sir.com\/boutique\/"},{"@type":"ListItem","position":3,"name":"Moulinex FP827E10"}]},{"@type":"WebSite","@id":"https:\/\/tay-sir.com\/ar\/#website","url":"https:\/\/tay-sir.com\/ar\/","name":"TAY-SIR.com","description":"plateforme e-commerce avec financement islamique digital en ligne","publisher":{"@id":"https:\/\/tay-sir.com\/ar\/#organization"},"potentialAction":[{"@type":"SearchAction","target":{"@type":"EntryPoint","urlTemplate":"https:\/\/tay-sir.com\/ar\/?s={search_term_string}"},"query-input":{"@type":"PropertyValueSpecification","valueRequired":true,"valueName":"search_term_string"}}],"inLanguage":"ar"},{"@type":"Organization","@id":"https:\/\/tay-sir.com\/ar\/#organization","name":"Taysir","url":"https:\/\/tay-sir.com\/ar\/","logo":{"@type":"ImageObject","inLanguage":"ar","@id":"https:\/\/tay-sir.com\/ar\/#\/schema\/logo\/image\/","url":"https:\/\/tay-sir.com\/wp-content\/uploads\/2024\/10\/profil.jpg","contentUrl":"https:\/\/tay-sir.com\/wp-content\/uploads\/2024\/10\/profil.jpg","width":1024,"height":1024,"caption":"Taysir"},"image":{"@id":"https:\/\/tay-sir.com\/ar\/#\/schema\/logo\/image\/"},"sameAs":["https:\/\/www.facebook.com\/profile.php?id=61566201523117","https:\/\/www.tiktok.com\/@taysir31000?fbclid=IwY2xjawFor1xleHRuA2FlbQIxMAABHQqa6Ko0Z_QFAZb-7Bltxo0G0y0YuIXxVxPenEAWDkGyOgZp7D3Bq1oJAA_aem_TiTB-X9kxzhzORQbwqQiYw","https:\/\/www.instagram.com\/taysirfacilite\/"]}]}},"_links":{"self":[{"href":"https:\/\/tay-sir.com\/ar\/wp-json\/wp\/v2\/product\/29120","targetHints":{"allow":["GET"]}}],"collection":[{"href":"https:\/\/tay-sir.com\/ar\/wp-json\/wp\/v2\/product"}],"about":[{"href":"https:\/\/tay-sir.com\/ar\/wp-json\/wp\/v2\/types\/product"}],"replies":[{"embeddable":true,"href":"https:\/\/tay-sir.com\/ar\/wp-json\/wp\/v2\/comments?post=29120"}],"version-history":[{"count":3,"href":"https:\/\/tay-sir.com\/ar\/wp-json\/wp\/v2\/product\/29120\/revisions"}],"predecessor-version":[{"id":32153,"href":"https:\/\/tay-sir.com\/ar\/wp-json\/wp\/v2\/product\/29120\/revisions\/32153"}],"wp:featuredmedia":[{"embeddable":true,"href":"https:\/\/tay-sir.com\/ar\/wp-json\/wp\/v2\/media\/29119"}],"wp:attachment":[{"href":"https:\/\/tay-sir.com\/ar\/wp-json\/wp\/v2\/media?parent=29120"}],"wp:term":[{"taxonomy":"product_brand","embeddable":true,"href":"https:\/\/tay-sir.com\/ar\/wp-json\/wp\/v2\/product_brand?post=29120"},{"taxonomy":"product_cat","embeddable":true,"href":"https:\/\/tay-sir.com\/ar\/wp-json\/wp\/v2\/product_cat?post=29120"},{"taxonomy":"product_tag","embeddable":true,"href":"https:\/\/tay-sir.com\/ar\/wp-json\/wp\/v2\/product_tag?post=29120"}],"curies":[{"name":"wp","href":"https:\/\/api.w.org\/{rel}","templated":true}]}}