{"id":29131,"date":"2024-08-21T10:18:16","date_gmt":"2024-08-21T09:18:16","guid":{"rendered":"https:\/\/tay-sir.com\/produit\/samsung-s23-8-128gb\/"},"modified":"2024-10-17T12:20:02","modified_gmt":"2024-10-17T11:20:02","slug":"samsung-s23-8-128gb","status":"publish","type":"product","link":"https:\/\/tay-sir.com\/ar\/product\/samsung-s23-8-128gb\/","title":{"rendered":"Samsung S23 8\/128GB"},"content":{"rendered":"<p>Fiche Technique Samsung S23 8\/128GB<br \/>\nMarque Samsung<br \/>\nT\u00e9l\u00e9phone Portable :Samsung S23 8\/128GB<br \/>\nDimension (L x H x P) :7.09 x 14.6 x 0.76 mm<br \/>\nPoids :167 g<br \/>\nType carte SIM :Nano Sim<br \/>\nDouble Puce (SIM) :Double Puce<br \/>\nEtanche: Etanche<\/p>\n<p>Type Ecran: Dynamic AMOLED 2X 120Hz, HDR10+<br \/>\nTaille Ecran :6.1 pouces<br \/>\nR\u00e9solution Ecran: 2340 x 1080 px Densit\u00e9 442 ppi<br \/>\nProtection Ecran :Corning Gorilla Glass Victus 2<\/p>\n<p>Syst\u00e9me: Android 13, One UI 5.1<br \/>\nChipset :Qualcomm SM8550 Snapdragon 8 Gen 2 (4 nm)<br \/>\nProcesseur (CPU): Octa-core (1&#215;3.2 GHz Cortex-X3 &amp; 2&#215;2.8 GHz Cortex-A715 &amp; 2&#215;2.8 GHz Cortex-A710 &amp; 3&#215;2.0 GHz Cortex-A510)<br \/>\nPuce Graphique (GPU): Adreno 740<br \/>\nCapteurs : Lecteur d&#8217;empreinte sous \u00e9cran, ultrasons, Acc\u00e9l\u00e9rom\u00e9tre, Gyroscope, Proximit\u00e9, Boussole, P\u00e9dom\u00e9tre<\/p>\n<p>M\u00e9moire: Vive (RAM) 8 Go<br \/>\nSupport : cartes m\u00e9moire 19<br \/>\nM\u00e9moire stockage (Disque): 128 Go<\/p>\n<p>Appareil Photo Arri\u00e8re : 50 m\u00e9gapixels<br \/>\n3 Capteurs<br \/>\n50 MP, f\/1.8, 23mm (wide), 1\/1.56<br \/>\n10 MP, f\/2.4, 70mm (telephoto), 1\/3.94<br \/>\n12 MP, f\/2.2, 13mm, 120\u02da (ultrawide), 1\/2.55<br \/>\nLED flash, auto-HDR, panorama<br \/>\n8K@24\/30fps, 4K@30\/60fps, 1080p@30\/60\/240fps, 720p@960fps, HDR10+, stereo sound rec., gyro-EIS<br \/>\nAppareil Photo Selfie :12 m\u00e9gapixels<br \/>\n12 MP, f\/2.2, 25mm (wide), PDAF m\u00e9gapixels<br \/>\nDual video call, Auto-HDR, HDR10+<br \/>\n4K@30\/60fps, 1080p@30fps<\/p>\n<p>Type r\u00e9seau :5G LTE<br \/>\nWiFi: Wi-Fi 802.11 a\/b\/g\/n\/ac\/6e, tri-band, Wi-Fi Direct<br \/>\nUSB : USB Type-C 3.2, OTG<br \/>\nBluetooth: Bluetooth Bluetooth 5.3, A2DP, LE<br \/>\nGPS : GPS GPS, GLONASS, BDS, GALILEO<br \/>\nNFC : NFC<\/p>\n<p>Batterie: 3900 mAh non amovible<br \/>\n25W wired, PD3.0 10W wireless (Qi\/PMA) 4.5W reverse wireless<br \/>\nBatterie Chargement sans fil Chargement sans fil<\/p>","protected":false},"excerpt":{"rendered":"<p>Fiche Technique Samsung S23 8\/128GB Marque Samsung T\u00e9l\u00e9phone Portable :Samsung S23 8\/128GB Dimension (L x H x P) :7.09 x<\/p>","protected":false},"featured_media":29130,"comment_status":"open","ping_status":"closed","template":"","meta":[],"product_brand":[],"product_cat":[29],"product_tag":[],"class_list":{"0":"post-29131","1":"product","2":"type-product","3":"status-publish","4":"has-post-thumbnail","6":"product_cat-telephone","8":"first","9":"instock","10":"shipping-taxable","11":"purchasable","12":"product-type-variable"},"yoast_head":"<!-- This site is optimized with the Yoast SEO plugin v24.9 - https:\/\/yoast.com\/wordpress\/plugins\/seo\/ -->\n<title>Samsung S23 8\/128GB - Maslak<\/title>\n<meta name=\"robots\" content=\"index, follow, max-snippet:-1, max-image-preview:large, max-video-preview:-1\" \/>\n<link rel=\"canonical\" href=\"https:\/\/tay-sir.com\/ar\/product\/samsung-s23-8-128gb\/\" \/>\n<meta property=\"og:locale\" content=\"ar_AR\" \/>\n<meta property=\"og:type\" content=\"article\" \/>\n<meta property=\"og:title\" content=\"Samsung S23 8\/128GB - Maslak\" \/>\n<meta property=\"og:description\" content=\"Fiche Technique Samsung S23 8\/128GB Marque Samsung T\u00e9l\u00e9phone Portable :Samsung S23 8\/128GB Dimension (L x H x P) :7.09 x\" \/>\n<meta property=\"og:url\" content=\"https:\/\/tay-sir.com\/ar\/product\/samsung-s23-8-128gb\/\" \/>\n<meta property=\"og:site_name\" content=\"Maslak\" \/>\n<meta property=\"article:publisher\" content=\"https:\/\/www.facebook.com\/profile.php?id=61566201523117\" \/>\n<meta property=\"article:modified_time\" content=\"2024-10-17T11:20:02+00:00\" \/>\n<meta property=\"og:image\" content=\"https:\/\/tay-sir.com\/wp-content\/uploads\/2024\/08\/original-imagzm8qzhpuwrak.jpeg\" \/>\n\t<meta property=\"og:image:width\" content=\"416\" \/>\n\t<meta property=\"og:image:height\" content=\"416\" \/>\n\t<meta property=\"og:image:type\" content=\"image\/jpeg\" \/>\n<meta name=\"twitter:card\" content=\"summary_large_image\" \/>\n<meta name=\"twitter:label1\" content=\"\u0648\u0642\u062a \u0627\u0644\u0642\u0631\u0627\u0621\u0629 \u0627\u0644\u0645\u064f\u0642\u062f\u0651\u0631\" \/>\n\t<meta name=\"twitter:data1\" content=\"\u062f\u0642\u064a\u0642\u0629 \u0648\u0627\u062d\u062f\u0629\" \/>\n<script type=\"application\/ld+json\" class=\"yoast-schema-graph\">{\"@context\":\"https:\/\/schema.org\",\"@graph\":[{\"@type\":\"WebPage\",\"@id\":\"https:\/\/tay-sir.com\/produit\/samsung-s23-8-128gb\/\",\"url\":\"https:\/\/tay-sir.com\/produit\/samsung-s23-8-128gb\/\",\"name\":\"Samsung S23 8\/128GB - Maslak\",\"isPartOf\":{\"@id\":\"https:\/\/tay-sir.com\/ar\/#website\"},\"primaryImageOfPage\":{\"@id\":\"https:\/\/tay-sir.com\/produit\/samsung-s23-8-128gb\/#primaryimage\"},\"image\":{\"@id\":\"https:\/\/tay-sir.com\/produit\/samsung-s23-8-128gb\/#primaryimage\"},\"thumbnailUrl\":\"https:\/\/tay-sir.com\/wp-content\/uploads\/2024\/08\/original-imagzm8qzhpuwrak.jpeg\",\"datePublished\":\"2024-08-21T09:18:16+00:00\",\"dateModified\":\"2024-10-17T11:20:02+00:00\",\"breadcrumb\":{\"@id\":\"https:\/\/tay-sir.com\/produit\/samsung-s23-8-128gb\/#breadcrumb\"},\"inLanguage\":\"ar\",\"potentialAction\":[{\"@type\":\"ReadAction\",\"target\":[\"https:\/\/tay-sir.com\/produit\/samsung-s23-8-128gb\/\"]}]},{\"@type\":\"ImageObject\",\"inLanguage\":\"ar\",\"@id\":\"https:\/\/tay-sir.com\/produit\/samsung-s23-8-128gb\/#primaryimage\",\"url\":\"https:\/\/tay-sir.com\/wp-content\/uploads\/2024\/08\/original-imagzm8qzhpuwrak.jpeg\",\"contentUrl\":\"https:\/\/tay-sir.com\/wp-content\/uploads\/2024\/08\/original-imagzm8qzhpuwrak.jpeg\",\"width\":416,\"height\":416},{\"@type\":\"BreadcrumbList\",\"@id\":\"https:\/\/tay-sir.com\/produit\/samsung-s23-8-128gb\/#breadcrumb\",\"itemListElement\":[{\"@type\":\"ListItem\",\"position\":1,\"name\":\"Home\",\"item\":\"https:\/\/tay-sir.com\/ar\/\"},{\"@type\":\"ListItem\",\"position\":2,\"name\":\"Boutique\",\"item\":\"https:\/\/tay-sir.com\/boutique\/\"},{\"@type\":\"ListItem\",\"position\":3,\"name\":\"Samsung S23 8\/128GB\"}]},{\"@type\":\"WebSite\",\"@id\":\"https:\/\/tay-sir.com\/ar\/#website\",\"url\":\"https:\/\/tay-sir.com\/ar\/\",\"name\":\"TAY-SIR.com\",\"description\":\"plateforme e-commerce avec financement islamique digital en ligne\",\"publisher\":{\"@id\":\"https:\/\/tay-sir.com\/ar\/#organization\"},\"potentialAction\":[{\"@type\":\"SearchAction\",\"target\":{\"@type\":\"EntryPoint\",\"urlTemplate\":\"https:\/\/tay-sir.com\/ar\/?s={search_term_string}\"},\"query-input\":{\"@type\":\"PropertyValueSpecification\",\"valueRequired\":true,\"valueName\":\"search_term_string\"}}],\"inLanguage\":\"ar\"},{\"@type\":\"Organization\",\"@id\":\"https:\/\/tay-sir.com\/ar\/#organization\",\"name\":\"Taysir\",\"url\":\"https:\/\/tay-sir.com\/ar\/\",\"logo\":{\"@type\":\"ImageObject\",\"inLanguage\":\"ar\",\"@id\":\"https:\/\/tay-sir.com\/ar\/#\/schema\/logo\/image\/\",\"url\":\"https:\/\/tay-sir.com\/wp-content\/uploads\/2024\/10\/profil.jpg\",\"contentUrl\":\"https:\/\/tay-sir.com\/wp-content\/uploads\/2024\/10\/profil.jpg\",\"width\":1024,\"height\":1024,\"caption\":\"Taysir\"},\"image\":{\"@id\":\"https:\/\/tay-sir.com\/ar\/#\/schema\/logo\/image\/\"},\"sameAs\":[\"https:\/\/www.facebook.com\/profile.php?id=61566201523117\",\"https:\/\/www.tiktok.com\/@taysir31000?fbclid=IwY2xjawFor1xleHRuA2FlbQIxMAABHQqa6Ko0Z_QFAZb-7Bltxo0G0y0YuIXxVxPenEAWDkGyOgZp7D3Bq1oJAA_aem_TiTB-X9kxzhzORQbwqQiYw\",\"https:\/\/www.instagram.com\/taysirfacilite\/\"]}]}<\/script>\n<!-- \/ Yoast SEO plugin. -->","yoast_head_json":{"title":"Samsung S23 8\/128GB - Maslak","robots":{"index":"index","follow":"follow","max-snippet":"max-snippet:-1","max-image-preview":"max-image-preview:large","max-video-preview":"max-video-preview:-1"},"canonical":"https:\/\/tay-sir.com\/ar\/product\/samsung-s23-8-128gb\/","og_locale":"ar_AR","og_type":"article","og_title":"Samsung S23 8\/128GB - Maslak","og_description":"Fiche Technique Samsung S23 8\/128GB Marque Samsung T\u00e9l\u00e9phone Portable :Samsung S23 8\/128GB Dimension (L x H x P) :7.09 x","og_url":"https:\/\/tay-sir.com\/ar\/product\/samsung-s23-8-128gb\/","og_site_name":"Maslak","article_publisher":"https:\/\/www.facebook.com\/profile.php?id=61566201523117","article_modified_time":"2024-10-17T11:20:02+00:00","og_image":[{"width":416,"height":416,"url":"https:\/\/tay-sir.com\/wp-content\/uploads\/2024\/08\/original-imagzm8qzhpuwrak.jpeg","type":"image\/jpeg"}],"twitter_card":"summary_large_image","twitter_misc":{"\u0648\u0642\u062a \u0627\u0644\u0642\u0631\u0627\u0621\u0629 \u0627\u0644\u0645\u064f\u0642\u062f\u0651\u0631":"\u062f\u0642\u064a\u0642\u0629 \u0648\u0627\u062d\u062f\u0629"},"schema":{"@context":"https:\/\/schema.org","@graph":[{"@type":"WebPage","@id":"https:\/\/tay-sir.com\/produit\/samsung-s23-8-128gb\/","url":"https:\/\/tay-sir.com\/produit\/samsung-s23-8-128gb\/","name":"Samsung S23 8\/128GB - Maslak","isPartOf":{"@id":"https:\/\/tay-sir.com\/ar\/#website"},"primaryImageOfPage":{"@id":"https:\/\/tay-sir.com\/produit\/samsung-s23-8-128gb\/#primaryimage"},"image":{"@id":"https:\/\/tay-sir.com\/produit\/samsung-s23-8-128gb\/#primaryimage"},"thumbnailUrl":"https:\/\/tay-sir.com\/wp-content\/uploads\/2024\/08\/original-imagzm8qzhpuwrak.jpeg","datePublished":"2024-08-21T09:18:16+00:00","dateModified":"2024-10-17T11:20:02+00:00","breadcrumb":{"@id":"https:\/\/tay-sir.com\/produit\/samsung-s23-8-128gb\/#breadcrumb"},"inLanguage":"ar","potentialAction":[{"@type":"ReadAction","target":["https:\/\/tay-sir.com\/produit\/samsung-s23-8-128gb\/"]}]},{"@type":"ImageObject","inLanguage":"ar","@id":"https:\/\/tay-sir.com\/produit\/samsung-s23-8-128gb\/#primaryimage","url":"https:\/\/tay-sir.com\/wp-content\/uploads\/2024\/08\/original-imagzm8qzhpuwrak.jpeg","contentUrl":"https:\/\/tay-sir.com\/wp-content\/uploads\/2024\/08\/original-imagzm8qzhpuwrak.jpeg","width":416,"height":416},{"@type":"BreadcrumbList","@id":"https:\/\/tay-sir.com\/produit\/samsung-s23-8-128gb\/#breadcrumb","itemListElement":[{"@type":"ListItem","position":1,"name":"Home","item":"https:\/\/tay-sir.com\/ar\/"},{"@type":"ListItem","position":2,"name":"Boutique","item":"https:\/\/tay-sir.com\/boutique\/"},{"@type":"ListItem","position":3,"name":"Samsung S23 8\/128GB"}]},{"@type":"WebSite","@id":"https:\/\/tay-sir.com\/ar\/#website","url":"https:\/\/tay-sir.com\/ar\/","name":"TAY-SIR.com","description":"plateforme e-commerce avec financement islamique digital en ligne","publisher":{"@id":"https:\/\/tay-sir.com\/ar\/#organization"},"potentialAction":[{"@type":"SearchAction","target":{"@type":"EntryPoint","urlTemplate":"https:\/\/tay-sir.com\/ar\/?s={search_term_string}"},"query-input":{"@type":"PropertyValueSpecification","valueRequired":true,"valueName":"search_term_string"}}],"inLanguage":"ar"},{"@type":"Organization","@id":"https:\/\/tay-sir.com\/ar\/#organization","name":"Taysir","url":"https:\/\/tay-sir.com\/ar\/","logo":{"@type":"ImageObject","inLanguage":"ar","@id":"https:\/\/tay-sir.com\/ar\/#\/schema\/logo\/image\/","url":"https:\/\/tay-sir.com\/wp-content\/uploads\/2024\/10\/profil.jpg","contentUrl":"https:\/\/tay-sir.com\/wp-content\/uploads\/2024\/10\/profil.jpg","width":1024,"height":1024,"caption":"Taysir"},"image":{"@id":"https:\/\/tay-sir.com\/ar\/#\/schema\/logo\/image\/"},"sameAs":["https:\/\/www.facebook.com\/profile.php?id=61566201523117","https:\/\/www.tiktok.com\/@taysir31000?fbclid=IwY2xjawFor1xleHRuA2FlbQIxMAABHQqa6Ko0Z_QFAZb-7Bltxo0G0y0YuIXxVxPenEAWDkGyOgZp7D3Bq1oJAA_aem_TiTB-X9kxzhzORQbwqQiYw","https:\/\/www.instagram.com\/taysirfacilite\/"]}]}},"_links":{"self":[{"href":"https:\/\/tay-sir.com\/ar\/wp-json\/wp\/v2\/product\/29131","targetHints":{"allow":["GET"]}}],"collection":[{"href":"https:\/\/tay-sir.com\/ar\/wp-json\/wp\/v2\/product"}],"about":[{"href":"https:\/\/tay-sir.com\/ar\/wp-json\/wp\/v2\/types\/product"}],"replies":[{"embeddable":true,"href":"https:\/\/tay-sir.com\/ar\/wp-json\/wp\/v2\/comments?post=29131"}],"version-history":[{"count":1,"href":"https:\/\/tay-sir.com\/ar\/wp-json\/wp\/v2\/product\/29131\/revisions"}],"predecessor-version":[{"id":29558,"href":"https:\/\/tay-sir.com\/ar\/wp-json\/wp\/v2\/product\/29131\/revisions\/29558"}],"wp:featuredmedia":[{"embeddable":true,"href":"https:\/\/tay-sir.com\/ar\/wp-json\/wp\/v2\/media\/29130"}],"wp:attachment":[{"href":"https:\/\/tay-sir.com\/ar\/wp-json\/wp\/v2\/media?parent=29131"}],"wp:term":[{"taxonomy":"product_brand","embeddable":true,"href":"https:\/\/tay-sir.com\/ar\/wp-json\/wp\/v2\/product_brand?post=29131"},{"taxonomy":"product_cat","embeddable":true,"href":"https:\/\/tay-sir.com\/ar\/wp-json\/wp\/v2\/product_cat?post=29131"},{"taxonomy":"product_tag","embeddable":true,"href":"https:\/\/tay-sir.com\/ar\/wp-json\/wp\/v2\/product_tag?post=29131"}],"curies":[{"name":"wp","href":"https:\/\/api.w.org\/{rel}","templated":true}]}}