{"id":29135,"date":"2024-08-21T10:18:19","date_gmt":"2024-08-21T09:18:19","guid":{"rendered":"https:\/\/tay-sir.com\/produit\/samsung-s24-ultra-12-256gb\/"},"modified":"2024-10-27T16:20:06","modified_gmt":"2024-10-27T15:20:06","slug":"samsung-s24-ultra-12-256gb","status":"publish","type":"product","link":"https:\/\/tay-sir.com\/ar\/product\/samsung-s24-ultra-12-256gb\/","title":{"rendered":"Samsung S24 Ultra 12\/256GB"},"content":{"rendered":"<p>Marque Samsung<br \/>\nT\u00e9l\u00e9phone Portable Samsung S24 Ultra 12\/256GB<br \/>\nR\u00e9f\u00e9rence<br \/>\nDimension (L x H x P) 7.9 x 16.2 x 0.86 mm<br \/>\nPoids 232 g<br \/>\nType carte SIM Nano Sim<br \/>\nDouble Puce (SIM) Double Puce<br \/>\nEtanche Etanche<\/p>\n<p>Type Ecran Dynamic LTPO AMOLED 2X 120Hz, HDR10+, 2600 nits (peak)<br \/>\nTaille Ecran 6.8 pouces<br \/>\nR\u00e9solution Ecran 3120 x 1440 px Densit\u00e9 505 ppi<br \/>\nProtection Ecran Corning Gorilla Glass Armor<\/p>\n<p>Syst\u00e9me Android 14, One UI 6.1<br \/>\nChipset Qualcomm SM8650-AC Snapdragon 8 Gen 3 (4 nm)Qualcomm SM8650-AC Snapdragon 8 Gen 3 (4 nm)<br \/>\nProcesseur (CPU) 8-core (1&#215;3.39GHz Cortex-X4 &amp; 3&#215;3.1GHz Cortex-A720 &amp; 2&#215;2.9GHz Cortex-A720 &amp; 2&#215;2.2GHz Cortex-A520)<br \/>\nPuce Graphique (GPU) Adreno 750 (1 GHz)<br \/>\nCapteurs Lecteur d&#8217;empreinte sous \u00e9cran, ultrasons<br \/>\nAcc\u00e9l\u00e9rom\u00e9tre<br \/>\nGyroscope<br \/>\nProximit\u00e9<br \/>\nBoussole<br \/>\nBarom\u00e9tre<\/p>\n<p>M\u00e9moire Vive (RAM) 12 Go<br \/>\nSupport cartes m\u00e9moire 19<br \/>\nM\u00e9moire stockage (Disque) 256 Go<\/p>\n<p>Appareil Photo Arri\u00e8re 200 m\u00e9gapixels<br \/>\n4 Capteurs<br \/>\n200 MP, f\/1.7, 24mm (wide), 1\/1.3<br \/>\n50 MP, f\/3.4, 111mm (periscope telephoto), PDAF, OIS, 5x optical zoom<br \/>\n10 MP, f\/2.4, 67mm (telephoto), 1\/3.52<br \/>\n12 MP, f\/2.2, 13mm, 120\u02da (ultrawide), 1\/2.55<br \/>\nLED flash, auto-HDR, panorama<br \/>\n8K@24\/30fps, 4K@30\/60\/120fps, 1080p@30\/60\/240fps, 1080p@960fps, HDR10+, stereo sound rec., gyro-EIS<br \/>\nAppareil Photo Selfie 12 m\u00e9gapixels<br \/>\n12 MP, f\/2.2, 26mm (wide), Dual Pixel PDAF m\u00e9gapixels<br \/>\nDual video call, Auto-HDR, HDR10+<br \/>\n4K@30\/60fps, 1080p@30fps<\/p>\n<p>Type r\u00e9seau 5G LTE<br \/>\nWiFi Wi-Fi 802.11 a\/b\/g\/n\/ac\/6e\/7, tri-band, Wi-Fi Direct<br \/>\nUSB USB Type-C 3.2, OTG<br \/>\nBluetooth Bluetooth Bluetooth 5.3, A2DP, LE<br \/>\nInfrarouge<br \/>\nGPS GPS GPS, GLONASS, BDS, GALILEO, QZSS<br \/>\nNFC NFC<\/p>\n<p>Batterie 5000 mAh non amovible<br \/>\n45W wired, PD3.0, 15W wireless (Qi\/PMA) , 4.5W reverse wireless<br \/>\nBatterie Chargement sans fil Chargement sans fil<\/p>","protected":false},"excerpt":{"rendered":"<p>Marque Samsung T\u00e9l\u00e9phone Portable Samsung S24 Ultra 12\/256GB R\u00e9f\u00e9rence Dimension (L x H x P) 7.9 x 16.2 x 0.86<\/p>","protected":false},"featured_media":29134,"comment_status":"open","ping_status":"closed","template":"","meta":[],"product_brand":[],"product_cat":[29],"product_tag":[],"class_list":{"0":"post-29135","1":"product","2":"type-product","3":"status-publish","4":"has-post-thumbnail","6":"product_cat-telephone","8":"first","9":"instock","10":"shipping-taxable","11":"purchasable","12":"product-type-variable"},"yoast_head":"<!-- This site is optimized with the Yoast SEO plugin v24.9 - https:\/\/yoast.com\/wordpress\/plugins\/seo\/ -->\n<title>Samsung S24 Ultra 12\/256GB - Maslak<\/title>\n<meta name=\"robots\" content=\"index, follow, max-snippet:-1, max-image-preview:large, max-video-preview:-1\" \/>\n<link rel=\"canonical\" href=\"https:\/\/tay-sir.com\/ar\/product\/samsung-s24-ultra-12-256gb\/\" \/>\n<meta property=\"og:locale\" content=\"ar_AR\" \/>\n<meta property=\"og:type\" content=\"article\" \/>\n<meta property=\"og:title\" content=\"Samsung S24 Ultra 12\/256GB - Maslak\" \/>\n<meta property=\"og:description\" content=\"Marque Samsung T\u00e9l\u00e9phone Portable Samsung S24 Ultra 12\/256GB R\u00e9f\u00e9rence Dimension (L x H x P) 7.9 x 16.2 x 0.86\" \/>\n<meta property=\"og:url\" content=\"https:\/\/tay-sir.com\/ar\/product\/samsung-s24-ultra-12-256gb\/\" \/>\n<meta property=\"og:site_name\" content=\"Maslak\" \/>\n<meta property=\"article:publisher\" content=\"https:\/\/www.facebook.com\/profile.php?id=61566201523117\" \/>\n<meta property=\"article:modified_time\" content=\"2024-10-27T15:20:06+00:00\" \/>\n<meta property=\"og:image\" content=\"https:\/\/tay-sir.com\/wp-content\/uploads\/2024\/08\/original-imahfu766ybd5h4z.jpeg\" \/>\n\t<meta property=\"og:image:width\" content=\"416\" \/>\n\t<meta property=\"og:image:height\" content=\"416\" \/>\n\t<meta property=\"og:image:type\" content=\"image\/jpeg\" \/>\n<meta name=\"twitter:card\" content=\"summary_large_image\" \/>\n<meta name=\"twitter:label1\" content=\"\u0648\u0642\u062a \u0627\u0644\u0642\u0631\u0627\u0621\u0629 \u0627\u0644\u0645\u064f\u0642\u062f\u0651\u0631\" \/>\n\t<meta name=\"twitter:data1\" content=\"\u062f\u0642\u064a\u0642\u0629 \u0648\u0627\u062d\u062f\u0629\" \/>\n<script type=\"application\/ld+json\" class=\"yoast-schema-graph\">{\"@context\":\"https:\/\/schema.org\",\"@graph\":[{\"@type\":\"WebPage\",\"@id\":\"https:\/\/tay-sir.com\/produit\/samsung-s24-ultra-12-256gb\/\",\"url\":\"https:\/\/tay-sir.com\/produit\/samsung-s24-ultra-12-256gb\/\",\"name\":\"Samsung S24 Ultra 12\/256GB - Maslak\",\"isPartOf\":{\"@id\":\"https:\/\/tay-sir.com\/ar\/#website\"},\"primaryImageOfPage\":{\"@id\":\"https:\/\/tay-sir.com\/produit\/samsung-s24-ultra-12-256gb\/#primaryimage\"},\"image\":{\"@id\":\"https:\/\/tay-sir.com\/produit\/samsung-s24-ultra-12-256gb\/#primaryimage\"},\"thumbnailUrl\":\"https:\/\/tay-sir.com\/wp-content\/uploads\/2024\/08\/original-imahfu766ybd5h4z.jpeg\",\"datePublished\":\"2024-08-21T09:18:19+00:00\",\"dateModified\":\"2024-10-27T15:20:06+00:00\",\"breadcrumb\":{\"@id\":\"https:\/\/tay-sir.com\/produit\/samsung-s24-ultra-12-256gb\/#breadcrumb\"},\"inLanguage\":\"ar\",\"potentialAction\":[{\"@type\":\"ReadAction\",\"target\":[\"https:\/\/tay-sir.com\/produit\/samsung-s24-ultra-12-256gb\/\"]}]},{\"@type\":\"ImageObject\",\"inLanguage\":\"ar\",\"@id\":\"https:\/\/tay-sir.com\/produit\/samsung-s24-ultra-12-256gb\/#primaryimage\",\"url\":\"https:\/\/tay-sir.com\/wp-content\/uploads\/2024\/08\/original-imahfu766ybd5h4z.jpeg\",\"contentUrl\":\"https:\/\/tay-sir.com\/wp-content\/uploads\/2024\/08\/original-imahfu766ybd5h4z.jpeg\",\"width\":416,\"height\":416},{\"@type\":\"BreadcrumbList\",\"@id\":\"https:\/\/tay-sir.com\/produit\/samsung-s24-ultra-12-256gb\/#breadcrumb\",\"itemListElement\":[{\"@type\":\"ListItem\",\"position\":1,\"name\":\"Home\",\"item\":\"https:\/\/tay-sir.com\/ar\/\"},{\"@type\":\"ListItem\",\"position\":2,\"name\":\"Boutique\",\"item\":\"https:\/\/tay-sir.com\/boutique\/\"},{\"@type\":\"ListItem\",\"position\":3,\"name\":\"Samsung S24 Ultra 12\/256GB\"}]},{\"@type\":\"WebSite\",\"@id\":\"https:\/\/tay-sir.com\/ar\/#website\",\"url\":\"https:\/\/tay-sir.com\/ar\/\",\"name\":\"TAY-SIR.com\",\"description\":\"plateforme e-commerce avec financement islamique digital en ligne\",\"publisher\":{\"@id\":\"https:\/\/tay-sir.com\/ar\/#organization\"},\"potentialAction\":[{\"@type\":\"SearchAction\",\"target\":{\"@type\":\"EntryPoint\",\"urlTemplate\":\"https:\/\/tay-sir.com\/ar\/?s={search_term_string}\"},\"query-input\":{\"@type\":\"PropertyValueSpecification\",\"valueRequired\":true,\"valueName\":\"search_term_string\"}}],\"inLanguage\":\"ar\"},{\"@type\":\"Organization\",\"@id\":\"https:\/\/tay-sir.com\/ar\/#organization\",\"name\":\"Taysir\",\"url\":\"https:\/\/tay-sir.com\/ar\/\",\"logo\":{\"@type\":\"ImageObject\",\"inLanguage\":\"ar\",\"@id\":\"https:\/\/tay-sir.com\/ar\/#\/schema\/logo\/image\/\",\"url\":\"https:\/\/tay-sir.com\/wp-content\/uploads\/2024\/10\/profil.jpg\",\"contentUrl\":\"https:\/\/tay-sir.com\/wp-content\/uploads\/2024\/10\/profil.jpg\",\"width\":1024,\"height\":1024,\"caption\":\"Taysir\"},\"image\":{\"@id\":\"https:\/\/tay-sir.com\/ar\/#\/schema\/logo\/image\/\"},\"sameAs\":[\"https:\/\/www.facebook.com\/profile.php?id=61566201523117\",\"https:\/\/www.tiktok.com\/@taysir31000?fbclid=IwY2xjawFor1xleHRuA2FlbQIxMAABHQqa6Ko0Z_QFAZb-7Bltxo0G0y0YuIXxVxPenEAWDkGyOgZp7D3Bq1oJAA_aem_TiTB-X9kxzhzORQbwqQiYw\",\"https:\/\/www.instagram.com\/taysirfacilite\/\"]}]}<\/script>\n<!-- \/ Yoast SEO plugin. -->","yoast_head_json":{"title":"Samsung S24 Ultra 12\/256GB - Maslak","robots":{"index":"index","follow":"follow","max-snippet":"max-snippet:-1","max-image-preview":"max-image-preview:large","max-video-preview":"max-video-preview:-1"},"canonical":"https:\/\/tay-sir.com\/ar\/product\/samsung-s24-ultra-12-256gb\/","og_locale":"ar_AR","og_type":"article","og_title":"Samsung S24 Ultra 12\/256GB - Maslak","og_description":"Marque Samsung T\u00e9l\u00e9phone Portable Samsung S24 Ultra 12\/256GB R\u00e9f\u00e9rence Dimension (L x H x P) 7.9 x 16.2 x 0.86","og_url":"https:\/\/tay-sir.com\/ar\/product\/samsung-s24-ultra-12-256gb\/","og_site_name":"Maslak","article_publisher":"https:\/\/www.facebook.com\/profile.php?id=61566201523117","article_modified_time":"2024-10-27T15:20:06+00:00","og_image":[{"width":416,"height":416,"url":"https:\/\/tay-sir.com\/wp-content\/uploads\/2024\/08\/original-imahfu766ybd5h4z.jpeg","type":"image\/jpeg"}],"twitter_card":"summary_large_image","twitter_misc":{"\u0648\u0642\u062a \u0627\u0644\u0642\u0631\u0627\u0621\u0629 \u0627\u0644\u0645\u064f\u0642\u062f\u0651\u0631":"\u062f\u0642\u064a\u0642\u0629 \u0648\u0627\u062d\u062f\u0629"},"schema":{"@context":"https:\/\/schema.org","@graph":[{"@type":"WebPage","@id":"https:\/\/tay-sir.com\/produit\/samsung-s24-ultra-12-256gb\/","url":"https:\/\/tay-sir.com\/produit\/samsung-s24-ultra-12-256gb\/","name":"Samsung S24 Ultra 12\/256GB - Maslak","isPartOf":{"@id":"https:\/\/tay-sir.com\/ar\/#website"},"primaryImageOfPage":{"@id":"https:\/\/tay-sir.com\/produit\/samsung-s24-ultra-12-256gb\/#primaryimage"},"image":{"@id":"https:\/\/tay-sir.com\/produit\/samsung-s24-ultra-12-256gb\/#primaryimage"},"thumbnailUrl":"https:\/\/tay-sir.com\/wp-content\/uploads\/2024\/08\/original-imahfu766ybd5h4z.jpeg","datePublished":"2024-08-21T09:18:19+00:00","dateModified":"2024-10-27T15:20:06+00:00","breadcrumb":{"@id":"https:\/\/tay-sir.com\/produit\/samsung-s24-ultra-12-256gb\/#breadcrumb"},"inLanguage":"ar","potentialAction":[{"@type":"ReadAction","target":["https:\/\/tay-sir.com\/produit\/samsung-s24-ultra-12-256gb\/"]}]},{"@type":"ImageObject","inLanguage":"ar","@id":"https:\/\/tay-sir.com\/produit\/samsung-s24-ultra-12-256gb\/#primaryimage","url":"https:\/\/tay-sir.com\/wp-content\/uploads\/2024\/08\/original-imahfu766ybd5h4z.jpeg","contentUrl":"https:\/\/tay-sir.com\/wp-content\/uploads\/2024\/08\/original-imahfu766ybd5h4z.jpeg","width":416,"height":416},{"@type":"BreadcrumbList","@id":"https:\/\/tay-sir.com\/produit\/samsung-s24-ultra-12-256gb\/#breadcrumb","itemListElement":[{"@type":"ListItem","position":1,"name":"Home","item":"https:\/\/tay-sir.com\/ar\/"},{"@type":"ListItem","position":2,"name":"Boutique","item":"https:\/\/tay-sir.com\/boutique\/"},{"@type":"ListItem","position":3,"name":"Samsung S24 Ultra 12\/256GB"}]},{"@type":"WebSite","@id":"https:\/\/tay-sir.com\/ar\/#website","url":"https:\/\/tay-sir.com\/ar\/","name":"TAY-SIR.com","description":"plateforme e-commerce avec financement islamique digital en ligne","publisher":{"@id":"https:\/\/tay-sir.com\/ar\/#organization"},"potentialAction":[{"@type":"SearchAction","target":{"@type":"EntryPoint","urlTemplate":"https:\/\/tay-sir.com\/ar\/?s={search_term_string}"},"query-input":{"@type":"PropertyValueSpecification","valueRequired":true,"valueName":"search_term_string"}}],"inLanguage":"ar"},{"@type":"Organization","@id":"https:\/\/tay-sir.com\/ar\/#organization","name":"Taysir","url":"https:\/\/tay-sir.com\/ar\/","logo":{"@type":"ImageObject","inLanguage":"ar","@id":"https:\/\/tay-sir.com\/ar\/#\/schema\/logo\/image\/","url":"https:\/\/tay-sir.com\/wp-content\/uploads\/2024\/10\/profil.jpg","contentUrl":"https:\/\/tay-sir.com\/wp-content\/uploads\/2024\/10\/profil.jpg","width":1024,"height":1024,"caption":"Taysir"},"image":{"@id":"https:\/\/tay-sir.com\/ar\/#\/schema\/logo\/image\/"},"sameAs":["https:\/\/www.facebook.com\/profile.php?id=61566201523117","https:\/\/www.tiktok.com\/@taysir31000?fbclid=IwY2xjawFor1xleHRuA2FlbQIxMAABHQqa6Ko0Z_QFAZb-7Bltxo0G0y0YuIXxVxPenEAWDkGyOgZp7D3Bq1oJAA_aem_TiTB-X9kxzhzORQbwqQiYw","https:\/\/www.instagram.com\/taysirfacilite\/"]}]}},"_links":{"self":[{"href":"https:\/\/tay-sir.com\/ar\/wp-json\/wp\/v2\/product\/29135","targetHints":{"allow":["GET"]}}],"collection":[{"href":"https:\/\/tay-sir.com\/ar\/wp-json\/wp\/v2\/product"}],"about":[{"href":"https:\/\/tay-sir.com\/ar\/wp-json\/wp\/v2\/types\/product"}],"replies":[{"embeddable":true,"href":"https:\/\/tay-sir.com\/ar\/wp-json\/wp\/v2\/comments?post=29135"}],"version-history":[{"count":2,"href":"https:\/\/tay-sir.com\/ar\/wp-json\/wp\/v2\/product\/29135\/revisions"}],"predecessor-version":[{"id":34223,"href":"https:\/\/tay-sir.com\/ar\/wp-json\/wp\/v2\/product\/29135\/revisions\/34223"}],"wp:featuredmedia":[{"embeddable":true,"href":"https:\/\/tay-sir.com\/ar\/wp-json\/wp\/v2\/media\/29134"}],"wp:attachment":[{"href":"https:\/\/tay-sir.com\/ar\/wp-json\/wp\/v2\/media?parent=29135"}],"wp:term":[{"taxonomy":"product_brand","embeddable":true,"href":"https:\/\/tay-sir.com\/ar\/wp-json\/wp\/v2\/product_brand?post=29135"},{"taxonomy":"product_cat","embeddable":true,"href":"https:\/\/tay-sir.com\/ar\/wp-json\/wp\/v2\/product_cat?post=29135"},{"taxonomy":"product_tag","embeddable":true,"href":"https:\/\/tay-sir.com\/ar\/wp-json\/wp\/v2\/product_tag?post=29135"}],"curies":[{"name":"wp","href":"https:\/\/api.w.org\/{rel}","templated":true}]}}