{"id":29144,"date":"2024-08-21T10:20:26","date_gmt":"2024-08-21T09:20:26","guid":{"rendered":"https:\/\/tay-sir.com\/?post_type=product&#038;p=29144"},"modified":"2024-10-17T11:39:43","modified_gmt":"2024-10-17T10:39:43","slug":"samsung-s23-ultra-12-256gb","status":"publish","type":"product","link":"https:\/\/tay-sir.com\/ar\/product\/samsung-s23-ultra-12-256gb\/","title":{"rendered":"Samsung S23 Ultra 12\/256GB"},"content":{"rendered":"<p><span data-sheets-root=\"1\">Fiche Technique Samsung S23 Ultra 12\/256GB<br \/>\nMarque Samsung<br \/>\nT\u00e9l\u00e9phone Portable Samsung S23 Ultra 12\/256GB<br \/>\nR\u00e9f\u00e9rence<br \/>\nDimension (L x H x P) 7.81 x 16.3 x 0.89 mm<br \/>\nPoids 233 g<br \/>\nType carte SIM Nano Sim<br \/>\nDouble Puce (SIM) Double Puce<br \/>\nEtanche Etanche<\/span><\/p>\n<p>Type Ecran Dynamic AMOLED 2X 120Hz, HDR10+, 1750 nits (peak)<br \/>\nTaille Ecran 6.8 pouces<br \/>\nR\u00e9solution Ecran 2340 x 1080 px Densit\u00e9 501 ppi<br \/>\nProtection Ecran Corning Gorilla Glass Victus 2<\/p>\n<p>Syst\u00e9me Android 13, One UI 5.1<br \/>\nChipset Qualcomm SM8550 Snapdragon 8 Gen 2 (4 nm)<br \/>\nProcesseur (CPU) Octa-core (1&#215;3.2 GHz Cortex-X3 &amp; 2&#215;2.8 GHz Cortex-A715 &amp; 2&#215;2.8 GHz Cortex-A710 &amp; 3&#215;2.0 GHz Cortex-A510)<br \/>\nPuce Graphique (GPU) Adreno 740<br \/>\nCapteurs Lecteur d&#8217;empreinte sous \u00e9cran, ultrasons<br \/>\nAcc\u00e9l\u00e9rom\u00e9tre<br \/>\nGyroscope<br \/>\nProximit\u00e9<br \/>\nBoussole<br \/>\nP\u00e9dom\u00e9tre<\/p>\n<p>M\u00e9moire Vive (RAM) 12 Go<br \/>\nSupport cartes m\u00e9moire 19<br \/>\nM\u00e9moire stockage (Disque) 256 Go<\/p>\n<p>Appareil Photo Arri\u00e8re 200 m\u00e9gapixels<br \/>\n3 Capteurs<br \/>\n200 MP, f\/1.7, 23mm (wide), 1\/1.3<br \/>\n10 MP, f\/4.9, 230mm (periscope telephoto), 1\/3.52<br \/>\n10 MP, f\/2.4, 70mm (telephoto), 1\/3.52<br \/>\nLED flash, auto-HDR, panorama<br \/>\n8K@24\/30fps, 4K@30\/60fps, 1080p@30\/60\/240fps, 720p@960fps, HDR10+, stereo sound rec., gyro-EIS<br \/>\nAppareil Photo Selfie 12 m\u00e9gapixels<br \/>\n12 MP, f\/2.2, 25mm (wide), PDAF m\u00e9gapixels<br \/>\nDual video call, Auto-HDR, HDR10+<br \/>\n4K@30\/60fps, 1080p@30fps<\/p>\n<p>Type r\u00e9seau 5G LTE<br \/>\nWiFi Wi-Fi 802.11 a\/b\/g\/n\/ac\/6e, tri-band, Wi-Fi Direct<br \/>\nUSB USB Type-C 3.2, OTG<br \/>\nBluetooth Bluetooth Bluetooth 5.3, A2DP, LE<br \/>\nInfrarouge<br \/>\nGPS GPS GPS, GLONASS, BDS, GALILEO<br \/>\nNFC NFC<\/p>\n<p>Batterie 5000 mAh non amovible<br \/>\n45W wired, PD3.0 10W wireless (Qi\/PMA) 4.5W reverse wireless<br \/>\nBatterie Chargement sans fil Chargement sans fil<\/p>","protected":false},"excerpt":{"rendered":"<p>Fiche Technique Samsung S23 Ultra 12\/256GB Marque Samsung T\u00e9l\u00e9phone Portable Samsung S23 Ultra 12\/256GB R\u00e9f\u00e9rence Dimension (L x H x<\/p>","protected":false},"featured_media":29145,"comment_status":"open","ping_status":"closed","template":"","meta":[],"product_brand":[],"product_cat":[29],"product_tag":[],"class_list":{"0":"post-29144","1":"product","2":"type-product","3":"status-publish","4":"has-post-thumbnail","6":"product_cat-telephone","8":"first","9":"instock","10":"shipping-taxable","11":"purchasable","12":"product-type-variable"},"yoast_head":"<!-- This site is optimized with the Yoast SEO plugin v24.9 - https:\/\/yoast.com\/wordpress\/plugins\/seo\/ -->\n<title>Samsung S23 Ultra 12\/256GB - Maslak<\/title>\n<meta name=\"robots\" content=\"index, follow, max-snippet:-1, max-image-preview:large, max-video-preview:-1\" \/>\n<link rel=\"canonical\" href=\"https:\/\/tay-sir.com\/ar\/product\/samsung-s23-ultra-12-256gb\/\" \/>\n<meta property=\"og:locale\" content=\"ar_AR\" \/>\n<meta property=\"og:type\" content=\"article\" \/>\n<meta property=\"og:title\" content=\"Samsung S23 Ultra 12\/256GB - Maslak\" \/>\n<meta property=\"og:description\" content=\"Fiche Technique Samsung S23 Ultra 12\/256GB Marque Samsung T\u00e9l\u00e9phone Portable Samsung S23 Ultra 12\/256GB R\u00e9f\u00e9rence Dimension (L x H x\" \/>\n<meta property=\"og:url\" content=\"https:\/\/tay-sir.com\/ar\/product\/samsung-s23-ultra-12-256gb\/\" \/>\n<meta property=\"og:site_name\" content=\"Maslak\" \/>\n<meta property=\"article:publisher\" content=\"https:\/\/www.facebook.com\/profile.php?id=61566201523117\" \/>\n<meta property=\"article:modified_time\" content=\"2024-10-17T10:39:43+00:00\" \/>\n<meta property=\"og:image\" content=\"https:\/\/tay-sir.com\/wp-content\/uploads\/2024\/08\/ph-galaxy-s23-s918-sm-s918bzkcphl-534856194.webp\" \/>\n\t<meta property=\"og:image:width\" content=\"1300\" \/>\n\t<meta property=\"og:image:height\" content=\"1038\" \/>\n\t<meta property=\"og:image:type\" content=\"image\/webp\" \/>\n<meta name=\"twitter:card\" content=\"summary_large_image\" \/>\n<meta name=\"twitter:label1\" content=\"\u0648\u0642\u062a \u0627\u0644\u0642\u0631\u0627\u0621\u0629 \u0627\u0644\u0645\u064f\u0642\u062f\u0651\u0631\" \/>\n\t<meta name=\"twitter:data1\" content=\"\u062f\u0642\u064a\u0642\u0629 \u0648\u0627\u062d\u062f\u0629\" \/>\n<script type=\"application\/ld+json\" class=\"yoast-schema-graph\">{\"@context\":\"https:\/\/schema.org\",\"@graph\":[{\"@type\":\"WebPage\",\"@id\":\"https:\/\/tay-sir.com\/produit\/samsung-s23-ultra-12-256gb\/\",\"url\":\"https:\/\/tay-sir.com\/produit\/samsung-s23-ultra-12-256gb\/\",\"name\":\"Samsung S23 Ultra 12\/256GB - Maslak\",\"isPartOf\":{\"@id\":\"https:\/\/tay-sir.com\/ar\/#website\"},\"primaryImageOfPage\":{\"@id\":\"https:\/\/tay-sir.com\/produit\/samsung-s23-ultra-12-256gb\/#primaryimage\"},\"image\":{\"@id\":\"https:\/\/tay-sir.com\/produit\/samsung-s23-ultra-12-256gb\/#primaryimage\"},\"thumbnailUrl\":\"https:\/\/tay-sir.com\/wp-content\/uploads\/2024\/08\/ph-galaxy-s23-s918-sm-s918bzkcphl-534856194.webp\",\"datePublished\":\"2024-08-21T09:20:26+00:00\",\"dateModified\":\"2024-10-17T10:39:43+00:00\",\"breadcrumb\":{\"@id\":\"https:\/\/tay-sir.com\/produit\/samsung-s23-ultra-12-256gb\/#breadcrumb\"},\"inLanguage\":\"ar\",\"potentialAction\":[{\"@type\":\"ReadAction\",\"target\":[\"https:\/\/tay-sir.com\/produit\/samsung-s23-ultra-12-256gb\/\"]}]},{\"@type\":\"ImageObject\",\"inLanguage\":\"ar\",\"@id\":\"https:\/\/tay-sir.com\/produit\/samsung-s23-ultra-12-256gb\/#primaryimage\",\"url\":\"https:\/\/tay-sir.com\/wp-content\/uploads\/2024\/08\/ph-galaxy-s23-s918-sm-s918bzkcphl-534856194.webp\",\"contentUrl\":\"https:\/\/tay-sir.com\/wp-content\/uploads\/2024\/08\/ph-galaxy-s23-s918-sm-s918bzkcphl-534856194.webp\",\"width\":1300,\"height\":1038},{\"@type\":\"BreadcrumbList\",\"@id\":\"https:\/\/tay-sir.com\/produit\/samsung-s23-ultra-12-256gb\/#breadcrumb\",\"itemListElement\":[{\"@type\":\"ListItem\",\"position\":1,\"name\":\"Home\",\"item\":\"https:\/\/tay-sir.com\/ar\/\"},{\"@type\":\"ListItem\",\"position\":2,\"name\":\"Boutique\",\"item\":\"https:\/\/tay-sir.com\/boutique\/\"},{\"@type\":\"ListItem\",\"position\":3,\"name\":\"Samsung S23 Ultra 12\/256GB\"}]},{\"@type\":\"WebSite\",\"@id\":\"https:\/\/tay-sir.com\/ar\/#website\",\"url\":\"https:\/\/tay-sir.com\/ar\/\",\"name\":\"TAY-SIR.com\",\"description\":\"plateforme e-commerce avec financement islamique digital en ligne\",\"publisher\":{\"@id\":\"https:\/\/tay-sir.com\/ar\/#organization\"},\"potentialAction\":[{\"@type\":\"SearchAction\",\"target\":{\"@type\":\"EntryPoint\",\"urlTemplate\":\"https:\/\/tay-sir.com\/ar\/?s={search_term_string}\"},\"query-input\":{\"@type\":\"PropertyValueSpecification\",\"valueRequired\":true,\"valueName\":\"search_term_string\"}}],\"inLanguage\":\"ar\"},{\"@type\":\"Organization\",\"@id\":\"https:\/\/tay-sir.com\/ar\/#organization\",\"name\":\"Taysir\",\"url\":\"https:\/\/tay-sir.com\/ar\/\",\"logo\":{\"@type\":\"ImageObject\",\"inLanguage\":\"ar\",\"@id\":\"https:\/\/tay-sir.com\/ar\/#\/schema\/logo\/image\/\",\"url\":\"https:\/\/tay-sir.com\/wp-content\/uploads\/2024\/10\/profil.jpg\",\"contentUrl\":\"https:\/\/tay-sir.com\/wp-content\/uploads\/2024\/10\/profil.jpg\",\"width\":1024,\"height\":1024,\"caption\":\"Taysir\"},\"image\":{\"@id\":\"https:\/\/tay-sir.com\/ar\/#\/schema\/logo\/image\/\"},\"sameAs\":[\"https:\/\/www.facebook.com\/profile.php?id=61566201523117\",\"https:\/\/www.tiktok.com\/@taysir31000?fbclid=IwY2xjawFor1xleHRuA2FlbQIxMAABHQqa6Ko0Z_QFAZb-7Bltxo0G0y0YuIXxVxPenEAWDkGyOgZp7D3Bq1oJAA_aem_TiTB-X9kxzhzORQbwqQiYw\",\"https:\/\/www.instagram.com\/taysirfacilite\/\"]}]}<\/script>\n<!-- \/ Yoast SEO plugin. -->","yoast_head_json":{"title":"Samsung S23 Ultra 12\/256GB - Maslak","robots":{"index":"index","follow":"follow","max-snippet":"max-snippet:-1","max-image-preview":"max-image-preview:large","max-video-preview":"max-video-preview:-1"},"canonical":"https:\/\/tay-sir.com\/ar\/product\/samsung-s23-ultra-12-256gb\/","og_locale":"ar_AR","og_type":"article","og_title":"Samsung S23 Ultra 12\/256GB - Maslak","og_description":"Fiche Technique Samsung S23 Ultra 12\/256GB Marque Samsung T\u00e9l\u00e9phone Portable Samsung S23 Ultra 12\/256GB R\u00e9f\u00e9rence Dimension (L x H x","og_url":"https:\/\/tay-sir.com\/ar\/product\/samsung-s23-ultra-12-256gb\/","og_site_name":"Maslak","article_publisher":"https:\/\/www.facebook.com\/profile.php?id=61566201523117","article_modified_time":"2024-10-17T10:39:43+00:00","og_image":[{"width":1300,"height":1038,"url":"https:\/\/tay-sir.com\/wp-content\/uploads\/2024\/08\/ph-galaxy-s23-s918-sm-s918bzkcphl-534856194.webp","type":"image\/webp"}],"twitter_card":"summary_large_image","twitter_misc":{"\u0648\u0642\u062a \u0627\u0644\u0642\u0631\u0627\u0621\u0629 \u0627\u0644\u0645\u064f\u0642\u062f\u0651\u0631":"\u062f\u0642\u064a\u0642\u0629 \u0648\u0627\u062d\u062f\u0629"},"schema":{"@context":"https:\/\/schema.org","@graph":[{"@type":"WebPage","@id":"https:\/\/tay-sir.com\/produit\/samsung-s23-ultra-12-256gb\/","url":"https:\/\/tay-sir.com\/produit\/samsung-s23-ultra-12-256gb\/","name":"Samsung S23 Ultra 12\/256GB - Maslak","isPartOf":{"@id":"https:\/\/tay-sir.com\/ar\/#website"},"primaryImageOfPage":{"@id":"https:\/\/tay-sir.com\/produit\/samsung-s23-ultra-12-256gb\/#primaryimage"},"image":{"@id":"https:\/\/tay-sir.com\/produit\/samsung-s23-ultra-12-256gb\/#primaryimage"},"thumbnailUrl":"https:\/\/tay-sir.com\/wp-content\/uploads\/2024\/08\/ph-galaxy-s23-s918-sm-s918bzkcphl-534856194.webp","datePublished":"2024-08-21T09:20:26+00:00","dateModified":"2024-10-17T10:39:43+00:00","breadcrumb":{"@id":"https:\/\/tay-sir.com\/produit\/samsung-s23-ultra-12-256gb\/#breadcrumb"},"inLanguage":"ar","potentialAction":[{"@type":"ReadAction","target":["https:\/\/tay-sir.com\/produit\/samsung-s23-ultra-12-256gb\/"]}]},{"@type":"ImageObject","inLanguage":"ar","@id":"https:\/\/tay-sir.com\/produit\/samsung-s23-ultra-12-256gb\/#primaryimage","url":"https:\/\/tay-sir.com\/wp-content\/uploads\/2024\/08\/ph-galaxy-s23-s918-sm-s918bzkcphl-534856194.webp","contentUrl":"https:\/\/tay-sir.com\/wp-content\/uploads\/2024\/08\/ph-galaxy-s23-s918-sm-s918bzkcphl-534856194.webp","width":1300,"height":1038},{"@type":"BreadcrumbList","@id":"https:\/\/tay-sir.com\/produit\/samsung-s23-ultra-12-256gb\/#breadcrumb","itemListElement":[{"@type":"ListItem","position":1,"name":"Home","item":"https:\/\/tay-sir.com\/ar\/"},{"@type":"ListItem","position":2,"name":"Boutique","item":"https:\/\/tay-sir.com\/boutique\/"},{"@type":"ListItem","position":3,"name":"Samsung S23 Ultra 12\/256GB"}]},{"@type":"WebSite","@id":"https:\/\/tay-sir.com\/ar\/#website","url":"https:\/\/tay-sir.com\/ar\/","name":"TAY-SIR.com","description":"plateforme e-commerce avec financement islamique digital en ligne","publisher":{"@id":"https:\/\/tay-sir.com\/ar\/#organization"},"potentialAction":[{"@type":"SearchAction","target":{"@type":"EntryPoint","urlTemplate":"https:\/\/tay-sir.com\/ar\/?s={search_term_string}"},"query-input":{"@type":"PropertyValueSpecification","valueRequired":true,"valueName":"search_term_string"}}],"inLanguage":"ar"},{"@type":"Organization","@id":"https:\/\/tay-sir.com\/ar\/#organization","name":"Taysir","url":"https:\/\/tay-sir.com\/ar\/","logo":{"@type":"ImageObject","inLanguage":"ar","@id":"https:\/\/tay-sir.com\/ar\/#\/schema\/logo\/image\/","url":"https:\/\/tay-sir.com\/wp-content\/uploads\/2024\/10\/profil.jpg","contentUrl":"https:\/\/tay-sir.com\/wp-content\/uploads\/2024\/10\/profil.jpg","width":1024,"height":1024,"caption":"Taysir"},"image":{"@id":"https:\/\/tay-sir.com\/ar\/#\/schema\/logo\/image\/"},"sameAs":["https:\/\/www.facebook.com\/profile.php?id=61566201523117","https:\/\/www.tiktok.com\/@taysir31000?fbclid=IwY2xjawFor1xleHRuA2FlbQIxMAABHQqa6Ko0Z_QFAZb-7Bltxo0G0y0YuIXxVxPenEAWDkGyOgZp7D3Bq1oJAA_aem_TiTB-X9kxzhzORQbwqQiYw","https:\/\/www.instagram.com\/taysirfacilite\/"]}]}},"_links":{"self":[{"href":"https:\/\/tay-sir.com\/ar\/wp-json\/wp\/v2\/product\/29144","targetHints":{"allow":["GET"]}}],"collection":[{"href":"https:\/\/tay-sir.com\/ar\/wp-json\/wp\/v2\/product"}],"about":[{"href":"https:\/\/tay-sir.com\/ar\/wp-json\/wp\/v2\/types\/product"}],"replies":[{"embeddable":true,"href":"https:\/\/tay-sir.com\/ar\/wp-json\/wp\/v2\/comments?post=29144"}],"version-history":[{"count":2,"href":"https:\/\/tay-sir.com\/ar\/wp-json\/wp\/v2\/product\/29144\/revisions"}],"predecessor-version":[{"id":29151,"href":"https:\/\/tay-sir.com\/ar\/wp-json\/wp\/v2\/product\/29144\/revisions\/29151"}],"wp:featuredmedia":[{"embeddable":true,"href":"https:\/\/tay-sir.com\/ar\/wp-json\/wp\/v2\/media\/29145"}],"wp:attachment":[{"href":"https:\/\/tay-sir.com\/ar\/wp-json\/wp\/v2\/media?parent=29144"}],"wp:term":[{"taxonomy":"product_brand","embeddable":true,"href":"https:\/\/tay-sir.com\/ar\/wp-json\/wp\/v2\/product_brand?post=29144"},{"taxonomy":"product_cat","embeddable":true,"href":"https:\/\/tay-sir.com\/ar\/wp-json\/wp\/v2\/product_cat?post=29144"},{"taxonomy":"product_tag","embeddable":true,"href":"https:\/\/tay-sir.com\/ar\/wp-json\/wp\/v2\/product_tag?post=29144"}],"curies":[{"name":"wp","href":"https:\/\/api.w.org\/{rel}","templated":true}]}}