{"id":29147,"date":"2024-08-21T10:21:21","date_gmt":"2024-08-21T09:21:21","guid":{"rendered":"https:\/\/tay-sir.com\/?post_type=product&#038;p=29147"},"modified":"2024-10-17T11:32:23","modified_gmt":"2024-10-17T10:32:23","slug":"realme-12-pro-12-512gb-2","status":"publish","type":"product","link":"https:\/\/tay-sir.com\/ar\/product\/realme-12-pro-12-512gb-2\/","title":{"rendered":"Realme 12 Pro+ 12\/512GB"},"content":{"rendered":"<p><span data-sheets-root=\"1\">Marque Realme<br \/>\nT\u00e9l\u00e9phone Portable Realme 12 Pro+ 12\/512GB<br \/>\nR\u00e9f\u00e9rence<br \/>\nDimension (L x H x P) 7.4 x 16.15 x 0.88 mm<br \/>\nPoids 196 g<br \/>\nType carte SIM Nano Sim<br \/>\nDouble Puce (SIM) Double Puce<br \/>\nEtanche 19<\/span><\/p>\n<p>Type Ecran AMOLED 1B colors, AMOLED, 1B colors, 120Hz, 800 nits (HBM), 950 nits (peak)<br \/>\nTaille Ecran 6.7 pouces<br \/>\nR\u00e9solution Ecran 1080 x 2412 px Densit\u00e9 394 ppi<br \/>\nProtection Ecran NC<\/p>\n<p>Syst\u00e9me Android 14, Realme UI 5.0<br \/>\nChipset Qualcomm SM7435-AB Snapdragon 7s Gen 2 (4 nm)<br \/>\nProcesseur (CPU) Octa-core (4&#215;2.40 GHz Cortex-A78 &amp; 4&#215;1.95 GHz Cortex-A55)<br \/>\nPuce Graphique (GPU) Adreno 710<br \/>\nCapteurs Lecteur d&#8217;empreinte sous \u00e9cran optique<br \/>\nAcc\u00e9l\u00e9rom\u00e9tre<br \/>\nGyroscope<br \/>\nProximit\u00e9<br \/>\nBoussole<\/p>\n<p>M\u00e9moire Vive (RAM) 12 Go<br \/>\nSupport cartes m\u00e9moire 19<br \/>\nM\u00e9moire stockage (Disque) 512 Go<\/p>\n<p>Appareil Photo Arri\u00e8re 50 m\u00e9gapixels<br \/>\n3 Capteurs<br \/>\n50 MP, f\/1.8, 24mm (wide), 1\/1.56<br \/>\n64 MP, f\/2.8, 71mm, (periscope telephoto), 1\/2.0<br \/>\n8 MP, f\/2.2, 16mm, 112\u02da (ultrawide), 1\/4.0<br \/>\nLED flash, HDR, panorama<br \/>\n4K@30fps, 1080p@30\/60\/120fps, gyro-EIS<br \/>\nAppareil Photo Selfie 32 m\u00e9gapixels<br \/>\n32 MP, f\/2.4, 22mm (wide) m\u00e9gapixels<br \/>\n1080p@30fps<\/p>\n<p>Type r\u00e9seau 5G LTE<br \/>\nWiFi Wi-Fi 802.11 a\/b\/g\/n\/ac\/6, dual-band<br \/>\nUSB USB Type-C 2.0<br \/>\nBluetooth Bluetooth Bluetooth 5.2, A2DP, LE<br \/>\nGPS GPS GPS, GLONASS, GALILEO, BDS, QZSS<\/p>\n<p>Batterie 5000 mAh non amovible<br \/>\n67W wired<br \/>\nBatterie Chargement sans fil 19<\/p>","protected":false},"excerpt":{"rendered":"<p>Marque Realme T\u00e9l\u00e9phone Portable Realme 12 Pro+ 12\/512GB R\u00e9f\u00e9rence Dimension (L x H x P) 7.4 x 16.15 x 0.88<\/p>","protected":false},"featured_media":29152,"comment_status":"open","ping_status":"closed","template":"","meta":[],"product_brand":[],"product_cat":[29],"product_tag":[],"class_list":{"0":"post-29147","1":"product","2":"type-product","3":"status-publish","4":"has-post-thumbnail","6":"product_cat-telephone","8":"first","9":"instock","10":"shipping-taxable","11":"purchasable","12":"product-type-variable"},"yoast_head":"<!-- This site is optimized with the Yoast SEO plugin v24.9 - https:\/\/yoast.com\/wordpress\/plugins\/seo\/ -->\n<title>Realme 12 Pro+ 12\/512GB - Maslak<\/title>\n<meta name=\"robots\" content=\"index, follow, max-snippet:-1, max-image-preview:large, max-video-preview:-1\" \/>\n<link rel=\"canonical\" href=\"https:\/\/tay-sir.com\/ar\/product\/realme-12-pro-12-512gb-2\/\" \/>\n<meta property=\"og:locale\" content=\"ar_AR\" \/>\n<meta property=\"og:type\" content=\"article\" \/>\n<meta property=\"og:title\" content=\"Realme 12 Pro+ 12\/512GB - Maslak\" \/>\n<meta property=\"og:description\" content=\"Marque Realme T\u00e9l\u00e9phone Portable Realme 12 Pro+ 12\/512GB R\u00e9f\u00e9rence Dimension (L x H x P) 7.4 x 16.15 x 0.88\" \/>\n<meta property=\"og:url\" content=\"https:\/\/tay-sir.com\/ar\/product\/realme-12-pro-12-512gb-2\/\" \/>\n<meta property=\"og:site_name\" content=\"Maslak\" \/>\n<meta property=\"article:publisher\" content=\"https:\/\/www.facebook.com\/profile.php?id=61566201523117\" \/>\n<meta property=\"article:modified_time\" content=\"2024-10-17T10:32:23+00:00\" \/>\n<meta property=\"og:image\" content=\"https:\/\/tay-sir.com\/wp-content\/uploads\/2024\/08\/document_service_16187222_632_5_2055053108.jpg\" \/>\n\t<meta property=\"og:image:width\" content=\"500\" \/>\n\t<meta property=\"og:image:height\" content=\"500\" \/>\n\t<meta property=\"og:image:type\" content=\"image\/jpeg\" \/>\n<meta name=\"twitter:card\" content=\"summary_large_image\" \/>\n<meta name=\"twitter:label1\" content=\"\u0648\u0642\u062a \u0627\u0644\u0642\u0631\u0627\u0621\u0629 \u0627\u0644\u0645\u064f\u0642\u062f\u0651\u0631\" \/>\n\t<meta name=\"twitter:data1\" content=\"\u062f\u0642\u064a\u0642\u0629 \u0648\u0627\u062d\u062f\u0629\" \/>\n<script type=\"application\/ld+json\" class=\"yoast-schema-graph\">{\"@context\":\"https:\/\/schema.org\",\"@graph\":[{\"@type\":\"WebPage\",\"@id\":\"https:\/\/tay-sir.com\/produit\/realme-12-pro-12-512gb-2\/\",\"url\":\"https:\/\/tay-sir.com\/produit\/realme-12-pro-12-512gb-2\/\",\"name\":\"Realme 12 Pro+ 12\/512GB - Maslak\",\"isPartOf\":{\"@id\":\"https:\/\/tay-sir.com\/ar\/#website\"},\"primaryImageOfPage\":{\"@id\":\"https:\/\/tay-sir.com\/produit\/realme-12-pro-12-512gb-2\/#primaryimage\"},\"image\":{\"@id\":\"https:\/\/tay-sir.com\/produit\/realme-12-pro-12-512gb-2\/#primaryimage\"},\"thumbnailUrl\":\"https:\/\/tay-sir.com\/wp-content\/uploads\/2024\/08\/document_service_16187222_632_5_2055053108.jpg\",\"datePublished\":\"2024-08-21T09:21:21+00:00\",\"dateModified\":\"2024-10-17T10:32:23+00:00\",\"breadcrumb\":{\"@id\":\"https:\/\/tay-sir.com\/produit\/realme-12-pro-12-512gb-2\/#breadcrumb\"},\"inLanguage\":\"ar\",\"potentialAction\":[{\"@type\":\"ReadAction\",\"target\":[\"https:\/\/tay-sir.com\/produit\/realme-12-pro-12-512gb-2\/\"]}]},{\"@type\":\"ImageObject\",\"inLanguage\":\"ar\",\"@id\":\"https:\/\/tay-sir.com\/produit\/realme-12-pro-12-512gb-2\/#primaryimage\",\"url\":\"https:\/\/tay-sir.com\/wp-content\/uploads\/2024\/08\/document_service_16187222_632_5_2055053108.jpg\",\"contentUrl\":\"https:\/\/tay-sir.com\/wp-content\/uploads\/2024\/08\/document_service_16187222_632_5_2055053108.jpg\",\"width\":500,\"height\":500},{\"@type\":\"BreadcrumbList\",\"@id\":\"https:\/\/tay-sir.com\/produit\/realme-12-pro-12-512gb-2\/#breadcrumb\",\"itemListElement\":[{\"@type\":\"ListItem\",\"position\":1,\"name\":\"Home\",\"item\":\"https:\/\/tay-sir.com\/ar\/\"},{\"@type\":\"ListItem\",\"position\":2,\"name\":\"Boutique\",\"item\":\"https:\/\/tay-sir.com\/boutique\/\"},{\"@type\":\"ListItem\",\"position\":3,\"name\":\"Realme 12 Pro+ 12\/512GB\"}]},{\"@type\":\"WebSite\",\"@id\":\"https:\/\/tay-sir.com\/ar\/#website\",\"url\":\"https:\/\/tay-sir.com\/ar\/\",\"name\":\"TAY-SIR.com\",\"description\":\"plateforme e-commerce avec financement islamique digital en ligne\",\"publisher\":{\"@id\":\"https:\/\/tay-sir.com\/ar\/#organization\"},\"potentialAction\":[{\"@type\":\"SearchAction\",\"target\":{\"@type\":\"EntryPoint\",\"urlTemplate\":\"https:\/\/tay-sir.com\/ar\/?s={search_term_string}\"},\"query-input\":{\"@type\":\"PropertyValueSpecification\",\"valueRequired\":true,\"valueName\":\"search_term_string\"}}],\"inLanguage\":\"ar\"},{\"@type\":\"Organization\",\"@id\":\"https:\/\/tay-sir.com\/ar\/#organization\",\"name\":\"Taysir\",\"url\":\"https:\/\/tay-sir.com\/ar\/\",\"logo\":{\"@type\":\"ImageObject\",\"inLanguage\":\"ar\",\"@id\":\"https:\/\/tay-sir.com\/ar\/#\/schema\/logo\/image\/\",\"url\":\"https:\/\/tay-sir.com\/wp-content\/uploads\/2024\/10\/profil.jpg\",\"contentUrl\":\"https:\/\/tay-sir.com\/wp-content\/uploads\/2024\/10\/profil.jpg\",\"width\":1024,\"height\":1024,\"caption\":\"Taysir\"},\"image\":{\"@id\":\"https:\/\/tay-sir.com\/ar\/#\/schema\/logo\/image\/\"},\"sameAs\":[\"https:\/\/www.facebook.com\/profile.php?id=61566201523117\",\"https:\/\/www.tiktok.com\/@taysir31000?fbclid=IwY2xjawFor1xleHRuA2FlbQIxMAABHQqa6Ko0Z_QFAZb-7Bltxo0G0y0YuIXxVxPenEAWDkGyOgZp7D3Bq1oJAA_aem_TiTB-X9kxzhzORQbwqQiYw\",\"https:\/\/www.instagram.com\/taysirfacilite\/\"]}]}<\/script>\n<!-- \/ Yoast SEO plugin. -->","yoast_head_json":{"title":"Realme 12 Pro+ 12\/512GB - Maslak","robots":{"index":"index","follow":"follow","max-snippet":"max-snippet:-1","max-image-preview":"max-image-preview:large","max-video-preview":"max-video-preview:-1"},"canonical":"https:\/\/tay-sir.com\/ar\/product\/realme-12-pro-12-512gb-2\/","og_locale":"ar_AR","og_type":"article","og_title":"Realme 12 Pro+ 12\/512GB - Maslak","og_description":"Marque Realme T\u00e9l\u00e9phone Portable Realme 12 Pro+ 12\/512GB R\u00e9f\u00e9rence Dimension (L x H x P) 7.4 x 16.15 x 0.88","og_url":"https:\/\/tay-sir.com\/ar\/product\/realme-12-pro-12-512gb-2\/","og_site_name":"Maslak","article_publisher":"https:\/\/www.facebook.com\/profile.php?id=61566201523117","article_modified_time":"2024-10-17T10:32:23+00:00","og_image":[{"width":500,"height":500,"url":"https:\/\/tay-sir.com\/wp-content\/uploads\/2024\/08\/document_service_16187222_632_5_2055053108.jpg","type":"image\/jpeg"}],"twitter_card":"summary_large_image","twitter_misc":{"\u0648\u0642\u062a \u0627\u0644\u0642\u0631\u0627\u0621\u0629 \u0627\u0644\u0645\u064f\u0642\u062f\u0651\u0631":"\u062f\u0642\u064a\u0642\u0629 \u0648\u0627\u062d\u062f\u0629"},"schema":{"@context":"https:\/\/schema.org","@graph":[{"@type":"WebPage","@id":"https:\/\/tay-sir.com\/produit\/realme-12-pro-12-512gb-2\/","url":"https:\/\/tay-sir.com\/produit\/realme-12-pro-12-512gb-2\/","name":"Realme 12 Pro+ 12\/512GB - Maslak","isPartOf":{"@id":"https:\/\/tay-sir.com\/ar\/#website"},"primaryImageOfPage":{"@id":"https:\/\/tay-sir.com\/produit\/realme-12-pro-12-512gb-2\/#primaryimage"},"image":{"@id":"https:\/\/tay-sir.com\/produit\/realme-12-pro-12-512gb-2\/#primaryimage"},"thumbnailUrl":"https:\/\/tay-sir.com\/wp-content\/uploads\/2024\/08\/document_service_16187222_632_5_2055053108.jpg","datePublished":"2024-08-21T09:21:21+00:00","dateModified":"2024-10-17T10:32:23+00:00","breadcrumb":{"@id":"https:\/\/tay-sir.com\/produit\/realme-12-pro-12-512gb-2\/#breadcrumb"},"inLanguage":"ar","potentialAction":[{"@type":"ReadAction","target":["https:\/\/tay-sir.com\/produit\/realme-12-pro-12-512gb-2\/"]}]},{"@type":"ImageObject","inLanguage":"ar","@id":"https:\/\/tay-sir.com\/produit\/realme-12-pro-12-512gb-2\/#primaryimage","url":"https:\/\/tay-sir.com\/wp-content\/uploads\/2024\/08\/document_service_16187222_632_5_2055053108.jpg","contentUrl":"https:\/\/tay-sir.com\/wp-content\/uploads\/2024\/08\/document_service_16187222_632_5_2055053108.jpg","width":500,"height":500},{"@type":"BreadcrumbList","@id":"https:\/\/tay-sir.com\/produit\/realme-12-pro-12-512gb-2\/#breadcrumb","itemListElement":[{"@type":"ListItem","position":1,"name":"Home","item":"https:\/\/tay-sir.com\/ar\/"},{"@type":"ListItem","position":2,"name":"Boutique","item":"https:\/\/tay-sir.com\/boutique\/"},{"@type":"ListItem","position":3,"name":"Realme 12 Pro+ 12\/512GB"}]},{"@type":"WebSite","@id":"https:\/\/tay-sir.com\/ar\/#website","url":"https:\/\/tay-sir.com\/ar\/","name":"TAY-SIR.com","description":"plateforme e-commerce avec financement islamique digital en ligne","publisher":{"@id":"https:\/\/tay-sir.com\/ar\/#organization"},"potentialAction":[{"@type":"SearchAction","target":{"@type":"EntryPoint","urlTemplate":"https:\/\/tay-sir.com\/ar\/?s={search_term_string}"},"query-input":{"@type":"PropertyValueSpecification","valueRequired":true,"valueName":"search_term_string"}}],"inLanguage":"ar"},{"@type":"Organization","@id":"https:\/\/tay-sir.com\/ar\/#organization","name":"Taysir","url":"https:\/\/tay-sir.com\/ar\/","logo":{"@type":"ImageObject","inLanguage":"ar","@id":"https:\/\/tay-sir.com\/ar\/#\/schema\/logo\/image\/","url":"https:\/\/tay-sir.com\/wp-content\/uploads\/2024\/10\/profil.jpg","contentUrl":"https:\/\/tay-sir.com\/wp-content\/uploads\/2024\/10\/profil.jpg","width":1024,"height":1024,"caption":"Taysir"},"image":{"@id":"https:\/\/tay-sir.com\/ar\/#\/schema\/logo\/image\/"},"sameAs":["https:\/\/www.facebook.com\/profile.php?id=61566201523117","https:\/\/www.tiktok.com\/@taysir31000?fbclid=IwY2xjawFor1xleHRuA2FlbQIxMAABHQqa6Ko0Z_QFAZb-7Bltxo0G0y0YuIXxVxPenEAWDkGyOgZp7D3Bq1oJAA_aem_TiTB-X9kxzhzORQbwqQiYw","https:\/\/www.instagram.com\/taysirfacilite\/"]}]}},"_links":{"self":[{"href":"https:\/\/tay-sir.com\/ar\/wp-json\/wp\/v2\/product\/29147","targetHints":{"allow":["GET"]}}],"collection":[{"href":"https:\/\/tay-sir.com\/ar\/wp-json\/wp\/v2\/product"}],"about":[{"href":"https:\/\/tay-sir.com\/ar\/wp-json\/wp\/v2\/types\/product"}],"replies":[{"embeddable":true,"href":"https:\/\/tay-sir.com\/ar\/wp-json\/wp\/v2\/comments?post=29147"}],"version-history":[{"count":3,"href":"https:\/\/tay-sir.com\/ar\/wp-json\/wp\/v2\/product\/29147\/revisions"}],"predecessor-version":[{"id":30852,"href":"https:\/\/tay-sir.com\/ar\/wp-json\/wp\/v2\/product\/29147\/revisions\/30852"}],"wp:featuredmedia":[{"embeddable":true,"href":"https:\/\/tay-sir.com\/ar\/wp-json\/wp\/v2\/media\/29152"}],"wp:attachment":[{"href":"https:\/\/tay-sir.com\/ar\/wp-json\/wp\/v2\/media?parent=29147"}],"wp:term":[{"taxonomy":"product_brand","embeddable":true,"href":"https:\/\/tay-sir.com\/ar\/wp-json\/wp\/v2\/product_brand?post=29147"},{"taxonomy":"product_cat","embeddable":true,"href":"https:\/\/tay-sir.com\/ar\/wp-json\/wp\/v2\/product_cat?post=29147"},{"taxonomy":"product_tag","embeddable":true,"href":"https:\/\/tay-sir.com\/ar\/wp-json\/wp\/v2\/product_tag?post=29147"}],"curies":[{"name":"wp","href":"https:\/\/api.w.org\/{rel}","templated":true}]}}