{"id":29155,"date":"2024-08-21T10:36:53","date_gmt":"2024-08-21T09:36:53","guid":{"rendered":"https:\/\/tay-sir.com\/produit\/bain-dhuile-13-elements-non-ventille-rbh-d13-w\/"},"modified":"2024-10-23T10:27:26","modified_gmt":"2024-10-23T09:27:26","slug":"bain-dhuile-13-elements-non-ventille-rbh-d13-w","status":"publish","type":"product","link":"https:\/\/tay-sir.com\/ar\/product\/bain-dhuile-13-elements-non-ventille-rbh-d13-w\/","title":{"rendered":"Bain D&rsquo;huile 13 Elements Non Ventille Rbh D13 W"},"content":{"rendered":"<p>L&rsquo;appareil est \u00e9quip\u00e9 d&rsquo;un thermostat r\u00e9glable qui permet de contr\u00f4ler facilement la temp\u00e9rature de la pi\u00e8ce. Gr\u00e2ce \u00e0 la fonction de r\u00e9gulation automatique de la temp\u00e9rature, le bain d&rsquo;huile s&rsquo;arr\u00eate automatiquement lorsque la temp\u00e9rature souhait\u00e9e est atteinte pour \u00e9conomiser de l&rsquo;\u00e9nergie.<\/p>\n<p>Le bain d&rsquo;huile RAYLAN est \u00e9galement \u00e9quip\u00e9 d&rsquo;un syst\u00e8me de s\u00e9curit\u00e9 int\u00e9gr\u00e9 qui coupe automatiquement l&rsquo;alimentation \u00e9lectrique en cas de surchauffe. Il est donc s\u00fbr \u00e0 utiliser, m\u00eame si vous devez le laisser allum\u00e9 pendant de longues p\u00e9riodes.<\/p>\n<p>Enfin, le bain d&rsquo;huile RAYLAN est tr\u00e8s silencieux et ne produit pas de bruit d\u00e9rangeant, ce qui en fait un excellent choix pour les chambres \u00e0 coucher ou les espaces de travail n\u00e9cessitant un environnement calme.<\/p>\n<p>En r\u00e9sum\u00e9, le bain d&rsquo;huile 13 \u00e9l\u00e9ments non ventil\u00e9 RBH D13 W de la marque RAYLAN est un radiateur \u00e9lectrique pratique, efficace et s\u00fbr qui vous offre une chaleur douce et homog\u00e8ne pour vous offrir un confort thermique optimal. Il est facile \u00e0 utiliser, \u00e0 d\u00e9placer et \u00e0 entretenir, et constitue un excellent choix pour les personnes \u00e0 la recherche d&rsquo;une solution de chauffage abordable et fiable.<\/p>\n<p>caract\u00e9ristiques techniques<br \/>\n13 ailerons efficaces<br \/>\nchauffage<br \/>\n3 r\u00e9glages de chaleur<br \/>\nThermostat r\u00e9glable<br \/>\nProtection contre la surchauffe<br \/>\nInterrupteur de basculement de s\u00e9curit\u00e9 int\u00e9gr\u00e9<br \/>\nFonction antigel<\/p>","protected":false},"excerpt":{"rendered":"<p>L&rsquo;appareil est \u00e9quip\u00e9 d&rsquo;un thermostat r\u00e9glable qui permet de contr\u00f4ler facilement la temp\u00e9rature de la pi\u00e8ce. Gr\u00e2ce \u00e0 la fonction<\/p>","protected":false},"featured_media":29154,"comment_status":"open","ping_status":"closed","template":"","meta":[],"product_brand":[],"product_cat":[17,236],"product_tag":[],"class_list":{"0":"post-29155","1":"product","2":"type-product","3":"status-publish","4":"has-post-thumbnail","6":"product_cat-electro-menager","7":"product_cat-chauffage","9":"first","10":"instock","11":"shipping-taxable","12":"purchasable","13":"product-type-variable"},"yoast_head":"<!-- This site is optimized with the Yoast SEO plugin v24.9 - https:\/\/yoast.com\/wordpress\/plugins\/seo\/ -->\n<title>Bain D&#039;huile 13 Elements Non Ventille Rbh D13 W - Maslak<\/title>\n<meta name=\"robots\" content=\"index, follow, max-snippet:-1, max-image-preview:large, max-video-preview:-1\" \/>\n<link rel=\"canonical\" href=\"https:\/\/tay-sir.com\/ar\/product\/bain-dhuile-13-elements-non-ventille-rbh-d13-w\/\" \/>\n<meta property=\"og:locale\" content=\"ar_AR\" \/>\n<meta property=\"og:type\" content=\"article\" \/>\n<meta property=\"og:title\" content=\"Bain D&#039;huile 13 Elements Non Ventille Rbh D13 W - Maslak\" \/>\n<meta property=\"og:description\" content=\"L&rsquo;appareil est \u00e9quip\u00e9 d&rsquo;un thermostat r\u00e9glable qui permet de contr\u00f4ler facilement la temp\u00e9rature de la pi\u00e8ce. Gr\u00e2ce \u00e0 la fonction\" \/>\n<meta property=\"og:url\" content=\"https:\/\/tay-sir.com\/ar\/product\/bain-dhuile-13-elements-non-ventille-rbh-d13-w\/\" \/>\n<meta property=\"og:site_name\" content=\"Maslak\" \/>\n<meta property=\"article:publisher\" content=\"https:\/\/www.facebook.com\/profile.php?id=61566201523117\" \/>\n<meta property=\"article:modified_time\" content=\"2024-10-23T09:27:26+00:00\" \/>\n<meta property=\"og:image\" content=\"https:\/\/tay-sir.com\/wp-content\/uploads\/2024\/08\/1-3.jpg\" \/>\n\t<meta property=\"og:image:width\" content=\"680\" \/>\n\t<meta property=\"og:image:height\" content=\"680\" \/>\n\t<meta property=\"og:image:type\" content=\"image\/jpeg\" \/>\n<meta name=\"twitter:card\" content=\"summary_large_image\" \/>\n<meta name=\"twitter:label1\" content=\"\u0648\u0642\u062a \u0627\u0644\u0642\u0631\u0627\u0621\u0629 \u0627\u0644\u0645\u064f\u0642\u062f\u0651\u0631\" \/>\n\t<meta name=\"twitter:data1\" content=\"\u062f\u0642\u064a\u0642\u0629 \u0648\u0627\u062d\u062f\u0629\" \/>\n<script type=\"application\/ld+json\" class=\"yoast-schema-graph\">{\"@context\":\"https:\/\/schema.org\",\"@graph\":[{\"@type\":\"WebPage\",\"@id\":\"https:\/\/tay-sir.com\/produit\/bain-dhuile-13-elements-non-ventille-rbh-d13-w\/\",\"url\":\"https:\/\/tay-sir.com\/produit\/bain-dhuile-13-elements-non-ventille-rbh-d13-w\/\",\"name\":\"Bain D'huile 13 Elements Non Ventille Rbh D13 W - Maslak\",\"isPartOf\":{\"@id\":\"https:\/\/tay-sir.com\/ar\/#website\"},\"primaryImageOfPage\":{\"@id\":\"https:\/\/tay-sir.com\/produit\/bain-dhuile-13-elements-non-ventille-rbh-d13-w\/#primaryimage\"},\"image\":{\"@id\":\"https:\/\/tay-sir.com\/produit\/bain-dhuile-13-elements-non-ventille-rbh-d13-w\/#primaryimage\"},\"thumbnailUrl\":\"https:\/\/tay-sir.com\/wp-content\/uploads\/2024\/08\/1-3.jpg\",\"datePublished\":\"2024-08-21T09:36:53+00:00\",\"dateModified\":\"2024-10-23T09:27:26+00:00\",\"breadcrumb\":{\"@id\":\"https:\/\/tay-sir.com\/produit\/bain-dhuile-13-elements-non-ventille-rbh-d13-w\/#breadcrumb\"},\"inLanguage\":\"ar\",\"potentialAction\":[{\"@type\":\"ReadAction\",\"target\":[\"https:\/\/tay-sir.com\/produit\/bain-dhuile-13-elements-non-ventille-rbh-d13-w\/\"]}]},{\"@type\":\"ImageObject\",\"inLanguage\":\"ar\",\"@id\":\"https:\/\/tay-sir.com\/produit\/bain-dhuile-13-elements-non-ventille-rbh-d13-w\/#primaryimage\",\"url\":\"https:\/\/tay-sir.com\/wp-content\/uploads\/2024\/08\/1-3.jpg\",\"contentUrl\":\"https:\/\/tay-sir.com\/wp-content\/uploads\/2024\/08\/1-3.jpg\",\"width\":680,\"height\":680},{\"@type\":\"BreadcrumbList\",\"@id\":\"https:\/\/tay-sir.com\/produit\/bain-dhuile-13-elements-non-ventille-rbh-d13-w\/#breadcrumb\",\"itemListElement\":[{\"@type\":\"ListItem\",\"position\":1,\"name\":\"Home\",\"item\":\"https:\/\/tay-sir.com\/ar\/\"},{\"@type\":\"ListItem\",\"position\":2,\"name\":\"Boutique\",\"item\":\"https:\/\/tay-sir.com\/boutique\/\"},{\"@type\":\"ListItem\",\"position\":3,\"name\":\"Bain D&rsquo;huile 13 Elements Non Ventille Rbh D13 W\"}]},{\"@type\":\"WebSite\",\"@id\":\"https:\/\/tay-sir.com\/ar\/#website\",\"url\":\"https:\/\/tay-sir.com\/ar\/\",\"name\":\"TAY-SIR.com\",\"description\":\"plateforme e-commerce avec financement islamique digital en ligne\",\"publisher\":{\"@id\":\"https:\/\/tay-sir.com\/ar\/#organization\"},\"potentialAction\":[{\"@type\":\"SearchAction\",\"target\":{\"@type\":\"EntryPoint\",\"urlTemplate\":\"https:\/\/tay-sir.com\/ar\/?s={search_term_string}\"},\"query-input\":{\"@type\":\"PropertyValueSpecification\",\"valueRequired\":true,\"valueName\":\"search_term_string\"}}],\"inLanguage\":\"ar\"},{\"@type\":\"Organization\",\"@id\":\"https:\/\/tay-sir.com\/ar\/#organization\",\"name\":\"Taysir\",\"url\":\"https:\/\/tay-sir.com\/ar\/\",\"logo\":{\"@type\":\"ImageObject\",\"inLanguage\":\"ar\",\"@id\":\"https:\/\/tay-sir.com\/ar\/#\/schema\/logo\/image\/\",\"url\":\"https:\/\/tay-sir.com\/wp-content\/uploads\/2024\/10\/profil.jpg\",\"contentUrl\":\"https:\/\/tay-sir.com\/wp-content\/uploads\/2024\/10\/profil.jpg\",\"width\":1024,\"height\":1024,\"caption\":\"Taysir\"},\"image\":{\"@id\":\"https:\/\/tay-sir.com\/ar\/#\/schema\/logo\/image\/\"},\"sameAs\":[\"https:\/\/www.facebook.com\/profile.php?id=61566201523117\",\"https:\/\/www.tiktok.com\/@taysir31000?fbclid=IwY2xjawFor1xleHRuA2FlbQIxMAABHQqa6Ko0Z_QFAZb-7Bltxo0G0y0YuIXxVxPenEAWDkGyOgZp7D3Bq1oJAA_aem_TiTB-X9kxzhzORQbwqQiYw\",\"https:\/\/www.instagram.com\/taysirfacilite\/\"]}]}<\/script>\n<!-- \/ Yoast SEO plugin. -->","yoast_head_json":{"title":"Bain D'huile 13 Elements Non Ventille Rbh D13 W - Maslak","robots":{"index":"index","follow":"follow","max-snippet":"max-snippet:-1","max-image-preview":"max-image-preview:large","max-video-preview":"max-video-preview:-1"},"canonical":"https:\/\/tay-sir.com\/ar\/product\/bain-dhuile-13-elements-non-ventille-rbh-d13-w\/","og_locale":"ar_AR","og_type":"article","og_title":"Bain D'huile 13 Elements Non Ventille Rbh D13 W - Maslak","og_description":"L&rsquo;appareil est \u00e9quip\u00e9 d&rsquo;un thermostat r\u00e9glable qui permet de contr\u00f4ler facilement la temp\u00e9rature de la pi\u00e8ce. Gr\u00e2ce \u00e0 la fonction","og_url":"https:\/\/tay-sir.com\/ar\/product\/bain-dhuile-13-elements-non-ventille-rbh-d13-w\/","og_site_name":"Maslak","article_publisher":"https:\/\/www.facebook.com\/profile.php?id=61566201523117","article_modified_time":"2024-10-23T09:27:26+00:00","og_image":[{"width":680,"height":680,"url":"https:\/\/tay-sir.com\/wp-content\/uploads\/2024\/08\/1-3.jpg","type":"image\/jpeg"}],"twitter_card":"summary_large_image","twitter_misc":{"\u0648\u0642\u062a \u0627\u0644\u0642\u0631\u0627\u0621\u0629 \u0627\u0644\u0645\u064f\u0642\u062f\u0651\u0631":"\u062f\u0642\u064a\u0642\u0629 \u0648\u0627\u062d\u062f\u0629"},"schema":{"@context":"https:\/\/schema.org","@graph":[{"@type":"WebPage","@id":"https:\/\/tay-sir.com\/produit\/bain-dhuile-13-elements-non-ventille-rbh-d13-w\/","url":"https:\/\/tay-sir.com\/produit\/bain-dhuile-13-elements-non-ventille-rbh-d13-w\/","name":"Bain D'huile 13 Elements Non Ventille Rbh D13 W - Maslak","isPartOf":{"@id":"https:\/\/tay-sir.com\/ar\/#website"},"primaryImageOfPage":{"@id":"https:\/\/tay-sir.com\/produit\/bain-dhuile-13-elements-non-ventille-rbh-d13-w\/#primaryimage"},"image":{"@id":"https:\/\/tay-sir.com\/produit\/bain-dhuile-13-elements-non-ventille-rbh-d13-w\/#primaryimage"},"thumbnailUrl":"https:\/\/tay-sir.com\/wp-content\/uploads\/2024\/08\/1-3.jpg","datePublished":"2024-08-21T09:36:53+00:00","dateModified":"2024-10-23T09:27:26+00:00","breadcrumb":{"@id":"https:\/\/tay-sir.com\/produit\/bain-dhuile-13-elements-non-ventille-rbh-d13-w\/#breadcrumb"},"inLanguage":"ar","potentialAction":[{"@type":"ReadAction","target":["https:\/\/tay-sir.com\/produit\/bain-dhuile-13-elements-non-ventille-rbh-d13-w\/"]}]},{"@type":"ImageObject","inLanguage":"ar","@id":"https:\/\/tay-sir.com\/produit\/bain-dhuile-13-elements-non-ventille-rbh-d13-w\/#primaryimage","url":"https:\/\/tay-sir.com\/wp-content\/uploads\/2024\/08\/1-3.jpg","contentUrl":"https:\/\/tay-sir.com\/wp-content\/uploads\/2024\/08\/1-3.jpg","width":680,"height":680},{"@type":"BreadcrumbList","@id":"https:\/\/tay-sir.com\/produit\/bain-dhuile-13-elements-non-ventille-rbh-d13-w\/#breadcrumb","itemListElement":[{"@type":"ListItem","position":1,"name":"Home","item":"https:\/\/tay-sir.com\/ar\/"},{"@type":"ListItem","position":2,"name":"Boutique","item":"https:\/\/tay-sir.com\/boutique\/"},{"@type":"ListItem","position":3,"name":"Bain D&rsquo;huile 13 Elements Non Ventille Rbh D13 W"}]},{"@type":"WebSite","@id":"https:\/\/tay-sir.com\/ar\/#website","url":"https:\/\/tay-sir.com\/ar\/","name":"TAY-SIR.com","description":"plateforme e-commerce avec financement islamique digital en ligne","publisher":{"@id":"https:\/\/tay-sir.com\/ar\/#organization"},"potentialAction":[{"@type":"SearchAction","target":{"@type":"EntryPoint","urlTemplate":"https:\/\/tay-sir.com\/ar\/?s={search_term_string}"},"query-input":{"@type":"PropertyValueSpecification","valueRequired":true,"valueName":"search_term_string"}}],"inLanguage":"ar"},{"@type":"Organization","@id":"https:\/\/tay-sir.com\/ar\/#organization","name":"Taysir","url":"https:\/\/tay-sir.com\/ar\/","logo":{"@type":"ImageObject","inLanguage":"ar","@id":"https:\/\/tay-sir.com\/ar\/#\/schema\/logo\/image\/","url":"https:\/\/tay-sir.com\/wp-content\/uploads\/2024\/10\/profil.jpg","contentUrl":"https:\/\/tay-sir.com\/wp-content\/uploads\/2024\/10\/profil.jpg","width":1024,"height":1024,"caption":"Taysir"},"image":{"@id":"https:\/\/tay-sir.com\/ar\/#\/schema\/logo\/image\/"},"sameAs":["https:\/\/www.facebook.com\/profile.php?id=61566201523117","https:\/\/www.tiktok.com\/@taysir31000?fbclid=IwY2xjawFor1xleHRuA2FlbQIxMAABHQqa6Ko0Z_QFAZb-7Bltxo0G0y0YuIXxVxPenEAWDkGyOgZp7D3Bq1oJAA_aem_TiTB-X9kxzhzORQbwqQiYw","https:\/\/www.instagram.com\/taysirfacilite\/"]}]}},"_links":{"self":[{"href":"https:\/\/tay-sir.com\/ar\/wp-json\/wp\/v2\/product\/29155","targetHints":{"allow":["GET"]}}],"collection":[{"href":"https:\/\/tay-sir.com\/ar\/wp-json\/wp\/v2\/product"}],"about":[{"href":"https:\/\/tay-sir.com\/ar\/wp-json\/wp\/v2\/types\/product"}],"replies":[{"embeddable":true,"href":"https:\/\/tay-sir.com\/ar\/wp-json\/wp\/v2\/comments?post=29155"}],"version-history":[{"count":2,"href":"https:\/\/tay-sir.com\/ar\/wp-json\/wp\/v2\/product\/29155\/revisions"}],"predecessor-version":[{"id":29550,"href":"https:\/\/tay-sir.com\/ar\/wp-json\/wp\/v2\/product\/29155\/revisions\/29550"}],"wp:featuredmedia":[{"embeddable":true,"href":"https:\/\/tay-sir.com\/ar\/wp-json\/wp\/v2\/media\/29154"}],"wp:attachment":[{"href":"https:\/\/tay-sir.com\/ar\/wp-json\/wp\/v2\/media?parent=29155"}],"wp:term":[{"taxonomy":"product_brand","embeddable":true,"href":"https:\/\/tay-sir.com\/ar\/wp-json\/wp\/v2\/product_brand?post=29155"},{"taxonomy":"product_cat","embeddable":true,"href":"https:\/\/tay-sir.com\/ar\/wp-json\/wp\/v2\/product_cat?post=29155"},{"taxonomy":"product_tag","embeddable":true,"href":"https:\/\/tay-sir.com\/ar\/wp-json\/wp\/v2\/product_tag?post=29155"}],"curies":[{"name":"wp","href":"https:\/\/api.w.org\/{rel}","templated":true}]}}