{"id":29982,"date":"2024-09-08T16:19:05","date_gmt":"2024-09-08T15:19:05","guid":{"rendered":"https:\/\/tay-sir.com\/produit\/realme-r12-5g-8-256\/"},"modified":"2024-12-10T09:37:13","modified_gmt":"2024-12-10T08:37:13","slug":"realme-r12-5g-8-256","status":"publish","type":"product","link":"https:\/\/tay-sir.com\/ar\/product\/realme-r12-5g-8-256\/","title":{"rendered":"realme R12 5G 8\/256"},"content":{"rendered":"<p><strong>Marque<\/strong> : Realme<br \/>\n<strong>Mod\u00e8le<\/strong> : Realme R12 5G (8\/256 Go)<br \/>\n<strong>R\u00e9f\u00e9rence<\/strong> :<\/p>\n<p><strong>Dimensions (L x H x P)<\/strong> : 162.95 x 75.45 x 7.87 mm<br \/>\n<strong>Poids<\/strong> : 190 g<br \/>\n<strong>Type carte SIM<\/strong> : Nano-SIM<br \/>\n<strong>Double Puce (SIM)<\/strong> : Oui<br \/>\n<strong>\u00c9tanch\u00e9it\u00e9<\/strong> : IP54 (r\u00e9sistance \u00e0 la poussi\u00e8re et aux \u00e9claboussures)<\/p>\n<p><strong>Type \u00c9cran<\/strong> : OLED, 120 Hz, HDR10+<br \/>\n<strong>Taille \u00c9cran<\/strong> : 6,67 pouces<br \/>\n<strong>R\u00e9solution \u00c9cran<\/strong> : 2400 x 1080 pixels, densit\u00e9 395 ppi<br \/>\n<strong>Protection \u00c9cran<\/strong> : Non sp\u00e9cifi\u00e9e<\/p>\n<p><strong>Syst\u00e8me<\/strong> : Android 14, Realme UI 5.0<br \/>\n<strong>Chipset<\/strong> : MediaTek Dimensity 7050 (6 nm)<br \/>\n<strong>Processeur (CPU)<\/strong> : Octa-core (2&#215;2,6 GHz Cortex-A78 + 6&#215;2,0 GHz Cortex-A55)<br \/>\n<strong>Puce Graphique (GPU)<\/strong> : Mali-G68 MC4<br \/>\n<strong>Capteurs<\/strong> :<\/p>\n<ul>\n<li>Lecteur d&#8217;empreinte (sous \u00e9cran)<\/li>\n<li>Acc\u00e9l\u00e9rom\u00e8tre<\/li>\n<li>Gyroscope<\/li>\n<li>Proximit\u00e9<\/li>\n<li>Boussole<\/li>\n<\/ul>\n<p><strong>M\u00e9moire Vive (RAM)<\/strong> : 8 Go<br \/>\n<strong>Support cartes m\u00e9moire<\/strong> : Non<br \/>\n<strong>M\u00e9moire stockage (ROM)<\/strong> : 256 Go<\/p>\n<p><strong>Appareil Photo Arri\u00e8re<\/strong> : Triple capteur<\/p>\n<ul>\n<li>50 MP, f\/1.88 (grand angle), OIS<\/li>\n<li>8 MP, f\/2.2 (ultra grand angle)<\/li>\n<li>2 MP, f\/2.4 (macro)<\/li>\n<li>Vid\u00e9o : jusqu\u2019\u00e0 4K \u00e0 30 fps<\/li>\n<li>Flash LED<\/li>\n<\/ul>\n<p><strong>Appareil Photo Selfie<\/strong> : 16 MP, f\/2.45 (grand angle)<\/p>\n<ul>\n<li>Vid\u00e9o : jusqu\u2019\u00e0 1080p \u00e0 30 fps<\/li>\n<\/ul>\n<p><strong>Type R\u00e9seau<\/strong> : 5G + 5G Dual Mode<br \/>\n<strong>WiFi<\/strong> : Wi-Fi 6 (802.11 a\/b\/g\/n\/ac)<br \/>\n<strong>USB<\/strong> : USB Type-C<br \/>\n<strong>Bluetooth<\/strong> : 5.2<br \/>\n<strong>NFC<\/strong> : Oui<br \/>\n<strong>Prise Jack<\/strong> : Non<br \/>\n<strong>Radio FM<\/strong> : Non<\/p>\n<p><strong>Batterie<\/strong> : 5000 mAh, non amovible<br \/>\n<strong>Charge<\/strong> : 67W SUPERVOOC (50 % en 19 minutes)<\/p>","protected":false},"excerpt":{"rendered":"<p>Marque : Realme Mod\u00e8le : Realme R12 5G (8\/256 Go) R\u00e9f\u00e9rence : Dimensions (L x H x P) : 162.95<\/p>","protected":false},"featured_media":30339,"comment_status":"open","ping_status":"closed","template":"","meta":[],"product_brand":[],"product_cat":[29],"product_tag":[],"class_list":{"0":"post-29982","1":"product","2":"type-product","3":"status-publish","4":"has-post-thumbnail","6":"product_cat-telephone","8":"first","9":"instock","10":"shipping-taxable","11":"purchasable","12":"product-type-variable"},"yoast_head":"<!-- This site is optimized with the Yoast SEO plugin v24.9 - https:\/\/yoast.com\/wordpress\/plugins\/seo\/ -->\n<title>realme R12 5G 8\/256 - Maslak<\/title>\n<meta name=\"robots\" content=\"index, follow, max-snippet:-1, max-image-preview:large, max-video-preview:-1\" \/>\n<link rel=\"canonical\" href=\"https:\/\/tay-sir.com\/ar\/product\/realme-r12-5g-8-256\/\" \/>\n<meta property=\"og:locale\" content=\"ar_AR\" \/>\n<meta property=\"og:type\" content=\"article\" \/>\n<meta property=\"og:title\" content=\"realme R12 5G 8\/256 - Maslak\" \/>\n<meta property=\"og:description\" content=\"Marque : Realme Mod\u00e8le : Realme R12 5G (8\/256 Go) R\u00e9f\u00e9rence : Dimensions (L x H x P) : 162.95\" \/>\n<meta property=\"og:url\" content=\"https:\/\/tay-sir.com\/ar\/product\/realme-r12-5g-8-256\/\" \/>\n<meta property=\"og:site_name\" content=\"Maslak\" \/>\n<meta property=\"article:publisher\" content=\"https:\/\/www.facebook.com\/profile.php?id=61566201523117\" \/>\n<meta property=\"article:modified_time\" content=\"2024-12-10T08:37:13+00:00\" \/>\n<meta property=\"og:image\" content=\"https:\/\/tay-sir.com\/wp-content\/uploads\/2024\/09\/realme-R12-.jpg\" \/>\n\t<meta property=\"og:image:width\" content=\"400\" \/>\n\t<meta property=\"og:image:height\" content=\"400\" \/>\n\t<meta property=\"og:image:type\" content=\"image\/jpeg\" \/>\n<meta name=\"twitter:card\" content=\"summary_large_image\" \/>\n<meta name=\"twitter:label1\" content=\"\u0648\u0642\u062a \u0627\u0644\u0642\u0631\u0627\u0621\u0629 \u0627\u0644\u0645\u064f\u0642\u062f\u0651\u0631\" \/>\n\t<meta name=\"twitter:data1\" content=\"\u062f\u0642\u064a\u0642\u062a\u0627\u0646\" \/>\n<script type=\"application\/ld+json\" class=\"yoast-schema-graph\">{\"@context\":\"https:\/\/schema.org\",\"@graph\":[{\"@type\":\"WebPage\",\"@id\":\"https:\/\/tay-sir.com\/produit\/realme-r12-5g-8-256\/\",\"url\":\"https:\/\/tay-sir.com\/produit\/realme-r12-5g-8-256\/\",\"name\":\"realme R12 5G 8\/256 - Maslak\",\"isPartOf\":{\"@id\":\"https:\/\/tay-sir.com\/ar\/#website\"},\"primaryImageOfPage\":{\"@id\":\"https:\/\/tay-sir.com\/produit\/realme-r12-5g-8-256\/#primaryimage\"},\"image\":{\"@id\":\"https:\/\/tay-sir.com\/produit\/realme-r12-5g-8-256\/#primaryimage\"},\"thumbnailUrl\":\"https:\/\/tay-sir.com\/wp-content\/uploads\/2024\/09\/realme-R12-.jpg\",\"datePublished\":\"2024-09-08T15:19:05+00:00\",\"dateModified\":\"2024-12-10T08:37:13+00:00\",\"breadcrumb\":{\"@id\":\"https:\/\/tay-sir.com\/produit\/realme-r12-5g-8-256\/#breadcrumb\"},\"inLanguage\":\"ar\",\"potentialAction\":[{\"@type\":\"ReadAction\",\"target\":[\"https:\/\/tay-sir.com\/produit\/realme-r12-5g-8-256\/\"]}]},{\"@type\":\"ImageObject\",\"inLanguage\":\"ar\",\"@id\":\"https:\/\/tay-sir.com\/produit\/realme-r12-5g-8-256\/#primaryimage\",\"url\":\"https:\/\/tay-sir.com\/wp-content\/uploads\/2024\/09\/realme-R12-.jpg\",\"contentUrl\":\"https:\/\/tay-sir.com\/wp-content\/uploads\/2024\/09\/realme-R12-.jpg\",\"width\":400,\"height\":400},{\"@type\":\"BreadcrumbList\",\"@id\":\"https:\/\/tay-sir.com\/produit\/realme-r12-5g-8-256\/#breadcrumb\",\"itemListElement\":[{\"@type\":\"ListItem\",\"position\":1,\"name\":\"Home\",\"item\":\"https:\/\/tay-sir.com\/ar\/\"},{\"@type\":\"ListItem\",\"position\":2,\"name\":\"Boutique\",\"item\":\"https:\/\/tay-sir.com\/boutique\/\"},{\"@type\":\"ListItem\",\"position\":3,\"name\":\"realme R12 5G 8\/256\"}]},{\"@type\":\"WebSite\",\"@id\":\"https:\/\/tay-sir.com\/ar\/#website\",\"url\":\"https:\/\/tay-sir.com\/ar\/\",\"name\":\"TAY-SIR.com\",\"description\":\"plateforme e-commerce avec financement islamique digital en ligne\",\"publisher\":{\"@id\":\"https:\/\/tay-sir.com\/ar\/#organization\"},\"potentialAction\":[{\"@type\":\"SearchAction\",\"target\":{\"@type\":\"EntryPoint\",\"urlTemplate\":\"https:\/\/tay-sir.com\/ar\/?s={search_term_string}\"},\"query-input\":{\"@type\":\"PropertyValueSpecification\",\"valueRequired\":true,\"valueName\":\"search_term_string\"}}],\"inLanguage\":\"ar\"},{\"@type\":\"Organization\",\"@id\":\"https:\/\/tay-sir.com\/ar\/#organization\",\"name\":\"Taysir\",\"url\":\"https:\/\/tay-sir.com\/ar\/\",\"logo\":{\"@type\":\"ImageObject\",\"inLanguage\":\"ar\",\"@id\":\"https:\/\/tay-sir.com\/ar\/#\/schema\/logo\/image\/\",\"url\":\"https:\/\/tay-sir.com\/wp-content\/uploads\/2024\/10\/profil.jpg\",\"contentUrl\":\"https:\/\/tay-sir.com\/wp-content\/uploads\/2024\/10\/profil.jpg\",\"width\":1024,\"height\":1024,\"caption\":\"Taysir\"},\"image\":{\"@id\":\"https:\/\/tay-sir.com\/ar\/#\/schema\/logo\/image\/\"},\"sameAs\":[\"https:\/\/www.facebook.com\/profile.php?id=61566201523117\",\"https:\/\/www.tiktok.com\/@taysir31000?fbclid=IwY2xjawFor1xleHRuA2FlbQIxMAABHQqa6Ko0Z_QFAZb-7Bltxo0G0y0YuIXxVxPenEAWDkGyOgZp7D3Bq1oJAA_aem_TiTB-X9kxzhzORQbwqQiYw\",\"https:\/\/www.instagram.com\/taysirfacilite\/\"]}]}<\/script>\n<!-- \/ Yoast SEO plugin. -->","yoast_head_json":{"title":"realme R12 5G 8\/256 - Maslak","robots":{"index":"index","follow":"follow","max-snippet":"max-snippet:-1","max-image-preview":"max-image-preview:large","max-video-preview":"max-video-preview:-1"},"canonical":"https:\/\/tay-sir.com\/ar\/product\/realme-r12-5g-8-256\/","og_locale":"ar_AR","og_type":"article","og_title":"realme R12 5G 8\/256 - Maslak","og_description":"Marque : Realme Mod\u00e8le : Realme R12 5G (8\/256 Go) R\u00e9f\u00e9rence : Dimensions (L x H x P) : 162.95","og_url":"https:\/\/tay-sir.com\/ar\/product\/realme-r12-5g-8-256\/","og_site_name":"Maslak","article_publisher":"https:\/\/www.facebook.com\/profile.php?id=61566201523117","article_modified_time":"2024-12-10T08:37:13+00:00","og_image":[{"width":400,"height":400,"url":"https:\/\/tay-sir.com\/wp-content\/uploads\/2024\/09\/realme-R12-.jpg","type":"image\/jpeg"}],"twitter_card":"summary_large_image","twitter_misc":{"\u0648\u0642\u062a \u0627\u0644\u0642\u0631\u0627\u0621\u0629 \u0627\u0644\u0645\u064f\u0642\u062f\u0651\u0631":"\u062f\u0642\u064a\u0642\u062a\u0627\u0646"},"schema":{"@context":"https:\/\/schema.org","@graph":[{"@type":"WebPage","@id":"https:\/\/tay-sir.com\/produit\/realme-r12-5g-8-256\/","url":"https:\/\/tay-sir.com\/produit\/realme-r12-5g-8-256\/","name":"realme R12 5G 8\/256 - Maslak","isPartOf":{"@id":"https:\/\/tay-sir.com\/ar\/#website"},"primaryImageOfPage":{"@id":"https:\/\/tay-sir.com\/produit\/realme-r12-5g-8-256\/#primaryimage"},"image":{"@id":"https:\/\/tay-sir.com\/produit\/realme-r12-5g-8-256\/#primaryimage"},"thumbnailUrl":"https:\/\/tay-sir.com\/wp-content\/uploads\/2024\/09\/realme-R12-.jpg","datePublished":"2024-09-08T15:19:05+00:00","dateModified":"2024-12-10T08:37:13+00:00","breadcrumb":{"@id":"https:\/\/tay-sir.com\/produit\/realme-r12-5g-8-256\/#breadcrumb"},"inLanguage":"ar","potentialAction":[{"@type":"ReadAction","target":["https:\/\/tay-sir.com\/produit\/realme-r12-5g-8-256\/"]}]},{"@type":"ImageObject","inLanguage":"ar","@id":"https:\/\/tay-sir.com\/produit\/realme-r12-5g-8-256\/#primaryimage","url":"https:\/\/tay-sir.com\/wp-content\/uploads\/2024\/09\/realme-R12-.jpg","contentUrl":"https:\/\/tay-sir.com\/wp-content\/uploads\/2024\/09\/realme-R12-.jpg","width":400,"height":400},{"@type":"BreadcrumbList","@id":"https:\/\/tay-sir.com\/produit\/realme-r12-5g-8-256\/#breadcrumb","itemListElement":[{"@type":"ListItem","position":1,"name":"Home","item":"https:\/\/tay-sir.com\/ar\/"},{"@type":"ListItem","position":2,"name":"Boutique","item":"https:\/\/tay-sir.com\/boutique\/"},{"@type":"ListItem","position":3,"name":"realme R12 5G 8\/256"}]},{"@type":"WebSite","@id":"https:\/\/tay-sir.com\/ar\/#website","url":"https:\/\/tay-sir.com\/ar\/","name":"TAY-SIR.com","description":"plateforme e-commerce avec financement islamique digital en ligne","publisher":{"@id":"https:\/\/tay-sir.com\/ar\/#organization"},"potentialAction":[{"@type":"SearchAction","target":{"@type":"EntryPoint","urlTemplate":"https:\/\/tay-sir.com\/ar\/?s={search_term_string}"},"query-input":{"@type":"PropertyValueSpecification","valueRequired":true,"valueName":"search_term_string"}}],"inLanguage":"ar"},{"@type":"Organization","@id":"https:\/\/tay-sir.com\/ar\/#organization","name":"Taysir","url":"https:\/\/tay-sir.com\/ar\/","logo":{"@type":"ImageObject","inLanguage":"ar","@id":"https:\/\/tay-sir.com\/ar\/#\/schema\/logo\/image\/","url":"https:\/\/tay-sir.com\/wp-content\/uploads\/2024\/10\/profil.jpg","contentUrl":"https:\/\/tay-sir.com\/wp-content\/uploads\/2024\/10\/profil.jpg","width":1024,"height":1024,"caption":"Taysir"},"image":{"@id":"https:\/\/tay-sir.com\/ar\/#\/schema\/logo\/image\/"},"sameAs":["https:\/\/www.facebook.com\/profile.php?id=61566201523117","https:\/\/www.tiktok.com\/@taysir31000?fbclid=IwY2xjawFor1xleHRuA2FlbQIxMAABHQqa6Ko0Z_QFAZb-7Bltxo0G0y0YuIXxVxPenEAWDkGyOgZp7D3Bq1oJAA_aem_TiTB-X9kxzhzORQbwqQiYw","https:\/\/www.instagram.com\/taysirfacilite\/"]}]}},"_links":{"self":[{"href":"https:\/\/tay-sir.com\/ar\/wp-json\/wp\/v2\/product\/29982","targetHints":{"allow":["GET"]}}],"collection":[{"href":"https:\/\/tay-sir.com\/ar\/wp-json\/wp\/v2\/product"}],"about":[{"href":"https:\/\/tay-sir.com\/ar\/wp-json\/wp\/v2\/types\/product"}],"replies":[{"embeddable":true,"href":"https:\/\/tay-sir.com\/ar\/wp-json\/wp\/v2\/comments?post=29982"}],"version-history":[{"count":3,"href":"https:\/\/tay-sir.com\/ar\/wp-json\/wp\/v2\/product\/29982\/revisions"}],"predecessor-version":[{"id":33315,"href":"https:\/\/tay-sir.com\/ar\/wp-json\/wp\/v2\/product\/29982\/revisions\/33315"}],"wp:featuredmedia":[{"embeddable":true,"href":"https:\/\/tay-sir.com\/ar\/wp-json\/wp\/v2\/media\/30339"}],"wp:attachment":[{"href":"https:\/\/tay-sir.com\/ar\/wp-json\/wp\/v2\/media?parent=29982"}],"wp:term":[{"taxonomy":"product_brand","embeddable":true,"href":"https:\/\/tay-sir.com\/ar\/wp-json\/wp\/v2\/product_brand?post=29982"},{"taxonomy":"product_cat","embeddable":true,"href":"https:\/\/tay-sir.com\/ar\/wp-json\/wp\/v2\/product_cat?post=29982"},{"taxonomy":"product_tag","embeddable":true,"href":"https:\/\/tay-sir.com\/ar\/wp-json\/wp\/v2\/product_tag?post=29982"}],"curies":[{"name":"wp","href":"https:\/\/api.w.org\/{rel}","templated":true}]}}