{"id":29984,"date":"2024-09-08T16:19:06","date_gmt":"2024-09-08T15:19:06","guid":{"rendered":"https:\/\/tay-sir.com\/produit\/realme-c65-8-256\/"},"modified":"2024-12-10T09:32:08","modified_gmt":"2024-12-10T08:32:08","slug":"realme-c65-8-256","status":"publish","type":"product","link":"https:\/\/tay-sir.com\/ar\/product\/realme-c65-8-256\/","title":{"rendered":"realme c65 8\/256"},"content":{"rendered":"<h3><strong>Marque : Realme<\/strong><\/h3>\n<p><strong>Mod\u00e8le : Realme C65 (8\/256)<\/strong><br \/>\n<strong>R\u00e9f\u00e9rence :<\/strong> RMX3910<\/p>\n<hr \/>\n<h3><strong>Dimensions et Poids<\/strong><\/h3>\n<ul>\n<li><strong>Dimensions (L x H x P)<\/strong> : 164.6 x 76.1 x 7.64 mm<\/li>\n<li><strong>Poids :<\/strong> 185 g<\/li>\n<li><strong>Type de carte SIM :<\/strong> Nano SIM<\/li>\n<li><strong>Double SIM :<\/strong> Oui (double SIM avec slot d\u00e9di\u00e9 pour carte microSD)<\/li>\n<\/ul>\n<hr \/>\n<h3><strong>\u00c9cran<\/strong><\/h3>\n<ul>\n<li><strong>Type :<\/strong> IPS LCD<\/li>\n<li><strong>Taille :<\/strong> 6.67 pouces<\/li>\n<li><strong>R\u00e9solution :<\/strong> 720 x 1604 pixels<\/li>\n<li><strong>Densit\u00e9 :<\/strong> ~264 ppi<\/li>\n<li><strong>Taux de rafra\u00eechissement :<\/strong> 90 Hz<\/li>\n<li><strong>Luminosit\u00e9 max :<\/strong> 625 nits<\/li>\n<li><strong>Protection :<\/strong> Non sp\u00e9cifi\u00e9e<\/li>\n<\/ul>\n<hr \/>\n<h3><strong>Syst\u00e8me et Performances<\/strong><\/h3>\n<ul>\n<li><strong>Syst\u00e8me d\u2019exploitation :<\/strong> Android 14 avec Realme UI 5.0<\/li>\n<li><strong>Chipset :<\/strong> MediaTek Helio G85 (12 nm)<\/li>\n<li><strong>Processeur (CPU) :<\/strong> Octa-core (2 x Cortex-A75 2.0 GHz + 6 x Cortex-A55 1.8 GHz)<\/li>\n<li><strong>Puce Graphique (GPU) :<\/strong> ARM Mali-G52 MC2<\/li>\n<\/ul>\n<hr \/>\n<h3><strong>M\u00e9moire<\/strong><\/h3>\n<ul>\n<li><strong>RAM :<\/strong> 8 Go (LPDDR4x)<\/li>\n<li><strong>Stockage Interne :<\/strong> 256 Go<\/li>\n<li><strong>Extension :<\/strong> Jusqu\u2019\u00e0 2 To via microSD<\/li>\n<\/ul>\n<hr \/>\n<h3><strong>Appareils Photo<\/strong><\/h3>\n<p><strong>Arri\u00e8re :<\/strong><\/p>\n<ul>\n<li>50 MP, f\/1.8 (standard)<\/li>\n<li>2 MP, f\/2.4 (profondeur)<\/li>\n<li><strong>Modes :<\/strong> Nuit, HDR, Portrait, Panorama, Vid\u00e9o 1080p@30fps<\/li>\n<\/ul>\n<p><strong>Avant :<\/strong><\/p>\n<ul>\n<li>8 MP, f\/2.05<\/li>\n<li><strong>Modes :<\/strong> Portrait, Vid\u00e9o 1080p@30fps<\/li>\n<\/ul>\n<hr \/>\n<h3><strong>Connectivit\u00e9 et R\u00e9seaux<\/strong><\/h3>\n<ul>\n<li><strong>R\u00e9seaux :<\/strong> 4G LTE<\/li>\n<li><strong>Wi-Fi :<\/strong> Wi-Fi 802.11 a\/b\/g\/n\/ac<\/li>\n<li><strong>Bluetooth :<\/strong> 5.0<\/li>\n<li><strong>Port USB :<\/strong> Type-C 2.0<\/li>\n<li><strong>Jack 3.5 mm :<\/strong> Oui<\/li>\n<li><strong>GPS :<\/strong> GPS, GLONASS, Galileo, Beidou<\/li>\n<\/ul>\n<hr \/>\n<h3><strong>Batterie<\/strong><\/h3>\n<ul>\n<li><strong>Capacit\u00e9 :<\/strong> 5000 mAh<\/li>\n<li><strong>Charge Rapide :<\/strong> 45W (chargeur inclus)<\/li>\n<\/ul>\n<hr \/>\n<h3><strong>Capteurs<\/strong><\/h3>\n<ul>\n<li>Lecteur d\u2019empreintes (mont\u00e9 sur le c\u00f4t\u00e9)<\/li>\n<li>Acc\u00e9l\u00e9rom\u00e8tre<\/li>\n<li>Gyroscope<\/li>\n<li>Capteur de proximit\u00e9<\/li>\n<li>Boussole<\/li>\n<\/ul>","protected":false},"excerpt":{"rendered":"<p>Marque : Realme Mod\u00e8le : Realme C65 (8\/256) R\u00e9f\u00e9rence : RMX3910 Dimensions et Poids Dimensions (L x H x P)<\/p>","protected":false},"featured_media":30336,"comment_status":"open","ping_status":"closed","template":"","meta":[],"product_brand":[],"product_cat":[29],"product_tag":[],"class_list":{"0":"post-29984","1":"product","2":"type-product","3":"status-publish","4":"has-post-thumbnail","6":"product_cat-telephone","8":"first","9":"instock","10":"shipping-taxable","11":"purchasable","12":"product-type-variable"},"yoast_head":"<!-- This site is optimized with the Yoast SEO plugin v24.9 - https:\/\/yoast.com\/wordpress\/plugins\/seo\/ -->\n<title>realme c65 8\/256 - Maslak<\/title>\n<meta name=\"robots\" content=\"index, follow, max-snippet:-1, max-image-preview:large, max-video-preview:-1\" \/>\n<link rel=\"canonical\" href=\"https:\/\/tay-sir.com\/ar\/product\/realme-c65-8-256\/\" \/>\n<meta property=\"og:locale\" content=\"ar_AR\" \/>\n<meta property=\"og:type\" content=\"article\" \/>\n<meta property=\"og:title\" content=\"realme c65 8\/256 - Maslak\" \/>\n<meta property=\"og:description\" content=\"Marque : Realme Mod\u00e8le : Realme C65 (8\/256) R\u00e9f\u00e9rence : RMX3910 Dimensions et Poids Dimensions (L x H x P)\" \/>\n<meta property=\"og:url\" content=\"https:\/\/tay-sir.com\/ar\/product\/realme-c65-8-256\/\" \/>\n<meta property=\"og:site_name\" content=\"Maslak\" \/>\n<meta property=\"article:publisher\" content=\"https:\/\/www.facebook.com\/profile.php?id=61566201523117\" \/>\n<meta property=\"article:modified_time\" content=\"2024-12-10T08:32:08+00:00\" \/>\n<meta property=\"og:image\" content=\"https:\/\/tay-sir.com\/wp-content\/uploads\/2024\/09\/realme-c65.jpg\" \/>\n\t<meta property=\"og:image:width\" content=\"400\" \/>\n\t<meta property=\"og:image:height\" content=\"400\" \/>\n\t<meta property=\"og:image:type\" content=\"image\/jpeg\" \/>\n<meta name=\"twitter:card\" content=\"summary_large_image\" \/>\n<meta name=\"twitter:label1\" content=\"\u0648\u0642\u062a \u0627\u0644\u0642\u0631\u0627\u0621\u0629 \u0627\u0644\u0645\u064f\u0642\u062f\u0651\u0631\" \/>\n\t<meta name=\"twitter:data1\" content=\"\u062f\u0642\u064a\u0642\u062a\u0627\u0646\" \/>\n<script type=\"application\/ld+json\" class=\"yoast-schema-graph\">{\"@context\":\"https:\/\/schema.org\",\"@graph\":[{\"@type\":\"WebPage\",\"@id\":\"https:\/\/tay-sir.com\/produit\/realme-c65-8-256\/\",\"url\":\"https:\/\/tay-sir.com\/produit\/realme-c65-8-256\/\",\"name\":\"realme c65 8\/256 - Maslak\",\"isPartOf\":{\"@id\":\"https:\/\/tay-sir.com\/ar\/#website\"},\"primaryImageOfPage\":{\"@id\":\"https:\/\/tay-sir.com\/produit\/realme-c65-8-256\/#primaryimage\"},\"image\":{\"@id\":\"https:\/\/tay-sir.com\/produit\/realme-c65-8-256\/#primaryimage\"},\"thumbnailUrl\":\"https:\/\/tay-sir.com\/wp-content\/uploads\/2024\/09\/realme-c65.jpg\",\"datePublished\":\"2024-09-08T15:19:06+00:00\",\"dateModified\":\"2024-12-10T08:32:08+00:00\",\"breadcrumb\":{\"@id\":\"https:\/\/tay-sir.com\/produit\/realme-c65-8-256\/#breadcrumb\"},\"inLanguage\":\"ar\",\"potentialAction\":[{\"@type\":\"ReadAction\",\"target\":[\"https:\/\/tay-sir.com\/produit\/realme-c65-8-256\/\"]}]},{\"@type\":\"ImageObject\",\"inLanguage\":\"ar\",\"@id\":\"https:\/\/tay-sir.com\/produit\/realme-c65-8-256\/#primaryimage\",\"url\":\"https:\/\/tay-sir.com\/wp-content\/uploads\/2024\/09\/realme-c65.jpg\",\"contentUrl\":\"https:\/\/tay-sir.com\/wp-content\/uploads\/2024\/09\/realme-c65.jpg\",\"width\":400,\"height\":400},{\"@type\":\"BreadcrumbList\",\"@id\":\"https:\/\/tay-sir.com\/produit\/realme-c65-8-256\/#breadcrumb\",\"itemListElement\":[{\"@type\":\"ListItem\",\"position\":1,\"name\":\"Home\",\"item\":\"https:\/\/tay-sir.com\/ar\/\"},{\"@type\":\"ListItem\",\"position\":2,\"name\":\"Boutique\",\"item\":\"https:\/\/tay-sir.com\/boutique\/\"},{\"@type\":\"ListItem\",\"position\":3,\"name\":\"realme c65 8\/256\"}]},{\"@type\":\"WebSite\",\"@id\":\"https:\/\/tay-sir.com\/ar\/#website\",\"url\":\"https:\/\/tay-sir.com\/ar\/\",\"name\":\"TAY-SIR.com\",\"description\":\"plateforme e-commerce avec financement islamique digital en ligne\",\"publisher\":{\"@id\":\"https:\/\/tay-sir.com\/ar\/#organization\"},\"potentialAction\":[{\"@type\":\"SearchAction\",\"target\":{\"@type\":\"EntryPoint\",\"urlTemplate\":\"https:\/\/tay-sir.com\/ar\/?s={search_term_string}\"},\"query-input\":{\"@type\":\"PropertyValueSpecification\",\"valueRequired\":true,\"valueName\":\"search_term_string\"}}],\"inLanguage\":\"ar\"},{\"@type\":\"Organization\",\"@id\":\"https:\/\/tay-sir.com\/ar\/#organization\",\"name\":\"Taysir\",\"url\":\"https:\/\/tay-sir.com\/ar\/\",\"logo\":{\"@type\":\"ImageObject\",\"inLanguage\":\"ar\",\"@id\":\"https:\/\/tay-sir.com\/ar\/#\/schema\/logo\/image\/\",\"url\":\"https:\/\/tay-sir.com\/wp-content\/uploads\/2024\/10\/profil.jpg\",\"contentUrl\":\"https:\/\/tay-sir.com\/wp-content\/uploads\/2024\/10\/profil.jpg\",\"width\":1024,\"height\":1024,\"caption\":\"Taysir\"},\"image\":{\"@id\":\"https:\/\/tay-sir.com\/ar\/#\/schema\/logo\/image\/\"},\"sameAs\":[\"https:\/\/www.facebook.com\/profile.php?id=61566201523117\",\"https:\/\/www.tiktok.com\/@taysir31000?fbclid=IwY2xjawFor1xleHRuA2FlbQIxMAABHQqa6Ko0Z_QFAZb-7Bltxo0G0y0YuIXxVxPenEAWDkGyOgZp7D3Bq1oJAA_aem_TiTB-X9kxzhzORQbwqQiYw\",\"https:\/\/www.instagram.com\/taysirfacilite\/\"]}]}<\/script>\n<!-- \/ Yoast SEO plugin. -->","yoast_head_json":{"title":"realme c65 8\/256 - Maslak","robots":{"index":"index","follow":"follow","max-snippet":"max-snippet:-1","max-image-preview":"max-image-preview:large","max-video-preview":"max-video-preview:-1"},"canonical":"https:\/\/tay-sir.com\/ar\/product\/realme-c65-8-256\/","og_locale":"ar_AR","og_type":"article","og_title":"realme c65 8\/256 - Maslak","og_description":"Marque : Realme Mod\u00e8le : Realme C65 (8\/256) R\u00e9f\u00e9rence : RMX3910 Dimensions et Poids Dimensions (L x H x P)","og_url":"https:\/\/tay-sir.com\/ar\/product\/realme-c65-8-256\/","og_site_name":"Maslak","article_publisher":"https:\/\/www.facebook.com\/profile.php?id=61566201523117","article_modified_time":"2024-12-10T08:32:08+00:00","og_image":[{"width":400,"height":400,"url":"https:\/\/tay-sir.com\/wp-content\/uploads\/2024\/09\/realme-c65.jpg","type":"image\/jpeg"}],"twitter_card":"summary_large_image","twitter_misc":{"\u0648\u0642\u062a \u0627\u0644\u0642\u0631\u0627\u0621\u0629 \u0627\u0644\u0645\u064f\u0642\u062f\u0651\u0631":"\u062f\u0642\u064a\u0642\u062a\u0627\u0646"},"schema":{"@context":"https:\/\/schema.org","@graph":[{"@type":"WebPage","@id":"https:\/\/tay-sir.com\/produit\/realme-c65-8-256\/","url":"https:\/\/tay-sir.com\/produit\/realme-c65-8-256\/","name":"realme c65 8\/256 - Maslak","isPartOf":{"@id":"https:\/\/tay-sir.com\/ar\/#website"},"primaryImageOfPage":{"@id":"https:\/\/tay-sir.com\/produit\/realme-c65-8-256\/#primaryimage"},"image":{"@id":"https:\/\/tay-sir.com\/produit\/realme-c65-8-256\/#primaryimage"},"thumbnailUrl":"https:\/\/tay-sir.com\/wp-content\/uploads\/2024\/09\/realme-c65.jpg","datePublished":"2024-09-08T15:19:06+00:00","dateModified":"2024-12-10T08:32:08+00:00","breadcrumb":{"@id":"https:\/\/tay-sir.com\/produit\/realme-c65-8-256\/#breadcrumb"},"inLanguage":"ar","potentialAction":[{"@type":"ReadAction","target":["https:\/\/tay-sir.com\/produit\/realme-c65-8-256\/"]}]},{"@type":"ImageObject","inLanguage":"ar","@id":"https:\/\/tay-sir.com\/produit\/realme-c65-8-256\/#primaryimage","url":"https:\/\/tay-sir.com\/wp-content\/uploads\/2024\/09\/realme-c65.jpg","contentUrl":"https:\/\/tay-sir.com\/wp-content\/uploads\/2024\/09\/realme-c65.jpg","width":400,"height":400},{"@type":"BreadcrumbList","@id":"https:\/\/tay-sir.com\/produit\/realme-c65-8-256\/#breadcrumb","itemListElement":[{"@type":"ListItem","position":1,"name":"Home","item":"https:\/\/tay-sir.com\/ar\/"},{"@type":"ListItem","position":2,"name":"Boutique","item":"https:\/\/tay-sir.com\/boutique\/"},{"@type":"ListItem","position":3,"name":"realme c65 8\/256"}]},{"@type":"WebSite","@id":"https:\/\/tay-sir.com\/ar\/#website","url":"https:\/\/tay-sir.com\/ar\/","name":"TAY-SIR.com","description":"plateforme e-commerce avec financement islamique digital en ligne","publisher":{"@id":"https:\/\/tay-sir.com\/ar\/#organization"},"potentialAction":[{"@type":"SearchAction","target":{"@type":"EntryPoint","urlTemplate":"https:\/\/tay-sir.com\/ar\/?s={search_term_string}"},"query-input":{"@type":"PropertyValueSpecification","valueRequired":true,"valueName":"search_term_string"}}],"inLanguage":"ar"},{"@type":"Organization","@id":"https:\/\/tay-sir.com\/ar\/#organization","name":"Taysir","url":"https:\/\/tay-sir.com\/ar\/","logo":{"@type":"ImageObject","inLanguage":"ar","@id":"https:\/\/tay-sir.com\/ar\/#\/schema\/logo\/image\/","url":"https:\/\/tay-sir.com\/wp-content\/uploads\/2024\/10\/profil.jpg","contentUrl":"https:\/\/tay-sir.com\/wp-content\/uploads\/2024\/10\/profil.jpg","width":1024,"height":1024,"caption":"Taysir"},"image":{"@id":"https:\/\/tay-sir.com\/ar\/#\/schema\/logo\/image\/"},"sameAs":["https:\/\/www.facebook.com\/profile.php?id=61566201523117","https:\/\/www.tiktok.com\/@taysir31000?fbclid=IwY2xjawFor1xleHRuA2FlbQIxMAABHQqa6Ko0Z_QFAZb-7Bltxo0G0y0YuIXxVxPenEAWDkGyOgZp7D3Bq1oJAA_aem_TiTB-X9kxzhzORQbwqQiYw","https:\/\/www.instagram.com\/taysirfacilite\/"]}]}},"_links":{"self":[{"href":"https:\/\/tay-sir.com\/ar\/wp-json\/wp\/v2\/product\/29984","targetHints":{"allow":["GET"]}}],"collection":[{"href":"https:\/\/tay-sir.com\/ar\/wp-json\/wp\/v2\/product"}],"about":[{"href":"https:\/\/tay-sir.com\/ar\/wp-json\/wp\/v2\/types\/product"}],"replies":[{"embeddable":true,"href":"https:\/\/tay-sir.com\/ar\/wp-json\/wp\/v2\/comments?post=29984"}],"version-history":[{"count":3,"href":"https:\/\/tay-sir.com\/ar\/wp-json\/wp\/v2\/product\/29984\/revisions"}],"predecessor-version":[{"id":33313,"href":"https:\/\/tay-sir.com\/ar\/wp-json\/wp\/v2\/product\/29984\/revisions\/33313"}],"wp:featuredmedia":[{"embeddable":true,"href":"https:\/\/tay-sir.com\/ar\/wp-json\/wp\/v2\/media\/30336"}],"wp:attachment":[{"href":"https:\/\/tay-sir.com\/ar\/wp-json\/wp\/v2\/media?parent=29984"}],"wp:term":[{"taxonomy":"product_brand","embeddable":true,"href":"https:\/\/tay-sir.com\/ar\/wp-json\/wp\/v2\/product_brand?post=29984"},{"taxonomy":"product_cat","embeddable":true,"href":"https:\/\/tay-sir.com\/ar\/wp-json\/wp\/v2\/product_cat?post=29984"},{"taxonomy":"product_tag","embeddable":true,"href":"https:\/\/tay-sir.com\/ar\/wp-json\/wp\/v2\/product_tag?post=29984"}],"curies":[{"name":"wp","href":"https:\/\/api.w.org\/{rel}","templated":true}]}}