{"id":29992,"date":"2024-09-08T16:19:10","date_gmt":"2024-09-08T15:19:10","guid":{"rendered":"https:\/\/tay-sir.com\/produit\/realme-c51-4-128\/"},"modified":"2024-12-10T09:51:06","modified_gmt":"2024-12-10T08:51:06","slug":"realme-c51-4-128","status":"publish","type":"product","link":"https:\/\/tay-sir.com\/ar\/product\/realme-c51-4-128\/","title":{"rendered":"realme c51 4\/128"},"content":{"rendered":"<p><strong>Marque<\/strong> : Realme<br \/>\n<strong>Mod\u00e8le<\/strong> : Realme C51<br \/>\n<strong>R\u00e9f\u00e9rence<\/strong> : RMX3830<\/p>\n<hr \/>\n<p><strong>Dimensions (L x H x P)<\/strong> : 167,2 x 76,7 x 7,99 mm<br \/>\n<strong>Poids<\/strong> : 186 g<br \/>\n<strong>Type de carte SIM<\/strong> : Nano SIM<br \/>\n<strong>Double SIM<\/strong> : Oui<br \/>\n<strong>\u00c9tanch\u00e9it\u00e9<\/strong> : Non<\/p>\n<hr \/>\n<p><strong>Type d\u2019\u00e9cran<\/strong> : IPS LCD, 90 Hz, Mini Capsule<br \/>\n<strong>Taille d\u2019\u00e9cran<\/strong> : 6,74 pouces<br \/>\n<strong>R\u00e9solution d\u2019\u00e9cran<\/strong> : HD+ 1600 x 720 pixels<br \/>\n<strong>Densit\u00e9<\/strong> : 260 ppi<br \/>\n<strong>Luminosit\u00e9<\/strong> : 450 nits (typ.), 560 nits (pic)<\/p>\n<hr \/>\n<p><strong>Syst\u00e8me d\u2019exploitation<\/strong> : Android 13 avec Realme UI T Edition<br \/>\n<strong>Chipset<\/strong> : Unisoc Tiger T612 (12 nm)<br \/>\n<strong>Processeur (CPU)<\/strong> : Octa-core (2&#215;1.8 GHz Cortex-A75 &amp; 6&#215;1.8 GHz Cortex-A55)<br \/>\n<strong>Puce graphique (GPU)<\/strong> : Mali-G57 MP1<\/p>\n<hr \/>\n<p><strong>M\u00e9moire vive (RAM)<\/strong> : 4 Go LPDDR4X<br \/>\n<strong>Stockage interne<\/strong> : 128 Go eMMC 5.1<br \/>\n<strong>Extension m\u00e9moire<\/strong> : microSD, jusqu&rsquo;\u00e0 2 To<\/p>\n<hr \/>\n<p><strong>Appareil photo principal<\/strong> :<\/p>\n<ul>\n<li><strong>50 MP<\/strong> : f\/1.8 (grand-angle), PDAF<\/li>\n<li><strong>0,8 MP<\/strong> : capteur de profondeur<br \/>\n<strong>Modes cam\u00e9ra<\/strong> : HDR, panorama, mode nuit, vid\u00e9o 1080p@30fps<\/li>\n<\/ul>\n<p><strong>Appareil photo frontal<\/strong> :<\/p>\n<ul>\n<li><strong>5 MP<\/strong> : f\/2.2, vid\u00e9o 720p@30fps<\/li>\n<\/ul>\n<hr \/>\n<p><strong>Type de r\u00e9seau<\/strong> : 4G LTE<br \/>\n<strong>Wi-Fi<\/strong> : Wi-Fi 802.11 a\/b\/g\/n\/ac, dual-band<br \/>\n<strong>Bluetooth<\/strong> : 5.0<br \/>\n<strong>USB<\/strong> : Type-C 2.0<br \/>\n<strong>Prise Jack<\/strong> : Oui, 3,5 mm<br \/>\n<strong>NFC<\/strong> : Oui (selon r\u00e9gion)<br \/>\n<strong>Capteurs<\/strong> : Empreinte digitale lat\u00e9rale, acc\u00e9l\u00e9rom\u00e8tre, gyroscope, proximit\u00e9, boussole<\/p>\n<hr \/>\n<p><strong>Batterie<\/strong> :<\/p>\n<ul>\n<li><strong>Capacit\u00e9<\/strong> : 5000 mAh<\/li>\n<li><strong>Charge rapide<\/strong> : 33 W (50 % en 28 min annonc\u00e9s)<\/li>\n<\/ul>","protected":false},"excerpt":{"rendered":"<p>Marque : Realme Mod\u00e8le : Realme C51 R\u00e9f\u00e9rence : RMX3830 Dimensions (L x H x P) : 167,2 x 76,7<\/p>","protected":false},"featured_media":29991,"comment_status":"open","ping_status":"closed","template":"","meta":[],"product_brand":[],"product_cat":[29],"product_tag":[],"class_list":{"0":"post-29992","1":"product","2":"type-product","3":"status-publish","4":"has-post-thumbnail","6":"product_cat-telephone","8":"first","9":"instock","10":"shipping-taxable","11":"purchasable","12":"product-type-variable"},"yoast_head":"<!-- This site is optimized with the Yoast SEO plugin v24.9 - https:\/\/yoast.com\/wordpress\/plugins\/seo\/ -->\n<title>realme c51 4\/128 - Maslak<\/title>\n<meta name=\"robots\" content=\"index, follow, max-snippet:-1, max-image-preview:large, max-video-preview:-1\" \/>\n<link rel=\"canonical\" href=\"https:\/\/tay-sir.com\/ar\/product\/realme-c51-4-128\/\" \/>\n<meta property=\"og:locale\" content=\"ar_AR\" \/>\n<meta property=\"og:type\" content=\"article\" \/>\n<meta property=\"og:title\" content=\"realme c51 4\/128 - Maslak\" \/>\n<meta property=\"og:description\" content=\"Marque : Realme Mod\u00e8le : Realme C51 R\u00e9f\u00e9rence : RMX3830 Dimensions (L x H x P) : 167,2 x 76,7\" \/>\n<meta property=\"og:url\" content=\"https:\/\/tay-sir.com\/ar\/product\/realme-c51-4-128\/\" \/>\n<meta property=\"og:site_name\" content=\"Maslak\" \/>\n<meta property=\"article:publisher\" content=\"https:\/\/www.facebook.com\/profile.php?id=61566201523117\" \/>\n<meta property=\"article:modified_time\" content=\"2024-12-10T08:51:06+00:00\" \/>\n<meta property=\"og:image\" content=\"https:\/\/tay-sir.com\/wp-content\/uploads\/2024\/09\/smartphone-realme-c51-4go-128go-noir-carbone.jpg\" \/>\n\t<meta property=\"og:image:width\" content=\"700\" \/>\n\t<meta property=\"og:image:height\" content=\"700\" \/>\n\t<meta property=\"og:image:type\" content=\"image\/jpeg\" \/>\n<meta name=\"twitter:card\" content=\"summary_large_image\" \/>\n<meta name=\"twitter:label1\" content=\"\u0648\u0642\u062a \u0627\u0644\u0642\u0631\u0627\u0621\u0629 \u0627\u0644\u0645\u064f\u0642\u062f\u0651\u0631\" \/>\n\t<meta name=\"twitter:data1\" content=\"\u062f\u0642\u064a\u0642\u062a\u0627\u0646\" \/>\n<script type=\"application\/ld+json\" class=\"yoast-schema-graph\">{\"@context\":\"https:\/\/schema.org\",\"@graph\":[{\"@type\":\"WebPage\",\"@id\":\"https:\/\/tay-sir.com\/produit\/realme-c51-4-128\/\",\"url\":\"https:\/\/tay-sir.com\/produit\/realme-c51-4-128\/\",\"name\":\"realme c51 4\/128 - Maslak\",\"isPartOf\":{\"@id\":\"https:\/\/tay-sir.com\/ar\/#website\"},\"primaryImageOfPage\":{\"@id\":\"https:\/\/tay-sir.com\/produit\/realme-c51-4-128\/#primaryimage\"},\"image\":{\"@id\":\"https:\/\/tay-sir.com\/produit\/realme-c51-4-128\/#primaryimage\"},\"thumbnailUrl\":\"https:\/\/tay-sir.com\/wp-content\/uploads\/2024\/09\/smartphone-realme-c51-4go-128go-noir-carbone.jpg\",\"datePublished\":\"2024-09-08T15:19:10+00:00\",\"dateModified\":\"2024-12-10T08:51:06+00:00\",\"breadcrumb\":{\"@id\":\"https:\/\/tay-sir.com\/produit\/realme-c51-4-128\/#breadcrumb\"},\"inLanguage\":\"ar\",\"potentialAction\":[{\"@type\":\"ReadAction\",\"target\":[\"https:\/\/tay-sir.com\/produit\/realme-c51-4-128\/\"]}]},{\"@type\":\"ImageObject\",\"inLanguage\":\"ar\",\"@id\":\"https:\/\/tay-sir.com\/produit\/realme-c51-4-128\/#primaryimage\",\"url\":\"https:\/\/tay-sir.com\/wp-content\/uploads\/2024\/09\/smartphone-realme-c51-4go-128go-noir-carbone.jpg\",\"contentUrl\":\"https:\/\/tay-sir.com\/wp-content\/uploads\/2024\/09\/smartphone-realme-c51-4go-128go-noir-carbone.jpg\",\"width\":700,\"height\":700},{\"@type\":\"BreadcrumbList\",\"@id\":\"https:\/\/tay-sir.com\/produit\/realme-c51-4-128\/#breadcrumb\",\"itemListElement\":[{\"@type\":\"ListItem\",\"position\":1,\"name\":\"Home\",\"item\":\"https:\/\/tay-sir.com\/ar\/\"},{\"@type\":\"ListItem\",\"position\":2,\"name\":\"Boutique\",\"item\":\"https:\/\/tay-sir.com\/boutique\/\"},{\"@type\":\"ListItem\",\"position\":3,\"name\":\"realme c51 4\/128\"}]},{\"@type\":\"WebSite\",\"@id\":\"https:\/\/tay-sir.com\/ar\/#website\",\"url\":\"https:\/\/tay-sir.com\/ar\/\",\"name\":\"TAY-SIR.com\",\"description\":\"plateforme e-commerce avec financement islamique digital en ligne\",\"publisher\":{\"@id\":\"https:\/\/tay-sir.com\/ar\/#organization\"},\"potentialAction\":[{\"@type\":\"SearchAction\",\"target\":{\"@type\":\"EntryPoint\",\"urlTemplate\":\"https:\/\/tay-sir.com\/ar\/?s={search_term_string}\"},\"query-input\":{\"@type\":\"PropertyValueSpecification\",\"valueRequired\":true,\"valueName\":\"search_term_string\"}}],\"inLanguage\":\"ar\"},{\"@type\":\"Organization\",\"@id\":\"https:\/\/tay-sir.com\/ar\/#organization\",\"name\":\"Taysir\",\"url\":\"https:\/\/tay-sir.com\/ar\/\",\"logo\":{\"@type\":\"ImageObject\",\"inLanguage\":\"ar\",\"@id\":\"https:\/\/tay-sir.com\/ar\/#\/schema\/logo\/image\/\",\"url\":\"https:\/\/tay-sir.com\/wp-content\/uploads\/2024\/10\/profil.jpg\",\"contentUrl\":\"https:\/\/tay-sir.com\/wp-content\/uploads\/2024\/10\/profil.jpg\",\"width\":1024,\"height\":1024,\"caption\":\"Taysir\"},\"image\":{\"@id\":\"https:\/\/tay-sir.com\/ar\/#\/schema\/logo\/image\/\"},\"sameAs\":[\"https:\/\/www.facebook.com\/profile.php?id=61566201523117\",\"https:\/\/www.tiktok.com\/@taysir31000?fbclid=IwY2xjawFor1xleHRuA2FlbQIxMAABHQqa6Ko0Z_QFAZb-7Bltxo0G0y0YuIXxVxPenEAWDkGyOgZp7D3Bq1oJAA_aem_TiTB-X9kxzhzORQbwqQiYw\",\"https:\/\/www.instagram.com\/taysirfacilite\/\"]}]}<\/script>\n<!-- \/ Yoast SEO plugin. -->","yoast_head_json":{"title":"realme c51 4\/128 - Maslak","robots":{"index":"index","follow":"follow","max-snippet":"max-snippet:-1","max-image-preview":"max-image-preview:large","max-video-preview":"max-video-preview:-1"},"canonical":"https:\/\/tay-sir.com\/ar\/product\/realme-c51-4-128\/","og_locale":"ar_AR","og_type":"article","og_title":"realme c51 4\/128 - Maslak","og_description":"Marque : Realme Mod\u00e8le : Realme C51 R\u00e9f\u00e9rence : RMX3830 Dimensions (L x H x P) : 167,2 x 76,7","og_url":"https:\/\/tay-sir.com\/ar\/product\/realme-c51-4-128\/","og_site_name":"Maslak","article_publisher":"https:\/\/www.facebook.com\/profile.php?id=61566201523117","article_modified_time":"2024-12-10T08:51:06+00:00","og_image":[{"width":700,"height":700,"url":"https:\/\/tay-sir.com\/wp-content\/uploads\/2024\/09\/smartphone-realme-c51-4go-128go-noir-carbone.jpg","type":"image\/jpeg"}],"twitter_card":"summary_large_image","twitter_misc":{"\u0648\u0642\u062a \u0627\u0644\u0642\u0631\u0627\u0621\u0629 \u0627\u0644\u0645\u064f\u0642\u062f\u0651\u0631":"\u062f\u0642\u064a\u0642\u062a\u0627\u0646"},"schema":{"@context":"https:\/\/schema.org","@graph":[{"@type":"WebPage","@id":"https:\/\/tay-sir.com\/produit\/realme-c51-4-128\/","url":"https:\/\/tay-sir.com\/produit\/realme-c51-4-128\/","name":"realme c51 4\/128 - Maslak","isPartOf":{"@id":"https:\/\/tay-sir.com\/ar\/#website"},"primaryImageOfPage":{"@id":"https:\/\/tay-sir.com\/produit\/realme-c51-4-128\/#primaryimage"},"image":{"@id":"https:\/\/tay-sir.com\/produit\/realme-c51-4-128\/#primaryimage"},"thumbnailUrl":"https:\/\/tay-sir.com\/wp-content\/uploads\/2024\/09\/smartphone-realme-c51-4go-128go-noir-carbone.jpg","datePublished":"2024-09-08T15:19:10+00:00","dateModified":"2024-12-10T08:51:06+00:00","breadcrumb":{"@id":"https:\/\/tay-sir.com\/produit\/realme-c51-4-128\/#breadcrumb"},"inLanguage":"ar","potentialAction":[{"@type":"ReadAction","target":["https:\/\/tay-sir.com\/produit\/realme-c51-4-128\/"]}]},{"@type":"ImageObject","inLanguage":"ar","@id":"https:\/\/tay-sir.com\/produit\/realme-c51-4-128\/#primaryimage","url":"https:\/\/tay-sir.com\/wp-content\/uploads\/2024\/09\/smartphone-realme-c51-4go-128go-noir-carbone.jpg","contentUrl":"https:\/\/tay-sir.com\/wp-content\/uploads\/2024\/09\/smartphone-realme-c51-4go-128go-noir-carbone.jpg","width":700,"height":700},{"@type":"BreadcrumbList","@id":"https:\/\/tay-sir.com\/produit\/realme-c51-4-128\/#breadcrumb","itemListElement":[{"@type":"ListItem","position":1,"name":"Home","item":"https:\/\/tay-sir.com\/ar\/"},{"@type":"ListItem","position":2,"name":"Boutique","item":"https:\/\/tay-sir.com\/boutique\/"},{"@type":"ListItem","position":3,"name":"realme c51 4\/128"}]},{"@type":"WebSite","@id":"https:\/\/tay-sir.com\/ar\/#website","url":"https:\/\/tay-sir.com\/ar\/","name":"TAY-SIR.com","description":"plateforme e-commerce avec financement islamique digital en ligne","publisher":{"@id":"https:\/\/tay-sir.com\/ar\/#organization"},"potentialAction":[{"@type":"SearchAction","target":{"@type":"EntryPoint","urlTemplate":"https:\/\/tay-sir.com\/ar\/?s={search_term_string}"},"query-input":{"@type":"PropertyValueSpecification","valueRequired":true,"valueName":"search_term_string"}}],"inLanguage":"ar"},{"@type":"Organization","@id":"https:\/\/tay-sir.com\/ar\/#organization","name":"Taysir","url":"https:\/\/tay-sir.com\/ar\/","logo":{"@type":"ImageObject","inLanguage":"ar","@id":"https:\/\/tay-sir.com\/ar\/#\/schema\/logo\/image\/","url":"https:\/\/tay-sir.com\/wp-content\/uploads\/2024\/10\/profil.jpg","contentUrl":"https:\/\/tay-sir.com\/wp-content\/uploads\/2024\/10\/profil.jpg","width":1024,"height":1024,"caption":"Taysir"},"image":{"@id":"https:\/\/tay-sir.com\/ar\/#\/schema\/logo\/image\/"},"sameAs":["https:\/\/www.facebook.com\/profile.php?id=61566201523117","https:\/\/www.tiktok.com\/@taysir31000?fbclid=IwY2xjawFor1xleHRuA2FlbQIxMAABHQqa6Ko0Z_QFAZb-7Bltxo0G0y0YuIXxVxPenEAWDkGyOgZp7D3Bq1oJAA_aem_TiTB-X9kxzhzORQbwqQiYw","https:\/\/www.instagram.com\/taysirfacilite\/"]}]}},"_links":{"self":[{"href":"https:\/\/tay-sir.com\/ar\/wp-json\/wp\/v2\/product\/29992","targetHints":{"allow":["GET"]}}],"collection":[{"href":"https:\/\/tay-sir.com\/ar\/wp-json\/wp\/v2\/product"}],"about":[{"href":"https:\/\/tay-sir.com\/ar\/wp-json\/wp\/v2\/types\/product"}],"replies":[{"embeddable":true,"href":"https:\/\/tay-sir.com\/ar\/wp-json\/wp\/v2\/comments?post=29992"}],"version-history":[{"count":3,"href":"https:\/\/tay-sir.com\/ar\/wp-json\/wp\/v2\/product\/29992\/revisions"}],"predecessor-version":[{"id":33319,"href":"https:\/\/tay-sir.com\/ar\/wp-json\/wp\/v2\/product\/29992\/revisions\/33319"}],"wp:featuredmedia":[{"embeddable":true,"href":"https:\/\/tay-sir.com\/ar\/wp-json\/wp\/v2\/media\/29991"}],"wp:attachment":[{"href":"https:\/\/tay-sir.com\/ar\/wp-json\/wp\/v2\/media?parent=29992"}],"wp:term":[{"taxonomy":"product_brand","embeddable":true,"href":"https:\/\/tay-sir.com\/ar\/wp-json\/wp\/v2\/product_brand?post=29992"},{"taxonomy":"product_cat","embeddable":true,"href":"https:\/\/tay-sir.com\/ar\/wp-json\/wp\/v2\/product_cat?post=29992"},{"taxonomy":"product_tag","embeddable":true,"href":"https:\/\/tay-sir.com\/ar\/wp-json\/wp\/v2\/product_tag?post=29992"}],"curies":[{"name":"wp","href":"https:\/\/api.w.org\/{rel}","templated":true}]}}