{"id":29998,"date":"2024-09-08T16:19:12","date_gmt":"2024-09-08T15:19:12","guid":{"rendered":"https:\/\/tay-sir.com\/produit\/oppo-a38-4-128\/"},"modified":"2024-12-09T16:53:37","modified_gmt":"2024-12-09T15:53:37","slug":"oppo-a38-4-128","status":"publish","type":"product","link":"https:\/\/tay-sir.com\/ar\/product\/oppo-a38-4-128\/","title":{"rendered":"oppo A38 4\/128"},"content":{"rendered":"<p><strong>Marque<\/strong>: Oppo<br \/>\n<strong>T\u00e9l\u00e9phone Portable<\/strong>: Oppo A38 4\/128GB<br \/>\n<strong>R\u00e9f\u00e9rence<\/strong>: CPH2579<\/p>\n<p><strong>Dimension (L x H x P)<\/strong>: 163.7 x 75 x 8.2 mm<br \/>\n<strong>Poids<\/strong>: 190 g<br \/>\n<strong>Type carte SIM<\/strong>: Nano SIM<br \/>\n<strong>Double Puce (SIM)<\/strong>: Double puce (Dual Stand-by)<br \/>\n<strong>Etanch\u00e9it\u00e9<\/strong>: IP54 (r\u00e9sistance \u00e0 l&rsquo;eau et \u00e0 la poussi\u00e8re)<\/p>\n<p><strong>Type \u00c9cran<\/strong>: IPS LCD, 90Hz, 720 nits (peak)<br \/>\n<strong>Taille \u00c9cran<\/strong>: 6,56 pouces<br \/>\n<strong>R\u00e9solution \u00c9cran<\/strong>: 720 x 1612 px<br \/>\n<strong>Densit\u00e9<\/strong>: 269 ppi<br \/>\n<strong>Protection \u00c9cran<\/strong>: Aucun renseignement disponible<\/p>\n<p><strong>Syst\u00e8me<\/strong>: Android 13, ColorOS 13.1<br \/>\n<strong>Chipset<\/strong>: Mediatek Helio G85 (12 nm)<br \/>\n<strong>Processeur (CPU)<\/strong>: Octa-core (2&#215;2.0 GHz Cortex-A75 &amp; 6&#215;1.8 GHz Cortex-A55)<br \/>\n<strong>Puce Graphique (GPU)<\/strong>: Mali-G52 MC2<\/p>\n<p><strong>M\u00e9moire Vive (RAM)<\/strong>: 4 GO<br \/>\n<strong>M\u00e9moire Stockage (Disque)<\/strong>: 128 GO<br \/>\n<strong>Support carte m\u00e9moire<\/strong>: Oui, microSDXC (jusqu&rsquo;\u00e0 1 To)<\/p>\n<p><strong>Appareil Photo Arri\u00e8re<\/strong>:<\/p>\n<ul>\n<li><strong>50 MP<\/strong>, f\/1.8 (principal)<\/li>\n<li><strong>2 MP<\/strong>, f\/2.4 (profondeur)<\/li>\n<li>Vid\u00e9o : 1080p@30fps<\/li>\n<li><strong>Flash<\/strong>: LED<\/li>\n<li>Fonctionnalit\u00e9s : HDR, panorama, d\u00e9tection de sc\u00e8ne AI, mode nuit<\/li>\n<\/ul>\n<p><strong>Appareil Photo Selfie<\/strong>:<\/p>\n<ul>\n<li><strong>5 MP<\/strong>, f\/2.2<\/li>\n<li>Vid\u00e9o : 1080p@30fps<\/li>\n<li><strong>Flash<\/strong>: LED<\/li>\n<li>Fonctionnalit\u00e9s : Portrait, HDR, d\u00e9tection de visage<\/li>\n<\/ul>\n<p><strong>Type R\u00e9seau<\/strong>: 4G LTE<br \/>\n<strong>WiFi<\/strong>: Wi-Fi 5, a\/b\/g\/n\/ac, Dual-band, Wi-Fi Direct<br \/>\n<strong>Bluetooth<\/strong>: 5.3, LE, A2DP<br \/>\n<strong>USB<\/strong>: USB Type-C 2.0<br \/>\n<strong>GPS<\/strong>: GPS, BDS, GLONASS, GALILEO, QZSS<br \/>\n<strong>NFC<\/strong>: Non<br \/>\n<strong>Prise Jack 3.5mm<\/strong>: Oui<br \/>\n<strong>Radio FM<\/strong>: Non<\/p>\n<p><strong>Batterie<\/strong>:<\/p>\n<ul>\n<li><strong>Capacit\u00e9<\/strong>: 5000 mAh<\/li>\n<li><strong>Charge rapide<\/strong>: 33W (50% en 30 minutes)<\/li>\n<\/ul>\n<p><strong>Capteurs<\/strong>:<\/p>\n<ul>\n<li>Acc\u00e9l\u00e9rom\u00e8tre<\/li>\n<li>Proximit\u00e9<\/li>\n<li>Boussole<\/li>\n<li><strong>Lecteur d&#8217;empreinte<\/strong>: Capacitif, mont\u00e9 sur le c\u00f4t\u00e9<\/li>\n<li>D\u00e9verrouillage facial (2D)<\/li>\n<\/ul>","protected":false},"excerpt":{"rendered":"<p>Marque: Oppo T\u00e9l\u00e9phone Portable: Oppo A38 4\/128GB R\u00e9f\u00e9rence: CPH2579 Dimension (L x H x P): 163.7 x 75 x 8.2<\/p>","protected":false},"featured_media":29997,"comment_status":"open","ping_status":"closed","template":"","meta":[],"product_brand":[],"product_cat":[29],"product_tag":[],"class_list":{"0":"post-29998","1":"product","2":"type-product","3":"status-publish","4":"has-post-thumbnail","6":"product_cat-telephone","8":"first","9":"instock","10":"shipping-taxable","11":"purchasable","12":"product-type-variable"},"yoast_head":"<!-- This site is optimized with the Yoast SEO plugin v24.9 - https:\/\/yoast.com\/wordpress\/plugins\/seo\/ -->\n<title>oppo A38 4\/128 - Maslak<\/title>\n<meta name=\"robots\" content=\"index, follow, max-snippet:-1, max-image-preview:large, max-video-preview:-1\" \/>\n<link rel=\"canonical\" href=\"https:\/\/tay-sir.com\/ar\/product\/oppo-a38-4-128\/\" \/>\n<meta property=\"og:locale\" content=\"ar_AR\" \/>\n<meta property=\"og:type\" content=\"article\" \/>\n<meta property=\"og:title\" content=\"oppo A38 4\/128 - Maslak\" \/>\n<meta property=\"og:description\" content=\"Marque: Oppo T\u00e9l\u00e9phone Portable: Oppo A38 4\/128GB R\u00e9f\u00e9rence: CPH2579 Dimension (L x H x P): 163.7 x 75 x 8.2\" \/>\n<meta property=\"og:url\" content=\"https:\/\/tay-sir.com\/ar\/product\/oppo-a38-4-128\/\" \/>\n<meta property=\"og:site_name\" content=\"Maslak\" \/>\n<meta property=\"article:publisher\" content=\"https:\/\/www.facebook.com\/profile.php?id=61566201523117\" \/>\n<meta property=\"article:modified_time\" content=\"2024-12-09T15:53:37+00:00\" \/>\n<meta property=\"og:image\" content=\"https:\/\/tay-sir.com\/wp-content\/uploads\/2024\/09\/oppo-a38-1.jpg\" \/>\n\t<meta property=\"og:image:width\" content=\"638\" \/>\n\t<meta property=\"og:image:height\" content=\"650\" \/>\n\t<meta property=\"og:image:type\" content=\"image\/jpeg\" \/>\n<meta name=\"twitter:card\" content=\"summary_large_image\" \/>\n<meta name=\"twitter:label1\" content=\"\u0648\u0642\u062a \u0627\u0644\u0642\u0631\u0627\u0621\u0629 \u0627\u0644\u0645\u064f\u0642\u062f\u0651\u0631\" \/>\n\t<meta name=\"twitter:data1\" content=\"\u062f\u0642\u064a\u0642\u062a\u0627\u0646\" \/>\n<script type=\"application\/ld+json\" class=\"yoast-schema-graph\">{\"@context\":\"https:\/\/schema.org\",\"@graph\":[{\"@type\":\"WebPage\",\"@id\":\"https:\/\/tay-sir.com\/produit\/oppo-a38-4-128\/\",\"url\":\"https:\/\/tay-sir.com\/produit\/oppo-a38-4-128\/\",\"name\":\"oppo A38 4\/128 - Maslak\",\"isPartOf\":{\"@id\":\"https:\/\/tay-sir.com\/ar\/#website\"},\"primaryImageOfPage\":{\"@id\":\"https:\/\/tay-sir.com\/produit\/oppo-a38-4-128\/#primaryimage\"},\"image\":{\"@id\":\"https:\/\/tay-sir.com\/produit\/oppo-a38-4-128\/#primaryimage\"},\"thumbnailUrl\":\"https:\/\/tay-sir.com\/wp-content\/uploads\/2024\/09\/oppo-a38-1.jpg\",\"datePublished\":\"2024-09-08T15:19:12+00:00\",\"dateModified\":\"2024-12-09T15:53:37+00:00\",\"breadcrumb\":{\"@id\":\"https:\/\/tay-sir.com\/produit\/oppo-a38-4-128\/#breadcrumb\"},\"inLanguage\":\"ar\",\"potentialAction\":[{\"@type\":\"ReadAction\",\"target\":[\"https:\/\/tay-sir.com\/produit\/oppo-a38-4-128\/\"]}]},{\"@type\":\"ImageObject\",\"inLanguage\":\"ar\",\"@id\":\"https:\/\/tay-sir.com\/produit\/oppo-a38-4-128\/#primaryimage\",\"url\":\"https:\/\/tay-sir.com\/wp-content\/uploads\/2024\/09\/oppo-a38-1.jpg\",\"contentUrl\":\"https:\/\/tay-sir.com\/wp-content\/uploads\/2024\/09\/oppo-a38-1.jpg\",\"width\":638,\"height\":650},{\"@type\":\"BreadcrumbList\",\"@id\":\"https:\/\/tay-sir.com\/produit\/oppo-a38-4-128\/#breadcrumb\",\"itemListElement\":[{\"@type\":\"ListItem\",\"position\":1,\"name\":\"Home\",\"item\":\"https:\/\/tay-sir.com\/ar\/\"},{\"@type\":\"ListItem\",\"position\":2,\"name\":\"Boutique\",\"item\":\"https:\/\/tay-sir.com\/boutique\/\"},{\"@type\":\"ListItem\",\"position\":3,\"name\":\"oppo A38 4\/128\"}]},{\"@type\":\"WebSite\",\"@id\":\"https:\/\/tay-sir.com\/ar\/#website\",\"url\":\"https:\/\/tay-sir.com\/ar\/\",\"name\":\"TAY-SIR.com\",\"description\":\"plateforme e-commerce avec financement islamique digital en ligne\",\"publisher\":{\"@id\":\"https:\/\/tay-sir.com\/ar\/#organization\"},\"potentialAction\":[{\"@type\":\"SearchAction\",\"target\":{\"@type\":\"EntryPoint\",\"urlTemplate\":\"https:\/\/tay-sir.com\/ar\/?s={search_term_string}\"},\"query-input\":{\"@type\":\"PropertyValueSpecification\",\"valueRequired\":true,\"valueName\":\"search_term_string\"}}],\"inLanguage\":\"ar\"},{\"@type\":\"Organization\",\"@id\":\"https:\/\/tay-sir.com\/ar\/#organization\",\"name\":\"Taysir\",\"url\":\"https:\/\/tay-sir.com\/ar\/\",\"logo\":{\"@type\":\"ImageObject\",\"inLanguage\":\"ar\",\"@id\":\"https:\/\/tay-sir.com\/ar\/#\/schema\/logo\/image\/\",\"url\":\"https:\/\/tay-sir.com\/wp-content\/uploads\/2024\/10\/profil.jpg\",\"contentUrl\":\"https:\/\/tay-sir.com\/wp-content\/uploads\/2024\/10\/profil.jpg\",\"width\":1024,\"height\":1024,\"caption\":\"Taysir\"},\"image\":{\"@id\":\"https:\/\/tay-sir.com\/ar\/#\/schema\/logo\/image\/\"},\"sameAs\":[\"https:\/\/www.facebook.com\/profile.php?id=61566201523117\",\"https:\/\/www.tiktok.com\/@taysir31000?fbclid=IwY2xjawFor1xleHRuA2FlbQIxMAABHQqa6Ko0Z_QFAZb-7Bltxo0G0y0YuIXxVxPenEAWDkGyOgZp7D3Bq1oJAA_aem_TiTB-X9kxzhzORQbwqQiYw\",\"https:\/\/www.instagram.com\/taysirfacilite\/\"]}]}<\/script>\n<!-- \/ Yoast SEO plugin. -->","yoast_head_json":{"title":"oppo A38 4\/128 - Maslak","robots":{"index":"index","follow":"follow","max-snippet":"max-snippet:-1","max-image-preview":"max-image-preview:large","max-video-preview":"max-video-preview:-1"},"canonical":"https:\/\/tay-sir.com\/ar\/product\/oppo-a38-4-128\/","og_locale":"ar_AR","og_type":"article","og_title":"oppo A38 4\/128 - Maslak","og_description":"Marque: Oppo T\u00e9l\u00e9phone Portable: Oppo A38 4\/128GB R\u00e9f\u00e9rence: CPH2579 Dimension (L x H x P): 163.7 x 75 x 8.2","og_url":"https:\/\/tay-sir.com\/ar\/product\/oppo-a38-4-128\/","og_site_name":"Maslak","article_publisher":"https:\/\/www.facebook.com\/profile.php?id=61566201523117","article_modified_time":"2024-12-09T15:53:37+00:00","og_image":[{"width":638,"height":650,"url":"https:\/\/tay-sir.com\/wp-content\/uploads\/2024\/09\/oppo-a38-1.jpg","type":"image\/jpeg"}],"twitter_card":"summary_large_image","twitter_misc":{"\u0648\u0642\u062a \u0627\u0644\u0642\u0631\u0627\u0621\u0629 \u0627\u0644\u0645\u064f\u0642\u062f\u0651\u0631":"\u062f\u0642\u064a\u0642\u062a\u0627\u0646"},"schema":{"@context":"https:\/\/schema.org","@graph":[{"@type":"WebPage","@id":"https:\/\/tay-sir.com\/produit\/oppo-a38-4-128\/","url":"https:\/\/tay-sir.com\/produit\/oppo-a38-4-128\/","name":"oppo A38 4\/128 - Maslak","isPartOf":{"@id":"https:\/\/tay-sir.com\/ar\/#website"},"primaryImageOfPage":{"@id":"https:\/\/tay-sir.com\/produit\/oppo-a38-4-128\/#primaryimage"},"image":{"@id":"https:\/\/tay-sir.com\/produit\/oppo-a38-4-128\/#primaryimage"},"thumbnailUrl":"https:\/\/tay-sir.com\/wp-content\/uploads\/2024\/09\/oppo-a38-1.jpg","datePublished":"2024-09-08T15:19:12+00:00","dateModified":"2024-12-09T15:53:37+00:00","breadcrumb":{"@id":"https:\/\/tay-sir.com\/produit\/oppo-a38-4-128\/#breadcrumb"},"inLanguage":"ar","potentialAction":[{"@type":"ReadAction","target":["https:\/\/tay-sir.com\/produit\/oppo-a38-4-128\/"]}]},{"@type":"ImageObject","inLanguage":"ar","@id":"https:\/\/tay-sir.com\/produit\/oppo-a38-4-128\/#primaryimage","url":"https:\/\/tay-sir.com\/wp-content\/uploads\/2024\/09\/oppo-a38-1.jpg","contentUrl":"https:\/\/tay-sir.com\/wp-content\/uploads\/2024\/09\/oppo-a38-1.jpg","width":638,"height":650},{"@type":"BreadcrumbList","@id":"https:\/\/tay-sir.com\/produit\/oppo-a38-4-128\/#breadcrumb","itemListElement":[{"@type":"ListItem","position":1,"name":"Home","item":"https:\/\/tay-sir.com\/ar\/"},{"@type":"ListItem","position":2,"name":"Boutique","item":"https:\/\/tay-sir.com\/boutique\/"},{"@type":"ListItem","position":3,"name":"oppo A38 4\/128"}]},{"@type":"WebSite","@id":"https:\/\/tay-sir.com\/ar\/#website","url":"https:\/\/tay-sir.com\/ar\/","name":"TAY-SIR.com","description":"plateforme e-commerce avec financement islamique digital en ligne","publisher":{"@id":"https:\/\/tay-sir.com\/ar\/#organization"},"potentialAction":[{"@type":"SearchAction","target":{"@type":"EntryPoint","urlTemplate":"https:\/\/tay-sir.com\/ar\/?s={search_term_string}"},"query-input":{"@type":"PropertyValueSpecification","valueRequired":true,"valueName":"search_term_string"}}],"inLanguage":"ar"},{"@type":"Organization","@id":"https:\/\/tay-sir.com\/ar\/#organization","name":"Taysir","url":"https:\/\/tay-sir.com\/ar\/","logo":{"@type":"ImageObject","inLanguage":"ar","@id":"https:\/\/tay-sir.com\/ar\/#\/schema\/logo\/image\/","url":"https:\/\/tay-sir.com\/wp-content\/uploads\/2024\/10\/profil.jpg","contentUrl":"https:\/\/tay-sir.com\/wp-content\/uploads\/2024\/10\/profil.jpg","width":1024,"height":1024,"caption":"Taysir"},"image":{"@id":"https:\/\/tay-sir.com\/ar\/#\/schema\/logo\/image\/"},"sameAs":["https:\/\/www.facebook.com\/profile.php?id=61566201523117","https:\/\/www.tiktok.com\/@taysir31000?fbclid=IwY2xjawFor1xleHRuA2FlbQIxMAABHQqa6Ko0Z_QFAZb-7Bltxo0G0y0YuIXxVxPenEAWDkGyOgZp7D3Bq1oJAA_aem_TiTB-X9kxzhzORQbwqQiYw","https:\/\/www.instagram.com\/taysirfacilite\/"]}]}},"_links":{"self":[{"href":"https:\/\/tay-sir.com\/ar\/wp-json\/wp\/v2\/product\/29998","targetHints":{"allow":["GET"]}}],"collection":[{"href":"https:\/\/tay-sir.com\/ar\/wp-json\/wp\/v2\/product"}],"about":[{"href":"https:\/\/tay-sir.com\/ar\/wp-json\/wp\/v2\/types\/product"}],"replies":[{"embeddable":true,"href":"https:\/\/tay-sir.com\/ar\/wp-json\/wp\/v2\/comments?post=29998"}],"version-history":[{"count":4,"href":"https:\/\/tay-sir.com\/ar\/wp-json\/wp\/v2\/product\/29998\/revisions"}],"predecessor-version":[{"id":33309,"href":"https:\/\/tay-sir.com\/ar\/wp-json\/wp\/v2\/product\/29998\/revisions\/33309"}],"wp:featuredmedia":[{"embeddable":true,"href":"https:\/\/tay-sir.com\/ar\/wp-json\/wp\/v2\/media\/29997"}],"wp:attachment":[{"href":"https:\/\/tay-sir.com\/ar\/wp-json\/wp\/v2\/media?parent=29998"}],"wp:term":[{"taxonomy":"product_brand","embeddable":true,"href":"https:\/\/tay-sir.com\/ar\/wp-json\/wp\/v2\/product_brand?post=29998"},{"taxonomy":"product_cat","embeddable":true,"href":"https:\/\/tay-sir.com\/ar\/wp-json\/wp\/v2\/product_cat?post=29998"},{"taxonomy":"product_tag","embeddable":true,"href":"https:\/\/tay-sir.com\/ar\/wp-json\/wp\/v2\/product_tag?post=29998"}],"curies":[{"name":"wp","href":"https:\/\/api.w.org\/{rel}","templated":true}]}}