{"id":30000,"date":"2024-09-08T16:19:13","date_gmt":"2024-09-08T15:19:13","guid":{"rendered":"https:\/\/tay-sir.com\/produit\/oppo-a18-4-128\/"},"modified":"2024-12-09T16:50:05","modified_gmt":"2024-12-09T15:50:05","slug":"oppo-a18-4-128","status":"publish","type":"product","link":"https:\/\/tay-sir.com\/ar\/product\/oppo-a18-4-128\/","title":{"rendered":"oppo A18 4\/128"},"content":{"rendered":"<p><strong>Marque<\/strong> : Oppo<br \/>\n<strong>Mod\u00e8le<\/strong> : Oppo A18<br \/>\n<strong>R\u00e9f\u00e9rence<\/strong> : CPH2591<br \/>\n<strong>Dimensions (L x H x P)<\/strong> : 163.7 x 75 x 8.2 mm<br \/>\n<strong>Poids<\/strong> : 188 g<br \/>\n<strong>Type carte SIM<\/strong> : Nano-SIM<br \/>\n<strong>Double puce (SIM)<\/strong> : Oui (Dual SIM)<br \/>\n<strong>\u00c9tanch\u00e9it\u00e9<\/strong> : R\u00e9sistance \u00e0 la poussi\u00e8re et aux \u00e9claboussures (IP54)<\/p>\n<h3><strong>\u00c9cran<\/strong><\/h3>\n<ul>\n<li><strong>Type<\/strong> : IPS LCD<\/li>\n<li><strong>Taille<\/strong> : 6.56 pouces<\/li>\n<li><strong>R\u00e9solution<\/strong> : 720 x 1612 px<\/li>\n<li><strong>Densit\u00e9 des pixels<\/strong> : 269 ppi<\/li>\n<li><strong>Taux de rafra\u00eechissement<\/strong> : 90 Hz<\/li>\n<li><strong>Propri\u00e9t\u00e9s<\/strong> : \u00c9cran capacitif, multi-touch, verre 2.5D incurv\u00e9<\/li>\n<\/ul>\n<h3><strong>Syst\u00e8me<\/strong><\/h3>\n<ul>\n<li><strong>Syst\u00e8me d&rsquo;exploitation<\/strong> : Android 13, ColorOS 14<\/li>\n<li><strong>Chipset<\/strong> : MediaTek Helio G85 (12 nm)<\/li>\n<li><strong>Processeur (CPU)<\/strong> : Octa-core (2&#215;2.0 GHz Cortex-A75 &amp; 6&#215;1.8 GHz Cortex-A55)<\/li>\n<li><strong>GPU<\/strong> : ARM Mali-G52 MC2<\/li>\n<\/ul>\n<h3><strong>M\u00e9moire<\/strong><\/h3>\n<ul>\n<li><strong>RAM<\/strong> : 4 Go<\/li>\n<li><strong>M\u00e9moire de stockage<\/strong> : 128 Go<\/li>\n<li><strong>Type de stockage<\/strong> : eMMC 5.1<\/li>\n<li><strong>Support carte m\u00e9moire<\/strong> : microSDXC<\/li>\n<\/ul>\n<h3><strong>Appareils photo<\/strong><\/h3>\n<ul>\n<li><strong>Arri\u00e8re<\/strong> :\n<ul>\n<li>8 MP (f\/2.0, grand angle)<\/li>\n<li>2 MP (f\/2.4, capteur de profondeur)<\/li>\n<li>Flash LED, autofocus, HDR<\/li>\n<li>Vid\u00e9o 1080p \u00e0 30 fps<\/li>\n<\/ul>\n<\/li>\n<li><strong>Avant<\/strong> :\n<ul>\n<li>5 MP (f\/2.2, grand angle)<\/li>\n<li>Vid\u00e9o 1080p \u00e0 30 fps<\/li>\n<\/ul>\n<\/li>\n<\/ul>\n<h3><strong>Connectivit\u00e9<\/strong><\/h3>\n<ul>\n<li><strong>R\u00e9seau<\/strong> : 4G LTE<\/li>\n<li><strong>WiFi<\/strong> : 802.11 a\/b\/g\/n\/ac, dual-band<\/li>\n<li><strong>Bluetooth<\/strong> : 5.3<\/li>\n<li><strong>USB<\/strong> : Type-C 2.0<\/li>\n<li><strong>GPS<\/strong> : Oui (BDS, GALILEO, GLONASS, GPS, QZSS)<\/li>\n<li><strong>NFC<\/strong> : Non<\/li>\n<li><strong>Prise Jack<\/strong> : Oui (3.5 mm)<\/li>\n<li><strong>Radio FM<\/strong> : Non<\/li>\n<\/ul>\n<h3><strong>Batterie<\/strong><\/h3>\n<ul>\n<li><strong>Capacit\u00e9<\/strong> : 5000 mAh (non amovible)<\/li>\n<li><strong>Charge<\/strong> : Charge rapide 33W<\/li>\n<\/ul>","protected":false},"excerpt":{"rendered":"<p>Marque : Oppo Mod\u00e8le : Oppo A18 R\u00e9f\u00e9rence : CPH2591 Dimensions (L x H x P) : 163.7 x 75<\/p>","protected":false},"featured_media":30326,"comment_status":"open","ping_status":"closed","template":"","meta":[],"product_brand":[],"product_cat":[29],"product_tag":[],"class_list":{"0":"post-30000","1":"product","2":"type-product","3":"status-publish","4":"has-post-thumbnail","6":"product_cat-telephone","8":"first","9":"instock","10":"shipping-taxable","11":"purchasable","12":"product-type-variable"},"yoast_head":"<!-- This site is optimized with the Yoast SEO plugin v24.9 - https:\/\/yoast.com\/wordpress\/plugins\/seo\/ -->\n<title>oppo A18 4\/128 - Maslak<\/title>\n<meta name=\"robots\" content=\"index, follow, max-snippet:-1, max-image-preview:large, max-video-preview:-1\" \/>\n<link rel=\"canonical\" href=\"https:\/\/tay-sir.com\/ar\/product\/oppo-a18-4-128\/\" \/>\n<meta property=\"og:locale\" content=\"ar_AR\" \/>\n<meta property=\"og:type\" content=\"article\" \/>\n<meta property=\"og:title\" content=\"oppo A18 4\/128 - Maslak\" \/>\n<meta property=\"og:description\" content=\"Marque : Oppo Mod\u00e8le : Oppo A18 R\u00e9f\u00e9rence : CPH2591 Dimensions (L x H x P) : 163.7 x 75\" \/>\n<meta property=\"og:url\" content=\"https:\/\/tay-sir.com\/ar\/product\/oppo-a18-4-128\/\" \/>\n<meta property=\"og:site_name\" content=\"Maslak\" \/>\n<meta property=\"article:publisher\" content=\"https:\/\/www.facebook.com\/profile.php?id=61566201523117\" \/>\n<meta property=\"article:modified_time\" content=\"2024-12-09T15:50:05+00:00\" \/>\n<meta property=\"og:image\" content=\"https:\/\/tay-sir.com\/wp-content\/uploads\/2024\/09\/oppo-A18-4128.jpg\" \/>\n\t<meta property=\"og:image:width\" content=\"400\" \/>\n\t<meta property=\"og:image:height\" content=\"400\" \/>\n\t<meta property=\"og:image:type\" content=\"image\/jpeg\" \/>\n<meta name=\"twitter:card\" content=\"summary_large_image\" \/>\n<meta name=\"twitter:label1\" content=\"\u0648\u0642\u062a \u0627\u0644\u0642\u0631\u0627\u0621\u0629 \u0627\u0644\u0645\u064f\u0642\u062f\u0651\u0631\" \/>\n\t<meta name=\"twitter:data1\" content=\"\u062f\u0642\u064a\u0642\u062a\u0627\u0646\" \/>\n<script type=\"application\/ld+json\" class=\"yoast-schema-graph\">{\"@context\":\"https:\/\/schema.org\",\"@graph\":[{\"@type\":\"WebPage\",\"@id\":\"https:\/\/tay-sir.com\/produit\/oppo-a18-4-128\/\",\"url\":\"https:\/\/tay-sir.com\/produit\/oppo-a18-4-128\/\",\"name\":\"oppo A18 4\/128 - Maslak\",\"isPartOf\":{\"@id\":\"https:\/\/tay-sir.com\/ar\/#website\"},\"primaryImageOfPage\":{\"@id\":\"https:\/\/tay-sir.com\/produit\/oppo-a18-4-128\/#primaryimage\"},\"image\":{\"@id\":\"https:\/\/tay-sir.com\/produit\/oppo-a18-4-128\/#primaryimage\"},\"thumbnailUrl\":\"https:\/\/tay-sir.com\/wp-content\/uploads\/2024\/09\/oppo-A18-4128.jpg\",\"datePublished\":\"2024-09-08T15:19:13+00:00\",\"dateModified\":\"2024-12-09T15:50:05+00:00\",\"breadcrumb\":{\"@id\":\"https:\/\/tay-sir.com\/produit\/oppo-a18-4-128\/#breadcrumb\"},\"inLanguage\":\"ar\",\"potentialAction\":[{\"@type\":\"ReadAction\",\"target\":[\"https:\/\/tay-sir.com\/produit\/oppo-a18-4-128\/\"]}]},{\"@type\":\"ImageObject\",\"inLanguage\":\"ar\",\"@id\":\"https:\/\/tay-sir.com\/produit\/oppo-a18-4-128\/#primaryimage\",\"url\":\"https:\/\/tay-sir.com\/wp-content\/uploads\/2024\/09\/oppo-A18-4128.jpg\",\"contentUrl\":\"https:\/\/tay-sir.com\/wp-content\/uploads\/2024\/09\/oppo-A18-4128.jpg\",\"width\":400,\"height\":400},{\"@type\":\"BreadcrumbList\",\"@id\":\"https:\/\/tay-sir.com\/produit\/oppo-a18-4-128\/#breadcrumb\",\"itemListElement\":[{\"@type\":\"ListItem\",\"position\":1,\"name\":\"Home\",\"item\":\"https:\/\/tay-sir.com\/ar\/\"},{\"@type\":\"ListItem\",\"position\":2,\"name\":\"Boutique\",\"item\":\"https:\/\/tay-sir.com\/boutique\/\"},{\"@type\":\"ListItem\",\"position\":3,\"name\":\"oppo A18 4\/128\"}]},{\"@type\":\"WebSite\",\"@id\":\"https:\/\/tay-sir.com\/ar\/#website\",\"url\":\"https:\/\/tay-sir.com\/ar\/\",\"name\":\"TAY-SIR.com\",\"description\":\"plateforme e-commerce avec financement islamique digital en ligne\",\"publisher\":{\"@id\":\"https:\/\/tay-sir.com\/ar\/#organization\"},\"potentialAction\":[{\"@type\":\"SearchAction\",\"target\":{\"@type\":\"EntryPoint\",\"urlTemplate\":\"https:\/\/tay-sir.com\/ar\/?s={search_term_string}\"},\"query-input\":{\"@type\":\"PropertyValueSpecification\",\"valueRequired\":true,\"valueName\":\"search_term_string\"}}],\"inLanguage\":\"ar\"},{\"@type\":\"Organization\",\"@id\":\"https:\/\/tay-sir.com\/ar\/#organization\",\"name\":\"Taysir\",\"url\":\"https:\/\/tay-sir.com\/ar\/\",\"logo\":{\"@type\":\"ImageObject\",\"inLanguage\":\"ar\",\"@id\":\"https:\/\/tay-sir.com\/ar\/#\/schema\/logo\/image\/\",\"url\":\"https:\/\/tay-sir.com\/wp-content\/uploads\/2024\/10\/profil.jpg\",\"contentUrl\":\"https:\/\/tay-sir.com\/wp-content\/uploads\/2024\/10\/profil.jpg\",\"width\":1024,\"height\":1024,\"caption\":\"Taysir\"},\"image\":{\"@id\":\"https:\/\/tay-sir.com\/ar\/#\/schema\/logo\/image\/\"},\"sameAs\":[\"https:\/\/www.facebook.com\/profile.php?id=61566201523117\",\"https:\/\/www.tiktok.com\/@taysir31000?fbclid=IwY2xjawFor1xleHRuA2FlbQIxMAABHQqa6Ko0Z_QFAZb-7Bltxo0G0y0YuIXxVxPenEAWDkGyOgZp7D3Bq1oJAA_aem_TiTB-X9kxzhzORQbwqQiYw\",\"https:\/\/www.instagram.com\/taysirfacilite\/\"]}]}<\/script>\n<!-- \/ Yoast SEO plugin. -->","yoast_head_json":{"title":"oppo A18 4\/128 - Maslak","robots":{"index":"index","follow":"follow","max-snippet":"max-snippet:-1","max-image-preview":"max-image-preview:large","max-video-preview":"max-video-preview:-1"},"canonical":"https:\/\/tay-sir.com\/ar\/product\/oppo-a18-4-128\/","og_locale":"ar_AR","og_type":"article","og_title":"oppo A18 4\/128 - Maslak","og_description":"Marque : Oppo Mod\u00e8le : Oppo A18 R\u00e9f\u00e9rence : CPH2591 Dimensions (L x H x P) : 163.7 x 75","og_url":"https:\/\/tay-sir.com\/ar\/product\/oppo-a18-4-128\/","og_site_name":"Maslak","article_publisher":"https:\/\/www.facebook.com\/profile.php?id=61566201523117","article_modified_time":"2024-12-09T15:50:05+00:00","og_image":[{"width":400,"height":400,"url":"https:\/\/tay-sir.com\/wp-content\/uploads\/2024\/09\/oppo-A18-4128.jpg","type":"image\/jpeg"}],"twitter_card":"summary_large_image","twitter_misc":{"\u0648\u0642\u062a \u0627\u0644\u0642\u0631\u0627\u0621\u0629 \u0627\u0644\u0645\u064f\u0642\u062f\u0651\u0631":"\u062f\u0642\u064a\u0642\u062a\u0627\u0646"},"schema":{"@context":"https:\/\/schema.org","@graph":[{"@type":"WebPage","@id":"https:\/\/tay-sir.com\/produit\/oppo-a18-4-128\/","url":"https:\/\/tay-sir.com\/produit\/oppo-a18-4-128\/","name":"oppo A18 4\/128 - Maslak","isPartOf":{"@id":"https:\/\/tay-sir.com\/ar\/#website"},"primaryImageOfPage":{"@id":"https:\/\/tay-sir.com\/produit\/oppo-a18-4-128\/#primaryimage"},"image":{"@id":"https:\/\/tay-sir.com\/produit\/oppo-a18-4-128\/#primaryimage"},"thumbnailUrl":"https:\/\/tay-sir.com\/wp-content\/uploads\/2024\/09\/oppo-A18-4128.jpg","datePublished":"2024-09-08T15:19:13+00:00","dateModified":"2024-12-09T15:50:05+00:00","breadcrumb":{"@id":"https:\/\/tay-sir.com\/produit\/oppo-a18-4-128\/#breadcrumb"},"inLanguage":"ar","potentialAction":[{"@type":"ReadAction","target":["https:\/\/tay-sir.com\/produit\/oppo-a18-4-128\/"]}]},{"@type":"ImageObject","inLanguage":"ar","@id":"https:\/\/tay-sir.com\/produit\/oppo-a18-4-128\/#primaryimage","url":"https:\/\/tay-sir.com\/wp-content\/uploads\/2024\/09\/oppo-A18-4128.jpg","contentUrl":"https:\/\/tay-sir.com\/wp-content\/uploads\/2024\/09\/oppo-A18-4128.jpg","width":400,"height":400},{"@type":"BreadcrumbList","@id":"https:\/\/tay-sir.com\/produit\/oppo-a18-4-128\/#breadcrumb","itemListElement":[{"@type":"ListItem","position":1,"name":"Home","item":"https:\/\/tay-sir.com\/ar\/"},{"@type":"ListItem","position":2,"name":"Boutique","item":"https:\/\/tay-sir.com\/boutique\/"},{"@type":"ListItem","position":3,"name":"oppo A18 4\/128"}]},{"@type":"WebSite","@id":"https:\/\/tay-sir.com\/ar\/#website","url":"https:\/\/tay-sir.com\/ar\/","name":"TAY-SIR.com","description":"plateforme e-commerce avec financement islamique digital en ligne","publisher":{"@id":"https:\/\/tay-sir.com\/ar\/#organization"},"potentialAction":[{"@type":"SearchAction","target":{"@type":"EntryPoint","urlTemplate":"https:\/\/tay-sir.com\/ar\/?s={search_term_string}"},"query-input":{"@type":"PropertyValueSpecification","valueRequired":true,"valueName":"search_term_string"}}],"inLanguage":"ar"},{"@type":"Organization","@id":"https:\/\/tay-sir.com\/ar\/#organization","name":"Taysir","url":"https:\/\/tay-sir.com\/ar\/","logo":{"@type":"ImageObject","inLanguage":"ar","@id":"https:\/\/tay-sir.com\/ar\/#\/schema\/logo\/image\/","url":"https:\/\/tay-sir.com\/wp-content\/uploads\/2024\/10\/profil.jpg","contentUrl":"https:\/\/tay-sir.com\/wp-content\/uploads\/2024\/10\/profil.jpg","width":1024,"height":1024,"caption":"Taysir"},"image":{"@id":"https:\/\/tay-sir.com\/ar\/#\/schema\/logo\/image\/"},"sameAs":["https:\/\/www.facebook.com\/profile.php?id=61566201523117","https:\/\/www.tiktok.com\/@taysir31000?fbclid=IwY2xjawFor1xleHRuA2FlbQIxMAABHQqa6Ko0Z_QFAZb-7Bltxo0G0y0YuIXxVxPenEAWDkGyOgZp7D3Bq1oJAA_aem_TiTB-X9kxzhzORQbwqQiYw","https:\/\/www.instagram.com\/taysirfacilite\/"]}]}},"_links":{"self":[{"href":"https:\/\/tay-sir.com\/ar\/wp-json\/wp\/v2\/product\/30000","targetHints":{"allow":["GET"]}}],"collection":[{"href":"https:\/\/tay-sir.com\/ar\/wp-json\/wp\/v2\/product"}],"about":[{"href":"https:\/\/tay-sir.com\/ar\/wp-json\/wp\/v2\/types\/product"}],"replies":[{"embeddable":true,"href":"https:\/\/tay-sir.com\/ar\/wp-json\/wp\/v2\/comments?post=30000"}],"version-history":[{"count":3,"href":"https:\/\/tay-sir.com\/ar\/wp-json\/wp\/v2\/product\/30000\/revisions"}],"predecessor-version":[{"id":33307,"href":"https:\/\/tay-sir.com\/ar\/wp-json\/wp\/v2\/product\/30000\/revisions\/33307"}],"wp:featuredmedia":[{"embeddable":true,"href":"https:\/\/tay-sir.com\/ar\/wp-json\/wp\/v2\/media\/30326"}],"wp:attachment":[{"href":"https:\/\/tay-sir.com\/ar\/wp-json\/wp\/v2\/media?parent=30000"}],"wp:term":[{"taxonomy":"product_brand","embeddable":true,"href":"https:\/\/tay-sir.com\/ar\/wp-json\/wp\/v2\/product_brand?post=30000"},{"taxonomy":"product_cat","embeddable":true,"href":"https:\/\/tay-sir.com\/ar\/wp-json\/wp\/v2\/product_cat?post=30000"},{"taxonomy":"product_tag","embeddable":true,"href":"https:\/\/tay-sir.com\/ar\/wp-json\/wp\/v2\/product_tag?post=30000"}],"curies":[{"name":"wp","href":"https:\/\/api.w.org\/{rel}","templated":true}]}}