{"id":30003,"date":"2024-09-08T16:19:15","date_gmt":"2024-09-08T15:19:15","guid":{"rendered":"https:\/\/tay-sir.com\/produit\/redmi-13c-8-256\/"},"modified":"2024-12-09T16:29:05","modified_gmt":"2024-12-09T15:29:05","slug":"redmi-13c-8-256","status":"publish","type":"product","link":"https:\/\/tay-sir.com\/ar\/product\/redmi-13c-8-256\/","title":{"rendered":"redmi 13C 8\/256"},"content":{"rendered":"<p><strong>Marque<\/strong>: Redmi<br \/>\n<strong>T\u00e9l\u00e9phone Portable<\/strong>: Redmi 13C 8\/256GB<\/p>\n<ul>\n<li><strong>R\u00e9f\u00e9rence<\/strong>\n<ul>\n<li><strong>Dimension (L x H x P)<\/strong>: 168 x 78 x 8.09 mm<\/li>\n<li><strong>Poids<\/strong>: 192 g<\/li>\n<li><strong>Type carte SIM<\/strong>: Nano SIM<\/li>\n<li><strong>Double Puce (SIM)<\/strong>: Double Puce<\/li>\n<li><strong>\u00c9tanch\u00e9it\u00e9<\/strong>: Non sp\u00e9cifi\u00e9e<\/li>\n<\/ul>\n<\/li>\n<li><strong>Type \u00c9cran<\/strong>: Dot Drop display, Corning\u00ae Gorilla\u00ae Glass\n<ul>\n<li><strong>Taille \u00c9cran<\/strong>: 6.74 pouces<\/li>\n<li><strong>R\u00e9solution \u00c9cran<\/strong>: 1600 x 720 px, 260 ppi<\/li>\n<li><strong>Protection \u00c9cran<\/strong>: Oui, Corning\u00ae Gorilla\u00ae Glass<\/li>\n<\/ul>\n<\/li>\n<li><strong>Syst\u00e8me<\/strong>: Android 13, MIUI 14<\/li>\n<li><strong>Chipset<\/strong>: MediaTek Helio G85 (12 nm)<\/li>\n<li><strong>Processeur (CPU)<\/strong>: Octa-core (2x 2.0 GHz Cortex-A75 &amp; 6x 1.8 GHz Cortex-A55)<\/li>\n<li><strong>Puce Graphique (GPU)<\/strong>: Mali-G52 MC2<\/li>\n<li><strong>M\u00e9moire Vive (RAM)<\/strong>: 8 GO<\/li>\n<li><strong>Support cartes m\u00e9moire<\/strong>: Oui, microSD<\/li>\n<li><strong>M\u00e9moire Stockage (Disque)<\/strong>: 256 GO<\/li>\n<li><strong>Appareil Photo Arri\u00e8re<\/strong>:\n<ul>\n<li><strong>50 MP<\/strong>, f\/1.8 (wide), autofocus, PDAF<\/li>\n<li><strong>2 MP<\/strong>, f\/2.4 (macro)<\/li>\n<li><strong>0.3 MP<\/strong>, (auxiliary)<\/li>\n<li><strong>Vid\u00e9o<\/strong>: 1080p@30fps, 720p@30fps<\/li>\n<\/ul>\n<\/li>\n<li><strong>Appareil Photo Selfie<\/strong>:\n<ul>\n<li><strong>8 MP<\/strong>, f\/2.0<\/li>\n<li><strong>Vid\u00e9o<\/strong>: 1080p@30fps, 720p@30fps<\/li>\n<\/ul>\n<\/li>\n<li><strong>Type R\u00e9seau<\/strong>: 4G LTE<\/li>\n<li><strong>WiFi<\/strong>: Wi-Fi 802.11 a\/b\/g\/n\/ac, dual-band<\/li>\n<li><strong>USB<\/strong>: USB Type-C 2.0<\/li>\n<li><strong>Bluetooth<\/strong>: Bluetooth 5.3<\/li>\n<li><strong>GPS<\/strong>: GPS, GLONASS, GALILEO, Beidou<\/li>\n<li><strong>NFC<\/strong>: Oui (selon la r\u00e9gion)<\/li>\n<li><strong>Prise Jack<\/strong>: 3.5mm jack<\/li>\n<li><strong>Radio<\/strong>: FM Radio<\/li>\n<li><strong>Batterie<\/strong>:\n<ul>\n<li><strong>5000 mAh<\/strong>, Lithium-Polymer<\/li>\n<li><strong>Chargement Rapide<\/strong>: 18W<\/li>\n<\/ul>\n<\/li>\n<\/ul>","protected":false},"excerpt":{"rendered":"<p>Marque: Redmi T\u00e9l\u00e9phone Portable: Redmi 13C 8\/256GB R\u00e9f\u00e9rence Dimension (L x H x P): 168 x 78 x 8.09 mm<\/p>","protected":false},"featured_media":30343,"comment_status":"open","ping_status":"closed","template":"","meta":[],"product_brand":[],"product_cat":[29],"product_tag":[],"class_list":{"0":"post-30003","1":"product","2":"type-product","3":"status-publish","4":"has-post-thumbnail","6":"product_cat-telephone","8":"first","9":"instock","10":"shipping-taxable","11":"purchasable","12":"product-type-variable"},"yoast_head":"<!-- This site is optimized with the Yoast SEO plugin v24.9 - https:\/\/yoast.com\/wordpress\/plugins\/seo\/ -->\n<title>redmi 13C 8\/256 - Maslak<\/title>\n<meta name=\"robots\" content=\"index, follow, max-snippet:-1, max-image-preview:large, max-video-preview:-1\" \/>\n<link rel=\"canonical\" href=\"https:\/\/tay-sir.com\/ar\/product\/redmi-13c-8-256\/\" \/>\n<meta property=\"og:locale\" content=\"ar_AR\" \/>\n<meta property=\"og:type\" content=\"article\" \/>\n<meta property=\"og:title\" content=\"redmi 13C 8\/256 - Maslak\" \/>\n<meta property=\"og:description\" content=\"Marque: Redmi T\u00e9l\u00e9phone Portable: Redmi 13C 8\/256GB R\u00e9f\u00e9rence Dimension (L x H x P): 168 x 78 x 8.09 mm\" \/>\n<meta property=\"og:url\" content=\"https:\/\/tay-sir.com\/ar\/product\/redmi-13c-8-256\/\" \/>\n<meta property=\"og:site_name\" content=\"Maslak\" \/>\n<meta property=\"article:publisher\" content=\"https:\/\/www.facebook.com\/profile.php?id=61566201523117\" \/>\n<meta property=\"article:modified_time\" content=\"2024-12-09T15:29:05+00:00\" \/>\n<meta property=\"og:image\" content=\"https:\/\/tay-sir.com\/wp-content\/uploads\/2024\/09\/redmi-13C4.jpg\" \/>\n\t<meta property=\"og:image:width\" content=\"400\" \/>\n\t<meta property=\"og:image:height\" content=\"400\" \/>\n\t<meta property=\"og:image:type\" content=\"image\/jpeg\" \/>\n<meta name=\"twitter:card\" content=\"summary_large_image\" \/>\n<meta name=\"twitter:label1\" content=\"\u0648\u0642\u062a \u0627\u0644\u0642\u0631\u0627\u0621\u0629 \u0627\u0644\u0645\u064f\u0642\u062f\u0651\u0631\" \/>\n\t<meta name=\"twitter:data1\" content=\"\u062f\u0642\u064a\u0642\u062a\u0627\u0646\" \/>\n<script type=\"application\/ld+json\" class=\"yoast-schema-graph\">{\"@context\":\"https:\/\/schema.org\",\"@graph\":[{\"@type\":\"WebPage\",\"@id\":\"https:\/\/tay-sir.com\/produit\/redmi-13c-8-256\/\",\"url\":\"https:\/\/tay-sir.com\/produit\/redmi-13c-8-256\/\",\"name\":\"redmi 13C 8\/256 - Maslak\",\"isPartOf\":{\"@id\":\"https:\/\/tay-sir.com\/ar\/#website\"},\"primaryImageOfPage\":{\"@id\":\"https:\/\/tay-sir.com\/produit\/redmi-13c-8-256\/#primaryimage\"},\"image\":{\"@id\":\"https:\/\/tay-sir.com\/produit\/redmi-13c-8-256\/#primaryimage\"},\"thumbnailUrl\":\"https:\/\/tay-sir.com\/wp-content\/uploads\/2024\/09\/redmi-13C4.jpg\",\"datePublished\":\"2024-09-08T15:19:15+00:00\",\"dateModified\":\"2024-12-09T15:29:05+00:00\",\"breadcrumb\":{\"@id\":\"https:\/\/tay-sir.com\/produit\/redmi-13c-8-256\/#breadcrumb\"},\"inLanguage\":\"ar\",\"potentialAction\":[{\"@type\":\"ReadAction\",\"target\":[\"https:\/\/tay-sir.com\/produit\/redmi-13c-8-256\/\"]}]},{\"@type\":\"ImageObject\",\"inLanguage\":\"ar\",\"@id\":\"https:\/\/tay-sir.com\/produit\/redmi-13c-8-256\/#primaryimage\",\"url\":\"https:\/\/tay-sir.com\/wp-content\/uploads\/2024\/09\/redmi-13C4.jpg\",\"contentUrl\":\"https:\/\/tay-sir.com\/wp-content\/uploads\/2024\/09\/redmi-13C4.jpg\",\"width\":400,\"height\":400},{\"@type\":\"BreadcrumbList\",\"@id\":\"https:\/\/tay-sir.com\/produit\/redmi-13c-8-256\/#breadcrumb\",\"itemListElement\":[{\"@type\":\"ListItem\",\"position\":1,\"name\":\"Home\",\"item\":\"https:\/\/tay-sir.com\/ar\/\"},{\"@type\":\"ListItem\",\"position\":2,\"name\":\"Boutique\",\"item\":\"https:\/\/tay-sir.com\/boutique\/\"},{\"@type\":\"ListItem\",\"position\":3,\"name\":\"redmi 13C 8\/256\"}]},{\"@type\":\"WebSite\",\"@id\":\"https:\/\/tay-sir.com\/ar\/#website\",\"url\":\"https:\/\/tay-sir.com\/ar\/\",\"name\":\"TAY-SIR.com\",\"description\":\"plateforme e-commerce avec financement islamique digital en ligne\",\"publisher\":{\"@id\":\"https:\/\/tay-sir.com\/ar\/#organization\"},\"potentialAction\":[{\"@type\":\"SearchAction\",\"target\":{\"@type\":\"EntryPoint\",\"urlTemplate\":\"https:\/\/tay-sir.com\/ar\/?s={search_term_string}\"},\"query-input\":{\"@type\":\"PropertyValueSpecification\",\"valueRequired\":true,\"valueName\":\"search_term_string\"}}],\"inLanguage\":\"ar\"},{\"@type\":\"Organization\",\"@id\":\"https:\/\/tay-sir.com\/ar\/#organization\",\"name\":\"Taysir\",\"url\":\"https:\/\/tay-sir.com\/ar\/\",\"logo\":{\"@type\":\"ImageObject\",\"inLanguage\":\"ar\",\"@id\":\"https:\/\/tay-sir.com\/ar\/#\/schema\/logo\/image\/\",\"url\":\"https:\/\/tay-sir.com\/wp-content\/uploads\/2024\/10\/profil.jpg\",\"contentUrl\":\"https:\/\/tay-sir.com\/wp-content\/uploads\/2024\/10\/profil.jpg\",\"width\":1024,\"height\":1024,\"caption\":\"Taysir\"},\"image\":{\"@id\":\"https:\/\/tay-sir.com\/ar\/#\/schema\/logo\/image\/\"},\"sameAs\":[\"https:\/\/www.facebook.com\/profile.php?id=61566201523117\",\"https:\/\/www.tiktok.com\/@taysir31000?fbclid=IwY2xjawFor1xleHRuA2FlbQIxMAABHQqa6Ko0Z_QFAZb-7Bltxo0G0y0YuIXxVxPenEAWDkGyOgZp7D3Bq1oJAA_aem_TiTB-X9kxzhzORQbwqQiYw\",\"https:\/\/www.instagram.com\/taysirfacilite\/\"]}]}<\/script>\n<!-- \/ Yoast SEO plugin. -->","yoast_head_json":{"title":"redmi 13C 8\/256 - Maslak","robots":{"index":"index","follow":"follow","max-snippet":"max-snippet:-1","max-image-preview":"max-image-preview:large","max-video-preview":"max-video-preview:-1"},"canonical":"https:\/\/tay-sir.com\/ar\/product\/redmi-13c-8-256\/","og_locale":"ar_AR","og_type":"article","og_title":"redmi 13C 8\/256 - Maslak","og_description":"Marque: Redmi T\u00e9l\u00e9phone Portable: Redmi 13C 8\/256GB R\u00e9f\u00e9rence Dimension (L x H x P): 168 x 78 x 8.09 mm","og_url":"https:\/\/tay-sir.com\/ar\/product\/redmi-13c-8-256\/","og_site_name":"Maslak","article_publisher":"https:\/\/www.facebook.com\/profile.php?id=61566201523117","article_modified_time":"2024-12-09T15:29:05+00:00","og_image":[{"width":400,"height":400,"url":"https:\/\/tay-sir.com\/wp-content\/uploads\/2024\/09\/redmi-13C4.jpg","type":"image\/jpeg"}],"twitter_card":"summary_large_image","twitter_misc":{"\u0648\u0642\u062a \u0627\u0644\u0642\u0631\u0627\u0621\u0629 \u0627\u0644\u0645\u064f\u0642\u062f\u0651\u0631":"\u062f\u0642\u064a\u0642\u062a\u0627\u0646"},"schema":{"@context":"https:\/\/schema.org","@graph":[{"@type":"WebPage","@id":"https:\/\/tay-sir.com\/produit\/redmi-13c-8-256\/","url":"https:\/\/tay-sir.com\/produit\/redmi-13c-8-256\/","name":"redmi 13C 8\/256 - Maslak","isPartOf":{"@id":"https:\/\/tay-sir.com\/ar\/#website"},"primaryImageOfPage":{"@id":"https:\/\/tay-sir.com\/produit\/redmi-13c-8-256\/#primaryimage"},"image":{"@id":"https:\/\/tay-sir.com\/produit\/redmi-13c-8-256\/#primaryimage"},"thumbnailUrl":"https:\/\/tay-sir.com\/wp-content\/uploads\/2024\/09\/redmi-13C4.jpg","datePublished":"2024-09-08T15:19:15+00:00","dateModified":"2024-12-09T15:29:05+00:00","breadcrumb":{"@id":"https:\/\/tay-sir.com\/produit\/redmi-13c-8-256\/#breadcrumb"},"inLanguage":"ar","potentialAction":[{"@type":"ReadAction","target":["https:\/\/tay-sir.com\/produit\/redmi-13c-8-256\/"]}]},{"@type":"ImageObject","inLanguage":"ar","@id":"https:\/\/tay-sir.com\/produit\/redmi-13c-8-256\/#primaryimage","url":"https:\/\/tay-sir.com\/wp-content\/uploads\/2024\/09\/redmi-13C4.jpg","contentUrl":"https:\/\/tay-sir.com\/wp-content\/uploads\/2024\/09\/redmi-13C4.jpg","width":400,"height":400},{"@type":"BreadcrumbList","@id":"https:\/\/tay-sir.com\/produit\/redmi-13c-8-256\/#breadcrumb","itemListElement":[{"@type":"ListItem","position":1,"name":"Home","item":"https:\/\/tay-sir.com\/ar\/"},{"@type":"ListItem","position":2,"name":"Boutique","item":"https:\/\/tay-sir.com\/boutique\/"},{"@type":"ListItem","position":3,"name":"redmi 13C 8\/256"}]},{"@type":"WebSite","@id":"https:\/\/tay-sir.com\/ar\/#website","url":"https:\/\/tay-sir.com\/ar\/","name":"TAY-SIR.com","description":"plateforme e-commerce avec financement islamique digital en ligne","publisher":{"@id":"https:\/\/tay-sir.com\/ar\/#organization"},"potentialAction":[{"@type":"SearchAction","target":{"@type":"EntryPoint","urlTemplate":"https:\/\/tay-sir.com\/ar\/?s={search_term_string}"},"query-input":{"@type":"PropertyValueSpecification","valueRequired":true,"valueName":"search_term_string"}}],"inLanguage":"ar"},{"@type":"Organization","@id":"https:\/\/tay-sir.com\/ar\/#organization","name":"Taysir","url":"https:\/\/tay-sir.com\/ar\/","logo":{"@type":"ImageObject","inLanguage":"ar","@id":"https:\/\/tay-sir.com\/ar\/#\/schema\/logo\/image\/","url":"https:\/\/tay-sir.com\/wp-content\/uploads\/2024\/10\/profil.jpg","contentUrl":"https:\/\/tay-sir.com\/wp-content\/uploads\/2024\/10\/profil.jpg","width":1024,"height":1024,"caption":"Taysir"},"image":{"@id":"https:\/\/tay-sir.com\/ar\/#\/schema\/logo\/image\/"},"sameAs":["https:\/\/www.facebook.com\/profile.php?id=61566201523117","https:\/\/www.tiktok.com\/@taysir31000?fbclid=IwY2xjawFor1xleHRuA2FlbQIxMAABHQqa6Ko0Z_QFAZb-7Bltxo0G0y0YuIXxVxPenEAWDkGyOgZp7D3Bq1oJAA_aem_TiTB-X9kxzhzORQbwqQiYw","https:\/\/www.instagram.com\/taysirfacilite\/"]}]}},"_links":{"self":[{"href":"https:\/\/tay-sir.com\/ar\/wp-json\/wp\/v2\/product\/30003","targetHints":{"allow":["GET"]}}],"collection":[{"href":"https:\/\/tay-sir.com\/ar\/wp-json\/wp\/v2\/product"}],"about":[{"href":"https:\/\/tay-sir.com\/ar\/wp-json\/wp\/v2\/types\/product"}],"replies":[{"embeddable":true,"href":"https:\/\/tay-sir.com\/ar\/wp-json\/wp\/v2\/comments?post=30003"}],"version-history":[{"count":2,"href":"https:\/\/tay-sir.com\/ar\/wp-json\/wp\/v2\/product\/30003\/revisions"}],"predecessor-version":[{"id":33302,"href":"https:\/\/tay-sir.com\/ar\/wp-json\/wp\/v2\/product\/30003\/revisions\/33302"}],"wp:featuredmedia":[{"embeddable":true,"href":"https:\/\/tay-sir.com\/ar\/wp-json\/wp\/v2\/media\/30343"}],"wp:attachment":[{"href":"https:\/\/tay-sir.com\/ar\/wp-json\/wp\/v2\/media?parent=30003"}],"wp:term":[{"taxonomy":"product_brand","embeddable":true,"href":"https:\/\/tay-sir.com\/ar\/wp-json\/wp\/v2\/product_brand?post=30003"},{"taxonomy":"product_cat","embeddable":true,"href":"https:\/\/tay-sir.com\/ar\/wp-json\/wp\/v2\/product_cat?post=30003"},{"taxonomy":"product_tag","embeddable":true,"href":"https:\/\/tay-sir.com\/ar\/wp-json\/wp\/v2\/product_tag?post=30003"}],"curies":[{"name":"wp","href":"https:\/\/api.w.org\/{rel}","templated":true}]}}