{"id":30005,"date":"2024-09-08T16:19:15","date_gmt":"2024-09-08T15:19:15","guid":{"rendered":"https:\/\/tay-sir.com\/produit\/redmi-note-8-pro-6-128\/"},"modified":"2024-12-09T16:36:47","modified_gmt":"2024-12-09T15:36:47","slug":"redmi-note-8-pro-6-128","status":"publish","type":"product","link":"https:\/\/tay-sir.com\/ar\/product\/redmi-note-8-pro-6-128\/","title":{"rendered":"redmi NOTE 8 PRO 6\/128"},"content":{"rendered":"<p><strong>Marque<\/strong>: Xiaomi<br \/>\n<strong>T\u00e9l\u00e9phone Portable<\/strong>: Xiaomi Redmi Note 8 Pro 6\/128GB<\/p>\n<p><strong>R\u00e9f\u00e9rence<\/strong>:<\/p>\n<ul>\n<li><strong>Dimensions (L x H x P)<\/strong>: 161.35 x 76.4 x 8.79 mm<\/li>\n<li><strong>Poids<\/strong>: 199.8 g<\/li>\n<li><strong>Type carte SIM<\/strong>: Nano SIM<\/li>\n<li><strong>Double Puce (SIM)<\/strong>: Hybrid Dual SIM<\/li>\n<li><strong>Etanche<\/strong>: Non sp\u00e9cifi\u00e9<\/li>\n<\/ul>\n<p><strong>Type Ecran<\/strong>: IPS LCD, HDR<\/p>\n<ul>\n<li><strong>Taille Ecran<\/strong>: 6.53 pouces<\/li>\n<li><strong>R\u00e9solution Ecran<\/strong>: 2340 x 1080 px<\/li>\n<li><strong>Densit\u00e9<\/strong>: 395 ppi<\/li>\n<li><strong>Protection Ecran<\/strong>: Corning Gorilla Glass 5<\/li>\n<\/ul>\n<p><strong>Syst\u00e8me<\/strong>: Android 9.0 (Pie), MIUI 10<\/p>\n<ul>\n<li><strong>Chipset<\/strong>: MediaTek Helio G90T (12 nm)<\/li>\n<li><strong>Processeur (CPU)<\/strong>: Octa-core (2x Cortex-A76 + 6x Cortex-A55)<\/li>\n<li><strong>Puce Graphique (GPU)<\/strong>: Mali-G76 MC4<\/li>\n<\/ul>\n<p><strong>M\u00e9moire Vive (RAM)<\/strong>: 6 GO<\/p>\n<ul>\n<li><strong>Support cartes m\u00e9moire<\/strong>: microSDXC (jusqu&rsquo;\u00e0 256 Go)<\/li>\n<li><strong>M\u00e9moire stockage (Disque)<\/strong>: 128 GO<\/li>\n<\/ul>\n<p><strong>Appareil Photo Arri\u00e8re<\/strong>:<\/p>\n<ul>\n<li><strong>Capteurs<\/strong>: Quad camera<\/li>\n<li><strong>Sp\u00e9cifications<\/strong>:\n<ul>\n<li>64 MP, f\/1.9 (large)<\/li>\n<li>8 MP, f\/2.2 (ultra large)<\/li>\n<li>2 MP, f\/2.4 (macro)<\/li>\n<li>2 MP, f\/2.4 (profondeur)<\/li>\n<\/ul>\n<\/li>\n<li><strong>Flash<\/strong>: Dual-LED flash, HDR, panorama<\/li>\n<li><strong>Vid\u00e9o<\/strong>: 4K@30fps, 1080p@30\/60\/120fps, 720p@960fps<\/li>\n<\/ul>\n<p><strong>Appareil Photo Selfie<\/strong>:<\/p>\n<ul>\n<li><strong>Cam\u00e9ra<\/strong>: 20 MP<\/li>\n<li><strong>Vid\u00e9o<\/strong>: 1080p@30fps<\/li>\n<\/ul>\n<p><strong>Type r\u00e9seau<\/strong>: 4G LTE<\/p>\n<ul>\n<li><strong>WiFi<\/strong>: Wi-Fi 802.11 a\/b\/g\/n\/ac, dual-band<\/li>\n<li><strong>USB<\/strong>: USB Type-C 2.0<\/li>\n<li><strong>Bluetooth<\/strong>: 5.0<\/li>\n<li><strong>NFC<\/strong>: Oui (selon la r\u00e9gion)<\/li>\n<li><strong>Prise Jack 3.5mm<\/strong>: Oui<\/li>\n<li><strong>Radio FM<\/strong>: Oui<\/li>\n<\/ul>\n<p><strong>Batterie<\/strong>:<\/p>\n<ul>\n<li><strong>Capacit\u00e9<\/strong>: 4500 mAh non amovible<\/li>\n<li><strong>Charge<\/strong>: 18W<\/li>\n<\/ul>\n<p><strong>Capteurs<\/strong>:<\/p>\n<ul>\n<li><strong>Lecteur d&#8217;empreinte<\/strong>: Arri\u00e8re<\/li>\n<li><strong>Acc\u00e9l\u00e9rom\u00e8tre<\/strong>, <strong>Gyroscope<\/strong>, <strong>Proximit\u00e9<\/strong>, <strong>Boussole<\/strong><\/li>\n<\/ul>","protected":false},"excerpt":{"rendered":"<p>Marque: Xiaomi T\u00e9l\u00e9phone Portable: Xiaomi Redmi Note 8 Pro 6\/128GB R\u00e9f\u00e9rence: Dimensions (L x H x P): 161.35 x 76.4<\/p>","protected":false},"featured_media":30344,"comment_status":"open","ping_status":"closed","template":"","meta":[],"product_brand":[],"product_cat":[29],"product_tag":[],"class_list":{"0":"post-30005","1":"product","2":"type-product","3":"status-publish","4":"has-post-thumbnail","6":"product_cat-telephone","8":"first","9":"instock","10":"shipping-taxable","11":"purchasable","12":"product-type-variable"},"yoast_head":"<!-- This site is optimized with the Yoast SEO plugin v24.9 - https:\/\/yoast.com\/wordpress\/plugins\/seo\/ -->\n<title>redmi NOTE 8 PRO 6\/128 - Maslak<\/title>\n<meta name=\"robots\" content=\"index, follow, max-snippet:-1, max-image-preview:large, max-video-preview:-1\" \/>\n<link rel=\"canonical\" href=\"https:\/\/tay-sir.com\/ar\/product\/redmi-note-8-pro-6-128\/\" \/>\n<meta property=\"og:locale\" content=\"ar_AR\" \/>\n<meta property=\"og:type\" content=\"article\" \/>\n<meta property=\"og:title\" content=\"redmi NOTE 8 PRO 6\/128 - Maslak\" \/>\n<meta property=\"og:description\" content=\"Marque: Xiaomi T\u00e9l\u00e9phone Portable: Xiaomi Redmi Note 8 Pro 6\/128GB R\u00e9f\u00e9rence: Dimensions (L x H x P): 161.35 x 76.4\" \/>\n<meta property=\"og:url\" content=\"https:\/\/tay-sir.com\/ar\/product\/redmi-note-8-pro-6-128\/\" \/>\n<meta property=\"og:site_name\" content=\"Maslak\" \/>\n<meta property=\"article:publisher\" content=\"https:\/\/www.facebook.com\/profile.php?id=61566201523117\" \/>\n<meta property=\"article:modified_time\" content=\"2024-12-09T15:36:47+00:00\" \/>\n<meta property=\"og:image\" content=\"https:\/\/tay-sir.com\/wp-content\/uploads\/2024\/09\/redmi-NOTE-8-PRO.jpg\" \/>\n\t<meta property=\"og:image:width\" content=\"400\" \/>\n\t<meta property=\"og:image:height\" content=\"400\" \/>\n\t<meta property=\"og:image:type\" content=\"image\/jpeg\" \/>\n<meta name=\"twitter:card\" content=\"summary_large_image\" \/>\n<meta name=\"twitter:label1\" content=\"\u0648\u0642\u062a \u0627\u0644\u0642\u0631\u0627\u0621\u0629 \u0627\u0644\u0645\u064f\u0642\u062f\u0651\u0631\" \/>\n\t<meta name=\"twitter:data1\" content=\"\u062f\u0642\u064a\u0642\u062a\u0627\u0646\" \/>\n<script type=\"application\/ld+json\" class=\"yoast-schema-graph\">{\"@context\":\"https:\/\/schema.org\",\"@graph\":[{\"@type\":\"WebPage\",\"@id\":\"https:\/\/tay-sir.com\/produit\/redmi-note-8-pro-6-128\/\",\"url\":\"https:\/\/tay-sir.com\/produit\/redmi-note-8-pro-6-128\/\",\"name\":\"redmi NOTE 8 PRO 6\/128 - Maslak\",\"isPartOf\":{\"@id\":\"https:\/\/tay-sir.com\/ar\/#website\"},\"primaryImageOfPage\":{\"@id\":\"https:\/\/tay-sir.com\/produit\/redmi-note-8-pro-6-128\/#primaryimage\"},\"image\":{\"@id\":\"https:\/\/tay-sir.com\/produit\/redmi-note-8-pro-6-128\/#primaryimage\"},\"thumbnailUrl\":\"https:\/\/tay-sir.com\/wp-content\/uploads\/2024\/09\/redmi-NOTE-8-PRO.jpg\",\"datePublished\":\"2024-09-08T15:19:15+00:00\",\"dateModified\":\"2024-12-09T15:36:47+00:00\",\"breadcrumb\":{\"@id\":\"https:\/\/tay-sir.com\/produit\/redmi-note-8-pro-6-128\/#breadcrumb\"},\"inLanguage\":\"ar\",\"potentialAction\":[{\"@type\":\"ReadAction\",\"target\":[\"https:\/\/tay-sir.com\/produit\/redmi-note-8-pro-6-128\/\"]}]},{\"@type\":\"ImageObject\",\"inLanguage\":\"ar\",\"@id\":\"https:\/\/tay-sir.com\/produit\/redmi-note-8-pro-6-128\/#primaryimage\",\"url\":\"https:\/\/tay-sir.com\/wp-content\/uploads\/2024\/09\/redmi-NOTE-8-PRO.jpg\",\"contentUrl\":\"https:\/\/tay-sir.com\/wp-content\/uploads\/2024\/09\/redmi-NOTE-8-PRO.jpg\",\"width\":400,\"height\":400},{\"@type\":\"BreadcrumbList\",\"@id\":\"https:\/\/tay-sir.com\/produit\/redmi-note-8-pro-6-128\/#breadcrumb\",\"itemListElement\":[{\"@type\":\"ListItem\",\"position\":1,\"name\":\"Home\",\"item\":\"https:\/\/tay-sir.com\/ar\/\"},{\"@type\":\"ListItem\",\"position\":2,\"name\":\"Boutique\",\"item\":\"https:\/\/tay-sir.com\/boutique\/\"},{\"@type\":\"ListItem\",\"position\":3,\"name\":\"redmi NOTE 8 PRO 6\/128\"}]},{\"@type\":\"WebSite\",\"@id\":\"https:\/\/tay-sir.com\/ar\/#website\",\"url\":\"https:\/\/tay-sir.com\/ar\/\",\"name\":\"TAY-SIR.com\",\"description\":\"plateforme e-commerce avec financement islamique digital en ligne\",\"publisher\":{\"@id\":\"https:\/\/tay-sir.com\/ar\/#organization\"},\"potentialAction\":[{\"@type\":\"SearchAction\",\"target\":{\"@type\":\"EntryPoint\",\"urlTemplate\":\"https:\/\/tay-sir.com\/ar\/?s={search_term_string}\"},\"query-input\":{\"@type\":\"PropertyValueSpecification\",\"valueRequired\":true,\"valueName\":\"search_term_string\"}}],\"inLanguage\":\"ar\"},{\"@type\":\"Organization\",\"@id\":\"https:\/\/tay-sir.com\/ar\/#organization\",\"name\":\"Taysir\",\"url\":\"https:\/\/tay-sir.com\/ar\/\",\"logo\":{\"@type\":\"ImageObject\",\"inLanguage\":\"ar\",\"@id\":\"https:\/\/tay-sir.com\/ar\/#\/schema\/logo\/image\/\",\"url\":\"https:\/\/tay-sir.com\/wp-content\/uploads\/2024\/10\/profil.jpg\",\"contentUrl\":\"https:\/\/tay-sir.com\/wp-content\/uploads\/2024\/10\/profil.jpg\",\"width\":1024,\"height\":1024,\"caption\":\"Taysir\"},\"image\":{\"@id\":\"https:\/\/tay-sir.com\/ar\/#\/schema\/logo\/image\/\"},\"sameAs\":[\"https:\/\/www.facebook.com\/profile.php?id=61566201523117\",\"https:\/\/www.tiktok.com\/@taysir31000?fbclid=IwY2xjawFor1xleHRuA2FlbQIxMAABHQqa6Ko0Z_QFAZb-7Bltxo0G0y0YuIXxVxPenEAWDkGyOgZp7D3Bq1oJAA_aem_TiTB-X9kxzhzORQbwqQiYw\",\"https:\/\/www.instagram.com\/taysirfacilite\/\"]}]}<\/script>\n<!-- \/ Yoast SEO plugin. -->","yoast_head_json":{"title":"redmi NOTE 8 PRO 6\/128 - Maslak","robots":{"index":"index","follow":"follow","max-snippet":"max-snippet:-1","max-image-preview":"max-image-preview:large","max-video-preview":"max-video-preview:-1"},"canonical":"https:\/\/tay-sir.com\/ar\/product\/redmi-note-8-pro-6-128\/","og_locale":"ar_AR","og_type":"article","og_title":"redmi NOTE 8 PRO 6\/128 - Maslak","og_description":"Marque: Xiaomi T\u00e9l\u00e9phone Portable: Xiaomi Redmi Note 8 Pro 6\/128GB R\u00e9f\u00e9rence: Dimensions (L x H x P): 161.35 x 76.4","og_url":"https:\/\/tay-sir.com\/ar\/product\/redmi-note-8-pro-6-128\/","og_site_name":"Maslak","article_publisher":"https:\/\/www.facebook.com\/profile.php?id=61566201523117","article_modified_time":"2024-12-09T15:36:47+00:00","og_image":[{"width":400,"height":400,"url":"https:\/\/tay-sir.com\/wp-content\/uploads\/2024\/09\/redmi-NOTE-8-PRO.jpg","type":"image\/jpeg"}],"twitter_card":"summary_large_image","twitter_misc":{"\u0648\u0642\u062a \u0627\u0644\u0642\u0631\u0627\u0621\u0629 \u0627\u0644\u0645\u064f\u0642\u062f\u0651\u0631":"\u062f\u0642\u064a\u0642\u062a\u0627\u0646"},"schema":{"@context":"https:\/\/schema.org","@graph":[{"@type":"WebPage","@id":"https:\/\/tay-sir.com\/produit\/redmi-note-8-pro-6-128\/","url":"https:\/\/tay-sir.com\/produit\/redmi-note-8-pro-6-128\/","name":"redmi NOTE 8 PRO 6\/128 - Maslak","isPartOf":{"@id":"https:\/\/tay-sir.com\/ar\/#website"},"primaryImageOfPage":{"@id":"https:\/\/tay-sir.com\/produit\/redmi-note-8-pro-6-128\/#primaryimage"},"image":{"@id":"https:\/\/tay-sir.com\/produit\/redmi-note-8-pro-6-128\/#primaryimage"},"thumbnailUrl":"https:\/\/tay-sir.com\/wp-content\/uploads\/2024\/09\/redmi-NOTE-8-PRO.jpg","datePublished":"2024-09-08T15:19:15+00:00","dateModified":"2024-12-09T15:36:47+00:00","breadcrumb":{"@id":"https:\/\/tay-sir.com\/produit\/redmi-note-8-pro-6-128\/#breadcrumb"},"inLanguage":"ar","potentialAction":[{"@type":"ReadAction","target":["https:\/\/tay-sir.com\/produit\/redmi-note-8-pro-6-128\/"]}]},{"@type":"ImageObject","inLanguage":"ar","@id":"https:\/\/tay-sir.com\/produit\/redmi-note-8-pro-6-128\/#primaryimage","url":"https:\/\/tay-sir.com\/wp-content\/uploads\/2024\/09\/redmi-NOTE-8-PRO.jpg","contentUrl":"https:\/\/tay-sir.com\/wp-content\/uploads\/2024\/09\/redmi-NOTE-8-PRO.jpg","width":400,"height":400},{"@type":"BreadcrumbList","@id":"https:\/\/tay-sir.com\/produit\/redmi-note-8-pro-6-128\/#breadcrumb","itemListElement":[{"@type":"ListItem","position":1,"name":"Home","item":"https:\/\/tay-sir.com\/ar\/"},{"@type":"ListItem","position":2,"name":"Boutique","item":"https:\/\/tay-sir.com\/boutique\/"},{"@type":"ListItem","position":3,"name":"redmi NOTE 8 PRO 6\/128"}]},{"@type":"WebSite","@id":"https:\/\/tay-sir.com\/ar\/#website","url":"https:\/\/tay-sir.com\/ar\/","name":"TAY-SIR.com","description":"plateforme e-commerce avec financement islamique digital en ligne","publisher":{"@id":"https:\/\/tay-sir.com\/ar\/#organization"},"potentialAction":[{"@type":"SearchAction","target":{"@type":"EntryPoint","urlTemplate":"https:\/\/tay-sir.com\/ar\/?s={search_term_string}"},"query-input":{"@type":"PropertyValueSpecification","valueRequired":true,"valueName":"search_term_string"}}],"inLanguage":"ar"},{"@type":"Organization","@id":"https:\/\/tay-sir.com\/ar\/#organization","name":"Taysir","url":"https:\/\/tay-sir.com\/ar\/","logo":{"@type":"ImageObject","inLanguage":"ar","@id":"https:\/\/tay-sir.com\/ar\/#\/schema\/logo\/image\/","url":"https:\/\/tay-sir.com\/wp-content\/uploads\/2024\/10\/profil.jpg","contentUrl":"https:\/\/tay-sir.com\/wp-content\/uploads\/2024\/10\/profil.jpg","width":1024,"height":1024,"caption":"Taysir"},"image":{"@id":"https:\/\/tay-sir.com\/ar\/#\/schema\/logo\/image\/"},"sameAs":["https:\/\/www.facebook.com\/profile.php?id=61566201523117","https:\/\/www.tiktok.com\/@taysir31000?fbclid=IwY2xjawFor1xleHRuA2FlbQIxMAABHQqa6Ko0Z_QFAZb-7Bltxo0G0y0YuIXxVxPenEAWDkGyOgZp7D3Bq1oJAA_aem_TiTB-X9kxzhzORQbwqQiYw","https:\/\/www.instagram.com\/taysirfacilite\/"]}]}},"_links":{"self":[{"href":"https:\/\/tay-sir.com\/ar\/wp-json\/wp\/v2\/product\/30005","targetHints":{"allow":["GET"]}}],"collection":[{"href":"https:\/\/tay-sir.com\/ar\/wp-json\/wp\/v2\/product"}],"about":[{"href":"https:\/\/tay-sir.com\/ar\/wp-json\/wp\/v2\/types\/product"}],"replies":[{"embeddable":true,"href":"https:\/\/tay-sir.com\/ar\/wp-json\/wp\/v2\/comments?post=30005"}],"version-history":[{"count":2,"href":"https:\/\/tay-sir.com\/ar\/wp-json\/wp\/v2\/product\/30005\/revisions"}],"predecessor-version":[{"id":33305,"href":"https:\/\/tay-sir.com\/ar\/wp-json\/wp\/v2\/product\/30005\/revisions\/33305"}],"wp:featuredmedia":[{"embeddable":true,"href":"https:\/\/tay-sir.com\/ar\/wp-json\/wp\/v2\/media\/30344"}],"wp:attachment":[{"href":"https:\/\/tay-sir.com\/ar\/wp-json\/wp\/v2\/media?parent=30005"}],"wp:term":[{"taxonomy":"product_brand","embeddable":true,"href":"https:\/\/tay-sir.com\/ar\/wp-json\/wp\/v2\/product_brand?post=30005"},{"taxonomy":"product_cat","embeddable":true,"href":"https:\/\/tay-sir.com\/ar\/wp-json\/wp\/v2\/product_cat?post=30005"},{"taxonomy":"product_tag","embeddable":true,"href":"https:\/\/tay-sir.com\/ar\/wp-json\/wp\/v2\/product_tag?post=30005"}],"curies":[{"name":"wp","href":"https:\/\/api.w.org\/{rel}","templated":true}]}}